{"id":8564,"date":"2026-02-13T08:40:22","date_gmt":"2026-02-13T07:40:22","guid":{"rendered":"https:\/\/www.presasg8.es\/producto\/familia-de-volumes-triangulares\/"},"modified":"2026-02-13T08:40:22","modified_gmt":"2026-02-13T07:40:22","slug":"familia-de-volumes-triangulares","status":"publish","type":"product","link":"https:\/\/www.presasg8.es\/pt-pt\/producto\/familia-de-volumes-triangulares\/","title":{"rendered":"Fam\u00edlia de volumes triangulares"},"content":{"rendered":"<h3 data-start=\"76\" data-end=\"143\">Conjunto de 4 volumes trepantes texturados &#8211; Desenho geom\u00e9trico<\/h3>\n<p data-start=\"145\" data-end=\"453\">Eleva o n\u00edvel das tuas vias com este <strong data-start=\"182\" data-end=\"216\">conjunto de 4 volumes de escalada<\/strong> concebidos para trazer criatividade, t\u00e9cnica e for\u00e7a a qualquer parede. A sua est\u00e9tica geom\u00e9trica e o seu acabamento <strong data-start=\"329\" data-end=\"394\">preto texturado com um agregado de m\u00e1xima resist\u00eancia ao desgaste<\/strong> garantem um desempenho \u00f3timo mesmo em caso de utiliza\u00e7\u00e3o intensiva. <\/p>\n<p data-start=\"455\" data-end=\"696\">Fabricadas em <strong data-start=\"469\" data-end=\"495\">cart\u00e3o Okume de 15 mm<\/strong>, oferecem uma combina\u00e7\u00e3o perfeita de leveza, durabilidade e resist\u00eancia estrutural. S\u00e3o ideais para <strong data-start=\"595\" data-end=\"649\">paredes de escalada, centros de treino e outfitters<\/strong> que procuram versatilidade e qualidade profissional. <\/p>\n<p data-start=\"698\" data-end=\"941\">Cada volume incorpora <strong data-start=\"721\" data-end=\"748\">porcas M10 embutidas<\/strong>, permitindo-te adicionar agarras extra e criar infinitas configura\u00e7\u00f5es de rochas e rotas. O seu design favorece os movimentos t\u00e9cnicos e din\u00e2micos, adaptando-se a todos os n\u00edveis de escalada. <\/p>\n<hr data-start=\"943\" data-end=\"946\">\n<h3 data-start=\"948\" data-end=\"976\">Carater\u00edsticas t\u00e9cnicas<\/h3>\n<ul data-start=\"978\" data-end=\"1236\">\n<li data-start=\"978\" data-end=\"1038\">\n<p data-start=\"980\" data-end=\"1038\">Acabamento texturizado antiderrapante para trabalhos pesados<\/p>\n<\/li>\n<li data-start=\"1039\" data-end=\"1082\">\n<p data-start=\"1041\" data-end=\"1082\">Design geom\u00e9trico moderno e funcional<\/p>\n<\/li>\n<li data-start=\"1083\" data-end=\"1125\">\n<p data-start=\"1085\" data-end=\"1125\">Fabricado em cart\u00e3o Okume de 15 mm<\/p>\n<\/li>\n<li data-start=\"1126\" data-end=\"1180\">\n<p data-start=\"1128\" data-end=\"1180\">Porcas M10 incorporadas para m\u00e1xima versatilidade<\/p>\n<\/li>\n<li data-start=\"1181\" data-end=\"1236\">\n<p data-start=\"1183\" data-end=\"1236\">Ideal para paredes de escalada e treino intensivo<\/p>\n<\/li>\n<\/ul>\n<hr data-start=\"1238\" data-end=\"1241\">\n<h3 data-start=\"1243\" data-end=\"1279\">Dimens\u00f5es e pontos de fixa\u00e7\u00e3o<\/h3>\n<ul data-start=\"1281\" data-end=\"1513\">\n<li data-start=\"1281\" data-end=\"1338\">\n<p data-start=\"1283\" data-end=\"1338\"><strong data-start=\"1283\" data-end=\"1297\">Volume 1:<\/strong> 40 x 25 x 18 cm (2 porcas de encaixe)<\/p>\n<\/li>\n<li data-start=\"1339\" data-end=\"1396\">\n<p data-start=\"1341\" data-end=\"1396\"><strong data-start=\"1341\" data-end=\"1355\">Volume 2:<\/strong> 60 x 25 x 18 cm (2 porcas de encaixe)<\/p>\n<\/li>\n<li data-start=\"1397\" data-end=\"1454\">\n<p data-start=\"1399\" data-end=\"1454\"><strong data-start=\"1399\" data-end=\"1413\">Volume 3:<\/strong> 80 x 25 x 18 cm (4 porcas de encaixe)<\/p>\n<\/li>\n<li data-start=\"1455\" data-end=\"1513\">\n<p data-start=\"1457\" data-end=\"1513\"><strong data-start=\"1457\" data-end=\"1471\">Volume 4:<\/strong> 110 x 25 x 18 cm (6 porcas de encaixe)<\/p>\n<\/li>\n<\/ul>\n<hr data-start=\"1515\" data-end=\"1518\">\n<p data-start=\"1520\" data-end=\"1730\">Um conjunto concebido para os utilizadores exigentes que procuram for\u00e7a, funcionalidade e design em cada detalhe. Perfeito para dar volume, continuidade e novas linhas de movimento a qualquer parede de escalada. <\/p>\n<p>&nbsp;<\/p>\n","protected":false},"excerpt":{"rendered":"<p>Conjunto de 4 volumes trepantes texturados &#8211; Desenho geom\u00e9trico Eleva  [&#8230;]<\/p>\n","protected":false},"featured_media":8490,"comment_status":"closed","ping_status":"closed","template":"","meta":{"_joinchat":[]},"product_brand":[],"product_cat":[292],"product_tag":[],"class_list":{"0":"post-8564","1":"product","2":"type-product","3":"status-publish","4":"has-post-thumbnail","6":"product_cat-volumes-de-madeira","8":"first","9":"instock","10":"sale","11":"featured","12":"taxable","13":"shipping-taxable","14":"purchasable","15":"product-type-simple"},"yoast_head":"<!-- This site is optimized with the Yoast SEO plugin v27.5 - https:\/\/yoast.com\/product\/yoast-seo-wordpress\/ -->\n<title>Fam\u00edlia de volumes triangulares - Presas G8 - Presas de escalada para roc\u00f3dromo<\/title>\n<meta name=\"robots\" content=\"index, follow, max-snippet:-1, max-image-preview:large, max-video-preview:-1\" \/>\n<link rel=\"canonical\" href=\"https:\/\/www.presasg8.es\/pt-pt\/producto\/familia-de-volumes-triangulares\/\" \/>\n<meta property=\"og:locale\" content=\"pt_PT\" \/>\n<meta property=\"og:type\" content=\"article\" \/>\n<meta property=\"og:title\" content=\"Fam\u00edlia de volumes triangulares - Presas G8 - Presas de escalada para roc\u00f3dromo\" \/>\n<meta property=\"og:description\" content=\"Conjunto de 4 volumes trepantes texturados &#8211; Desenho geom\u00e9trico Eleva [...]\" \/>\n<meta property=\"og:url\" content=\"https:\/\/www.presasg8.es\/pt-pt\/producto\/familia-de-volumes-triangulares\/\" \/>\n<meta property=\"og:site_name\" content=\"Presas G8 - Presas de escalada para roc\u00f3dromo\" \/>\n<meta property=\"article:publisher\" content=\"https:\/\/www.facebook.com\/presasescaladag8\/\" \/>\n<meta property=\"og:image\" content=\"https:\/\/www.presasg8.es\/wp-content\/uploads\/2026\/02\/familia-triangulares-volumen-5-2.jpg\" \/>\n\t<meta property=\"og:image:width\" content=\"2560\" \/>\n\t<meta property=\"og:image:height\" content=\"2560\" \/>\n\t<meta property=\"og:image:type\" content=\"image\/jpeg\" \/>\n<meta name=\"twitter:card\" content=\"summary_large_image\" \/>\n<meta name=\"twitter:label1\" content=\"Tempo estimado de leitura\" \/>\n\t<meta name=\"twitter:data1\" content=\"1 minuto\" \/>\n<script type=\"application\/ld+json\" class=\"yoast-schema-graph\">{\"@context\":\"https:\\\/\\\/schema.org\",\"@graph\":[{\"@type\":\"WebPage\",\"@id\":\"https:\\\/\\\/www.presasg8.es\\\/pt-pt\\\/producto\\\/familia-de-volumes-triangulares\\\/\",\"url\":\"https:\\\/\\\/www.presasg8.es\\\/pt-pt\\\/producto\\\/familia-de-volumes-triangulares\\\/\",\"name\":\"Fam\u00edlia de volumes triangulares - Presas G8 - Presas de escalada para roc\u00f3dromo\",\"isPartOf\":{\"@id\":\"https:\\\/\\\/www.presasg8.es\\\/pt-pt\\\/#website\"},\"primaryImageOfPage\":{\"@id\":\"https:\\\/\\\/www.presasg8.es\\\/pt-pt\\\/producto\\\/familia-de-volumes-triangulares\\\/#primaryimage\"},\"image\":{\"@id\":\"https:\\\/\\\/www.presasg8.es\\\/pt-pt\\\/producto\\\/familia-de-volumes-triangulares\\\/#primaryimage\"},\"thumbnailUrl\":\"https:\\\/\\\/www.presasg8.es\\\/wp-content\\\/uploads\\\/2026\\\/02\\\/familia-triangulares-volumen-5-2.jpg\",\"datePublished\":\"2026-02-13T07:40:22+00:00\",\"breadcrumb\":{\"@id\":\"https:\\\/\\\/www.presasg8.es\\\/pt-pt\\\/producto\\\/familia-de-volumes-triangulares\\\/#breadcrumb\"},\"inLanguage\":\"pt-PT\",\"potentialAction\":[{\"@type\":\"ReadAction\",\"target\":[\"https:\\\/\\\/www.presasg8.es\\\/pt-pt\\\/producto\\\/familia-de-volumes-triangulares\\\/\"]}]},{\"@type\":\"ImageObject\",\"inLanguage\":\"pt-PT\",\"@id\":\"https:\\\/\\\/www.presasg8.es\\\/pt-pt\\\/producto\\\/familia-de-volumes-triangulares\\\/#primaryimage\",\"url\":\"https:\\\/\\\/www.presasg8.es\\\/wp-content\\\/uploads\\\/2026\\\/02\\\/familia-triangulares-volumen-5-2.jpg\",\"contentUrl\":\"https:\\\/\\\/www.presasg8.es\\\/wp-content\\\/uploads\\\/2026\\\/02\\\/familia-triangulares-volumen-5-2.jpg\",\"width\":2560,\"height\":2560,\"caption\":\"fam\u00edlia volumes triangulares de madeira para trepar\"},{\"@type\":\"BreadcrumbList\",\"@id\":\"https:\\\/\\\/www.presasg8.es\\\/pt-pt\\\/producto\\\/familia-de-volumes-triangulares\\\/#breadcrumb\",\"itemListElement\":[{\"@type\":\"ListItem\",\"position\":1,\"name\":\"Portada\",\"item\":\"https:\\\/\\\/www.presasg8.es\\\/pt-pt\\\/\"},{\"@type\":\"ListItem\",\"position\":2,\"name\":\"Loja de suportes de escalada\",\"item\":\"https:\\\/\\\/www.presasg8.es\\\/pt-pt\\\/tienda-2\\\/\"},{\"@type\":\"ListItem\",\"position\":3,\"name\":\"Fam\u00edlia de volumes triangulares\"}]},{\"@type\":\"WebSite\",\"@id\":\"https:\\\/\\\/www.presasg8.es\\\/pt-pt\\\/#website\",\"url\":\"https:\\\/\\\/www.presasg8.es\\\/pt-pt\\\/\",\"name\":\"Presas de escalada G8\",\"description\":\"Tienda online de Presas de escalada para roc\u00f3dromo\",\"publisher\":{\"@id\":\"https:\\\/\\\/www.presasg8.es\\\/pt-pt\\\/#organization\"},\"alternateName\":\"Presas de escalada para roc\u00f3dromo\",\"potentialAction\":[{\"@type\":\"SearchAction\",\"target\":{\"@type\":\"EntryPoint\",\"urlTemplate\":\"https:\\\/\\\/www.presasg8.es\\\/pt-pt\\\/?s={search_term_string}\"},\"query-input\":{\"@type\":\"PropertyValueSpecification\",\"valueRequired\":true,\"valueName\":\"search_term_string\"}}],\"inLanguage\":\"pt-PT\"},{\"@type\":\"Organization\",\"@id\":\"https:\\\/\\\/www.presasg8.es\\\/pt-pt\\\/#organization\",\"name\":\"Presas de escalada G8\",\"alternateName\":\"Presas de escalada para roc\u00f3dromo G8\",\"url\":\"https:\\\/\\\/www.presasg8.es\\\/pt-pt\\\/\",\"logo\":{\"@type\":\"ImageObject\",\"inLanguage\":\"pt-PT\",\"@id\":\"https:\\\/\\\/www.presasg8.es\\\/pt-pt\\\/#\\\/schema\\\/logo\\\/image\\\/\",\"url\":\"https:\\\/\\\/www.presasg8.es\\\/wp-content\\\/uploads\\\/2023\\\/09\\\/logo-presas-g8.jpeg\",\"contentUrl\":\"https:\\\/\\\/www.presasg8.es\\\/wp-content\\\/uploads\\\/2023\\\/09\\\/logo-presas-g8.jpeg\",\"width\":400,\"height\":486,\"caption\":\"Presas de escalada G8\"},\"image\":{\"@id\":\"https:\\\/\\\/www.presasg8.es\\\/pt-pt\\\/#\\\/schema\\\/logo\\\/image\\\/\"},\"sameAs\":[\"https:\\\/\\\/www.facebook.com\\\/presasescaladag8\\\/\",\"https:\\\/\\\/www.instagram.com\\\/presasg8\\\/\"]}]}<\/script>\n<!-- \/ Yoast SEO plugin. -->","yoast_head_json":{"title":"Fam\u00edlia de volumes triangulares - Presas G8 - Presas de escalada para roc\u00f3dromo","robots":{"index":"index","follow":"follow","max-snippet":"max-snippet:-1","max-image-preview":"max-image-preview:large","max-video-preview":"max-video-preview:-1"},"canonical":"https:\/\/www.presasg8.es\/pt-pt\/producto\/familia-de-volumes-triangulares\/","og_locale":"pt_PT","og_type":"article","og_title":"Fam\u00edlia de volumes triangulares - Presas G8 - Presas de escalada para roc\u00f3dromo","og_description":"Conjunto de 4 volumes trepantes texturados &#8211; Desenho geom\u00e9trico Eleva [...]","og_url":"https:\/\/www.presasg8.es\/pt-pt\/producto\/familia-de-volumes-triangulares\/","og_site_name":"Presas G8 - Presas de escalada para roc\u00f3dromo","article_publisher":"https:\/\/www.facebook.com\/presasescaladag8\/","og_image":[{"width":2560,"height":2560,"url":"https:\/\/www.presasg8.es\/wp-content\/uploads\/2026\/02\/familia-triangulares-volumen-5-2.jpg","type":"image\/jpeg"}],"twitter_card":"summary_large_image","twitter_misc":{"Tempo estimado de leitura":"1 minuto"},"schema":{"@context":"https:\/\/schema.org","@graph":[{"@type":"WebPage","@id":"https:\/\/www.presasg8.es\/pt-pt\/producto\/familia-de-volumes-triangulares\/","url":"https:\/\/www.presasg8.es\/pt-pt\/producto\/familia-de-volumes-triangulares\/","name":"Fam\u00edlia de volumes triangulares - Presas G8 - Presas de escalada para roc\u00f3dromo","isPartOf":{"@id":"https:\/\/www.presasg8.es\/pt-pt\/#website"},"primaryImageOfPage":{"@id":"https:\/\/www.presasg8.es\/pt-pt\/producto\/familia-de-volumes-triangulares\/#primaryimage"},"image":{"@id":"https:\/\/www.presasg8.es\/pt-pt\/producto\/familia-de-volumes-triangulares\/#primaryimage"},"thumbnailUrl":"https:\/\/www.presasg8.es\/wp-content\/uploads\/2026\/02\/familia-triangulares-volumen-5-2.jpg","datePublished":"2026-02-13T07:40:22+00:00","breadcrumb":{"@id":"https:\/\/www.presasg8.es\/pt-pt\/producto\/familia-de-volumes-triangulares\/#breadcrumb"},"inLanguage":"pt-PT","potentialAction":[{"@type":"ReadAction","target":["https:\/\/www.presasg8.es\/pt-pt\/producto\/familia-de-volumes-triangulares\/"]}]},{"@type":"ImageObject","inLanguage":"pt-PT","@id":"https:\/\/www.presasg8.es\/pt-pt\/producto\/familia-de-volumes-triangulares\/#primaryimage","url":"https:\/\/www.presasg8.es\/wp-content\/uploads\/2026\/02\/familia-triangulares-volumen-5-2.jpg","contentUrl":"https:\/\/www.presasg8.es\/wp-content\/uploads\/2026\/02\/familia-triangulares-volumen-5-2.jpg","width":2560,"height":2560,"caption":"fam\u00edlia volumes triangulares de madeira para trepar"},{"@type":"BreadcrumbList","@id":"https:\/\/www.presasg8.es\/pt-pt\/producto\/familia-de-volumes-triangulares\/#breadcrumb","itemListElement":[{"@type":"ListItem","position":1,"name":"Portada","item":"https:\/\/www.presasg8.es\/pt-pt\/"},{"@type":"ListItem","position":2,"name":"Loja de suportes de escalada","item":"https:\/\/www.presasg8.es\/pt-pt\/tienda-2\/"},{"@type":"ListItem","position":3,"name":"Fam\u00edlia de volumes triangulares"}]},{"@type":"WebSite","@id":"https:\/\/www.presasg8.es\/pt-pt\/#website","url":"https:\/\/www.presasg8.es\/pt-pt\/","name":"Presas de escalada G8","description":"Tienda online de Presas de escalada para roc\u00f3dromo","publisher":{"@id":"https:\/\/www.presasg8.es\/pt-pt\/#organization"},"alternateName":"Presas de escalada para roc\u00f3dromo","potentialAction":[{"@type":"SearchAction","target":{"@type":"EntryPoint","urlTemplate":"https:\/\/www.presasg8.es\/pt-pt\/?s={search_term_string}"},"query-input":{"@type":"PropertyValueSpecification","valueRequired":true,"valueName":"search_term_string"}}],"inLanguage":"pt-PT"},{"@type":"Organization","@id":"https:\/\/www.presasg8.es\/pt-pt\/#organization","name":"Presas de escalada G8","alternateName":"Presas de escalada para roc\u00f3dromo G8","url":"https:\/\/www.presasg8.es\/pt-pt\/","logo":{"@type":"ImageObject","inLanguage":"pt-PT","@id":"https:\/\/www.presasg8.es\/pt-pt\/#\/schema\/logo\/image\/","url":"https:\/\/www.presasg8.es\/wp-content\/uploads\/2023\/09\/logo-presas-g8.jpeg","contentUrl":"https:\/\/www.presasg8.es\/wp-content\/uploads\/2023\/09\/logo-presas-g8.jpeg","width":400,"height":486,"caption":"Presas de escalada G8"},"image":{"@id":"https:\/\/www.presasg8.es\/pt-pt\/#\/schema\/logo\/image\/"},"sameAs":["https:\/\/www.facebook.com\/presasescaladag8\/","https:\/\/www.instagram.com\/presasg8\/"]}]}},"_links":{"self":[{"href":"https:\/\/www.presasg8.es\/pt-pt\/wp-json\/wp\/v2\/product\/8564","targetHints":{"allow":["GET"]}}],"collection":[{"href":"https:\/\/www.presasg8.es\/pt-pt\/wp-json\/wp\/v2\/product"}],"about":[{"href":"https:\/\/www.presasg8.es\/pt-pt\/wp-json\/wp\/v2\/types\/product"}],"replies":[{"embeddable":true,"href":"https:\/\/www.presasg8.es\/pt-pt\/wp-json\/wp\/v2\/comments?post=8564"}],"wp:featuredmedia":[{"embeddable":true,"href":"https:\/\/www.presasg8.es\/pt-pt\/wp-json\/wp\/v2\/media\/8490"}],"wp:attachment":[{"href":"https:\/\/www.presasg8.es\/pt-pt\/wp-json\/wp\/v2\/media?parent=8564"}],"wp:term":[{"taxonomy":"product_brand","embeddable":true,"href":"https:\/\/www.presasg8.es\/pt-pt\/wp-json\/wp\/v2\/product_brand?post=8564"},{"taxonomy":"product_cat","embeddable":true,"href":"https:\/\/www.presasg8.es\/pt-pt\/wp-json\/wp\/v2\/product_cat?post=8564"},{"taxonomy":"product_tag","embeddable":true,"href":"https:\/\/www.presasg8.es\/pt-pt\/wp-json\/wp\/v2\/product_tag?post=8564"}],"curies":[{"name":"wp","href":"https:\/\/api.w.org\/{rel}","templated":true}]}}