{"id":8554,"date":"2026-02-24T06:58:06","date_gmt":"2026-02-24T05:58:06","guid":{"rendered":"https:\/\/www.presasg8.es\/producto\/volume-de-trepar-em-madeira-t3-80cm\/"},"modified":"2026-02-24T06:58:06","modified_gmt":"2026-02-24T05:58:06","slug":"volume-de-trepar-em-madeira-t3-80cm","status":"publish","type":"product","link":"https:\/\/www.presasg8.es\/pt-pt\/producto\/volume-de-trepar-em-madeira-t3-80cm\/","title":{"rendered":"Volume de trepar em madeira T3 80cm"},"content":{"rendered":"<p data-start=\"132\" data-end=\"340\">Volume de escalada triangular em madeira de okume de 15 mm de alta qualidade, ideal para criar movimentos t\u00e9cnicos, sali\u00eancias e transi\u00e7\u00f5es din\u00e2micas em paredes de escalada e paredes de treino.<\/p>\n<p data-start=\"342\" data-end=\"582\">Est\u00e1 equipado com <strong data-start=\"353\" data-end=\"391\">4 porcas de inser\u00e7\u00e3o m\u00e9trica 10<\/strong>, perfeitamente integradas para permitir a coloca\u00e7\u00e3o segura e vers\u00e1til de agarras de escalada. A sua estrutura s\u00f3lida garante resist\u00eancia, estabilidade e durabilidade mesmo em caso de utiliza\u00e7\u00e3o intensiva. <\/p>\n<p data-start=\"584\" data-end=\"755\">A superf\u00edcie incorpora uma <strong data-start=\"608\" data-end=\"636\">textura rugosa com agregado<\/strong>, proporcionando uma excelente ader\u00eancia e fric\u00e7\u00e3o, melhorando a seguran\u00e7a e o desempenho do trepador em cada movimento.<\/p>\n<h3 data-start=\"757\" data-end=\"786\">Carater\u00edsticas t\u00e9cnicas:<\/h3>\n<ul data-start=\"787\" data-end=\"996\">\n<li data-start=\"787\" data-end=\"822\">\n<p data-start=\"789\" data-end=\"822\">\ud83d\udcd0 Dimens\u00f5es: 80 x 25 x 18 cm<\/p>\n<\/li>\n<li data-start=\"823\" data-end=\"854\">\n<p data-start=\"825\" data-end=\"854\">Madeira de okume de 15 mm<\/p>\n<\/li>\n<li data-start=\"855\" data-end=\"886\">\n<p data-start=\"857\" data-end=\"886\">\ud83d\udd29 4 porcas inseridas M10<\/p>\n<\/li>\n<li data-start=\"887\" data-end=\"945\">\n<p data-start=\"889\" data-end=\"945\">Superf\u00edcie texturada com agregado para m\u00e1xima ader\u00eancia<\/p>\n<\/li>\n<li data-start=\"946\" data-end=\"996\">\n<p data-start=\"948\" data-end=\"996\">Material de alta qualidade e resist\u00eancia<\/p>\n<\/li>\n<\/ul>\n<p data-start=\"998\" data-end=\"1100\">Perfeito para paredes de escalada profissionais, salas de treino e projectos de escalada personalizados.<\/p>\n<p data-start=\"1102\" data-end=\"1200\" data-is-last-node=\"\" data-is-only-node=\"\">Se quiseres, posso adapt\u00e1-lo a um tom mais comercial, mais t\u00e9cnico ou mais orientado para as vendas online.<\/p>\n","protected":false},"excerpt":{"rendered":"<p>Volume de escalada triangular em madeira de okume de 15  [&#8230;]<\/p>\n","protected":false},"featured_media":8437,"comment_status":"closed","ping_status":"closed","template":"","meta":{"_joinchat":[]},"product_brand":[],"product_cat":[292],"product_tag":[],"class_list":{"0":"post-8554","1":"product","2":"type-product","3":"status-publish","4":"has-post-thumbnail","6":"product_cat-volumes-de-madeira","8":"first","9":"instock","10":"taxable","11":"shipping-taxable","12":"purchasable","13":"product-type-simple"},"yoast_head":"<!-- This site is optimized with the Yoast SEO plugin v27.5 - https:\/\/yoast.com\/product\/yoast-seo-wordpress\/ -->\n<title>Volume de trepar em madeira T3 80cm - Presas G8 - Presas de escalada para roc\u00f3dromo<\/title>\n<meta name=\"robots\" content=\"index, follow, max-snippet:-1, max-image-preview:large, max-video-preview:-1\" \/>\n<link rel=\"canonical\" href=\"https:\/\/www.presasg8.es\/pt-pt\/producto\/volume-de-trepar-em-madeira-t3-80cm\/\" \/>\n<meta property=\"og:locale\" content=\"pt_PT\" \/>\n<meta property=\"og:type\" content=\"article\" \/>\n<meta property=\"og:title\" content=\"Volume de trepar em madeira T3 80cm - Presas G8 - Presas de escalada para roc\u00f3dromo\" \/>\n<meta property=\"og:description\" content=\"Volume de escalada triangular em madeira de okume de 15 [...]\" \/>\n<meta property=\"og:url\" content=\"https:\/\/www.presasg8.es\/pt-pt\/producto\/volume-de-trepar-em-madeira-t3-80cm\/\" \/>\n<meta property=\"og:site_name\" content=\"Presas G8 - Presas de escalada para roc\u00f3dromo\" \/>\n<meta property=\"article:publisher\" content=\"https:\/\/www.facebook.com\/presasescaladag8\/\" \/>\n<meta property=\"og:image\" content=\"https:\/\/www.presasg8.es\/wp-content\/uploads\/2026\/02\/Volumen-de-madera-T31.jpg\" \/>\n\t<meta property=\"og:image:width\" content=\"1920\" \/>\n\t<meta property=\"og:image:height\" content=\"2560\" \/>\n\t<meta property=\"og:image:type\" content=\"image\/jpeg\" \/>\n<meta name=\"twitter:card\" content=\"summary_large_image\" \/>\n<meta name=\"twitter:label1\" content=\"Tempo estimado de leitura\" \/>\n\t<meta name=\"twitter:data1\" content=\"1 minuto\" \/>\n<script type=\"application\/ld+json\" class=\"yoast-schema-graph\">{\"@context\":\"https:\\\/\\\/schema.org\",\"@graph\":[{\"@type\":\"WebPage\",\"@id\":\"https:\\\/\\\/www.presasg8.es\\\/pt-pt\\\/producto\\\/volume-de-trepar-em-madeira-t3-80cm\\\/\",\"url\":\"https:\\\/\\\/www.presasg8.es\\\/pt-pt\\\/producto\\\/volume-de-trepar-em-madeira-t3-80cm\\\/\",\"name\":\"Volume de trepar em madeira T3 80cm - Presas G8 - Presas de escalada para roc\u00f3dromo\",\"isPartOf\":{\"@id\":\"https:\\\/\\\/www.presasg8.es\\\/pt-pt\\\/#website\"},\"primaryImageOfPage\":{\"@id\":\"https:\\\/\\\/www.presasg8.es\\\/pt-pt\\\/producto\\\/volume-de-trepar-em-madeira-t3-80cm\\\/#primaryimage\"},\"image\":{\"@id\":\"https:\\\/\\\/www.presasg8.es\\\/pt-pt\\\/producto\\\/volume-de-trepar-em-madeira-t3-80cm\\\/#primaryimage\"},\"thumbnailUrl\":\"https:\\\/\\\/www.presasg8.es\\\/wp-content\\\/uploads\\\/2026\\\/02\\\/Volumen-de-madera-T31.jpg\",\"datePublished\":\"2026-02-24T05:58:06+00:00\",\"breadcrumb\":{\"@id\":\"https:\\\/\\\/www.presasg8.es\\\/pt-pt\\\/producto\\\/volume-de-trepar-em-madeira-t3-80cm\\\/#breadcrumb\"},\"inLanguage\":\"pt-PT\",\"potentialAction\":[{\"@type\":\"ReadAction\",\"target\":[\"https:\\\/\\\/www.presasg8.es\\\/pt-pt\\\/producto\\\/volume-de-trepar-em-madeira-t3-80cm\\\/\"]}]},{\"@type\":\"ImageObject\",\"inLanguage\":\"pt-PT\",\"@id\":\"https:\\\/\\\/www.presasg8.es\\\/pt-pt\\\/producto\\\/volume-de-trepar-em-madeira-t3-80cm\\\/#primaryimage\",\"url\":\"https:\\\/\\\/www.presasg8.es\\\/wp-content\\\/uploads\\\/2026\\\/02\\\/Volumen-de-madera-T31.jpg\",\"contentUrl\":\"https:\\\/\\\/www.presasg8.es\\\/wp-content\\\/uploads\\\/2026\\\/02\\\/Volumen-de-madera-T31.jpg\",\"width\":1920,\"height\":2560},{\"@type\":\"BreadcrumbList\",\"@id\":\"https:\\\/\\\/www.presasg8.es\\\/pt-pt\\\/producto\\\/volume-de-trepar-em-madeira-t3-80cm\\\/#breadcrumb\",\"itemListElement\":[{\"@type\":\"ListItem\",\"position\":1,\"name\":\"Portada\",\"item\":\"https:\\\/\\\/www.presasg8.es\\\/pt-pt\\\/\"},{\"@type\":\"ListItem\",\"position\":2,\"name\":\"Loja de suportes de escalada\",\"item\":\"https:\\\/\\\/www.presasg8.es\\\/pt-pt\\\/tienda-2\\\/\"},{\"@type\":\"ListItem\",\"position\":3,\"name\":\"Volume de trepar em madeira T3 80cm\"}]},{\"@type\":\"WebSite\",\"@id\":\"https:\\\/\\\/www.presasg8.es\\\/pt-pt\\\/#website\",\"url\":\"https:\\\/\\\/www.presasg8.es\\\/pt-pt\\\/\",\"name\":\"Presas de escalada G8\",\"description\":\"Tienda online de Presas de escalada para roc\u00f3dromo\",\"publisher\":{\"@id\":\"https:\\\/\\\/www.presasg8.es\\\/pt-pt\\\/#organization\"},\"alternateName\":\"Presas de escalada para roc\u00f3dromo\",\"potentialAction\":[{\"@type\":\"SearchAction\",\"target\":{\"@type\":\"EntryPoint\",\"urlTemplate\":\"https:\\\/\\\/www.presasg8.es\\\/pt-pt\\\/?s={search_term_string}\"},\"query-input\":{\"@type\":\"PropertyValueSpecification\",\"valueRequired\":true,\"valueName\":\"search_term_string\"}}],\"inLanguage\":\"pt-PT\"},{\"@type\":\"Organization\",\"@id\":\"https:\\\/\\\/www.presasg8.es\\\/pt-pt\\\/#organization\",\"name\":\"Presas de escalada G8\",\"alternateName\":\"Presas de escalada para roc\u00f3dromo G8\",\"url\":\"https:\\\/\\\/www.presasg8.es\\\/pt-pt\\\/\",\"logo\":{\"@type\":\"ImageObject\",\"inLanguage\":\"pt-PT\",\"@id\":\"https:\\\/\\\/www.presasg8.es\\\/pt-pt\\\/#\\\/schema\\\/logo\\\/image\\\/\",\"url\":\"https:\\\/\\\/www.presasg8.es\\\/wp-content\\\/uploads\\\/2023\\\/09\\\/logo-presas-g8.jpeg\",\"contentUrl\":\"https:\\\/\\\/www.presasg8.es\\\/wp-content\\\/uploads\\\/2023\\\/09\\\/logo-presas-g8.jpeg\",\"width\":400,\"height\":486,\"caption\":\"Presas de escalada G8\"},\"image\":{\"@id\":\"https:\\\/\\\/www.presasg8.es\\\/pt-pt\\\/#\\\/schema\\\/logo\\\/image\\\/\"},\"sameAs\":[\"https:\\\/\\\/www.facebook.com\\\/presasescaladag8\\\/\",\"https:\\\/\\\/www.instagram.com\\\/presasg8\\\/\"]}]}<\/script>\n<!-- \/ Yoast SEO plugin. -->","yoast_head_json":{"title":"Volume de trepar em madeira T3 80cm - Presas G8 - Presas de escalada para roc\u00f3dromo","robots":{"index":"index","follow":"follow","max-snippet":"max-snippet:-1","max-image-preview":"max-image-preview:large","max-video-preview":"max-video-preview:-1"},"canonical":"https:\/\/www.presasg8.es\/pt-pt\/producto\/volume-de-trepar-em-madeira-t3-80cm\/","og_locale":"pt_PT","og_type":"article","og_title":"Volume de trepar em madeira T3 80cm - Presas G8 - Presas de escalada para roc\u00f3dromo","og_description":"Volume de escalada triangular em madeira de okume de 15 [...]","og_url":"https:\/\/www.presasg8.es\/pt-pt\/producto\/volume-de-trepar-em-madeira-t3-80cm\/","og_site_name":"Presas G8 - Presas de escalada para roc\u00f3dromo","article_publisher":"https:\/\/www.facebook.com\/presasescaladag8\/","og_image":[{"width":1920,"height":2560,"url":"https:\/\/www.presasg8.es\/wp-content\/uploads\/2026\/02\/Volumen-de-madera-T31.jpg","type":"image\/jpeg"}],"twitter_card":"summary_large_image","twitter_misc":{"Tempo estimado de leitura":"1 minuto"},"schema":{"@context":"https:\/\/schema.org","@graph":[{"@type":"WebPage","@id":"https:\/\/www.presasg8.es\/pt-pt\/producto\/volume-de-trepar-em-madeira-t3-80cm\/","url":"https:\/\/www.presasg8.es\/pt-pt\/producto\/volume-de-trepar-em-madeira-t3-80cm\/","name":"Volume de trepar em madeira T3 80cm - Presas G8 - Presas de escalada para roc\u00f3dromo","isPartOf":{"@id":"https:\/\/www.presasg8.es\/pt-pt\/#website"},"primaryImageOfPage":{"@id":"https:\/\/www.presasg8.es\/pt-pt\/producto\/volume-de-trepar-em-madeira-t3-80cm\/#primaryimage"},"image":{"@id":"https:\/\/www.presasg8.es\/pt-pt\/producto\/volume-de-trepar-em-madeira-t3-80cm\/#primaryimage"},"thumbnailUrl":"https:\/\/www.presasg8.es\/wp-content\/uploads\/2026\/02\/Volumen-de-madera-T31.jpg","datePublished":"2026-02-24T05:58:06+00:00","breadcrumb":{"@id":"https:\/\/www.presasg8.es\/pt-pt\/producto\/volume-de-trepar-em-madeira-t3-80cm\/#breadcrumb"},"inLanguage":"pt-PT","potentialAction":[{"@type":"ReadAction","target":["https:\/\/www.presasg8.es\/pt-pt\/producto\/volume-de-trepar-em-madeira-t3-80cm\/"]}]},{"@type":"ImageObject","inLanguage":"pt-PT","@id":"https:\/\/www.presasg8.es\/pt-pt\/producto\/volume-de-trepar-em-madeira-t3-80cm\/#primaryimage","url":"https:\/\/www.presasg8.es\/wp-content\/uploads\/2026\/02\/Volumen-de-madera-T31.jpg","contentUrl":"https:\/\/www.presasg8.es\/wp-content\/uploads\/2026\/02\/Volumen-de-madera-T31.jpg","width":1920,"height":2560},{"@type":"BreadcrumbList","@id":"https:\/\/www.presasg8.es\/pt-pt\/producto\/volume-de-trepar-em-madeira-t3-80cm\/#breadcrumb","itemListElement":[{"@type":"ListItem","position":1,"name":"Portada","item":"https:\/\/www.presasg8.es\/pt-pt\/"},{"@type":"ListItem","position":2,"name":"Loja de suportes de escalada","item":"https:\/\/www.presasg8.es\/pt-pt\/tienda-2\/"},{"@type":"ListItem","position":3,"name":"Volume de trepar em madeira T3 80cm"}]},{"@type":"WebSite","@id":"https:\/\/www.presasg8.es\/pt-pt\/#website","url":"https:\/\/www.presasg8.es\/pt-pt\/","name":"Presas de escalada G8","description":"Tienda online de Presas de escalada para roc\u00f3dromo","publisher":{"@id":"https:\/\/www.presasg8.es\/pt-pt\/#organization"},"alternateName":"Presas de escalada para roc\u00f3dromo","potentialAction":[{"@type":"SearchAction","target":{"@type":"EntryPoint","urlTemplate":"https:\/\/www.presasg8.es\/pt-pt\/?s={search_term_string}"},"query-input":{"@type":"PropertyValueSpecification","valueRequired":true,"valueName":"search_term_string"}}],"inLanguage":"pt-PT"},{"@type":"Organization","@id":"https:\/\/www.presasg8.es\/pt-pt\/#organization","name":"Presas de escalada G8","alternateName":"Presas de escalada para roc\u00f3dromo G8","url":"https:\/\/www.presasg8.es\/pt-pt\/","logo":{"@type":"ImageObject","inLanguage":"pt-PT","@id":"https:\/\/www.presasg8.es\/pt-pt\/#\/schema\/logo\/image\/","url":"https:\/\/www.presasg8.es\/wp-content\/uploads\/2023\/09\/logo-presas-g8.jpeg","contentUrl":"https:\/\/www.presasg8.es\/wp-content\/uploads\/2023\/09\/logo-presas-g8.jpeg","width":400,"height":486,"caption":"Presas de escalada G8"},"image":{"@id":"https:\/\/www.presasg8.es\/pt-pt\/#\/schema\/logo\/image\/"},"sameAs":["https:\/\/www.facebook.com\/presasescaladag8\/","https:\/\/www.instagram.com\/presasg8\/"]}]}},"_links":{"self":[{"href":"https:\/\/www.presasg8.es\/pt-pt\/wp-json\/wp\/v2\/product\/8554","targetHints":{"allow":["GET"]}}],"collection":[{"href":"https:\/\/www.presasg8.es\/pt-pt\/wp-json\/wp\/v2\/product"}],"about":[{"href":"https:\/\/www.presasg8.es\/pt-pt\/wp-json\/wp\/v2\/types\/product"}],"replies":[{"embeddable":true,"href":"https:\/\/www.presasg8.es\/pt-pt\/wp-json\/wp\/v2\/comments?post=8554"}],"wp:featuredmedia":[{"embeddable":true,"href":"https:\/\/www.presasg8.es\/pt-pt\/wp-json\/wp\/v2\/media\/8437"}],"wp:attachment":[{"href":"https:\/\/www.presasg8.es\/pt-pt\/wp-json\/wp\/v2\/media?parent=8554"}],"wp:term":[{"taxonomy":"product_brand","embeddable":true,"href":"https:\/\/www.presasg8.es\/pt-pt\/wp-json\/wp\/v2\/product_brand?post=8554"},{"taxonomy":"product_cat","embeddable":true,"href":"https:\/\/www.presasg8.es\/pt-pt\/wp-json\/wp\/v2\/product_cat?post=8554"},{"taxonomy":"product_tag","embeddable":true,"href":"https:\/\/www.presasg8.es\/pt-pt\/wp-json\/wp\/v2\/product_tag?post=8554"}],"curies":[{"name":"wp","href":"https:\/\/api.w.org\/{rel}","templated":true}]}}