{"id":8553,"date":"2026-03-07T20:05:01","date_gmt":"2026-03-07T19:05:01","guid":{"rendered":"https:\/\/www.presasg8.es\/producto\/prateleira-de-madeira-de-volume-1\/"},"modified":"2026-03-07T20:05:01","modified_gmt":"2026-03-07T19:05:01","slug":"prateleira-de-madeira-de-volume-1","status":"publish","type":"product","link":"https:\/\/www.presasg8.es\/pt-pt\/producto\/prateleira-de-madeira-de-volume-1\/","title":{"rendered":"Prateleira de madeira de volume 1"},"content":{"rendered":"<p data-start=\"105\" data-end=\"394\">Volume de escalada em madeira okume de 15 mm, leve e resistente. Tem uma superf\u00edcie texturizada com agregado para uma excelente ader\u00eancia e v\u00e1rios pontos de fixa\u00e7\u00e3o, mais 8 orif\u00edcios para instalar agarras de escalada com parafusos m\u00e9tricos M10. <\/p>\n<p data-start=\"396\" data-end=\"716\"><strong data-start=\"396\" data-end=\"425\">Descri\u00e7\u00e3o do produto:<\/strong><br data-start=\"425\" data-end=\"428\">Este volume de escalada foi concebido para acrescentar variedade, dificuldade e criatividade a qualquer parede de escalada. Fabricado em madeira okume de 15 mm, combina leveza e resist\u00eancia, tornando-o uma escolha ideal para paredes de escalada e paredes de escalada dom\u00e9sticas. <\/p>\n<p data-start=\"718\" data-end=\"1104\">A sua superf\u00edcie foi <strong data-start=\"740\" data-end=\"765\">texturizada com agregado<\/strong>, proporcionando uma <strong data-start=\"785\" data-end=\"812\">ader\u00eancia segura e natural<\/strong>, mesmo em movimentos t\u00e9cnicos. O design inclui <strong data-start=\"865\" data-end=\"889\">orif\u00edcios de fixa\u00e7\u00e3o<\/strong> que permitem uma instala\u00e7\u00e3o firme no painel da parede de escalada e <strong data-start=\"953\" data-end=\"980\">8 orif\u00edcios adicionais<\/strong> compat\u00edveis com agarras <strong data-start=\"1019\" data-end=\"1034\">m\u00e9tricas M10<\/strong>, permitindo uma maior variedade de vias e configura\u00e7\u00f5es. <\/p>\n<p data-start=\"1106\" data-end=\"1279\">Gra\u00e7as \u00e0s suas dimens\u00f5es de <strong data-start=\"1135\" data-end=\"1161\">100 cm x 30 cm x 17 cm<\/strong>, este volume \u00e9 perfeito para criar relevos, sali\u00eancias ou apoios que conferem dinamismo \u00e0s vias de escalada.<\/p>\n<p data-start=\"1281\" data-end=\"1313\"><strong data-start=\"1281\" data-end=\"1313\">Carater\u00edsticas principais:<\/strong><\/p>\n<ul data-start=\"1314\" data-end=\"1725\">\n<li data-section-id=\"12cpu53\" data-start=\"1314\" data-end=\"1357\">\n<p data-start=\"1316\" data-end=\"1357\">Fabricado em <strong data-start=\"1329\" data-end=\"1357\">madeira okume de 15 mm<\/strong><\/p>\n<\/li>\n<li data-section-id=\"n9s6cu\" data-start=\"1358\" data-end=\"1395\">\n<p data-start=\"1360\" data-end=\"1395\"><strong data-start=\"1360\" data-end=\"1376\">Dimens\u00f5es:<\/strong> 100 \u00d7 30 \u00d7 17 cm<\/p>\n<\/li>\n<li data-section-id=\"1qcy4sy\" data-start=\"1396\" data-end=\"1459\">\n<p data-start=\"1398\" data-end=\"1459\"><strong data-start=\"1398\" data-end=\"1434\">Superf\u00edcie texturada com agregado<\/strong> para melhorar a ader\u00eancia<\/p>\n<\/li>\n<li data-section-id=\"1lzaqjl\" data-start=\"1460\" data-end=\"1523\">\n<p data-start=\"1462\" data-end=\"1523\"><strong data-start=\"1462\" data-end=\"1486\">Furos de fixa\u00e7\u00e3o<\/strong> para uma instala\u00e7\u00e3o segura na parede<\/p>\n<\/li>\n<li data-section-id=\"11b9k2y\" data-start=\"1524\" data-end=\"1603\">\n<p data-start=\"1526\" data-end=\"1603\"><strong data-start=\"1526\" data-end=\"1565\">8 furos para agarras de escalada<\/strong> compat\u00edveis com ferragens <strong data-start=\"1594\" data-end=\"1601\">M10<\/strong><\/p>\n<\/li>\n<li data-section-id=\"1a85tk0\" data-start=\"1604\" data-end=\"1675\">\n<p data-start=\"1606\" data-end=\"1675\">Ideal para <strong data-start=\"1617\" data-end=\"1673\">paredes de escalada, gin\u00e1sios de escalada e paredes de escalada dom\u00e9sticas<\/strong><\/p>\n<\/li>\n<li data-section-id=\"1uyopyh\" data-start=\"1676\" data-end=\"1725\">\n<p data-start=\"1678\" data-end=\"1725\">Permite <strong data-start=\"1686\" data-end=\"1725\">a cria\u00e7\u00e3o de percursos mais t\u00e9cnicos e variados<\/strong><\/p>\n<\/li>\n<\/ul>\n<p data-start=\"1727\" data-end=\"1761\">Se quiseres, tamb\u00e9m posso faz\u00ea-la para ti:<\/p>\n<ul data-start=\"1762\" data-end=\"1931\" data-is-last-node=\"\" data-is-only-node=\"\">\n<li data-section-id=\"1f59gd5\" data-start=\"1762\" data-end=\"1813\">\n<p data-start=\"1764\" data-end=\"1813\">uma <strong data-start=\"1768\" data-end=\"1810\">vers\u00e3o mais persuasiva para venderes mais,<\/strong><\/p>\n<\/li>\n<li data-section-id=\"9wixys\" data-start=\"1814\" data-end=\"1856\">\n<p data-start=\"1816\" data-end=\"1856\">uma <strong data-start=\"1820\" data-end=\"1851\">vers\u00e3o optimizada para SEO<\/strong>, ou<\/p>\n<\/li>\n<li data-section-id=\"qyo8jm\" data-start=\"1857\" data-end=\"1931\" data-is-last-node=\"\">\n<p data-start=\"1859\" data-end=\"1931\" data-is-last-node=\"\"><strong data-start=\"1859\" data-end=\"1909\">v\u00e1rias descri\u00e7\u00f5es para diferentes volumes<\/strong> do teu cat\u00e1logo.<\/p>\n<\/li>\n<\/ul>\n","protected":false},"excerpt":{"rendered":"<p>Volume de escalada em madeira okume de 15 mm, leve  [&#8230;]<\/p>\n","protected":false},"featured_media":8512,"comment_status":"closed","ping_status":"closed","template":"","meta":{"_joinchat":[]},"product_brand":[],"product_cat":[292],"product_tag":[],"class_list":{"0":"post-8553","1":"product","2":"type-product","3":"status-publish","4":"has-post-thumbnail","6":"product_cat-volumes-de-madeira","8":"first","9":"instock","10":"taxable","11":"shipping-taxable","12":"purchasable","13":"product-type-simple"},"yoast_head":"<!-- This site is optimized with the Yoast SEO plugin v27.5 - https:\/\/yoast.com\/product\/yoast-seo-wordpress\/ -->\n<title>Prateleira de madeira de volume 1 - Presas G8 - Presas de escalada para roc\u00f3dromo<\/title>\n<meta name=\"robots\" content=\"index, follow, max-snippet:-1, max-image-preview:large, max-video-preview:-1\" \/>\n<link rel=\"canonical\" href=\"https:\/\/www.presasg8.es\/pt-pt\/producto\/prateleira-de-madeira-de-volume-1\/\" \/>\n<meta property=\"og:locale\" content=\"pt_PT\" \/>\n<meta property=\"og:type\" content=\"article\" \/>\n<meta property=\"og:title\" content=\"Prateleira de madeira de volume 1 - Presas G8 - Presas de escalada para roc\u00f3dromo\" \/>\n<meta property=\"og:description\" content=\"Volume de escalada em madeira okume de 15 mm, leve [...]\" \/>\n<meta property=\"og:url\" content=\"https:\/\/www.presasg8.es\/pt-pt\/producto\/prateleira-de-madeira-de-volume-1\/\" \/>\n<meta property=\"og:site_name\" content=\"Presas G8 - Presas de escalada para roc\u00f3dromo\" \/>\n<meta property=\"article:publisher\" content=\"https:\/\/www.facebook.com\/presasescaladag8\/\" \/>\n<meta property=\"og:image\" content=\"https:\/\/www.presasg8.es\/wp-content\/uploads\/2026\/03\/volumen-mader-repisa-4.jpg\" \/>\n\t<meta property=\"og:image:width\" content=\"2560\" \/>\n\t<meta property=\"og:image:height\" content=\"2560\" \/>\n\t<meta property=\"og:image:type\" content=\"image\/jpeg\" \/>\n<meta name=\"twitter:card\" content=\"summary_large_image\" \/>\n<meta name=\"twitter:label1\" content=\"Tempo estimado de leitura\" \/>\n\t<meta name=\"twitter:data1\" content=\"1 minuto\" \/>\n<script type=\"application\/ld+json\" class=\"yoast-schema-graph\">{\"@context\":\"https:\\\/\\\/schema.org\",\"@graph\":[{\"@type\":\"WebPage\",\"@id\":\"https:\\\/\\\/www.presasg8.es\\\/pt-pt\\\/producto\\\/prateleira-de-madeira-de-volume-1\\\/\",\"url\":\"https:\\\/\\\/www.presasg8.es\\\/pt-pt\\\/producto\\\/prateleira-de-madeira-de-volume-1\\\/\",\"name\":\"Prateleira de madeira de volume 1 - Presas G8 - Presas de escalada para roc\u00f3dromo\",\"isPartOf\":{\"@id\":\"https:\\\/\\\/www.presasg8.es\\\/pt-pt\\\/#website\"},\"primaryImageOfPage\":{\"@id\":\"https:\\\/\\\/www.presasg8.es\\\/pt-pt\\\/producto\\\/prateleira-de-madeira-de-volume-1\\\/#primaryimage\"},\"image\":{\"@id\":\"https:\\\/\\\/www.presasg8.es\\\/pt-pt\\\/producto\\\/prateleira-de-madeira-de-volume-1\\\/#primaryimage\"},\"thumbnailUrl\":\"https:\\\/\\\/www.presasg8.es\\\/wp-content\\\/uploads\\\/2026\\\/03\\\/volumen-mader-repisa-4.jpg\",\"datePublished\":\"2026-03-07T19:05:01+00:00\",\"breadcrumb\":{\"@id\":\"https:\\\/\\\/www.presasg8.es\\\/pt-pt\\\/producto\\\/prateleira-de-madeira-de-volume-1\\\/#breadcrumb\"},\"inLanguage\":\"pt-PT\",\"potentialAction\":[{\"@type\":\"ReadAction\",\"target\":[\"https:\\\/\\\/www.presasg8.es\\\/pt-pt\\\/producto\\\/prateleira-de-madeira-de-volume-1\\\/\"]}]},{\"@type\":\"ImageObject\",\"inLanguage\":\"pt-PT\",\"@id\":\"https:\\\/\\\/www.presasg8.es\\\/pt-pt\\\/producto\\\/prateleira-de-madeira-de-volume-1\\\/#primaryimage\",\"url\":\"https:\\\/\\\/www.presasg8.es\\\/wp-content\\\/uploads\\\/2026\\\/03\\\/volumen-mader-repisa-4.jpg\",\"contentUrl\":\"https:\\\/\\\/www.presasg8.es\\\/wp-content\\\/uploads\\\/2026\\\/03\\\/volumen-mader-repisa-4.jpg\",\"width\":2560,\"height\":2560,\"caption\":\"volume de trepadeiras em madeira\"},{\"@type\":\"BreadcrumbList\",\"@id\":\"https:\\\/\\\/www.presasg8.es\\\/pt-pt\\\/producto\\\/prateleira-de-madeira-de-volume-1\\\/#breadcrumb\",\"itemListElement\":[{\"@type\":\"ListItem\",\"position\":1,\"name\":\"Portada\",\"item\":\"https:\\\/\\\/www.presasg8.es\\\/pt-pt\\\/\"},{\"@type\":\"ListItem\",\"position\":2,\"name\":\"Loja de suportes de escalada\",\"item\":\"https:\\\/\\\/www.presasg8.es\\\/pt-pt\\\/tienda-2\\\/\"},{\"@type\":\"ListItem\",\"position\":3,\"name\":\"Prateleira de madeira de volume 1\"}]},{\"@type\":\"WebSite\",\"@id\":\"https:\\\/\\\/www.presasg8.es\\\/pt-pt\\\/#website\",\"url\":\"https:\\\/\\\/www.presasg8.es\\\/pt-pt\\\/\",\"name\":\"Presas de escalada G8\",\"description\":\"Tienda online de Presas de escalada para roc\u00f3dromo\",\"publisher\":{\"@id\":\"https:\\\/\\\/www.presasg8.es\\\/pt-pt\\\/#organization\"},\"alternateName\":\"Presas de escalada para roc\u00f3dromo\",\"potentialAction\":[{\"@type\":\"SearchAction\",\"target\":{\"@type\":\"EntryPoint\",\"urlTemplate\":\"https:\\\/\\\/www.presasg8.es\\\/pt-pt\\\/?s={search_term_string}\"},\"query-input\":{\"@type\":\"PropertyValueSpecification\",\"valueRequired\":true,\"valueName\":\"search_term_string\"}}],\"inLanguage\":\"pt-PT\"},{\"@type\":\"Organization\",\"@id\":\"https:\\\/\\\/www.presasg8.es\\\/pt-pt\\\/#organization\",\"name\":\"Presas de escalada G8\",\"alternateName\":\"Presas de escalada para roc\u00f3dromo G8\",\"url\":\"https:\\\/\\\/www.presasg8.es\\\/pt-pt\\\/\",\"logo\":{\"@type\":\"ImageObject\",\"inLanguage\":\"pt-PT\",\"@id\":\"https:\\\/\\\/www.presasg8.es\\\/pt-pt\\\/#\\\/schema\\\/logo\\\/image\\\/\",\"url\":\"https:\\\/\\\/www.presasg8.es\\\/wp-content\\\/uploads\\\/2023\\\/09\\\/logo-presas-g8.jpeg\",\"contentUrl\":\"https:\\\/\\\/www.presasg8.es\\\/wp-content\\\/uploads\\\/2023\\\/09\\\/logo-presas-g8.jpeg\",\"width\":400,\"height\":486,\"caption\":\"Presas de escalada G8\"},\"image\":{\"@id\":\"https:\\\/\\\/www.presasg8.es\\\/pt-pt\\\/#\\\/schema\\\/logo\\\/image\\\/\"},\"sameAs\":[\"https:\\\/\\\/www.facebook.com\\\/presasescaladag8\\\/\",\"https:\\\/\\\/www.instagram.com\\\/presasg8\\\/\"]}]}<\/script>\n<!-- \/ Yoast SEO plugin. -->","yoast_head_json":{"title":"Prateleira de madeira de volume 1 - Presas G8 - Presas de escalada para roc\u00f3dromo","robots":{"index":"index","follow":"follow","max-snippet":"max-snippet:-1","max-image-preview":"max-image-preview:large","max-video-preview":"max-video-preview:-1"},"canonical":"https:\/\/www.presasg8.es\/pt-pt\/producto\/prateleira-de-madeira-de-volume-1\/","og_locale":"pt_PT","og_type":"article","og_title":"Prateleira de madeira de volume 1 - Presas G8 - Presas de escalada para roc\u00f3dromo","og_description":"Volume de escalada em madeira okume de 15 mm, leve [...]","og_url":"https:\/\/www.presasg8.es\/pt-pt\/producto\/prateleira-de-madeira-de-volume-1\/","og_site_name":"Presas G8 - Presas de escalada para roc\u00f3dromo","article_publisher":"https:\/\/www.facebook.com\/presasescaladag8\/","og_image":[{"width":2560,"height":2560,"url":"https:\/\/www.presasg8.es\/wp-content\/uploads\/2026\/03\/volumen-mader-repisa-4.jpg","type":"image\/jpeg"}],"twitter_card":"summary_large_image","twitter_misc":{"Tempo estimado de leitura":"1 minuto"},"schema":{"@context":"https:\/\/schema.org","@graph":[{"@type":"WebPage","@id":"https:\/\/www.presasg8.es\/pt-pt\/producto\/prateleira-de-madeira-de-volume-1\/","url":"https:\/\/www.presasg8.es\/pt-pt\/producto\/prateleira-de-madeira-de-volume-1\/","name":"Prateleira de madeira de volume 1 - Presas G8 - Presas de escalada para roc\u00f3dromo","isPartOf":{"@id":"https:\/\/www.presasg8.es\/pt-pt\/#website"},"primaryImageOfPage":{"@id":"https:\/\/www.presasg8.es\/pt-pt\/producto\/prateleira-de-madeira-de-volume-1\/#primaryimage"},"image":{"@id":"https:\/\/www.presasg8.es\/pt-pt\/producto\/prateleira-de-madeira-de-volume-1\/#primaryimage"},"thumbnailUrl":"https:\/\/www.presasg8.es\/wp-content\/uploads\/2026\/03\/volumen-mader-repisa-4.jpg","datePublished":"2026-03-07T19:05:01+00:00","breadcrumb":{"@id":"https:\/\/www.presasg8.es\/pt-pt\/producto\/prateleira-de-madeira-de-volume-1\/#breadcrumb"},"inLanguage":"pt-PT","potentialAction":[{"@type":"ReadAction","target":["https:\/\/www.presasg8.es\/pt-pt\/producto\/prateleira-de-madeira-de-volume-1\/"]}]},{"@type":"ImageObject","inLanguage":"pt-PT","@id":"https:\/\/www.presasg8.es\/pt-pt\/producto\/prateleira-de-madeira-de-volume-1\/#primaryimage","url":"https:\/\/www.presasg8.es\/wp-content\/uploads\/2026\/03\/volumen-mader-repisa-4.jpg","contentUrl":"https:\/\/www.presasg8.es\/wp-content\/uploads\/2026\/03\/volumen-mader-repisa-4.jpg","width":2560,"height":2560,"caption":"volume de trepadeiras em madeira"},{"@type":"BreadcrumbList","@id":"https:\/\/www.presasg8.es\/pt-pt\/producto\/prateleira-de-madeira-de-volume-1\/#breadcrumb","itemListElement":[{"@type":"ListItem","position":1,"name":"Portada","item":"https:\/\/www.presasg8.es\/pt-pt\/"},{"@type":"ListItem","position":2,"name":"Loja de suportes de escalada","item":"https:\/\/www.presasg8.es\/pt-pt\/tienda-2\/"},{"@type":"ListItem","position":3,"name":"Prateleira de madeira de volume 1"}]},{"@type":"WebSite","@id":"https:\/\/www.presasg8.es\/pt-pt\/#website","url":"https:\/\/www.presasg8.es\/pt-pt\/","name":"Presas de escalada G8","description":"Tienda online de Presas de escalada para roc\u00f3dromo","publisher":{"@id":"https:\/\/www.presasg8.es\/pt-pt\/#organization"},"alternateName":"Presas de escalada para roc\u00f3dromo","potentialAction":[{"@type":"SearchAction","target":{"@type":"EntryPoint","urlTemplate":"https:\/\/www.presasg8.es\/pt-pt\/?s={search_term_string}"},"query-input":{"@type":"PropertyValueSpecification","valueRequired":true,"valueName":"search_term_string"}}],"inLanguage":"pt-PT"},{"@type":"Organization","@id":"https:\/\/www.presasg8.es\/pt-pt\/#organization","name":"Presas de escalada G8","alternateName":"Presas de escalada para roc\u00f3dromo G8","url":"https:\/\/www.presasg8.es\/pt-pt\/","logo":{"@type":"ImageObject","inLanguage":"pt-PT","@id":"https:\/\/www.presasg8.es\/pt-pt\/#\/schema\/logo\/image\/","url":"https:\/\/www.presasg8.es\/wp-content\/uploads\/2023\/09\/logo-presas-g8.jpeg","contentUrl":"https:\/\/www.presasg8.es\/wp-content\/uploads\/2023\/09\/logo-presas-g8.jpeg","width":400,"height":486,"caption":"Presas de escalada G8"},"image":{"@id":"https:\/\/www.presasg8.es\/pt-pt\/#\/schema\/logo\/image\/"},"sameAs":["https:\/\/www.facebook.com\/presasescaladag8\/","https:\/\/www.instagram.com\/presasg8\/"]}]}},"_links":{"self":[{"href":"https:\/\/www.presasg8.es\/pt-pt\/wp-json\/wp\/v2\/product\/8553","targetHints":{"allow":["GET"]}}],"collection":[{"href":"https:\/\/www.presasg8.es\/pt-pt\/wp-json\/wp\/v2\/product"}],"about":[{"href":"https:\/\/www.presasg8.es\/pt-pt\/wp-json\/wp\/v2\/types\/product"}],"replies":[{"embeddable":true,"href":"https:\/\/www.presasg8.es\/pt-pt\/wp-json\/wp\/v2\/comments?post=8553"}],"wp:featuredmedia":[{"embeddable":true,"href":"https:\/\/www.presasg8.es\/pt-pt\/wp-json\/wp\/v2\/media\/8512"}],"wp:attachment":[{"href":"https:\/\/www.presasg8.es\/pt-pt\/wp-json\/wp\/v2\/media?parent=8553"}],"wp:term":[{"taxonomy":"product_brand","embeddable":true,"href":"https:\/\/www.presasg8.es\/pt-pt\/wp-json\/wp\/v2\/product_brand?post=8553"},{"taxonomy":"product_cat","embeddable":true,"href":"https:\/\/www.presasg8.es\/pt-pt\/wp-json\/wp\/v2\/product_cat?post=8553"},{"taxonomy":"product_tag","embeddable":true,"href":"https:\/\/www.presasg8.es\/pt-pt\/wp-json\/wp\/v2\/product_tag?post=8553"}],"curies":[{"name":"wp","href":"https:\/\/api.w.org\/{rel}","templated":true}]}}