{"id":8549,"date":"2026-03-05T07:39:14","date_gmt":"2026-03-05T06:39:14","guid":{"rendered":"https:\/\/www.presasg8.es\/producto\/volumes-de-prateleiras-familiares\/"},"modified":"2026-04-22T18:28:02","modified_gmt":"2026-04-22T16:28:02","slug":"volumes-de-prateleiras-familiares","status":"publish","type":"product","link":"https:\/\/www.presasg8.es\/pt-pt\/producto\/volumes-de-prateleiras-familiares\/","title":{"rendered":"Volumes de prateleiras familiares"},"content":{"rendered":"<p data-start=\"0\" data-end=\"65\"><strong data-start=\"0\" data-end=\"65\">Volumes de trepar em madeira Okume &#8211; Conjunto de 3 unidades<\/strong><\/p>\n<p data-start=\"67\" data-end=\"253\">Melhora a tua parede de escalada com este <strong data-start=\"103\" data-end=\"165\">pacote de 3 volumes feitos de madeira okume de 15 mm<\/strong>, concebidos para acrescentar relevo, variedade e novas linhas a qualquer painel de escalada.<\/p>\n<p data-start=\"255\" data-end=\"419\">Cada volume <strong data-start=\"279\" data-end=\"332\">mede aproximadamente 100 cm x 30 cm x 16 cm<\/strong>, proporcionando uma grande superf\u00edcie para criares movimentos mais t\u00e9cnicos e din\u00e2micos.<\/p>\n<p data-start=\"421\" data-end=\"453\"><strong data-start=\"421\" data-end=\"453\">Carater\u00edsticas principais:<\/strong><\/p>\n<ul data-start=\"455\" data-end=\"1082\">\n<li data-start=\"455\" data-end=\"522\">\n<p data-start=\"457\" data-end=\"522\">\ud83e\udeb5 <strong data-start=\"460\" data-end=\"473\">Material:<\/strong> madeira okume de 15 mm, leve e resistente.<\/p>\n<\/li>\n<li data-start=\"523\" data-end=\"649\">\n<p data-start=\"525\" data-end=\"541\">\ud83d\udcd0 <strong data-start=\"528\" data-end=\"539\">Design:<\/strong><\/p>\n<ul data-start=\"544\" data-end=\"649\">\n<li data-start=\"544\" data-end=\"583\">\n<p data-start=\"546\" data-end=\"583\">2 volumes <strong data-start=\"562\" data-end=\"580\">em forma de rampa<\/strong>.<\/p>\n<\/li>\n<li data-start=\"586\" data-end=\"649\">\n<p data-start=\"588\" data-end=\"649\">1 volume <strong data-start=\"598\" data-end=\"612\">equil\u00e1tero<\/strong> para uma maior variedade de coloca\u00e7\u00e3o.<\/p>\n<\/li>\n<\/ul>\n<\/li>\n<li data-start=\"650\" data-end=\"831\">\n<p data-start=\"652\" data-end=\"831\"><strong data-start=\"655\" data-end=\"674\">Compatibilidade:<\/strong> Cada volume inclui <strong data-start=\"696\" data-end=\"751\">4 orif\u00edcios para inserir agarras com hardware M10<\/strong>, permitindo-te adicionar agarras adicionais e criar combina\u00e7\u00f5es de movimentos.<\/p>\n<\/li>\n<li data-start=\"832\" data-end=\"953\">\n<p data-start=\"834\" data-end=\"953\"><strong data-start=\"837\" data-end=\"862\">F\u00e1cil de instalar:<\/strong> Com <strong data-start=\"874\" data-end=\"898\">orif\u00edcios de fixa\u00e7\u00e3o<\/strong> incorporados para uma instala\u00e7\u00e3o segura no painel de trepadeiras.<\/p>\n<\/li>\n<li data-start=\"954\" data-end=\"1082\">\n<p data-start=\"956\" data-end=\"1082\"><strong data-start=\"958\" data-end=\"985\">Superf\u00edcie texturada:<\/strong> O painel \u00e9 <strong data-start=\"1000\" data-end=\"1015\">texturado<\/strong> para melhorar a ader\u00eancia e aumentar a fric\u00e7\u00e3o durante a subida.<\/p>\n<\/li>\n<\/ul>\n<p data-start=\"1084\" data-end=\"1283\">Ideais para <strong data-start=\"1103\" data-end=\"1177\">paredes de escalada, paredes de treino em casa ou extens\u00f5es de circuitos<\/strong>, estes volumes permitem-te alterar a inclina\u00e7\u00e3o do painel e acrescentar novas dificuldades aos teus blocos.<\/p>\n","protected":false},"excerpt":{"rendered":"<p>Volumes de trepar em madeira Okume &#8211; Conjunto de 3  [&#8230;]<\/p>\n","protected":false},"featured_media":8466,"comment_status":"closed","ping_status":"closed","template":"","meta":{"_joinchat":[]},"product_brand":[],"product_cat":[117,292],"product_tag":[],"class_list":{"0":"post-8549","1":"product","2":"type-product","3":"status-publish","4":"has-post-thumbnail","6":"product_cat-ofertas-pt-pt","7":"product_cat-volumes-de-madeira","9":"first","10":"instock","11":"sale","12":"taxable","13":"shipping-taxable","14":"purchasable","15":"product-type-simple"},"yoast_head":"<!-- This site is optimized with the Yoast SEO plugin v27.5 - https:\/\/yoast.com\/product\/yoast-seo-wordpress\/ -->\n<title>Volumes de prateleiras familiares - Presas G8 - Presas de escalada para roc\u00f3dromo<\/title>\n<meta name=\"robots\" content=\"index, follow, max-snippet:-1, max-image-preview:large, max-video-preview:-1\" \/>\n<link rel=\"canonical\" href=\"https:\/\/www.presasg8.es\/pt-pt\/producto\/volumes-de-prateleiras-familiares\/\" \/>\n<meta property=\"og:locale\" content=\"pt_PT\" \/>\n<meta property=\"og:type\" content=\"article\" \/>\n<meta property=\"og:title\" content=\"Volumes de prateleiras familiares - Presas G8 - Presas de escalada para roc\u00f3dromo\" \/>\n<meta property=\"og:description\" content=\"Volumes de trepar em madeira Okume &#8211; Conjunto de 3 [...]\" \/>\n<meta property=\"og:url\" content=\"https:\/\/www.presasg8.es\/pt-pt\/producto\/volumes-de-prateleiras-familiares\/\" \/>\n<meta property=\"og:site_name\" content=\"Presas G8 - Presas de escalada para roc\u00f3dromo\" \/>\n<meta property=\"article:publisher\" content=\"https:\/\/www.facebook.com\/presasescaladag8\/\" \/>\n<meta property=\"article:modified_time\" content=\"2026-04-22T16:28:02+00:00\" \/>\n<meta property=\"og:image\" content=\"https:\/\/www.presasg8.es\/wp-content\/uploads\/2026\/03\/familia-volumenes-escalada-repisa.jpg\" \/>\n\t<meta property=\"og:image:width\" content=\"1920\" \/>\n\t<meta property=\"og:image:height\" content=\"1701\" \/>\n\t<meta property=\"og:image:type\" content=\"image\/jpeg\" \/>\n<meta name=\"twitter:card\" content=\"summary_large_image\" \/>\n<meta name=\"twitter:label1\" content=\"Tempo estimado de leitura\" \/>\n\t<meta name=\"twitter:data1\" content=\"1 minuto\" \/>\n<script type=\"application\/ld+json\" class=\"yoast-schema-graph\">{\"@context\":\"https:\\\/\\\/schema.org\",\"@graph\":[{\"@type\":\"WebPage\",\"@id\":\"https:\\\/\\\/www.presasg8.es\\\/pt-pt\\\/producto\\\/volumes-de-prateleiras-familiares\\\/\",\"url\":\"https:\\\/\\\/www.presasg8.es\\\/pt-pt\\\/producto\\\/volumes-de-prateleiras-familiares\\\/\",\"name\":\"Volumes de prateleiras familiares - Presas G8 - Presas de escalada para roc\u00f3dromo\",\"isPartOf\":{\"@id\":\"https:\\\/\\\/www.presasg8.es\\\/pt-pt\\\/#website\"},\"primaryImageOfPage\":{\"@id\":\"https:\\\/\\\/www.presasg8.es\\\/pt-pt\\\/producto\\\/volumes-de-prateleiras-familiares\\\/#primaryimage\"},\"image\":{\"@id\":\"https:\\\/\\\/www.presasg8.es\\\/pt-pt\\\/producto\\\/volumes-de-prateleiras-familiares\\\/#primaryimage\"},\"thumbnailUrl\":\"https:\\\/\\\/www.presasg8.es\\\/wp-content\\\/uploads\\\/2026\\\/03\\\/familia-volumenes-escalada-repisa.jpg\",\"datePublished\":\"2026-03-05T06:39:14+00:00\",\"dateModified\":\"2026-04-22T16:28:02+00:00\",\"breadcrumb\":{\"@id\":\"https:\\\/\\\/www.presasg8.es\\\/pt-pt\\\/producto\\\/volumes-de-prateleiras-familiares\\\/#breadcrumb\"},\"inLanguage\":\"pt-PT\",\"potentialAction\":[{\"@type\":\"ReadAction\",\"target\":[\"https:\\\/\\\/www.presasg8.es\\\/pt-pt\\\/producto\\\/volumes-de-prateleiras-familiares\\\/\"]}]},{\"@type\":\"ImageObject\",\"inLanguage\":\"pt-PT\",\"@id\":\"https:\\\/\\\/www.presasg8.es\\\/pt-pt\\\/producto\\\/volumes-de-prateleiras-familiares\\\/#primaryimage\",\"url\":\"https:\\\/\\\/www.presasg8.es\\\/wp-content\\\/uploads\\\/2026\\\/03\\\/familia-volumenes-escalada-repisa.jpg\",\"contentUrl\":\"https:\\\/\\\/www.presasg8.es\\\/wp-content\\\/uploads\\\/2026\\\/03\\\/familia-volumenes-escalada-repisa.jpg\",\"width\":1920,\"height\":1701,\"caption\":\"volumes familiares para escalar o parapeito\"},{\"@type\":\"BreadcrumbList\",\"@id\":\"https:\\\/\\\/www.presasg8.es\\\/pt-pt\\\/producto\\\/volumes-de-prateleiras-familiares\\\/#breadcrumb\",\"itemListElement\":[{\"@type\":\"ListItem\",\"position\":1,\"name\":\"Portada\",\"item\":\"https:\\\/\\\/www.presasg8.es\\\/pt-pt\\\/\"},{\"@type\":\"ListItem\",\"position\":2,\"name\":\"Loja de suportes de escalada\",\"item\":\"https:\\\/\\\/www.presasg8.es\\\/pt-pt\\\/tienda-2\\\/\"},{\"@type\":\"ListItem\",\"position\":3,\"name\":\"Volumes de prateleiras familiares\"}]},{\"@type\":\"WebSite\",\"@id\":\"https:\\\/\\\/www.presasg8.es\\\/pt-pt\\\/#website\",\"url\":\"https:\\\/\\\/www.presasg8.es\\\/pt-pt\\\/\",\"name\":\"Presas de escalada G8\",\"description\":\"Tienda online de Presas de escalada para roc\u00f3dromo\",\"publisher\":{\"@id\":\"https:\\\/\\\/www.presasg8.es\\\/pt-pt\\\/#organization\"},\"alternateName\":\"Presas de escalada para roc\u00f3dromo\",\"potentialAction\":[{\"@type\":\"SearchAction\",\"target\":{\"@type\":\"EntryPoint\",\"urlTemplate\":\"https:\\\/\\\/www.presasg8.es\\\/pt-pt\\\/?s={search_term_string}\"},\"query-input\":{\"@type\":\"PropertyValueSpecification\",\"valueRequired\":true,\"valueName\":\"search_term_string\"}}],\"inLanguage\":\"pt-PT\"},{\"@type\":\"Organization\",\"@id\":\"https:\\\/\\\/www.presasg8.es\\\/pt-pt\\\/#organization\",\"name\":\"Presas de escalada G8\",\"alternateName\":\"Presas de escalada para roc\u00f3dromo G8\",\"url\":\"https:\\\/\\\/www.presasg8.es\\\/pt-pt\\\/\",\"logo\":{\"@type\":\"ImageObject\",\"inLanguage\":\"pt-PT\",\"@id\":\"https:\\\/\\\/www.presasg8.es\\\/pt-pt\\\/#\\\/schema\\\/logo\\\/image\\\/\",\"url\":\"https:\\\/\\\/www.presasg8.es\\\/wp-content\\\/uploads\\\/2023\\\/09\\\/logo-presas-g8.jpeg\",\"contentUrl\":\"https:\\\/\\\/www.presasg8.es\\\/wp-content\\\/uploads\\\/2023\\\/09\\\/logo-presas-g8.jpeg\",\"width\":400,\"height\":486,\"caption\":\"Presas de escalada G8\"},\"image\":{\"@id\":\"https:\\\/\\\/www.presasg8.es\\\/pt-pt\\\/#\\\/schema\\\/logo\\\/image\\\/\"},\"sameAs\":[\"https:\\\/\\\/www.facebook.com\\\/presasescaladag8\\\/\",\"https:\\\/\\\/www.instagram.com\\\/presasg8\\\/\"]}]}<\/script>\n<!-- \/ Yoast SEO plugin. -->","yoast_head_json":{"title":"Volumes de prateleiras familiares - Presas G8 - Presas de escalada para roc\u00f3dromo","robots":{"index":"index","follow":"follow","max-snippet":"max-snippet:-1","max-image-preview":"max-image-preview:large","max-video-preview":"max-video-preview:-1"},"canonical":"https:\/\/www.presasg8.es\/pt-pt\/producto\/volumes-de-prateleiras-familiares\/","og_locale":"pt_PT","og_type":"article","og_title":"Volumes de prateleiras familiares - Presas G8 - Presas de escalada para roc\u00f3dromo","og_description":"Volumes de trepar em madeira Okume &#8211; Conjunto de 3 [...]","og_url":"https:\/\/www.presasg8.es\/pt-pt\/producto\/volumes-de-prateleiras-familiares\/","og_site_name":"Presas G8 - Presas de escalada para roc\u00f3dromo","article_publisher":"https:\/\/www.facebook.com\/presasescaladag8\/","article_modified_time":"2026-04-22T16:28:02+00:00","og_image":[{"width":1920,"height":1701,"url":"https:\/\/www.presasg8.es\/wp-content\/uploads\/2026\/03\/familia-volumenes-escalada-repisa.jpg","type":"image\/jpeg"}],"twitter_card":"summary_large_image","twitter_misc":{"Tempo estimado de leitura":"1 minuto"},"schema":{"@context":"https:\/\/schema.org","@graph":[{"@type":"WebPage","@id":"https:\/\/www.presasg8.es\/pt-pt\/producto\/volumes-de-prateleiras-familiares\/","url":"https:\/\/www.presasg8.es\/pt-pt\/producto\/volumes-de-prateleiras-familiares\/","name":"Volumes de prateleiras familiares - Presas G8 - Presas de escalada para roc\u00f3dromo","isPartOf":{"@id":"https:\/\/www.presasg8.es\/pt-pt\/#website"},"primaryImageOfPage":{"@id":"https:\/\/www.presasg8.es\/pt-pt\/producto\/volumes-de-prateleiras-familiares\/#primaryimage"},"image":{"@id":"https:\/\/www.presasg8.es\/pt-pt\/producto\/volumes-de-prateleiras-familiares\/#primaryimage"},"thumbnailUrl":"https:\/\/www.presasg8.es\/wp-content\/uploads\/2026\/03\/familia-volumenes-escalada-repisa.jpg","datePublished":"2026-03-05T06:39:14+00:00","dateModified":"2026-04-22T16:28:02+00:00","breadcrumb":{"@id":"https:\/\/www.presasg8.es\/pt-pt\/producto\/volumes-de-prateleiras-familiares\/#breadcrumb"},"inLanguage":"pt-PT","potentialAction":[{"@type":"ReadAction","target":["https:\/\/www.presasg8.es\/pt-pt\/producto\/volumes-de-prateleiras-familiares\/"]}]},{"@type":"ImageObject","inLanguage":"pt-PT","@id":"https:\/\/www.presasg8.es\/pt-pt\/producto\/volumes-de-prateleiras-familiares\/#primaryimage","url":"https:\/\/www.presasg8.es\/wp-content\/uploads\/2026\/03\/familia-volumenes-escalada-repisa.jpg","contentUrl":"https:\/\/www.presasg8.es\/wp-content\/uploads\/2026\/03\/familia-volumenes-escalada-repisa.jpg","width":1920,"height":1701,"caption":"volumes familiares para escalar o parapeito"},{"@type":"BreadcrumbList","@id":"https:\/\/www.presasg8.es\/pt-pt\/producto\/volumes-de-prateleiras-familiares\/#breadcrumb","itemListElement":[{"@type":"ListItem","position":1,"name":"Portada","item":"https:\/\/www.presasg8.es\/pt-pt\/"},{"@type":"ListItem","position":2,"name":"Loja de suportes de escalada","item":"https:\/\/www.presasg8.es\/pt-pt\/tienda-2\/"},{"@type":"ListItem","position":3,"name":"Volumes de prateleiras familiares"}]},{"@type":"WebSite","@id":"https:\/\/www.presasg8.es\/pt-pt\/#website","url":"https:\/\/www.presasg8.es\/pt-pt\/","name":"Presas de escalada G8","description":"Tienda online de Presas de escalada para roc\u00f3dromo","publisher":{"@id":"https:\/\/www.presasg8.es\/pt-pt\/#organization"},"alternateName":"Presas de escalada para roc\u00f3dromo","potentialAction":[{"@type":"SearchAction","target":{"@type":"EntryPoint","urlTemplate":"https:\/\/www.presasg8.es\/pt-pt\/?s={search_term_string}"},"query-input":{"@type":"PropertyValueSpecification","valueRequired":true,"valueName":"search_term_string"}}],"inLanguage":"pt-PT"},{"@type":"Organization","@id":"https:\/\/www.presasg8.es\/pt-pt\/#organization","name":"Presas de escalada G8","alternateName":"Presas de escalada para roc\u00f3dromo G8","url":"https:\/\/www.presasg8.es\/pt-pt\/","logo":{"@type":"ImageObject","inLanguage":"pt-PT","@id":"https:\/\/www.presasg8.es\/pt-pt\/#\/schema\/logo\/image\/","url":"https:\/\/www.presasg8.es\/wp-content\/uploads\/2023\/09\/logo-presas-g8.jpeg","contentUrl":"https:\/\/www.presasg8.es\/wp-content\/uploads\/2023\/09\/logo-presas-g8.jpeg","width":400,"height":486,"caption":"Presas de escalada G8"},"image":{"@id":"https:\/\/www.presasg8.es\/pt-pt\/#\/schema\/logo\/image\/"},"sameAs":["https:\/\/www.facebook.com\/presasescaladag8\/","https:\/\/www.instagram.com\/presasg8\/"]}]}},"_links":{"self":[{"href":"https:\/\/www.presasg8.es\/pt-pt\/wp-json\/wp\/v2\/product\/8549","targetHints":{"allow":["GET"]}}],"collection":[{"href":"https:\/\/www.presasg8.es\/pt-pt\/wp-json\/wp\/v2\/product"}],"about":[{"href":"https:\/\/www.presasg8.es\/pt-pt\/wp-json\/wp\/v2\/types\/product"}],"replies":[{"embeddable":true,"href":"https:\/\/www.presasg8.es\/pt-pt\/wp-json\/wp\/v2\/comments?post=8549"}],"wp:featuredmedia":[{"embeddable":true,"href":"https:\/\/www.presasg8.es\/pt-pt\/wp-json\/wp\/v2\/media\/8466"}],"wp:attachment":[{"href":"https:\/\/www.presasg8.es\/pt-pt\/wp-json\/wp\/v2\/media?parent=8549"}],"wp:term":[{"taxonomy":"product_brand","embeddable":true,"href":"https:\/\/www.presasg8.es\/pt-pt\/wp-json\/wp\/v2\/product_brand?post=8549"},{"taxonomy":"product_cat","embeddable":true,"href":"https:\/\/www.presasg8.es\/pt-pt\/wp-json\/wp\/v2\/product_cat?post=8549"},{"taxonomy":"product_tag","embeddable":true,"href":"https:\/\/www.presasg8.es\/pt-pt\/wp-json\/wp\/v2\/product_tag?post=8549"}],"curies":[{"name":"wp","href":"https:\/\/api.w.org\/{rel}","templated":true}]}}