{"id":8054,"date":"2025-05-02T08:05:58","date_gmt":"2025-05-02T06:05:58","guid":{"rendered":"https:\/\/www.presasg8.es\/producto\/pegas-de-escalada-multiusos-para-maos-e-pes\/"},"modified":"2025-05-02T08:05:58","modified_gmt":"2025-05-02T06:05:58","slug":"pegas-de-escalada-multiusos-para-maos-e-pes","status":"publish","type":"product","link":"https:\/\/www.presasg8.es\/pt-pt\/producto\/pegas-de-escalada-multiusos-para-maos-e-pes\/","title":{"rendered":"Pegas de escalada multiusos para m\u00e3os e p\u00e9s"},"content":{"rendered":"<p>Conjunto de 15 suportes de escalada de tamanho pequeno (S) agarras, prontos para serem instalados com parafusos de 3,5 mm em madeira ou bet\u00e3o. \u00c9 um conjunto de 15 agarras suportes de escalada que podem ser usados com as m\u00e3os e os p\u00e9s. \u00c9 ideal para paredes ligeiramente salientes, como a Moon ou a Kilter Board. Neste conjunto de 15 pe\u00e7as predominam os grampos positivos, os grampos, os planos&#8230; todos eles adequados para serem fixados em pain\u00e9is suspensos.   <\/p>\n<p>15 agarras Escadas de escalada tamanho S com 2 orif\u00edcios cada para instala\u00e7\u00e3o com parafusos de lag. Inclina\u00e7\u00e3o recomendada: pain\u00e9is verticais e ligeiramente inclinados 0\u00ba-35\u00ba.<\/p>\n<p>N\u00e3o percas este conjunto econ\u00f3mico e vers\u00e1til. agarras<\/p>\n","protected":false},"excerpt":{"rendered":"<p>Conjunto de 15 suportes de escalada de tamanho pequeno (S)  [&#8230;]<\/p>\n","protected":false},"featured_media":7977,"comment_status":"closed","ping_status":"closed","template":"","meta":{"_joinchat":[]},"product_brand":[],"product_cat":[175,70,173,69],"product_tag":[],"class_list":{"0":"post-8054","1":"product","2":"type-product","3":"status-publish","4":"has-post-thumbnail","6":"product_cat-barragens-em-pe","7":"product_cat-pacote-de-suportes-de-escalada","8":"product_cat-prensas-s-manuais-bloco-especial-ou-tecnico","9":"product_cat-suportes-de-escalada","11":"first","12":"instock","13":"featured","14":"taxable","15":"shipping-taxable","16":"purchasable","17":"product-type-variable","18":"has-default-attributes"},"yoast_head":"<!-- This site is optimized with the Yoast SEO plugin v27.3 - https:\/\/yoast.com\/product\/yoast-seo-wordpress\/ -->\n<title>Pegas de escalada multiusos para m\u00e3os e p\u00e9s - Presas G8 - Presas de escalada para roc\u00f3dromo<\/title>\n<meta name=\"description\" content=\"Suporte de trepar polivalente para utilizar com as m\u00e3os ou com os p\u00e9s. Suporte de escalada b\u00e1sico para a tua parede deslizante.\" \/>\n<meta name=\"robots\" content=\"index, follow, max-snippet:-1, max-image-preview:large, max-video-preview:-1\" \/>\n<link rel=\"canonical\" href=\"https:\/\/www.presasg8.es\/pt-pt\/producto\/pegas-de-escalada-multiusos-para-maos-e-pes\/\" \/>\n<meta property=\"og:locale\" content=\"pt_PT\" \/>\n<meta property=\"og:type\" content=\"article\" \/>\n<meta property=\"og:title\" content=\"Pegas de escalada multiusos para m\u00e3os e p\u00e9s - Presas G8 - Presas de escalada para roc\u00f3dromo\" \/>\n<meta property=\"og:description\" content=\"Suporte de trepar polivalente para utilizar com as m\u00e3os ou com os p\u00e9s. Suporte de escalada b\u00e1sico para a tua parede deslizante.\" \/>\n<meta property=\"og:url\" content=\"https:\/\/www.presasg8.es\/pt-pt\/producto\/pegas-de-escalada-multiusos-para-maos-e-pes\/\" \/>\n<meta property=\"og:site_name\" content=\"Presas G8 - Presas de escalada para roc\u00f3dromo\" \/>\n<meta property=\"article:publisher\" content=\"https:\/\/www.facebook.com\/presasescaladag8\/\" \/>\n<meta property=\"og:image\" content=\"https:\/\/www.presasg8.es\/wp-content\/uploads\/2025\/05\/presas-de-escalada-mixtas-1.jpg\" \/>\n\t<meta property=\"og:image:width\" content=\"2000\" \/>\n\t<meta property=\"og:image:height\" content=\"2000\" \/>\n\t<meta property=\"og:image:type\" content=\"image\/jpeg\" \/>\n<meta name=\"twitter:card\" content=\"summary_large_image\" \/>\n<meta name=\"twitter:label1\" content=\"Tempo estimado de leitura\" \/>\n\t<meta name=\"twitter:data1\" content=\"1 minuto\" \/>\n<script type=\"application\/ld+json\" class=\"yoast-schema-graph\">{\"@context\":\"https:\\\/\\\/schema.org\",\"@graph\":[{\"@type\":\"WebPage\",\"@id\":\"https:\\\/\\\/www.presasg8.es\\\/pt-pt\\\/producto\\\/pegas-de-escalada-multiusos-para-maos-e-pes\\\/\",\"url\":\"https:\\\/\\\/www.presasg8.es\\\/pt-pt\\\/producto\\\/pegas-de-escalada-multiusos-para-maos-e-pes\\\/\",\"name\":\"Pegas de escalada multiusos para m\u00e3os e p\u00e9s - Presas G8 - Presas de escalada para roc\u00f3dromo\",\"isPartOf\":{\"@id\":\"https:\\\/\\\/www.presasg8.es\\\/pt-pt\\\/#website\"},\"primaryImageOfPage\":{\"@id\":\"https:\\\/\\\/www.presasg8.es\\\/pt-pt\\\/producto\\\/pegas-de-escalada-multiusos-para-maos-e-pes\\\/#primaryimage\"},\"image\":{\"@id\":\"https:\\\/\\\/www.presasg8.es\\\/pt-pt\\\/producto\\\/pegas-de-escalada-multiusos-para-maos-e-pes\\\/#primaryimage\"},\"thumbnailUrl\":\"https:\\\/\\\/www.presasg8.es\\\/wp-content\\\/uploads\\\/2025\\\/05\\\/presas-de-escalada-mixtas-1.jpg\",\"datePublished\":\"2025-05-02T06:05:58+00:00\",\"description\":\"Suporte de trepar polivalente para utilizar com as m\u00e3os ou com os p\u00e9s. Suporte de escalada b\u00e1sico para a tua parede deslizante.\",\"breadcrumb\":{\"@id\":\"https:\\\/\\\/www.presasg8.es\\\/pt-pt\\\/producto\\\/pegas-de-escalada-multiusos-para-maos-e-pes\\\/#breadcrumb\"},\"inLanguage\":\"pt-PT\",\"potentialAction\":[{\"@type\":\"ReadAction\",\"target\":[\"https:\\\/\\\/www.presasg8.es\\\/pt-pt\\\/producto\\\/pegas-de-escalada-multiusos-para-maos-e-pes\\\/\"]}]},{\"@type\":\"ImageObject\",\"inLanguage\":\"pt-PT\",\"@id\":\"https:\\\/\\\/www.presasg8.es\\\/pt-pt\\\/producto\\\/pegas-de-escalada-multiusos-para-maos-e-pes\\\/#primaryimage\",\"url\":\"https:\\\/\\\/www.presasg8.es\\\/wp-content\\\/uploads\\\/2025\\\/05\\\/presas-de-escalada-mixtas-1.jpg\",\"contentUrl\":\"https:\\\/\\\/www.presasg8.es\\\/wp-content\\\/uploads\\\/2025\\\/05\\\/presas-de-escalada-mixtas-1.jpg\",\"width\":2000,\"height\":2000,\"caption\":\"Pegas de escalada multiusos\"},{\"@type\":\"BreadcrumbList\",\"@id\":\"https:\\\/\\\/www.presasg8.es\\\/pt-pt\\\/producto\\\/pegas-de-escalada-multiusos-para-maos-e-pes\\\/#breadcrumb\",\"itemListElement\":[{\"@type\":\"ListItem\",\"position\":1,\"name\":\"Portada\",\"item\":\"https:\\\/\\\/www.presasg8.es\\\/pt-pt\\\/\"},{\"@type\":\"ListItem\",\"position\":2,\"name\":\"Loja de suportes de escalada\",\"item\":\"https:\\\/\\\/www.presasg8.es\\\/pt-pt\\\/tienda-2\\\/\"},{\"@type\":\"ListItem\",\"position\":3,\"name\":\"Pegas de escalada multiusos para m\u00e3os e p\u00e9s\"}]},{\"@type\":\"WebSite\",\"@id\":\"https:\\\/\\\/www.presasg8.es\\\/pt-pt\\\/#website\",\"url\":\"https:\\\/\\\/www.presasg8.es\\\/pt-pt\\\/\",\"name\":\"Presas de escalada G8\",\"description\":\"Tienda online de Presas de escalada para roc\u00f3dromo\",\"publisher\":{\"@id\":\"https:\\\/\\\/www.presasg8.es\\\/pt-pt\\\/#organization\"},\"alternateName\":\"Presas de escalada para roc\u00f3dromo\",\"potentialAction\":[{\"@type\":\"SearchAction\",\"target\":{\"@type\":\"EntryPoint\",\"urlTemplate\":\"https:\\\/\\\/www.presasg8.es\\\/pt-pt\\\/?s={search_term_string}\"},\"query-input\":{\"@type\":\"PropertyValueSpecification\",\"valueRequired\":true,\"valueName\":\"search_term_string\"}}],\"inLanguage\":\"pt-PT\"},{\"@type\":\"Organization\",\"@id\":\"https:\\\/\\\/www.presasg8.es\\\/pt-pt\\\/#organization\",\"name\":\"Presas de escalada G8\",\"alternateName\":\"Presas de escalada para roc\u00f3dromo G8\",\"url\":\"https:\\\/\\\/www.presasg8.es\\\/pt-pt\\\/\",\"logo\":{\"@type\":\"ImageObject\",\"inLanguage\":\"pt-PT\",\"@id\":\"https:\\\/\\\/www.presasg8.es\\\/pt-pt\\\/#\\\/schema\\\/logo\\\/image\\\/\",\"url\":\"https:\\\/\\\/www.presasg8.es\\\/wp-content\\\/uploads\\\/2023\\\/09\\\/logo-presas-g8.jpeg\",\"contentUrl\":\"https:\\\/\\\/www.presasg8.es\\\/wp-content\\\/uploads\\\/2023\\\/09\\\/logo-presas-g8.jpeg\",\"width\":400,\"height\":486,\"caption\":\"Presas de escalada G8\"},\"image\":{\"@id\":\"https:\\\/\\\/www.presasg8.es\\\/pt-pt\\\/#\\\/schema\\\/logo\\\/image\\\/\"},\"sameAs\":[\"https:\\\/\\\/www.facebook.com\\\/presasescaladag8\\\/\",\"https:\\\/\\\/www.instagram.com\\\/presasg8\\\/\"]}]}<\/script>\n<!-- \/ Yoast SEO plugin. -->","yoast_head_json":{"title":"Pegas de escalada multiusos para m\u00e3os e p\u00e9s - Presas G8 - Presas de escalada para roc\u00f3dromo","description":"Suporte de trepar polivalente para utilizar com as m\u00e3os ou com os p\u00e9s. Suporte de escalada b\u00e1sico para a tua parede deslizante.","robots":{"index":"index","follow":"follow","max-snippet":"max-snippet:-1","max-image-preview":"max-image-preview:large","max-video-preview":"max-video-preview:-1"},"canonical":"https:\/\/www.presasg8.es\/pt-pt\/producto\/pegas-de-escalada-multiusos-para-maos-e-pes\/","og_locale":"pt_PT","og_type":"article","og_title":"Pegas de escalada multiusos para m\u00e3os e p\u00e9s - Presas G8 - Presas de escalada para roc\u00f3dromo","og_description":"Suporte de trepar polivalente para utilizar com as m\u00e3os ou com os p\u00e9s. Suporte de escalada b\u00e1sico para a tua parede deslizante.","og_url":"https:\/\/www.presasg8.es\/pt-pt\/producto\/pegas-de-escalada-multiusos-para-maos-e-pes\/","og_site_name":"Presas G8 - Presas de escalada para roc\u00f3dromo","article_publisher":"https:\/\/www.facebook.com\/presasescaladag8\/","og_image":[{"width":2000,"height":2000,"url":"https:\/\/www.presasg8.es\/wp-content\/uploads\/2025\/05\/presas-de-escalada-mixtas-1.jpg","type":"image\/jpeg"}],"twitter_card":"summary_large_image","twitter_misc":{"Tempo estimado de leitura":"1 minuto"},"schema":{"@context":"https:\/\/schema.org","@graph":[{"@type":"WebPage","@id":"https:\/\/www.presasg8.es\/pt-pt\/producto\/pegas-de-escalada-multiusos-para-maos-e-pes\/","url":"https:\/\/www.presasg8.es\/pt-pt\/producto\/pegas-de-escalada-multiusos-para-maos-e-pes\/","name":"Pegas de escalada multiusos para m\u00e3os e p\u00e9s - Presas G8 - Presas de escalada para roc\u00f3dromo","isPartOf":{"@id":"https:\/\/www.presasg8.es\/pt-pt\/#website"},"primaryImageOfPage":{"@id":"https:\/\/www.presasg8.es\/pt-pt\/producto\/pegas-de-escalada-multiusos-para-maos-e-pes\/#primaryimage"},"image":{"@id":"https:\/\/www.presasg8.es\/pt-pt\/producto\/pegas-de-escalada-multiusos-para-maos-e-pes\/#primaryimage"},"thumbnailUrl":"https:\/\/www.presasg8.es\/wp-content\/uploads\/2025\/05\/presas-de-escalada-mixtas-1.jpg","datePublished":"2025-05-02T06:05:58+00:00","description":"Suporte de trepar polivalente para utilizar com as m\u00e3os ou com os p\u00e9s. Suporte de escalada b\u00e1sico para a tua parede deslizante.","breadcrumb":{"@id":"https:\/\/www.presasg8.es\/pt-pt\/producto\/pegas-de-escalada-multiusos-para-maos-e-pes\/#breadcrumb"},"inLanguage":"pt-PT","potentialAction":[{"@type":"ReadAction","target":["https:\/\/www.presasg8.es\/pt-pt\/producto\/pegas-de-escalada-multiusos-para-maos-e-pes\/"]}]},{"@type":"ImageObject","inLanguage":"pt-PT","@id":"https:\/\/www.presasg8.es\/pt-pt\/producto\/pegas-de-escalada-multiusos-para-maos-e-pes\/#primaryimage","url":"https:\/\/www.presasg8.es\/wp-content\/uploads\/2025\/05\/presas-de-escalada-mixtas-1.jpg","contentUrl":"https:\/\/www.presasg8.es\/wp-content\/uploads\/2025\/05\/presas-de-escalada-mixtas-1.jpg","width":2000,"height":2000,"caption":"Pegas de escalada multiusos"},{"@type":"BreadcrumbList","@id":"https:\/\/www.presasg8.es\/pt-pt\/producto\/pegas-de-escalada-multiusos-para-maos-e-pes\/#breadcrumb","itemListElement":[{"@type":"ListItem","position":1,"name":"Portada","item":"https:\/\/www.presasg8.es\/pt-pt\/"},{"@type":"ListItem","position":2,"name":"Loja de suportes de escalada","item":"https:\/\/www.presasg8.es\/pt-pt\/tienda-2\/"},{"@type":"ListItem","position":3,"name":"Pegas de escalada multiusos para m\u00e3os e p\u00e9s"}]},{"@type":"WebSite","@id":"https:\/\/www.presasg8.es\/pt-pt\/#website","url":"https:\/\/www.presasg8.es\/pt-pt\/","name":"Presas de escalada G8","description":"Tienda online de Presas de escalada para roc\u00f3dromo","publisher":{"@id":"https:\/\/www.presasg8.es\/pt-pt\/#organization"},"alternateName":"Presas de escalada para roc\u00f3dromo","potentialAction":[{"@type":"SearchAction","target":{"@type":"EntryPoint","urlTemplate":"https:\/\/www.presasg8.es\/pt-pt\/?s={search_term_string}"},"query-input":{"@type":"PropertyValueSpecification","valueRequired":true,"valueName":"search_term_string"}}],"inLanguage":"pt-PT"},{"@type":"Organization","@id":"https:\/\/www.presasg8.es\/pt-pt\/#organization","name":"Presas de escalada G8","alternateName":"Presas de escalada para roc\u00f3dromo G8","url":"https:\/\/www.presasg8.es\/pt-pt\/","logo":{"@type":"ImageObject","inLanguage":"pt-PT","@id":"https:\/\/www.presasg8.es\/pt-pt\/#\/schema\/logo\/image\/","url":"https:\/\/www.presasg8.es\/wp-content\/uploads\/2023\/09\/logo-presas-g8.jpeg","contentUrl":"https:\/\/www.presasg8.es\/wp-content\/uploads\/2023\/09\/logo-presas-g8.jpeg","width":400,"height":486,"caption":"Presas de escalada G8"},"image":{"@id":"https:\/\/www.presasg8.es\/pt-pt\/#\/schema\/logo\/image\/"},"sameAs":["https:\/\/www.facebook.com\/presasescaladag8\/","https:\/\/www.instagram.com\/presasg8\/"]}]}},"_links":{"self":[{"href":"https:\/\/www.presasg8.es\/pt-pt\/wp-json\/wp\/v2\/product\/8054","targetHints":{"allow":["GET"]}}],"collection":[{"href":"https:\/\/www.presasg8.es\/pt-pt\/wp-json\/wp\/v2\/product"}],"about":[{"href":"https:\/\/www.presasg8.es\/pt-pt\/wp-json\/wp\/v2\/types\/product"}],"replies":[{"embeddable":true,"href":"https:\/\/www.presasg8.es\/pt-pt\/wp-json\/wp\/v2\/comments?post=8054"}],"wp:featuredmedia":[{"embeddable":true,"href":"https:\/\/www.presasg8.es\/pt-pt\/wp-json\/wp\/v2\/media\/7977"}],"wp:attachment":[{"href":"https:\/\/www.presasg8.es\/pt-pt\/wp-json\/wp\/v2\/media?parent=8054"}],"wp:term":[{"taxonomy":"product_brand","embeddable":true,"href":"https:\/\/www.presasg8.es\/pt-pt\/wp-json\/wp\/v2\/product_brand?post=8054"},{"taxonomy":"product_cat","embeddable":true,"href":"https:\/\/www.presasg8.es\/pt-pt\/wp-json\/wp\/v2\/product_cat?post=8054"},{"taxonomy":"product_tag","embeddable":true,"href":"https:\/\/www.presasg8.es\/pt-pt\/wp-json\/wp\/v2\/product_tag?post=8054"}],"curies":[{"name":"wp","href":"https:\/\/api.w.org\/{rel}","templated":true}]}}