{"id":7764,"date":"2025-02-12T07:38:22","date_gmt":"2025-02-12T06:38:22","guid":{"rendered":"https:\/\/www.presasg8.es\/producto\/grampos-essenciais-para-a-escalada\/"},"modified":"2025-05-11T08:34:03","modified_gmt":"2025-05-11T06:34:03","slug":"grampos-essenciais-para-a-escalada","status":"publish","type":"product","link":"https:\/\/www.presasg8.es\/pt-pt\/producto\/grampos-essenciais-para-a-escalada\/","title":{"rendered":"Grampos essenciais para a escalada"},"content":{"rendered":"<p>agarras Conjunto de 12 suportes de escalada em forma de tri\u00e2ngulo. agarras Estes 12 tri\u00e2ngulos t\u00eam diferentes comprimentos, larguras e inclina\u00e7\u00f5es para teres uma grande variedade de agarres na tua parede de escalada. Um pacote indispens\u00e1vel para a tua parede de escalada.  <\/p>\n<ul>\n<li>agarras 12 trepadeiras m\u00e9tricas de 10 furos com furos m\u00e9tricos de 4 parafusos<\/li>\n<li>Tamanhos 2L e 10M<\/li>\n<li>  Inclina\u00e7\u00e3o recomendada: pain\u00e9is verticais e ligeiramente inclinados 0\u00ba-35\u00ba.<\/li>\n<\/ul>\n<p>Grampos de escalada A G8 desenvolveu cuidadosamente este pacote para satisfazer as necessidades dos escaladores no que diz respeito aos grampos de escalada. Podem ser utilizadas na tua parede de escalada preferida, no teu moonboard, na tua prancha multi-drop&#8230; <\/p>\n<p>Gra\u00e7as aos seus 12 modelos, ter\u00e1s uma pega em diferentes \u00e2ngulos, comprimentos e larguras. N\u00e3o esperes mais e adquire este pack para maximizar a tua ader\u00eancia. <\/p>\n<p>Se quiseres pin\u00e7as de fixa\u00e7\u00e3o mais pequenas <a href=\"https:\/\/www.presasg8.es\/pt-pt\/producto\/suporte-de-escalada-com-setas\/\">, clica aqui<\/a><\/p>\n<p>Podes ver algumas forma\u00e7\u00f5es sobre pin\u00e7as na <a href=\"https:\/\/www.rumiclimbing.com\/blog-escalada\/como-entrenar-fuerza-pinzas-escalada\/\">p\u00e1gina<\/a> seguinte<\/p>\n","protected":false},"excerpt":{"rendered":"<p>agarras Conjunto de 12 suportes de escalada em forma de  [&#8230;]<\/p>\n","protected":false},"featured_media":7738,"comment_status":"closed","ping_status":"closed","template":"","meta":{"_joinchat":[]},"product_brand":[],"product_cat":[70,69],"product_tag":[],"class_list":{"0":"post-7764","1":"product","2":"type-product","3":"status-publish","4":"has-post-thumbnail","6":"product_cat-pacote-de-suportes-de-escalada","7":"product_cat-suportes-de-escalada","9":"first","10":"instock","11":"featured","12":"taxable","13":"shipping-taxable","14":"purchasable","15":"product-type-variable"},"yoast_head":"<!-- This site is optimized with the Yoast SEO plugin v27.5 - https:\/\/yoast.com\/product\/yoast-seo-wordpress\/ -->\n<title>Grampos essenciais para a escalada - Presas G8 - Presas de escalada para roc\u00f3dromo<\/title>\n<meta name=\"description\" content=\"Agarras de escalada com pin\u00e7a. agarras Diferentes para parede de escalada com pin\u00e7a. Agarra com grampo. Pegas de escalada econ\u00f3micas\" \/>\n<meta name=\"robots\" content=\"index, follow, max-snippet:-1, max-image-preview:large, max-video-preview:-1\" \/>\n<link rel=\"canonical\" href=\"https:\/\/www.presasg8.es\/pt-pt\/producto\/grampos-essenciais-para-a-escalada\/\" \/>\n<meta property=\"og:locale\" content=\"pt_PT\" \/>\n<meta property=\"og:type\" content=\"article\" \/>\n<meta property=\"og:title\" content=\"Grampos essenciais para a escalada - Presas G8 - Presas de escalada para roc\u00f3dromo\" \/>\n<meta property=\"og:description\" content=\"Agarras de escalada com pin\u00e7a. agarras Diferentes para parede de escalada com pin\u00e7a. Agarra com grampo. Pegas de escalada econ\u00f3micas\" \/>\n<meta property=\"og:url\" content=\"https:\/\/www.presasg8.es\/pt-pt\/producto\/grampos-essenciais-para-a-escalada\/\" \/>\n<meta property=\"og:site_name\" content=\"Presas G8 - Presas de escalada para roc\u00f3dromo\" \/>\n<meta property=\"article:publisher\" content=\"https:\/\/www.facebook.com\/presasescaladag8\/\" \/>\n<meta property=\"article:modified_time\" content=\"2025-05-11T06:34:03+00:00\" \/>\n<meta property=\"og:image\" content=\"https:\/\/www.presasg8.es\/wp-content\/uploads\/2025\/02\/pinzas-esenciales-1-1024x1024.jpg\" \/>\n\t<meta property=\"og:image:width\" content=\"1024\" \/>\n\t<meta property=\"og:image:height\" content=\"1024\" \/>\n\t<meta property=\"og:image:type\" content=\"image\/jpeg\" \/>\n<meta name=\"twitter:card\" content=\"summary_large_image\" \/>\n<meta name=\"twitter:label1\" content=\"Tempo estimado de leitura\" \/>\n\t<meta name=\"twitter:data1\" content=\"1 minuto\" \/>\n<script type=\"application\/ld+json\" class=\"yoast-schema-graph\">{\"@context\":\"https:\\\/\\\/schema.org\",\"@graph\":[{\"@type\":\"WebPage\",\"@id\":\"https:\\\/\\\/www.presasg8.es\\\/pt-pt\\\/producto\\\/grampos-essenciais-para-a-escalada\\\/\",\"url\":\"https:\\\/\\\/www.presasg8.es\\\/pt-pt\\\/producto\\\/grampos-essenciais-para-a-escalada\\\/\",\"name\":\"Grampos essenciais para a escalada - Presas G8 - Presas de escalada para roc\u00f3dromo\",\"isPartOf\":{\"@id\":\"https:\\\/\\\/www.presasg8.es\\\/pt-pt\\\/#website\"},\"primaryImageOfPage\":{\"@id\":\"https:\\\/\\\/www.presasg8.es\\\/pt-pt\\\/producto\\\/grampos-essenciais-para-a-escalada\\\/#primaryimage\"},\"image\":{\"@id\":\"https:\\\/\\\/www.presasg8.es\\\/pt-pt\\\/producto\\\/grampos-essenciais-para-a-escalada\\\/#primaryimage\"},\"thumbnailUrl\":\"https:\\\/\\\/www.presasg8.es\\\/wp-content\\\/uploads\\\/2025\\\/02\\\/pinzas-esenciales-1.jpg\",\"datePublished\":\"2025-02-12T06:38:22+00:00\",\"dateModified\":\"2025-05-11T06:34:03+00:00\",\"description\":\"Agarras de escalada com pin\u00e7a. agarras Diferentes para parede de escalada com pin\u00e7a. Agarra com grampo. Pegas de escalada econ\u00f3micas\",\"breadcrumb\":{\"@id\":\"https:\\\/\\\/www.presasg8.es\\\/pt-pt\\\/producto\\\/grampos-essenciais-para-a-escalada\\\/#breadcrumb\"},\"inLanguage\":\"pt-PT\",\"potentialAction\":[{\"@type\":\"ReadAction\",\"target\":[\"https:\\\/\\\/www.presasg8.es\\\/pt-pt\\\/producto\\\/grampos-essenciais-para-a-escalada\\\/\"]}]},{\"@type\":\"ImageObject\",\"inLanguage\":\"pt-PT\",\"@id\":\"https:\\\/\\\/www.presasg8.es\\\/pt-pt\\\/producto\\\/grampos-essenciais-para-a-escalada\\\/#primaryimage\",\"url\":\"https:\\\/\\\/www.presasg8.es\\\/wp-content\\\/uploads\\\/2025\\\/02\\\/pinzas-esenciales-1.jpg\",\"contentUrl\":\"https:\\\/\\\/www.presasg8.es\\\/wp-content\\\/uploads\\\/2025\\\/02\\\/pinzas-esenciales-1.jpg\",\"width\":2000,\"height\":2000,\"caption\":\"agarras grampos de escalada essenciais\"},{\"@type\":\"BreadcrumbList\",\"@id\":\"https:\\\/\\\/www.presasg8.es\\\/pt-pt\\\/producto\\\/grampos-essenciais-para-a-escalada\\\/#breadcrumb\",\"itemListElement\":[{\"@type\":\"ListItem\",\"position\":1,\"name\":\"Portada\",\"item\":\"https:\\\/\\\/www.presasg8.es\\\/pt-pt\\\/\"},{\"@type\":\"ListItem\",\"position\":2,\"name\":\"Loja de suportes de escalada\",\"item\":\"https:\\\/\\\/www.presasg8.es\\\/pt-pt\\\/tienda-2\\\/\"},{\"@type\":\"ListItem\",\"position\":3,\"name\":\"Grampos essenciais para a escalada\"}]},{\"@type\":\"WebSite\",\"@id\":\"https:\\\/\\\/www.presasg8.es\\\/pt-pt\\\/#website\",\"url\":\"https:\\\/\\\/www.presasg8.es\\\/pt-pt\\\/\",\"name\":\"Presas de escalada G8\",\"description\":\"Tienda online de Presas de escalada para roc\u00f3dromo\",\"publisher\":{\"@id\":\"https:\\\/\\\/www.presasg8.es\\\/pt-pt\\\/#organization\"},\"alternateName\":\"Presas de escalada para roc\u00f3dromo\",\"potentialAction\":[{\"@type\":\"SearchAction\",\"target\":{\"@type\":\"EntryPoint\",\"urlTemplate\":\"https:\\\/\\\/www.presasg8.es\\\/pt-pt\\\/?s={search_term_string}\"},\"query-input\":{\"@type\":\"PropertyValueSpecification\",\"valueRequired\":true,\"valueName\":\"search_term_string\"}}],\"inLanguage\":\"pt-PT\"},{\"@type\":\"Organization\",\"@id\":\"https:\\\/\\\/www.presasg8.es\\\/pt-pt\\\/#organization\",\"name\":\"Presas de escalada G8\",\"alternateName\":\"Presas de escalada para roc\u00f3dromo G8\",\"url\":\"https:\\\/\\\/www.presasg8.es\\\/pt-pt\\\/\",\"logo\":{\"@type\":\"ImageObject\",\"inLanguage\":\"pt-PT\",\"@id\":\"https:\\\/\\\/www.presasg8.es\\\/pt-pt\\\/#\\\/schema\\\/logo\\\/image\\\/\",\"url\":\"https:\\\/\\\/www.presasg8.es\\\/wp-content\\\/uploads\\\/2023\\\/09\\\/logo-presas-g8.jpeg\",\"contentUrl\":\"https:\\\/\\\/www.presasg8.es\\\/wp-content\\\/uploads\\\/2023\\\/09\\\/logo-presas-g8.jpeg\",\"width\":400,\"height\":486,\"caption\":\"Presas de escalada G8\"},\"image\":{\"@id\":\"https:\\\/\\\/www.presasg8.es\\\/pt-pt\\\/#\\\/schema\\\/logo\\\/image\\\/\"},\"sameAs\":[\"https:\\\/\\\/www.facebook.com\\\/presasescaladag8\\\/\",\"https:\\\/\\\/www.instagram.com\\\/presasg8\\\/\"]}]}<\/script>\n<!-- \/ Yoast SEO plugin. -->","yoast_head_json":{"title":"Grampos essenciais para a escalada - Presas G8 - Presas de escalada para roc\u00f3dromo","description":"Agarras de escalada com pin\u00e7a. agarras Diferentes para parede de escalada com pin\u00e7a. Agarra com grampo. Pegas de escalada econ\u00f3micas","robots":{"index":"index","follow":"follow","max-snippet":"max-snippet:-1","max-image-preview":"max-image-preview:large","max-video-preview":"max-video-preview:-1"},"canonical":"https:\/\/www.presasg8.es\/pt-pt\/producto\/grampos-essenciais-para-a-escalada\/","og_locale":"pt_PT","og_type":"article","og_title":"Grampos essenciais para a escalada - Presas G8 - Presas de escalada para roc\u00f3dromo","og_description":"Agarras de escalada com pin\u00e7a. agarras Diferentes para parede de escalada com pin\u00e7a. Agarra com grampo. Pegas de escalada econ\u00f3micas","og_url":"https:\/\/www.presasg8.es\/pt-pt\/producto\/grampos-essenciais-para-a-escalada\/","og_site_name":"Presas G8 - Presas de escalada para roc\u00f3dromo","article_publisher":"https:\/\/www.facebook.com\/presasescaladag8\/","article_modified_time":"2025-05-11T06:34:03+00:00","og_image":[{"width":1024,"height":1024,"url":"https:\/\/www.presasg8.es\/wp-content\/uploads\/2025\/02\/pinzas-esenciales-1-1024x1024.jpg","type":"image\/jpeg"}],"twitter_card":"summary_large_image","twitter_misc":{"Tempo estimado de leitura":"1 minuto"},"schema":{"@context":"https:\/\/schema.org","@graph":[{"@type":"WebPage","@id":"https:\/\/www.presasg8.es\/pt-pt\/producto\/grampos-essenciais-para-a-escalada\/","url":"https:\/\/www.presasg8.es\/pt-pt\/producto\/grampos-essenciais-para-a-escalada\/","name":"Grampos essenciais para a escalada - Presas G8 - Presas de escalada para roc\u00f3dromo","isPartOf":{"@id":"https:\/\/www.presasg8.es\/pt-pt\/#website"},"primaryImageOfPage":{"@id":"https:\/\/www.presasg8.es\/pt-pt\/producto\/grampos-essenciais-para-a-escalada\/#primaryimage"},"image":{"@id":"https:\/\/www.presasg8.es\/pt-pt\/producto\/grampos-essenciais-para-a-escalada\/#primaryimage"},"thumbnailUrl":"https:\/\/www.presasg8.es\/wp-content\/uploads\/2025\/02\/pinzas-esenciales-1.jpg","datePublished":"2025-02-12T06:38:22+00:00","dateModified":"2025-05-11T06:34:03+00:00","description":"Agarras de escalada com pin\u00e7a. agarras Diferentes para parede de escalada com pin\u00e7a. Agarra com grampo. Pegas de escalada econ\u00f3micas","breadcrumb":{"@id":"https:\/\/www.presasg8.es\/pt-pt\/producto\/grampos-essenciais-para-a-escalada\/#breadcrumb"},"inLanguage":"pt-PT","potentialAction":[{"@type":"ReadAction","target":["https:\/\/www.presasg8.es\/pt-pt\/producto\/grampos-essenciais-para-a-escalada\/"]}]},{"@type":"ImageObject","inLanguage":"pt-PT","@id":"https:\/\/www.presasg8.es\/pt-pt\/producto\/grampos-essenciais-para-a-escalada\/#primaryimage","url":"https:\/\/www.presasg8.es\/wp-content\/uploads\/2025\/02\/pinzas-esenciales-1.jpg","contentUrl":"https:\/\/www.presasg8.es\/wp-content\/uploads\/2025\/02\/pinzas-esenciales-1.jpg","width":2000,"height":2000,"caption":"agarras grampos de escalada essenciais"},{"@type":"BreadcrumbList","@id":"https:\/\/www.presasg8.es\/pt-pt\/producto\/grampos-essenciais-para-a-escalada\/#breadcrumb","itemListElement":[{"@type":"ListItem","position":1,"name":"Portada","item":"https:\/\/www.presasg8.es\/pt-pt\/"},{"@type":"ListItem","position":2,"name":"Loja de suportes de escalada","item":"https:\/\/www.presasg8.es\/pt-pt\/tienda-2\/"},{"@type":"ListItem","position":3,"name":"Grampos essenciais para a escalada"}]},{"@type":"WebSite","@id":"https:\/\/www.presasg8.es\/pt-pt\/#website","url":"https:\/\/www.presasg8.es\/pt-pt\/","name":"Presas de escalada G8","description":"Tienda online de Presas de escalada para roc\u00f3dromo","publisher":{"@id":"https:\/\/www.presasg8.es\/pt-pt\/#organization"},"alternateName":"Presas de escalada para roc\u00f3dromo","potentialAction":[{"@type":"SearchAction","target":{"@type":"EntryPoint","urlTemplate":"https:\/\/www.presasg8.es\/pt-pt\/?s={search_term_string}"},"query-input":{"@type":"PropertyValueSpecification","valueRequired":true,"valueName":"search_term_string"}}],"inLanguage":"pt-PT"},{"@type":"Organization","@id":"https:\/\/www.presasg8.es\/pt-pt\/#organization","name":"Presas de escalada G8","alternateName":"Presas de escalada para roc\u00f3dromo G8","url":"https:\/\/www.presasg8.es\/pt-pt\/","logo":{"@type":"ImageObject","inLanguage":"pt-PT","@id":"https:\/\/www.presasg8.es\/pt-pt\/#\/schema\/logo\/image\/","url":"https:\/\/www.presasg8.es\/wp-content\/uploads\/2023\/09\/logo-presas-g8.jpeg","contentUrl":"https:\/\/www.presasg8.es\/wp-content\/uploads\/2023\/09\/logo-presas-g8.jpeg","width":400,"height":486,"caption":"Presas de escalada G8"},"image":{"@id":"https:\/\/www.presasg8.es\/pt-pt\/#\/schema\/logo\/image\/"},"sameAs":["https:\/\/www.facebook.com\/presasescaladag8\/","https:\/\/www.instagram.com\/presasg8\/"]}]}},"_links":{"self":[{"href":"https:\/\/www.presasg8.es\/pt-pt\/wp-json\/wp\/v2\/product\/7764","targetHints":{"allow":["GET"]}}],"collection":[{"href":"https:\/\/www.presasg8.es\/pt-pt\/wp-json\/wp\/v2\/product"}],"about":[{"href":"https:\/\/www.presasg8.es\/pt-pt\/wp-json\/wp\/v2\/types\/product"}],"replies":[{"embeddable":true,"href":"https:\/\/www.presasg8.es\/pt-pt\/wp-json\/wp\/v2\/comments?post=7764"}],"wp:featuredmedia":[{"embeddable":true,"href":"https:\/\/www.presasg8.es\/pt-pt\/wp-json\/wp\/v2\/media\/7738"}],"wp:attachment":[{"href":"https:\/\/www.presasg8.es\/pt-pt\/wp-json\/wp\/v2\/media?parent=7764"}],"wp:term":[{"taxonomy":"product_brand","embeddable":true,"href":"https:\/\/www.presasg8.es\/pt-pt\/wp-json\/wp\/v2\/product_brand?post=7764"},{"taxonomy":"product_cat","embeddable":true,"href":"https:\/\/www.presasg8.es\/pt-pt\/wp-json\/wp\/v2\/product_cat?post=7764"},{"taxonomy":"product_tag","embeddable":true,"href":"https:\/\/www.presasg8.es\/pt-pt\/wp-json\/wp\/v2\/product_tag?post=7764"}],"curies":[{"name":"wp","href":"https:\/\/api.w.org\/{rel}","templated":true}]}}