{"id":7598,"date":"2025-01-30T09:09:27","date_gmt":"2025-01-30T08:09:27","guid":{"rendered":"https:\/\/www.presasg8.es\/producto\/descida-perfeita\/"},"modified":"2025-02-13T07:39:15","modified_gmt":"2025-02-13T06:39:15","slug":"descida-perfeita","status":"publish","type":"product","link":"https:\/\/www.presasg8.es\/pt-pt\/producto\/descida-perfeita\/","title":{"rendered":"Descida perfeita"},"content":{"rendered":"<h2>O Diret Drive\u2122 Self Belay da Perfect Descent Climbing Systems<\/h2>\n<p>O <strong>Diret Drive \u2122 Self Belay<\/strong> da Perfect Descent est\u00e1 alojado em uma caixa robusta, selada, l\u00edder da ind\u00fastria e compat\u00edvel com EN. Este modelo \u00e9 a solu\u00e7\u00e3o de seguran\u00e7a autom\u00e1tica ideal para aplica\u00e7\u00f5es como paredes de escalada privadas, paredes de escalada profissionais, clubes de escalada &#8230; O <strong>Diret Drive\u2122<\/strong> \u00e9 perfeito para vias de escalada em que n\u00e3o \u00e9 necess\u00e1ria a presen\u00e7a humana de um amarrador, uma vez que \u00e9 totalmente autom\u00e1tico. <\/p>\n<h2>Um bom investimento:<\/h2>\n<ul>\n<li><strong>A Perfect Descent<\/strong> \u00e9 uma seguradora l\u00edder com uma rela\u00e7\u00e3o pre\u00e7o\/desempenho baixa.<\/li>\n<li>O design leve e compacto significa que os custos de envio s\u00e3o mais baixos para devolver as unidades quando estas tiverem de ser sujeitas a manuten\u00e7\u00e3o.<\/li>\n<li>Uma rede crescente de centros de assist\u00eancia autorizados pela f\u00e1brica facilita a manuten\u00e7\u00e3o das tuas unidades em servi\u00e7o e na parede de forma r\u00e1pida e f\u00e1cil.<\/li>\n<\/ul>\n<h2>Artesanato, seguran\u00e7a e inova\u00e7\u00e3o:<\/h2>\n<ul>\n<li>Os Perfect Descent Auto Belayers s\u00e3o feitos \u00e0 m\u00e3o no Colorado, EUA, t\u00eam uma caixa de a\u00e7o inoxid\u00e1vel e alum\u00ednio de alta qualidade (sem pl\u00e1stico) e nunca s\u00e3o produzidos em massa.<\/li>\n<li>Os componentes internos s\u00e3o feitos de materiais de alta qualidade que resistem ao uso repetido e requerem pouca ou nenhuma manuten\u00e7\u00e3o.<\/li>\n<li>Todos os dispositivos s\u00e3o submetidos a rigorosos controlos de qualidade antes do envio e cumprem as normas de seguran\u00e7a globais.<\/li>\n<\/ul>\n<h2>Caixa do aparelho vers\u00e1til e duradoura:<\/h2>\n<ul>\n<li>Perfect Descent s\u00e3o os dispositivos modulares de auto-prote\u00e7\u00e3o mais leves e compactos do mercado, uma carater\u00edstica essencial para facilitar o transporte e a montagem.<\/li>\n<li>A nova pega de instala\u00e7\u00e3o multiponto oferece op\u00e7\u00f5es de montagem flex\u00edveis e olhais de apoio independentes.<\/li>\n<li>Todas as unidades s\u00e3o seladas para um desempenho excecional tanto no interior como no exterior.<\/li>\n<\/ul>\n<h2>Fitas que encantam:<\/h2>\n<ul>\n<li>As fitas f\u00e1ceis de substituir demoram alguns minutos a mudar e podem ser feitas no terreno pelo utilizador final.<\/li>\n<li>Escolhe o comprimento do cinto que melhor se adapta \u00e0s tuas necessidades: 28 p\u00e9s, 40 p\u00e9s ou 53 p\u00e9s (8,5 m, 12,2 m ou 16,1 m).<\/li>\n<li>A fita de nylon de alta qualidade \u00e9 mais f\u00e1cil de utilizar do que os sistemas baseados em cabos e n\u00e3o danifica as paredes.<\/li>\n<li>O indicador de desgaste incorporado elimina as d\u00favidas sobre quando \u00e9 altura de substituir a correia.<\/li>\n<li>Um bocal de alum\u00ednio anodizado est\u00e1 integrado na correia para maior durabilidade e desempenho.<\/li>\n<li>Escolhe entre duas op\u00e7\u00f5es de mosquet\u00e3o girat\u00f3rio de 3 fases: alum\u00ednio para ambientes corrosivos ou para reduzir o peso e liga de a\u00e7o para maior durabilidade. Ou escolhe a op\u00e7\u00e3o de liga\u00e7\u00e3o dupla com mosquet\u00e3o girat\u00f3rio, trela de nylon em Y para c\u00e3es e dois mosquet\u00f5es de captura em alum\u00ednio de 3 fases. <\/li>\n<\/ul>\n<p><strong>NOTA:<\/strong> O utilizador pode substituir as correias longas por correias mais curtas para acomodar alturas de montagem mais baixas. Nunca substituas uma fita mais curta por uma fita mais comprida, pois o aparelho n\u00e3o funcionar\u00e1 corretamente. As correias mais compridas s\u00f3 podem ser instaladas pela C3 Manufacturing ou por um centro de assist\u00eancia autorizado.<\/p>\n<p><strong>IMPORTANTE:<\/strong> Os sistemas de descida autom\u00e1tica Perfect Descent foram concebidos para serem dispositivos de descida controlada utilizados em actividades de escalada vertical e n\u00e3o s\u00e3o adequados para actividades de salto que geram for\u00e7as de carga de choque. A carga repetida de choques no dispositivo pode danificar os componentes internos e, em alguns casos, provocar a avaria da unidade. O comprimento da fita deve ser sempre igual ou superior \u00e0 altura de montagem prevista. As unidades com um comprimento de fita excessivo podem apresentar um enrolamento incorreto da fita, o que pode resultar numa queda brusca ou r\u00e1pida. Seleciona sempre a fita que melhor se adapta \u00e0 altura de montagem e evita utilizar fitas longas em paredes curtas.<\/p>\n<h2>Especifica\u00e7\u00f5es<\/h2>\n<ul>\n<li><strong>Peso:<\/strong> 13,1 &#8211; 14,1 kg (29 &#8211; 31 lbs)<\/li>\n<li><strong>Dimens\u00f5es da caixa:<\/strong> 40 x 24 x 19 x 19 cm (16 x 9,5 x 7,5 pol.)<\/li>\n<li><strong>Velocidade de retra\u00e7\u00e3o da fita:<\/strong> 2 p\u00e9s\/s (0,6 m\/s)<\/li>\n<li><strong>Velocidade m\u00e1xima de descida: 2 m\/s (6,6 p\u00e9s\/s)<\/strong><\/li>\n<li><strong>Velocidade m\u00ednima de descida:<\/strong> 1,6 p\u00e9s\/s (0,5 m\/s)<\/li>\n<li><strong>Materiais da caixa:<\/strong> A\u00e7o inoxid\u00e1vel, alum\u00ednio, acetal<\/li>\n<li><strong>Materiais do bocal:<\/strong> Alum\u00ednio anodizado<\/li>\n<li><strong>Materiais da fita:<\/strong> fita de nylon com 2,5 cm de largura<\/li>\n<li><strong>Resist\u00eancia \u00e0 rutura da fita:<\/strong> 15,6 kN (3.500 lbs)<\/li>\n<li><strong>Comprimento da correia:<\/strong> 28, 40 ou 53 p\u00e9s (8,5, 12,2 ou 16,1 m)<\/li>\n<li><strong>Intervalo de peso do utilizador:<\/strong> 25 &#8211; 310 lbs (11,5 &#8211; 140 kg)<\/li>\n<\/ul>\n<h2>Certifica\u00e7\u00f5es<\/h2>\n<ul>\n<li><strong>ANSI\/ASSE Z359.4:<\/strong> Requisitos de seguran\u00e7a para sistemas, subsistemas e componentes de salvamento assistido e de auto-salvamento<\/li>\n<li>Est\u00e1 em conformidade com as normas <strong>EN341:<\/strong> 2011-1A\/RFU PPE-R\/11.128 Vers\u00e3o 1 e <strong>EN360:<\/strong> 2002. &#8211; Requer uma recertifica\u00e7\u00e3o peri\u00f3dica de 12 em 12 meses ou antes, conforme determinado por uma pessoa competente. <\/li>\n<li><strong>AS\/NZS 1891:<\/strong> Sistemas e dispositivos de prote\u00e7\u00e3o contra quedas industriais &#8211; Parte 3: Sistemas e dispositivos de prote\u00e7\u00e3o contra quedas<\/li>\n<li><strong>CSA Z259.2.3-99:<\/strong> Dispositivos de controlo da descida<\/li>\n<\/ul>\n","protected":false},"excerpt":{"rendered":"<p>O Diret Drive\u2122 Self Belay da Perfect Descent Climbing Systems  [&#8230;]<\/p>\n","protected":false},"featured_media":7576,"comment_status":"closed","ping_status":"closed","template":"","meta":{"_joinchat":[]},"product_brand":[],"product_cat":[244,177,76],"product_tag":[],"class_list":{"0":"post-7598","1":"product","2":"type-product","3":"status-publish","4":"has-post-thumbnail","6":"product_cat-acessorios","7":"product_cat-equipamento-de-escalada","8":"product_cat-parafusos","10":"first","11":"instock","12":"taxable","13":"shipping-taxable","14":"purchasable","15":"product-type-variable"},"yoast_head":"<!-- This site is optimized with the Yoast SEO plugin v27.5 - https:\/\/yoast.com\/product\/yoast-seo-wordpress\/ -->\n<title>Descida perfeita - Presas G8 - Presas de escalada para roc\u00f3dromo<\/title>\n<meta name=\"description\" content=\"Dispositivo perfeito para a descida de escalada, um dos melhores do mercado. Comprimentos diferentes. Dispositivo de seguran\u00e7a para paredes de escalada\" \/>\n<meta name=\"robots\" content=\"index, follow, max-snippet:-1, max-image-preview:large, max-video-preview:-1\" \/>\n<link rel=\"canonical\" href=\"https:\/\/www.presasg8.es\/pt-pt\/producto\/descida-perfeita\/\" \/>\n<meta property=\"og:locale\" content=\"pt_PT\" \/>\n<meta property=\"og:type\" content=\"article\" \/>\n<meta property=\"og:title\" content=\"Descida perfeita - Presas G8 - Presas de escalada para roc\u00f3dromo\" \/>\n<meta property=\"og:description\" content=\"Dispositivo perfeito para a descida de escalada, um dos melhores do mercado. Comprimentos diferentes. Dispositivo de seguran\u00e7a para paredes de escalada\" \/>\n<meta property=\"og:url\" content=\"https:\/\/www.presasg8.es\/pt-pt\/producto\/descida-perfeita\/\" \/>\n<meta property=\"og:site_name\" content=\"Presas G8 - Presas de escalada para roc\u00f3dromo\" \/>\n<meta property=\"article:publisher\" content=\"https:\/\/www.facebook.com\/presasescaladag8\/\" \/>\n<meta property=\"article:modified_time\" content=\"2025-02-13T06:39:15+00:00\" \/>\n<meta property=\"og:image\" content=\"https:\/\/www.presasg8.es\/wp-content\/uploads\/2025\/01\/auto-belay-perfect-descent-direct-drive-1.jpg\" \/>\n\t<meta property=\"og:image:width\" content=\"800\" \/>\n\t<meta property=\"og:image:height\" content=\"800\" \/>\n\t<meta property=\"og:image:type\" content=\"image\/jpeg\" \/>\n<meta name=\"twitter:card\" content=\"summary_large_image\" \/>\n<meta name=\"twitter:label1\" content=\"Tempo estimado de leitura\" \/>\n\t<meta name=\"twitter:data1\" content=\"4 minutos\" \/>\n<script type=\"application\/ld+json\" class=\"yoast-schema-graph\">{\"@context\":\"https:\\\/\\\/schema.org\",\"@graph\":[{\"@type\":\"WebPage\",\"@id\":\"https:\\\/\\\/www.presasg8.es\\\/pt-pt\\\/producto\\\/descida-perfeita\\\/\",\"url\":\"https:\\\/\\\/www.presasg8.es\\\/pt-pt\\\/producto\\\/descida-perfeita\\\/\",\"name\":\"Descida perfeita - Presas G8 - Presas de escalada para roc\u00f3dromo\",\"isPartOf\":{\"@id\":\"https:\\\/\\\/www.presasg8.es\\\/pt-pt\\\/#website\"},\"primaryImageOfPage\":{\"@id\":\"https:\\\/\\\/www.presasg8.es\\\/pt-pt\\\/producto\\\/descida-perfeita\\\/#primaryimage\"},\"image\":{\"@id\":\"https:\\\/\\\/www.presasg8.es\\\/pt-pt\\\/producto\\\/descida-perfeita\\\/#primaryimage\"},\"thumbnailUrl\":\"https:\\\/\\\/www.presasg8.es\\\/wp-content\\\/uploads\\\/2025\\\/01\\\/auto-belay-perfect-descent-direct-drive-1.jpg\",\"datePublished\":\"2025-01-30T08:09:27+00:00\",\"dateModified\":\"2025-02-13T06:39:15+00:00\",\"description\":\"Dispositivo perfeito para a descida de escalada, um dos melhores do mercado. Comprimentos diferentes. Dispositivo de seguran\u00e7a para paredes de escalada\",\"breadcrumb\":{\"@id\":\"https:\\\/\\\/www.presasg8.es\\\/pt-pt\\\/producto\\\/descida-perfeita\\\/#breadcrumb\"},\"inLanguage\":\"pt-PT\",\"potentialAction\":[{\"@type\":\"ReadAction\",\"target\":[\"https:\\\/\\\/www.presasg8.es\\\/pt-pt\\\/producto\\\/descida-perfeita\\\/\"]}]},{\"@type\":\"ImageObject\",\"inLanguage\":\"pt-PT\",\"@id\":\"https:\\\/\\\/www.presasg8.es\\\/pt-pt\\\/producto\\\/descida-perfeita\\\/#primaryimage\",\"url\":\"https:\\\/\\\/www.presasg8.es\\\/wp-content\\\/uploads\\\/2025\\\/01\\\/auto-belay-perfect-descent-direct-drive-1.jpg\",\"contentUrl\":\"https:\\\/\\\/www.presasg8.es\\\/wp-content\\\/uploads\\\/2025\\\/01\\\/auto-belay-perfect-descent-direct-drive-1.jpg\",\"width\":800,\"height\":800,\"caption\":\"descida perfeita\"},{\"@type\":\"BreadcrumbList\",\"@id\":\"https:\\\/\\\/www.presasg8.es\\\/pt-pt\\\/producto\\\/descida-perfeita\\\/#breadcrumb\",\"itemListElement\":[{\"@type\":\"ListItem\",\"position\":1,\"name\":\"Portada\",\"item\":\"https:\\\/\\\/www.presasg8.es\\\/pt-pt\\\/\"},{\"@type\":\"ListItem\",\"position\":2,\"name\":\"Loja de suportes de escalada\",\"item\":\"https:\\\/\\\/www.presasg8.es\\\/pt-pt\\\/tienda-2\\\/\"},{\"@type\":\"ListItem\",\"position\":3,\"name\":\"Descida perfeita\"}]},{\"@type\":\"WebSite\",\"@id\":\"https:\\\/\\\/www.presasg8.es\\\/pt-pt\\\/#website\",\"url\":\"https:\\\/\\\/www.presasg8.es\\\/pt-pt\\\/\",\"name\":\"Presas de escalada G8\",\"description\":\"Tienda online de Presas de escalada para roc\u00f3dromo\",\"publisher\":{\"@id\":\"https:\\\/\\\/www.presasg8.es\\\/pt-pt\\\/#organization\"},\"alternateName\":\"Presas de escalada para roc\u00f3dromo\",\"potentialAction\":[{\"@type\":\"SearchAction\",\"target\":{\"@type\":\"EntryPoint\",\"urlTemplate\":\"https:\\\/\\\/www.presasg8.es\\\/pt-pt\\\/?s={search_term_string}\"},\"query-input\":{\"@type\":\"PropertyValueSpecification\",\"valueRequired\":true,\"valueName\":\"search_term_string\"}}],\"inLanguage\":\"pt-PT\"},{\"@type\":\"Organization\",\"@id\":\"https:\\\/\\\/www.presasg8.es\\\/pt-pt\\\/#organization\",\"name\":\"Presas de escalada G8\",\"alternateName\":\"Presas de escalada para roc\u00f3dromo G8\",\"url\":\"https:\\\/\\\/www.presasg8.es\\\/pt-pt\\\/\",\"logo\":{\"@type\":\"ImageObject\",\"inLanguage\":\"pt-PT\",\"@id\":\"https:\\\/\\\/www.presasg8.es\\\/pt-pt\\\/#\\\/schema\\\/logo\\\/image\\\/\",\"url\":\"https:\\\/\\\/www.presasg8.es\\\/wp-content\\\/uploads\\\/2023\\\/09\\\/logo-presas-g8.jpeg\",\"contentUrl\":\"https:\\\/\\\/www.presasg8.es\\\/wp-content\\\/uploads\\\/2023\\\/09\\\/logo-presas-g8.jpeg\",\"width\":400,\"height\":486,\"caption\":\"Presas de escalada G8\"},\"image\":{\"@id\":\"https:\\\/\\\/www.presasg8.es\\\/pt-pt\\\/#\\\/schema\\\/logo\\\/image\\\/\"},\"sameAs\":[\"https:\\\/\\\/www.facebook.com\\\/presasescaladag8\\\/\",\"https:\\\/\\\/www.instagram.com\\\/presasg8\\\/\"]}]}<\/script>\n<!-- \/ Yoast SEO plugin. -->","yoast_head_json":{"title":"Descida perfeita - Presas G8 - Presas de escalada para roc\u00f3dromo","description":"Dispositivo perfeito para a descida de escalada, um dos melhores do mercado. Comprimentos diferentes. Dispositivo de seguran\u00e7a para paredes de escalada","robots":{"index":"index","follow":"follow","max-snippet":"max-snippet:-1","max-image-preview":"max-image-preview:large","max-video-preview":"max-video-preview:-1"},"canonical":"https:\/\/www.presasg8.es\/pt-pt\/producto\/descida-perfeita\/","og_locale":"pt_PT","og_type":"article","og_title":"Descida perfeita - Presas G8 - Presas de escalada para roc\u00f3dromo","og_description":"Dispositivo perfeito para a descida de escalada, um dos melhores do mercado. Comprimentos diferentes. Dispositivo de seguran\u00e7a para paredes de escalada","og_url":"https:\/\/www.presasg8.es\/pt-pt\/producto\/descida-perfeita\/","og_site_name":"Presas G8 - Presas de escalada para roc\u00f3dromo","article_publisher":"https:\/\/www.facebook.com\/presasescaladag8\/","article_modified_time":"2025-02-13T06:39:15+00:00","og_image":[{"width":800,"height":800,"url":"https:\/\/www.presasg8.es\/wp-content\/uploads\/2025\/01\/auto-belay-perfect-descent-direct-drive-1.jpg","type":"image\/jpeg"}],"twitter_card":"summary_large_image","twitter_misc":{"Tempo estimado de leitura":"4 minutos"},"schema":{"@context":"https:\/\/schema.org","@graph":[{"@type":"WebPage","@id":"https:\/\/www.presasg8.es\/pt-pt\/producto\/descida-perfeita\/","url":"https:\/\/www.presasg8.es\/pt-pt\/producto\/descida-perfeita\/","name":"Descida perfeita - Presas G8 - Presas de escalada para roc\u00f3dromo","isPartOf":{"@id":"https:\/\/www.presasg8.es\/pt-pt\/#website"},"primaryImageOfPage":{"@id":"https:\/\/www.presasg8.es\/pt-pt\/producto\/descida-perfeita\/#primaryimage"},"image":{"@id":"https:\/\/www.presasg8.es\/pt-pt\/producto\/descida-perfeita\/#primaryimage"},"thumbnailUrl":"https:\/\/www.presasg8.es\/wp-content\/uploads\/2025\/01\/auto-belay-perfect-descent-direct-drive-1.jpg","datePublished":"2025-01-30T08:09:27+00:00","dateModified":"2025-02-13T06:39:15+00:00","description":"Dispositivo perfeito para a descida de escalada, um dos melhores do mercado. Comprimentos diferentes. Dispositivo de seguran\u00e7a para paredes de escalada","breadcrumb":{"@id":"https:\/\/www.presasg8.es\/pt-pt\/producto\/descida-perfeita\/#breadcrumb"},"inLanguage":"pt-PT","potentialAction":[{"@type":"ReadAction","target":["https:\/\/www.presasg8.es\/pt-pt\/producto\/descida-perfeita\/"]}]},{"@type":"ImageObject","inLanguage":"pt-PT","@id":"https:\/\/www.presasg8.es\/pt-pt\/producto\/descida-perfeita\/#primaryimage","url":"https:\/\/www.presasg8.es\/wp-content\/uploads\/2025\/01\/auto-belay-perfect-descent-direct-drive-1.jpg","contentUrl":"https:\/\/www.presasg8.es\/wp-content\/uploads\/2025\/01\/auto-belay-perfect-descent-direct-drive-1.jpg","width":800,"height":800,"caption":"descida perfeita"},{"@type":"BreadcrumbList","@id":"https:\/\/www.presasg8.es\/pt-pt\/producto\/descida-perfeita\/#breadcrumb","itemListElement":[{"@type":"ListItem","position":1,"name":"Portada","item":"https:\/\/www.presasg8.es\/pt-pt\/"},{"@type":"ListItem","position":2,"name":"Loja de suportes de escalada","item":"https:\/\/www.presasg8.es\/pt-pt\/tienda-2\/"},{"@type":"ListItem","position":3,"name":"Descida perfeita"}]},{"@type":"WebSite","@id":"https:\/\/www.presasg8.es\/pt-pt\/#website","url":"https:\/\/www.presasg8.es\/pt-pt\/","name":"Presas de escalada G8","description":"Tienda online de Presas de escalada para roc\u00f3dromo","publisher":{"@id":"https:\/\/www.presasg8.es\/pt-pt\/#organization"},"alternateName":"Presas de escalada para roc\u00f3dromo","potentialAction":[{"@type":"SearchAction","target":{"@type":"EntryPoint","urlTemplate":"https:\/\/www.presasg8.es\/pt-pt\/?s={search_term_string}"},"query-input":{"@type":"PropertyValueSpecification","valueRequired":true,"valueName":"search_term_string"}}],"inLanguage":"pt-PT"},{"@type":"Organization","@id":"https:\/\/www.presasg8.es\/pt-pt\/#organization","name":"Presas de escalada G8","alternateName":"Presas de escalada para roc\u00f3dromo G8","url":"https:\/\/www.presasg8.es\/pt-pt\/","logo":{"@type":"ImageObject","inLanguage":"pt-PT","@id":"https:\/\/www.presasg8.es\/pt-pt\/#\/schema\/logo\/image\/","url":"https:\/\/www.presasg8.es\/wp-content\/uploads\/2023\/09\/logo-presas-g8.jpeg","contentUrl":"https:\/\/www.presasg8.es\/wp-content\/uploads\/2023\/09\/logo-presas-g8.jpeg","width":400,"height":486,"caption":"Presas de escalada G8"},"image":{"@id":"https:\/\/www.presasg8.es\/pt-pt\/#\/schema\/logo\/image\/"},"sameAs":["https:\/\/www.facebook.com\/presasescaladag8\/","https:\/\/www.instagram.com\/presasg8\/"]}]}},"_links":{"self":[{"href":"https:\/\/www.presasg8.es\/pt-pt\/wp-json\/wp\/v2\/product\/7598","targetHints":{"allow":["GET"]}}],"collection":[{"href":"https:\/\/www.presasg8.es\/pt-pt\/wp-json\/wp\/v2\/product"}],"about":[{"href":"https:\/\/www.presasg8.es\/pt-pt\/wp-json\/wp\/v2\/types\/product"}],"replies":[{"embeddable":true,"href":"https:\/\/www.presasg8.es\/pt-pt\/wp-json\/wp\/v2\/comments?post=7598"}],"wp:featuredmedia":[{"embeddable":true,"href":"https:\/\/www.presasg8.es\/pt-pt\/wp-json\/wp\/v2\/media\/7576"}],"wp:attachment":[{"href":"https:\/\/www.presasg8.es\/pt-pt\/wp-json\/wp\/v2\/media?parent=7598"}],"wp:term":[{"taxonomy":"product_brand","embeddable":true,"href":"https:\/\/www.presasg8.es\/pt-pt\/wp-json\/wp\/v2\/product_brand?post=7598"},{"taxonomy":"product_cat","embeddable":true,"href":"https:\/\/www.presasg8.es\/pt-pt\/wp-json\/wp\/v2\/product_cat?post=7598"},{"taxonomy":"product_tag","embeddable":true,"href":"https:\/\/www.presasg8.es\/pt-pt\/wp-json\/wp\/v2\/product_tag?post=7598"}],"curies":[{"name":"wp","href":"https:\/\/api.w.org\/{rel}","templated":true}]}}