{"id":7144,"date":"2024-06-28T10:37:16","date_gmt":"2024-06-28T08:37:16","guid":{"rendered":"https:\/\/www.presasg8.es\/producto\/cartao-de-oferta\/"},"modified":"2024-06-28T11:12:46","modified_gmt":"2024-06-28T09:12:46","slug":"cartao-de-oferta","status":"publish","type":"product","link":"https:\/\/www.presasg8.es\/pt-pt\/producto\/cartao-de-oferta\/","title":{"rendered":"Cart\u00e3o de oferta"},"content":{"rendered":"<h2><strong>Oferece a prenda da escalada!<\/strong><\/h2>\n<p>&nbsp;<\/p>\n<p>Com o nosso cart\u00e3o de oferta virtual podes oferecer um presente de 25\u20ac, 50\u20ac, 100\u20ac, 150\u20ac, 200\u20ac ou 500\u20ac \u00e0 pessoa da tua escolha para gastar em todos os produtos do nosso site.<\/p>\n<p>Preenche os teus dados e envia por e-mail o cart\u00e3o presente PRESAS G8 para que possam completar a sua pr\u00f3pria parede de escalada ou come\u00e7ar a construir uma.<\/p>\n<p>De que est\u00e1s \u00e0 espera para ter esse pormenor que todos n\u00f3s gostar\u00edamos de receber?<\/p>\n<p>Os nossos cart\u00f5es n\u00e3o t\u00eam data de validade, pelo que o destinat\u00e1rio pode resgat\u00e1-los sempre que desejar.<\/p>\n<p>D\u00e1 o presente da escalada, d\u00e1 o presente dos agarras de escalada G8!!!<\/p>\n","protected":false},"excerpt":{"rendered":"<p>Oferece a prenda da escalada! &nbsp; Com o nosso cart\u00e3o  [&#8230;]<\/p>\n","protected":false},"featured_media":7132,"comment_status":"open","ping_status":"closed","template":"","meta":{"_joinchat":[]},"product_brand":[],"product_cat":[117,69,116],"product_tag":[],"class_list":{"0":"post-7144","1":"product","2":"type-product","3":"status-publish","4":"has-post-thumbnail","6":"product_cat-ofertas-pt-pt","7":"product_cat-suportes-de-escalada","8":"product_cat-treinamento","10":"first","11":"instock","12":"purchasable","13":"product-type-pw-gift-card"},"yoast_head":"<!-- This site is optimized with the Yoast SEO plugin v27.3 - https:\/\/yoast.com\/product\/yoast-seo-wordpress\/ -->\n<title>Cart\u00e3o de oferta - Presas G8 - Presas de escalada para roc\u00f3dromo<\/title>\n<meta name=\"robots\" content=\"index, follow, max-snippet:-1, max-image-preview:large, max-video-preview:-1\" \/>\n<link rel=\"canonical\" href=\"https:\/\/www.presasg8.es\/pt-pt\/producto\/cartao-de-oferta\/\" \/>\n<meta property=\"og:locale\" content=\"pt_PT\" \/>\n<meta property=\"og:type\" content=\"article\" \/>\n<meta property=\"og:title\" content=\"Cart\u00e3o de oferta - Presas G8 - Presas de escalada para roc\u00f3dromo\" \/>\n<meta property=\"og:description\" content=\"Oferece a prenda da escalada! &nbsp; Com o nosso cart\u00e3o [...]\" \/>\n<meta property=\"og:url\" content=\"https:\/\/www.presasg8.es\/pt-pt\/producto\/cartao-de-oferta\/\" \/>\n<meta property=\"og:site_name\" content=\"Presas G8 - Presas de escalada para roc\u00f3dromo\" \/>\n<meta property=\"article:publisher\" content=\"https:\/\/www.facebook.com\/presasescaladag8\/\" \/>\n<meta property=\"article:modified_time\" content=\"2024-06-28T09:12:46+00:00\" \/>\n<meta property=\"og:image\" content=\"https:\/\/www.presasg8.es\/wp-content\/uploads\/2024\/06\/pw-gift-card.png\" \/>\n\t<meta property=\"og:image:width\" content=\"512\" \/>\n\t<meta property=\"og:image:height\" content=\"512\" \/>\n\t<meta property=\"og:image:type\" content=\"image\/png\" \/>\n<meta name=\"twitter:card\" content=\"summary_large_image\" \/>\n<meta name=\"twitter:label1\" content=\"Tempo estimado de leitura\" \/>\n\t<meta name=\"twitter:data1\" content=\"1 minuto\" \/>\n<script type=\"application\/ld+json\" class=\"yoast-schema-graph\">{\"@context\":\"https:\\\/\\\/schema.org\",\"@graph\":[{\"@type\":\"WebPage\",\"@id\":\"https:\\\/\\\/www.presasg8.es\\\/pt-pt\\\/producto\\\/cartao-de-oferta\\\/\",\"url\":\"https:\\\/\\\/www.presasg8.es\\\/pt-pt\\\/producto\\\/cartao-de-oferta\\\/\",\"name\":\"Cart\u00e3o de oferta - Presas G8 - Presas de escalada para roc\u00f3dromo\",\"isPartOf\":{\"@id\":\"https:\\\/\\\/www.presasg8.es\\\/pt-pt\\\/#website\"},\"primaryImageOfPage\":{\"@id\":\"https:\\\/\\\/www.presasg8.es\\\/pt-pt\\\/producto\\\/cartao-de-oferta\\\/#primaryimage\"},\"image\":{\"@id\":\"https:\\\/\\\/www.presasg8.es\\\/pt-pt\\\/producto\\\/cartao-de-oferta\\\/#primaryimage\"},\"thumbnailUrl\":\"https:\\\/\\\/www.presasg8.es\\\/wp-content\\\/uploads\\\/2024\\\/06\\\/pw-gift-card.png\",\"datePublished\":\"2024-06-28T08:37:16+00:00\",\"dateModified\":\"2024-06-28T09:12:46+00:00\",\"breadcrumb\":{\"@id\":\"https:\\\/\\\/www.presasg8.es\\\/pt-pt\\\/producto\\\/cartao-de-oferta\\\/#breadcrumb\"},\"inLanguage\":\"pt-PT\",\"potentialAction\":[{\"@type\":\"ReadAction\",\"target\":[\"https:\\\/\\\/www.presasg8.es\\\/pt-pt\\\/producto\\\/cartao-de-oferta\\\/\"]}]},{\"@type\":\"ImageObject\",\"inLanguage\":\"pt-PT\",\"@id\":\"https:\\\/\\\/www.presasg8.es\\\/pt-pt\\\/producto\\\/cartao-de-oferta\\\/#primaryimage\",\"url\":\"https:\\\/\\\/www.presasg8.es\\\/wp-content\\\/uploads\\\/2024\\\/06\\\/pw-gift-card.png\",\"contentUrl\":\"https:\\\/\\\/www.presasg8.es\\\/wp-content\\\/uploads\\\/2024\\\/06\\\/pw-gift-card.png\",\"width\":512,\"height\":512},{\"@type\":\"BreadcrumbList\",\"@id\":\"https:\\\/\\\/www.presasg8.es\\\/pt-pt\\\/producto\\\/cartao-de-oferta\\\/#breadcrumb\",\"itemListElement\":[{\"@type\":\"ListItem\",\"position\":1,\"name\":\"Portada\",\"item\":\"https:\\\/\\\/www.presasg8.es\\\/pt-pt\\\/\"},{\"@type\":\"ListItem\",\"position\":2,\"name\":\"Loja de suportes de escalada\",\"item\":\"https:\\\/\\\/www.presasg8.es\\\/pt-pt\\\/tienda-2\\\/\"},{\"@type\":\"ListItem\",\"position\":3,\"name\":\"Cart\u00e3o de oferta\"}]},{\"@type\":\"WebSite\",\"@id\":\"https:\\\/\\\/www.presasg8.es\\\/pt-pt\\\/#website\",\"url\":\"https:\\\/\\\/www.presasg8.es\\\/pt-pt\\\/\",\"name\":\"Presas de escalada G8\",\"description\":\"Tienda online de Presas de escalada para roc\u00f3dromo\",\"publisher\":{\"@id\":\"https:\\\/\\\/www.presasg8.es\\\/pt-pt\\\/#organization\"},\"alternateName\":\"Presas de escalada para roc\u00f3dromo\",\"potentialAction\":[{\"@type\":\"SearchAction\",\"target\":{\"@type\":\"EntryPoint\",\"urlTemplate\":\"https:\\\/\\\/www.presasg8.es\\\/pt-pt\\\/?s={search_term_string}\"},\"query-input\":{\"@type\":\"PropertyValueSpecification\",\"valueRequired\":true,\"valueName\":\"search_term_string\"}}],\"inLanguage\":\"pt-PT\"},{\"@type\":\"Organization\",\"@id\":\"https:\\\/\\\/www.presasg8.es\\\/pt-pt\\\/#organization\",\"name\":\"Presas de escalada G8\",\"alternateName\":\"Presas de escalada para roc\u00f3dromo G8\",\"url\":\"https:\\\/\\\/www.presasg8.es\\\/pt-pt\\\/\",\"logo\":{\"@type\":\"ImageObject\",\"inLanguage\":\"pt-PT\",\"@id\":\"https:\\\/\\\/www.presasg8.es\\\/pt-pt\\\/#\\\/schema\\\/logo\\\/image\\\/\",\"url\":\"https:\\\/\\\/www.presasg8.es\\\/wp-content\\\/uploads\\\/2023\\\/09\\\/logo-presas-g8.jpeg\",\"contentUrl\":\"https:\\\/\\\/www.presasg8.es\\\/wp-content\\\/uploads\\\/2023\\\/09\\\/logo-presas-g8.jpeg\",\"width\":400,\"height\":486,\"caption\":\"Presas de escalada G8\"},\"image\":{\"@id\":\"https:\\\/\\\/www.presasg8.es\\\/pt-pt\\\/#\\\/schema\\\/logo\\\/image\\\/\"},\"sameAs\":[\"https:\\\/\\\/www.facebook.com\\\/presasescaladag8\\\/\",\"https:\\\/\\\/www.instagram.com\\\/presasg8\\\/\"]}]}<\/script>\n<!-- \/ Yoast SEO plugin. -->","yoast_head_json":{"title":"Cart\u00e3o de oferta - Presas G8 - Presas de escalada para roc\u00f3dromo","robots":{"index":"index","follow":"follow","max-snippet":"max-snippet:-1","max-image-preview":"max-image-preview:large","max-video-preview":"max-video-preview:-1"},"canonical":"https:\/\/www.presasg8.es\/pt-pt\/producto\/cartao-de-oferta\/","og_locale":"pt_PT","og_type":"article","og_title":"Cart\u00e3o de oferta - Presas G8 - Presas de escalada para roc\u00f3dromo","og_description":"Oferece a prenda da escalada! &nbsp; Com o nosso cart\u00e3o [...]","og_url":"https:\/\/www.presasg8.es\/pt-pt\/producto\/cartao-de-oferta\/","og_site_name":"Presas G8 - Presas de escalada para roc\u00f3dromo","article_publisher":"https:\/\/www.facebook.com\/presasescaladag8\/","article_modified_time":"2024-06-28T09:12:46+00:00","og_image":[{"width":512,"height":512,"url":"https:\/\/www.presasg8.es\/wp-content\/uploads\/2024\/06\/pw-gift-card.png","type":"image\/png"}],"twitter_card":"summary_large_image","twitter_misc":{"Tempo estimado de leitura":"1 minuto"},"schema":{"@context":"https:\/\/schema.org","@graph":[{"@type":"WebPage","@id":"https:\/\/www.presasg8.es\/pt-pt\/producto\/cartao-de-oferta\/","url":"https:\/\/www.presasg8.es\/pt-pt\/producto\/cartao-de-oferta\/","name":"Cart\u00e3o de oferta - Presas G8 - Presas de escalada para roc\u00f3dromo","isPartOf":{"@id":"https:\/\/www.presasg8.es\/pt-pt\/#website"},"primaryImageOfPage":{"@id":"https:\/\/www.presasg8.es\/pt-pt\/producto\/cartao-de-oferta\/#primaryimage"},"image":{"@id":"https:\/\/www.presasg8.es\/pt-pt\/producto\/cartao-de-oferta\/#primaryimage"},"thumbnailUrl":"https:\/\/www.presasg8.es\/wp-content\/uploads\/2024\/06\/pw-gift-card.png","datePublished":"2024-06-28T08:37:16+00:00","dateModified":"2024-06-28T09:12:46+00:00","breadcrumb":{"@id":"https:\/\/www.presasg8.es\/pt-pt\/producto\/cartao-de-oferta\/#breadcrumb"},"inLanguage":"pt-PT","potentialAction":[{"@type":"ReadAction","target":["https:\/\/www.presasg8.es\/pt-pt\/producto\/cartao-de-oferta\/"]}]},{"@type":"ImageObject","inLanguage":"pt-PT","@id":"https:\/\/www.presasg8.es\/pt-pt\/producto\/cartao-de-oferta\/#primaryimage","url":"https:\/\/www.presasg8.es\/wp-content\/uploads\/2024\/06\/pw-gift-card.png","contentUrl":"https:\/\/www.presasg8.es\/wp-content\/uploads\/2024\/06\/pw-gift-card.png","width":512,"height":512},{"@type":"BreadcrumbList","@id":"https:\/\/www.presasg8.es\/pt-pt\/producto\/cartao-de-oferta\/#breadcrumb","itemListElement":[{"@type":"ListItem","position":1,"name":"Portada","item":"https:\/\/www.presasg8.es\/pt-pt\/"},{"@type":"ListItem","position":2,"name":"Loja de suportes de escalada","item":"https:\/\/www.presasg8.es\/pt-pt\/tienda-2\/"},{"@type":"ListItem","position":3,"name":"Cart\u00e3o de oferta"}]},{"@type":"WebSite","@id":"https:\/\/www.presasg8.es\/pt-pt\/#website","url":"https:\/\/www.presasg8.es\/pt-pt\/","name":"Presas de escalada G8","description":"Tienda online de Presas de escalada para roc\u00f3dromo","publisher":{"@id":"https:\/\/www.presasg8.es\/pt-pt\/#organization"},"alternateName":"Presas de escalada para roc\u00f3dromo","potentialAction":[{"@type":"SearchAction","target":{"@type":"EntryPoint","urlTemplate":"https:\/\/www.presasg8.es\/pt-pt\/?s={search_term_string}"},"query-input":{"@type":"PropertyValueSpecification","valueRequired":true,"valueName":"search_term_string"}}],"inLanguage":"pt-PT"},{"@type":"Organization","@id":"https:\/\/www.presasg8.es\/pt-pt\/#organization","name":"Presas de escalada G8","alternateName":"Presas de escalada para roc\u00f3dromo G8","url":"https:\/\/www.presasg8.es\/pt-pt\/","logo":{"@type":"ImageObject","inLanguage":"pt-PT","@id":"https:\/\/www.presasg8.es\/pt-pt\/#\/schema\/logo\/image\/","url":"https:\/\/www.presasg8.es\/wp-content\/uploads\/2023\/09\/logo-presas-g8.jpeg","contentUrl":"https:\/\/www.presasg8.es\/wp-content\/uploads\/2023\/09\/logo-presas-g8.jpeg","width":400,"height":486,"caption":"Presas de escalada G8"},"image":{"@id":"https:\/\/www.presasg8.es\/pt-pt\/#\/schema\/logo\/image\/"},"sameAs":["https:\/\/www.facebook.com\/presasescaladag8\/","https:\/\/www.instagram.com\/presasg8\/"]}]}},"_links":{"self":[{"href":"https:\/\/www.presasg8.es\/pt-pt\/wp-json\/wp\/v2\/product\/7144","targetHints":{"allow":["GET"]}}],"collection":[{"href":"https:\/\/www.presasg8.es\/pt-pt\/wp-json\/wp\/v2\/product"}],"about":[{"href":"https:\/\/www.presasg8.es\/pt-pt\/wp-json\/wp\/v2\/types\/product"}],"replies":[{"embeddable":true,"href":"https:\/\/www.presasg8.es\/pt-pt\/wp-json\/wp\/v2\/comments?post=7144"}],"wp:featuredmedia":[{"embeddable":true,"href":"https:\/\/www.presasg8.es\/pt-pt\/wp-json\/wp\/v2\/media\/7132"}],"wp:attachment":[{"href":"https:\/\/www.presasg8.es\/pt-pt\/wp-json\/wp\/v2\/media?parent=7144"}],"wp:term":[{"taxonomy":"product_brand","embeddable":true,"href":"https:\/\/www.presasg8.es\/pt-pt\/wp-json\/wp\/v2\/product_brand?post=7144"},{"taxonomy":"product_cat","embeddable":true,"href":"https:\/\/www.presasg8.es\/pt-pt\/wp-json\/wp\/v2\/product_cat?post=7144"},{"taxonomy":"product_tag","embeddable":true,"href":"https:\/\/www.presasg8.es\/pt-pt\/wp-json\/wp\/v2\/product_tag?post=7144"}],"curies":[{"name":"wp","href":"https:\/\/api.w.org\/{rel}","templated":true}]}}