{"id":6161,"date":"2024-02-21T08:08:19","date_gmt":"2024-02-21T07:08:19","guid":{"rendered":"https:\/\/www.presasg8.es\/producto\/barragens-de-escalada-strata\/"},"modified":"2024-02-21T08:08:19","modified_gmt":"2024-02-21T07:08:19","slug":"barragens-de-escalada-strata","status":"publish","type":"product","link":"https:\/\/www.presasg8.es\/pt-pt\/producto\/barragens-de-escalada-strata\/","title":{"rendered":"Barragens de escalada Strata"},"content":{"rendered":"<p><strong><br \/>\n  <em>Suporte de escalada strata<\/em><br \/>\n<\/strong>\u00e9 um conjunto de agarres para paredes de escalada concebido para trabalhar em vias de boulder ou de competi\u00e7\u00e3o. Ao rodar as barragens obteremos infinitas possibilidades, o que faz deste pack uma \u00f3ptima op\u00e7\u00e3o para equipar percursos dif\u00edceis. Nunca sair\u00e1 de moda devido ao design \u00fanico do conjunto.<\/p>\n<p>Horas e horas de trabalho de design resultaram neste excelente pacote.<\/p>\n<p>&#8211; Conjunto de<strong> 8 suportes de escalada<\/strong> concebidos para a pr\u00e1tica de boulder em paredes de escalada ou para percursos diferentes gra\u00e7as ao design original dos suportes. Neste conjunto de suportes para paredes de escalada, existem predominantemente grampos, grampos, pegas laterais,&#8230;<\/p>\n<p>&#8211; Tamanhos: <strong>2XXL<\/strong> <strong>2XL<\/strong> <strong>1L<\/strong> <strong>2M<\/strong>e <strong>1S<\/strong>.<\/p>\n<p>&#8211; Inclina\u00e7\u00e3o recomendada: <strong>0\u00ba-45\u00ba Inclina\u00e7\u00e3o recomendada: 0\u00ba-45\u00ba Inclina\u00e7\u00e3o recomendada: 0\u00ba-45\u00ba<\/strong> Inclina\u00e7\u00e3o recomendada: 0\u00ba-45\u00ba<\/p>\n<p>&#8211; <strong> Suportes de escalada <\/strong>de m\u00e9trica 10 (opcional m\u00e9trica 8). Tamb\u00e9m t\u00eam orif\u00edcios anti-rota\u00e7\u00e3o para melhor fixar a presa.<\/p>\n","protected":false},"excerpt":{"rendered":"<p>Suporte de escalada strata \u00e9 um conjunto de agarres para  [&#8230;]<\/p>\n","protected":false},"featured_media":2173,"comment_status":"closed","ping_status":"closed","template":"","meta":{"_joinchat":[]},"product_brand":[],"product_cat":[70,69],"product_tag":[],"class_list":{"0":"post-6161","1":"product","2":"type-product","3":"status-publish","4":"has-post-thumbnail","6":"product_cat-pacote-de-suportes-de-escalada","7":"product_cat-suportes-de-escalada","9":"first","10":"instock","11":"taxable","12":"shipping-taxable","13":"purchasable","14":"product-type-variable"},"yoast_head":"<!-- This site is optimized with the Yoast SEO plugin v27.5 - https:\/\/yoast.com\/product\/yoast-seo-wordpress\/ -->\n<title>Barragens de escalada Strata - Presas G8 - Presas de escalada para roc\u00f3dromo<\/title>\n<meta name=\"robots\" content=\"index, follow, max-snippet:-1, max-image-preview:large, max-video-preview:-1\" \/>\n<link rel=\"canonical\" href=\"https:\/\/www.presasg8.es\/pt-pt\/producto\/barragens-de-escalada-strata\/\" \/>\n<meta property=\"og:locale\" content=\"pt_PT\" \/>\n<meta property=\"og:type\" content=\"article\" \/>\n<meta property=\"og:title\" content=\"Barragens de escalada Strata - Presas G8 - Presas de escalada para roc\u00f3dromo\" \/>\n<meta property=\"og:description\" content=\"Suporte de escalada strata \u00e9 um conjunto de agarres para [...]\" \/>\n<meta property=\"og:url\" content=\"https:\/\/www.presasg8.es\/pt-pt\/producto\/barragens-de-escalada-strata\/\" \/>\n<meta property=\"og:site_name\" content=\"Presas G8 - Presas de escalada para roc\u00f3dromo\" \/>\n<meta property=\"article:publisher\" content=\"https:\/\/www.facebook.com\/presasescaladag8\/\" \/>\n<meta property=\"og:image\" content=\"https:\/\/www.presasg8.es\/wp-content\/uploads\/2024\/02\/presas-de-escalada-estratos-1.jpg\" \/>\n\t<meta property=\"og:image:width\" content=\"2000\" \/>\n\t<meta property=\"og:image:height\" content=\"2000\" \/>\n\t<meta property=\"og:image:type\" content=\"image\/jpeg\" \/>\n<meta name=\"twitter:card\" content=\"summary_large_image\" \/>\n<meta name=\"twitter:label1\" content=\"Tempo estimado de leitura\" \/>\n\t<meta name=\"twitter:data1\" content=\"1 minuto\" \/>\n<script type=\"application\/ld+json\" class=\"yoast-schema-graph\">{\"@context\":\"https:\\\/\\\/schema.org\",\"@graph\":[{\"@type\":\"WebPage\",\"@id\":\"https:\\\/\\\/www.presasg8.es\\\/pt-pt\\\/producto\\\/barragens-de-escalada-strata\\\/\",\"url\":\"https:\\\/\\\/www.presasg8.es\\\/pt-pt\\\/producto\\\/barragens-de-escalada-strata\\\/\",\"name\":\"Barragens de escalada Strata - Presas G8 - Presas de escalada para roc\u00f3dromo\",\"isPartOf\":{\"@id\":\"https:\\\/\\\/www.presasg8.es\\\/pt-pt\\\/#website\"},\"primaryImageOfPage\":{\"@id\":\"https:\\\/\\\/www.presasg8.es\\\/pt-pt\\\/producto\\\/barragens-de-escalada-strata\\\/#primaryimage\"},\"image\":{\"@id\":\"https:\\\/\\\/www.presasg8.es\\\/pt-pt\\\/producto\\\/barragens-de-escalada-strata\\\/#primaryimage\"},\"thumbnailUrl\":\"https:\\\/\\\/www.presasg8.es\\\/wp-content\\\/uploads\\\/2024\\\/02\\\/presas-de-escalada-estratos-1.jpg\",\"datePublished\":\"2024-02-21T07:08:19+00:00\",\"breadcrumb\":{\"@id\":\"https:\\\/\\\/www.presasg8.es\\\/pt-pt\\\/producto\\\/barragens-de-escalada-strata\\\/#breadcrumb\"},\"inLanguage\":\"pt-PT\",\"potentialAction\":[{\"@type\":\"ReadAction\",\"target\":[\"https:\\\/\\\/www.presasg8.es\\\/pt-pt\\\/producto\\\/barragens-de-escalada-strata\\\/\"]}]},{\"@type\":\"ImageObject\",\"inLanguage\":\"pt-PT\",\"@id\":\"https:\\\/\\\/www.presasg8.es\\\/pt-pt\\\/producto\\\/barragens-de-escalada-strata\\\/#primaryimage\",\"url\":\"https:\\\/\\\/www.presasg8.es\\\/wp-content\\\/uploads\\\/2024\\\/02\\\/presas-de-escalada-estratos-1.jpg\",\"contentUrl\":\"https:\\\/\\\/www.presasg8.es\\\/wp-content\\\/uploads\\\/2024\\\/02\\\/presas-de-escalada-estratos-1.jpg\",\"width\":2000,\"height\":2000},{\"@type\":\"BreadcrumbList\",\"@id\":\"https:\\\/\\\/www.presasg8.es\\\/pt-pt\\\/producto\\\/barragens-de-escalada-strata\\\/#breadcrumb\",\"itemListElement\":[{\"@type\":\"ListItem\",\"position\":1,\"name\":\"Portada\",\"item\":\"https:\\\/\\\/www.presasg8.es\\\/pt-pt\\\/\"},{\"@type\":\"ListItem\",\"position\":2,\"name\":\"Loja de suportes de escalada\",\"item\":\"https:\\\/\\\/www.presasg8.es\\\/pt-pt\\\/tienda-2\\\/\"},{\"@type\":\"ListItem\",\"position\":3,\"name\":\"Barragens de escalada Strata\"}]},{\"@type\":\"WebSite\",\"@id\":\"https:\\\/\\\/www.presasg8.es\\\/pt-pt\\\/#website\",\"url\":\"https:\\\/\\\/www.presasg8.es\\\/pt-pt\\\/\",\"name\":\"Presas de escalada G8\",\"description\":\"Tienda online de Presas de escalada para roc\u00f3dromo\",\"publisher\":{\"@id\":\"https:\\\/\\\/www.presasg8.es\\\/pt-pt\\\/#organization\"},\"alternateName\":\"Presas de escalada para roc\u00f3dromo\",\"potentialAction\":[{\"@type\":\"SearchAction\",\"target\":{\"@type\":\"EntryPoint\",\"urlTemplate\":\"https:\\\/\\\/www.presasg8.es\\\/pt-pt\\\/?s={search_term_string}\"},\"query-input\":{\"@type\":\"PropertyValueSpecification\",\"valueRequired\":true,\"valueName\":\"search_term_string\"}}],\"inLanguage\":\"pt-PT\"},{\"@type\":\"Organization\",\"@id\":\"https:\\\/\\\/www.presasg8.es\\\/pt-pt\\\/#organization\",\"name\":\"Presas de escalada G8\",\"alternateName\":\"Presas de escalada para roc\u00f3dromo G8\",\"url\":\"https:\\\/\\\/www.presasg8.es\\\/pt-pt\\\/\",\"logo\":{\"@type\":\"ImageObject\",\"inLanguage\":\"pt-PT\",\"@id\":\"https:\\\/\\\/www.presasg8.es\\\/pt-pt\\\/#\\\/schema\\\/logo\\\/image\\\/\",\"url\":\"https:\\\/\\\/www.presasg8.es\\\/wp-content\\\/uploads\\\/2023\\\/09\\\/logo-presas-g8.jpeg\",\"contentUrl\":\"https:\\\/\\\/www.presasg8.es\\\/wp-content\\\/uploads\\\/2023\\\/09\\\/logo-presas-g8.jpeg\",\"width\":400,\"height\":486,\"caption\":\"Presas de escalada G8\"},\"image\":{\"@id\":\"https:\\\/\\\/www.presasg8.es\\\/pt-pt\\\/#\\\/schema\\\/logo\\\/image\\\/\"},\"sameAs\":[\"https:\\\/\\\/www.facebook.com\\\/presasescaladag8\\\/\",\"https:\\\/\\\/www.instagram.com\\\/presasg8\\\/\"]}]}<\/script>\n<!-- \/ Yoast SEO plugin. -->","yoast_head_json":{"title":"Barragens de escalada Strata - Presas G8 - Presas de escalada para roc\u00f3dromo","robots":{"index":"index","follow":"follow","max-snippet":"max-snippet:-1","max-image-preview":"max-image-preview:large","max-video-preview":"max-video-preview:-1"},"canonical":"https:\/\/www.presasg8.es\/pt-pt\/producto\/barragens-de-escalada-strata\/","og_locale":"pt_PT","og_type":"article","og_title":"Barragens de escalada Strata - Presas G8 - Presas de escalada para roc\u00f3dromo","og_description":"Suporte de escalada strata \u00e9 um conjunto de agarres para [...]","og_url":"https:\/\/www.presasg8.es\/pt-pt\/producto\/barragens-de-escalada-strata\/","og_site_name":"Presas G8 - Presas de escalada para roc\u00f3dromo","article_publisher":"https:\/\/www.facebook.com\/presasescaladag8\/","og_image":[{"width":2000,"height":2000,"url":"https:\/\/www.presasg8.es\/wp-content\/uploads\/2024\/02\/presas-de-escalada-estratos-1.jpg","type":"image\/jpeg"}],"twitter_card":"summary_large_image","twitter_misc":{"Tempo estimado de leitura":"1 minuto"},"schema":{"@context":"https:\/\/schema.org","@graph":[{"@type":"WebPage","@id":"https:\/\/www.presasg8.es\/pt-pt\/producto\/barragens-de-escalada-strata\/","url":"https:\/\/www.presasg8.es\/pt-pt\/producto\/barragens-de-escalada-strata\/","name":"Barragens de escalada Strata - Presas G8 - Presas de escalada para roc\u00f3dromo","isPartOf":{"@id":"https:\/\/www.presasg8.es\/pt-pt\/#website"},"primaryImageOfPage":{"@id":"https:\/\/www.presasg8.es\/pt-pt\/producto\/barragens-de-escalada-strata\/#primaryimage"},"image":{"@id":"https:\/\/www.presasg8.es\/pt-pt\/producto\/barragens-de-escalada-strata\/#primaryimage"},"thumbnailUrl":"https:\/\/www.presasg8.es\/wp-content\/uploads\/2024\/02\/presas-de-escalada-estratos-1.jpg","datePublished":"2024-02-21T07:08:19+00:00","breadcrumb":{"@id":"https:\/\/www.presasg8.es\/pt-pt\/producto\/barragens-de-escalada-strata\/#breadcrumb"},"inLanguage":"pt-PT","potentialAction":[{"@type":"ReadAction","target":["https:\/\/www.presasg8.es\/pt-pt\/producto\/barragens-de-escalada-strata\/"]}]},{"@type":"ImageObject","inLanguage":"pt-PT","@id":"https:\/\/www.presasg8.es\/pt-pt\/producto\/barragens-de-escalada-strata\/#primaryimage","url":"https:\/\/www.presasg8.es\/wp-content\/uploads\/2024\/02\/presas-de-escalada-estratos-1.jpg","contentUrl":"https:\/\/www.presasg8.es\/wp-content\/uploads\/2024\/02\/presas-de-escalada-estratos-1.jpg","width":2000,"height":2000},{"@type":"BreadcrumbList","@id":"https:\/\/www.presasg8.es\/pt-pt\/producto\/barragens-de-escalada-strata\/#breadcrumb","itemListElement":[{"@type":"ListItem","position":1,"name":"Portada","item":"https:\/\/www.presasg8.es\/pt-pt\/"},{"@type":"ListItem","position":2,"name":"Loja de suportes de escalada","item":"https:\/\/www.presasg8.es\/pt-pt\/tienda-2\/"},{"@type":"ListItem","position":3,"name":"Barragens de escalada Strata"}]},{"@type":"WebSite","@id":"https:\/\/www.presasg8.es\/pt-pt\/#website","url":"https:\/\/www.presasg8.es\/pt-pt\/","name":"Presas de escalada G8","description":"Tienda online de Presas de escalada para roc\u00f3dromo","publisher":{"@id":"https:\/\/www.presasg8.es\/pt-pt\/#organization"},"alternateName":"Presas de escalada para roc\u00f3dromo","potentialAction":[{"@type":"SearchAction","target":{"@type":"EntryPoint","urlTemplate":"https:\/\/www.presasg8.es\/pt-pt\/?s={search_term_string}"},"query-input":{"@type":"PropertyValueSpecification","valueRequired":true,"valueName":"search_term_string"}}],"inLanguage":"pt-PT"},{"@type":"Organization","@id":"https:\/\/www.presasg8.es\/pt-pt\/#organization","name":"Presas de escalada G8","alternateName":"Presas de escalada para roc\u00f3dromo G8","url":"https:\/\/www.presasg8.es\/pt-pt\/","logo":{"@type":"ImageObject","inLanguage":"pt-PT","@id":"https:\/\/www.presasg8.es\/pt-pt\/#\/schema\/logo\/image\/","url":"https:\/\/www.presasg8.es\/wp-content\/uploads\/2023\/09\/logo-presas-g8.jpeg","contentUrl":"https:\/\/www.presasg8.es\/wp-content\/uploads\/2023\/09\/logo-presas-g8.jpeg","width":400,"height":486,"caption":"Presas de escalada G8"},"image":{"@id":"https:\/\/www.presasg8.es\/pt-pt\/#\/schema\/logo\/image\/"},"sameAs":["https:\/\/www.facebook.com\/presasescaladag8\/","https:\/\/www.instagram.com\/presasg8\/"]}]}},"_links":{"self":[{"href":"https:\/\/www.presasg8.es\/pt-pt\/wp-json\/wp\/v2\/product\/6161","targetHints":{"allow":["GET"]}}],"collection":[{"href":"https:\/\/www.presasg8.es\/pt-pt\/wp-json\/wp\/v2\/product"}],"about":[{"href":"https:\/\/www.presasg8.es\/pt-pt\/wp-json\/wp\/v2\/types\/product"}],"replies":[{"embeddable":true,"href":"https:\/\/www.presasg8.es\/pt-pt\/wp-json\/wp\/v2\/comments?post=6161"}],"wp:featuredmedia":[{"embeddable":true,"href":"https:\/\/www.presasg8.es\/pt-pt\/wp-json\/wp\/v2\/media\/2173"}],"wp:attachment":[{"href":"https:\/\/www.presasg8.es\/pt-pt\/wp-json\/wp\/v2\/media?parent=6161"}],"wp:term":[{"taxonomy":"product_brand","embeddable":true,"href":"https:\/\/www.presasg8.es\/pt-pt\/wp-json\/wp\/v2\/product_brand?post=6161"},{"taxonomy":"product_cat","embeddable":true,"href":"https:\/\/www.presasg8.es\/pt-pt\/wp-json\/wp\/v2\/product_cat?post=6161"},{"taxonomy":"product_tag","embeddable":true,"href":"https:\/\/www.presasg8.es\/pt-pt\/wp-json\/wp\/v2\/product_tag?post=6161"}],"curies":[{"name":"wp","href":"https:\/\/api.w.org\/{rel}","templated":true}]}}