{"id":5855,"date":"2024-03-16T07:46:35","date_gmt":"2024-03-16T06:46:35","guid":{"rendered":"https:\/\/www.presasg8.es\/producto\/embalagem-tacos-grandes-presa\/"},"modified":"2024-03-16T07:46:35","modified_gmt":"2024-03-16T06:46:35","slug":"embalagem-tacos-grandes-presa","status":"publish","type":"product","link":"https:\/\/www.presasg8.es\/pt-pt\/producto\/embalagem-tacos-grandes-presa\/","title":{"rendered":"Embalagem Tacos grandes presa"},"content":{"rendered":"<p>&#8211; Conjunto de<strong> 5 suportes<\/strong> de escalada modelo Tacos grandes. Estas pegas foram concebidas para uma preens\u00e3o plana e, opcionalmente, para uma preens\u00e3o em pin\u00e7a. Devido \u00e0s suas dimens\u00f5es, esta mochila \u00e9 adequada para ser agarrada de forma confort\u00e1vel e f\u00e1cil. Pacote b\u00e1sico em todas as paredes de escalada.<\/p>\n<p>&#8211; Embalagem de barragens preparadas para o sistema <strong>m\u00e9trico 10<\/strong>, opcionalmente para o sistema m\u00e9trico 8. Alguns suportes t\u00eam parafusos anti-rota\u00e7\u00e3o para evitar que os punhos girem e para os fixar melhor ao painel ou \u00e0 parede.<\/p>\n<p>&#8211; A embalagem cont\u00e9m 5 diques, dos quais 3 s\u00e3o de tamanho M e 2 de tamanho L<strong> (3M, 2L)<\/strong>.<\/p>\n<p>&#8211; Inclina\u00e7\u00e3o recomendada: <strong>paredes verticais<\/strong> e <strong>ligeiramente inclinadas 0\u00ba-25\u00ba<\/strong>.<\/p>\n<p>&nbsp;<\/p>\n","protected":false},"excerpt":{"rendered":"<p>&#8211; Conjunto de 5 suportes de escalada modelo Tacos grandes.  [&#8230;]<\/p>\n","protected":false},"featured_media":3486,"comment_status":"closed","ping_status":"closed","template":"","meta":{"_joinchat":[]},"product_brand":[],"product_cat":[70,69],"product_tag":[],"class_list":{"0":"post-5855","1":"product","2":"type-product","3":"status-publish","4":"has-post-thumbnail","6":"product_cat-pacote-de-suportes-de-escalada","7":"product_cat-suportes-de-escalada","9":"first","10":"instock","11":"taxable","12":"shipping-taxable","13":"purchasable","14":"product-type-variable"},"yoast_head":"<!-- This site is optimized with the Yoast SEO plugin v27.3 - https:\/\/yoast.com\/product\/yoast-seo-wordpress\/ -->\n<title>Embalagem Tacos grandes presa - Presas G8 - Presas de escalada para roc\u00f3dromo<\/title>\n<meta name=\"robots\" content=\"index, follow, max-snippet:-1, max-image-preview:large, max-video-preview:-1\" \/>\n<link rel=\"canonical\" href=\"https:\/\/www.presasg8.es\/pt-pt\/producto\/embalagem-tacos-grandes-presa\/\" \/>\n<meta property=\"og:locale\" content=\"pt_PT\" \/>\n<meta property=\"og:type\" content=\"article\" \/>\n<meta property=\"og:title\" content=\"Embalagem Tacos grandes presa - Presas G8 - Presas de escalada para roc\u00f3dromo\" \/>\n<meta property=\"og:description\" content=\"&#8211; Conjunto de 5 suportes de escalada modelo Tacos grandes. [...]\" \/>\n<meta property=\"og:url\" content=\"https:\/\/www.presasg8.es\/pt-pt\/producto\/embalagem-tacos-grandes-presa\/\" \/>\n<meta property=\"og:site_name\" content=\"Presas G8 - Presas de escalada para roc\u00f3dromo\" \/>\n<meta property=\"article:publisher\" content=\"https:\/\/www.facebook.com\/presasescaladag8\/\" \/>\n<meta property=\"og:image\" content=\"https:\/\/www.presasg8.es\/wp-content\/uploads\/2024\/03\/presas-de-escalada-tacos-grandes-1.jpg\" \/>\n\t<meta property=\"og:image:width\" content=\"2000\" \/>\n\t<meta property=\"og:image:height\" content=\"2000\" \/>\n\t<meta property=\"og:image:type\" content=\"image\/jpeg\" \/>\n<meta name=\"twitter:card\" content=\"summary_large_image\" \/>\n<meta name=\"twitter:label1\" content=\"Tempo estimado de leitura\" \/>\n\t<meta name=\"twitter:data1\" content=\"1 minuto\" \/>\n<script type=\"application\/ld+json\" class=\"yoast-schema-graph\">{\"@context\":\"https:\\\/\\\/schema.org\",\"@graph\":[{\"@type\":\"WebPage\",\"@id\":\"https:\\\/\\\/www.presasg8.es\\\/pt-pt\\\/producto\\\/embalagem-tacos-grandes-presa\\\/\",\"url\":\"https:\\\/\\\/www.presasg8.es\\\/pt-pt\\\/producto\\\/embalagem-tacos-grandes-presa\\\/\",\"name\":\"Embalagem Tacos grandes presa - Presas G8 - Presas de escalada para roc\u00f3dromo\",\"isPartOf\":{\"@id\":\"https:\\\/\\\/www.presasg8.es\\\/pt-pt\\\/#website\"},\"primaryImageOfPage\":{\"@id\":\"https:\\\/\\\/www.presasg8.es\\\/pt-pt\\\/producto\\\/embalagem-tacos-grandes-presa\\\/#primaryimage\"},\"image\":{\"@id\":\"https:\\\/\\\/www.presasg8.es\\\/pt-pt\\\/producto\\\/embalagem-tacos-grandes-presa\\\/#primaryimage\"},\"thumbnailUrl\":\"https:\\\/\\\/www.presasg8.es\\\/wp-content\\\/uploads\\\/2024\\\/03\\\/presas-de-escalada-tacos-grandes-1.jpg\",\"datePublished\":\"2024-03-16T06:46:35+00:00\",\"breadcrumb\":{\"@id\":\"https:\\\/\\\/www.presasg8.es\\\/pt-pt\\\/producto\\\/embalagem-tacos-grandes-presa\\\/#breadcrumb\"},\"inLanguage\":\"pt-PT\",\"potentialAction\":[{\"@type\":\"ReadAction\",\"target\":[\"https:\\\/\\\/www.presasg8.es\\\/pt-pt\\\/producto\\\/embalagem-tacos-grandes-presa\\\/\"]}]},{\"@type\":\"ImageObject\",\"inLanguage\":\"pt-PT\",\"@id\":\"https:\\\/\\\/www.presasg8.es\\\/pt-pt\\\/producto\\\/embalagem-tacos-grandes-presa\\\/#primaryimage\",\"url\":\"https:\\\/\\\/www.presasg8.es\\\/wp-content\\\/uploads\\\/2024\\\/03\\\/presas-de-escalada-tacos-grandes-1.jpg\",\"contentUrl\":\"https:\\\/\\\/www.presasg8.es\\\/wp-content\\\/uploads\\\/2024\\\/03\\\/presas-de-escalada-tacos-grandes-1.jpg\",\"width\":2000,\"height\":2000},{\"@type\":\"BreadcrumbList\",\"@id\":\"https:\\\/\\\/www.presasg8.es\\\/pt-pt\\\/producto\\\/embalagem-tacos-grandes-presa\\\/#breadcrumb\",\"itemListElement\":[{\"@type\":\"ListItem\",\"position\":1,\"name\":\"Portada\",\"item\":\"https:\\\/\\\/www.presasg8.es\\\/pt-pt\\\/\"},{\"@type\":\"ListItem\",\"position\":2,\"name\":\"Loja de suportes de escalada\",\"item\":\"https:\\\/\\\/www.presasg8.es\\\/pt-pt\\\/tienda-2\\\/\"},{\"@type\":\"ListItem\",\"position\":3,\"name\":\"Embalagem Tacos grandes presa\"}]},{\"@type\":\"WebSite\",\"@id\":\"https:\\\/\\\/www.presasg8.es\\\/pt-pt\\\/#website\",\"url\":\"https:\\\/\\\/www.presasg8.es\\\/pt-pt\\\/\",\"name\":\"Presas de escalada G8\",\"description\":\"Tienda online de Presas de escalada para roc\u00f3dromo\",\"publisher\":{\"@id\":\"https:\\\/\\\/www.presasg8.es\\\/pt-pt\\\/#organization\"},\"alternateName\":\"Presas de escalada para roc\u00f3dromo\",\"potentialAction\":[{\"@type\":\"SearchAction\",\"target\":{\"@type\":\"EntryPoint\",\"urlTemplate\":\"https:\\\/\\\/www.presasg8.es\\\/pt-pt\\\/?s={search_term_string}\"},\"query-input\":{\"@type\":\"PropertyValueSpecification\",\"valueRequired\":true,\"valueName\":\"search_term_string\"}}],\"inLanguage\":\"pt-PT\"},{\"@type\":\"Organization\",\"@id\":\"https:\\\/\\\/www.presasg8.es\\\/pt-pt\\\/#organization\",\"name\":\"Presas de escalada G8\",\"alternateName\":\"Presas de escalada para roc\u00f3dromo G8\",\"url\":\"https:\\\/\\\/www.presasg8.es\\\/pt-pt\\\/\",\"logo\":{\"@type\":\"ImageObject\",\"inLanguage\":\"pt-PT\",\"@id\":\"https:\\\/\\\/www.presasg8.es\\\/pt-pt\\\/#\\\/schema\\\/logo\\\/image\\\/\",\"url\":\"https:\\\/\\\/www.presasg8.es\\\/wp-content\\\/uploads\\\/2023\\\/09\\\/logo-presas-g8.jpeg\",\"contentUrl\":\"https:\\\/\\\/www.presasg8.es\\\/wp-content\\\/uploads\\\/2023\\\/09\\\/logo-presas-g8.jpeg\",\"width\":400,\"height\":486,\"caption\":\"Presas de escalada G8\"},\"image\":{\"@id\":\"https:\\\/\\\/www.presasg8.es\\\/pt-pt\\\/#\\\/schema\\\/logo\\\/image\\\/\"},\"sameAs\":[\"https:\\\/\\\/www.facebook.com\\\/presasescaladag8\\\/\",\"https:\\\/\\\/www.instagram.com\\\/presasg8\\\/\"]}]}<\/script>\n<!-- \/ Yoast SEO plugin. -->","yoast_head_json":{"title":"Embalagem Tacos grandes presa - Presas G8 - Presas de escalada para roc\u00f3dromo","robots":{"index":"index","follow":"follow","max-snippet":"max-snippet:-1","max-image-preview":"max-image-preview:large","max-video-preview":"max-video-preview:-1"},"canonical":"https:\/\/www.presasg8.es\/pt-pt\/producto\/embalagem-tacos-grandes-presa\/","og_locale":"pt_PT","og_type":"article","og_title":"Embalagem Tacos grandes presa - Presas G8 - Presas de escalada para roc\u00f3dromo","og_description":"&#8211; Conjunto de 5 suportes de escalada modelo Tacos grandes. [...]","og_url":"https:\/\/www.presasg8.es\/pt-pt\/producto\/embalagem-tacos-grandes-presa\/","og_site_name":"Presas G8 - Presas de escalada para roc\u00f3dromo","article_publisher":"https:\/\/www.facebook.com\/presasescaladag8\/","og_image":[{"width":2000,"height":2000,"url":"https:\/\/www.presasg8.es\/wp-content\/uploads\/2024\/03\/presas-de-escalada-tacos-grandes-1.jpg","type":"image\/jpeg"}],"twitter_card":"summary_large_image","twitter_misc":{"Tempo estimado de leitura":"1 minuto"},"schema":{"@context":"https:\/\/schema.org","@graph":[{"@type":"WebPage","@id":"https:\/\/www.presasg8.es\/pt-pt\/producto\/embalagem-tacos-grandes-presa\/","url":"https:\/\/www.presasg8.es\/pt-pt\/producto\/embalagem-tacos-grandes-presa\/","name":"Embalagem Tacos grandes presa - Presas G8 - Presas de escalada para roc\u00f3dromo","isPartOf":{"@id":"https:\/\/www.presasg8.es\/pt-pt\/#website"},"primaryImageOfPage":{"@id":"https:\/\/www.presasg8.es\/pt-pt\/producto\/embalagem-tacos-grandes-presa\/#primaryimage"},"image":{"@id":"https:\/\/www.presasg8.es\/pt-pt\/producto\/embalagem-tacos-grandes-presa\/#primaryimage"},"thumbnailUrl":"https:\/\/www.presasg8.es\/wp-content\/uploads\/2024\/03\/presas-de-escalada-tacos-grandes-1.jpg","datePublished":"2024-03-16T06:46:35+00:00","breadcrumb":{"@id":"https:\/\/www.presasg8.es\/pt-pt\/producto\/embalagem-tacos-grandes-presa\/#breadcrumb"},"inLanguage":"pt-PT","potentialAction":[{"@type":"ReadAction","target":["https:\/\/www.presasg8.es\/pt-pt\/producto\/embalagem-tacos-grandes-presa\/"]}]},{"@type":"ImageObject","inLanguage":"pt-PT","@id":"https:\/\/www.presasg8.es\/pt-pt\/producto\/embalagem-tacos-grandes-presa\/#primaryimage","url":"https:\/\/www.presasg8.es\/wp-content\/uploads\/2024\/03\/presas-de-escalada-tacos-grandes-1.jpg","contentUrl":"https:\/\/www.presasg8.es\/wp-content\/uploads\/2024\/03\/presas-de-escalada-tacos-grandes-1.jpg","width":2000,"height":2000},{"@type":"BreadcrumbList","@id":"https:\/\/www.presasg8.es\/pt-pt\/producto\/embalagem-tacos-grandes-presa\/#breadcrumb","itemListElement":[{"@type":"ListItem","position":1,"name":"Portada","item":"https:\/\/www.presasg8.es\/pt-pt\/"},{"@type":"ListItem","position":2,"name":"Loja de suportes de escalada","item":"https:\/\/www.presasg8.es\/pt-pt\/tienda-2\/"},{"@type":"ListItem","position":3,"name":"Embalagem Tacos grandes presa"}]},{"@type":"WebSite","@id":"https:\/\/www.presasg8.es\/pt-pt\/#website","url":"https:\/\/www.presasg8.es\/pt-pt\/","name":"Presas de escalada G8","description":"Tienda online de Presas de escalada para roc\u00f3dromo","publisher":{"@id":"https:\/\/www.presasg8.es\/pt-pt\/#organization"},"alternateName":"Presas de escalada para roc\u00f3dromo","potentialAction":[{"@type":"SearchAction","target":{"@type":"EntryPoint","urlTemplate":"https:\/\/www.presasg8.es\/pt-pt\/?s={search_term_string}"},"query-input":{"@type":"PropertyValueSpecification","valueRequired":true,"valueName":"search_term_string"}}],"inLanguage":"pt-PT"},{"@type":"Organization","@id":"https:\/\/www.presasg8.es\/pt-pt\/#organization","name":"Presas de escalada G8","alternateName":"Presas de escalada para roc\u00f3dromo G8","url":"https:\/\/www.presasg8.es\/pt-pt\/","logo":{"@type":"ImageObject","inLanguage":"pt-PT","@id":"https:\/\/www.presasg8.es\/pt-pt\/#\/schema\/logo\/image\/","url":"https:\/\/www.presasg8.es\/wp-content\/uploads\/2023\/09\/logo-presas-g8.jpeg","contentUrl":"https:\/\/www.presasg8.es\/wp-content\/uploads\/2023\/09\/logo-presas-g8.jpeg","width":400,"height":486,"caption":"Presas de escalada G8"},"image":{"@id":"https:\/\/www.presasg8.es\/pt-pt\/#\/schema\/logo\/image\/"},"sameAs":["https:\/\/www.facebook.com\/presasescaladag8\/","https:\/\/www.instagram.com\/presasg8\/"]}]}},"_links":{"self":[{"href":"https:\/\/www.presasg8.es\/pt-pt\/wp-json\/wp\/v2\/product\/5855","targetHints":{"allow":["GET"]}}],"collection":[{"href":"https:\/\/www.presasg8.es\/pt-pt\/wp-json\/wp\/v2\/product"}],"about":[{"href":"https:\/\/www.presasg8.es\/pt-pt\/wp-json\/wp\/v2\/types\/product"}],"replies":[{"embeddable":true,"href":"https:\/\/www.presasg8.es\/pt-pt\/wp-json\/wp\/v2\/comments?post=5855"}],"wp:featuredmedia":[{"embeddable":true,"href":"https:\/\/www.presasg8.es\/pt-pt\/wp-json\/wp\/v2\/media\/3486"}],"wp:attachment":[{"href":"https:\/\/www.presasg8.es\/pt-pt\/wp-json\/wp\/v2\/media?parent=5855"}],"wp:term":[{"taxonomy":"product_brand","embeddable":true,"href":"https:\/\/www.presasg8.es\/pt-pt\/wp-json\/wp\/v2\/product_brand?post=5855"},{"taxonomy":"product_cat","embeddable":true,"href":"https:\/\/www.presasg8.es\/pt-pt\/wp-json\/wp\/v2\/product_cat?post=5855"},{"taxonomy":"product_tag","embeddable":true,"href":"https:\/\/www.presasg8.es\/pt-pt\/wp-json\/wp\/v2\/product_tag?post=5855"}],"curies":[{"name":"wp","href":"https:\/\/api.w.org\/{rel}","templated":true}]}}