{"id":4701,"date":"2024-02-08T17:59:08","date_gmt":"2024-02-08T16:59:08","guid":{"rendered":"https:\/\/www.presasg8.es\/perguntas-frequentes\/"},"modified":"2024-04-05T18:05:40","modified_gmt":"2024-04-05T16:05:40","slug":"perguntas-frequentes","status":"publish","type":"page","link":"https:\/\/www.presasg8.es\/pt-pt\/perguntas-frequentes\/","title":{"rendered":"Perguntas frequentes"},"content":{"rendered":"<div class=\"fusion-fullwidth fullwidth-box fusion-builder-row-1 fusion-flex-container has-pattern-background has-mask-background nonhundred-percent-fullwidth non-hundred-percent-height-scrolling\" style=\"--awb-border-radius-top-left:0px;--awb-border-radius-top-right:0px;--awb-border-radius-bottom-right:0px;--awb-border-radius-bottom-left:0px;--awb-flex-wrap:wrap;\" ><div class=\"fusion-builder-row fusion-row fusion-flex-align-items-flex-start fusion-flex-content-wrap\" style=\"max-width:1435.2px;margin-left: calc(-4% \/ 2 );margin-right: calc(-4% \/ 2 );\"><div class=\"fusion-layout-column fusion_builder_column fusion-builder-column-0 fusion_builder_column_3_4 3_4 fusion-flex-column\" style=\"--awb-bg-size:cover;--awb-width-large:75%;--awb-margin-top-large:0px;--awb-spacing-right-large:2.56%;--awb-margin-bottom-large:20px;--awb-spacing-left-large:2.56%;--awb-width-medium:75%;--awb-order-medium:0;--awb-spacing-right-medium:2.56%;--awb-spacing-left-medium:2.56%;--awb-width-small:100%;--awb-order-small:0;--awb-spacing-right-small:1.92%;--awb-spacing-left-small:1.92%;\"><div class=\"fusion-column-wrapper fusion-column-has-shadow fusion-flex-justify-content-flex-start fusion-content-layout-column\"><div class=\"fusion-title title fusion-title-1 fusion-sep-none fusion-title-text fusion-title-size-three\" style=\"--awb-margin-top-small:10px;--awb-margin-right-small:0px;--awb-margin-bottom-small:10px;--awb-margin-left-small:0px;\"><h3 class=\"fusion-title-heading title-heading-left fusion-responsive-typography-calculated\" style=\"margin:0;--fontSize:24;line-height:1.25;\">Aqui encontrar\u00e1 respostas para as perguntas mais comuns que podemos encontrar quando compramos suportes de escalada, instalamos suportes de escalada, distribu\u00edmo-los, mantemo-los, constru\u00edmos a nossa parede de escalada&#8230;<\/h3><\/div><div class=\"accordian fusion-accordian\" style=\"--awb-border-size:1px;--awb-icon-size:16px;--awb-content-font-size:var(--awb-typography4-font-size);--awb-icon-alignment:left;--awb-hover-color:var(--awb-color2);--awb-border-color:var(--awb-color3);--awb-background-color:var(--awb-color1);--awb-divider-color:var(--awb-color3);--awb-divider-hover-color:var(--awb-color3);--awb-icon-color:var(--awb-color1);--awb-title-color:var(--awb-color8);--awb-content-color:var(--awb-color8);--awb-icon-box-color:var(--awb-color8);--awb-toggle-hover-accent-color:var(--awb-color5);--awb-title-font-family:var(--awb-typography1-font-family);--awb-title-font-weight:var(--awb-typography1-font-weight);--awb-title-font-style:var(--awb-typography1-font-style);--awb-title-font-size:16px;--awb-title-letter-spacing:var(--awb-typography1-letter-spacing);--awb-title-line-height:48px;--awb-content-font-family:var(--awb-typography4-font-family);--awb-content-font-weight:var(--awb-typography4-font-weight);--awb-content-font-style:var(--awb-typography4-font-style);\"><div class=\"panel-group fusion-toggle-icon-boxed\" id=\"accordion-4701-1\"><div class=\"fusion-panel panel-default panel-7d5359d8b74b8313d fusion-toggle-has-divider\" style=\"--awb-title-color:var(--awb-color8);--awb-content-color:var(--awb-color8);\"><div class=\"panel-heading\"><h4 class=\"panel-title toggle\" id=\"toggle_7d5359d8b74b8313d\"><a aria-expanded=\"false\" aria-controls=\"7d5359d8b74b8313d\" role=\"button\" data-toggle=\"collapse\" data-parent=\"#accordion-4701-1\" data-target=\"#7d5359d8b74b8313d\" href=\"#7d5359d8b74b8313d\"><span class=\"fusion-toggle-icon-wrapper\" aria-hidden=\"true\"><i class=\"fa-fusion-box active-icon awb-icon-minus\" aria-hidden=\"true\"><\/i><i class=\"fa-fusion-box inactive-icon awb-icon-plus\" aria-hidden=\"true\"><\/i><\/span><span class=\"fusion-toggle-heading\">COMO \u00c9 QUE INSTALO OS SUPORTES DE ESCALADA?<\/span><\/a><\/h4><\/div><div id=\"7d5359d8b74b8313d\" class=\"panel-collapse collapse \" aria-labelledby=\"toggle_7d5359d8b74b8313d\"><div class=\"panel-body toggle-content fusion-clearfix\">\n<p>Os suportes de escalada, consoante se destinem a ser colocados em <strong>madeira, tijolo ou bet\u00e3o<\/strong>, devem ter parafusos espec\u00edficos para a sua correcta instala\u00e7\u00e3o.<\/p>\n<p>Os suportes que fabricamos t\u00eam um orif\u00edcio principal de m\u00e9trica 10 e um orif\u00edcio secund\u00e1rio de m\u00e9trica 4, que \u00e9 opcional (se o suporte, uma vez instalado, se verificar que roda porque tem muito corpo ou porque exercemos muita press\u00e3o sobre ele, teremos de fixar o suporte de escalada tamb\u00e9m com este orif\u00edcio secund\u00e1rio).<\/p>\n<p><strong><br \/>\n  <em>Para a instala\u00e7\u00e3o de suportes de parede de escalada em madeira<\/em><br \/>\n<\/strong> o ideal seria utilizar <a title=\"suportes de escalada - suportes de escalada suportes de escalada suportes de escalada - suportes de escalada em rocha\" href=\"https:\/\/www.presasg8.es\/product\/tuerca-m10-de-embutir-tipo-arana\/\">porcas-aranha de m\u00e9trica 10<\/a> (opcionalmente <a title=\"suportes de escalada - suportes de escalada suportes de escalada suportes de escalada - suportes de escalada em rocha\" href=\"https:\/\/www.presasg8.es\/product\/tuerca-m8-de-embutir-tipo-arana\/\">m\u00e9trica 8<\/a>), que \u00e9 a mais recomend\u00e1vel, uma vez que respeita a mesma m\u00e9trica que a barragem ou as <a title=\"suportes de escalada - suportes de escalada suportes de escalada suportes de escalada - suportes de escalada em rocha\" href=\"https:\/\/www.presasg8.es\/product\/tuerca-m10-de-embutir-para-atornillar\/\">porcas-aranha aparafusadas de<\/a> m\u00e9trica 10.<\/p>\n<p>As porcas-aranha s\u00e3o instaladas num painel de madeira com uma espessura entre 1,6cm e 3cm, previamente perfurado com uma broca com a mesma m\u00e9trica da porca. Se a madeira em que os suportes de trepar v\u00e3o ser instalados for macia, de aglomerado ou de m\u00e1 qualidade, \u00e9 prefer\u00edvel utilizar uma porca de aparafusar para aparafusar.<\/p>\n<p>Uma vez colocadas as aranhas, o passo seguinte \u00e9 instalar os diques utilizando um <a title=\"suportes de escalada - suportes de escalada suportes de escalada suportes de escalada - suportes de escalada em rocha\" href=\"https:\/\/www.presasg8.es\/product\/tornillo-allen-m10x50\/\">parafuso allen<\/a> com a mesma m\u00e9trica que as porcas da aranha e um <a title=\"suportes de escalada - suportes de escalada suportes de escalada suportes de escalada - suportes de escalada em rocha\" href=\"https:\/\/www.presasg8.es\/product\/50-tornillos-tirafondo-35-x-35\/\">parafuso de retardamento<\/a> para o furo secund\u00e1rio.<\/p>\n<p>Apertar os parafusos dos diques com uma chave Allen at\u00e9 se verificar que est\u00e3o bem fixos, sem for\u00e7ar o corpo do dique, pois um aperto excessivo pode provocar a sua rutura.<\/p>\n<p><strong><br \/>\n  <em>Para instala\u00e7\u00e3o em paredes de bet\u00e3o<\/em><br \/>\n<\/strong> temos 2 op\u00e7\u00f5es recomendadas:<\/p>\n<ul>\n<li>Instala\u00e7\u00e3o com uma <a title=\"suportes de escalada - suportes de escalada suportes de escalada suportes de escalada - suportes de escalada em rocha\" href=\"https:\/\/www.presasg8.es\/product\/taco-golpe-hormigon-m10\/\">manga de impacto em bet\u00e3o<\/a>: este sistema consiste em fazer um furo na parede com a mesma m\u00e9trica da manga, introduzi-la e utilizar uma m\u00f3 espec\u00edfica para bater no interior do obturador at\u00e9 que os flanges se abram, provocando fric\u00e7\u00e3o no interior da parede. Em seguida, apresentamos o dique e aparafusamo-lo com um parafuso Allen do mesmo tamanho que o casquilho. Opcionalmente, utilizaremos o orif\u00edcio secund\u00e1rio se virmos que roda, com um tamp\u00e3o gtx especial de m\u00e9trica 5 e um parafuso de desfasamento 3,5\u00d735.<\/li>\n<li>Instala\u00e7\u00e3o com <a title=\"suportes de escalada - suportes de escalada suportes de escalada suportes de escalada - suportes de escalada em rocha\" href=\"https:\/\/www.presasg8.es\/product\/taco-de-nylon-m10-gtx-ladrillo-y-hormigon\/\">bucha de nylon especial para tijolo\/bet\u00e3o GTX m\u00e9trica 10<\/a> e <a title=\"suportes de escalada - suportes de escalada suportes de escalada suportes de escalada - suportes de escalada em rocha\" href=\"https:\/\/www.presasg8.es\/product\/tornillo-barraquero-m8-x-80-ladrillo-y-hormigon\/\">parafuso de barra m\u00e9trica 8.<\/a> Para a instala\u00e7\u00e3o com estes parafusos, ser\u00e1 necess\u00e1rio efetuar um furo com o mesmo comprimento do parafuso de barra (para evitar que o parafuso chegue ao fundo da parede e n\u00e3o aperte o corpo do dique como deveria). Introduzir a cavilha e, em seguida, apertar o dique com o parafuso da barra utilizando uma chave de caixa. Opcionalmente, podemos tamb\u00e9m utilizar o orif\u00edcio secund\u00e1rio, se necess\u00e1rio (com cavilha gtx m5 e parafusos de 3,5x35mm).<\/li>\n<li>Tamb\u00e9m poder\u00edamos utilizar a instala\u00e7\u00e3o qu\u00edmica, mas como \u00e9 mais cara e n\u00e3o \u00e9 totalmente necess\u00e1ria para esta superf\u00edcie, desaconselhamos a sua utiliza\u00e7\u00e3o, embora possa ser instalada sem problemas.<\/li>\n<\/ul>\n<p><strong><br \/>\n  <em>Para instala\u00e7\u00e3o em tijolos face \u00e0 vista, ou paredes muito macias (exceto adobe, lama, areia&#8230;).<\/em><br \/>\n<\/strong>ou paredes muito macias (exceto paredes de adobe, barro, areia&#8230;).<\/p>\n<p>Para a instala\u00e7\u00e3o dos nossos suportes de escalada em paredes de tijolo, temos 2 op\u00e7\u00f5es:<\/p>\n<p>Se o tijolo tiver c\u00e9lulas bem espa\u00e7adas e uma boa camada de bet\u00e3o a cobrir a parede, podem ser instaladas com parafusos GTX e parafusos de barra.<\/p>\n<p>Se, por outro lado, se tratar de uma parede muito fraca, devemos instalar os nossos suportes de escalada com uma instala\u00e7\u00e3o qu\u00edmica.<\/p>\n<p>Para a instala\u00e7\u00e3o das nossas barragens, come\u00e7amos por fazer um furo de 20 metros, sopramos o interior com um tubo de borracha e inserimos uma <a title=\"suportes de escalada - suportes de escalada suportes de escalada suportes de escalada - suportes de escalada em rocha\" href=\"https:\/\/www.presasg8.es\/product\/tamiz-de-nylon-para-anclajes-quimicos\/\">peneira de nylon<\/a> para ancoragem qu\u00edmica.<\/p>\n<p>Quando tivermos efectuado cerca de 12 furos, abriremos um  <a title=\"suportes de escalada - suportes de escalada suportes de escalada suportes de escalada - suportes de escalada em rocha\" href=\"https:\/\/www.presasg8.es\/product\/cartucho-resina-300cc-para-anclaje-quimico\/\">cartucho de resina de poli\u00e9ster<\/a>  e encher toda a peneira com a nossa resina, (temos de inserir o  <a title=\"suportes de escalada - suportes de escalada suportes de escalada suportes de escalada - suportes de escalada em rocha\" href=\"https:\/\/www.presasg8.es\/product\/anclaje-hembra-para-resina\/\">casquilho met\u00e1lico f\u00eamea<\/a>  um a um, uma vez que a resina seca rapidamente) inserimos o casquilho o mais perpendicular poss\u00edvel \u00e0 parede, caso contr\u00e1rio a base da barragem n\u00e3o assentar\u00e1 corretamente e ficar\u00e1 torta.<\/p>\n<p>Repetir o processo tantas vezes quantas as que quisermos para instalar barragens. \u00c9 um sistema muito fi\u00e1vel e duradouro para instalar os nossos suportes de escalada para paredes de tijolo.<\/p>\n<p>Os suportes de escalada s\u00e3o ent\u00e3o apresentados e apertados com parafusos allen M10.<\/p>\n<p>Opcionalmente, o parafuso secund\u00e1rio pode ser equipado com cavilhas de nylon M5 e parafusos de retardamento de 3,5&#215;35 mm.<\/p>\n<p>Mais informa\u00e7\u00f5es no nosso <a title=\"suportes de escalada - suportes de escalada suportes de escalada suportes de escalada - suportes de escalada em rocha\" href=\"https:\/\/www.presasg8.es\/como-construir-un-rocodromo\/\">blogue<\/a>.<\/p>\n<\/div><\/div><\/div><div class=\"fusion-panel panel-default panel-acbd7ec57b4763989 fusion-toggle-has-divider\" style=\"--awb-title-color:var(--awb-color8);--awb-content-color:var(--awb-color8);\"><div class=\"panel-heading\"><h4 class=\"panel-title toggle\" id=\"toggle_acbd7ec57b4763989\"><a aria-expanded=\"false\" aria-controls=\"acbd7ec57b4763989\" role=\"button\" data-toggle=\"collapse\" data-parent=\"#accordion-4701-1\" data-target=\"#acbd7ec57b4763989\" href=\"#acbd7ec57b4763989\"><span class=\"fusion-toggle-icon-wrapper\" aria-hidden=\"true\"><i class=\"fa-fusion-box active-icon awb-icon-minus\" aria-hidden=\"true\"><\/i><i class=\"fa-fusion-box inactive-icon awb-icon-plus\" aria-hidden=\"true\"><\/i><\/span><span class=\"fusion-toggle-heading\">\u00c9 NECESS\u00c1RIO UM SISTEMA DE SEGURAN\u00c7A?<\/span><\/a><\/h4><\/div><div id=\"acbd7ec57b4763989\" class=\"panel-collapse collapse \" aria-labelledby=\"toggle_acbd7ec57b4763989\"><div class=\"panel-body toggle-content fusion-clearfix\">\n<p>Uma quest\u00e3o que muitos clientes nos colocam \u00e9 se \u00e9 necess\u00e1rio um sistema de seguran\u00e7a para a parede de escalada que v\u00e3o instalar.<\/p>\n<p>As paredes de escalada dom\u00e9sticas s\u00e3o normalmente feitas em comprimento e n\u00e3o em altura. Realiza\u00e7\u00e3o de uma subida transversal com um pouco de ziguezague para cima e para baixo. Podemos colocar tapetes, colch\u00f5es ou tapetes de borracha no ch\u00e3o para maior seguran\u00e7a.<\/p>\n<p>Para as paredes de escalada em que os suportes de escalada excedem uma altura de 2,5 metros, seria aconselh\u00e1vel instalar \u00e2ncoras de seguran\u00e7a para escalar com corda, capacete e arn\u00eas, colocando uma corrente ou um cinto no topo, no final do percurso.<\/p>\n<\/div><\/div><\/div><div class=\"fusion-panel panel-default panel-f4017a9864b5e068e fusion-toggle-has-divider\" style=\"--awb-title-color:var(--awb-color8);--awb-content-color:var(--awb-color8);\"><div class=\"panel-heading\"><h4 class=\"panel-title toggle\" id=\"toggle_f4017a9864b5e068e\"><a aria-expanded=\"false\" aria-controls=\"f4017a9864b5e068e\" role=\"button\" data-toggle=\"collapse\" data-parent=\"#accordion-4701-1\" data-target=\"#f4017a9864b5e068e\" href=\"#f4017a9864b5e068e\"><span class=\"fusion-toggle-icon-wrapper\" aria-hidden=\"true\"><i class=\"fa-fusion-box active-icon awb-icon-minus\" aria-hidden=\"true\"><\/i><i class=\"fa-fusion-box inactive-icon awb-icon-plus\" aria-hidden=\"true\"><\/i><\/span><span class=\"fusion-toggle-heading\">QUE AGARRAS DE ESCALADA ESCOLHER?<\/span><\/a><\/h4><\/div><div id=\"f4017a9864b5e068e\" class=\"panel-collapse collapse \" aria-labelledby=\"toggle_f4017a9864b5e068e\"><div class=\"panel-body toggle-content fusion-clearfix\">\n<p>As agarras a escolher dependem do n\u00edvel do alpinista. <em><br \/>\n  <strong>n\u00edvel do alpinista<\/strong><br \/>\n<\/em> ou das necessidades do alpinista. Para um n\u00edvel de inicia\u00e7\u00e3o, \u00e9 prefer\u00edvel utilizar agarres de escalada com uma boa ader\u00eancia e de tamanho m\u00e9dio a grande. Tamb\u00e9m temos muitas pegas individuais especiais, tais como chifres, molas gigantes, pegas&#8230; bem como muitos pacotes de diferentes pegas e dificuldades dispon\u00edveis no nosso s\u00edtio Web.<\/p>\n<p>Para os n\u00edveis interm\u00e9dios e mais avan\u00e7ados, temos fixa\u00e7\u00f5es mais pequenas e t\u00e9cnicas, mais dif\u00edceis de agarrar. Em termos de pegas especiais, temos tamb\u00e9m pegas com formas diferentes e pegas muito complicadas ou especializadas.<\/p>\n<p><strong><br \/>\n  <em>Dependendo da inclina\u00e7\u00e3o<\/em><br \/>\n<\/strong> do painel ou da parede onde queremos instalar os suportes de escalada, haver\u00e1 alguns suportes mais adequados do que outros. Na nossa ficha de produto, as inclina\u00e7\u00f5es recomendadas est\u00e3o indicadas nas caracter\u00edsticas, que podem ir de 0\u00ba (painel completamente vertical) a 90\u00ba (telhado).<\/p>\n<p>Outra premissa a ter em conta \u00e9 se precisamos de <em><br \/>\n  <strong>de pegas com as m\u00e3os ou com os p\u00e9s<\/strong><br \/>\n<\/em>. Dispomos de 2 tamanhos de apoios para os p\u00e9s, o normal (S) e o mini (XS).<\/p>\n<\/div><\/div><\/div><\/div><\/div><\/div><\/div><div class=\"fusion-layout-column fusion_builder_column fusion-builder-column-1 fusion_builder_column_1_4 1_4 fusion-flex-column\" style=\"--awb-bg-size:cover;--awb-width-large:25%;--awb-margin-top-large:0px;--awb-spacing-right-large:7.68%;--awb-margin-bottom-large:20px;--awb-spacing-left-large:7.68%;--awb-width-medium:25%;--awb-order-medium:0;--awb-spacing-right-medium:7.68%;--awb-spacing-left-medium:7.68%;--awb-width-small:100%;--awb-order-small:0;--awb-spacing-right-small:1.92%;--awb-spacing-left-small:1.92%;\"><div class=\"fusion-column-wrapper fusion-column-has-shadow fusion-flex-justify-content-flex-start fusion-content-layout-column\"><div class=\"fusion-image-element \" style=\"--awb-caption-title-font-family:var(--h2_typography-font-family);--awb-caption-title-font-weight:var(--h2_typography-font-weight);--awb-caption-title-font-style:var(--h2_typography-font-style);--awb-caption-title-size:var(--h2_typography-font-size);--awb-caption-title-transform:var(--h2_typography-text-transform);--awb-caption-title-line-height:var(--h2_typography-line-height);--awb-caption-title-letter-spacing:var(--h2_typography-letter-spacing);\"><span class=\" fusion-imageframe imageframe-none imageframe-1 hover-type-none\"><img decoding=\"async\" width=\"600\" height=\"899\" alt=\"preguntas frecuentes sobre escalada\" title=\"preguntas-escalada\" src=\"https:\/\/www.presasg8.es\/wp-content\/uploads\/2024\/02\/preguntas-escalada.webp\" data-orig-src=\"https:\/\/www.presasg8.es\/wp-content\/uploads\/2024\/02\/preguntas-escalada.webp\" class=\"lazyload img-responsive wp-image-1738\" srcset=\"data:image\/svg+xml,%3Csvg%20xmlns%3D%27http%3A%2F%2Fwww.w3.org%2F2000%2Fsvg%27%20width%3D%27600%27%20height%3D%27899%27%20viewBox%3D%270%200%20600%20899%27%3E%3Crect%20width%3D%27600%27%20height%3D%27899%27%20fill-opacity%3D%220%22%2F%3E%3C%2Fsvg%3E\" data-srcset=\"https:\/\/www.presasg8.es\/wp-content\/uploads\/2024\/02\/preguntas-escalada-200x300.webp 200w, https:\/\/www.presasg8.es\/wp-content\/uploads\/2024\/02\/preguntas-escalada-400x599.webp 400w, https:\/\/www.presasg8.es\/wp-content\/uploads\/2024\/02\/preguntas-escalada.webp 600w\" data-sizes=\"auto\" data-orig-sizes=\"(max-width: 640px) 100vw, 400px\" \/><\/span><\/div><\/div><\/div><\/div><\/div>\n","protected":false},"excerpt":{"rendered":"","protected":false},"author":1,"featured_media":0,"parent":0,"menu_order":0,"comment_status":"closed","ping_status":"closed","template":"100-width.php","meta":{"_joinchat":[],"footnotes":""},"class_list":["post-4701","page","type-page","status-publish","hentry"],"yoast_head":"<!-- This site is optimized with the Yoast SEO plugin v27.3 - https:\/\/yoast.com\/product\/yoast-seo-wordpress\/ -->\n<title>Perguntas frequentes - Presas G8 - Presas de escalada para roc\u00f3dromo<\/title>\n<meta name=\"robots\" content=\"index, follow, max-snippet:-1, max-image-preview:large, max-video-preview:-1\" \/>\n<link rel=\"canonical\" href=\"https:\/\/www.presasg8.es\/pt-pt\/perguntas-frequentes\/\" \/>\n<meta property=\"og:locale\" content=\"pt_PT\" \/>\n<meta property=\"og:type\" content=\"article\" \/>\n<meta property=\"og:title\" content=\"Perguntas frequentes - Presas G8 - Presas de escalada para roc\u00f3dromo\" \/>\n<meta property=\"og:url\" content=\"https:\/\/www.presasg8.es\/pt-pt\/perguntas-frequentes\/\" \/>\n<meta property=\"og:site_name\" content=\"Presas G8 - Presas de escalada para roc\u00f3dromo\" \/>\n<meta property=\"article:publisher\" content=\"https:\/\/www.facebook.com\/presasescaladag8\/\" \/>\n<meta property=\"article:modified_time\" content=\"2024-04-05T16:05:40+00:00\" \/>\n<meta name=\"twitter:card\" content=\"summary_large_image\" \/>\n<meta name=\"twitter:label1\" content=\"Tempo estimado de leitura\" \/>\n\t<meta name=\"twitter:data1\" content=\"16 minutos\" \/>\n<script type=\"application\/ld+json\" class=\"yoast-schema-graph\">{\"@context\":\"https:\\\/\\\/schema.org\",\"@graph\":[{\"@type\":\"WebPage\",\"@id\":\"https:\\\/\\\/www.presasg8.es\\\/pt-pt\\\/perguntas-frequentes\\\/\",\"url\":\"https:\\\/\\\/www.presasg8.es\\\/pt-pt\\\/perguntas-frequentes\\\/\",\"name\":\"Perguntas frequentes - Presas G8 - Presas de escalada para roc\u00f3dromo\",\"isPartOf\":{\"@id\":\"https:\\\/\\\/www.presasg8.es\\\/pt-pt\\\/#website\"},\"datePublished\":\"2024-02-08T16:59:08+00:00\",\"dateModified\":\"2024-04-05T16:05:40+00:00\",\"breadcrumb\":{\"@id\":\"https:\\\/\\\/www.presasg8.es\\\/pt-pt\\\/perguntas-frequentes\\\/#breadcrumb\"},\"inLanguage\":\"pt-PT\",\"potentialAction\":[{\"@type\":\"ReadAction\",\"target\":[\"https:\\\/\\\/www.presasg8.es\\\/pt-pt\\\/perguntas-frequentes\\\/\"]}]},{\"@type\":\"BreadcrumbList\",\"@id\":\"https:\\\/\\\/www.presasg8.es\\\/pt-pt\\\/perguntas-frequentes\\\/#breadcrumb\",\"itemListElement\":[{\"@type\":\"ListItem\",\"position\":1,\"name\":\"Portada\",\"item\":\"https:\\\/\\\/www.presasg8.es\\\/pt-pt\\\/\"},{\"@type\":\"ListItem\",\"position\":2,\"name\":\"Perguntas frequentes\"}]},{\"@type\":\"WebSite\",\"@id\":\"https:\\\/\\\/www.presasg8.es\\\/pt-pt\\\/#website\",\"url\":\"https:\\\/\\\/www.presasg8.es\\\/pt-pt\\\/\",\"name\":\"Presas de escalada G8\",\"description\":\"Tienda online de Presas de escalada para roc\u00f3dromo\",\"publisher\":{\"@id\":\"https:\\\/\\\/www.presasg8.es\\\/pt-pt\\\/#organization\"},\"alternateName\":\"Presas de escalada para roc\u00f3dromo\",\"potentialAction\":[{\"@type\":\"SearchAction\",\"target\":{\"@type\":\"EntryPoint\",\"urlTemplate\":\"https:\\\/\\\/www.presasg8.es\\\/pt-pt\\\/?s={search_term_string}\"},\"query-input\":{\"@type\":\"PropertyValueSpecification\",\"valueRequired\":true,\"valueName\":\"search_term_string\"}}],\"inLanguage\":\"pt-PT\"},{\"@type\":\"Organization\",\"@id\":\"https:\\\/\\\/www.presasg8.es\\\/pt-pt\\\/#organization\",\"name\":\"Presas de escalada G8\",\"alternateName\":\"Presas de escalada para roc\u00f3dromo G8\",\"url\":\"https:\\\/\\\/www.presasg8.es\\\/pt-pt\\\/\",\"logo\":{\"@type\":\"ImageObject\",\"inLanguage\":\"pt-PT\",\"@id\":\"https:\\\/\\\/www.presasg8.es\\\/pt-pt\\\/#\\\/schema\\\/logo\\\/image\\\/\",\"url\":\"https:\\\/\\\/www.presasg8.es\\\/wp-content\\\/uploads\\\/2023\\\/09\\\/logo-presas-g8.jpeg\",\"contentUrl\":\"https:\\\/\\\/www.presasg8.es\\\/wp-content\\\/uploads\\\/2023\\\/09\\\/logo-presas-g8.jpeg\",\"width\":400,\"height\":486,\"caption\":\"Presas de escalada G8\"},\"image\":{\"@id\":\"https:\\\/\\\/www.presasg8.es\\\/pt-pt\\\/#\\\/schema\\\/logo\\\/image\\\/\"},\"sameAs\":[\"https:\\\/\\\/www.facebook.com\\\/presasescaladag8\\\/\",\"https:\\\/\\\/www.instagram.com\\\/presasg8\\\/\"]}]}<\/script>\n<!-- \/ Yoast SEO plugin. -->","yoast_head_json":{"title":"Perguntas frequentes - Presas G8 - Presas de escalada para roc\u00f3dromo","robots":{"index":"index","follow":"follow","max-snippet":"max-snippet:-1","max-image-preview":"max-image-preview:large","max-video-preview":"max-video-preview:-1"},"canonical":"https:\/\/www.presasg8.es\/pt-pt\/perguntas-frequentes\/","og_locale":"pt_PT","og_type":"article","og_title":"Perguntas frequentes - Presas G8 - Presas de escalada para roc\u00f3dromo","og_url":"https:\/\/www.presasg8.es\/pt-pt\/perguntas-frequentes\/","og_site_name":"Presas G8 - Presas de escalada para roc\u00f3dromo","article_publisher":"https:\/\/www.facebook.com\/presasescaladag8\/","article_modified_time":"2024-04-05T16:05:40+00:00","twitter_card":"summary_large_image","twitter_misc":{"Tempo estimado de leitura":"16 minutos"},"schema":{"@context":"https:\/\/schema.org","@graph":[{"@type":"WebPage","@id":"https:\/\/www.presasg8.es\/pt-pt\/perguntas-frequentes\/","url":"https:\/\/www.presasg8.es\/pt-pt\/perguntas-frequentes\/","name":"Perguntas frequentes - Presas G8 - Presas de escalada para roc\u00f3dromo","isPartOf":{"@id":"https:\/\/www.presasg8.es\/pt-pt\/#website"},"datePublished":"2024-02-08T16:59:08+00:00","dateModified":"2024-04-05T16:05:40+00:00","breadcrumb":{"@id":"https:\/\/www.presasg8.es\/pt-pt\/perguntas-frequentes\/#breadcrumb"},"inLanguage":"pt-PT","potentialAction":[{"@type":"ReadAction","target":["https:\/\/www.presasg8.es\/pt-pt\/perguntas-frequentes\/"]}]},{"@type":"BreadcrumbList","@id":"https:\/\/www.presasg8.es\/pt-pt\/perguntas-frequentes\/#breadcrumb","itemListElement":[{"@type":"ListItem","position":1,"name":"Portada","item":"https:\/\/www.presasg8.es\/pt-pt\/"},{"@type":"ListItem","position":2,"name":"Perguntas frequentes"}]},{"@type":"WebSite","@id":"https:\/\/www.presasg8.es\/pt-pt\/#website","url":"https:\/\/www.presasg8.es\/pt-pt\/","name":"Presas de escalada G8","description":"Tienda online de Presas de escalada para roc\u00f3dromo","publisher":{"@id":"https:\/\/www.presasg8.es\/pt-pt\/#organization"},"alternateName":"Presas de escalada para roc\u00f3dromo","potentialAction":[{"@type":"SearchAction","target":{"@type":"EntryPoint","urlTemplate":"https:\/\/www.presasg8.es\/pt-pt\/?s={search_term_string}"},"query-input":{"@type":"PropertyValueSpecification","valueRequired":true,"valueName":"search_term_string"}}],"inLanguage":"pt-PT"},{"@type":"Organization","@id":"https:\/\/www.presasg8.es\/pt-pt\/#organization","name":"Presas de escalada G8","alternateName":"Presas de escalada para roc\u00f3dromo G8","url":"https:\/\/www.presasg8.es\/pt-pt\/","logo":{"@type":"ImageObject","inLanguage":"pt-PT","@id":"https:\/\/www.presasg8.es\/pt-pt\/#\/schema\/logo\/image\/","url":"https:\/\/www.presasg8.es\/wp-content\/uploads\/2023\/09\/logo-presas-g8.jpeg","contentUrl":"https:\/\/www.presasg8.es\/wp-content\/uploads\/2023\/09\/logo-presas-g8.jpeg","width":400,"height":486,"caption":"Presas de escalada G8"},"image":{"@id":"https:\/\/www.presasg8.es\/pt-pt\/#\/schema\/logo\/image\/"},"sameAs":["https:\/\/www.facebook.com\/presasescaladag8\/","https:\/\/www.instagram.com\/presasg8\/"]}]}},"_links":{"self":[{"href":"https:\/\/www.presasg8.es\/pt-pt\/wp-json\/wp\/v2\/pages\/4701","targetHints":{"allow":["GET"]}}],"collection":[{"href":"https:\/\/www.presasg8.es\/pt-pt\/wp-json\/wp\/v2\/pages"}],"about":[{"href":"https:\/\/www.presasg8.es\/pt-pt\/wp-json\/wp\/v2\/types\/page"}],"author":[{"embeddable":true,"href":"https:\/\/www.presasg8.es\/pt-pt\/wp-json\/wp\/v2\/users\/1"}],"replies":[{"embeddable":true,"href":"https:\/\/www.presasg8.es\/pt-pt\/wp-json\/wp\/v2\/comments?post=4701"}],"version-history":[{"count":0,"href":"https:\/\/www.presasg8.es\/pt-pt\/wp-json\/wp\/v2\/pages\/4701\/revisions"}],"wp:attachment":[{"href":"https:\/\/www.presasg8.es\/pt-pt\/wp-json\/wp\/v2\/media?parent=4701"}],"curies":[{"name":"wp","href":"https:\/\/api.w.org\/{rel}","templated":true}]}}