{"id":4695,"date":"2024-01-18T12:18:23","date_gmt":"2024-01-18T11:18:23","guid":{"rendered":"https:\/\/www.presasg8.es\/politica-de-privacidade\/"},"modified":"2026-03-22T09:42:52","modified_gmt":"2026-03-22T08:42:52","slug":"politica-de-privacidade","status":"publish","type":"page","link":"https:\/\/www.presasg8.es\/pt-pt\/politica-de-privacidade\/","title":{"rendered":"Pol\u00edtica de privacidade"},"content":{"rendered":"<h3>1. POL\u00cdTICA DE PRIVACIDAD Y SEGURIDAD<\/h3>\n<p>Desde Presas de escalada G8, como titular de la presente web (www.presasg8.es), protegemos los datos personales e informaci\u00f3n de nuestros clientes y usuarios, no s\u00f3lo cuando visitan nuestro sitio web, sino tambi\u00e9n cuando utilizan el resto de nuestros servicios.<\/p>\n<p>Por ello, y de conformidad con la legislaci\u00f3n vigente en materia de Protecci\u00f3n de Datos, tanto nacional como europea, as\u00ed como el resto del ordenamiento jur\u00eddico espa\u00f1ol y comunitario, presentamos esta Pol\u00edtica de Privacidad, que refleja nuestro compromiso por mantener y garantizar relaciones comerciales seguras mediante la protecci\u00f3n de los datos personales, garantizando la privacidad de cada uno de nuestros usuarios y clientes.<\/p>\n<h3>2. DEFINICI\u00d3N DE DATO PERSONAL<\/h3>\n<p>Como \u201cDato Personal\u201d debemos entender cualquier informaci\u00f3n concerniente a una persona f\u00edsica identificada o identificable. Tienen esta consideraci\u00f3n, entre otros, el nombre, apellidos, la direcci\u00f3n postal y electr\u00f3nica, as\u00ed como el n\u00famero de tel\u00e9fono o incluso una foto.<\/p>\n<h3>3. TRATAMIENTOS Y FINALIDADES DE LOS DATOS RECOGIDOS<\/h3>\n<p>Cualquier dato personal que nos facilite al visitar nuestro sitio web o durante la prestaci\u00f3n de los servicios, ser\u00e1 tratado de conformidad con las normas de protecci\u00f3n de datos y s\u00f3lo ser\u00e1n recogidos, tratados y utilizados para fines l\u00edcitos y leg\u00edtimos, de los que siempre se informar\u00e1 previamente.<\/p>\n<p>Por ello, y de acuerdo con lo establecido en la normativa vigente, le informamos de que los datos personales que nos facilite a trav\u00e9s de nuestro sitio web, o mediante env\u00edos de correos electr\u00f3nicos, ser\u00e1n incorporados a los ficheros automatizados bajo la titularidad de Presas de escalada G8, con la finalidad de atender su petici\u00f3n, facilitarle la informaci\u00f3n solicitada, as\u00ed como gestionar la prestaci\u00f3n del servicio contratado e informarle acerca del mismo, o incluso sobre productos, actividades, servicios u ofertas que puedan resultar de su inter\u00e9s.<\/p>\n<p>De todas formas, detallamos a continuaci\u00f3n las finalidades para las que recogemos informaci\u00f3n:<\/p>\n<p>Presas de escalada G8, a trav\u00e9s de su web www.presasg8.es, recoge los datos de los usuarios a trav\u00e9s del formulario de contacto al objeto de contactar con usted y atender el servicio\/informaci\u00f3n solicitado.<\/p>\n<p>Asimismo, estos datos se recogen para que Presas de escalada G8 pueda contactar con los usuarios de la p\u00e1gina, responder a cuantas cuestiones planteen y remitirles informaci\u00f3n comercial sobre los productos y novedades.<\/p>\n<p>En cualquier caso, el usuario tiene la obligaci\u00f3n de facilitar los datos de manera veraz y mantenerlos actualizados, por lo Presas de escalada G8 se reserva el derecho de excluir de los servicios y proceder a la cancelaci\u00f3n del servicio a todo usuario que haya facilitado datos falsos, sin perjuicio de las dem\u00e1s acciones que procedan en Derecho.<\/p>\n<p>Presas de escalada G8 indicar\u00e1 en todo caso si los datos que se solicitan deben facilitarse o no con car\u00e1cter obligatorio. De todas formas, se entender\u00e1 que el facilitarlos es voluntario salvo que se indique lo contrario.<\/p>\n<p>Ahora bien, la no cumplimentaci\u00f3n de dichos datos puede dar lugar a que Presas de escalada G8 se vea impedida para prestar todos aquellos servicios que, por su naturaleza, necesiten el conocimiento de tales datos, por lo que, en tales casos Presas de escalada G8 queda exenta de responsabilidad por la no prestaci\u00f3n, o prestaci\u00f3n incompleta, de tales servicios.<\/p>\n<p>Destacar tambi\u00e9n que ning\u00fan dato personal ser\u00e1 comunicado a empresas externas si no se cuenta con el consentimiento de su titular para el env\u00edo de comunicaciones comerciales de otros productos y servicios.<\/p>\n<p>Por \u00faltimo, el usuario no incluir\u00e1, en aquellos espacios habilitados como \u201ccampos de texto libre\u201d, ning\u00fan dato de car\u00e1cter personal que pueda ser calificado dentro de aquellos para los que se exige un nivel de protecci\u00f3n medio o alto (esto es, datos relativos a ideolog\u00eda, religi\u00f3n, creencias, afiliaci\u00f3n sindical, salud, origen racial y\/o vida sexual, entre otros), sin previo aviso a Presas de escalada G8 seg\u00fan define la normativa vigente. Tampoco podr\u00e1n utilizarse para vulnerar los derechos al honor e intimidad de terceros. Cualquier informaci\u00f3n de este tipo que sea facilitada ser\u00e1 eliminada.<\/p>\n<h3>4. SEGURIDAD DE SUS DATOS PERSONALES<\/h3>\n<p>Presas de escalada G8 tiene una preocupaci\u00f3n especial por garantizar la seguridad de sus datos personales, por lo que son almacenados en nuestros sistemas de informaci\u00f3n, en los que hemos adoptado e implantado medidas de seguridad, t\u00e9cnicas y organizativas, para prevenir cualquier p\u00e9rdida o uso no autorizado por terceros. En particular, nuestros empleados y colaboradores est\u00e1n obligados a cumplir con el deber de secreto profesional y han sido debidamente informados y formados al efecto.<\/p>\n<h3>5. INFORMACI\u00d3N SOBRE LA UTILIZACI\u00d3N DE COOKIES<\/h3>\n<p>Presas de escalada G8 le informa de que la vista al presente portal web no implica el registro autom\u00e1tico de ning\u00fan dato de car\u00e1cter personal que permita identificar al usuario.<\/p>\n<p>En cambio, existe determinada informaci\u00f3n de car\u00e1cter no personal que se recoge durante la sesi\u00f3n en directo a trav\u00e9s de dispositivos denominados \u201ccookies\u201d, que son peque\u00f1os ficheros de datos que se generan en el ordenador del Usuario y que nos permiten obtener la siguiente informaci\u00f3n:<\/p>\n<p>La fecha y hora de acceso al Sitio Web. Ello nos permite averiguar las horas de m\u00e1s afluencia, y hacer los ajustes precisos para evitar problemas de saturaci\u00f3n en nuestras horas punta.<\/p>\n<p>El n\u00famero de visitantes diarios de cada secci\u00f3n. Ello nos permite conocer las \u00e1reas de m\u00e1s \u00e9xito y aumentar y mejorar su contenido, con el fin de que los Usuarios obtengan un resultado m\u00e1s satisfactorio.<\/p>\n<p>La fecha y hora de la \u00faltima vez que el Usuario visit\u00f3 el Sitio Web.<\/p>\n<p>El dise\u00f1o de contenidos que el Usuario escogi\u00f3 en su primera visita al Sitio Web. Elementos de seguridad que intervienen en el control de acceso a las \u00e1reas restringidas.<\/p>\n<p>Sin perjuicio de que la informaci\u00f3n referente a la Pol\u00edtica de Cookies se desarrolle en un apartado espec\u00edfico bajo el mismo nombre, el titular de esta p\u00e1gina web desea aclarar que los datos obtenidos a trav\u00e9s de estas cookies son totalmente an\u00f3nimos y, en ning\u00fan caso, permiten asociarse a un Usuario concreto e identificado. Sin embargo, permite Presas de escalada G8 adaptar y mejorar sus Servicios a los intereses del Usuario.<\/p>\n<p>Por otra parte, este sitio web usa Google Analytics, un servicio anal\u00edtico de las cookies descritas anteriormente prestado por Google, Inc.<\/p>\n<p>No obstante, el Usuario tiene la opci\u00f3n de impedir la generaci\u00f3n de cookies, mediante la selecci\u00f3n de la correspondiente opci\u00f3n en su programa navegador, aunque Presas de escalada G8, advierte que en el caso de que deshabilite el uso de cookies la navegaci\u00f3n puede ser m\u00e1s lenta de lo habitual.<\/p>\n<h3>6. DERECHOS DE LOS USUARIOS<\/h3>\n<p>Cualquiera de los consentimientos otorgados tiene car\u00e1cter revocable. Asimismo, podr\u00e1 ejercer sus derechos de acceso, rectificaci\u00f3n, cancelaci\u00f3n y oposici\u00f3n, dirigi\u00e9ndose por escrito, y adjuntando el DNI, a Presas de escalada G8, por correo electr\u00f3nico: <a href=\"mailto:nicolas_ggp@hotmail.com\">nicolas_ggp@hotmail.com<\/a><\/p>\n<h3>7. \u00bfNO DESEA RECIBIR INFORMACI\u00d3N DE NOSOTROS O DESEA REVOCAR SU CONSENTIMIENTO?<\/h3>\n<p>Cualquier usuario puede oponerse al uso de su informaci\u00f3n para fines publicitarios, investigaciones de mercado o desarrollo de encuestas de satisfacci\u00f3n, as\u00ed como revocar su consentimiento en cualquier momento (sin efecto retroactivo). Para ello, deber\u00e1 enviar un correo electr\u00f3nico a la direcci\u00f3n <a href=\"mailto:nicolas_ggp@hotmail.com\">nicolas_ggp@hotmail.com<\/a>. Cuando reciba publicidad por correo electr\u00f3nico, tambi\u00e9n podr\u00e1 oponer desde dicho correo electr\u00f3nico, pinchando en el enlace incluido en el mismo y siguiendo las instrucciones que le sean facilitadas.<\/p>\n<h3>8. CAMBIOS A LA POL\u00cdTICA DE PRIVACIDAD<\/h3>\n<p>Nuestra Pol\u00edtica de Privacidad podr\u00e1 sufrir actualizaciones, debidas a cambios y necesidades legales, as\u00ed como debidas a mejoras y cambios incluidos en la forma de ofrecer y prestar nuestros servicios. Por ello, le recomendamos que visite y acceda a nuestra Pol\u00edtica de Privacidad peri\u00f3dicamente, para poder tener acceso y conocer los \u00faltimos cambios que hayan podido ser incorporados. En caso de que dichos cambios guarden relaci\u00f3n con el consentimiento prestado por el usuario, en tal caso le ser\u00e1 enviada una notificaci\u00f3n independiente y por separado para recabarlo nuevamente. Si durante la lectura le ha surgido alguna duda o cuesti\u00f3n sobre nuestra Pol\u00edtica de Privacidad o quiere ejercitar alg\u00fan derecho o acci\u00f3n relativa a sus datos personales, por favor p\u00f3ngase en contacto con nosotros en la siguiente direcci\u00f3n de correo electr\u00f3nico <a href=\"mailto:nicolas_ggp@hotmail.com\">nicolas_ggp@hotmail.com<\/a>.<\/p>\n","protected":false},"excerpt":{"rendered":"<p>1. POL\u00cdTICA DE PRIVACIDAD Y SEGURIDAD Desde Presas de escalada  [&#8230;]<\/p>\n","protected":false},"author":1,"featured_media":0,"parent":0,"menu_order":0,"comment_status":"closed","ping_status":"closed","template":"","meta":{"_joinchat":[],"footnotes":""},"class_list":["post-4695","page","type-page","status-publish","hentry"],"yoast_head":"<!-- This site is optimized with the Yoast SEO plugin v27.3 - https:\/\/yoast.com\/product\/yoast-seo-wordpress\/ -->\n<title>Pol\u00edtica de privacidade - Presas G8 - Presas de escalada para roc\u00f3dromo<\/title>\n<meta name=\"robots\" content=\"noindex, follow\" \/>\n<meta property=\"og:locale\" content=\"pt_PT\" \/>\n<meta property=\"og:type\" content=\"article\" \/>\n<meta property=\"og:title\" content=\"Pol\u00edtica de privacidade - Presas G8 - Presas de escalada para roc\u00f3dromo\" \/>\n<meta property=\"og:description\" content=\"1. POL\u00cdTICA DE PRIVACIDAD Y SEGURIDAD Desde Presas de escalada [...]\" \/>\n<meta property=\"og:url\" content=\"https:\/\/www.presasg8.es\/pt-pt\/politica-de-privacidade\/\" \/>\n<meta property=\"og:site_name\" content=\"Presas G8 - Presas de escalada para roc\u00f3dromo\" \/>\n<meta property=\"article:publisher\" content=\"https:\/\/www.facebook.com\/presasescaladag8\/\" \/>\n<meta property=\"article:modified_time\" content=\"2026-03-22T08:42:52+00:00\" \/>\n<meta name=\"twitter:card\" content=\"summary_large_image\" \/>\n<meta name=\"twitter:label1\" content=\"Tempo estimado de leitura\" \/>\n\t<meta name=\"twitter:data1\" content=\"7 minutos\" \/>\n<script type=\"application\/ld+json\" class=\"yoast-schema-graph\">{\"@context\":\"https:\\\/\\\/schema.org\",\"@graph\":[{\"@type\":\"WebPage\",\"@id\":\"https:\\\/\\\/www.presasg8.es\\\/pt-pt\\\/politica-de-privacidade\\\/\",\"url\":\"https:\\\/\\\/www.presasg8.es\\\/pt-pt\\\/politica-de-privacidade\\\/\",\"name\":\"Pol\u00edtica de privacidade - Presas G8 - Presas de escalada para roc\u00f3dromo\",\"isPartOf\":{\"@id\":\"https:\\\/\\\/www.presasg8.es\\\/pt-pt\\\/#website\"},\"datePublished\":\"2024-01-18T11:18:23+00:00\",\"dateModified\":\"2026-03-22T08:42:52+00:00\",\"breadcrumb\":{\"@id\":\"https:\\\/\\\/www.presasg8.es\\\/pt-pt\\\/politica-de-privacidade\\\/#breadcrumb\"},\"inLanguage\":\"pt-PT\",\"potentialAction\":[{\"@type\":\"ReadAction\",\"target\":[\"https:\\\/\\\/www.presasg8.es\\\/pt-pt\\\/politica-de-privacidade\\\/\"]}]},{\"@type\":\"BreadcrumbList\",\"@id\":\"https:\\\/\\\/www.presasg8.es\\\/pt-pt\\\/politica-de-privacidade\\\/#breadcrumb\",\"itemListElement\":[{\"@type\":\"ListItem\",\"position\":1,\"name\":\"Portada\",\"item\":\"https:\\\/\\\/www.presasg8.es\\\/pt-pt\\\/\"},{\"@type\":\"ListItem\",\"position\":2,\"name\":\"Pol\u00edtica de privacidade\"}]},{\"@type\":\"WebSite\",\"@id\":\"https:\\\/\\\/www.presasg8.es\\\/pt-pt\\\/#website\",\"url\":\"https:\\\/\\\/www.presasg8.es\\\/pt-pt\\\/\",\"name\":\"Presas de escalada G8\",\"description\":\"Tienda online de Presas de escalada para roc\u00f3dromo\",\"publisher\":{\"@id\":\"https:\\\/\\\/www.presasg8.es\\\/pt-pt\\\/#organization\"},\"alternateName\":\"Presas de escalada para roc\u00f3dromo\",\"potentialAction\":[{\"@type\":\"SearchAction\",\"target\":{\"@type\":\"EntryPoint\",\"urlTemplate\":\"https:\\\/\\\/www.presasg8.es\\\/pt-pt\\\/?s={search_term_string}\"},\"query-input\":{\"@type\":\"PropertyValueSpecification\",\"valueRequired\":true,\"valueName\":\"search_term_string\"}}],\"inLanguage\":\"pt-PT\"},{\"@type\":\"Organization\",\"@id\":\"https:\\\/\\\/www.presasg8.es\\\/pt-pt\\\/#organization\",\"name\":\"Presas de escalada G8\",\"alternateName\":\"Presas de escalada para roc\u00f3dromo G8\",\"url\":\"https:\\\/\\\/www.presasg8.es\\\/pt-pt\\\/\",\"logo\":{\"@type\":\"ImageObject\",\"inLanguage\":\"pt-PT\",\"@id\":\"https:\\\/\\\/www.presasg8.es\\\/pt-pt\\\/#\\\/schema\\\/logo\\\/image\\\/\",\"url\":\"https:\\\/\\\/www.presasg8.es\\\/wp-content\\\/uploads\\\/2023\\\/09\\\/logo-presas-g8.jpeg\",\"contentUrl\":\"https:\\\/\\\/www.presasg8.es\\\/wp-content\\\/uploads\\\/2023\\\/09\\\/logo-presas-g8.jpeg\",\"width\":400,\"height\":486,\"caption\":\"Presas de escalada G8\"},\"image\":{\"@id\":\"https:\\\/\\\/www.presasg8.es\\\/pt-pt\\\/#\\\/schema\\\/logo\\\/image\\\/\"},\"sameAs\":[\"https:\\\/\\\/www.facebook.com\\\/presasescaladag8\\\/\",\"https:\\\/\\\/www.instagram.com\\\/presasg8\\\/\"]}]}<\/script>\n<!-- \/ Yoast SEO plugin. -->","yoast_head_json":{"title":"Pol\u00edtica de privacidade - Presas G8 - Presas de escalada para roc\u00f3dromo","robots":{"index":"noindex","follow":"follow"},"og_locale":"pt_PT","og_type":"article","og_title":"Pol\u00edtica de privacidade - Presas G8 - Presas de escalada para roc\u00f3dromo","og_description":"1. POL\u00cdTICA DE PRIVACIDAD Y SEGURIDAD Desde Presas de escalada [...]","og_url":"https:\/\/www.presasg8.es\/pt-pt\/politica-de-privacidade\/","og_site_name":"Presas G8 - Presas de escalada para roc\u00f3dromo","article_publisher":"https:\/\/www.facebook.com\/presasescaladag8\/","article_modified_time":"2026-03-22T08:42:52+00:00","twitter_card":"summary_large_image","twitter_misc":{"Tempo estimado de leitura":"7 minutos"},"schema":{"@context":"https:\/\/schema.org","@graph":[{"@type":"WebPage","@id":"https:\/\/www.presasg8.es\/pt-pt\/politica-de-privacidade\/","url":"https:\/\/www.presasg8.es\/pt-pt\/politica-de-privacidade\/","name":"Pol\u00edtica de privacidade - Presas G8 - Presas de escalada para roc\u00f3dromo","isPartOf":{"@id":"https:\/\/www.presasg8.es\/pt-pt\/#website"},"datePublished":"2024-01-18T11:18:23+00:00","dateModified":"2026-03-22T08:42:52+00:00","breadcrumb":{"@id":"https:\/\/www.presasg8.es\/pt-pt\/politica-de-privacidade\/#breadcrumb"},"inLanguage":"pt-PT","potentialAction":[{"@type":"ReadAction","target":["https:\/\/www.presasg8.es\/pt-pt\/politica-de-privacidade\/"]}]},{"@type":"BreadcrumbList","@id":"https:\/\/www.presasg8.es\/pt-pt\/politica-de-privacidade\/#breadcrumb","itemListElement":[{"@type":"ListItem","position":1,"name":"Portada","item":"https:\/\/www.presasg8.es\/pt-pt\/"},{"@type":"ListItem","position":2,"name":"Pol\u00edtica de privacidade"}]},{"@type":"WebSite","@id":"https:\/\/www.presasg8.es\/pt-pt\/#website","url":"https:\/\/www.presasg8.es\/pt-pt\/","name":"Presas de escalada G8","description":"Tienda online de Presas de escalada para roc\u00f3dromo","publisher":{"@id":"https:\/\/www.presasg8.es\/pt-pt\/#organization"},"alternateName":"Presas de escalada para roc\u00f3dromo","potentialAction":[{"@type":"SearchAction","target":{"@type":"EntryPoint","urlTemplate":"https:\/\/www.presasg8.es\/pt-pt\/?s={search_term_string}"},"query-input":{"@type":"PropertyValueSpecification","valueRequired":true,"valueName":"search_term_string"}}],"inLanguage":"pt-PT"},{"@type":"Organization","@id":"https:\/\/www.presasg8.es\/pt-pt\/#organization","name":"Presas de escalada G8","alternateName":"Presas de escalada para roc\u00f3dromo G8","url":"https:\/\/www.presasg8.es\/pt-pt\/","logo":{"@type":"ImageObject","inLanguage":"pt-PT","@id":"https:\/\/www.presasg8.es\/pt-pt\/#\/schema\/logo\/image\/","url":"https:\/\/www.presasg8.es\/wp-content\/uploads\/2023\/09\/logo-presas-g8.jpeg","contentUrl":"https:\/\/www.presasg8.es\/wp-content\/uploads\/2023\/09\/logo-presas-g8.jpeg","width":400,"height":486,"caption":"Presas de escalada G8"},"image":{"@id":"https:\/\/www.presasg8.es\/pt-pt\/#\/schema\/logo\/image\/"},"sameAs":["https:\/\/www.facebook.com\/presasescaladag8\/","https:\/\/www.instagram.com\/presasg8\/"]}]}},"_links":{"self":[{"href":"https:\/\/www.presasg8.es\/pt-pt\/wp-json\/wp\/v2\/pages\/4695","targetHints":{"allow":["GET"]}}],"collection":[{"href":"https:\/\/www.presasg8.es\/pt-pt\/wp-json\/wp\/v2\/pages"}],"about":[{"href":"https:\/\/www.presasg8.es\/pt-pt\/wp-json\/wp\/v2\/types\/page"}],"author":[{"embeddable":true,"href":"https:\/\/www.presasg8.es\/pt-pt\/wp-json\/wp\/v2\/users\/1"}],"replies":[{"embeddable":true,"href":"https:\/\/www.presasg8.es\/pt-pt\/wp-json\/wp\/v2\/comments?post=4695"}],"version-history":[{"count":0,"href":"https:\/\/www.presasg8.es\/pt-pt\/wp-json\/wp\/v2\/pages\/4695\/revisions"}],"wp:attachment":[{"href":"https:\/\/www.presasg8.es\/pt-pt\/wp-json\/wp\/v2\/media?parent=4695"}],"curies":[{"name":"wp","href":"https:\/\/api.w.org\/{rel}","templated":true}]}}