{"id":4445,"date":"2024-03-25T10:33:40","date_gmt":"2024-03-25T09:33:40","guid":{"rendered":"https:\/\/www.presasg8.es\/?page_id=4445"},"modified":"2026-03-22T09:42:45","modified_gmt":"2026-03-22T08:42:45","slug":"entrega","status":"publish","type":"page","link":"https:\/\/www.presasg8.es\/pt-pt\/entrega\/","title":{"rendered":"Entrega"},"content":{"rendered":"<p><strong>Agarras de escalada<\/strong> G8 enviar\u00e1 a encomenda para o armaz\u00e9m de distribui\u00e7\u00e3o, a partir do qual as <em>agarras<\/em> ou acess\u00f3rios <em>de escalada<\/em> ser\u00e3o enviados para o endere\u00e7o fornecido pelo comprador. Cada vez que uma compra ou encomenda for enviada, o comprador ser\u00e1 notificado por correio eletr\u00f3nico. <\/p>\n<p>Os custos de transporte ficam a cargo do comprador<\/p>\n<p>A ordem de compra correspondente \u00e0 encomenda estar\u00e1 dispon\u00edvel na<strong> G8 Climbing Dams<\/strong>, uma vez confirmado o pagamento, que pode ser consultado no link: &#8220;As minhas encomendas&#8221;, logo que seja enviado um e-mail. Esta ordem de compra inclui os custos de entrega e o IVA. <\/p>\n<p><strong>A G8<\/strong> pedir\u00e1 aos seus clientes que escolham a morada de entrega, especificando a sua morada, c\u00f3digo postal, escrit\u00f3rio ou centro onde pretendem que a encomenda seja entregue. O prazo de entrega varia entre as 48 e as 72 horas dos dias \u00fateis, podendo sofrer atrasos em fun\u00e7\u00e3o da quantidade de stock que tivermos nesse momento comunicando ao cliente o poss\u00edvel atraso do produto. <\/p>\n<p><strong>A G8 Climbing holds<\/strong> informar\u00e1 o cliente quando o pacote de agarras tiver sa\u00eddo do armaz\u00e9m, enviando-lhe um e-mail.<\/p>\n<p>Cada entrega \u00e9 considerada como tendo sido efectuada assim que o cliente recebe a encomenda do transportador, atrav\u00e9s do sistema de controlo utilizado pelo transportador, quer se trate de uma assinatura eletr\u00f3nica ou f\u00edsica. \u00c9 da responsabilidade do cliente a verifica\u00e7\u00e3o da encomenda no momento da entrega e a apresenta\u00e7\u00e3o de eventuais reclama\u00e7\u00f5es justificadas. <\/p>\n<p>As queixas devem ser dirigidas \u00e0 G8 Climbing Dams por correio eletr\u00f3nico para o endere\u00e7o que se encontra na p\u00e1gina da G8 Climbing Dams.<\/p>\n","protected":false},"excerpt":{"rendered":"<p>Agarras de escalada G8 enviar\u00e1 a encomenda para o armaz\u00e9m  [&#8230;]<\/p>\n","protected":false},"author":1,"featured_media":0,"parent":0,"menu_order":0,"comment_status":"closed","ping_status":"closed","template":"100-width.php","meta":{"_joinchat":[],"footnotes":""},"class_list":["post-4445","page","type-page","status-publish","hentry"],"yoast_head":"<!-- This site is optimized with the Yoast SEO plugin v27.5 - https:\/\/yoast.com\/product\/yoast-seo-wordpress\/ -->\n<title>Entrega - Presas G8 - Presas de escalada para roc\u00f3dromo<\/title>\n<meta name=\"robots\" content=\"noindex, follow\" \/>\n<meta property=\"og:locale\" content=\"pt_PT\" \/>\n<meta property=\"og:type\" content=\"article\" \/>\n<meta property=\"og:title\" content=\"Entrega - Presas G8 - Presas de escalada para roc\u00f3dromo\" \/>\n<meta property=\"og:description\" content=\"Agarras de escalada G8 enviar\u00e1 a encomenda para o armaz\u00e9m [...]\" \/>\n<meta property=\"og:url\" content=\"https:\/\/www.presasg8.es\/pt-pt\/entrega\/\" \/>\n<meta property=\"og:site_name\" content=\"Presas G8 - Presas de escalada para roc\u00f3dromo\" \/>\n<meta property=\"article:publisher\" content=\"https:\/\/www.facebook.com\/presasescaladag8\/\" \/>\n<meta property=\"article:modified_time\" content=\"2026-03-22T08:42:45+00:00\" \/>\n<meta name=\"twitter:card\" content=\"summary_large_image\" \/>\n<meta name=\"twitter:label1\" content=\"Tempo estimado de leitura\" \/>\n\t<meta name=\"twitter:data1\" content=\"1 minuto\" \/>\n<script type=\"application\/ld+json\" class=\"yoast-schema-graph\">{\"@context\":\"https:\\\/\\\/schema.org\",\"@graph\":[{\"@type\":\"WebPage\",\"@id\":\"https:\\\/\\\/www.presasg8.es\\\/pt-pt\\\/entrega\\\/\",\"url\":\"https:\\\/\\\/www.presasg8.es\\\/pt-pt\\\/entrega\\\/\",\"name\":\"Entrega - Presas G8 - Presas de escalada para roc\u00f3dromo\",\"isPartOf\":{\"@id\":\"https:\\\/\\\/www.presasg8.es\\\/pt-pt\\\/#website\"},\"datePublished\":\"2024-03-25T09:33:40+00:00\",\"dateModified\":\"2026-03-22T08:42:45+00:00\",\"breadcrumb\":{\"@id\":\"https:\\\/\\\/www.presasg8.es\\\/pt-pt\\\/entrega\\\/#breadcrumb\"},\"inLanguage\":\"pt-PT\",\"potentialAction\":[{\"@type\":\"ReadAction\",\"target\":[\"https:\\\/\\\/www.presasg8.es\\\/pt-pt\\\/entrega\\\/\"]}]},{\"@type\":\"BreadcrumbList\",\"@id\":\"https:\\\/\\\/www.presasg8.es\\\/pt-pt\\\/entrega\\\/#breadcrumb\",\"itemListElement\":[{\"@type\":\"ListItem\",\"position\":1,\"name\":\"Portada\",\"item\":\"https:\\\/\\\/www.presasg8.es\\\/pt-pt\\\/\"},{\"@type\":\"ListItem\",\"position\":2,\"name\":\"Entrega\"}]},{\"@type\":\"WebSite\",\"@id\":\"https:\\\/\\\/www.presasg8.es\\\/pt-pt\\\/#website\",\"url\":\"https:\\\/\\\/www.presasg8.es\\\/pt-pt\\\/\",\"name\":\"Presas de escalada G8\",\"description\":\"Tienda online de Presas de escalada para roc\u00f3dromo\",\"publisher\":{\"@id\":\"https:\\\/\\\/www.presasg8.es\\\/pt-pt\\\/#organization\"},\"alternateName\":\"Presas de escalada para roc\u00f3dromo\",\"potentialAction\":[{\"@type\":\"SearchAction\",\"target\":{\"@type\":\"EntryPoint\",\"urlTemplate\":\"https:\\\/\\\/www.presasg8.es\\\/pt-pt\\\/?s={search_term_string}\"},\"query-input\":{\"@type\":\"PropertyValueSpecification\",\"valueRequired\":true,\"valueName\":\"search_term_string\"}}],\"inLanguage\":\"pt-PT\"},{\"@type\":\"Organization\",\"@id\":\"https:\\\/\\\/www.presasg8.es\\\/pt-pt\\\/#organization\",\"name\":\"Presas de escalada G8\",\"alternateName\":\"Presas de escalada para roc\u00f3dromo G8\",\"url\":\"https:\\\/\\\/www.presasg8.es\\\/pt-pt\\\/\",\"logo\":{\"@type\":\"ImageObject\",\"inLanguage\":\"pt-PT\",\"@id\":\"https:\\\/\\\/www.presasg8.es\\\/pt-pt\\\/#\\\/schema\\\/logo\\\/image\\\/\",\"url\":\"https:\\\/\\\/www.presasg8.es\\\/wp-content\\\/uploads\\\/2023\\\/09\\\/logo-presas-g8.jpeg\",\"contentUrl\":\"https:\\\/\\\/www.presasg8.es\\\/wp-content\\\/uploads\\\/2023\\\/09\\\/logo-presas-g8.jpeg\",\"width\":400,\"height\":486,\"caption\":\"Presas de escalada G8\"},\"image\":{\"@id\":\"https:\\\/\\\/www.presasg8.es\\\/pt-pt\\\/#\\\/schema\\\/logo\\\/image\\\/\"},\"sameAs\":[\"https:\\\/\\\/www.facebook.com\\\/presasescaladag8\\\/\",\"https:\\\/\\\/www.instagram.com\\\/presasg8\\\/\"]}]}<\/script>\n<!-- \/ Yoast SEO plugin. -->","yoast_head_json":{"title":"Entrega - Presas G8 - Presas de escalada para roc\u00f3dromo","robots":{"index":"noindex","follow":"follow"},"og_locale":"pt_PT","og_type":"article","og_title":"Entrega - Presas G8 - Presas de escalada para roc\u00f3dromo","og_description":"Agarras de escalada G8 enviar\u00e1 a encomenda para o armaz\u00e9m [...]","og_url":"https:\/\/www.presasg8.es\/pt-pt\/entrega\/","og_site_name":"Presas G8 - Presas de escalada para roc\u00f3dromo","article_publisher":"https:\/\/www.facebook.com\/presasescaladag8\/","article_modified_time":"2026-03-22T08:42:45+00:00","twitter_card":"summary_large_image","twitter_misc":{"Tempo estimado de leitura":"1 minuto"},"schema":{"@context":"https:\/\/schema.org","@graph":[{"@type":"WebPage","@id":"https:\/\/www.presasg8.es\/pt-pt\/entrega\/","url":"https:\/\/www.presasg8.es\/pt-pt\/entrega\/","name":"Entrega - Presas G8 - Presas de escalada para roc\u00f3dromo","isPartOf":{"@id":"https:\/\/www.presasg8.es\/pt-pt\/#website"},"datePublished":"2024-03-25T09:33:40+00:00","dateModified":"2026-03-22T08:42:45+00:00","breadcrumb":{"@id":"https:\/\/www.presasg8.es\/pt-pt\/entrega\/#breadcrumb"},"inLanguage":"pt-PT","potentialAction":[{"@type":"ReadAction","target":["https:\/\/www.presasg8.es\/pt-pt\/entrega\/"]}]},{"@type":"BreadcrumbList","@id":"https:\/\/www.presasg8.es\/pt-pt\/entrega\/#breadcrumb","itemListElement":[{"@type":"ListItem","position":1,"name":"Portada","item":"https:\/\/www.presasg8.es\/pt-pt\/"},{"@type":"ListItem","position":2,"name":"Entrega"}]},{"@type":"WebSite","@id":"https:\/\/www.presasg8.es\/pt-pt\/#website","url":"https:\/\/www.presasg8.es\/pt-pt\/","name":"Presas de escalada G8","description":"Tienda online de Presas de escalada para roc\u00f3dromo","publisher":{"@id":"https:\/\/www.presasg8.es\/pt-pt\/#organization"},"alternateName":"Presas de escalada para roc\u00f3dromo","potentialAction":[{"@type":"SearchAction","target":{"@type":"EntryPoint","urlTemplate":"https:\/\/www.presasg8.es\/pt-pt\/?s={search_term_string}"},"query-input":{"@type":"PropertyValueSpecification","valueRequired":true,"valueName":"search_term_string"}}],"inLanguage":"pt-PT"},{"@type":"Organization","@id":"https:\/\/www.presasg8.es\/pt-pt\/#organization","name":"Presas de escalada G8","alternateName":"Presas de escalada para roc\u00f3dromo G8","url":"https:\/\/www.presasg8.es\/pt-pt\/","logo":{"@type":"ImageObject","inLanguage":"pt-PT","@id":"https:\/\/www.presasg8.es\/pt-pt\/#\/schema\/logo\/image\/","url":"https:\/\/www.presasg8.es\/wp-content\/uploads\/2023\/09\/logo-presas-g8.jpeg","contentUrl":"https:\/\/www.presasg8.es\/wp-content\/uploads\/2023\/09\/logo-presas-g8.jpeg","width":400,"height":486,"caption":"Presas de escalada G8"},"image":{"@id":"https:\/\/www.presasg8.es\/pt-pt\/#\/schema\/logo\/image\/"},"sameAs":["https:\/\/www.facebook.com\/presasescaladag8\/","https:\/\/www.instagram.com\/presasg8\/"]}]}},"_links":{"self":[{"href":"https:\/\/www.presasg8.es\/pt-pt\/wp-json\/wp\/v2\/pages\/4445","targetHints":{"allow":["GET"]}}],"collection":[{"href":"https:\/\/www.presasg8.es\/pt-pt\/wp-json\/wp\/v2\/pages"}],"about":[{"href":"https:\/\/www.presasg8.es\/pt-pt\/wp-json\/wp\/v2\/types\/page"}],"author":[{"embeddable":true,"href":"https:\/\/www.presasg8.es\/pt-pt\/wp-json\/wp\/v2\/users\/1"}],"replies":[{"embeddable":true,"href":"https:\/\/www.presasg8.es\/pt-pt\/wp-json\/wp\/v2\/comments?post=4445"}],"version-history":[{"count":0,"href":"https:\/\/www.presasg8.es\/pt-pt\/wp-json\/wp\/v2\/pages\/4445\/revisions"}],"wp:attachment":[{"href":"https:\/\/www.presasg8.es\/pt-pt\/wp-json\/wp\/v2\/media?parent=4445"}],"curies":[{"name":"wp","href":"https:\/\/api.w.org\/{rel}","templated":true}]}}