{"id":4437,"date":"2024-02-13T11:13:14","date_gmt":"2024-02-13T10:13:14","guid":{"rendered":"https:\/\/www.presasg8.es\/?page_id=4437"},"modified":"2026-03-22T09:42:44","modified_gmt":"2026-03-22T08:42:44","slug":"utilizacao-de-cookies","status":"publish","type":"page","link":"https:\/\/www.presasg8.es\/pt-pt\/utilizacao-de-cookies\/","title":{"rendered":"Pol\u00edtica de cookies"},"content":{"rendered":"<p><strong>UTILIZA\u00c7\u00c3O DE COOKIES<\/strong><\/p>\n<p>Este site pode utilizar cookies t\u00e9cnicos (pequenos ficheiros de informa\u00e7\u00e3o que o servidor envia para o computador da pessoa que acede \u00e0 p\u00e1gina) para realizar determinadas fun\u00e7\u00f5es que s\u00e3o consideradas essenciais para o correto funcionamento e visualiza\u00e7\u00e3o do site. Os cookies utilizados s\u00e3o, em qualquer caso, de natureza tempor\u00e1ria, com o \u00fanico objetivo de tornar a navega\u00e7\u00e3o mais eficiente, e desaparecem no final da sess\u00e3o do utilizador. Estes cookies n\u00e3o fornecem, em caso algum, dados de car\u00e1cter pessoal e n\u00e3o ser\u00e3o utilizados para recolher tais dados.  <\/p>\n<p>Atrav\u00e9s da utiliza\u00e7\u00e3o de cookies tamb\u00e9m \u00e9 poss\u00edvel que o servidor onde se encontra o site reconhe\u00e7a o browser utilizado pelo utilizador para facilitar a navega\u00e7\u00e3o, permitindo, por exemplo, o acesso dos utilizadores previamente registados \u00e0s \u00e1reas, servi\u00e7os, promo\u00e7\u00f5es ou concursos reservados exclusivamente para eles, sem terem de se registar em cada visita. Tamb\u00e9m podem ser utilizados para medir a audi\u00eancia, par\u00e2metros de tr\u00e1fego, controlar o progresso e o n\u00famero de entradas, etc., sendo nestes casos cookies tecnicamente dispens\u00e1veis, mas ben\u00e9ficos para o utilizador. <\/p>\n<p>Este s\u00edtio Web n\u00e3o instalar\u00e1 cookies desnecess\u00e1rios sem o consentimento pr\u00e9vio do utilizador. Este s\u00edtio Web utiliza cookies pr\u00f3prios e de terceiros para fins anal\u00edticos e para te mostrar publicidade personalizada com base num perfil dos teus h\u00e1bitos de navega\u00e7\u00e3o (por exemplo, p\u00e1ginas visitadas). Todos os utilizadores que visitam o s\u00edtio Web s\u00e3o informados da utiliza\u00e7\u00e3o destes cookies atrav\u00e9s de um banner flutuante. Se aceitares a sua utiliza\u00e7\u00e3o, o banner desaparecer\u00e1, embora possas revogar o teu consentimento a qualquer momento e obter mais informa\u00e7\u00f5es consultando a nossa Pol\u00edtica de Cookies.   <\/p>\n<p>O utilizador tem a possibilidade de configurar o seu navegador para ser alertado da rece\u00e7\u00e3o de cookies e para impedir a sua instala\u00e7\u00e3o no seu computador. Para mais informa\u00e7\u00f5es, consulta as instru\u00e7\u00f5es do teu browser. <\/p>\n<p><strong>POL\u00cdTICA DE LIGA\u00c7\u00d5ES<\/strong><\/p>\n<p>A partir do Site, \u00e9 poss\u00edvel que sejas redireccionado para conte\u00fados de sites de terceiros. Dado que o G8 nem sempre pode controlar os conte\u00fados introduzidos por terceiros nos seus respectivos sites, n\u00e3o assume qualquer tipo de responsabilidade em rela\u00e7\u00e3o a esses conte\u00fados. Em qualquer caso, proceder\u00e1 \u00e0 remo\u00e7\u00e3o imediata de qualquer conte\u00fado que possa contrariar a legisla\u00e7\u00e3o nacional ou internacional, a moral ou a ordem p\u00fablica, procedendo \u00e0 retirada imediata do redireccionamento para o referido website, informando as autoridades competentes do conte\u00fado em causa.  <\/p>\n<p>O site Agarras de Escada G8 n\u00e3o se responsabiliza pelas informa\u00e7\u00f5es e conte\u00fados armazenados, a t\u00edtulo enunciativo mas n\u00e3o limitativo, em f\u00f3runs, chats, geradores de blogs, coment\u00e1rios, redes sociais ou qualquer outro meio que permita a terceiros publicar conte\u00fados de forma independente do site Agarras de Escada G8. N\u00e3o obstante, e em cumprimento do disposto nos artigos 11\u00ba e 16\u00ba da LSSICE, est\u00e1 \u00e0 disposi\u00e7\u00e3o de todos os utilizadores, autoridades e for\u00e7as de seguran\u00e7a, colaborando ativamente na elimina\u00e7\u00e3o ou, se for caso disso, no bloqueio de todos os conte\u00fados que possam afetar ou infringir a legisla\u00e7\u00e3o nacional ou internacional, os direitos de terceiros ou a moral e a ordem p\u00fablica. No caso de o utilizador considerar que existe algum conte\u00fado no s\u00edtio Web que possa ser suscet\u00edvel de ser classificado como tal, deve notificar imediatamente o administrador do s\u00edtio Web.  <\/p>\n<p>Este s\u00edtio Web foi verificado e testado para garantir o seu correto funcionamento. Em princ\u00edpio, \u00e9 poss\u00edvel garantir o seu correto funcionamento 365 dias por ano, 24 horas por dia. No entanto, a Agarras de Escada G8 n\u00e3o exclui a possibilidade de ocorr\u00eancia de determinados erros de programa\u00e7\u00e3o, nem a ocorr\u00eancia de casos de for\u00e7a maior, cat\u00e1strofes naturais, greves ou circunst\u00e2ncias semelhantes que impossibilitem o acesso ao s\u00edtio Web.  <\/p>\n<p><strong>ENDERE\u00c7OS IP<\/strong><\/p>\n<p>Os servidores do s\u00edtio Web podem detetar automaticamente o endere\u00e7o IP e o nome de dom\u00ednio utilizados pelo utilizador. Um endere\u00e7o IP \u00e9 um n\u00famero atribu\u00eddo automaticamente a um computador quando este se liga \u00e0 Internet. Todas estas informa\u00e7\u00f5es s\u00e3o registadas num ficheiro de atividade do servidor devidamente registado que permite o tratamento posterior dos dados para obter medi\u00e7\u00f5es puramente estat\u00edsticas que permitem conhecer o n\u00famero de impress\u00f5es de p\u00e1ginas, o n\u00famero de visitas efectuadas aos servidores Web, a ordem das visitas, o ponto de acesso, etc.  <\/p>\n<p><strong>PROTEC\u00c7\u00c3O DE DADOS<\/strong><\/p>\n<p>Para utilizar o formul\u00e1rio de contacto, os Utilizadores devem fornecer previamente determinados dados pessoais. Para isso, agarras de escalada G8, processar\u00e1 os Dados Pessoais em conformidade com a LOPDGDD e o Regulamento Geral Europeu de Prote\u00e7\u00e3o de Dados UE 679\/2016. Para tal, o utilizador pode aceder \u00e0 pol\u00edtica seguida no tratamento dos dados pessoais, bem como ao estabelecimento das finalidades previamente estabelecidas, conforme previsto nas condi\u00e7\u00f5es definidas na Pol\u00edtica de Prote\u00e7\u00e3o de Dados apresentada neste Website.  <\/p>\n<p><strong>REGISTO DE UTILIZADORES\/CLIENTES<\/strong><\/p>\n<p>Podes comprar produtos como utilizador ou registando-te como cliente. Em ambos os casos, os dados ser\u00e3o solicitados e inseridos no formul\u00e1rio correspondente. Se te registares como cliente, ser\u00e1 criada uma conta com um nome de utilizador e uma palavra-passe, o registo implica a utiliza\u00e7\u00e3o de cookies ou outros meios semelhantes que permitem registar as tuas prefer\u00eancias de navega\u00e7\u00e3o e identificar-te quando te ligas a partir do mesmo computador. O registo como utilizador \u00e9 gratuito. O utilizador pode anular a sua inscri\u00e7\u00e3o em qualquer momento, enviando uma mensagem de correio eletr\u00f3nico para    <\/p>\n<p><strong>LEGISLA\u00c7\u00c3O E JURISDI\u00c7\u00c3O APLIC\u00c1VEIS<\/strong><\/p>\n<p>Para a resolu\u00e7\u00e3o de todos os lit\u00edgios ou quest\u00f5es relacionadas com este S\u00edtio Web ou com as actividades nele desenvolvidas, ser\u00e1 aplic\u00e1vel a legisla\u00e7\u00e3o espanhola, \u00e0 qual as partes se submetem expressamente, bem como os Tribunais competentes, se for caso disso.<\/p>\n","protected":false},"excerpt":{"rendered":"<p>UTILIZA\u00c7\u00c3O DE COOKIES Este site pode utilizar cookies t\u00e9cnicos (pequenos  [&#8230;]<\/p>\n","protected":false},"author":1,"featured_media":0,"parent":0,"menu_order":0,"comment_status":"closed","ping_status":"closed","template":"100-width.php","meta":{"_joinchat":[],"footnotes":""},"class_list":["post-4437","page","type-page","status-publish","hentry"],"yoast_head":"<!-- This site is optimized with the Yoast SEO plugin v27.3 - https:\/\/yoast.com\/product\/yoast-seo-wordpress\/ -->\n<title>Pol\u00edtica de cookies - Presas G8 - Presas de escalada para roc\u00f3dromo<\/title>\n<meta name=\"robots\" content=\"noindex, follow\" \/>\n<meta property=\"og:locale\" content=\"pt_PT\" \/>\n<meta property=\"og:type\" content=\"article\" \/>\n<meta property=\"og:title\" content=\"Pol\u00edtica de cookies - Presas G8 - Presas de escalada para roc\u00f3dromo\" \/>\n<meta property=\"og:description\" content=\"UTILIZA\u00c7\u00c3O DE COOKIES Este site pode utilizar cookies t\u00e9cnicos (pequenos [...]\" \/>\n<meta property=\"og:url\" content=\"https:\/\/www.presasg8.es\/pt-pt\/utilizacao-de-cookies\/\" \/>\n<meta property=\"og:site_name\" content=\"Presas G8 - Presas de escalada para roc\u00f3dromo\" \/>\n<meta property=\"article:publisher\" content=\"https:\/\/www.facebook.com\/presasescaladag8\/\" \/>\n<meta property=\"article:modified_time\" content=\"2026-03-22T08:42:44+00:00\" \/>\n<meta name=\"twitter:card\" content=\"summary_large_image\" \/>\n<meta name=\"twitter:label1\" content=\"Tempo estimado de leitura\" \/>\n\t<meta name=\"twitter:data1\" content=\"5 minutos\" \/>\n<script type=\"application\/ld+json\" class=\"yoast-schema-graph\">{\"@context\":\"https:\\\/\\\/schema.org\",\"@graph\":[{\"@type\":\"WebPage\",\"@id\":\"https:\\\/\\\/www.presasg8.es\\\/pt-pt\\\/utilizacao-de-cookies\\\/\",\"url\":\"https:\\\/\\\/www.presasg8.es\\\/pt-pt\\\/utilizacao-de-cookies\\\/\",\"name\":\"Pol\u00edtica de cookies - Presas G8 - Presas de escalada para roc\u00f3dromo\",\"isPartOf\":{\"@id\":\"https:\\\/\\\/www.presasg8.es\\\/pt-pt\\\/#website\"},\"datePublished\":\"2024-02-13T10:13:14+00:00\",\"dateModified\":\"2026-03-22T08:42:44+00:00\",\"breadcrumb\":{\"@id\":\"https:\\\/\\\/www.presasg8.es\\\/pt-pt\\\/utilizacao-de-cookies\\\/#breadcrumb\"},\"inLanguage\":\"pt-PT\",\"potentialAction\":[{\"@type\":\"ReadAction\",\"target\":[\"https:\\\/\\\/www.presasg8.es\\\/pt-pt\\\/utilizacao-de-cookies\\\/\"]}]},{\"@type\":\"BreadcrumbList\",\"@id\":\"https:\\\/\\\/www.presasg8.es\\\/pt-pt\\\/utilizacao-de-cookies\\\/#breadcrumb\",\"itemListElement\":[{\"@type\":\"ListItem\",\"position\":1,\"name\":\"Portada\",\"item\":\"https:\\\/\\\/www.presasg8.es\\\/pt-pt\\\/\"},{\"@type\":\"ListItem\",\"position\":2,\"name\":\"Pol\u00edtica de cookies\"}]},{\"@type\":\"WebSite\",\"@id\":\"https:\\\/\\\/www.presasg8.es\\\/pt-pt\\\/#website\",\"url\":\"https:\\\/\\\/www.presasg8.es\\\/pt-pt\\\/\",\"name\":\"Presas de escalada G8\",\"description\":\"Tienda online de Presas de escalada para roc\u00f3dromo\",\"publisher\":{\"@id\":\"https:\\\/\\\/www.presasg8.es\\\/pt-pt\\\/#organization\"},\"alternateName\":\"Presas de escalada para roc\u00f3dromo\",\"potentialAction\":[{\"@type\":\"SearchAction\",\"target\":{\"@type\":\"EntryPoint\",\"urlTemplate\":\"https:\\\/\\\/www.presasg8.es\\\/pt-pt\\\/?s={search_term_string}\"},\"query-input\":{\"@type\":\"PropertyValueSpecification\",\"valueRequired\":true,\"valueName\":\"search_term_string\"}}],\"inLanguage\":\"pt-PT\"},{\"@type\":\"Organization\",\"@id\":\"https:\\\/\\\/www.presasg8.es\\\/pt-pt\\\/#organization\",\"name\":\"Presas de escalada G8\",\"alternateName\":\"Presas de escalada para roc\u00f3dromo G8\",\"url\":\"https:\\\/\\\/www.presasg8.es\\\/pt-pt\\\/\",\"logo\":{\"@type\":\"ImageObject\",\"inLanguage\":\"pt-PT\",\"@id\":\"https:\\\/\\\/www.presasg8.es\\\/pt-pt\\\/#\\\/schema\\\/logo\\\/image\\\/\",\"url\":\"https:\\\/\\\/www.presasg8.es\\\/wp-content\\\/uploads\\\/2023\\\/09\\\/logo-presas-g8.jpeg\",\"contentUrl\":\"https:\\\/\\\/www.presasg8.es\\\/wp-content\\\/uploads\\\/2023\\\/09\\\/logo-presas-g8.jpeg\",\"width\":400,\"height\":486,\"caption\":\"Presas de escalada G8\"},\"image\":{\"@id\":\"https:\\\/\\\/www.presasg8.es\\\/pt-pt\\\/#\\\/schema\\\/logo\\\/image\\\/\"},\"sameAs\":[\"https:\\\/\\\/www.facebook.com\\\/presasescaladag8\\\/\",\"https:\\\/\\\/www.instagram.com\\\/presasg8\\\/\"]}]}<\/script>\n<!-- \/ Yoast SEO plugin. -->","yoast_head_json":{"title":"Pol\u00edtica de cookies - Presas G8 - Presas de escalada para roc\u00f3dromo","robots":{"index":"noindex","follow":"follow"},"og_locale":"pt_PT","og_type":"article","og_title":"Pol\u00edtica de cookies - Presas G8 - Presas de escalada para roc\u00f3dromo","og_description":"UTILIZA\u00c7\u00c3O DE COOKIES Este site pode utilizar cookies t\u00e9cnicos (pequenos [...]","og_url":"https:\/\/www.presasg8.es\/pt-pt\/utilizacao-de-cookies\/","og_site_name":"Presas G8 - Presas de escalada para roc\u00f3dromo","article_publisher":"https:\/\/www.facebook.com\/presasescaladag8\/","article_modified_time":"2026-03-22T08:42:44+00:00","twitter_card":"summary_large_image","twitter_misc":{"Tempo estimado de leitura":"5 minutos"},"schema":{"@context":"https:\/\/schema.org","@graph":[{"@type":"WebPage","@id":"https:\/\/www.presasg8.es\/pt-pt\/utilizacao-de-cookies\/","url":"https:\/\/www.presasg8.es\/pt-pt\/utilizacao-de-cookies\/","name":"Pol\u00edtica de cookies - Presas G8 - Presas de escalada para roc\u00f3dromo","isPartOf":{"@id":"https:\/\/www.presasg8.es\/pt-pt\/#website"},"datePublished":"2024-02-13T10:13:14+00:00","dateModified":"2026-03-22T08:42:44+00:00","breadcrumb":{"@id":"https:\/\/www.presasg8.es\/pt-pt\/utilizacao-de-cookies\/#breadcrumb"},"inLanguage":"pt-PT","potentialAction":[{"@type":"ReadAction","target":["https:\/\/www.presasg8.es\/pt-pt\/utilizacao-de-cookies\/"]}]},{"@type":"BreadcrumbList","@id":"https:\/\/www.presasg8.es\/pt-pt\/utilizacao-de-cookies\/#breadcrumb","itemListElement":[{"@type":"ListItem","position":1,"name":"Portada","item":"https:\/\/www.presasg8.es\/pt-pt\/"},{"@type":"ListItem","position":2,"name":"Pol\u00edtica de cookies"}]},{"@type":"WebSite","@id":"https:\/\/www.presasg8.es\/pt-pt\/#website","url":"https:\/\/www.presasg8.es\/pt-pt\/","name":"Presas de escalada G8","description":"Tienda online de Presas de escalada para roc\u00f3dromo","publisher":{"@id":"https:\/\/www.presasg8.es\/pt-pt\/#organization"},"alternateName":"Presas de escalada para roc\u00f3dromo","potentialAction":[{"@type":"SearchAction","target":{"@type":"EntryPoint","urlTemplate":"https:\/\/www.presasg8.es\/pt-pt\/?s={search_term_string}"},"query-input":{"@type":"PropertyValueSpecification","valueRequired":true,"valueName":"search_term_string"}}],"inLanguage":"pt-PT"},{"@type":"Organization","@id":"https:\/\/www.presasg8.es\/pt-pt\/#organization","name":"Presas de escalada G8","alternateName":"Presas de escalada para roc\u00f3dromo G8","url":"https:\/\/www.presasg8.es\/pt-pt\/","logo":{"@type":"ImageObject","inLanguage":"pt-PT","@id":"https:\/\/www.presasg8.es\/pt-pt\/#\/schema\/logo\/image\/","url":"https:\/\/www.presasg8.es\/wp-content\/uploads\/2023\/09\/logo-presas-g8.jpeg","contentUrl":"https:\/\/www.presasg8.es\/wp-content\/uploads\/2023\/09\/logo-presas-g8.jpeg","width":400,"height":486,"caption":"Presas de escalada G8"},"image":{"@id":"https:\/\/www.presasg8.es\/pt-pt\/#\/schema\/logo\/image\/"},"sameAs":["https:\/\/www.facebook.com\/presasescaladag8\/","https:\/\/www.instagram.com\/presasg8\/"]}]}},"_links":{"self":[{"href":"https:\/\/www.presasg8.es\/pt-pt\/wp-json\/wp\/v2\/pages\/4437","targetHints":{"allow":["GET"]}}],"collection":[{"href":"https:\/\/www.presasg8.es\/pt-pt\/wp-json\/wp\/v2\/pages"}],"about":[{"href":"https:\/\/www.presasg8.es\/pt-pt\/wp-json\/wp\/v2\/types\/page"}],"author":[{"embeddable":true,"href":"https:\/\/www.presasg8.es\/pt-pt\/wp-json\/wp\/v2\/users\/1"}],"replies":[{"embeddable":true,"href":"https:\/\/www.presasg8.es\/pt-pt\/wp-json\/wp\/v2\/comments?post=4437"}],"version-history":[{"count":0,"href":"https:\/\/www.presasg8.es\/pt-pt\/wp-json\/wp\/v2\/pages\/4437\/revisions"}],"wp:attachment":[{"href":"https:\/\/www.presasg8.es\/pt-pt\/wp-json\/wp\/v2\/media?parent=4437"}],"curies":[{"name":"wp","href":"https:\/\/api.w.org\/{rel}","templated":true}]}}