{"id":4430,"date":"2024-02-13T11:11:16","date_gmt":"2024-02-13T10:11:16","guid":{"rendered":"https:\/\/www.presasg8.es\/?page_id=4430"},"modified":"2026-03-22T09:42:46","modified_gmt":"2026-03-22T08:42:46","slug":"termos-e-condicoes","status":"publish","type":"page","link":"https:\/\/www.presasg8.es\/pt-pt\/termos-e-condicoes\/","title":{"rendered":"Termos e condi\u00e7\u00f5es"},"content":{"rendered":"<p>Presas de escalada G8, respons\u00e1vel pelo s\u00edtio web, coloca \u00e0 disposi\u00e7\u00e3o dos utilizadores o presente documento, com o qual pretende dar cumprimento \u00e0s obriga\u00e7\u00f5es estabelecidas na Lei 34\/2002, de 11 de julho, de Servi\u00e7os da Sociedade da Informa\u00e7\u00e3o e Com\u00e9rcio Eletr\u00f3nico (LSSICE), assim como informar todos os utilizadores do s\u00edtio web das condi\u00e7\u00f5es de utiliza\u00e7\u00e3o.<\/p>\n<p>A Presas de escalada G8 disponibiliza, atrav\u00e9s dos conte\u00fados deste site, informa\u00e7\u00e3o clara e gratuita aos utilizadores sobre a pr\u00f3pria empresa, a sua hist\u00f3ria e os seus produtos, comprometendo-se a observar e a cumprir rigorosamente as disposi\u00e7\u00f5es aqui estabelecidas, bem como qualquer outra disposi\u00e7\u00e3o legal que seja aplic\u00e1vel.<\/p>\n<p>A Presas de escalada G8 reserva-se o direito de modificar qualquer tipo de informa\u00e7\u00e3o que possa aparecer no s\u00edtio Web, sem obriga\u00e7\u00e3o de aviso pr\u00e9vio nem de informar os utilizadores das referidas obriga\u00e7\u00f5es, entendendo-se como suficiente a sua publica\u00e7\u00e3o neste s\u00edtio Web.<\/p>\n<p><strong>DADOS DE IDENTIFICA\u00c7\u00c3O<\/strong><\/p>\n<p>Nome do dom\u00ednio: www.presasg8.es<\/p>\n<p>Nome comercial: G8 Climbing holds<\/p>\n<p>Nome da empresa: Presas de escalada G8<\/p>\n<p>N.\u00ba DE IVA: 47068091V<\/p>\n<p>Endere\u00e7o registado: Pablo Medina 32, 02005, Albacete<\/p>\n<p>&nbsp;<\/p>\n<p><strong>DIREITOS DE PROPRIEDADE INTELECTUAL E INDUSTRIAL<\/strong><\/p>\n<p>O site, incluindo mas n\u00e3o se limitando \u00e0 sua programa\u00e7\u00e3o, edi\u00e7\u00e3o, compila\u00e7\u00e3o e outros elementos necess\u00e1rios ao seu funcionamento, desenhos, log\u00f3tipos, textos e\/ou gr\u00e1ficos, s\u00e3o propriedade das agarras da escalada G8 ou, se for o caso, tem licen\u00e7a ou autoriza\u00e7\u00e3o expressa dos autores. Todos os conte\u00fados do s\u00edtio Web est\u00e3o devidamente protegidos pelas normas de propriedade intelectual e industrial, bem como inscritos nos registos p\u00fablicos correspondentes.<\/p>\n<p>Independentemente do fim a que se destinam, a reprodu\u00e7\u00e3o, utiliza\u00e7\u00e3o, explora\u00e7\u00e3o, distribui\u00e7\u00e3o e comercializa\u00e7\u00e3o, total ou parcial, requer, em qualquer caso, a autoriza\u00e7\u00e3o pr\u00e9via por escrito de Presas de escalada G8. Qualquer utiliza\u00e7\u00e3o n\u00e3o autorizada \u00e9 considerada uma viola\u00e7\u00e3o grave dos direitos de propriedade intelectual ou industrial do autor.<\/p>\n<p>Os desenhos, log\u00f3tipos, textos e\/ou gr\u00e1ficos n\u00e3o pertencentes a Presas de escalada G8 e que possam aparecer no s\u00edtio Web pertencem aos seus respectivos propriet\u00e1rios, sendo eles pr\u00f3prios respons\u00e1veis por qualquer poss\u00edvel controv\u00e9rsia que possa surgir em rela\u00e7\u00e3o aos mesmos. Agarras de escalada G8 autoriza expressamente terceiros a redirecionar diretamente para os conte\u00fados espec\u00edficos do site e, em qualquer caso, a redirecionar para o site principal.<\/p>\n<p>Presas de escalada G8, reconhece a favor dos seus titulares os correspondentes direitos de propriedade intelectual e industrial, pelo que a sua simples men\u00e7\u00e3o ou apari\u00e7\u00e3o no S\u00edtio Web n\u00e3o implica a exist\u00eancia de quaisquer direitos ou responsabilidades sobre os mesmos, nem qualquer aval, patroc\u00ednio ou recomenda\u00e7\u00e3o por parte dos mesmos.<\/p>\n<p>Para fazer qualquer coment\u00e1rio sobre poss\u00edveis viola\u00e7\u00f5es dos direitos de propriedade intelectual ou industrial, bem como sobre qualquer conte\u00fado do s\u00edtio Web, pode faz\u00ea-lo enviando uma mensagem de correio eletr\u00f3nico para o seguinte endere\u00e7o: <a href=\"mailto:nicolas_ggp@hotmail.com\">nicolas_ggp@hotmail.com<\/a><\/p>\n<p>&nbsp;<\/p>\n<p><strong>OBRIGA\u00c7\u00d5ES E RESPONSABILIDADES DO UTILIZADOR<\/strong><\/p>\n<p>O utilizador compromete-se a:<\/p>\n<ol>\n<li>Para fazer uma utiliza\u00e7\u00e3o correcta e legal do s\u00edtio Web e dos seus conte\u00fados e servi\u00e7os, de acordo com: (i) a legisla\u00e7\u00e3o aplic\u00e1vel em cada momento; (ii) as Condi\u00e7\u00f5es Gerais de Utiliza\u00e7\u00e3o do s\u00edtio Web; (iii) moral e dec\u00eancia geralmente aceites, e (iv) princ\u00edpios de moral e dec\u00eancia geralmente aceites. (iv) ordem p\u00fablica.<\/li>\n<li>Fornecer todos os meios e requisitos t\u00e9cnicos necess\u00e1rios para aceder ao s\u00edtio Web.<\/li>\n<li>Fornecer informa\u00e7\u00f5es verdadeiras ao preencher os formul\u00e1rios contidos no s\u00edtio Web com os seus dados pessoais e mant\u00ea-los sempre actualizados para que respondam, em qualquer momento, \u00e0 situa\u00e7\u00e3o real do utilizador. O utilizador \u00e9 o \u00fanico respons\u00e1vel por quaisquer declara\u00e7\u00f5es falsas ou inexactas que fa\u00e7a e por quaisquer danos causados a Presas de escalada G8 ou a terceiros em resultado das informa\u00e7\u00f5es prestadas.<\/li>\n<\/ol>\n<p>O utilizador deve tamb\u00e9m abster-se de:<\/p>\n<ol>\n<li>Utilizar de forma n\u00e3o autorizada ou fraudulenta o Site e\/ou os seus conte\u00fados para fins ou efeitos il\u00edcitos, proibidos nas presentes Condi\u00e7\u00f5es Gerais de Utiliza\u00e7\u00e3o, lesivos dos direitos e interesses de terceiros, ou que de qualquer forma possam danificar, inutilizar, sobrecarregar, deteriorar ou impedir a normal utiliza\u00e7\u00e3o dos servi\u00e7os ou dos documentos, ficheiros e todo o tipo de conte\u00fados armazenados em qualquer equipamento inform\u00e1tico.<\/li>\n<li>Aceder ou tentar aceder a recursos ou \u00e1reas restritas do S\u00edtio Web, sem cumprir as condi\u00e7\u00f5es exigidas para esse acesso.<\/li>\n<li>Causar danos aos sistemas f\u00edsicos ou l\u00f3gicos do s\u00edtio Web, dos seus fornecedores ou de terceiros.<\/li>\n<li>Introduzir ou difundir v\u00edrus inform\u00e1ticos ou quaisquer outros sistemas f\u00edsicos ou l\u00f3gicos que possam causar danos nos sistemas f\u00edsicos ou l\u00f3gicos das Presas de Escada G8, dos seus fornecedores ou de terceiros.<\/li>\n<li>Tentar aceder, utilizar e\/ou manipular os dados de Presas de escalada G8, de terceiros fornecedores e de outros utilizadores.<\/li>\n<li>Reproduzir ou copiar, distribuir, permitir o acesso p\u00fablico atrav\u00e9s de qualquer forma de comunica\u00e7\u00e3o p\u00fablica, transformar ou modificar os conte\u00fados, exceto se autorizado pelo titular dos direitos correspondentes ou se for legalmente permitido.<\/li>\n<li>Suprimir, ocultar ou manipular as notas sobre direitos de propriedade intelectual ou industrial e outros dados identificativos dos direitos de Presas de escalada G8, ou de terceiros incorporados nos conte\u00fados, assim como os dispositivos t\u00e9cnicos de prote\u00e7\u00e3o ou quaisquer mecanismos de informa\u00e7\u00e3o que possam ser inseridos nos conte\u00fados.<\/li>\n<li>Obter e tentar obter os conte\u00fados atrav\u00e9s de meios ou procedimentos diferentes dos que, conforme o caso, tenham sido colocados \u00e0 disposi\u00e7\u00e3o para este efeito ou que tenham sido expressamente indicados nas p\u00e1ginas web onde se encontram os conte\u00fados ou, em geral, dos que s\u00e3o habitualmente utilizados na Internet por n\u00e3o implicarem um risco de dano ou inutiliza\u00e7\u00e3o do s\u00edtio web e\/ou dos conte\u00fados.<\/li>\n<li>Em particular, e a t\u00edtulo meramente exemplificativo e n\u00e3o limitativo, o utilizador compromete-se a n\u00e3o transmitir, difundir ou colocar \u00e0 disposi\u00e7\u00e3o de terceiros informa\u00e7\u00f5es, dados, conte\u00fados, mensagens, gr\u00e1ficos, desenhos, ficheiros de som e\/ou imagem, fotografias, grava\u00e7\u00f5es, software e, em geral, qualquer tipo de material que\n<ul>\n<li>(De qualquer forma que contrarie, prejudique ou viole os direitos fundamentais e as liberdades p\u00fablicas reconhecidos na Constitui\u00e7\u00e3o, nos tratados internacionais e no resto da legisla\u00e7\u00e3o em vigor.<\/li>\n<li>Induzir, incitar ou promover ac\u00e7\u00f5es criminosas, denegridoras, difamat\u00f3rias ou violentas ou, em geral, ac\u00e7\u00f5es contr\u00e1rias \u00e0 lei, \u00e0 moral, aos bons costumes geralmente aceites ou \u00e0 ordem p\u00fablica.<\/li>\n<li>Induzir, incitar ou promover ac\u00e7\u00f5es, atitudes ou pensamentos discriminat\u00f3rios em raz\u00e3o do sexo, ra\u00e7a, religi\u00e3o, cren\u00e7a, idade ou estatuto.<\/li>\n<\/ul>\n<\/li>\n<\/ol>\n<p>Incorporar, disponibilizar ou permitir o acesso a produtos, itens, mensagens e\/ou servi\u00e7os<\/p>\n<p>&nbsp;<\/p>\n<p><strong>RESPONSABILIDADES<\/strong><\/p>\n<p>Presas de escalada G8 n\u00e3o garante o acesso cont\u00ednuo, nem a correcta visualiza\u00e7\u00e3o, descarregamento ou utiliza\u00e7\u00e3o dos elementos e informa\u00e7\u00f5es contidos nas p\u00e1ginas, que podem ser impedidos, dificultados ou interrompidos por factores ou circunst\u00e2ncias fora do seu controlo.<\/p>\n<p>A Presas de Escada G8 pode interromper o servi\u00e7o ou terminar imediatamente a rela\u00e7\u00e3o com o utilizador se detetar que qualquer utiliza\u00e7\u00e3o do seu site \u00e9 contr\u00e1ria \u00e0s presentes Condi\u00e7\u00f5es Gerais de Utiliza\u00e7\u00e3o. A Presas de escalada G8 n\u00e3o se responsabiliza por quaisquer danos, perdas, reclama\u00e7\u00f5es ou despesas decorrentes da utiliza\u00e7\u00e3o do s\u00edtio Web. S\u00f3 \u00e9 respons\u00e1vel pela remo\u00e7\u00e3o, o mais rapidamente poss\u00edvel, dos conte\u00fados suscept\u00edveis de causar tais danos, desde que tal seja notificado. Em particular, n\u00e3o ser\u00e1 respons\u00e1vel por quaisquer danos que possam resultar, nomeadamente, de<\/p>\n<p>(i) interfer\u00eancias, interrup\u00e7\u00f5es, falhas, omiss\u00f5es, avarias telef\u00f3nicas, atrasos, bloqueios ou desconex\u00f5es no funcionamento do sistema eletr\u00f3nico, causados por defici\u00eancias, sobrecargas e erros nas linhas e redes de telecomunica\u00e7\u00f5es, ou por qualquer outra causa alheia ao controlo da Presas de escalada G8.<\/p>\n<p>(ii) interfer\u00eancias ilegais atrav\u00e9s da utiliza\u00e7\u00e3o de software malicioso de qualquer tipo e por quaisquer meios de comunica\u00e7\u00e3o, como v\u00edrus inform\u00e1ticos ou quaisquer outros meios.<\/p>\n<p>(iii) abuso impr\u00f3prio ou inadequado do s\u00edtio Web.<\/p>\n<p>(iv) erros de seguran\u00e7a ou de navega\u00e7\u00e3o causados por um mau funcionamento do programa de navega\u00e7\u00e3o ou pela utiliza\u00e7\u00e3o de vers\u00f5es n\u00e3o actualizadas do programa de navega\u00e7\u00e3o. Os administradores reservam-se o direito de retirar, no todo ou em parte, qualquer conte\u00fado ou informa\u00e7\u00e3o presente no s\u00edtio Web.<\/p>\n<p>Presas de escalada G8, exclui qualquer responsabilidade por danos de qualquer tipo que possam ser devidos a uma utiliza\u00e7\u00e3o incorrecta por parte dos utilizadores do Website.<\/p>\n<p>Do mesmo modo, Presas de escalada G8 exonera-se de qualquer responsabilidade pelos conte\u00fados e informa\u00e7\u00f5es que possam ser recebidos como resultado dos formul\u00e1rios de recolha de dados, sendo estes utilizados unicamente para a presta\u00e7\u00e3o de servi\u00e7os de consultas e d\u00favidas. Por outro lado, no caso de causar danos devido a uma utiliza\u00e7\u00e3o il\u00edcita ou incorrecta dos referidos servi\u00e7os, o utilizador poder\u00e1 ser reclamado por Presas de escalada G8 pelos danos causados.<\/p>\n<p>O utilizador defender\u00e1, indemnizar\u00e1 e isentar\u00e1 a Presas de escalada G8 de quaisquer danos resultantes de reclama\u00e7\u00f5es, ac\u00e7\u00f5es ou pedidos de terceiros em consequ\u00eancia do seu acesso ou utiliza\u00e7\u00e3o do s\u00edtio Web. O utilizador tamb\u00e9m se compromete a indemnizar a Presas de escalada G8 por quaisquer danos resultantes da utiliza\u00e7\u00e3o de &#8220;robots&#8221;, &#8220;spiders&#8221;, &#8220;crawlers&#8221; ou ferramentas semelhantes utilizadas com o objetivo de recolher ou extrair dados ou qualquer outra a\u00e7\u00e3o da sua parte que imponha uma sobrecarga n\u00e3o razo\u00e1vel ao funcionamento do Website.<\/p>\n","protected":false},"excerpt":{"rendered":"<p>Presas de escalada G8, respons\u00e1vel pelo s\u00edtio web, coloca \u00e0  [&#8230;]<\/p>\n","protected":false},"author":1,"featured_media":0,"parent":0,"menu_order":0,"comment_status":"closed","ping_status":"closed","template":"100-width.php","meta":{"_joinchat":[],"footnotes":""},"class_list":["post-4430","page","type-page","status-publish","hentry"],"yoast_head":"<!-- This site is optimized with the Yoast SEO plugin v27.5 - https:\/\/yoast.com\/product\/yoast-seo-wordpress\/ -->\n<title>Termos e condi\u00e7\u00f5es - Presas G8 - Presas de escalada para roc\u00f3dromo<\/title>\n<meta name=\"robots\" content=\"noindex, follow\" \/>\n<meta property=\"og:locale\" content=\"pt_PT\" \/>\n<meta property=\"og:type\" content=\"article\" \/>\n<meta property=\"og:title\" content=\"Termos e condi\u00e7\u00f5es - Presas G8 - Presas de escalada para roc\u00f3dromo\" \/>\n<meta property=\"og:description\" content=\"Presas de escalada G8, respons\u00e1vel pelo s\u00edtio web, coloca \u00e0 [...]\" \/>\n<meta property=\"og:url\" content=\"https:\/\/www.presasg8.es\/pt-pt\/termos-e-condicoes\/\" \/>\n<meta property=\"og:site_name\" content=\"Presas G8 - Presas de escalada para roc\u00f3dromo\" \/>\n<meta property=\"article:publisher\" content=\"https:\/\/www.facebook.com\/presasescaladag8\/\" \/>\n<meta property=\"article:modified_time\" content=\"2026-03-22T08:42:46+00:00\" \/>\n<meta name=\"twitter:card\" content=\"summary_large_image\" \/>\n<meta name=\"twitter:label1\" content=\"Tempo estimado de leitura\" \/>\n\t<meta name=\"twitter:data1\" content=\"8 minutos\" \/>\n<script type=\"application\/ld+json\" class=\"yoast-schema-graph\">{\"@context\":\"https:\\\/\\\/schema.org\",\"@graph\":[{\"@type\":\"WebPage\",\"@id\":\"https:\\\/\\\/www.presasg8.es\\\/pt-pt\\\/termos-e-condicoes\\\/\",\"url\":\"https:\\\/\\\/www.presasg8.es\\\/pt-pt\\\/termos-e-condicoes\\\/\",\"name\":\"Termos e condi\u00e7\u00f5es - Presas G8 - Presas de escalada para roc\u00f3dromo\",\"isPartOf\":{\"@id\":\"https:\\\/\\\/www.presasg8.es\\\/pt-pt\\\/#website\"},\"datePublished\":\"2024-02-13T10:11:16+00:00\",\"dateModified\":\"2026-03-22T08:42:46+00:00\",\"breadcrumb\":{\"@id\":\"https:\\\/\\\/www.presasg8.es\\\/pt-pt\\\/termos-e-condicoes\\\/#breadcrumb\"},\"inLanguage\":\"pt-PT\",\"potentialAction\":[{\"@type\":\"ReadAction\",\"target\":[\"https:\\\/\\\/www.presasg8.es\\\/pt-pt\\\/termos-e-condicoes\\\/\"]}]},{\"@type\":\"BreadcrumbList\",\"@id\":\"https:\\\/\\\/www.presasg8.es\\\/pt-pt\\\/termos-e-condicoes\\\/#breadcrumb\",\"itemListElement\":[{\"@type\":\"ListItem\",\"position\":1,\"name\":\"Portada\",\"item\":\"https:\\\/\\\/www.presasg8.es\\\/pt-pt\\\/\"},{\"@type\":\"ListItem\",\"position\":2,\"name\":\"Termos e condi\u00e7\u00f5es\"}]},{\"@type\":\"WebSite\",\"@id\":\"https:\\\/\\\/www.presasg8.es\\\/pt-pt\\\/#website\",\"url\":\"https:\\\/\\\/www.presasg8.es\\\/pt-pt\\\/\",\"name\":\"Presas de escalada G8\",\"description\":\"Tienda online de Presas de escalada para roc\u00f3dromo\",\"publisher\":{\"@id\":\"https:\\\/\\\/www.presasg8.es\\\/pt-pt\\\/#organization\"},\"alternateName\":\"Presas de escalada para roc\u00f3dromo\",\"potentialAction\":[{\"@type\":\"SearchAction\",\"target\":{\"@type\":\"EntryPoint\",\"urlTemplate\":\"https:\\\/\\\/www.presasg8.es\\\/pt-pt\\\/?s={search_term_string}\"},\"query-input\":{\"@type\":\"PropertyValueSpecification\",\"valueRequired\":true,\"valueName\":\"search_term_string\"}}],\"inLanguage\":\"pt-PT\"},{\"@type\":\"Organization\",\"@id\":\"https:\\\/\\\/www.presasg8.es\\\/pt-pt\\\/#organization\",\"name\":\"Presas de escalada G8\",\"alternateName\":\"Presas de escalada para roc\u00f3dromo G8\",\"url\":\"https:\\\/\\\/www.presasg8.es\\\/pt-pt\\\/\",\"logo\":{\"@type\":\"ImageObject\",\"inLanguage\":\"pt-PT\",\"@id\":\"https:\\\/\\\/www.presasg8.es\\\/pt-pt\\\/#\\\/schema\\\/logo\\\/image\\\/\",\"url\":\"https:\\\/\\\/www.presasg8.es\\\/wp-content\\\/uploads\\\/2023\\\/09\\\/logo-presas-g8.jpeg\",\"contentUrl\":\"https:\\\/\\\/www.presasg8.es\\\/wp-content\\\/uploads\\\/2023\\\/09\\\/logo-presas-g8.jpeg\",\"width\":400,\"height\":486,\"caption\":\"Presas de escalada G8\"},\"image\":{\"@id\":\"https:\\\/\\\/www.presasg8.es\\\/pt-pt\\\/#\\\/schema\\\/logo\\\/image\\\/\"},\"sameAs\":[\"https:\\\/\\\/www.facebook.com\\\/presasescaladag8\\\/\",\"https:\\\/\\\/www.instagram.com\\\/presasg8\\\/\"]}]}<\/script>\n<!-- \/ Yoast SEO plugin. -->","yoast_head_json":{"title":"Termos e condi\u00e7\u00f5es - Presas G8 - Presas de escalada para roc\u00f3dromo","robots":{"index":"noindex","follow":"follow"},"og_locale":"pt_PT","og_type":"article","og_title":"Termos e condi\u00e7\u00f5es - Presas G8 - Presas de escalada para roc\u00f3dromo","og_description":"Presas de escalada G8, respons\u00e1vel pelo s\u00edtio web, coloca \u00e0 [...]","og_url":"https:\/\/www.presasg8.es\/pt-pt\/termos-e-condicoes\/","og_site_name":"Presas G8 - Presas de escalada para roc\u00f3dromo","article_publisher":"https:\/\/www.facebook.com\/presasescaladag8\/","article_modified_time":"2026-03-22T08:42:46+00:00","twitter_card":"summary_large_image","twitter_misc":{"Tempo estimado de leitura":"8 minutos"},"schema":{"@context":"https:\/\/schema.org","@graph":[{"@type":"WebPage","@id":"https:\/\/www.presasg8.es\/pt-pt\/termos-e-condicoes\/","url":"https:\/\/www.presasg8.es\/pt-pt\/termos-e-condicoes\/","name":"Termos e condi\u00e7\u00f5es - Presas G8 - Presas de escalada para roc\u00f3dromo","isPartOf":{"@id":"https:\/\/www.presasg8.es\/pt-pt\/#website"},"datePublished":"2024-02-13T10:11:16+00:00","dateModified":"2026-03-22T08:42:46+00:00","breadcrumb":{"@id":"https:\/\/www.presasg8.es\/pt-pt\/termos-e-condicoes\/#breadcrumb"},"inLanguage":"pt-PT","potentialAction":[{"@type":"ReadAction","target":["https:\/\/www.presasg8.es\/pt-pt\/termos-e-condicoes\/"]}]},{"@type":"BreadcrumbList","@id":"https:\/\/www.presasg8.es\/pt-pt\/termos-e-condicoes\/#breadcrumb","itemListElement":[{"@type":"ListItem","position":1,"name":"Portada","item":"https:\/\/www.presasg8.es\/pt-pt\/"},{"@type":"ListItem","position":2,"name":"Termos e condi\u00e7\u00f5es"}]},{"@type":"WebSite","@id":"https:\/\/www.presasg8.es\/pt-pt\/#website","url":"https:\/\/www.presasg8.es\/pt-pt\/","name":"Presas de escalada G8","description":"Tienda online de Presas de escalada para roc\u00f3dromo","publisher":{"@id":"https:\/\/www.presasg8.es\/pt-pt\/#organization"},"alternateName":"Presas de escalada para roc\u00f3dromo","potentialAction":[{"@type":"SearchAction","target":{"@type":"EntryPoint","urlTemplate":"https:\/\/www.presasg8.es\/pt-pt\/?s={search_term_string}"},"query-input":{"@type":"PropertyValueSpecification","valueRequired":true,"valueName":"search_term_string"}}],"inLanguage":"pt-PT"},{"@type":"Organization","@id":"https:\/\/www.presasg8.es\/pt-pt\/#organization","name":"Presas de escalada G8","alternateName":"Presas de escalada para roc\u00f3dromo G8","url":"https:\/\/www.presasg8.es\/pt-pt\/","logo":{"@type":"ImageObject","inLanguage":"pt-PT","@id":"https:\/\/www.presasg8.es\/pt-pt\/#\/schema\/logo\/image\/","url":"https:\/\/www.presasg8.es\/wp-content\/uploads\/2023\/09\/logo-presas-g8.jpeg","contentUrl":"https:\/\/www.presasg8.es\/wp-content\/uploads\/2023\/09\/logo-presas-g8.jpeg","width":400,"height":486,"caption":"Presas de escalada G8"},"image":{"@id":"https:\/\/www.presasg8.es\/pt-pt\/#\/schema\/logo\/image\/"},"sameAs":["https:\/\/www.facebook.com\/presasescaladag8\/","https:\/\/www.instagram.com\/presasg8\/"]}]}},"_links":{"self":[{"href":"https:\/\/www.presasg8.es\/pt-pt\/wp-json\/wp\/v2\/pages\/4430","targetHints":{"allow":["GET"]}}],"collection":[{"href":"https:\/\/www.presasg8.es\/pt-pt\/wp-json\/wp\/v2\/pages"}],"about":[{"href":"https:\/\/www.presasg8.es\/pt-pt\/wp-json\/wp\/v2\/types\/page"}],"author":[{"embeddable":true,"href":"https:\/\/www.presasg8.es\/pt-pt\/wp-json\/wp\/v2\/users\/1"}],"replies":[{"embeddable":true,"href":"https:\/\/www.presasg8.es\/pt-pt\/wp-json\/wp\/v2\/comments?post=4430"}],"version-history":[{"count":0,"href":"https:\/\/www.presasg8.es\/pt-pt\/wp-json\/wp\/v2\/pages\/4430\/revisions"}],"wp:attachment":[{"href":"https:\/\/www.presasg8.es\/pt-pt\/wp-json\/wp\/v2\/media?parent=4430"}],"curies":[{"name":"wp","href":"https:\/\/api.w.org\/{rel}","templated":true}]}}