{"id":4422,"date":"2024-02-13T11:10:35","date_gmt":"2024-02-13T10:10:35","guid":{"rendered":"https:\/\/www.presasg8.es\/?page_id=4422"},"modified":"2026-03-22T09:43:01","modified_gmt":"2026-03-22T08:43:01","slug":"regressar","status":"publish","type":"page","link":"https:\/\/www.presasg8.es\/pt-pt\/regressar\/","title":{"rendered":"Pol\u00edtica de devolu\u00e7\u00e3o"},"content":{"rendered":"<h4 class=\"wp-block-heading\">Encomendas e pre\u00e7os<\/h4>\n<p>Os clientes t\u00eam a possibilidade de efetuar todas as suas encomendas a partir do s\u00edtio Web: www.presasg8.es.<\/p>\n<p>Cada cliente declara que tem plena capacidade para utilizar cart\u00f5es de cr\u00e9dito e que disp\u00f5e de fundos suficientes para cobrir todos os custos resultantes da compra de produtos atrav\u00e9s da G8 Climbing Dams.<\/p>\n<p>Ao clicar no bot\u00e3o &#8220;Pagar&#8221; durante o processo de compra, o membro declara aceitar integralmente e sem reservas a totalidade das presentes Condi\u00e7\u00f5es Gerais de Venda.<\/p>\n<p>Os dados registados pela G8 Climbing Dams constituem a prova das transac\u00e7\u00f5es efectuadas entre a G8 Climbing Dams e os membros da sua comunidade privada. A G8 Climbing Dams confirmar\u00e1 a sua encomenda enviando-lhe um e-mail.<\/p>\n<p>As informa\u00e7\u00f5es contratuais s\u00e3o apresentadas em ingl\u00eas e ser\u00e3o confirmadas, o mais tardar, no momento da entrega.<\/p>\n<p>Os pre\u00e7os dos nossos produtos incluem todos os impostos, mas n\u00e3o incluem os custos de transporte.<\/p>\n<p>A empresa Presas de escalada G8 reserva-se o direito de modificar os seus pre\u00e7os a qualquer momento, mas os produtos ser\u00e3o facturados com base nas tarifas em vigor no momento do registo da encomenda (sob reserva da disponibilidade do produto), salvo erros tipogr\u00e1ficos evidentes.<\/p>\n<p>Os bens continuam a ser propriedade do fornecedor at\u00e9 ao pagamento integral do pre\u00e7o.<\/p>\n<p>A G8 Climbing Dams reserva-se o direito de recusar uma encomenda de qualquer membro com o qual tenha um lit\u00edgio.<\/p>\n<h4 class=\"wp-block-heading\">Disponibilidade<\/h4>\n<p>A G8 Climbing Dams far\u00e1 o seu melhor para agradar a todos os seus clientes na procura dos produtos.<\/p>\n<p>Em caso de indisponibilidade do produto ap\u00f3s a realiza\u00e7\u00e3o da encomenda, o cliente ser\u00e1 informado por correio eletr\u00f3nico da anula\u00e7\u00e3o da encomenda.<\/p>\n<p>Devido a esta exig\u00eancia, a rapidez do reembolso na conta banc\u00e1ria do cliente depender\u00e1 do tipo de cart\u00e3o banc\u00e1rio e das condi\u00e7\u00f5es de cada banco. Estes prazos s\u00e3o novamente especificados na cl\u00e1usula &#8220;Entrega&#8221;.<\/p>\n<h4 class=\"wp-block-heading\">Seguran\u00e7a<\/h4>\n<p>Para sua seguran\u00e7a, Presas de escalada G8 confiou o sistema de pagamento por cart\u00e3o de cr\u00e9dito a um gateway de pagamento.<\/p>\n<p>Os dados banc\u00e1rios introduzidos s\u00e3o encriptados e transmitidos de forma segura para os servidores do banco e depois verificados com o banco emissor para evitar fraudes e abusos.<\/p>\n<p>Este procedimento de introdu\u00e7\u00e3o de dados \u00e9 garantido pela tecnologia de encripta\u00e7\u00e3o SSL (Secure Socket Layer) de 128 bits, um dos sistemas de prote\u00e7\u00e3o mais avan\u00e7ados e eficazes atualmente dispon\u00edveis, o que significa que nenhum terceiro ter\u00e1 acesso, atrav\u00e9s da Internet, a estas informa\u00e7\u00f5es relativas aos dados banc\u00e1rios introduzidos pelo cliente.<\/p>\n<p>Apenas o Banco e o PayPal t\u00eam acesso aos dados banc\u00e1rios associados a estes meios de pagamento, pelo que Presas de escalada G8 n\u00e3o conhece nem regista estes dados durante a opera\u00e7\u00e3o de pagamento.<\/p>\n<h4 class=\"wp-block-heading\">Regresso<\/h4>\n<p>Todos os produtos vendidos podem ser devolvidos no prazo de 10 dias a contar da data de entrega, em conformidade com o disposto na Lei do Com\u00e9rcio a Retalho.<\/p>\n<p>O cliente deve indicar previamente a sua inten\u00e7\u00e3o por correio eletr\u00f3nico. A Presas de escalada G8 responder\u00e1 por meio de outro correio eletr\u00f3nico, especificando as instru\u00e7\u00f5es precisas para a devolu\u00e7\u00e3o do produto.<\/p>\n<p>Os custos de devolu\u00e7\u00e3o ficam a cargo do cliente.<\/p>\n<p>O reembolso na conta do cliente resultante desta devolu\u00e7\u00e3o ser\u00e1 efectuado no prazo de 7 dias ap\u00f3s a rece\u00e7\u00e3o da mercadoria.<\/p>\n<p>A devolu\u00e7\u00e3o n\u00e3o ser\u00e1 poss\u00edvel, em caso algum, se os produtos fornecidos tiverem sido claramente utilizados.<\/p>\n<p>Os produtos devem imperativamente ser devolvidos corretamente protegidos, na sua embalagem original, em perfeitas condi\u00e7\u00f5es (n\u00e3o danificados ou sujos pelo cliente) com todos os acess\u00f3rios, instru\u00e7\u00f5es e documenta\u00e7\u00e3o. Ser\u00e3o enviados para o local indicado por Presas de escalada G8 nas instru\u00e7\u00f5es precisas para a devolu\u00e7\u00e3o do produto enviadas por correio eletr\u00f3nico.<\/p>\n<p>No caso de a devolu\u00e7\u00e3o n\u00e3o ser aceite pelo fornecedor pelo facto de o produto a devolver ter sido utilizado, estes produtos permanecer\u00e3o no armaz\u00e9m de distribui\u00e7\u00e3o para serem recolhidos pelo cliente durante um per\u00edodo n\u00e3o superior a trinta dias a contar da sua devolu\u00e7\u00e3o.<\/p>\n<p>As encomendas que n\u00e3o contenham anexos que permitam a identifica\u00e7\u00e3o do remetente (n\u00famero de encomenda, nome, endere\u00e7o, etc.) n\u00e3o podem ser devolvidas.<\/p>\n<p>Os custos e riscos associados \u00e0 devolu\u00e7\u00e3o do produto ficam a cargo do remetente, que deve envi\u00e1-los de forma segura e com as garantias necess\u00e1rias para que a mercadoria devolvida chegue em perfeitas condi\u00e7\u00f5es.<\/p>\n<p>Atrav\u00e9s da Presas de escalada G8 pode devolver os produtos adquiridos pelo valor dos mesmos. Ap\u00f3s a rece\u00e7\u00e3o do(s) produto(s) devolvido(s), a Presas de Escada G8 verificar\u00e1 se o(s) mesmo(s) se encontra(m) em bom estado e proceder\u00e1 ao reembolso do valor pago, deduzido dos custos de envio (9,5 \u20ac com IVA inclu\u00eddo), independentemente do valor do produto devolvido.<\/p>\n<p>Qualquer pessoa que devolva o seu produto receber\u00e1 um e-mail informando-a do montante do seu reembolso.<\/p>\n<h4 class=\"wp-block-heading\">Garantia<\/h4>\n<p>Todos os nossos agarras de escalada t\u00eam garantia contra a quebra, durante o transporte ou a utiliza\u00e7\u00e3o. A G8 Climbing Dams substituir\u00e1 imediatamente a agarra em quest\u00e3o. A garantia \u00e9 de 10 dias para o transporte e de 1 ano a partir da data de rece\u00e7\u00e3o para as rupturas devidas ao desgaste.<\/p>\n<h4 class=\"wp-block-heading\">Altera\u00e7\u00e3o das condi\u00e7\u00f5es gerais de venda<\/h4>\n<p>A Presas de escalada G8 reserva-se o direito de modificar as condi\u00e7\u00f5es gerais de venda sem aviso pr\u00e9vio, podendo alterar, suprimir ou acrescentar tanto os conte\u00fados e servi\u00e7os prestados atrav\u00e9s da mesma como a forma como s\u00e3o apresentados ou localizados nos seus servidores.<\/p>\n<p>Estas altera\u00e7\u00f5es devem ser aceites pelo Utilizador sempre que este efectue uma compra atrav\u00e9s do site Presas de escalada G8.<\/p>\n<p>Os membros da &#8220;Comunidade Privada G8 Climbing Dams&#8221; que n\u00e3o concordarem com as modifica\u00e7\u00f5es das condi\u00e7\u00f5es gerais devem notificar o facto e, a partir da data de entrada em vigor da nova vers\u00e3o, devem deixar de utilizar os servi\u00e7os G8 Climbing Dams. Em caso de ilegalidade ou inexequibilidade de qualquer das cl\u00e1usulas das condi\u00e7\u00f5es gerais, estas ser\u00e3o consideradas nulas e ser\u00e3o aplicadas as cl\u00e1usulas acordadas pelas partes, sob pena de aplica\u00e7\u00e3o do C\u00f3digo Civil espanhol.<\/p>\n","protected":false},"excerpt":{"rendered":"<p>Encomendas e pre\u00e7os Os clientes t\u00eam a possibilidade de efetuar  [&#8230;]<\/p>\n","protected":false},"author":1,"featured_media":0,"parent":0,"menu_order":0,"comment_status":"closed","ping_status":"closed","template":"","meta":{"_joinchat":[],"footnotes":""},"class_list":["post-4422","page","type-page","status-publish","hentry"],"yoast_head":"<!-- This site is optimized with the Yoast SEO plugin v27.3 - https:\/\/yoast.com\/product\/yoast-seo-wordpress\/ -->\n<title>Pol\u00edtica de devolu\u00e7\u00e3o - Presas G8 - Presas de escalada para roc\u00f3dromo<\/title>\n<meta name=\"robots\" content=\"noindex, follow\" \/>\n<meta property=\"og:locale\" content=\"pt_PT\" \/>\n<meta property=\"og:type\" content=\"article\" \/>\n<meta property=\"og:title\" content=\"Pol\u00edtica de devolu\u00e7\u00e3o - Presas G8 - Presas de escalada para roc\u00f3dromo\" \/>\n<meta property=\"og:description\" content=\"Encomendas e pre\u00e7os Os clientes t\u00eam a possibilidade de efetuar [...]\" \/>\n<meta property=\"og:url\" content=\"https:\/\/www.presasg8.es\/pt-pt\/regressar\/\" \/>\n<meta property=\"og:site_name\" content=\"Presas G8 - Presas de escalada para roc\u00f3dromo\" \/>\n<meta property=\"article:publisher\" content=\"https:\/\/www.facebook.com\/presasescaladag8\/\" \/>\n<meta property=\"article:modified_time\" content=\"2026-03-22T08:43:01+00:00\" \/>\n<meta name=\"twitter:card\" content=\"summary_large_image\" \/>\n<meta name=\"twitter:label1\" content=\"Tempo estimado de leitura\" \/>\n\t<meta name=\"twitter:data1\" content=\"5 minutos\" \/>\n<script type=\"application\/ld+json\" class=\"yoast-schema-graph\">{\"@context\":\"https:\\\/\\\/schema.org\",\"@graph\":[{\"@type\":\"WebPage\",\"@id\":\"https:\\\/\\\/www.presasg8.es\\\/pt-pt\\\/regressar\\\/\",\"url\":\"https:\\\/\\\/www.presasg8.es\\\/pt-pt\\\/regressar\\\/\",\"name\":\"Pol\u00edtica de devolu\u00e7\u00e3o - Presas G8 - Presas de escalada para roc\u00f3dromo\",\"isPartOf\":{\"@id\":\"https:\\\/\\\/www.presasg8.es\\\/pt-pt\\\/#website\"},\"datePublished\":\"2024-02-13T10:10:35+00:00\",\"dateModified\":\"2026-03-22T08:43:01+00:00\",\"breadcrumb\":{\"@id\":\"https:\\\/\\\/www.presasg8.es\\\/pt-pt\\\/regressar\\\/#breadcrumb\"},\"inLanguage\":\"pt-PT\",\"potentialAction\":[{\"@type\":\"ReadAction\",\"target\":[\"https:\\\/\\\/www.presasg8.es\\\/pt-pt\\\/regressar\\\/\"]}]},{\"@type\":\"BreadcrumbList\",\"@id\":\"https:\\\/\\\/www.presasg8.es\\\/pt-pt\\\/regressar\\\/#breadcrumb\",\"itemListElement\":[{\"@type\":\"ListItem\",\"position\":1,\"name\":\"Portada\",\"item\":\"https:\\\/\\\/www.presasg8.es\\\/pt-pt\\\/\"},{\"@type\":\"ListItem\",\"position\":2,\"name\":\"Pol\u00edtica de devolu\u00e7\u00e3o\"}]},{\"@type\":\"WebSite\",\"@id\":\"https:\\\/\\\/www.presasg8.es\\\/pt-pt\\\/#website\",\"url\":\"https:\\\/\\\/www.presasg8.es\\\/pt-pt\\\/\",\"name\":\"Presas de escalada G8\",\"description\":\"Tienda online de Presas de escalada para roc\u00f3dromo\",\"publisher\":{\"@id\":\"https:\\\/\\\/www.presasg8.es\\\/pt-pt\\\/#organization\"},\"alternateName\":\"Presas de escalada para roc\u00f3dromo\",\"potentialAction\":[{\"@type\":\"SearchAction\",\"target\":{\"@type\":\"EntryPoint\",\"urlTemplate\":\"https:\\\/\\\/www.presasg8.es\\\/pt-pt\\\/?s={search_term_string}\"},\"query-input\":{\"@type\":\"PropertyValueSpecification\",\"valueRequired\":true,\"valueName\":\"search_term_string\"}}],\"inLanguage\":\"pt-PT\"},{\"@type\":\"Organization\",\"@id\":\"https:\\\/\\\/www.presasg8.es\\\/pt-pt\\\/#organization\",\"name\":\"Presas de escalada G8\",\"alternateName\":\"Presas de escalada para roc\u00f3dromo G8\",\"url\":\"https:\\\/\\\/www.presasg8.es\\\/pt-pt\\\/\",\"logo\":{\"@type\":\"ImageObject\",\"inLanguage\":\"pt-PT\",\"@id\":\"https:\\\/\\\/www.presasg8.es\\\/pt-pt\\\/#\\\/schema\\\/logo\\\/image\\\/\",\"url\":\"https:\\\/\\\/www.presasg8.es\\\/wp-content\\\/uploads\\\/2023\\\/09\\\/logo-presas-g8.jpeg\",\"contentUrl\":\"https:\\\/\\\/www.presasg8.es\\\/wp-content\\\/uploads\\\/2023\\\/09\\\/logo-presas-g8.jpeg\",\"width\":400,\"height\":486,\"caption\":\"Presas de escalada G8\"},\"image\":{\"@id\":\"https:\\\/\\\/www.presasg8.es\\\/pt-pt\\\/#\\\/schema\\\/logo\\\/image\\\/\"},\"sameAs\":[\"https:\\\/\\\/www.facebook.com\\\/presasescaladag8\\\/\",\"https:\\\/\\\/www.instagram.com\\\/presasg8\\\/\"]}]}<\/script>\n<!-- \/ Yoast SEO plugin. -->","yoast_head_json":{"title":"Pol\u00edtica de devolu\u00e7\u00e3o - Presas G8 - Presas de escalada para roc\u00f3dromo","robots":{"index":"noindex","follow":"follow"},"og_locale":"pt_PT","og_type":"article","og_title":"Pol\u00edtica de devolu\u00e7\u00e3o - Presas G8 - Presas de escalada para roc\u00f3dromo","og_description":"Encomendas e pre\u00e7os Os clientes t\u00eam a possibilidade de efetuar [...]","og_url":"https:\/\/www.presasg8.es\/pt-pt\/regressar\/","og_site_name":"Presas G8 - Presas de escalada para roc\u00f3dromo","article_publisher":"https:\/\/www.facebook.com\/presasescaladag8\/","article_modified_time":"2026-03-22T08:43:01+00:00","twitter_card":"summary_large_image","twitter_misc":{"Tempo estimado de leitura":"5 minutos"},"schema":{"@context":"https:\/\/schema.org","@graph":[{"@type":"WebPage","@id":"https:\/\/www.presasg8.es\/pt-pt\/regressar\/","url":"https:\/\/www.presasg8.es\/pt-pt\/regressar\/","name":"Pol\u00edtica de devolu\u00e7\u00e3o - Presas G8 - Presas de escalada para roc\u00f3dromo","isPartOf":{"@id":"https:\/\/www.presasg8.es\/pt-pt\/#website"},"datePublished":"2024-02-13T10:10:35+00:00","dateModified":"2026-03-22T08:43:01+00:00","breadcrumb":{"@id":"https:\/\/www.presasg8.es\/pt-pt\/regressar\/#breadcrumb"},"inLanguage":"pt-PT","potentialAction":[{"@type":"ReadAction","target":["https:\/\/www.presasg8.es\/pt-pt\/regressar\/"]}]},{"@type":"BreadcrumbList","@id":"https:\/\/www.presasg8.es\/pt-pt\/regressar\/#breadcrumb","itemListElement":[{"@type":"ListItem","position":1,"name":"Portada","item":"https:\/\/www.presasg8.es\/pt-pt\/"},{"@type":"ListItem","position":2,"name":"Pol\u00edtica de devolu\u00e7\u00e3o"}]},{"@type":"WebSite","@id":"https:\/\/www.presasg8.es\/pt-pt\/#website","url":"https:\/\/www.presasg8.es\/pt-pt\/","name":"Presas de escalada G8","description":"Tienda online de Presas de escalada para roc\u00f3dromo","publisher":{"@id":"https:\/\/www.presasg8.es\/pt-pt\/#organization"},"alternateName":"Presas de escalada para roc\u00f3dromo","potentialAction":[{"@type":"SearchAction","target":{"@type":"EntryPoint","urlTemplate":"https:\/\/www.presasg8.es\/pt-pt\/?s={search_term_string}"},"query-input":{"@type":"PropertyValueSpecification","valueRequired":true,"valueName":"search_term_string"}}],"inLanguage":"pt-PT"},{"@type":"Organization","@id":"https:\/\/www.presasg8.es\/pt-pt\/#organization","name":"Presas de escalada G8","alternateName":"Presas de escalada para roc\u00f3dromo G8","url":"https:\/\/www.presasg8.es\/pt-pt\/","logo":{"@type":"ImageObject","inLanguage":"pt-PT","@id":"https:\/\/www.presasg8.es\/pt-pt\/#\/schema\/logo\/image\/","url":"https:\/\/www.presasg8.es\/wp-content\/uploads\/2023\/09\/logo-presas-g8.jpeg","contentUrl":"https:\/\/www.presasg8.es\/wp-content\/uploads\/2023\/09\/logo-presas-g8.jpeg","width":400,"height":486,"caption":"Presas de escalada G8"},"image":{"@id":"https:\/\/www.presasg8.es\/pt-pt\/#\/schema\/logo\/image\/"},"sameAs":["https:\/\/www.facebook.com\/presasescaladag8\/","https:\/\/www.instagram.com\/presasg8\/"]}]}},"_links":{"self":[{"href":"https:\/\/www.presasg8.es\/pt-pt\/wp-json\/wp\/v2\/pages\/4422","targetHints":{"allow":["GET"]}}],"collection":[{"href":"https:\/\/www.presasg8.es\/pt-pt\/wp-json\/wp\/v2\/pages"}],"about":[{"href":"https:\/\/www.presasg8.es\/pt-pt\/wp-json\/wp\/v2\/types\/page"}],"author":[{"embeddable":true,"href":"https:\/\/www.presasg8.es\/pt-pt\/wp-json\/wp\/v2\/users\/1"}],"replies":[{"embeddable":true,"href":"https:\/\/www.presasg8.es\/pt-pt\/wp-json\/wp\/v2\/comments?post=4422"}],"version-history":[{"count":0,"href":"https:\/\/www.presasg8.es\/pt-pt\/wp-json\/wp\/v2\/pages\/4422\/revisions"}],"wp:attachment":[{"href":"https:\/\/www.presasg8.es\/pt-pt\/wp-json\/wp\/v2\/media?parent=4422"}],"curies":[{"name":"wp","href":"https:\/\/api.w.org\/{rel}","templated":true}]}}