{"id":8567,"date":"2025-09-07T07:52:39","date_gmt":"2025-09-07T05:52:39","guid":{"rendered":"https:\/\/www.presasg8.es\/producto\/tavola-di-legno-strutturato-200cm-x-100cm\/"},"modified":"2026-04-06T07:41:58","modified_gmt":"2026-04-06T05:41:58","slug":"tavola-di-legno-strutturato-200cm-x-100cm","status":"publish","type":"product","link":"https:\/\/www.presasg8.es\/it\/producto\/tavola-di-legno-strutturato-200cm-x-100cm\/","title":{"rendered":"Tavola di legno strutturato 200cm x 100cm"},"content":{"rendered":"<h3 data-start=\"277\" data-end=\"360\"><strong data-start=\"281\" data-end=\"360\">Tavola da arrampicata mista &#8211; 32 fori per peses in legno (Okume 15 mm)<\/strong><\/h3>\n<p data-start=\"362\" data-end=\"642\">Questa tavola da arrampicata \u00e8 stata progettata con un approccio <strong data-start=\"419\" data-end=\"443\">versatile e funzionale<\/strong>, finalizzato sia alla <strong data-start=\"464\" data-end=\"492\">formazione degli adulti<\/strong> che allo <strong data-start=\"501\" data-end=\"535\">sviluppo psicomotorio dei bambini<\/strong>, combinando materiali di qualit\u00e0, durata e una superficie sicura e attraente per tutti i livelli.<\/p>\n<h4 data-start=\"644\" data-end=\"679\"><strong data-start=\"649\" data-end=\"679\">Materiali di alta qualit\u00e0<\/strong><\/h4>\n<p data-start=\"681\" data-end=\"1081\">Realizzata in <strong data-start=\"694\" data-end=\"722\">legno di okume da 15 mm<\/strong>, un&#8217;impiallacciatura marina rinomata per la sua <strong data-start=\"759\" data-end=\"798\">leggerezza, resistenza e stabilit\u00e0<\/strong>, questa tavola offre un ottimo compromesso tra rigidit\u00e0 strutturale e facilit\u00e0 di installazione. Il suo spessore \u00e8 stato accuratamente selezionato per fornire una base solida in grado di sostenere il peso e la trazione senza compromettere la sicurezza o sovraccaricare le strutture domestiche o scolastiche. <\/p>\n<p data-start=\"1083\" data-end=\"1432\">La tavola \u00e8 dotata di <strong data-start=\"1105\" data-end=\"1147\">32 fori distribuiti in modo uniforme<\/strong>, compatibili con i pesetti in legno o in resina utilizzando viti metriche standard (M10). Questa distribuzione consente un&#8217;ampia <strong data-start=\"1275\" data-end=\"1306\">variet\u00e0 di configurazioni<\/strong>, adatte sia a circuiti di arrampicata tecnica che a giochi motori e percorsi di bassa difficolt\u00e0 per principianti. <\/p>\n<h4 data-start=\"1434\" data-end=\"1490\"><strong data-start=\"1439\" data-end=\"1490\">Vernice testurizzata e superficie antiscivolo<\/strong><\/h4>\n<p data-start=\"1492\" data-end=\"1908\">La superficie \u00e8 stata rivestita con una <strong data-start=\"1529\" data-end=\"1563\">vernice resistente all&#8217;usura<\/strong>, appositamente formulata per il contatto continuo con mani, piedi e scarpe da arrampicata. \u00c8 stata inoltre applicata una <strong data-start=\"1679\" data-end=\"1705\">finitura finemente aggregata<\/strong> che crea una texture antiscivolo che migliora la presa senza danneggiare la pelle, rendendola ideale sia per gli adulti che si allenano nei movimenti tecnici sia per i bambini che imparano ad arrampicare. <\/p>\n<p data-start=\"1910\" data-end=\"2110\">Questa texture offre anche una sensazione di attrito simile a quella della roccia, favorendo un allenamento pi\u00f9 realistico e sicuro e impedendo lo scivolamento indesiderato anche quando si \u00e8 sudati o bagnati.<\/p>\n<h4 data-start=\"2112\" data-end=\"2151\"><strong data-start=\"2117\" data-end=\"2151\">Progettato per tutte le et\u00e0<\/strong><\/h4>\n<p data-start=\"2153\" data-end=\"2410\">Questa tavola non \u00e8 solo uno strumento di allenamento fisico, ma anche un <strong data-start=\"2234\" data-end=\"2283\">elemento educativo e di sviluppo psicomotorio<\/strong>, ideale per l&#8217;uso condiviso tra adulti e bambini, a casa, nei centri sportivi, nelle scuole o nelle palestre di arrampicata.<\/p>\n<h5 data-start=\"2412\" data-end=\"2442\"><strong data-start=\"2418\" data-end=\"2432\">Negli adulti<\/strong>, permette di:<\/h5>\n<ul data-start=\"2443\" data-end=\"2656\">\n<li data-start=\"2443\" data-end=\"2502\">\n<p data-start=\"2445\" data-end=\"2502\">Tecnica, forza delle dita e allenamento della resistenza.<\/p>\n<\/li>\n<li data-start=\"2503\" data-end=\"2596\">\n<p data-start=\"2505\" data-end=\"2596\">Routine calisteniche con l&#8217;uso di peses (con la possibilit\u00e0 di combinarle con altri accessori).<\/p>\n<\/li>\n<li data-start=\"2597\" data-end=\"2656\">\n<p data-start=\"2599\" data-end=\"2656\">Esercizi di mobilit\u00e0, coordinazione e controllo del corpo.<\/p>\n<\/li>\n<\/ul>\n<h5 data-start=\"2658\" data-end=\"2687\"><strong data-start=\"2664\" data-end=\"2676\">Nei bambini<\/strong>, favorisce:<\/h5>\n<ul data-start=\"2688\" data-end=\"3013\">\n<li data-start=\"2688\" data-end=\"2744\">\n<p data-start=\"2690\" data-end=\"2744\">Sviluppo delle <strong data-start=\"2707\" data-end=\"2743\">abilit\u00e0 motorie e della coordinazione<\/strong>.<\/p>\n<\/li>\n<li data-start=\"2745\" data-end=\"2798\">\n<p data-start=\"2747\" data-end=\"2798\">Migliora l&#8217;<strong data-start=\"2758\" data-end=\"2797\">equilibrio e la consapevolezza del corpo<\/strong>.<\/p>\n<\/li>\n<li data-start=\"2799\" data-end=\"2911\">\n<p data-start=\"2801\" data-end=\"2911\">Stimolazione del <strong data-start=\"2820\" data-end=\"2868\">processo decisionale e della pianificazione motoria<\/strong> attraverso la risoluzione di percorsi o giochi di movimento.<\/p>\n<\/li>\n<li data-start=\"2912\" data-end=\"3013\">\n<p data-start=\"2914\" data-end=\"3013\">Promuovere l&#8217;<strong data-start=\"2928\" data-end=\"2956\">autonomia e la fiducia in se stessi<\/strong> superando le sfide in un ambiente sicuro e sorvegliato.<\/p>\n<\/li>\n<\/ul>\n<p data-start=\"3015\" data-end=\"3243\">Grazie al suo design modulare, \u00e8 possibile regolare il livello di difficolt\u00e0 semplicemente cambiando la posizione delle peses, permettendo di adattare la tavola a <strong data-start=\"3171\" data-end=\"3201\">diversi livelli ed et\u00e0<\/strong> senza bisogno di strutture aggiuntive.<\/p>\n<h4 data-start=\"3245\" data-end=\"3280\"><strong data-start=\"3250\" data-end=\"3280\">Installazione e applicazioni<\/strong><\/h4>\n<p data-start=\"3282\" data-end=\"3353\">Le sue dimensioni compatte e il peso ragionevole lo rendono ideale per essere installato su:<\/p>\n<ul data-start=\"3354\" data-end=\"3640\">\n<li data-start=\"3354\" data-end=\"3421\">\n<p data-start=\"3356\" data-end=\"3421\"><strong data-start=\"3356\" data-end=\"3378\">Pareti verticali<\/strong> (pareti di allenamento o campi da gioco).<\/p>\n<\/li>\n<li data-start=\"3422\" data-end=\"3501\">\n<p data-start=\"3424\" data-end=\"3501\"><strong data-start=\"3424\" data-end=\"3460\">Muri con inclinazione negativa<\/strong>, per aumentare la difficolt\u00e0 per gli adulti.<\/p>\n<\/li>\n<li data-start=\"3502\" data-end=\"3640\">\n<p data-start=\"3504\" data-end=\"3640\"><strong data-start=\"3504\" data-end=\"3533\">Spazi multifunzionali<\/strong>: pu\u00f2 essere installato in case, sale di fisioterapia, centri sportivi, scuole o palestre per bambini.<\/p>\n<\/li>\n<\/ul>\n<hr data-start=\"3642\" data-end=\"3645\">\n<h3 data-start=\"3647\" data-end=\"3680\"><strong data-start=\"3651\" data-end=\"3680\">Specifiche tecniche<\/strong><\/h3>\n<ul data-start=\"3682\" data-end=\"4207\">\n<li data-start=\"3682\" data-end=\"3747\">\n<p data-start=\"3684\" data-end=\"3747\"><strong data-start=\"3684\" data-end=\"3696\">Materiale<\/strong>: compensato di okume, spessore 15 mm<\/p>\n<\/li>\n<li data-start=\"3748\" data-end=\"3799\">\n<p data-start=\"3750\" data-end=\"3799\"><strong data-start=\"3750\" data-end=\"3762\">Fori<\/strong>: 32, compatibili con viti M10<\/p>\n<\/li>\n<li data-start=\"3800\" data-end=\"3872\">\n<p data-start=\"3802\" data-end=\"3872\"><strong data-start=\"3802\" data-end=\"3816\">Superficie<\/strong>: Vernice resistente con finitura in aggregato strutturato<\/p>\n<\/li>\n<li data-start=\"3873\" data-end=\"3909\">\n<p data-start=\"3875\" data-end=\"3909\"><strong data-start=\"3875\" data-end=\"3882\">Uso<\/strong>: Misto &#8211; Adulti e bambini<\/p>\n<\/li>\n<li data-start=\"3910\" data-end=\"4010\">\n<p data-start=\"3912\" data-end=\"4010\"><strong data-start=\"3912\" data-end=\"3928\">Applicazioni<\/strong>: Allenamento, iniziazione all&#8217;arrampicata, sviluppo psicomotorio, giochi attivi.<\/p>\n<\/li>\n<li data-start=\"4011\" data-end=\"4063\">\n<p data-start=\"4013\" data-end=\"4063\"><strong data-start=\"4013\" data-end=\"4024\">Finitura<\/strong>: antiscivolo, alta resistenza<\/p>\n<\/li>\n<li data-start=\"4064\" data-end=\"4116\">\n<p data-start=\"4066\" data-end=\"4116\"><strong data-start=\"4066\" data-end=\"4077\">Montaggio<\/strong>: Adatto a pareti verticali o inclinate<\/p>\n<\/li>\n<li data-start=\"4117\" data-end=\"4207\">\n<p data-start=\"4119\" data-end=\"4207\"><strong data-start=\"4119\" data-end=\"4134\">Dimensioni<\/strong>: <em data-start=\"4136\" data-end=\"4207\">(possono essere aggiunte se le hai o se vuoi che ti suggerisca quelle standard)<\/em><\/p>\n<\/li>\n<\/ul>\n<hr data-start=\"4209\" data-end=\"4212\">\n<h3 data-start=\"4214\" data-end=\"4291\"><strong data-start=\"4218\" data-end=\"4291\">Un prodotto versatile per condividere il movimento, il gioco e l&#8217;allenamento.<\/strong><\/h3>\n<p data-start=\"4293\" data-end=\"4633\">Questa tavola da arrampicata mista \u00e8 ideale per chi vuole incoraggiare l&#8217;<strong data-start=\"4365\" data-end=\"4418\">attivit\u00e0 fisica condivisa tra adulti e bambini<\/strong>, sia a casa che in ambienti educativi e sportivi. Robusta, sicura e adattabile, \u00e8 uno strumento eccellente per sviluppare le abilit\u00e0 fisiche, mentali e sociali dall&#8217;infanzia all&#8217;et\u00e0 adulta. <\/p>\n<p data-start=\"4293\" data-end=\"4633\">Se acquisti 3 tavole, avrai una superficie di 2m x 3m e se le posizionerai a sbalzo avrai un&#8217;opzione eccellente per l&#8217;allenamento avanzato. Se le metti in parallelo e senza sporgenze hai una parete da arrampicata adatta a principianti e bambini. <\/p>\n","protected":false},"excerpt":{"rendered":"<p>Tavola da arrampicata mista &#8211; 32 fori per peses in  [&#8230;]<\/p>\n","protected":false},"featured_media":8207,"comment_status":"closed","ping_status":"closed","template":"","meta":{"_joinchat":[]},"product_brand":[],"product_cat":[243,114,118],"product_tag":[],"class_list":{"0":"post-8567","1":"product","2":"type-product","3":"status-publish","4":"has-post-thumbnail","6":"product_cat-accessori","7":"product_cat-formazione","8":"product_cat-offerte","10":"first","11":"instock","12":"sale","13":"taxable","14":"shipping-taxable","15":"purchasable","16":"product-type-simple"},"yoast_head":"<!-- This site is optimized with the Yoast SEO plugin v27.5 - https:\/\/yoast.com\/product\/yoast-seo-wordpress\/ -->\n<title>Tavola di legno strutturato 200cm x 100cm - Presas G8 - Presas de escalada para roc\u00f3dromo<\/title>\n<meta name=\"robots\" content=\"index, follow, max-snippet:-1, max-image-preview:large, max-video-preview:-1\" \/>\n<link rel=\"canonical\" href=\"https:\/\/www.presasg8.es\/it\/producto\/tavola-di-legno-strutturato-200cm-x-100cm\/\" \/>\n<meta property=\"og:locale\" content=\"it_IT\" \/>\n<meta property=\"og:type\" content=\"article\" \/>\n<meta property=\"og:title\" content=\"Tavola di legno strutturato 200cm x 100cm - Presas G8 - Presas de escalada para roc\u00f3dromo\" \/>\n<meta property=\"og:description\" content=\"Tavola da arrampicata mista &#8211; 32 fori per peses in [...]\" \/>\n<meta property=\"og:url\" content=\"https:\/\/www.presasg8.es\/it\/producto\/tavola-di-legno-strutturato-200cm-x-100cm\/\" \/>\n<meta property=\"og:site_name\" content=\"Presas G8 - Presas de escalada para roc\u00f3dromo\" \/>\n<meta property=\"article:publisher\" content=\"https:\/\/www.facebook.com\/presasescaladag8\/\" \/>\n<meta property=\"article:modified_time\" content=\"2026-04-06T05:41:58+00:00\" \/>\n<meta property=\"og:image\" content=\"https:\/\/www.presasg8.es\/wp-content\/uploads\/2025\/09\/tablon-rocodromo-1-1024x1024.png\" \/>\n\t<meta property=\"og:image:width\" content=\"1024\" \/>\n\t<meta property=\"og:image:height\" content=\"1024\" \/>\n\t<meta property=\"og:image:type\" content=\"image\/png\" \/>\n<meta name=\"twitter:card\" content=\"summary_large_image\" \/>\n<meta name=\"twitter:label1\" content=\"Tempo di lettura stimato\" \/>\n\t<meta name=\"twitter:data1\" content=\"3 minuti\" \/>\n<script type=\"application\/ld+json\" class=\"yoast-schema-graph\">{\"@context\":\"https:\\\/\\\/schema.org\",\"@graph\":[{\"@type\":\"WebPage\",\"@id\":\"https:\\\/\\\/www.presasg8.es\\\/it\\\/producto\\\/tavola-di-legno-strutturato-200cm-x-100cm\\\/\",\"url\":\"https:\\\/\\\/www.presasg8.es\\\/it\\\/producto\\\/tavola-di-legno-strutturato-200cm-x-100cm\\\/\",\"name\":\"Tavola di legno strutturato 200cm x 100cm - Presas G8 - Presas de escalada para roc\u00f3dromo\",\"isPartOf\":{\"@id\":\"https:\\\/\\\/www.presasg8.es\\\/it\\\/#website\"},\"primaryImageOfPage\":{\"@id\":\"https:\\\/\\\/www.presasg8.es\\\/it\\\/producto\\\/tavola-di-legno-strutturato-200cm-x-100cm\\\/#primaryimage\"},\"image\":{\"@id\":\"https:\\\/\\\/www.presasg8.es\\\/it\\\/producto\\\/tavola-di-legno-strutturato-200cm-x-100cm\\\/#primaryimage\"},\"thumbnailUrl\":\"https:\\\/\\\/www.presasg8.es\\\/wp-content\\\/uploads\\\/2025\\\/09\\\/tablon-rocodromo-1.png\",\"datePublished\":\"2025-09-07T05:52:39+00:00\",\"dateModified\":\"2026-04-06T05:41:58+00:00\",\"breadcrumb\":{\"@id\":\"https:\\\/\\\/www.presasg8.es\\\/it\\\/producto\\\/tavola-di-legno-strutturato-200cm-x-100cm\\\/#breadcrumb\"},\"inLanguage\":\"it-IT\",\"potentialAction\":[{\"@type\":\"ReadAction\",\"target\":[\"https:\\\/\\\/www.presasg8.es\\\/it\\\/producto\\\/tavola-di-legno-strutturato-200cm-x-100cm\\\/\"]}]},{\"@type\":\"ImageObject\",\"inLanguage\":\"it-IT\",\"@id\":\"https:\\\/\\\/www.presasg8.es\\\/it\\\/producto\\\/tavola-di-legno-strutturato-200cm-x-100cm\\\/#primaryimage\",\"url\":\"https:\\\/\\\/www.presasg8.es\\\/wp-content\\\/uploads\\\/2025\\\/09\\\/tablon-rocodromo-1.png\",\"contentUrl\":\"https:\\\/\\\/www.presasg8.es\\\/wp-content\\\/uploads\\\/2025\\\/09\\\/tablon-rocodromo-1.png\",\"width\":2000,\"height\":2000,\"caption\":\"parete da arrampicata\"},{\"@type\":\"BreadcrumbList\",\"@id\":\"https:\\\/\\\/www.presasg8.es\\\/it\\\/producto\\\/tavola-di-legno-strutturato-200cm-x-100cm\\\/#breadcrumb\",\"itemListElement\":[{\"@type\":\"ListItem\",\"position\":1,\"name\":\"Portada\",\"item\":\"https:\\\/\\\/www.presasg8.es\\\/it\\\/\"},{\"@type\":\"ListItem\",\"position\":2,\"name\":\"Negozio di prese per l&#8217;arrampicata\",\"item\":\"https:\\\/\\\/www.presasg8.es\\\/it\\\/negozio\\\/\"},{\"@type\":\"ListItem\",\"position\":3,\"name\":\"Tavola di legno strutturato 200cm x 100cm\"}]},{\"@type\":\"WebSite\",\"@id\":\"https:\\\/\\\/www.presasg8.es\\\/it\\\/#website\",\"url\":\"https:\\\/\\\/www.presasg8.es\\\/it\\\/\",\"name\":\"Presas de escalada G8\",\"description\":\"Tienda online de Presas de escalada para roc\u00f3dromo\",\"publisher\":{\"@id\":\"https:\\\/\\\/www.presasg8.es\\\/it\\\/#organization\"},\"alternateName\":\"Presas de escalada para roc\u00f3dromo\",\"potentialAction\":[{\"@type\":\"SearchAction\",\"target\":{\"@type\":\"EntryPoint\",\"urlTemplate\":\"https:\\\/\\\/www.presasg8.es\\\/it\\\/?s={search_term_string}\"},\"query-input\":{\"@type\":\"PropertyValueSpecification\",\"valueRequired\":true,\"valueName\":\"search_term_string\"}}],\"inLanguage\":\"it-IT\"},{\"@type\":\"Organization\",\"@id\":\"https:\\\/\\\/www.presasg8.es\\\/it\\\/#organization\",\"name\":\"Presas de escalada G8\",\"alternateName\":\"Presas de escalada para roc\u00f3dromo G8\",\"url\":\"https:\\\/\\\/www.presasg8.es\\\/it\\\/\",\"logo\":{\"@type\":\"ImageObject\",\"inLanguage\":\"it-IT\",\"@id\":\"https:\\\/\\\/www.presasg8.es\\\/it\\\/#\\\/schema\\\/logo\\\/image\\\/\",\"url\":\"https:\\\/\\\/www.presasg8.es\\\/wp-content\\\/uploads\\\/2023\\\/09\\\/logo-presas-g8.jpeg\",\"contentUrl\":\"https:\\\/\\\/www.presasg8.es\\\/wp-content\\\/uploads\\\/2023\\\/09\\\/logo-presas-g8.jpeg\",\"width\":400,\"height\":486,\"caption\":\"Presas de escalada G8\"},\"image\":{\"@id\":\"https:\\\/\\\/www.presasg8.es\\\/it\\\/#\\\/schema\\\/logo\\\/image\\\/\"},\"sameAs\":[\"https:\\\/\\\/www.facebook.com\\\/presasescaladag8\\\/\",\"https:\\\/\\\/www.instagram.com\\\/presasg8\\\/\"]}]}<\/script>\n<!-- \/ Yoast SEO plugin. -->","yoast_head_json":{"title":"Tavola di legno strutturato 200cm x 100cm - Presas G8 - Presas de escalada para roc\u00f3dromo","robots":{"index":"index","follow":"follow","max-snippet":"max-snippet:-1","max-image-preview":"max-image-preview:large","max-video-preview":"max-video-preview:-1"},"canonical":"https:\/\/www.presasg8.es\/it\/producto\/tavola-di-legno-strutturato-200cm-x-100cm\/","og_locale":"it_IT","og_type":"article","og_title":"Tavola di legno strutturato 200cm x 100cm - Presas G8 - Presas de escalada para roc\u00f3dromo","og_description":"Tavola da arrampicata mista &#8211; 32 fori per peses in [...]","og_url":"https:\/\/www.presasg8.es\/it\/producto\/tavola-di-legno-strutturato-200cm-x-100cm\/","og_site_name":"Presas G8 - Presas de escalada para roc\u00f3dromo","article_publisher":"https:\/\/www.facebook.com\/presasescaladag8\/","article_modified_time":"2026-04-06T05:41:58+00:00","og_image":[{"width":1024,"height":1024,"url":"https:\/\/www.presasg8.es\/wp-content\/uploads\/2025\/09\/tablon-rocodromo-1-1024x1024.png","type":"image\/png"}],"twitter_card":"summary_large_image","twitter_misc":{"Tempo di lettura stimato":"3 minuti"},"schema":{"@context":"https:\/\/schema.org","@graph":[{"@type":"WebPage","@id":"https:\/\/www.presasg8.es\/it\/producto\/tavola-di-legno-strutturato-200cm-x-100cm\/","url":"https:\/\/www.presasg8.es\/it\/producto\/tavola-di-legno-strutturato-200cm-x-100cm\/","name":"Tavola di legno strutturato 200cm x 100cm - Presas G8 - Presas de escalada para roc\u00f3dromo","isPartOf":{"@id":"https:\/\/www.presasg8.es\/it\/#website"},"primaryImageOfPage":{"@id":"https:\/\/www.presasg8.es\/it\/producto\/tavola-di-legno-strutturato-200cm-x-100cm\/#primaryimage"},"image":{"@id":"https:\/\/www.presasg8.es\/it\/producto\/tavola-di-legno-strutturato-200cm-x-100cm\/#primaryimage"},"thumbnailUrl":"https:\/\/www.presasg8.es\/wp-content\/uploads\/2025\/09\/tablon-rocodromo-1.png","datePublished":"2025-09-07T05:52:39+00:00","dateModified":"2026-04-06T05:41:58+00:00","breadcrumb":{"@id":"https:\/\/www.presasg8.es\/it\/producto\/tavola-di-legno-strutturato-200cm-x-100cm\/#breadcrumb"},"inLanguage":"it-IT","potentialAction":[{"@type":"ReadAction","target":["https:\/\/www.presasg8.es\/it\/producto\/tavola-di-legno-strutturato-200cm-x-100cm\/"]}]},{"@type":"ImageObject","inLanguage":"it-IT","@id":"https:\/\/www.presasg8.es\/it\/producto\/tavola-di-legno-strutturato-200cm-x-100cm\/#primaryimage","url":"https:\/\/www.presasg8.es\/wp-content\/uploads\/2025\/09\/tablon-rocodromo-1.png","contentUrl":"https:\/\/www.presasg8.es\/wp-content\/uploads\/2025\/09\/tablon-rocodromo-1.png","width":2000,"height":2000,"caption":"parete da arrampicata"},{"@type":"BreadcrumbList","@id":"https:\/\/www.presasg8.es\/it\/producto\/tavola-di-legno-strutturato-200cm-x-100cm\/#breadcrumb","itemListElement":[{"@type":"ListItem","position":1,"name":"Portada","item":"https:\/\/www.presasg8.es\/it\/"},{"@type":"ListItem","position":2,"name":"Negozio di prese per l&#8217;arrampicata","item":"https:\/\/www.presasg8.es\/it\/negozio\/"},{"@type":"ListItem","position":3,"name":"Tavola di legno strutturato 200cm x 100cm"}]},{"@type":"WebSite","@id":"https:\/\/www.presasg8.es\/it\/#website","url":"https:\/\/www.presasg8.es\/it\/","name":"Presas de escalada G8","description":"Tienda online de Presas de escalada para roc\u00f3dromo","publisher":{"@id":"https:\/\/www.presasg8.es\/it\/#organization"},"alternateName":"Presas de escalada para roc\u00f3dromo","potentialAction":[{"@type":"SearchAction","target":{"@type":"EntryPoint","urlTemplate":"https:\/\/www.presasg8.es\/it\/?s={search_term_string}"},"query-input":{"@type":"PropertyValueSpecification","valueRequired":true,"valueName":"search_term_string"}}],"inLanguage":"it-IT"},{"@type":"Organization","@id":"https:\/\/www.presasg8.es\/it\/#organization","name":"Presas de escalada G8","alternateName":"Presas de escalada para roc\u00f3dromo G8","url":"https:\/\/www.presasg8.es\/it\/","logo":{"@type":"ImageObject","inLanguage":"it-IT","@id":"https:\/\/www.presasg8.es\/it\/#\/schema\/logo\/image\/","url":"https:\/\/www.presasg8.es\/wp-content\/uploads\/2023\/09\/logo-presas-g8.jpeg","contentUrl":"https:\/\/www.presasg8.es\/wp-content\/uploads\/2023\/09\/logo-presas-g8.jpeg","width":400,"height":486,"caption":"Presas de escalada G8"},"image":{"@id":"https:\/\/www.presasg8.es\/it\/#\/schema\/logo\/image\/"},"sameAs":["https:\/\/www.facebook.com\/presasescaladag8\/","https:\/\/www.instagram.com\/presasg8\/"]}]}},"_links":{"self":[{"href":"https:\/\/www.presasg8.es\/it\/wp-json\/wp\/v2\/product\/8567","targetHints":{"allow":["GET"]}}],"collection":[{"href":"https:\/\/www.presasg8.es\/it\/wp-json\/wp\/v2\/product"}],"about":[{"href":"https:\/\/www.presasg8.es\/it\/wp-json\/wp\/v2\/types\/product"}],"replies":[{"embeddable":true,"href":"https:\/\/www.presasg8.es\/it\/wp-json\/wp\/v2\/comments?post=8567"}],"wp:featuredmedia":[{"embeddable":true,"href":"https:\/\/www.presasg8.es\/it\/wp-json\/wp\/v2\/media\/8207"}],"wp:attachment":[{"href":"https:\/\/www.presasg8.es\/it\/wp-json\/wp\/v2\/media?parent=8567"}],"wp:term":[{"taxonomy":"product_brand","embeddable":true,"href":"https:\/\/www.presasg8.es\/it\/wp-json\/wp\/v2\/product_brand?post=8567"},{"taxonomy":"product_cat","embeddable":true,"href":"https:\/\/www.presasg8.es\/it\/wp-json\/wp\/v2\/product_cat?post=8567"},{"taxonomy":"product_tag","embeddable":true,"href":"https:\/\/www.presasg8.es\/it\/wp-json\/wp\/v2\/product_tag?post=8567"}],"curies":[{"name":"wp","href":"https:\/\/api.w.org\/{rel}","templated":true}]}}