{"id":8562,"date":"2026-02-13T08:40:22","date_gmt":"2026-02-13T07:40:22","guid":{"rendered":"https:\/\/www.presasg8.es\/producto\/volumi-triangolari-della-famiglia\/"},"modified":"2026-02-13T08:40:22","modified_gmt":"2026-02-13T07:40:22","slug":"volumi-triangolari-della-famiglia","status":"publish","type":"product","link":"https:\/\/www.presasg8.es\/it\/producto\/volumi-triangolari-della-famiglia\/","title":{"rendered":"Volumi triangolari della famiglia"},"content":{"rendered":"<h3 data-start=\"76\" data-end=\"143\">Set di 4 volumi da arrampicata testurizzati &#8211; Design geometrico<\/h3>\n<p data-start=\"145\" data-end=\"453\">Alza il livello delle tue vie con questo <strong data-start=\"182\" data-end=\"216\">set di 4 volumi da arrampicata<\/strong> progettati per portare creativit\u00e0, tecnica e forza su qualsiasi parete. La loro estetica geometrica e la finitura <strong data-start=\"329\" data-end=\"394\">nera testurizzata con aggregato resistente all&#8217;usura<\/strong> garantiscono prestazioni ottimali anche in caso di uso intensivo. <\/p>\n<p data-start=\"455\" data-end=\"696\">Realizzate in <strong data-start=\"469\" data-end=\"495\">pannello Okume da 15 mm<\/strong>, offrono una perfetta combinazione di leggerezza, durata e resistenza strutturale. Sono ideali per le <strong data-start=\"595\" data-end=\"649\">pareti d&#8217;arrampicata, i centri di formazione e gli organizzatori<\/strong> che cercano versatilit\u00e0 e qualit\u00e0 professionale. <\/p>\n<p data-start=\"698\" data-end=\"941\">Ogni volume incorpora <strong data-start=\"721\" data-end=\"748\">dadi M10 incorporati<\/strong>, che ti permettono di aggiungere altre prese e di creare infinite configurazioni di boulder e vie. Il suo design favorisce i movimenti tecnici e dinamici, adattandosi a tutti i livelli di arrampicata. <\/p>\n<hr data-start=\"943\" data-end=\"946\">\n<h3 data-start=\"948\" data-end=\"976\">Caratteristiche tecniche<\/h3>\n<ul data-start=\"978\" data-end=\"1236\">\n<li data-start=\"978\" data-end=\"1038\">\n<p data-start=\"980\" data-end=\"1038\">\u2705 Finitura testurizzata antiscivolo per impieghi gravosi<\/p>\n<\/li>\n<li data-start=\"1039\" data-end=\"1082\">\n<p data-start=\"1041\" data-end=\"1082\">\u2705 Design geometrico moderno e funzionale<\/p>\n<\/li>\n<li data-start=\"1083\" data-end=\"1125\">\n<p data-start=\"1085\" data-end=\"1125\">\u2705 Realizzato in cartone Okume da 15 mm<\/p>\n<\/li>\n<li data-start=\"1126\" data-end=\"1180\">\n<p data-start=\"1128\" data-end=\"1180\">\u2705 Dadi M10 incorporati per la massima versatilit\u00e0<\/p>\n<\/li>\n<li data-start=\"1181\" data-end=\"1236\">\n<p data-start=\"1183\" data-end=\"1236\">Ideale per le pareti di arrampicata e gli allenamenti intensivi<\/p>\n<\/li>\n<\/ul>\n<hr data-start=\"1238\" data-end=\"1241\">\n<h3 data-start=\"1243\" data-end=\"1279\">Dimensioni e punti di fissaggio<\/h3>\n<ul data-start=\"1281\" data-end=\"1513\">\n<li data-start=\"1281\" data-end=\"1338\">\n<p data-start=\"1283\" data-end=\"1338\"><strong data-start=\"1283\" data-end=\"1297\">Volume 1:<\/strong> 40 x 25 x 18 cm (2 dadi da infilare)<\/p>\n<\/li>\n<li data-start=\"1339\" data-end=\"1396\">\n<p data-start=\"1341\" data-end=\"1396\"><strong data-start=\"1341\" data-end=\"1355\">Volume 2:<\/strong> 60 x 25 x 18 cm (2 dadi da infilare)<\/p>\n<\/li>\n<li data-start=\"1397\" data-end=\"1454\">\n<p data-start=\"1399\" data-end=\"1454\"><strong data-start=\"1399\" data-end=\"1413\">Volume 3:<\/strong> 80 x 25 x 18 cm (4 dadi da infilare)<\/p>\n<\/li>\n<li data-start=\"1455\" data-end=\"1513\">\n<p data-start=\"1457\" data-end=\"1513\"><strong data-start=\"1457\" data-end=\"1471\">Volume 4:<\/strong> 110 x 25 x 18 cm (6 dadi da infilare)<\/p>\n<\/li>\n<\/ul>\n<hr data-start=\"1515\" data-end=\"1518\">\n<p data-start=\"1520\" data-end=\"1730\">Un set progettato per gli scalatori pi\u00f9 esigenti che cercano forza, funzionalit\u00e0 e design in ogni dettaglio. Perfetto per aggiungere volume, continuit\u00e0 e nuove linee di movimento a qualsiasi parete d&#8217;arrampicata. <\/p>\n<p>&nbsp;<\/p>\n","protected":false},"excerpt":{"rendered":"<p>Set di 4 volumi da arrampicata testurizzati &#8211; Design geometrico  [&#8230;]<\/p>\n","protected":false},"featured_media":8489,"comment_status":"closed","ping_status":"closed","template":"","meta":{"_joinchat":[]},"product_brand":[],"product_cat":[291],"product_tag":[],"class_list":{"0":"post-8562","1":"product","2":"type-product","3":"status-publish","4":"has-post-thumbnail","6":"product_cat-volumi-di-legno","8":"first","9":"instock","10":"sale","11":"featured","12":"taxable","13":"shipping-taxable","14":"purchasable","15":"product-type-simple"},"yoast_head":"<!-- This site is optimized with the Yoast SEO plugin v27.5 - https:\/\/yoast.com\/product\/yoast-seo-wordpress\/ -->\n<title>Volumi triangolari della famiglia - Presas G8 - Presas de escalada para roc\u00f3dromo<\/title>\n<meta name=\"robots\" content=\"index, follow, max-snippet:-1, max-image-preview:large, max-video-preview:-1\" \/>\n<link rel=\"canonical\" href=\"https:\/\/www.presasg8.es\/it\/producto\/volumi-triangolari-della-famiglia\/\" \/>\n<meta property=\"og:locale\" content=\"it_IT\" \/>\n<meta property=\"og:type\" content=\"article\" \/>\n<meta property=\"og:title\" content=\"Volumi triangolari della famiglia - Presas G8 - Presas de escalada para roc\u00f3dromo\" \/>\n<meta property=\"og:description\" content=\"Set di 4 volumi da arrampicata testurizzati &#8211; Design geometrico [...]\" \/>\n<meta property=\"og:url\" content=\"https:\/\/www.presasg8.es\/it\/producto\/volumi-triangolari-della-famiglia\/\" \/>\n<meta property=\"og:site_name\" content=\"Presas G8 - Presas de escalada para roc\u00f3dromo\" \/>\n<meta property=\"article:publisher\" content=\"https:\/\/www.facebook.com\/presasescaladag8\/\" \/>\n<meta property=\"og:image\" content=\"https:\/\/www.presasg8.es\/wp-content\/uploads\/2026\/02\/familia-triangulares-volumen-5-2.jpg\" \/>\n\t<meta property=\"og:image:width\" content=\"2560\" \/>\n\t<meta property=\"og:image:height\" content=\"2560\" \/>\n\t<meta property=\"og:image:type\" content=\"image\/jpeg\" \/>\n<meta name=\"twitter:card\" content=\"summary_large_image\" \/>\n<meta name=\"twitter:label1\" content=\"Tempo di lettura stimato\" \/>\n\t<meta name=\"twitter:data1\" content=\"1 minuto\" \/>\n<script type=\"application\/ld+json\" class=\"yoast-schema-graph\">{\"@context\":\"https:\\\/\\\/schema.org\",\"@graph\":[{\"@type\":\"WebPage\",\"@id\":\"https:\\\/\\\/www.presasg8.es\\\/it\\\/producto\\\/volumi-triangolari-della-famiglia\\\/\",\"url\":\"https:\\\/\\\/www.presasg8.es\\\/it\\\/producto\\\/volumi-triangolari-della-famiglia\\\/\",\"name\":\"Volumi triangolari della famiglia - Presas G8 - Presas de escalada para roc\u00f3dromo\",\"isPartOf\":{\"@id\":\"https:\\\/\\\/www.presasg8.es\\\/it\\\/#website\"},\"primaryImageOfPage\":{\"@id\":\"https:\\\/\\\/www.presasg8.es\\\/it\\\/producto\\\/volumi-triangolari-della-famiglia\\\/#primaryimage\"},\"image\":{\"@id\":\"https:\\\/\\\/www.presasg8.es\\\/it\\\/producto\\\/volumi-triangolari-della-famiglia\\\/#primaryimage\"},\"thumbnailUrl\":\"https:\\\/\\\/www.presasg8.es\\\/wp-content\\\/uploads\\\/2026\\\/02\\\/familia-triangulares-volumen-5-2.jpg\",\"datePublished\":\"2026-02-13T07:40:22+00:00\",\"breadcrumb\":{\"@id\":\"https:\\\/\\\/www.presasg8.es\\\/it\\\/producto\\\/volumi-triangolari-della-famiglia\\\/#breadcrumb\"},\"inLanguage\":\"it-IT\",\"potentialAction\":[{\"@type\":\"ReadAction\",\"target\":[\"https:\\\/\\\/www.presasg8.es\\\/it\\\/producto\\\/volumi-triangolari-della-famiglia\\\/\"]}]},{\"@type\":\"ImageObject\",\"inLanguage\":\"it-IT\",\"@id\":\"https:\\\/\\\/www.presasg8.es\\\/it\\\/producto\\\/volumi-triangolari-della-famiglia\\\/#primaryimage\",\"url\":\"https:\\\/\\\/www.presasg8.es\\\/wp-content\\\/uploads\\\/2026\\\/02\\\/familia-triangulares-volumen-5-2.jpg\",\"contentUrl\":\"https:\\\/\\\/www.presasg8.es\\\/wp-content\\\/uploads\\\/2026\\\/02\\\/familia-triangulares-volumen-5-2.jpg\",\"width\":2560,\"height\":2560,\"caption\":\"volumi di arrampicata in legno triangolari per famiglie\"},{\"@type\":\"BreadcrumbList\",\"@id\":\"https:\\\/\\\/www.presasg8.es\\\/it\\\/producto\\\/volumi-triangolari-della-famiglia\\\/#breadcrumb\",\"itemListElement\":[{\"@type\":\"ListItem\",\"position\":1,\"name\":\"Portada\",\"item\":\"https:\\\/\\\/www.presasg8.es\\\/it\\\/\"},{\"@type\":\"ListItem\",\"position\":2,\"name\":\"Negozio di prese per l&#8217;arrampicata\",\"item\":\"https:\\\/\\\/www.presasg8.es\\\/it\\\/negozio\\\/\"},{\"@type\":\"ListItem\",\"position\":3,\"name\":\"Volumi triangolari della famiglia\"}]},{\"@type\":\"WebSite\",\"@id\":\"https:\\\/\\\/www.presasg8.es\\\/it\\\/#website\",\"url\":\"https:\\\/\\\/www.presasg8.es\\\/it\\\/\",\"name\":\"Presas de escalada G8\",\"description\":\"Tienda online de Presas de escalada para roc\u00f3dromo\",\"publisher\":{\"@id\":\"https:\\\/\\\/www.presasg8.es\\\/it\\\/#organization\"},\"alternateName\":\"Presas de escalada para roc\u00f3dromo\",\"potentialAction\":[{\"@type\":\"SearchAction\",\"target\":{\"@type\":\"EntryPoint\",\"urlTemplate\":\"https:\\\/\\\/www.presasg8.es\\\/it\\\/?s={search_term_string}\"},\"query-input\":{\"@type\":\"PropertyValueSpecification\",\"valueRequired\":true,\"valueName\":\"search_term_string\"}}],\"inLanguage\":\"it-IT\"},{\"@type\":\"Organization\",\"@id\":\"https:\\\/\\\/www.presasg8.es\\\/it\\\/#organization\",\"name\":\"Presas de escalada G8\",\"alternateName\":\"Presas de escalada para roc\u00f3dromo G8\",\"url\":\"https:\\\/\\\/www.presasg8.es\\\/it\\\/\",\"logo\":{\"@type\":\"ImageObject\",\"inLanguage\":\"it-IT\",\"@id\":\"https:\\\/\\\/www.presasg8.es\\\/it\\\/#\\\/schema\\\/logo\\\/image\\\/\",\"url\":\"https:\\\/\\\/www.presasg8.es\\\/wp-content\\\/uploads\\\/2023\\\/09\\\/logo-presas-g8.jpeg\",\"contentUrl\":\"https:\\\/\\\/www.presasg8.es\\\/wp-content\\\/uploads\\\/2023\\\/09\\\/logo-presas-g8.jpeg\",\"width\":400,\"height\":486,\"caption\":\"Presas de escalada G8\"},\"image\":{\"@id\":\"https:\\\/\\\/www.presasg8.es\\\/it\\\/#\\\/schema\\\/logo\\\/image\\\/\"},\"sameAs\":[\"https:\\\/\\\/www.facebook.com\\\/presasescaladag8\\\/\",\"https:\\\/\\\/www.instagram.com\\\/presasg8\\\/\"]}]}<\/script>\n<!-- \/ Yoast SEO plugin. -->","yoast_head_json":{"title":"Volumi triangolari della famiglia - Presas G8 - Presas de escalada para roc\u00f3dromo","robots":{"index":"index","follow":"follow","max-snippet":"max-snippet:-1","max-image-preview":"max-image-preview:large","max-video-preview":"max-video-preview:-1"},"canonical":"https:\/\/www.presasg8.es\/it\/producto\/volumi-triangolari-della-famiglia\/","og_locale":"it_IT","og_type":"article","og_title":"Volumi triangolari della famiglia - Presas G8 - Presas de escalada para roc\u00f3dromo","og_description":"Set di 4 volumi da arrampicata testurizzati &#8211; Design geometrico [...]","og_url":"https:\/\/www.presasg8.es\/it\/producto\/volumi-triangolari-della-famiglia\/","og_site_name":"Presas G8 - Presas de escalada para roc\u00f3dromo","article_publisher":"https:\/\/www.facebook.com\/presasescaladag8\/","og_image":[{"width":2560,"height":2560,"url":"https:\/\/www.presasg8.es\/wp-content\/uploads\/2026\/02\/familia-triangulares-volumen-5-2.jpg","type":"image\/jpeg"}],"twitter_card":"summary_large_image","twitter_misc":{"Tempo di lettura stimato":"1 minuto"},"schema":{"@context":"https:\/\/schema.org","@graph":[{"@type":"WebPage","@id":"https:\/\/www.presasg8.es\/it\/producto\/volumi-triangolari-della-famiglia\/","url":"https:\/\/www.presasg8.es\/it\/producto\/volumi-triangolari-della-famiglia\/","name":"Volumi triangolari della famiglia - Presas G8 - Presas de escalada para roc\u00f3dromo","isPartOf":{"@id":"https:\/\/www.presasg8.es\/it\/#website"},"primaryImageOfPage":{"@id":"https:\/\/www.presasg8.es\/it\/producto\/volumi-triangolari-della-famiglia\/#primaryimage"},"image":{"@id":"https:\/\/www.presasg8.es\/it\/producto\/volumi-triangolari-della-famiglia\/#primaryimage"},"thumbnailUrl":"https:\/\/www.presasg8.es\/wp-content\/uploads\/2026\/02\/familia-triangulares-volumen-5-2.jpg","datePublished":"2026-02-13T07:40:22+00:00","breadcrumb":{"@id":"https:\/\/www.presasg8.es\/it\/producto\/volumi-triangolari-della-famiglia\/#breadcrumb"},"inLanguage":"it-IT","potentialAction":[{"@type":"ReadAction","target":["https:\/\/www.presasg8.es\/it\/producto\/volumi-triangolari-della-famiglia\/"]}]},{"@type":"ImageObject","inLanguage":"it-IT","@id":"https:\/\/www.presasg8.es\/it\/producto\/volumi-triangolari-della-famiglia\/#primaryimage","url":"https:\/\/www.presasg8.es\/wp-content\/uploads\/2026\/02\/familia-triangulares-volumen-5-2.jpg","contentUrl":"https:\/\/www.presasg8.es\/wp-content\/uploads\/2026\/02\/familia-triangulares-volumen-5-2.jpg","width":2560,"height":2560,"caption":"volumi di arrampicata in legno triangolari per famiglie"},{"@type":"BreadcrumbList","@id":"https:\/\/www.presasg8.es\/it\/producto\/volumi-triangolari-della-famiglia\/#breadcrumb","itemListElement":[{"@type":"ListItem","position":1,"name":"Portada","item":"https:\/\/www.presasg8.es\/it\/"},{"@type":"ListItem","position":2,"name":"Negozio di prese per l&#8217;arrampicata","item":"https:\/\/www.presasg8.es\/it\/negozio\/"},{"@type":"ListItem","position":3,"name":"Volumi triangolari della famiglia"}]},{"@type":"WebSite","@id":"https:\/\/www.presasg8.es\/it\/#website","url":"https:\/\/www.presasg8.es\/it\/","name":"Presas de escalada G8","description":"Tienda online de Presas de escalada para roc\u00f3dromo","publisher":{"@id":"https:\/\/www.presasg8.es\/it\/#organization"},"alternateName":"Presas de escalada para roc\u00f3dromo","potentialAction":[{"@type":"SearchAction","target":{"@type":"EntryPoint","urlTemplate":"https:\/\/www.presasg8.es\/it\/?s={search_term_string}"},"query-input":{"@type":"PropertyValueSpecification","valueRequired":true,"valueName":"search_term_string"}}],"inLanguage":"it-IT"},{"@type":"Organization","@id":"https:\/\/www.presasg8.es\/it\/#organization","name":"Presas de escalada G8","alternateName":"Presas de escalada para roc\u00f3dromo G8","url":"https:\/\/www.presasg8.es\/it\/","logo":{"@type":"ImageObject","inLanguage":"it-IT","@id":"https:\/\/www.presasg8.es\/it\/#\/schema\/logo\/image\/","url":"https:\/\/www.presasg8.es\/wp-content\/uploads\/2023\/09\/logo-presas-g8.jpeg","contentUrl":"https:\/\/www.presasg8.es\/wp-content\/uploads\/2023\/09\/logo-presas-g8.jpeg","width":400,"height":486,"caption":"Presas de escalada G8"},"image":{"@id":"https:\/\/www.presasg8.es\/it\/#\/schema\/logo\/image\/"},"sameAs":["https:\/\/www.facebook.com\/presasescaladag8\/","https:\/\/www.instagram.com\/presasg8\/"]}]}},"_links":{"self":[{"href":"https:\/\/www.presasg8.es\/it\/wp-json\/wp\/v2\/product\/8562","targetHints":{"allow":["GET"]}}],"collection":[{"href":"https:\/\/www.presasg8.es\/it\/wp-json\/wp\/v2\/product"}],"about":[{"href":"https:\/\/www.presasg8.es\/it\/wp-json\/wp\/v2\/types\/product"}],"replies":[{"embeddable":true,"href":"https:\/\/www.presasg8.es\/it\/wp-json\/wp\/v2\/comments?post=8562"}],"wp:featuredmedia":[{"embeddable":true,"href":"https:\/\/www.presasg8.es\/it\/wp-json\/wp\/v2\/media\/8489"}],"wp:attachment":[{"href":"https:\/\/www.presasg8.es\/it\/wp-json\/wp\/v2\/media?parent=8562"}],"wp:term":[{"taxonomy":"product_brand","embeddable":true,"href":"https:\/\/www.presasg8.es\/it\/wp-json\/wp\/v2\/product_brand?post=8562"},{"taxonomy":"product_cat","embeddable":true,"href":"https:\/\/www.presasg8.es\/it\/wp-json\/wp\/v2\/product_cat?post=8562"},{"taxonomy":"product_tag","embeddable":true,"href":"https:\/\/www.presasg8.es\/it\/wp-json\/wp\/v2\/product_tag?post=8562"}],"curies":[{"name":"wp","href":"https:\/\/api.w.org\/{rel}","templated":true}]}}