{"id":7602,"date":"2025-01-30T09:09:27","date_gmt":"2025-01-30T08:09:27","guid":{"rendered":"https:\/\/www.presasg8.es\/producto\/discesa-perfetta\/"},"modified":"2025-02-13T07:39:16","modified_gmt":"2025-02-13T06:39:16","slug":"discesa-perfetta","status":"publish","type":"product","link":"https:\/\/www.presasg8.es\/it\/producto\/discesa-perfetta\/","title":{"rendered":"Discesa perfetta"},"content":{"rendered":"<h2>L&#8217;autoassicurazione Direct Drive\u2122 dei sistemi di arrampicata Perfect Descent<\/h2>\n<p>Il <strong>Direct Drive\u2122 Self Belay<\/strong> di Perfect Descent \u00e8 alloggiato in un robusto involucro sigillato, leader del settore e conforme alle norme EN. Questo modello \u00e8 la soluzione di autoassicurazione ideale per applicazioni come pareti d&#8217;arrampicata private, pareti d&#8217;arrampicata professionali, club d&#8217;arrampicata&#8230; Il <strong>Direct Drive\u2122<\/strong> \u00e8 perfetto per le vie di arrampicata in cui non \u00e8 necessaria la presenza umana di un assicuratore, poich\u00e9 \u00e8 completamente automatico. <\/p>\n<h2>Un buon investimento:<\/h2>\n<ul>\n<li><strong>Perfect Descent<\/strong> \u00e8 un autoassicuratore leader con un basso rapporto qualit\u00e0-prezzo.<\/li>\n<li>Il design leggero e compatto consente di ridurre i costi di spedizione per la restituzione delle unit\u00e0 in caso di manutenzione.<\/li>\n<li>Una rete crescente di centri di assistenza autorizzati dalla fabbrica rende facile mantenere le tue unit\u00e0 in servizio e in parete in modo rapido e semplice.<\/li>\n<\/ul>\n<h2>Fatto a mano, sicurezza e innovazione:<\/h2>\n<ul>\n<li>Gli autosalvatori Perfect Descent sono realizzati a mano in Colorado, negli Stati Uniti, hanno un alloggiamento in acciaio inox e alluminio di alta qualit\u00e0 (niente plastica) e non sono mai prodotti in serie.<\/li>\n<li>I componenti interni sono realizzati con materiali di alta qualit\u00e0 che resistono all&#8217;uso ripetuto e richiedono poca o nessuna manutenzione.<\/li>\n<li>Tutti i dispositivi sono sottoposti a rigorosi controlli di qualit\u00e0 prima della spedizione e sono conformi agli standard di sicurezza globali.<\/li>\n<\/ul>\n<h2>Alloggiamento versatile e resistente del dispositivo:<\/h2>\n<ul>\n<li>I Perfect Descent sono i dispositivi modulari autosicuranti pi\u00f9 leggeri e compatti del mercato, una caratteristica fondamentale per facilitare il trasporto e il montaggio.<\/li>\n<li>La nuova maniglia per l&#8217;installazione in pi\u00f9 punti offre opzioni di montaggio flessibili e occhi di riserva indipendenti.<\/li>\n<li>Tutte le unit\u00e0 sono sigillate per garantire prestazioni eccezionali sia all&#8217;interno che all&#8217;esterno.<\/li>\n<\/ul>\n<h2>Nastri che incantano:<\/h2>\n<ul>\n<li>La sostituzione dei nastri, facili da sostituire, richiede pochi minuti e pu\u00f2 essere effettuata sul campo dall&#8217;utente finale.<\/li>\n<li>Scegli la lunghezza del nastro pi\u00f9 adatta alle tue esigenze: 28 ft, 40 ft o 53 ft (8,5 m, 12,2 m o 16,1 m).<\/li>\n<li>Il nastro di nylon di alta qualit\u00e0 \u00e8 pi\u00f9 facile da usare rispetto ai sistemi basati su cavi e non danneggia le pareti.<\/li>\n<li>L&#8217;indicatore di usura integrato ti permette di capire quando \u00e8 il momento di sostituire la cintura.<\/li>\n<li>Un ugello in alluminio anodizzato \u00e8 integrato nel nastro per garantire durata e prestazioni.<\/li>\n<li>Scegli tra due opzioni di moschettoni girevoli a 3 stadi: in alluminio per ambienti corrosivi o per ridurre il peso e in acciaio legato per una maggiore durata. Oppure scegli l&#8217;opzione a doppio attacco con moschettone girevole, guinzaglio a Y in nylon e due moschettoni di cattura in alluminio a 3 stadi. <\/li>\n<\/ul>\n<p><strong>NOTA:<\/strong> l&#8217;utente pu\u00f2 sostituire le cinghie lunghe con cinghie pi\u00f9 corte per adattarle ad altezze di montaggio inferiori. Non sostituire mai un nastro pi\u00f9 corto con uno pi\u00f9 lungo, perch\u00e9 l&#8217;unit\u00e0 non funzioner\u00e0 correttamente. Le cinghie pi\u00f9 lunghe possono essere installate solo da C3 Manufacturing o da un centro di assistenza autorizzato.<\/p>\n<p><strong>IMPORTANTE<\/strong>: gli autosalvamalati Perfect Descent sono progettati per essere dispositivi di discesa controllata utilizzati in attivit\u00e0 di arrampicata verticale e non sono adatti ad attivit\u00e0 di tipo jumping che generano forze di carico d&#8217;urto. Il carico ripetuto di urti sul dispositivo pu\u00f2 danneggiare i componenti interni e, in alcuni casi, causare il guasto dell&#8217;unit\u00e0. La lunghezza del nastro deve essere sempre uguale o superiore all&#8217;altezza di montaggio prevista. Le unit\u00e0 con una lunghezza eccessiva del nastro possono subire un avvolgimento non corretto che pu\u00f2 causare una caduta brusca o rapida. Scegli sempre il nastro pi\u00f9 adatto all&#8217;altezza di montaggio ed evita di usare nastri lunghi su pareti corte.<\/p>\n<h2>Specifiche<\/h2>\n<ul>\n<li><strong>Peso:<\/strong> 29 &#8211; 31 libbre (13,1 &#8211; 14,1 kg)<\/li>\n<li><strong>Dimensioni dell&#8217;alloggiamento:<\/strong> 16 x 9,5 x 7,5 pollici (40 x 24 x 19 x 19 cm)<\/li>\n<li><strong>Velocit\u00e0 di retrazione del nastro:<\/strong> 2 ft\/s (0,6 m\/s)<\/li>\n<li><strong>Velocit\u00e0 massima di discesa: 6,6 ft\/s (2 m\/s)<\/strong><\/li>\n<li><strong>Velocit\u00e0 minima di discesa:<\/strong> 1,6 ft\/s (0,5 m\/s)<\/li>\n<li><strong>Materiali dell&#8217;alloggiamento:<\/strong> Acciaio inox, alluminio, acetale<\/li>\n<li><strong>Materiali dell&#8217;ugello:<\/strong> Alluminio anodizzato<\/li>\n<li><strong>Materiale del nastro:<\/strong> nastro di nylon largo 1&#8243; (2,5 cm)<\/li>\n<li><strong>Resistenza alla rottura del nastro:<\/strong> 3.500 libbre (15,6 kN)<\/li>\n<li><strong>Lunghezza del nastro:<\/strong> 28, 40 o 53 piedi (8.5, 12.2 o 16.1 m)<\/li>\n<li><strong>Gamma di peso dell&#8217;utente:<\/strong> 25 &#8211; 310 libbre (11,5 &#8211; 140 kg)<\/li>\n<\/ul>\n<h2>Certificazioni<\/h2>\n<ul>\n<li><strong>ANSI\/ASSE Z359.4:<\/strong> Requisiti di sicurezza per sistemi, sottosistemi e componenti per l&#8217;autosoccorso e l&#8217;assistenza assistita<\/li>\n<li>\u00c8 conforme alle norme <strong>EN341:<\/strong> 2011-1A\/RFU PPE-R\/11.128 Versione 1 e <strong>EN360:<\/strong> 2002. &#8211; Richiede una ricertificazione periodica ogni 12 mesi o prima, come stabilito da una persona competente. <\/li>\n<li><strong>AS\/NZS 1891:<\/strong> Sistemi e dispositivi anticaduta industriali &#8211; Parte 3: Sistemi e dispositivi anticaduta<\/li>\n<li><strong>CSA Z259.2.3-99:<\/strong> Dispositivi di controllo della discesa<\/li>\n<\/ul>\n","protected":false},"excerpt":{"rendered":"<p>L&#8217;autoassicurazione Direct Drive\u2122 dei sistemi di arrampicata Perfect Descent Il  [&#8230;]<\/p>\n","protected":false},"featured_media":7575,"comment_status":"closed","ping_status":"closed","template":"","meta":{"_joinchat":[]},"product_brand":[],"product_cat":[243,166,77],"product_tag":[],"class_list":{"0":"post-7602","1":"product","2":"type-product","3":"status-publish","4":"has-post-thumbnail","6":"product_cat-accessori","7":"product_cat-attrezzatura-per-larrampicata","8":"product_cat-viti","10":"first","11":"instock","12":"taxable","13":"shipping-taxable","14":"purchasable","15":"product-type-variable"},"yoast_head":"<!-- This site is optimized with the Yoast SEO plugin v27.2 - https:\/\/yoast.com\/product\/yoast-seo-wordpress\/ -->\n<title>Discesa perfetta - Presas G8 - Presas de escalada para roc\u00f3dromo<\/title>\n<meta name=\"description\" content=\"Dispositivo di assicurazione per l&#039;arrampicata in discesa perfetto, uno dei migliori sul mercato. Diverse lunghezze. Dispositivo di autoassicurazione per pareti da arrampicata\" \/>\n<meta name=\"robots\" content=\"index, follow, max-snippet:-1, max-image-preview:large, max-video-preview:-1\" \/>\n<link rel=\"canonical\" href=\"https:\/\/www.presasg8.es\/it\/producto\/discesa-perfetta\/\" \/>\n<meta property=\"og:locale\" content=\"it_IT\" \/>\n<meta property=\"og:type\" content=\"article\" \/>\n<meta property=\"og:title\" content=\"Discesa perfetta - Presas G8 - Presas de escalada para roc\u00f3dromo\" \/>\n<meta property=\"og:description\" content=\"Dispositivo di assicurazione per l&#039;arrampicata in discesa perfetto, uno dei migliori sul mercato. Diverse lunghezze. Dispositivo di autoassicurazione per pareti da arrampicata\" \/>\n<meta property=\"og:url\" content=\"https:\/\/www.presasg8.es\/it\/producto\/discesa-perfetta\/\" \/>\n<meta property=\"og:site_name\" content=\"Presas G8 - Presas de escalada para roc\u00f3dromo\" \/>\n<meta property=\"article:publisher\" content=\"https:\/\/www.facebook.com\/presasescaladag8\/\" \/>\n<meta property=\"article:modified_time\" content=\"2025-02-13T06:39:16+00:00\" \/>\n<meta property=\"og:image\" content=\"https:\/\/www.presasg8.es\/wp-content\/uploads\/2025\/01\/auto-belay-perfect-descent-direct-drive-1.jpg\" \/>\n\t<meta property=\"og:image:width\" content=\"800\" \/>\n\t<meta property=\"og:image:height\" content=\"800\" \/>\n\t<meta property=\"og:image:type\" content=\"image\/jpeg\" \/>\n<meta name=\"twitter:card\" content=\"summary_large_image\" \/>\n<meta name=\"twitter:label1\" content=\"Tempo di lettura stimato\" \/>\n\t<meta name=\"twitter:data1\" content=\"4 minuti\" \/>\n<script type=\"application\/ld+json\" class=\"yoast-schema-graph\">{\"@context\":\"https:\/\/schema.org\",\"@graph\":[{\"@type\":\"WebPage\",\"@id\":\"https:\/\/www.presasg8.es\/it\/producto\/discesa-perfetta\/\",\"url\":\"https:\/\/www.presasg8.es\/it\/producto\/discesa-perfetta\/\",\"name\":\"Discesa perfetta - Presas G8 - Presas de escalada para roc\u00f3dromo\",\"isPartOf\":{\"@id\":\"https:\/\/www.presasg8.es\/it\/#website\"},\"primaryImageOfPage\":{\"@id\":\"https:\/\/www.presasg8.es\/it\/producto\/discesa-perfetta\/#primaryimage\"},\"image\":{\"@id\":\"https:\/\/www.presasg8.es\/it\/producto\/discesa-perfetta\/#primaryimage\"},\"thumbnailUrl\":\"https:\/\/www.presasg8.es\/wp-content\/uploads\/2025\/01\/auto-belay-perfect-descent-direct-drive-1.jpg\",\"datePublished\":\"2025-01-30T08:09:27+00:00\",\"dateModified\":\"2025-02-13T06:39:16+00:00\",\"description\":\"Dispositivo di assicurazione per l'arrampicata in discesa perfetto, uno dei migliori sul mercato. Diverse lunghezze. Dispositivo di autoassicurazione per pareti da arrampicata\",\"breadcrumb\":{\"@id\":\"https:\/\/www.presasg8.es\/it\/producto\/discesa-perfetta\/#breadcrumb\"},\"inLanguage\":\"it-IT\",\"potentialAction\":[{\"@type\":\"ReadAction\",\"target\":[\"https:\/\/www.presasg8.es\/it\/producto\/discesa-perfetta\/\"]}]},{\"@type\":\"ImageObject\",\"inLanguage\":\"it-IT\",\"@id\":\"https:\/\/www.presasg8.es\/it\/producto\/discesa-perfetta\/#primaryimage\",\"url\":\"https:\/\/www.presasg8.es\/wp-content\/uploads\/2025\/01\/auto-belay-perfect-descent-direct-drive-1.jpg\",\"contentUrl\":\"https:\/\/www.presasg8.es\/wp-content\/uploads\/2025\/01\/auto-belay-perfect-descent-direct-drive-1.jpg\",\"width\":800,\"height\":800,\"caption\":\"discesa perfetta\"},{\"@type\":\"BreadcrumbList\",\"@id\":\"https:\/\/www.presasg8.es\/it\/producto\/discesa-perfetta\/#breadcrumb\",\"itemListElement\":[{\"@type\":\"ListItem\",\"position\":1,\"name\":\"Portada\",\"item\":\"https:\/\/www.presasg8.es\/it\/\"},{\"@type\":\"ListItem\",\"position\":2,\"name\":\"Negozio di prese per l&#8217;arrampicata\",\"item\":\"https:\/\/www.presasg8.es\/it\/negozio\/\"},{\"@type\":\"ListItem\",\"position\":3,\"name\":\"Discesa perfetta\"}]},{\"@type\":\"WebSite\",\"@id\":\"https:\/\/www.presasg8.es\/it\/#website\",\"url\":\"https:\/\/www.presasg8.es\/it\/\",\"name\":\"Presas de escalada G8\",\"description\":\"Tienda online de Presas de escalada para roc\u00f3dromo\",\"publisher\":{\"@id\":\"https:\/\/www.presasg8.es\/it\/#organization\"},\"alternateName\":\"Presas de escalada para roc\u00f3dromo\",\"potentialAction\":[{\"@type\":\"SearchAction\",\"target\":{\"@type\":\"EntryPoint\",\"urlTemplate\":\"https:\/\/www.presasg8.es\/it\/?s={search_term_string}\"},\"query-input\":{\"@type\":\"PropertyValueSpecification\",\"valueRequired\":true,\"valueName\":\"search_term_string\"}}],\"inLanguage\":\"it-IT\"},{\"@type\":\"Organization\",\"@id\":\"https:\/\/www.presasg8.es\/it\/#organization\",\"name\":\"Presas de escalada G8\",\"alternateName\":\"Presas de escalada para roc\u00f3dromo G8\",\"url\":\"https:\/\/www.presasg8.es\/it\/\",\"logo\":{\"@type\":\"ImageObject\",\"inLanguage\":\"it-IT\",\"@id\":\"https:\/\/www.presasg8.es\/it\/#\/schema\/logo\/image\/\",\"url\":\"https:\/\/www.presasg8.es\/wp-content\/uploads\/2023\/09\/logo-presas-g8.jpeg\",\"contentUrl\":\"https:\/\/www.presasg8.es\/wp-content\/uploads\/2023\/09\/logo-presas-g8.jpeg\",\"width\":400,\"height\":486,\"caption\":\"Presas de escalada G8\"},\"image\":{\"@id\":\"https:\/\/www.presasg8.es\/it\/#\/schema\/logo\/image\/\"},\"sameAs\":[\"https:\/\/www.facebook.com\/presasescaladag8\/\",\"https:\/\/www.instagram.com\/presasg8\/\"]}]}<\/script>\n<!-- \/ Yoast SEO plugin. -->","yoast_head_json":{"title":"Discesa perfetta - Presas G8 - Presas de escalada para roc\u00f3dromo","description":"Dispositivo di assicurazione per l'arrampicata in discesa perfetto, uno dei migliori sul mercato. Diverse lunghezze. Dispositivo di autoassicurazione per pareti da arrampicata","robots":{"index":"index","follow":"follow","max-snippet":"max-snippet:-1","max-image-preview":"max-image-preview:large","max-video-preview":"max-video-preview:-1"},"canonical":"https:\/\/www.presasg8.es\/it\/producto\/discesa-perfetta\/","og_locale":"it_IT","og_type":"article","og_title":"Discesa perfetta - Presas G8 - Presas de escalada para roc\u00f3dromo","og_description":"Dispositivo di assicurazione per l'arrampicata in discesa perfetto, uno dei migliori sul mercato. Diverse lunghezze. Dispositivo di autoassicurazione per pareti da arrampicata","og_url":"https:\/\/www.presasg8.es\/it\/producto\/discesa-perfetta\/","og_site_name":"Presas G8 - Presas de escalada para roc\u00f3dromo","article_publisher":"https:\/\/www.facebook.com\/presasescaladag8\/","article_modified_time":"2025-02-13T06:39:16+00:00","og_image":[{"width":800,"height":800,"url":"https:\/\/www.presasg8.es\/wp-content\/uploads\/2025\/01\/auto-belay-perfect-descent-direct-drive-1.jpg","type":"image\/jpeg"}],"twitter_card":"summary_large_image","twitter_misc":{"Tempo di lettura stimato":"4 minuti"},"schema":{"@context":"https:\/\/schema.org","@graph":[{"@type":"WebPage","@id":"https:\/\/www.presasg8.es\/it\/producto\/discesa-perfetta\/","url":"https:\/\/www.presasg8.es\/it\/producto\/discesa-perfetta\/","name":"Discesa perfetta - Presas G8 - Presas de escalada para roc\u00f3dromo","isPartOf":{"@id":"https:\/\/www.presasg8.es\/it\/#website"},"primaryImageOfPage":{"@id":"https:\/\/www.presasg8.es\/it\/producto\/discesa-perfetta\/#primaryimage"},"image":{"@id":"https:\/\/www.presasg8.es\/it\/producto\/discesa-perfetta\/#primaryimage"},"thumbnailUrl":"https:\/\/www.presasg8.es\/wp-content\/uploads\/2025\/01\/auto-belay-perfect-descent-direct-drive-1.jpg","datePublished":"2025-01-30T08:09:27+00:00","dateModified":"2025-02-13T06:39:16+00:00","description":"Dispositivo di assicurazione per l'arrampicata in discesa perfetto, uno dei migliori sul mercato. Diverse lunghezze. Dispositivo di autoassicurazione per pareti da arrampicata","breadcrumb":{"@id":"https:\/\/www.presasg8.es\/it\/producto\/discesa-perfetta\/#breadcrumb"},"inLanguage":"it-IT","potentialAction":[{"@type":"ReadAction","target":["https:\/\/www.presasg8.es\/it\/producto\/discesa-perfetta\/"]}]},{"@type":"ImageObject","inLanguage":"it-IT","@id":"https:\/\/www.presasg8.es\/it\/producto\/discesa-perfetta\/#primaryimage","url":"https:\/\/www.presasg8.es\/wp-content\/uploads\/2025\/01\/auto-belay-perfect-descent-direct-drive-1.jpg","contentUrl":"https:\/\/www.presasg8.es\/wp-content\/uploads\/2025\/01\/auto-belay-perfect-descent-direct-drive-1.jpg","width":800,"height":800,"caption":"discesa perfetta"},{"@type":"BreadcrumbList","@id":"https:\/\/www.presasg8.es\/it\/producto\/discesa-perfetta\/#breadcrumb","itemListElement":[{"@type":"ListItem","position":1,"name":"Portada","item":"https:\/\/www.presasg8.es\/it\/"},{"@type":"ListItem","position":2,"name":"Negozio di prese per l&#8217;arrampicata","item":"https:\/\/www.presasg8.es\/it\/negozio\/"},{"@type":"ListItem","position":3,"name":"Discesa perfetta"}]},{"@type":"WebSite","@id":"https:\/\/www.presasg8.es\/it\/#website","url":"https:\/\/www.presasg8.es\/it\/","name":"Presas de escalada G8","description":"Tienda online de Presas de escalada para roc\u00f3dromo","publisher":{"@id":"https:\/\/www.presasg8.es\/it\/#organization"},"alternateName":"Presas de escalada para roc\u00f3dromo","potentialAction":[{"@type":"SearchAction","target":{"@type":"EntryPoint","urlTemplate":"https:\/\/www.presasg8.es\/it\/?s={search_term_string}"},"query-input":{"@type":"PropertyValueSpecification","valueRequired":true,"valueName":"search_term_string"}}],"inLanguage":"it-IT"},{"@type":"Organization","@id":"https:\/\/www.presasg8.es\/it\/#organization","name":"Presas de escalada G8","alternateName":"Presas de escalada para roc\u00f3dromo G8","url":"https:\/\/www.presasg8.es\/it\/","logo":{"@type":"ImageObject","inLanguage":"it-IT","@id":"https:\/\/www.presasg8.es\/it\/#\/schema\/logo\/image\/","url":"https:\/\/www.presasg8.es\/wp-content\/uploads\/2023\/09\/logo-presas-g8.jpeg","contentUrl":"https:\/\/www.presasg8.es\/wp-content\/uploads\/2023\/09\/logo-presas-g8.jpeg","width":400,"height":486,"caption":"Presas de escalada G8"},"image":{"@id":"https:\/\/www.presasg8.es\/it\/#\/schema\/logo\/image\/"},"sameAs":["https:\/\/www.facebook.com\/presasescaladag8\/","https:\/\/www.instagram.com\/presasg8\/"]}]}},"_links":{"self":[{"href":"https:\/\/www.presasg8.es\/it\/wp-json\/wp\/v2\/product\/7602","targetHints":{"allow":["GET"]}}],"collection":[{"href":"https:\/\/www.presasg8.es\/it\/wp-json\/wp\/v2\/product"}],"about":[{"href":"https:\/\/www.presasg8.es\/it\/wp-json\/wp\/v2\/types\/product"}],"replies":[{"embeddable":true,"href":"https:\/\/www.presasg8.es\/it\/wp-json\/wp\/v2\/comments?post=7602"}],"wp:featuredmedia":[{"embeddable":true,"href":"https:\/\/www.presasg8.es\/it\/wp-json\/wp\/v2\/media\/7575"}],"wp:attachment":[{"href":"https:\/\/www.presasg8.es\/it\/wp-json\/wp\/v2\/media?parent=7602"}],"wp:term":[{"taxonomy":"product_brand","embeddable":true,"href":"https:\/\/www.presasg8.es\/it\/wp-json\/wp\/v2\/product_brand?post=7602"},{"taxonomy":"product_cat","embeddable":true,"href":"https:\/\/www.presasg8.es\/it\/wp-json\/wp\/v2\/product_cat?post=7602"},{"taxonomy":"product_tag","embeddable":true,"href":"https:\/\/www.presasg8.es\/it\/wp-json\/wp\/v2\/product_tag?post=7602"}],"curies":[{"name":"wp","href":"https:\/\/api.w.org\/{rel}","templated":true}]}}