{"id":7516,"date":"2024-12-09T07:40:33","date_gmt":"2024-12-09T06:40:33","guid":{"rendered":"https:\/\/www.presasg8.es\/producto\/moschettone-lotus-stone-hms\/"},"modified":"2025-05-11T08:34:02","modified_gmt":"2025-05-11T06:34:02","slug":"moschettone-lotus-stone-hms","status":"publish","type":"product","link":"https:\/\/www.presasg8.es\/it\/producto\/moschettone-lotus-stone-hms\/","title":{"rendered":"Moschettone Lotus Stone HMS"},"content":{"rendered":"<p>Il moschettone HMS in alluminio con chiusura di sicurezza Stone \u00e8 un ancoraggio da arrampicata progettato per offrire facilit\u00e0 d&#8217;uso e un alto livello di prestazioni e sicurezza. Questo moschettone \u00e8 molto versatile e pu\u00f2 essere utilizzato in diverse situazioni di arrampicata, dall&#8217;arrampicata su roccia a quella su ghiaccio, dal canyoning alla speleologia&#8230; <\/p>\n<p><strong>Il lucchetto di sicurezza HMS offre un&#8217;elevata capacit\u00e0 di chiusura e impedisce l&#8217;aggancio grazie al suo sistema di chiusura di sicurezza con filettatura keylock.<\/strong>  Questo sistema elimina l&#8217;intaglio che si trova su alcuni moschettoni e che pu\u00f2 impigliarsi in corde, cordini e imbracature.<\/p>\n<p>Il moschettone HMS in alluminio pesa 88 grammi, riducendo il peso per gli scalatori che cercano un equipaggiamento leggero per ottenere il massimo dalla propria attrezzatura. Ha <strong>una notevole resistenza longitudinale di 25 kN,<\/strong> il che significa che pu\u00f2 sopportare un carico di 2500 kg senza rompersi. <\/p>\n<p>La <strong>resistenza trasversale del moschettone HMS in alluminio \u00e8 di 7 kN,<\/strong> il che significa che pu\u00f2 sopportare un carico di 700 kg in direzione perpendicolare all&#8217;asse del moschettone.<\/p>\n<p>Il moschettone HMS in alluminio ha dimensioni di 113 x 75 mm e un diametro di 12 mm. Queste dimensioni lo rendono ideale per gli arrampicatori che cercano un moschettone versatile, dalle dimensioni e dal peso contenuti, e che allo stesso tempo offra grande resistenza e sicurezza per tutti i tipi di lavoro. <\/p>\n<p>Divertiti ad arrampicare all&#8217;aria aperta o in parete con questo moschettone di sicurezza dal design e dalla resistenza eccezionali.<\/p>\n","protected":false},"excerpt":{"rendered":"<p>Il moschettone HMS in alluminio con chiusura di sicurezza Stone  [&#8230;]<\/p>\n","protected":false},"featured_media":7509,"comment_status":"closed","ping_status":"closed","template":"","meta":{"_joinchat":[]},"product_brand":[],"product_cat":[243,77],"product_tag":[],"class_list":{"0":"post-7516","1":"product","2":"type-product","3":"status-publish","4":"has-post-thumbnail","6":"product_cat-accessori","7":"product_cat-viti","9":"first","10":"instock","11":"taxable","12":"shipping-taxable","13":"purchasable","14":"product-type-simple"},"yoast_head":"<!-- This site is optimized with the Yoast SEO plugin v27.5 - https:\/\/yoast.com\/product\/yoast-seo-wordpress\/ -->\n<title>Moschettone Lotus Stone HMS - Presas G8 - Presas de escalada para roc\u00f3dromo<\/title>\n<meta name=\"description\" content=\"Moschettone di sicurezza per arrampicata del marchio FIXE. Resistenza di 25Kn e 7kn in diverse lunghezze. Moschettone per lavori in quota.\" \/>\n<meta name=\"robots\" content=\"index, follow, max-snippet:-1, max-image-preview:large, max-video-preview:-1\" \/>\n<link rel=\"canonical\" href=\"https:\/\/www.presasg8.es\/it\/producto\/moschettone-lotus-stone-hms\/\" \/>\n<meta property=\"og:locale\" content=\"it_IT\" \/>\n<meta property=\"og:type\" content=\"article\" \/>\n<meta property=\"og:title\" content=\"Moschettone Lotus Stone HMS - Presas G8 - Presas de escalada para roc\u00f3dromo\" \/>\n<meta property=\"og:description\" content=\"Moschettone di sicurezza per arrampicata del marchio FIXE. Resistenza di 25Kn e 7kn in diverse lunghezze. Moschettone per lavori in quota.\" \/>\n<meta property=\"og:url\" content=\"https:\/\/www.presasg8.es\/it\/producto\/moschettone-lotus-stone-hms\/\" \/>\n<meta property=\"og:site_name\" content=\"Presas G8 - Presas de escalada para roc\u00f3dromo\" \/>\n<meta property=\"article:publisher\" content=\"https:\/\/www.facebook.com\/presasescaladag8\/\" \/>\n<meta property=\"article:modified_time\" content=\"2025-05-11T06:34:02+00:00\" \/>\n<meta property=\"og:image\" content=\"https:\/\/www.presasg8.es\/wp-content\/uploads\/2024\/12\/lotus-stone-hms-screw-3.jpg\" \/>\n\t<meta property=\"og:image:width\" content=\"800\" \/>\n\t<meta property=\"og:image:height\" content=\"800\" \/>\n\t<meta property=\"og:image:type\" content=\"image\/jpeg\" \/>\n<meta name=\"twitter:card\" content=\"summary_large_image\" \/>\n<meta name=\"twitter:label1\" content=\"Tempo di lettura stimato\" \/>\n\t<meta name=\"twitter:data1\" content=\"1 minuto\" \/>\n<script type=\"application\/ld+json\" class=\"yoast-schema-graph\">{\"@context\":\"https:\\\/\\\/schema.org\",\"@graph\":[{\"@type\":\"WebPage\",\"@id\":\"https:\\\/\\\/www.presasg8.es\\\/it\\\/producto\\\/moschettone-lotus-stone-hms\\\/\",\"url\":\"https:\\\/\\\/www.presasg8.es\\\/it\\\/producto\\\/moschettone-lotus-stone-hms\\\/\",\"name\":\"Moschettone Lotus Stone HMS - Presas G8 - Presas de escalada para roc\u00f3dromo\",\"isPartOf\":{\"@id\":\"https:\\\/\\\/www.presasg8.es\\\/it\\\/#website\"},\"primaryImageOfPage\":{\"@id\":\"https:\\\/\\\/www.presasg8.es\\\/it\\\/producto\\\/moschettone-lotus-stone-hms\\\/#primaryimage\"},\"image\":{\"@id\":\"https:\\\/\\\/www.presasg8.es\\\/it\\\/producto\\\/moschettone-lotus-stone-hms\\\/#primaryimage\"},\"thumbnailUrl\":\"https:\\\/\\\/www.presasg8.es\\\/wp-content\\\/uploads\\\/2024\\\/12\\\/lotus-stone-hms-screw-3.jpg\",\"datePublished\":\"2024-12-09T06:40:33+00:00\",\"dateModified\":\"2025-05-11T06:34:02+00:00\",\"description\":\"Moschettone di sicurezza per arrampicata del marchio FIXE. Resistenza di 25Kn e 7kn in diverse lunghezze. Moschettone per lavori in quota.\",\"breadcrumb\":{\"@id\":\"https:\\\/\\\/www.presasg8.es\\\/it\\\/producto\\\/moschettone-lotus-stone-hms\\\/#breadcrumb\"},\"inLanguage\":\"it-IT\",\"potentialAction\":[{\"@type\":\"ReadAction\",\"target\":[\"https:\\\/\\\/www.presasg8.es\\\/it\\\/producto\\\/moschettone-lotus-stone-hms\\\/\"]}]},{\"@type\":\"ImageObject\",\"inLanguage\":\"it-IT\",\"@id\":\"https:\\\/\\\/www.presasg8.es\\\/it\\\/producto\\\/moschettone-lotus-stone-hms\\\/#primaryimage\",\"url\":\"https:\\\/\\\/www.presasg8.es\\\/wp-content\\\/uploads\\\/2024\\\/12\\\/lotus-stone-hms-screw-3.jpg\",\"contentUrl\":\"https:\\\/\\\/www.presasg8.es\\\/wp-content\\\/uploads\\\/2024\\\/12\\\/lotus-stone-hms-screw-3.jpg\",\"width\":800,\"height\":800,\"caption\":\"Moschettone di sicurezza HMS\"},{\"@type\":\"BreadcrumbList\",\"@id\":\"https:\\\/\\\/www.presasg8.es\\\/it\\\/producto\\\/moschettone-lotus-stone-hms\\\/#breadcrumb\",\"itemListElement\":[{\"@type\":\"ListItem\",\"position\":1,\"name\":\"Portada\",\"item\":\"https:\\\/\\\/www.presasg8.es\\\/it\\\/\"},{\"@type\":\"ListItem\",\"position\":2,\"name\":\"Negozio di prese per l&#8217;arrampicata\",\"item\":\"https:\\\/\\\/www.presasg8.es\\\/it\\\/negozio\\\/\"},{\"@type\":\"ListItem\",\"position\":3,\"name\":\"Moschettone Lotus Stone HMS\"}]},{\"@type\":\"WebSite\",\"@id\":\"https:\\\/\\\/www.presasg8.es\\\/it\\\/#website\",\"url\":\"https:\\\/\\\/www.presasg8.es\\\/it\\\/\",\"name\":\"Presas de escalada G8\",\"description\":\"Tienda online de Presas de escalada para roc\u00f3dromo\",\"publisher\":{\"@id\":\"https:\\\/\\\/www.presasg8.es\\\/it\\\/#organization\"},\"alternateName\":\"Presas de escalada para roc\u00f3dromo\",\"potentialAction\":[{\"@type\":\"SearchAction\",\"target\":{\"@type\":\"EntryPoint\",\"urlTemplate\":\"https:\\\/\\\/www.presasg8.es\\\/it\\\/?s={search_term_string}\"},\"query-input\":{\"@type\":\"PropertyValueSpecification\",\"valueRequired\":true,\"valueName\":\"search_term_string\"}}],\"inLanguage\":\"it-IT\"},{\"@type\":\"Organization\",\"@id\":\"https:\\\/\\\/www.presasg8.es\\\/it\\\/#organization\",\"name\":\"Presas de escalada G8\",\"alternateName\":\"Presas de escalada para roc\u00f3dromo G8\",\"url\":\"https:\\\/\\\/www.presasg8.es\\\/it\\\/\",\"logo\":{\"@type\":\"ImageObject\",\"inLanguage\":\"it-IT\",\"@id\":\"https:\\\/\\\/www.presasg8.es\\\/it\\\/#\\\/schema\\\/logo\\\/image\\\/\",\"url\":\"https:\\\/\\\/www.presasg8.es\\\/wp-content\\\/uploads\\\/2023\\\/09\\\/logo-presas-g8.jpeg\",\"contentUrl\":\"https:\\\/\\\/www.presasg8.es\\\/wp-content\\\/uploads\\\/2023\\\/09\\\/logo-presas-g8.jpeg\",\"width\":400,\"height\":486,\"caption\":\"Presas de escalada G8\"},\"image\":{\"@id\":\"https:\\\/\\\/www.presasg8.es\\\/it\\\/#\\\/schema\\\/logo\\\/image\\\/\"},\"sameAs\":[\"https:\\\/\\\/www.facebook.com\\\/presasescaladag8\\\/\",\"https:\\\/\\\/www.instagram.com\\\/presasg8\\\/\"]}]}<\/script>\n<!-- \/ Yoast SEO plugin. -->","yoast_head_json":{"title":"Moschettone Lotus Stone HMS - Presas G8 - Presas de escalada para roc\u00f3dromo","description":"Moschettone di sicurezza per arrampicata del marchio FIXE. Resistenza di 25Kn e 7kn in diverse lunghezze. Moschettone per lavori in quota.","robots":{"index":"index","follow":"follow","max-snippet":"max-snippet:-1","max-image-preview":"max-image-preview:large","max-video-preview":"max-video-preview:-1"},"canonical":"https:\/\/www.presasg8.es\/it\/producto\/moschettone-lotus-stone-hms\/","og_locale":"it_IT","og_type":"article","og_title":"Moschettone Lotus Stone HMS - Presas G8 - Presas de escalada para roc\u00f3dromo","og_description":"Moschettone di sicurezza per arrampicata del marchio FIXE. Resistenza di 25Kn e 7kn in diverse lunghezze. Moschettone per lavori in quota.","og_url":"https:\/\/www.presasg8.es\/it\/producto\/moschettone-lotus-stone-hms\/","og_site_name":"Presas G8 - Presas de escalada para roc\u00f3dromo","article_publisher":"https:\/\/www.facebook.com\/presasescaladag8\/","article_modified_time":"2025-05-11T06:34:02+00:00","og_image":[{"width":800,"height":800,"url":"https:\/\/www.presasg8.es\/wp-content\/uploads\/2024\/12\/lotus-stone-hms-screw-3.jpg","type":"image\/jpeg"}],"twitter_card":"summary_large_image","twitter_misc":{"Tempo di lettura stimato":"1 minuto"},"schema":{"@context":"https:\/\/schema.org","@graph":[{"@type":"WebPage","@id":"https:\/\/www.presasg8.es\/it\/producto\/moschettone-lotus-stone-hms\/","url":"https:\/\/www.presasg8.es\/it\/producto\/moschettone-lotus-stone-hms\/","name":"Moschettone Lotus Stone HMS - Presas G8 - Presas de escalada para roc\u00f3dromo","isPartOf":{"@id":"https:\/\/www.presasg8.es\/it\/#website"},"primaryImageOfPage":{"@id":"https:\/\/www.presasg8.es\/it\/producto\/moschettone-lotus-stone-hms\/#primaryimage"},"image":{"@id":"https:\/\/www.presasg8.es\/it\/producto\/moschettone-lotus-stone-hms\/#primaryimage"},"thumbnailUrl":"https:\/\/www.presasg8.es\/wp-content\/uploads\/2024\/12\/lotus-stone-hms-screw-3.jpg","datePublished":"2024-12-09T06:40:33+00:00","dateModified":"2025-05-11T06:34:02+00:00","description":"Moschettone di sicurezza per arrampicata del marchio FIXE. Resistenza di 25Kn e 7kn in diverse lunghezze. Moschettone per lavori in quota.","breadcrumb":{"@id":"https:\/\/www.presasg8.es\/it\/producto\/moschettone-lotus-stone-hms\/#breadcrumb"},"inLanguage":"it-IT","potentialAction":[{"@type":"ReadAction","target":["https:\/\/www.presasg8.es\/it\/producto\/moschettone-lotus-stone-hms\/"]}]},{"@type":"ImageObject","inLanguage":"it-IT","@id":"https:\/\/www.presasg8.es\/it\/producto\/moschettone-lotus-stone-hms\/#primaryimage","url":"https:\/\/www.presasg8.es\/wp-content\/uploads\/2024\/12\/lotus-stone-hms-screw-3.jpg","contentUrl":"https:\/\/www.presasg8.es\/wp-content\/uploads\/2024\/12\/lotus-stone-hms-screw-3.jpg","width":800,"height":800,"caption":"Moschettone di sicurezza HMS"},{"@type":"BreadcrumbList","@id":"https:\/\/www.presasg8.es\/it\/producto\/moschettone-lotus-stone-hms\/#breadcrumb","itemListElement":[{"@type":"ListItem","position":1,"name":"Portada","item":"https:\/\/www.presasg8.es\/it\/"},{"@type":"ListItem","position":2,"name":"Negozio di prese per l&#8217;arrampicata","item":"https:\/\/www.presasg8.es\/it\/negozio\/"},{"@type":"ListItem","position":3,"name":"Moschettone Lotus Stone HMS"}]},{"@type":"WebSite","@id":"https:\/\/www.presasg8.es\/it\/#website","url":"https:\/\/www.presasg8.es\/it\/","name":"Presas de escalada G8","description":"Tienda online de Presas de escalada para roc\u00f3dromo","publisher":{"@id":"https:\/\/www.presasg8.es\/it\/#organization"},"alternateName":"Presas de escalada para roc\u00f3dromo","potentialAction":[{"@type":"SearchAction","target":{"@type":"EntryPoint","urlTemplate":"https:\/\/www.presasg8.es\/it\/?s={search_term_string}"},"query-input":{"@type":"PropertyValueSpecification","valueRequired":true,"valueName":"search_term_string"}}],"inLanguage":"it-IT"},{"@type":"Organization","@id":"https:\/\/www.presasg8.es\/it\/#organization","name":"Presas de escalada G8","alternateName":"Presas de escalada para roc\u00f3dromo G8","url":"https:\/\/www.presasg8.es\/it\/","logo":{"@type":"ImageObject","inLanguage":"it-IT","@id":"https:\/\/www.presasg8.es\/it\/#\/schema\/logo\/image\/","url":"https:\/\/www.presasg8.es\/wp-content\/uploads\/2023\/09\/logo-presas-g8.jpeg","contentUrl":"https:\/\/www.presasg8.es\/wp-content\/uploads\/2023\/09\/logo-presas-g8.jpeg","width":400,"height":486,"caption":"Presas de escalada G8"},"image":{"@id":"https:\/\/www.presasg8.es\/it\/#\/schema\/logo\/image\/"},"sameAs":["https:\/\/www.facebook.com\/presasescaladag8\/","https:\/\/www.instagram.com\/presasg8\/"]}]}},"_links":{"self":[{"href":"https:\/\/www.presasg8.es\/it\/wp-json\/wp\/v2\/product\/7516","targetHints":{"allow":["GET"]}}],"collection":[{"href":"https:\/\/www.presasg8.es\/it\/wp-json\/wp\/v2\/product"}],"about":[{"href":"https:\/\/www.presasg8.es\/it\/wp-json\/wp\/v2\/types\/product"}],"replies":[{"embeddable":true,"href":"https:\/\/www.presasg8.es\/it\/wp-json\/wp\/v2\/comments?post=7516"}],"wp:featuredmedia":[{"embeddable":true,"href":"https:\/\/www.presasg8.es\/it\/wp-json\/wp\/v2\/media\/7509"}],"wp:attachment":[{"href":"https:\/\/www.presasg8.es\/it\/wp-json\/wp\/v2\/media?parent=7516"}],"wp:term":[{"taxonomy":"product_brand","embeddable":true,"href":"https:\/\/www.presasg8.es\/it\/wp-json\/wp\/v2\/product_brand?post=7516"},{"taxonomy":"product_cat","embeddable":true,"href":"https:\/\/www.presasg8.es\/it\/wp-json\/wp\/v2\/product_cat?post=7516"},{"taxonomy":"product_tag","embeddable":true,"href":"https:\/\/www.presasg8.es\/it\/wp-json\/wp\/v2\/product_tag?post=7516"}],"curies":[{"name":"wp","href":"https:\/\/api.w.org\/{rel}","templated":true}]}}