{"id":5714,"date":"2024-03-19T19:58:23","date_gmt":"2024-03-19T18:58:23","guid":{"rendered":"https:\/\/www.presasg8.es\/producto\/volume-di-arrampicata-b3\/"},"modified":"2024-03-19T19:58:23","modified_gmt":"2024-03-19T18:58:23","slug":"volume-di-arrampicata-b3","status":"publish","type":"product","link":"https:\/\/www.presasg8.es\/it\/producto\/volume-di-arrampicata-b3\/","title":{"rendered":"Volume di arrampicata B3"},"content":{"rendered":"<h4><em><strong>Volume di arrampicata B3<\/strong><\/em><\/h4>\n<p>Terzo volume di arrampicata della serie B, \u00e8 il pi\u00f9 grande di tutti e la sua presa, come in tutti gli altri, \u00e8 a secchiello sulla parte principale, a smussamento se lo si capovolge, a spalla se lo si gira di lato&#8230;<\/p>\n<p>Dimensioni del volume: 60x50x20cm<\/p>\n<p>Viti necessarie: minimo 3,5 x 50.<\/p>\n<p>Inclinazione consigliata della parete di arrampicata o della palestra di roccia: da 0\u00ba a 45\u00ba.<\/p>\n","protected":false},"excerpt":{"rendered":"<p>Volume di arrampicata B3 Terzo volume di arrampicata della serie  [&#8230;]<\/p>\n","protected":false},"featured_media":3661,"comment_status":"closed","ping_status":"closed","template":"","meta":{"_joinchat":[]},"product_brand":[],"product_cat":[68,74],"product_tag":[],"class_list":{"0":"post-5714","1":"product","2":"type-product","3":"status-publish","4":"has-post-thumbnail","6":"product_cat-prese-per-larrampicata","7":"product_cat-volumi-in-fibra-di-vetro","9":"first","10":"instock","11":"taxable","12":"shipping-taxable","13":"purchasable","14":"product-type-variable"},"yoast_head":"<!-- This site is optimized with the Yoast SEO plugin v27.2 - https:\/\/yoast.com\/product\/yoast-seo-wordpress\/ -->\n<title>Volume di arrampicata B3 - Presas G8 - Presas de escalada para roc\u00f3dromo<\/title>\n<meta name=\"robots\" content=\"index, follow, max-snippet:-1, max-image-preview:large, max-video-preview:-1\" \/>\n<link rel=\"canonical\" href=\"https:\/\/www.presasg8.es\/it\/producto\/volume-di-arrampicata-b3\/\" \/>\n<meta property=\"og:locale\" content=\"it_IT\" \/>\n<meta property=\"og:type\" content=\"article\" \/>\n<meta property=\"og:title\" content=\"Volume di arrampicata B3 - Presas G8 - Presas de escalada para roc\u00f3dromo\" \/>\n<meta property=\"og:description\" content=\"Volume di arrampicata B3 Terzo volume di arrampicata della serie [...]\" \/>\n<meta property=\"og:url\" content=\"https:\/\/www.presasg8.es\/it\/producto\/volume-di-arrampicata-b3\/\" \/>\n<meta property=\"og:site_name\" content=\"Presas G8 - Presas de escalada para roc\u00f3dromo\" \/>\n<meta property=\"article:publisher\" content=\"https:\/\/www.facebook.com\/presasescaladag8\/\" \/>\n<meta property=\"og:image\" content=\"https:\/\/www.presasg8.es\/wp-content\/uploads\/2024\/03\/volumen-de-escalada-B31.jpg\" \/>\n\t<meta property=\"og:image:width\" content=\"1900\" \/>\n\t<meta property=\"og:image:height\" content=\"1900\" \/>\n\t<meta property=\"og:image:type\" content=\"image\/jpeg\" \/>\n<meta name=\"twitter:card\" content=\"summary_large_image\" \/>\n<script type=\"application\/ld+json\" class=\"yoast-schema-graph\">{\"@context\":\"https:\/\/schema.org\",\"@graph\":[{\"@type\":\"WebPage\",\"@id\":\"https:\/\/www.presasg8.es\/it\/producto\/volume-di-arrampicata-b3\/\",\"url\":\"https:\/\/www.presasg8.es\/it\/producto\/volume-di-arrampicata-b3\/\",\"name\":\"Volume di arrampicata B3 - Presas G8 - Presas de escalada para roc\u00f3dromo\",\"isPartOf\":{\"@id\":\"https:\/\/www.presasg8.es\/it\/#website\"},\"primaryImageOfPage\":{\"@id\":\"https:\/\/www.presasg8.es\/it\/producto\/volume-di-arrampicata-b3\/#primaryimage\"},\"image\":{\"@id\":\"https:\/\/www.presasg8.es\/it\/producto\/volume-di-arrampicata-b3\/#primaryimage\"},\"thumbnailUrl\":\"https:\/\/www.presasg8.es\/wp-content\/uploads\/2024\/03\/volumen-de-escalada-B31.jpg\",\"datePublished\":\"2024-03-19T18:58:23+00:00\",\"breadcrumb\":{\"@id\":\"https:\/\/www.presasg8.es\/it\/producto\/volume-di-arrampicata-b3\/#breadcrumb\"},\"inLanguage\":\"it-IT\",\"potentialAction\":[{\"@type\":\"ReadAction\",\"target\":[\"https:\/\/www.presasg8.es\/it\/producto\/volume-di-arrampicata-b3\/\"]}]},{\"@type\":\"ImageObject\",\"inLanguage\":\"it-IT\",\"@id\":\"https:\/\/www.presasg8.es\/it\/producto\/volume-di-arrampicata-b3\/#primaryimage\",\"url\":\"https:\/\/www.presasg8.es\/wp-content\/uploads\/2024\/03\/volumen-de-escalada-B31.jpg\",\"contentUrl\":\"https:\/\/www.presasg8.es\/wp-content\/uploads\/2024\/03\/volumen-de-escalada-B31.jpg\",\"width\":1900,\"height\":1900},{\"@type\":\"BreadcrumbList\",\"@id\":\"https:\/\/www.presasg8.es\/it\/producto\/volume-di-arrampicata-b3\/#breadcrumb\",\"itemListElement\":[{\"@type\":\"ListItem\",\"position\":1,\"name\":\"Portada\",\"item\":\"https:\/\/www.presasg8.es\/it\/\"},{\"@type\":\"ListItem\",\"position\":2,\"name\":\"Negozio di prese per l&#8217;arrampicata\",\"item\":\"https:\/\/www.presasg8.es\/it\/negozio\/\"},{\"@type\":\"ListItem\",\"position\":3,\"name\":\"Volume di arrampicata B3\"}]},{\"@type\":\"WebSite\",\"@id\":\"https:\/\/www.presasg8.es\/it\/#website\",\"url\":\"https:\/\/www.presasg8.es\/it\/\",\"name\":\"Presas de escalada G8\",\"description\":\"Tienda online de Presas de escalada para roc\u00f3dromo\",\"publisher\":{\"@id\":\"https:\/\/www.presasg8.es\/it\/#organization\"},\"alternateName\":\"Presas de escalada para roc\u00f3dromo\",\"potentialAction\":[{\"@type\":\"SearchAction\",\"target\":{\"@type\":\"EntryPoint\",\"urlTemplate\":\"https:\/\/www.presasg8.es\/it\/?s={search_term_string}\"},\"query-input\":{\"@type\":\"PropertyValueSpecification\",\"valueRequired\":true,\"valueName\":\"search_term_string\"}}],\"inLanguage\":\"it-IT\"},{\"@type\":\"Organization\",\"@id\":\"https:\/\/www.presasg8.es\/it\/#organization\",\"name\":\"Presas de escalada G8\",\"alternateName\":\"Presas de escalada para roc\u00f3dromo G8\",\"url\":\"https:\/\/www.presasg8.es\/it\/\",\"logo\":{\"@type\":\"ImageObject\",\"inLanguage\":\"it-IT\",\"@id\":\"https:\/\/www.presasg8.es\/it\/#\/schema\/logo\/image\/\",\"url\":\"https:\/\/www.presasg8.es\/wp-content\/uploads\/2023\/09\/logo-presas-g8.jpeg\",\"contentUrl\":\"https:\/\/www.presasg8.es\/wp-content\/uploads\/2023\/09\/logo-presas-g8.jpeg\",\"width\":400,\"height\":486,\"caption\":\"Presas de escalada G8\"},\"image\":{\"@id\":\"https:\/\/www.presasg8.es\/it\/#\/schema\/logo\/image\/\"},\"sameAs\":[\"https:\/\/www.facebook.com\/presasescaladag8\/\",\"https:\/\/www.instagram.com\/presasg8\/\"]}]}<\/script>\n<!-- \/ Yoast SEO plugin. -->","yoast_head_json":{"title":"Volume di arrampicata B3 - Presas G8 - Presas de escalada para roc\u00f3dromo","robots":{"index":"index","follow":"follow","max-snippet":"max-snippet:-1","max-image-preview":"max-image-preview:large","max-video-preview":"max-video-preview:-1"},"canonical":"https:\/\/www.presasg8.es\/it\/producto\/volume-di-arrampicata-b3\/","og_locale":"it_IT","og_type":"article","og_title":"Volume di arrampicata B3 - Presas G8 - Presas de escalada para roc\u00f3dromo","og_description":"Volume di arrampicata B3 Terzo volume di arrampicata della serie [...]","og_url":"https:\/\/www.presasg8.es\/it\/producto\/volume-di-arrampicata-b3\/","og_site_name":"Presas G8 - Presas de escalada para roc\u00f3dromo","article_publisher":"https:\/\/www.facebook.com\/presasescaladag8\/","og_image":[{"width":1900,"height":1900,"url":"https:\/\/www.presasg8.es\/wp-content\/uploads\/2024\/03\/volumen-de-escalada-B31.jpg","type":"image\/jpeg"}],"twitter_card":"summary_large_image","schema":{"@context":"https:\/\/schema.org","@graph":[{"@type":"WebPage","@id":"https:\/\/www.presasg8.es\/it\/producto\/volume-di-arrampicata-b3\/","url":"https:\/\/www.presasg8.es\/it\/producto\/volume-di-arrampicata-b3\/","name":"Volume di arrampicata B3 - Presas G8 - Presas de escalada para roc\u00f3dromo","isPartOf":{"@id":"https:\/\/www.presasg8.es\/it\/#website"},"primaryImageOfPage":{"@id":"https:\/\/www.presasg8.es\/it\/producto\/volume-di-arrampicata-b3\/#primaryimage"},"image":{"@id":"https:\/\/www.presasg8.es\/it\/producto\/volume-di-arrampicata-b3\/#primaryimage"},"thumbnailUrl":"https:\/\/www.presasg8.es\/wp-content\/uploads\/2024\/03\/volumen-de-escalada-B31.jpg","datePublished":"2024-03-19T18:58:23+00:00","breadcrumb":{"@id":"https:\/\/www.presasg8.es\/it\/producto\/volume-di-arrampicata-b3\/#breadcrumb"},"inLanguage":"it-IT","potentialAction":[{"@type":"ReadAction","target":["https:\/\/www.presasg8.es\/it\/producto\/volume-di-arrampicata-b3\/"]}]},{"@type":"ImageObject","inLanguage":"it-IT","@id":"https:\/\/www.presasg8.es\/it\/producto\/volume-di-arrampicata-b3\/#primaryimage","url":"https:\/\/www.presasg8.es\/wp-content\/uploads\/2024\/03\/volumen-de-escalada-B31.jpg","contentUrl":"https:\/\/www.presasg8.es\/wp-content\/uploads\/2024\/03\/volumen-de-escalada-B31.jpg","width":1900,"height":1900},{"@type":"BreadcrumbList","@id":"https:\/\/www.presasg8.es\/it\/producto\/volume-di-arrampicata-b3\/#breadcrumb","itemListElement":[{"@type":"ListItem","position":1,"name":"Portada","item":"https:\/\/www.presasg8.es\/it\/"},{"@type":"ListItem","position":2,"name":"Negozio di prese per l&#8217;arrampicata","item":"https:\/\/www.presasg8.es\/it\/negozio\/"},{"@type":"ListItem","position":3,"name":"Volume di arrampicata B3"}]},{"@type":"WebSite","@id":"https:\/\/www.presasg8.es\/it\/#website","url":"https:\/\/www.presasg8.es\/it\/","name":"Presas de escalada G8","description":"Tienda online de Presas de escalada para roc\u00f3dromo","publisher":{"@id":"https:\/\/www.presasg8.es\/it\/#organization"},"alternateName":"Presas de escalada para roc\u00f3dromo","potentialAction":[{"@type":"SearchAction","target":{"@type":"EntryPoint","urlTemplate":"https:\/\/www.presasg8.es\/it\/?s={search_term_string}"},"query-input":{"@type":"PropertyValueSpecification","valueRequired":true,"valueName":"search_term_string"}}],"inLanguage":"it-IT"},{"@type":"Organization","@id":"https:\/\/www.presasg8.es\/it\/#organization","name":"Presas de escalada G8","alternateName":"Presas de escalada para roc\u00f3dromo G8","url":"https:\/\/www.presasg8.es\/it\/","logo":{"@type":"ImageObject","inLanguage":"it-IT","@id":"https:\/\/www.presasg8.es\/it\/#\/schema\/logo\/image\/","url":"https:\/\/www.presasg8.es\/wp-content\/uploads\/2023\/09\/logo-presas-g8.jpeg","contentUrl":"https:\/\/www.presasg8.es\/wp-content\/uploads\/2023\/09\/logo-presas-g8.jpeg","width":400,"height":486,"caption":"Presas de escalada G8"},"image":{"@id":"https:\/\/www.presasg8.es\/it\/#\/schema\/logo\/image\/"},"sameAs":["https:\/\/www.facebook.com\/presasescaladag8\/","https:\/\/www.instagram.com\/presasg8\/"]}]}},"_links":{"self":[{"href":"https:\/\/www.presasg8.es\/it\/wp-json\/wp\/v2\/product\/5714","targetHints":{"allow":["GET"]}}],"collection":[{"href":"https:\/\/www.presasg8.es\/it\/wp-json\/wp\/v2\/product"}],"about":[{"href":"https:\/\/www.presasg8.es\/it\/wp-json\/wp\/v2\/types\/product"}],"replies":[{"embeddable":true,"href":"https:\/\/www.presasg8.es\/it\/wp-json\/wp\/v2\/comments?post=5714"}],"wp:featuredmedia":[{"embeddable":true,"href":"https:\/\/www.presasg8.es\/it\/wp-json\/wp\/v2\/media\/3661"}],"wp:attachment":[{"href":"https:\/\/www.presasg8.es\/it\/wp-json\/wp\/v2\/media?parent=5714"}],"wp:term":[{"taxonomy":"product_brand","embeddable":true,"href":"https:\/\/www.presasg8.es\/it\/wp-json\/wp\/v2\/product_brand?post=5714"},{"taxonomy":"product_cat","embeddable":true,"href":"https:\/\/www.presasg8.es\/it\/wp-json\/wp\/v2\/product_cat?post=5714"},{"taxonomy":"product_tag","embeddable":true,"href":"https:\/\/www.presasg8.es\/it\/wp-json\/wp\/v2\/product_tag?post=5714"}],"curies":[{"name":"wp","href":"https:\/\/api.w.org\/{rel}","templated":true}]}}