{"id":1683,"date":"2024-01-23T13:00:26","date_gmt":"2024-01-23T12:00:26","guid":{"rendered":"https:\/\/www.presasg8.es\/producto\/arrampicata-con-prese-diamanti\/"},"modified":"2025-05-11T08:32:22","modified_gmt":"2025-05-11T06:32:22","slug":"arrampicata-con-prese-diamanti","status":"publish","type":"product","link":"https:\/\/www.presasg8.es\/it\/producto\/arrampicata-con-prese-diamanti\/","title":{"rendered":"Arrampicata con prese Diamanti"},"content":{"rendered":"<h3><strong><em>Arrampicata con prese Diamanti<\/em><\/strong><\/h3>\n<p>Set di 8 arrampicate a forma di rombo peses per lavorare su movimenti difficili o a blocchi. Dighe progettate da Toni Sanchez (Klettonik).<\/p>\n<p>2 dei peses (quelli pi\u00f9 grandi) sono realizzati in fibra di vetro per renderli pi\u00f9 leggeri durante l&#8217;equipaggiamento dei percorsi, rendendoli pi\u00f9 maneggevoli. Gli altri peses sono realizzati con la nostra resina e componenti speciali che conferiscono loro una consistenza, una durata e una resistenza ottimali. <\/p>\n<p>Prese per arrampicata che si concentrano su prese complicate, prese smussate, grip, prese a due mani\u2026<\/p>\n<p><strong>Confezione peses diamanti da arrampicata composti da :<\/strong><\/p>\n<p>-2 peses XXL in fibra di vetro 60x30x20cm<\/p>\n<p>-2 Dighe L<\/p>\n<p>-4 Dighe medie<\/p>\n<p>Barre con foro metrico 10 e per viti lag 3,5\u00d750<\/p>\n<p>Inclinazione consigliata: pannelli verticali e leggermente inclinati 0\u00ba-30\u00ba.<\/p>\n<p>I colori sono casuali, se si richiede un colore particolare \u00e8 necessario indicarlo nelle osservazioni al momento della compilazione del modulo d\u2019ordine.<\/p>\n<p>Per goderti le nostre pareti da<em> arrampicata peses <\/em>, continua a sfogliare il nostro catalogo. Abbiamo pi\u00f9 di 400 modelli diversi di peses, adatti sia ai principianti che agli arrampicatori pi\u00f9 esperti. <\/p>\n<p>I diamanti delle prese da arrampicata sono una proposta molto interessante da avere nella propria parete da arrampicata.<\/p>\n<p>&nbsp;<\/p>\n<p>Non esaurire <a title=\"prese per arrampicata - prese per pareti d'arrampicata\" href=\"https:\/\/www.presasg8.es\/product-category\/tornilleria\/parabolt-o-tornillos-de-expansion\/?yith_wcan=1&amp;product_cat=tornilleria\">l\u2019hardware<\/a><\/p>\n","protected":false},"excerpt":{"rendered":"<p>Set di 10 accessori per l&#8217;arrampicata peses: 2XXL in fibra di vetro, 2 XL, 2L e 4M<\/p>\n","protected":false},"featured_media":6486,"comment_status":"closed","ping_status":"closed","template":"","meta":{"_joinchat":[]},"product_brand":[],"product_cat":[71,68],"product_tag":[],"class_list":{"0":"post-1683","1":"product","2":"type-product","3":"status-publish","4":"has-post-thumbnail","6":"product_cat-pacchetto-prese-per-arrampicata","7":"product_cat-prese-per-larrampicata","9":"first","10":"instock","11":"taxable","12":"shipping-taxable","13":"purchasable","14":"product-type-variable"},"yoast_head":"<!-- This site is optimized with the Yoast SEO plugin v27.3 - https:\/\/yoast.com\/product\/yoast-seo-wordpress\/ -->\n<title>Arrampicata con prese Diamanti - Presas G8 - Presas de escalada para roc\u00f3dromo<\/title>\n<meta name=\"robots\" content=\"index, follow, max-snippet:-1, max-image-preview:large, max-video-preview:-1\" \/>\n<link rel=\"canonical\" href=\"https:\/\/www.presasg8.es\/it\/producto\/arrampicata-con-prese-diamanti\/\" \/>\n<meta property=\"og:locale\" content=\"it_IT\" \/>\n<meta property=\"og:type\" content=\"article\" \/>\n<meta property=\"og:title\" content=\"Arrampicata con prese Diamanti - Presas G8 - Presas de escalada para roc\u00f3dromo\" \/>\n<meta property=\"og:description\" content=\"Set di 10 accessori per l&#039;arrampicata peses: 2XXL in fibra di vetro, 2 XL, 2L e 4M\" \/>\n<meta property=\"og:url\" content=\"https:\/\/www.presasg8.es\/it\/producto\/arrampicata-con-prese-diamanti\/\" \/>\n<meta property=\"og:site_name\" content=\"Presas G8 - Presas de escalada para roc\u00f3dromo\" \/>\n<meta property=\"article:publisher\" content=\"https:\/\/www.facebook.com\/presasescaladag8\/\" \/>\n<meta property=\"article:modified_time\" content=\"2025-05-11T06:32:22+00:00\" \/>\n<meta property=\"og:image\" content=\"https:\/\/www.presasg8.es\/wp-content\/uploads\/2024\/01\/Presas-de-escalada-diamonds-1.jpg\" \/>\n\t<meta property=\"og:image:width\" content=\"2000\" \/>\n\t<meta property=\"og:image:height\" content=\"2000\" \/>\n\t<meta property=\"og:image:type\" content=\"image\/jpeg\" \/>\n<meta name=\"twitter:card\" content=\"summary_large_image\" \/>\n<meta name=\"twitter:label1\" content=\"Tempo di lettura stimato\" \/>\n\t<meta name=\"twitter:data1\" content=\"1 minuto\" \/>\n<script type=\"application\/ld+json\" class=\"yoast-schema-graph\">{\"@context\":\"https:\\\/\\\/schema.org\",\"@graph\":[{\"@type\":\"WebPage\",\"@id\":\"https:\\\/\\\/www.presasg8.es\\\/it\\\/producto\\\/arrampicata-con-prese-diamanti\\\/\",\"url\":\"https:\\\/\\\/www.presasg8.es\\\/it\\\/producto\\\/arrampicata-con-prese-diamanti\\\/\",\"name\":\"Arrampicata con prese Diamanti - Presas G8 - Presas de escalada para roc\u00f3dromo\",\"isPartOf\":{\"@id\":\"https:\\\/\\\/www.presasg8.es\\\/it\\\/#website\"},\"primaryImageOfPage\":{\"@id\":\"https:\\\/\\\/www.presasg8.es\\\/it\\\/producto\\\/arrampicata-con-prese-diamanti\\\/#primaryimage\"},\"image\":{\"@id\":\"https:\\\/\\\/www.presasg8.es\\\/it\\\/producto\\\/arrampicata-con-prese-diamanti\\\/#primaryimage\"},\"thumbnailUrl\":\"https:\\\/\\\/www.presasg8.es\\\/wp-content\\\/uploads\\\/2024\\\/01\\\/Presas-de-escalada-diamonds-1.jpg\",\"datePublished\":\"2024-01-23T12:00:26+00:00\",\"dateModified\":\"2025-05-11T06:32:22+00:00\",\"breadcrumb\":{\"@id\":\"https:\\\/\\\/www.presasg8.es\\\/it\\\/producto\\\/arrampicata-con-prese-diamanti\\\/#breadcrumb\"},\"inLanguage\":\"it-IT\",\"potentialAction\":[{\"@type\":\"ReadAction\",\"target\":[\"https:\\\/\\\/www.presasg8.es\\\/it\\\/producto\\\/arrampicata-con-prese-diamanti\\\/\"]}]},{\"@type\":\"ImageObject\",\"inLanguage\":\"it-IT\",\"@id\":\"https:\\\/\\\/www.presasg8.es\\\/it\\\/producto\\\/arrampicata-con-prese-diamanti\\\/#primaryimage\",\"url\":\"https:\\\/\\\/www.presasg8.es\\\/wp-content\\\/uploads\\\/2024\\\/01\\\/Presas-de-escalada-diamonds-1.jpg\",\"contentUrl\":\"https:\\\/\\\/www.presasg8.es\\\/wp-content\\\/uploads\\\/2024\\\/01\\\/Presas-de-escalada-diamonds-1.jpg\",\"width\":2000,\"height\":2000},{\"@type\":\"BreadcrumbList\",\"@id\":\"https:\\\/\\\/www.presasg8.es\\\/it\\\/producto\\\/arrampicata-con-prese-diamanti\\\/#breadcrumb\",\"itemListElement\":[{\"@type\":\"ListItem\",\"position\":1,\"name\":\"Portada\",\"item\":\"https:\\\/\\\/www.presasg8.es\\\/it\\\/\"},{\"@type\":\"ListItem\",\"position\":2,\"name\":\"Negozio di prese per l&#8217;arrampicata\",\"item\":\"https:\\\/\\\/www.presasg8.es\\\/it\\\/negozio\\\/\"},{\"@type\":\"ListItem\",\"position\":3,\"name\":\"Arrampicata con prese Diamanti\"}]},{\"@type\":\"WebSite\",\"@id\":\"https:\\\/\\\/www.presasg8.es\\\/it\\\/#website\",\"url\":\"https:\\\/\\\/www.presasg8.es\\\/it\\\/\",\"name\":\"Presas de escalada G8\",\"description\":\"Tienda online de Presas de escalada para roc\u00f3dromo\",\"publisher\":{\"@id\":\"https:\\\/\\\/www.presasg8.es\\\/it\\\/#organization\"},\"alternateName\":\"Presas de escalada para roc\u00f3dromo\",\"potentialAction\":[{\"@type\":\"SearchAction\",\"target\":{\"@type\":\"EntryPoint\",\"urlTemplate\":\"https:\\\/\\\/www.presasg8.es\\\/it\\\/?s={search_term_string}\"},\"query-input\":{\"@type\":\"PropertyValueSpecification\",\"valueRequired\":true,\"valueName\":\"search_term_string\"}}],\"inLanguage\":\"it-IT\"},{\"@type\":\"Organization\",\"@id\":\"https:\\\/\\\/www.presasg8.es\\\/it\\\/#organization\",\"name\":\"Presas de escalada G8\",\"alternateName\":\"Presas de escalada para roc\u00f3dromo G8\",\"url\":\"https:\\\/\\\/www.presasg8.es\\\/it\\\/\",\"logo\":{\"@type\":\"ImageObject\",\"inLanguage\":\"it-IT\",\"@id\":\"https:\\\/\\\/www.presasg8.es\\\/it\\\/#\\\/schema\\\/logo\\\/image\\\/\",\"url\":\"https:\\\/\\\/www.presasg8.es\\\/wp-content\\\/uploads\\\/2023\\\/09\\\/logo-presas-g8.jpeg\",\"contentUrl\":\"https:\\\/\\\/www.presasg8.es\\\/wp-content\\\/uploads\\\/2023\\\/09\\\/logo-presas-g8.jpeg\",\"width\":400,\"height\":486,\"caption\":\"Presas de escalada G8\"},\"image\":{\"@id\":\"https:\\\/\\\/www.presasg8.es\\\/it\\\/#\\\/schema\\\/logo\\\/image\\\/\"},\"sameAs\":[\"https:\\\/\\\/www.facebook.com\\\/presasescaladag8\\\/\",\"https:\\\/\\\/www.instagram.com\\\/presasg8\\\/\"]}]}<\/script>\n<!-- \/ Yoast SEO plugin. -->","yoast_head_json":{"title":"Arrampicata con prese Diamanti - Presas G8 - Presas de escalada para roc\u00f3dromo","robots":{"index":"index","follow":"follow","max-snippet":"max-snippet:-1","max-image-preview":"max-image-preview:large","max-video-preview":"max-video-preview:-1"},"canonical":"https:\/\/www.presasg8.es\/it\/producto\/arrampicata-con-prese-diamanti\/","og_locale":"it_IT","og_type":"article","og_title":"Arrampicata con prese Diamanti - Presas G8 - Presas de escalada para roc\u00f3dromo","og_description":"Set di 10 accessori per l'arrampicata peses: 2XXL in fibra di vetro, 2 XL, 2L e 4M","og_url":"https:\/\/www.presasg8.es\/it\/producto\/arrampicata-con-prese-diamanti\/","og_site_name":"Presas G8 - Presas de escalada para roc\u00f3dromo","article_publisher":"https:\/\/www.facebook.com\/presasescaladag8\/","article_modified_time":"2025-05-11T06:32:22+00:00","og_image":[{"width":2000,"height":2000,"url":"https:\/\/www.presasg8.es\/wp-content\/uploads\/2024\/01\/Presas-de-escalada-diamonds-1.jpg","type":"image\/jpeg"}],"twitter_card":"summary_large_image","twitter_misc":{"Tempo di lettura stimato":"1 minuto"},"schema":{"@context":"https:\/\/schema.org","@graph":[{"@type":"WebPage","@id":"https:\/\/www.presasg8.es\/it\/producto\/arrampicata-con-prese-diamanti\/","url":"https:\/\/www.presasg8.es\/it\/producto\/arrampicata-con-prese-diamanti\/","name":"Arrampicata con prese Diamanti - Presas G8 - Presas de escalada para roc\u00f3dromo","isPartOf":{"@id":"https:\/\/www.presasg8.es\/it\/#website"},"primaryImageOfPage":{"@id":"https:\/\/www.presasg8.es\/it\/producto\/arrampicata-con-prese-diamanti\/#primaryimage"},"image":{"@id":"https:\/\/www.presasg8.es\/it\/producto\/arrampicata-con-prese-diamanti\/#primaryimage"},"thumbnailUrl":"https:\/\/www.presasg8.es\/wp-content\/uploads\/2024\/01\/Presas-de-escalada-diamonds-1.jpg","datePublished":"2024-01-23T12:00:26+00:00","dateModified":"2025-05-11T06:32:22+00:00","breadcrumb":{"@id":"https:\/\/www.presasg8.es\/it\/producto\/arrampicata-con-prese-diamanti\/#breadcrumb"},"inLanguage":"it-IT","potentialAction":[{"@type":"ReadAction","target":["https:\/\/www.presasg8.es\/it\/producto\/arrampicata-con-prese-diamanti\/"]}]},{"@type":"ImageObject","inLanguage":"it-IT","@id":"https:\/\/www.presasg8.es\/it\/producto\/arrampicata-con-prese-diamanti\/#primaryimage","url":"https:\/\/www.presasg8.es\/wp-content\/uploads\/2024\/01\/Presas-de-escalada-diamonds-1.jpg","contentUrl":"https:\/\/www.presasg8.es\/wp-content\/uploads\/2024\/01\/Presas-de-escalada-diamonds-1.jpg","width":2000,"height":2000},{"@type":"BreadcrumbList","@id":"https:\/\/www.presasg8.es\/it\/producto\/arrampicata-con-prese-diamanti\/#breadcrumb","itemListElement":[{"@type":"ListItem","position":1,"name":"Portada","item":"https:\/\/www.presasg8.es\/it\/"},{"@type":"ListItem","position":2,"name":"Negozio di prese per l&#8217;arrampicata","item":"https:\/\/www.presasg8.es\/it\/negozio\/"},{"@type":"ListItem","position":3,"name":"Arrampicata con prese Diamanti"}]},{"@type":"WebSite","@id":"https:\/\/www.presasg8.es\/it\/#website","url":"https:\/\/www.presasg8.es\/it\/","name":"Presas de escalada G8","description":"Tienda online de Presas de escalada para roc\u00f3dromo","publisher":{"@id":"https:\/\/www.presasg8.es\/it\/#organization"},"alternateName":"Presas de escalada para roc\u00f3dromo","potentialAction":[{"@type":"SearchAction","target":{"@type":"EntryPoint","urlTemplate":"https:\/\/www.presasg8.es\/it\/?s={search_term_string}"},"query-input":{"@type":"PropertyValueSpecification","valueRequired":true,"valueName":"search_term_string"}}],"inLanguage":"it-IT"},{"@type":"Organization","@id":"https:\/\/www.presasg8.es\/it\/#organization","name":"Presas de escalada G8","alternateName":"Presas de escalada para roc\u00f3dromo G8","url":"https:\/\/www.presasg8.es\/it\/","logo":{"@type":"ImageObject","inLanguage":"it-IT","@id":"https:\/\/www.presasg8.es\/it\/#\/schema\/logo\/image\/","url":"https:\/\/www.presasg8.es\/wp-content\/uploads\/2023\/09\/logo-presas-g8.jpeg","contentUrl":"https:\/\/www.presasg8.es\/wp-content\/uploads\/2023\/09\/logo-presas-g8.jpeg","width":400,"height":486,"caption":"Presas de escalada G8"},"image":{"@id":"https:\/\/www.presasg8.es\/it\/#\/schema\/logo\/image\/"},"sameAs":["https:\/\/www.facebook.com\/presasescaladag8\/","https:\/\/www.instagram.com\/presasg8\/"]}]}},"_links":{"self":[{"href":"https:\/\/www.presasg8.es\/it\/wp-json\/wp\/v2\/product\/1683","targetHints":{"allow":["GET"]}}],"collection":[{"href":"https:\/\/www.presasg8.es\/it\/wp-json\/wp\/v2\/product"}],"about":[{"href":"https:\/\/www.presasg8.es\/it\/wp-json\/wp\/v2\/types\/product"}],"replies":[{"embeddable":true,"href":"https:\/\/www.presasg8.es\/it\/wp-json\/wp\/v2\/comments?post=1683"}],"wp:featuredmedia":[{"embeddable":true,"href":"https:\/\/www.presasg8.es\/it\/wp-json\/wp\/v2\/media\/6486"}],"wp:attachment":[{"href":"https:\/\/www.presasg8.es\/it\/wp-json\/wp\/v2\/media?parent=1683"}],"wp:term":[{"taxonomy":"product_brand","embeddable":true,"href":"https:\/\/www.presasg8.es\/it\/wp-json\/wp\/v2\/product_brand?post=1683"},{"taxonomy":"product_cat","embeddable":true,"href":"https:\/\/www.presasg8.es\/it\/wp-json\/wp\/v2\/product_cat?post=1683"},{"taxonomy":"product_tag","embeddable":true,"href":"https:\/\/www.presasg8.es\/it\/wp-json\/wp\/v2\/product_tag?post=1683"}],"curies":[{"name":"wp","href":"https:\/\/api.w.org\/{rel}","templated":true}]}}