{"id":8576,"date":"2026-02-06T11:01:11","date_gmt":"2026-02-06T10:01:11","guid":{"rendered":"https:\/\/www.presasg8.es\/avviso-legale\/"},"modified":"2026-02-06T11:01:11","modified_gmt":"2026-02-06T10:01:11","slug":"avviso-legale","status":"publish","type":"page","link":"https:\/\/www.presasg8.es\/it\/avviso-legale\/","title":{"rendered":"Avviso legale"},"content":{"rendered":"<p>Lo scopo di questi Termini e Condizioni \u00e8 quello di stabilire e regolare le regole di utilizzo del sito web <strong><a href=\"https:\/\/www.presasg8.es\/it\/\">https:\/\/www.presasg8.es\/<\/a><\/strong> (di seguito, il &#8220;Sito&#8221;).<\/p>\n<p>Accedendo e navigando sul sito web, o utilizzando i suoi servizi, accetti espressamente e integralmente tutte le Condizioni Generali d&#8217;Uso contenute nel presente Avviso Legale, incluse le Condizioni Generali e Specifiche di Contratto, nonch\u00e9 la Politica sulla Privacy e sui Cookies, relative alle finalit\u00e0 del trattamento dei dati che ci fornisci. Ti consigliamo di leggerle attentamente. <\/p>\n<h3>1. PORTATILE<\/h3>\n<p>In conformit\u00e0 con la Legge 34\/2002, dell&#8217;11 luglio, sui Servizi della Societ\u00e0 dell&#8217;Informazione e del Commercio Elettronico, i dati identificativi del proprietario del portale web su cui stai navigando sono:<\/p>\n<p><strong>Nicolas Garcia Garcia-Puente  <\/strong><\/p>\n<p><strong>Partita IVA: 47068091v<br \/>\n<\/strong><\/p>\n<p><strong>Calle Pablo Medina 32, 02005 Albacete<\/strong><\/p>\n<p><strong>662017648<\/strong><\/p>\n<h3>2. PROPRIET\u00c0 INTELLETTUALE<\/h3>\n<p><strong>Nicolas Garcia Garcia-Puente <\/strong>\u00e8 il titolare, e ha la relativa licenza, dei diritti di sfruttamento della propriet\u00e0 intellettuale e industriale del Web.<\/p>\n<p>Tutti i contenuti del sito web, compresi il design grafico, il codice sorgente, i loghi, i testi, la grafica, le illustrazioni, le fotografie e gli altri elementi che compaiono sul sito web, se non diversamente indicato, sono di propriet\u00e0 esclusiva di <strong>Nicolas Garcia Garcia-Puente<\/strong><strong>.<\/strong><\/p>\n<p>In nessun caso si intender\u00e0 che l&#8217;accesso e la navigazione dell&#8217;Utente implichino la rinuncia, la trasmissione, la licenza o la cessione totale o parziale di tali diritti da parte di <strong>Nicolas Garcia Garcia-Puente<\/strong>, su qualsiasi altro diritto relativo alla sua Web e ai servizi offerti nella stessa.<\/p>\n<p>Allo stesso modo, \u00e8 vietato modificare, copiare, riutilizzare, sfruttare, riprodurre, comunicare pubblicamente, effettuare pubblicazioni secondarie o successive, caricare file, inviare per posta, trasmettere, utilizzare, elaborare o distribuire in qualsiasi modo tutti o parte dei contenuti inclusi nella Web per scopi pubblici o commerciali, senza l&#8217;espressa autorizzazione scritta di <strong>Nicolas Garcia Garcia-Puente<\/strong> o, se del caso, del titolare dei diritti corrispondenti. <\/p>\n<p>Di conseguenza, l&#8217;Utente riconosce che la riproduzione, la distribuzione, la commercializzazione, la trasformazione e, in generale, qualsiasi altra forma di sfruttamento, con qualsiasi mezzo, di tutti o parte dei contenuti del presente Sito Web costituisce una violazione dei diritti di propriet\u00e0 intellettuale e\/o industriale del proprietario del Sito Web o del titolare dello stesso.<\/p>\n<h3>3. UTILIZZO DEL SITO<\/h3>\n<p>L&#8217;Utente si impegna a utilizzare il Sito, i suoi contenuti e i suoi servizi in conformit\u00e0 alla legislazione vigente e al presente Avviso Legale.<\/p>\n<p>Allo stesso modo, l&#8217;Utente si impegna a non utilizzare il Sito o i servizi forniti attraverso di esso per scopi o effetti illeciti o contrari al contenuto del presente Avviso Legale, lesivi degli interessi o dei diritti di terzi, o che possano in qualsiasi modo danneggiare, rendere inutilizzabile o deteriorare il Sito o i suoi servizi, o impedire il normale utilizzo del Sito da parte di altri Utenti.<\/p>\n<p>Allo stesso modo, l&#8217;Utente si impegna espressamente a non distruggere, alterare, rendere inutilizzabili o, in qualsiasi altro modo, danneggiare i dati, i programmi o i documenti elettronici e altri che si trovano su questo sito web.<\/p>\n<p>L&#8217;Utente si impegna a non ostacolare l&#8217;accesso di altri Utenti al servizio di accesso mediante il consumo massiccio delle risorse informatiche attraverso le quali il proprietario del Sito Web fornisce il servizio, e a non compiere azioni che danneggino, interrompano o generino errori in tali sistemi.<\/p>\n<p>L&#8217;Utente si impegna a non introdurre programmi, virus, macro, applet, controlli ActiveX o qualsiasi altro dispositivo logico o sequenza di caratteri che provochi o possa provocare qualsiasi tipo di alterazione nei sistemi informatici del proprietario del Sito o di terzi.<\/p>\n<p>L&#8217;Utente \u00e8 responsabile della corretta custodia e della riservatezza degli identificativi e\/o delle password forniti dal Sito e si impegna a non cederne l&#8217;uso a terzi, n\u00e9 temporaneamente n\u00e9 permanentemente, n\u00e9 a consentirne l&#8217;accesso a terzi.<\/p>\n<p>L&#8217;Utente sar\u00e0 responsabile dell&#8217;uso illegale dei servizi da parte di qualsiasi terzo illegittimo che utilizzi una password a tale scopo come risultato di un uso non diligente o della perdita della password da parte dell&#8217;Utente.<\/p>\n<p>In virt\u00f9 di quanto sopra, \u00e8 obbligo dell&#8217;Utente comunicare immediatamente ai gestori del Sito web qualsiasi evento che consenta l&#8217;uso improprio degli identificativi e\/o delle password, come il furto, lo smarrimento o l&#8217;accesso non autorizzato agli stessi, al fine di procedere alla loro immediata cancellazione.<\/p>\n<p>Fino alla comunicazione di tali eventi, <strong>Nicolas Garcia Garcia-Puente<\/strong> sar\u00e0 esente da qualsiasi responsabilit\u00e0 che possa derivare dall&#8217;uso improprio di identificativi o password da parte di terzi non autorizzati.<\/p>\n<h3>4. FUNZIONAMENTO DEL SITO WEB<\/h3>\n<p><strong>Nicolas Garcia Garcia-Puente <\/strong>esclude ogni responsabilit\u00e0 che possa derivare da interferenze, omissioni, interruzioni, virus informatici, guasti telefonici o disconnessioni nel funzionamento del sistema elettronico, dovuti a cause che esulano dal controllo del proprietario della Web.<\/p>\n<p>Allo stesso modo, <strong>Nicolas Garcia Garcia-Puente<\/strong> esclude qualsiasi responsabilit\u00e0 che possa derivare da ritardi o blocchi nel funzionamento di questo sistema elettronico causati da carenze o sovraccarichi delle linee telefoniche o di Internet, cos\u00ec come da danni causati da terzi a causa di interferenze illegali al di fuori del controllo di <strong>Nicolas Garcia Garcia-Puente<\/strong><strong>.<\/strong><\/p>\n<p><strong>Nicolas Garcia Garcia-Puente <\/strong>ha il diritto di sospendere temporaneamente, senza preavviso, l&#8217;accesso al sito web per operazioni di manutenzione, riparazione, aggiornamento o miglioramento.<\/p>\n<h3>5. REGIME DI RESPONSABILIT\u00c0<\/h3>\n<p><strong>Nicolas Garcia Garcia-Puente<\/strong> non garantisce la legalit\u00e0, l&#8217;affidabilit\u00e0, l&#8217;utilit\u00e0, la veridicit\u00e0 o l&#8217;accuratezza dei servizi o delle informazioni fornite da terzi attraverso il Web.<\/p>\n<p>L&#8217;Utente \u00e8 l&#8217;unico responsabile di qualsiasi violazione o danno che possa essere causato dall&#8217;uso improprio della Web, essendo <strong>Nicolas Garcia Garcia-Puente<\/strong>, i suoi partner, le societ\u00e0 del gruppo, i collaboratori, i dipendenti e i rappresentanti, esonerati da qualsiasi tipo di responsabilit\u00e0 che possa derivare dalle azioni dell&#8217;Utente.<\/p>\n<p><strong>Nicolas Garcia Garcia-Puente <\/strong>utilizzer\u00e0 tutti gli sforzi e i mezzi ragionevoli per fornire informazioni aggiornate e affidabili sul Web, tuttavia il proprietario del Web non garantisce l&#8217;assenza di errori o di possibili imprecisioni e\/o omissioni nei contenuti pubblicati da terzi accessibili attraverso questo sito web.<\/p>\n<p>L&#8217;Utente \u00e8 l&#8217;unico responsabile di qualsiasi reclamo o azione legale, giudiziale o extragiudiziale, avviata da terzi nei confronti del proprietario del sito web a causa dell&#8217;uso improprio del sito da parte dell&#8217;Utente. Se del caso, l&#8217;Utente si far\u00e0 carico di tutte le spese, i costi e gli indennizzi richiesti a <strong>Nicolas Garcia Garcia-Puente<\/strong> a seguito di tali rivendicazioni o azioni legali. <\/p>\n<h3>6. GIURISDIZIONE E LEGGE APPLICABILE<\/h3>\n<p>Il presente Avviso Legale sar\u00e0 disciplinato e interpretato in conformit\u00e0 alla legge spagnola.<\/p>\n<p><strong>Nicolas Garcia Garcia-Puente <\/strong>e l&#8217;Utente, rinunciando espressamente a qualsiasi altra giurisdizione che possa corrispondere loro, si sottomettono alle Corti e ai Tribunali della citt\u00e0 di ALBACETE (Spagna), a meno che le norme applicabili non impediscano alle parti di sottomettersi a una giurisdizione specifica.<\/p>\n","protected":false},"excerpt":{"rendered":"<p>Lo scopo di questi Termini e Condizioni \u00e8 quello di  [&#8230;]<\/p>\n","protected":false},"author":1,"featured_media":0,"parent":0,"menu_order":0,"comment_status":"closed","ping_status":"closed","template":"100-width.php","meta":{"_joinchat":[],"footnotes":""},"class_list":["post-8576","page","type-page","status-publish","hentry"],"yoast_head":"<!-- This site is optimized with the Yoast SEO plugin v27.5 - https:\/\/yoast.com\/product\/yoast-seo-wordpress\/ -->\n<title>Avviso legale - Presas G8 - Presas de escalada para roc\u00f3dromo<\/title>\n<meta name=\"robots\" content=\"index, follow, max-snippet:-1, max-image-preview:large, max-video-preview:-1\" \/>\n<link rel=\"canonical\" href=\"https:\/\/www.presasg8.es\/it\/avviso-legale\/\" \/>\n<meta property=\"og:locale\" content=\"it_IT\" \/>\n<meta property=\"og:type\" content=\"article\" \/>\n<meta property=\"og:title\" content=\"Avviso legale - Presas G8 - Presas de escalada para roc\u00f3dromo\" \/>\n<meta property=\"og:description\" content=\"Lo scopo di questi Termini e Condizioni \u00e8 quello di [...]\" \/>\n<meta property=\"og:url\" content=\"https:\/\/www.presasg8.es\/it\/avviso-legale\/\" \/>\n<meta property=\"og:site_name\" content=\"Presas G8 - Presas de escalada para roc\u00f3dromo\" \/>\n<meta property=\"article:publisher\" content=\"https:\/\/www.facebook.com\/presasescaladag8\/\" \/>\n<meta name=\"twitter:card\" content=\"summary_large_image\" \/>\n<meta name=\"twitter:label1\" content=\"Tempo di lettura stimato\" \/>\n\t<meta name=\"twitter:data1\" content=\"5 minuti\" \/>\n<script type=\"application\/ld+json\" class=\"yoast-schema-graph\">{\"@context\":\"https:\\\/\\\/schema.org\",\"@graph\":[{\"@type\":\"WebPage\",\"@id\":\"https:\\\/\\\/www.presasg8.es\\\/it\\\/avviso-legale\\\/\",\"url\":\"https:\\\/\\\/www.presasg8.es\\\/it\\\/avviso-legale\\\/\",\"name\":\"Avviso legale - Presas G8 - Presas de escalada para roc\u00f3dromo\",\"isPartOf\":{\"@id\":\"https:\\\/\\\/www.presasg8.es\\\/it\\\/#website\"},\"datePublished\":\"2026-02-06T10:01:11+00:00\",\"breadcrumb\":{\"@id\":\"https:\\\/\\\/www.presasg8.es\\\/it\\\/avviso-legale\\\/#breadcrumb\"},\"inLanguage\":\"it-IT\",\"potentialAction\":[{\"@type\":\"ReadAction\",\"target\":[\"https:\\\/\\\/www.presasg8.es\\\/it\\\/avviso-legale\\\/\"]}]},{\"@type\":\"BreadcrumbList\",\"@id\":\"https:\\\/\\\/www.presasg8.es\\\/it\\\/avviso-legale\\\/#breadcrumb\",\"itemListElement\":[{\"@type\":\"ListItem\",\"position\":1,\"name\":\"Portada\",\"item\":\"https:\\\/\\\/www.presasg8.es\\\/it\\\/\"},{\"@type\":\"ListItem\",\"position\":2,\"name\":\"Avviso legale\"}]},{\"@type\":\"WebSite\",\"@id\":\"https:\\\/\\\/www.presasg8.es\\\/it\\\/#website\",\"url\":\"https:\\\/\\\/www.presasg8.es\\\/it\\\/\",\"name\":\"Presas de escalada G8\",\"description\":\"Tienda online de Presas de escalada para roc\u00f3dromo\",\"publisher\":{\"@id\":\"https:\\\/\\\/www.presasg8.es\\\/it\\\/#organization\"},\"alternateName\":\"Presas de escalada para roc\u00f3dromo\",\"potentialAction\":[{\"@type\":\"SearchAction\",\"target\":{\"@type\":\"EntryPoint\",\"urlTemplate\":\"https:\\\/\\\/www.presasg8.es\\\/it\\\/?s={search_term_string}\"},\"query-input\":{\"@type\":\"PropertyValueSpecification\",\"valueRequired\":true,\"valueName\":\"search_term_string\"}}],\"inLanguage\":\"it-IT\"},{\"@type\":\"Organization\",\"@id\":\"https:\\\/\\\/www.presasg8.es\\\/it\\\/#organization\",\"name\":\"Presas de escalada G8\",\"alternateName\":\"Presas de escalada para roc\u00f3dromo G8\",\"url\":\"https:\\\/\\\/www.presasg8.es\\\/it\\\/\",\"logo\":{\"@type\":\"ImageObject\",\"inLanguage\":\"it-IT\",\"@id\":\"https:\\\/\\\/www.presasg8.es\\\/it\\\/#\\\/schema\\\/logo\\\/image\\\/\",\"url\":\"https:\\\/\\\/www.presasg8.es\\\/wp-content\\\/uploads\\\/2023\\\/09\\\/logo-presas-g8.jpeg\",\"contentUrl\":\"https:\\\/\\\/www.presasg8.es\\\/wp-content\\\/uploads\\\/2023\\\/09\\\/logo-presas-g8.jpeg\",\"width\":400,\"height\":486,\"caption\":\"Presas de escalada G8\"},\"image\":{\"@id\":\"https:\\\/\\\/www.presasg8.es\\\/it\\\/#\\\/schema\\\/logo\\\/image\\\/\"},\"sameAs\":[\"https:\\\/\\\/www.facebook.com\\\/presasescaladag8\\\/\",\"https:\\\/\\\/www.instagram.com\\\/presasg8\\\/\"]}]}<\/script>\n<!-- \/ Yoast SEO plugin. -->","yoast_head_json":{"title":"Avviso legale - Presas G8 - Presas de escalada para roc\u00f3dromo","robots":{"index":"index","follow":"follow","max-snippet":"max-snippet:-1","max-image-preview":"max-image-preview:large","max-video-preview":"max-video-preview:-1"},"canonical":"https:\/\/www.presasg8.es\/it\/avviso-legale\/","og_locale":"it_IT","og_type":"article","og_title":"Avviso legale - Presas G8 - Presas de escalada para roc\u00f3dromo","og_description":"Lo scopo di questi Termini e Condizioni \u00e8 quello di [...]","og_url":"https:\/\/www.presasg8.es\/it\/avviso-legale\/","og_site_name":"Presas G8 - Presas de escalada para roc\u00f3dromo","article_publisher":"https:\/\/www.facebook.com\/presasescaladag8\/","twitter_card":"summary_large_image","twitter_misc":{"Tempo di lettura stimato":"5 minuti"},"schema":{"@context":"https:\/\/schema.org","@graph":[{"@type":"WebPage","@id":"https:\/\/www.presasg8.es\/it\/avviso-legale\/","url":"https:\/\/www.presasg8.es\/it\/avviso-legale\/","name":"Avviso legale - Presas G8 - Presas de escalada para roc\u00f3dromo","isPartOf":{"@id":"https:\/\/www.presasg8.es\/it\/#website"},"datePublished":"2026-02-06T10:01:11+00:00","breadcrumb":{"@id":"https:\/\/www.presasg8.es\/it\/avviso-legale\/#breadcrumb"},"inLanguage":"it-IT","potentialAction":[{"@type":"ReadAction","target":["https:\/\/www.presasg8.es\/it\/avviso-legale\/"]}]},{"@type":"BreadcrumbList","@id":"https:\/\/www.presasg8.es\/it\/avviso-legale\/#breadcrumb","itemListElement":[{"@type":"ListItem","position":1,"name":"Portada","item":"https:\/\/www.presasg8.es\/it\/"},{"@type":"ListItem","position":2,"name":"Avviso legale"}]},{"@type":"WebSite","@id":"https:\/\/www.presasg8.es\/it\/#website","url":"https:\/\/www.presasg8.es\/it\/","name":"Presas de escalada G8","description":"Tienda online de Presas de escalada para roc\u00f3dromo","publisher":{"@id":"https:\/\/www.presasg8.es\/it\/#organization"},"alternateName":"Presas de escalada para roc\u00f3dromo","potentialAction":[{"@type":"SearchAction","target":{"@type":"EntryPoint","urlTemplate":"https:\/\/www.presasg8.es\/it\/?s={search_term_string}"},"query-input":{"@type":"PropertyValueSpecification","valueRequired":true,"valueName":"search_term_string"}}],"inLanguage":"it-IT"},{"@type":"Organization","@id":"https:\/\/www.presasg8.es\/it\/#organization","name":"Presas de escalada G8","alternateName":"Presas de escalada para roc\u00f3dromo G8","url":"https:\/\/www.presasg8.es\/it\/","logo":{"@type":"ImageObject","inLanguage":"it-IT","@id":"https:\/\/www.presasg8.es\/it\/#\/schema\/logo\/image\/","url":"https:\/\/www.presasg8.es\/wp-content\/uploads\/2023\/09\/logo-presas-g8.jpeg","contentUrl":"https:\/\/www.presasg8.es\/wp-content\/uploads\/2023\/09\/logo-presas-g8.jpeg","width":400,"height":486,"caption":"Presas de escalada G8"},"image":{"@id":"https:\/\/www.presasg8.es\/it\/#\/schema\/logo\/image\/"},"sameAs":["https:\/\/www.facebook.com\/presasescaladag8\/","https:\/\/www.instagram.com\/presasg8\/"]}]}},"_links":{"self":[{"href":"https:\/\/www.presasg8.es\/it\/wp-json\/wp\/v2\/pages\/8576","targetHints":{"allow":["GET"]}}],"collection":[{"href":"https:\/\/www.presasg8.es\/it\/wp-json\/wp\/v2\/pages"}],"about":[{"href":"https:\/\/www.presasg8.es\/it\/wp-json\/wp\/v2\/types\/page"}],"author":[{"embeddable":true,"href":"https:\/\/www.presasg8.es\/it\/wp-json\/wp\/v2\/users\/1"}],"replies":[{"embeddable":true,"href":"https:\/\/www.presasg8.es\/it\/wp-json\/wp\/v2\/comments?post=8576"}],"version-history":[{"count":0,"href":"https:\/\/www.presasg8.es\/it\/wp-json\/wp\/v2\/pages\/8576\/revisions"}],"wp:attachment":[{"href":"https:\/\/www.presasg8.es\/it\/wp-json\/wp\/v2\/media?parent=8576"}],"curies":[{"name":"wp","href":"https:\/\/api.w.org\/{rel}","templated":true}]}}