{"id":4435,"date":"2024-02-13T11:13:14","date_gmt":"2024-02-13T10:13:14","guid":{"rendered":"https:\/\/www.presasg8.es\/?page_id=4435"},"modified":"2026-03-22T09:42:44","modified_gmt":"2026-03-22T08:42:44","slug":"uso-dei-cookie","status":"publish","type":"page","link":"https:\/\/www.presasg8.es\/it\/uso-dei-cookie\/","title":{"rendered":"Informativa sui cookie"},"content":{"rendered":"<p><strong>UTILIZZO DEI COOKIE<\/strong><\/p>\n<p>Questo sito web pu\u00f2 utilizzare cookie tecnici (piccoli file informativi che il server invia al computer di chi accede alla pagina) per svolgere alcune funzioni ritenute essenziali per il corretto funzionamento e la visualizzazione del sito. I cookie utilizzati sono, in ogni caso, di natura temporanea, al solo scopo di rendere pi\u00f9 efficiente la navigazione, e scompaiono al termine della sessione dell&#8217;utente. In nessun caso questi cookie forniscono dati di natura personale e non saranno utilizzati per raccogliere tali dati.  <\/p>\n<p>Attraverso l&#8217;uso dei cookie \u00e8 anche possibile che il server in cui si trova il sito web riconosca il browser utilizzato dall&#8217;utente per facilitare la navigazione, consentendo, ad esempio, agli utenti che si sono precedentemente registrati di accedere alle aree, ai servizi, alle promozioni o ai concorsi riservati esclusivamente a loro senza doversi registrare ad ogni visita. Possono anche essere utilizzati per misurare l&#8217;audience, i parametri di traffico, controllare l&#8217;andamento e il numero delle iscrizioni, ecc. <\/p>\n<p>Questo sito web non installer\u00e0 cookie non necessari senza il previo consenso dell&#8217;utente. Questo sito web utilizza cookie propri e di terze parti per scopi analitici e per mostrarti pubblicit\u00e0 personalizzata basata su un profilo delle tue abitudini di navigazione (ad esempio, le pagine visitate). Tutti gli utenti che visitano il sito web sono informati dell&#8217;utilizzo di questi cookie tramite un banner fluttuante. Se accetti il loro utilizzo, il banner scomparir\u00e0, ma potrai revocare il tuo consenso in qualsiasi momento e ottenere maggiori informazioni consultando la nostra Informativa sui cookie.   <\/p>\n<p>L&#8217;utente ha la possibilit\u00e0 di configurare il proprio browser per essere avvisato della ricezione dei cookie e per impedirne l&#8217;installazione sul proprio computer. Per ulteriori informazioni, consulta le istruzioni del tuo browser. <\/p>\n<p><strong>POLITICA DEI COLLEGAMENTI<\/strong><\/p>\n<p>Dal Sito \u00e8 possibile che tu venga reindirizzato a contenuti di siti web di terzi. Poich\u00e9 Peses de escalada G8 non pu\u00f2 sempre controllare i contenuti introdotti da terzi nei rispettivi siti web, non si assume alcun tipo di responsabilit\u00e0 in merito a tali contenuti. In ogni caso, proceder\u00e0 all&#8217;immediata rimozione di qualsiasi contenuto che possa contravvenire alla legislazione nazionale o internazionale, alla morale o all&#8217;ordine pubblico, procedendo all&#8217;immediato ritiro del reindirizzamento a tale sito web, informando le autorit\u00e0 competenti del contenuto in questione.  <\/p>\n<p>Peses de escalada G8 non \u00e8 responsabile delle informazioni e dei contenuti memorizzati, a titolo esemplificativo e non esaustivo, nei forum, nelle chat, nei generatori di blog, nei commenti, nei social network o in qualsiasi altro mezzo che consenta a terzi di pubblicare contenuti indipendentemente dal sito web di Peses de escalada G8. Tuttavia, in conformit\u00e0 con le disposizioni degli articoli 11 e 16 della LSSICE, \u00e8 a disposizione di tutti gli utenti, delle autorit\u00e0 e delle forze di sicurezza, che collaborano attivamente alla rimozione o, se del caso, al blocco di tutti i contenuti che possono pregiudicare o contravvenire alla legislazione nazionale o internazionale, ai diritti di terzi o alla morale e all&#8217;ordine pubblico. Nel caso in cui l&#8217;utente ritenga che sul sito web siano presenti contenuti suscettibili di questa classificazione, \u00e8 pregato di comunicarlo immediatamente all&#8217;amministratore del sito.  <\/p>\n<p>Questo Sito web \u00e8 stato controllato e testato per garantirne il corretto funzionamento. In linea di massima, \u00e8 possibile garantirne il corretto funzionamento per 365 giorni all&#8217;anno, 24 ore al giorno. Tuttavia, Peses de escalada G8 non esclude la possibilit\u00e0 di alcuni errori di programmazione o il verificarsi di cause di forza maggiore, disastri naturali, scioperi o circostanze simili che rendano impossibile l&#8217;accesso al sito web.  <\/p>\n<p><strong>INDIRIZZI IP<\/strong><\/p>\n<p>I server del sito web possono rilevare automaticamente l&#8217;indirizzo IP e il nome di dominio utilizzati dall&#8217;utente. L&#8217;indirizzo IP \u00e8 un numero assegnato automaticamente a un computer quando si connette a Internet. Tutte queste informazioni vengono registrate in un file di attivit\u00e0 del server debitamente registrato che consente la successiva elaborazione dei dati per ottenere misurazioni puramente statistiche che permettono di conoscere il numero di impressioni di pagina, il numero di visite effettuate ai server web, l&#8217;ordine delle visite, il punto di accesso, ecc.  <\/p>\n<p><strong>PROTEZIONE DEI DATI<\/strong><\/p>\n<p>Per utilizzare il modulo di contatto, gli Utenti devono prima fornire alcuni dati personali. A tal fine, Peses de escalada G8 tratter\u00e0 i Dati Personali in conformit\u00e0 con il LOPDGDD e il Regolamento Generale Europeo sulla Protezione dei Dati UE 679\/2016. A tal fine, l&#8217;utente pu\u00f2 accedere alla politica seguita nel trattamento dei dati personali e alla definizione delle finalit\u00e0 precedentemente stabilite, come previsto dalle condizioni definite nella Politica di Protezione dei Dati presentata su questo Sito web.  <\/p>\n<p><strong>REGISTRAZIONE DELL&#8217;UTENTE\/CLIENTE<\/strong><\/p>\n<p>Puoi acquistare i prodotti come utente o registrandoti come cliente. In entrambi i casi, i dati verranno richiesti e inseriti nel modulo corrispondente. Se ti registri come cliente, verr\u00e0 creato un account con un nome utente e una password; la registrazione implica l&#8217;uso di cookie o di altri mezzi simili che consentono di registrare le tue preferenze di navigazione e di identificarti quando ti colleghi dallo stesso computer. La registrazione come utente \u00e8 gratuita. L&#8217;utente pu\u00f2 annullare l&#8217;iscrizione in qualsiasi momento inviando un&#8217;e-mail a    <\/p>\n<p><strong>LEGGE APPLICABILE E GIURISDIZIONE<\/strong><\/p>\n<p>Per la risoluzione di tutte le controversie o questioni relative al presente Sito web o alle attivit\u00e0 ivi svolte, si applicher\u00e0 la legislazione spagnola, alla quale le parti si sottopongono espressamente, nonch\u00e9 le Corti e i Tribunali eventualmente competenti.<\/p>\n","protected":false},"excerpt":{"rendered":"<p>UTILIZZO DEI COOKIE Questo sito web pu\u00f2 utilizzare cookie tecnici  [&#8230;]<\/p>\n","protected":false},"author":1,"featured_media":0,"parent":0,"menu_order":0,"comment_status":"closed","ping_status":"closed","template":"100-width.php","meta":{"_joinchat":[],"footnotes":""},"class_list":["post-4435","page","type-page","status-publish","hentry"],"yoast_head":"<!-- This site is optimized with the Yoast SEO plugin v27.3 - https:\/\/yoast.com\/product\/yoast-seo-wordpress\/ -->\n<title>Informativa sui cookie - Presas G8 - Presas de escalada para roc\u00f3dromo<\/title>\n<meta name=\"robots\" content=\"noindex, follow\" \/>\n<meta property=\"og:locale\" content=\"it_IT\" \/>\n<meta property=\"og:type\" content=\"article\" \/>\n<meta property=\"og:title\" content=\"Informativa sui cookie - Presas G8 - Presas de escalada para roc\u00f3dromo\" \/>\n<meta property=\"og:description\" content=\"UTILIZZO DEI COOKIE Questo sito web pu\u00f2 utilizzare cookie tecnici [...]\" \/>\n<meta property=\"og:url\" content=\"https:\/\/www.presasg8.es\/it\/uso-dei-cookie\/\" \/>\n<meta property=\"og:site_name\" content=\"Presas G8 - Presas de escalada para roc\u00f3dromo\" \/>\n<meta property=\"article:publisher\" content=\"https:\/\/www.facebook.com\/presasescaladag8\/\" \/>\n<meta property=\"article:modified_time\" content=\"2026-03-22T08:42:44+00:00\" \/>\n<meta name=\"twitter:card\" content=\"summary_large_image\" \/>\n<meta name=\"twitter:label1\" content=\"Tempo di lettura stimato\" \/>\n\t<meta name=\"twitter:data1\" content=\"4 minuti\" \/>\n<script type=\"application\/ld+json\" class=\"yoast-schema-graph\">{\"@context\":\"https:\\\/\\\/schema.org\",\"@graph\":[{\"@type\":\"WebPage\",\"@id\":\"https:\\\/\\\/www.presasg8.es\\\/it\\\/uso-dei-cookie\\\/\",\"url\":\"https:\\\/\\\/www.presasg8.es\\\/it\\\/uso-dei-cookie\\\/\",\"name\":\"Informativa sui cookie - Presas G8 - Presas de escalada para roc\u00f3dromo\",\"isPartOf\":{\"@id\":\"https:\\\/\\\/www.presasg8.es\\\/it\\\/#website\"},\"datePublished\":\"2024-02-13T10:13:14+00:00\",\"dateModified\":\"2026-03-22T08:42:44+00:00\",\"breadcrumb\":{\"@id\":\"https:\\\/\\\/www.presasg8.es\\\/it\\\/uso-dei-cookie\\\/#breadcrumb\"},\"inLanguage\":\"it-IT\",\"potentialAction\":[{\"@type\":\"ReadAction\",\"target\":[\"https:\\\/\\\/www.presasg8.es\\\/it\\\/uso-dei-cookie\\\/\"]}]},{\"@type\":\"BreadcrumbList\",\"@id\":\"https:\\\/\\\/www.presasg8.es\\\/it\\\/uso-dei-cookie\\\/#breadcrumb\",\"itemListElement\":[{\"@type\":\"ListItem\",\"position\":1,\"name\":\"Portada\",\"item\":\"https:\\\/\\\/www.presasg8.es\\\/it\\\/\"},{\"@type\":\"ListItem\",\"position\":2,\"name\":\"Informativa sui cookie\"}]},{\"@type\":\"WebSite\",\"@id\":\"https:\\\/\\\/www.presasg8.es\\\/it\\\/#website\",\"url\":\"https:\\\/\\\/www.presasg8.es\\\/it\\\/\",\"name\":\"Presas de escalada G8\",\"description\":\"Tienda online de Presas de escalada para roc\u00f3dromo\",\"publisher\":{\"@id\":\"https:\\\/\\\/www.presasg8.es\\\/it\\\/#organization\"},\"alternateName\":\"Presas de escalada para roc\u00f3dromo\",\"potentialAction\":[{\"@type\":\"SearchAction\",\"target\":{\"@type\":\"EntryPoint\",\"urlTemplate\":\"https:\\\/\\\/www.presasg8.es\\\/it\\\/?s={search_term_string}\"},\"query-input\":{\"@type\":\"PropertyValueSpecification\",\"valueRequired\":true,\"valueName\":\"search_term_string\"}}],\"inLanguage\":\"it-IT\"},{\"@type\":\"Organization\",\"@id\":\"https:\\\/\\\/www.presasg8.es\\\/it\\\/#organization\",\"name\":\"Presas de escalada G8\",\"alternateName\":\"Presas de escalada para roc\u00f3dromo G8\",\"url\":\"https:\\\/\\\/www.presasg8.es\\\/it\\\/\",\"logo\":{\"@type\":\"ImageObject\",\"inLanguage\":\"it-IT\",\"@id\":\"https:\\\/\\\/www.presasg8.es\\\/it\\\/#\\\/schema\\\/logo\\\/image\\\/\",\"url\":\"https:\\\/\\\/www.presasg8.es\\\/wp-content\\\/uploads\\\/2023\\\/09\\\/logo-presas-g8.jpeg\",\"contentUrl\":\"https:\\\/\\\/www.presasg8.es\\\/wp-content\\\/uploads\\\/2023\\\/09\\\/logo-presas-g8.jpeg\",\"width\":400,\"height\":486,\"caption\":\"Presas de escalada G8\"},\"image\":{\"@id\":\"https:\\\/\\\/www.presasg8.es\\\/it\\\/#\\\/schema\\\/logo\\\/image\\\/\"},\"sameAs\":[\"https:\\\/\\\/www.facebook.com\\\/presasescaladag8\\\/\",\"https:\\\/\\\/www.instagram.com\\\/presasg8\\\/\"]}]}<\/script>\n<!-- \/ Yoast SEO plugin. -->","yoast_head_json":{"title":"Informativa sui cookie - Presas G8 - Presas de escalada para roc\u00f3dromo","robots":{"index":"noindex","follow":"follow"},"og_locale":"it_IT","og_type":"article","og_title":"Informativa sui cookie - Presas G8 - Presas de escalada para roc\u00f3dromo","og_description":"UTILIZZO DEI COOKIE Questo sito web pu\u00f2 utilizzare cookie tecnici [...]","og_url":"https:\/\/www.presasg8.es\/it\/uso-dei-cookie\/","og_site_name":"Presas G8 - Presas de escalada para roc\u00f3dromo","article_publisher":"https:\/\/www.facebook.com\/presasescaladag8\/","article_modified_time":"2026-03-22T08:42:44+00:00","twitter_card":"summary_large_image","twitter_misc":{"Tempo di lettura stimato":"4 minuti"},"schema":{"@context":"https:\/\/schema.org","@graph":[{"@type":"WebPage","@id":"https:\/\/www.presasg8.es\/it\/uso-dei-cookie\/","url":"https:\/\/www.presasg8.es\/it\/uso-dei-cookie\/","name":"Informativa sui cookie - Presas G8 - Presas de escalada para roc\u00f3dromo","isPartOf":{"@id":"https:\/\/www.presasg8.es\/it\/#website"},"datePublished":"2024-02-13T10:13:14+00:00","dateModified":"2026-03-22T08:42:44+00:00","breadcrumb":{"@id":"https:\/\/www.presasg8.es\/it\/uso-dei-cookie\/#breadcrumb"},"inLanguage":"it-IT","potentialAction":[{"@type":"ReadAction","target":["https:\/\/www.presasg8.es\/it\/uso-dei-cookie\/"]}]},{"@type":"BreadcrumbList","@id":"https:\/\/www.presasg8.es\/it\/uso-dei-cookie\/#breadcrumb","itemListElement":[{"@type":"ListItem","position":1,"name":"Portada","item":"https:\/\/www.presasg8.es\/it\/"},{"@type":"ListItem","position":2,"name":"Informativa sui cookie"}]},{"@type":"WebSite","@id":"https:\/\/www.presasg8.es\/it\/#website","url":"https:\/\/www.presasg8.es\/it\/","name":"Presas de escalada G8","description":"Tienda online de Presas de escalada para roc\u00f3dromo","publisher":{"@id":"https:\/\/www.presasg8.es\/it\/#organization"},"alternateName":"Presas de escalada para roc\u00f3dromo","potentialAction":[{"@type":"SearchAction","target":{"@type":"EntryPoint","urlTemplate":"https:\/\/www.presasg8.es\/it\/?s={search_term_string}"},"query-input":{"@type":"PropertyValueSpecification","valueRequired":true,"valueName":"search_term_string"}}],"inLanguage":"it-IT"},{"@type":"Organization","@id":"https:\/\/www.presasg8.es\/it\/#organization","name":"Presas de escalada G8","alternateName":"Presas de escalada para roc\u00f3dromo G8","url":"https:\/\/www.presasg8.es\/it\/","logo":{"@type":"ImageObject","inLanguage":"it-IT","@id":"https:\/\/www.presasg8.es\/it\/#\/schema\/logo\/image\/","url":"https:\/\/www.presasg8.es\/wp-content\/uploads\/2023\/09\/logo-presas-g8.jpeg","contentUrl":"https:\/\/www.presasg8.es\/wp-content\/uploads\/2023\/09\/logo-presas-g8.jpeg","width":400,"height":486,"caption":"Presas de escalada G8"},"image":{"@id":"https:\/\/www.presasg8.es\/it\/#\/schema\/logo\/image\/"},"sameAs":["https:\/\/www.facebook.com\/presasescaladag8\/","https:\/\/www.instagram.com\/presasg8\/"]}]}},"_links":{"self":[{"href":"https:\/\/www.presasg8.es\/it\/wp-json\/wp\/v2\/pages\/4435","targetHints":{"allow":["GET"]}}],"collection":[{"href":"https:\/\/www.presasg8.es\/it\/wp-json\/wp\/v2\/pages"}],"about":[{"href":"https:\/\/www.presasg8.es\/it\/wp-json\/wp\/v2\/types\/page"}],"author":[{"embeddable":true,"href":"https:\/\/www.presasg8.es\/it\/wp-json\/wp\/v2\/users\/1"}],"replies":[{"embeddable":true,"href":"https:\/\/www.presasg8.es\/it\/wp-json\/wp\/v2\/comments?post=4435"}],"version-history":[{"count":0,"href":"https:\/\/www.presasg8.es\/it\/wp-json\/wp\/v2\/pages\/4435\/revisions"}],"wp:attachment":[{"href":"https:\/\/www.presasg8.es\/it\/wp-json\/wp\/v2\/media?parent=4435"}],"curies":[{"name":"wp","href":"https:\/\/api.w.org\/{rel}","templated":true}]}}