{"id":4428,"date":"2024-02-13T11:11:16","date_gmt":"2024-02-13T10:11:16","guid":{"rendered":"https:\/\/www.presasg8.es\/?page_id=4428"},"modified":"2026-03-22T09:42:46","modified_gmt":"2026-03-22T08:42:46","slug":"termini-e-condizioni","status":"publish","type":"page","link":"https:\/\/www.presasg8.es\/it\/termini-e-condizioni\/","title":{"rendered":"Termini e condizioni"},"content":{"rendered":"<p>Presas de escalada G8, responsabile del sito web, mette a disposizione degli utenti il presente documento, con il quale intende adempiere agli obblighi previsti dalla Legge 34\/2002, dell&#8217;11 luglio, sui Servizi della Societ\u00e0 dell&#8217;Informazione e del Commercio Elettronico (LSSICE), oltre a informare tutti gli utenti del sito web delle condizioni di utilizzo.<\/p>\n<p>Presas de escalada G8 fornisce, attraverso i contenuti di questo sito web, informazioni chiare e gratuite agli utenti sull&#8217;azienda stessa, sulla sua storia e sui suoi prodotti, impegnandosi all&#8217;osservanza e al rigoroso rispetto delle disposizioni qui riportate, nonch\u00e9 di ogni altra disposizione di legge eventualmente applicabile.<\/p>\n<p>Presas de escalada G8 si riserva il diritto di modificare qualsiasi tipo di informazione che possa apparire sul sito web, senza alcun obbligo di preavviso o di informazione agli utenti, intendendo come sufficiente la pubblicazione su questo sito web.<\/p>\n<p><strong>DATI DI IDENTIFICAZIONE<\/strong><\/p>\n<p>Nome di dominio: www.presasg8.es<\/p>\n<p>Nome commerciale: G8 Soste per l&#8217;arrampicata<\/p>\n<p>Nome dell&#8217;azienda: Presas de escalada G8<\/p>\n<p>PARTITA IVA: 47068091V<\/p>\n<p>Sede legale: Pablo Medina 32, 02005, Albacete<\/p>\n<p>&nbsp;<\/p>\n<p><strong>DIRITTI DI PROPRIET\u00c0 INTELLETTUALE E INDUSTRIALE<\/strong><\/p>\n<p>Il sito web, compresi, ma non solo, la programmazione, l&#8217;editing, la compilazione e gli altri elementi necessari al suo funzionamento, i disegni, i loghi, il testo e\/o la grafica, sono di propriet\u00e0 di Peses de escalada G8 o, se del caso, hanno una licenza o un&#8217;autorizzazione esplicita da parte degli autori. Tutti i contenuti del Sito sono debitamente protetti dalle norme in materia di propriet\u00e0 intellettuale e industriale, nonch\u00e9 registrati nei corrispondenti registri pubblici.<\/p>\n<p>Indipendentemente dallo scopo per cui sono stati concepiti, la riproduzione totale o parziale, l&#8217;uso, lo sfruttamento, la distribuzione e la commercializzazione richiedono in ogni caso la previa autorizzazione scritta di Presas de escalada G8. Qualsiasi utilizzo non autorizzato \u00e8 considerato una grave violazione dei diritti di propriet\u00e0 intellettuale o industriale dell&#8217;autore.<\/p>\n<p>I disegni, i loghi, i testi e\/o la grafica che non appartengono a Presas de escalada G8 e che possono comparire sul sito web appartengono ai rispettivi proprietari, i quali sono responsabili di ogni eventuale controversia che possa sorgere in relazione agli stessi. Peses de escalada G8 autorizza espressamente i terzi a reindirizzare direttamente ai contenuti specifici del sito web, e in ogni caso a reindirizzare al sito web principale.<\/p>\n<p>Presas de escalada G8, riconosce a favore dei suoi titolari i corrispondenti diritti di propriet\u00e0 intellettuale e industriale, e la loro semplice menzione o apparizione sul Sito Web non implica l&#8217;esistenza di alcun diritto o responsabilit\u00e0 sugli stessi, n\u00e9 alcun avallo, sponsorizzazione o raccomandazione da parte degli stessi.<\/p>\n<p>Per esprimere commenti su eventuali violazioni dei diritti di propriet\u00e0 intellettuale o industriale, nonch\u00e9 su qualsiasi contenuto del Sito, \u00e8 possibile inviare un&#8217;e-mail al seguente indirizzo: <a href=\"mailto:nicolas_ggp@hotmail.com\">nicolas_ggp@hotmail.com<\/a><\/p>\n<p>&nbsp;<\/p>\n<p><strong>OBBLIGHI E RESPONSABILIT\u00c0 DELL&#8217;UTENTE<\/strong><\/p>\n<p>L&#8217;utente si impegna a:<\/p>\n<ol>\n<li>Fare un uso corretto e lecito del sito web e dei suoi contenuti e servizi, in conformit\u00e0 con: (i) la legge applicabile di volta in volta; (ii) le Condizioni generali di utilizzo del Sito web; (iii) la moralit\u00e0 e il buon costume generalmente accettati e (iv) i principi di moralit\u00e0 e buon costume generalmente accettati. (iv) l&#8217;ordine pubblico.<\/li>\n<li>Fornire tutti i mezzi e i requisiti tecnici necessari per accedere al Sito.<\/li>\n<li>Fornire informazioni veritiere quando si compilano i moduli contenuti nel Sito con i propri dati personali e mantenerli sempre aggiornati in modo che rispondano, in ogni momento, alla situazione reale dell&#8217;utente. L&#8217;utente \u00e8 l&#8217;unico responsabile di eventuali dichiarazioni false o inesatte e di eventuali danni causati a Presas de escalada G8 o a terzi a causa delle informazioni fornite.<\/li>\n<\/ol>\n<p>L&#8217;utente dovr\u00e0 inoltre astenersi da:<\/p>\n<ol>\n<li>Fare un uso non autorizzato o fraudolento del Sito e\/o dei suoi contenuti per scopi o effetti illeciti, vietati dalle presenti Condizioni Generali d&#8217;Uso, lesivi dei diritti e degli interessi di terzi, o che in qualsiasi modo possano danneggiare, rendere inutilizzabili, sovraccaricare, deteriorare o impedire il normale utilizzo dei servizi o dei documenti, dei file e di tutti i tipi di contenuti memorizzati in qualsiasi apparecchiatura informatica.<\/li>\n<li>Accedere o tentare di accedere a risorse o aree riservate del Sito web, senza rispettare le condizioni richieste per tale accesso.<\/li>\n<li>causare danni ai sistemi fisici o logici del Sito Web, dei suoi fornitori o di terzi.<\/li>\n<li>Introdurre o diffondere virus informatici o qualsiasi altro sistema fisico o logico che possa causare danni ai sistemi fisici o logici di Presas de escalada G8, dei suoi fornitori o di terzi.<\/li>\n<li>Tentare di accedere, utilizzare e\/o manipolare i dati di Presas de escalada G8, di fornitori terzi e di altri utenti.<\/li>\n<li>Riprodurre o copiare, distribuire, consentire l&#8217;accesso pubblico attraverso qualsiasi forma di comunicazione pubblica, trasformare o modificare i contenuti, a meno che non sia autorizzato dal titolare dei diritti corrispondenti o sia legalmente consentito.<\/li>\n<li>Eliminare, nascondere o manipolare le note sui diritti di propriet\u00e0 intellettuale o industriale e altri dati identificativi dei diritti di Presas de escalada G8, o di terzi incorporati nei contenuti, nonch\u00e9 i dispositivi tecnici di protezione o qualsiasi meccanismo di informazione che possa essere inserito nei contenuti.<\/li>\n<li>Ottenere e tentare di ottenere i contenuti con mezzi o procedure diversi da quelli che, a seconda dei casi, sono stati resi disponibili a tale scopo o che sono stati espressamente indicati nelle pagine web in cui si trovano i contenuti o, in generale, quelli normalmente utilizzati su Internet perch\u00e9 non comportano il rischio di danneggiare o disabilitare il sito web e\/o i contenuti.<\/li>\n<li>In particolare, a titolo meramente esemplificativo e non esaustivo, l&#8217;utente si impegna a non trasmettere, diffondere o mettere a disposizione di terzi informazioni, dati, contenuti, messaggi, grafici, disegni, file audio e\/o immagini, fotografie, registrazioni, software e, in generale, qualsiasi tipo di materiale che:\n<ul>\n<li>(In qualsiasi modo che sia contrario, pregiudichi o violi i diritti fondamentali e le libert\u00e0 pubbliche riconosciuti dalla Costituzione, dai trattati internazionali e dal resto della legislazione in vigore).<\/li>\n<li>Induce, incita o promuove azioni criminali, denigratorie, diffamatorie o violente o, in generale, azioni contrarie alla legge, alla morale, ai buoni costumi generalmente accettati o all&#8217;ordine pubblico.<\/li>\n<li>Induce, incita o promuove azioni, atteggiamenti o pensieri discriminatori per motivi di sesso, razza, religione, credo, et\u00e0 o status.<\/li>\n<\/ul>\n<\/li>\n<\/ol>\n<p>Incorporare, rendere disponibile o consentire l&#8217;accesso a prodotti, articoli, messaggi e\/o servizi<\/p>\n<p>&nbsp;<\/p>\n<p><strong>RESPONSABILIT\u00c0<\/strong><\/p>\n<p>Presas de escalada G8 non garantisce l&#8217;accesso continuo, n\u00e9 la corretta visualizzazione, il download o l&#8217;utilizzo degli elementi e delle informazioni contenute nelle pagine, che possono essere impediti, ostacolati o interrotti da fattori o circostanze al di fuori del suo controllo.<\/p>\n<p>Presas de escalada G8 potr\u00e0 interrompere il servizio o interrompere immediatamente il rapporto con l&#8217;utente nel caso in cui rilevi che l&#8217;utilizzo del proprio sito web sia contrario alle presenti Condizioni Generali d&#8217;Uso. Presas de escalada G8 non sar\u00e0 responsabile di eventuali danni, perdite, reclami o spese derivanti dall&#8217;uso del Sito. Sar\u00e0 responsabile solo della rimozione, nel pi\u00f9 breve tempo possibile, dei contenuti che possono causare tali danni, a condizione che ci\u00f2 venga notificato. In particolare, non sar\u00e0 responsabile di eventuali danni che possono derivare, tra l&#8217;altro, da:<\/p>\n<p>(i) interferenze, interruzioni, guasti, omissioni, guasti telefonici, ritardi, blocchi o disconnessioni nel funzionamento del sistema elettronico, causati da carenze, sovraccarichi ed errori nelle linee e nelle reti di telecomunicazione, o qualsiasi altra causa al di fuori del controllo di Presas de escalada G8.<\/p>\n<p>(ii) interferenze illegali attraverso l&#8217;uso di software dannoso di qualsiasi tipo e con qualsiasi mezzo di comunicazione, come virus informatici o qualsiasi altro mezzo.<\/p>\n<p>(iii) abuso improprio o inopportuno del Sito web.<\/p>\n<p>(iv) errori di sicurezza o di navigazione causati da un malfunzionamento del browser o dall&#8217;utilizzo di versioni non aggiornate del browser. Gli amministratori si riservano il diritto di ritirare, in tutto o in parte, qualsiasi contenuto o informazione presente sul Sito.<\/p>\n<p>Presas de escalada G8, esclude qualsiasi responsabilit\u00e0 per danni di qualsiasi tipo che possano essere dovuti a un uso improprio del Sito da parte degli utenti.<\/p>\n<p>Allo stesso modo, Presas de escalada G8 \u00e8 esonerata da qualsiasi responsabilit\u00e0 per il contenuto e le informazioni che possono essere ricevute come risultato dei moduli di raccolta dati, che vengono utilizzati esclusivamente per la fornitura di servizi per domande e dubbi. D&#8217;altra parte, nel caso in cui si verifichino danni dovuti a un uso illecito o scorretto di tali servizi, l&#8217;utente potr\u00e0 essere chiamato in causa da Presas de escalada G8 per i danni causati.<\/p>\n<p>L&#8217;utente si impegna a difendere, indennizzare e tenere indenne Presas de escalada G8 da qualsiasi danno derivante da reclami, azioni o richieste di terzi in conseguenza dell&#8217;accesso o dell&#8217;utilizzo del Sito da parte dell&#8217;utente. L&#8217;utente si impegna inoltre a tenere indenne Presas de escalada G8 da qualsiasi danno derivante dall&#8217;utilizzo da parte dell&#8217;utente di &#8220;robot&#8221;, &#8220;spider&#8221;, &#8220;crawler&#8221; o strumenti simili utilizzati allo scopo di raccogliere o estrarre dati o da qualsiasi altra azione da parte dell&#8217;utente che imponga un onere irragionevole al funzionamento del Sito.<\/p>\n","protected":false},"excerpt":{"rendered":"<p>Presas de escalada G8, responsabile del sito web, mette a  [&#8230;]<\/p>\n","protected":false},"author":1,"featured_media":0,"parent":0,"menu_order":0,"comment_status":"closed","ping_status":"closed","template":"100-width.php","meta":{"_joinchat":[],"footnotes":""},"class_list":["post-4428","page","type-page","status-publish","hentry"],"yoast_head":"<!-- This site is optimized with the Yoast SEO plugin v27.3 - https:\/\/yoast.com\/product\/yoast-seo-wordpress\/ -->\n<title>Termini e condizioni - Presas G8 - Presas de escalada para roc\u00f3dromo<\/title>\n<meta name=\"robots\" content=\"noindex, follow\" \/>\n<meta property=\"og:locale\" content=\"it_IT\" \/>\n<meta property=\"og:type\" content=\"article\" \/>\n<meta property=\"og:title\" content=\"Termini e condizioni - Presas G8 - Presas de escalada para roc\u00f3dromo\" \/>\n<meta property=\"og:description\" content=\"Presas de escalada G8, responsabile del sito web, mette a [...]\" \/>\n<meta property=\"og:url\" content=\"https:\/\/www.presasg8.es\/it\/termini-e-condizioni\/\" \/>\n<meta property=\"og:site_name\" content=\"Presas G8 - Presas de escalada para roc\u00f3dromo\" \/>\n<meta property=\"article:publisher\" content=\"https:\/\/www.facebook.com\/presasescaladag8\/\" \/>\n<meta property=\"article:modified_time\" content=\"2026-03-22T08:42:46+00:00\" \/>\n<meta name=\"twitter:card\" content=\"summary_large_image\" \/>\n<meta name=\"twitter:label1\" content=\"Tempo di lettura stimato\" \/>\n\t<meta name=\"twitter:data1\" content=\"7 minuti\" \/>\n<script type=\"application\/ld+json\" class=\"yoast-schema-graph\">{\"@context\":\"https:\\\/\\\/schema.org\",\"@graph\":[{\"@type\":\"WebPage\",\"@id\":\"https:\\\/\\\/www.presasg8.es\\\/it\\\/termini-e-condizioni\\\/\",\"url\":\"https:\\\/\\\/www.presasg8.es\\\/it\\\/termini-e-condizioni\\\/\",\"name\":\"Termini e condizioni - Presas G8 - Presas de escalada para roc\u00f3dromo\",\"isPartOf\":{\"@id\":\"https:\\\/\\\/www.presasg8.es\\\/it\\\/#website\"},\"datePublished\":\"2024-02-13T10:11:16+00:00\",\"dateModified\":\"2026-03-22T08:42:46+00:00\",\"breadcrumb\":{\"@id\":\"https:\\\/\\\/www.presasg8.es\\\/it\\\/termini-e-condizioni\\\/#breadcrumb\"},\"inLanguage\":\"it-IT\",\"potentialAction\":[{\"@type\":\"ReadAction\",\"target\":[\"https:\\\/\\\/www.presasg8.es\\\/it\\\/termini-e-condizioni\\\/\"]}]},{\"@type\":\"BreadcrumbList\",\"@id\":\"https:\\\/\\\/www.presasg8.es\\\/it\\\/termini-e-condizioni\\\/#breadcrumb\",\"itemListElement\":[{\"@type\":\"ListItem\",\"position\":1,\"name\":\"Portada\",\"item\":\"https:\\\/\\\/www.presasg8.es\\\/it\\\/\"},{\"@type\":\"ListItem\",\"position\":2,\"name\":\"Termini e condizioni\"}]},{\"@type\":\"WebSite\",\"@id\":\"https:\\\/\\\/www.presasg8.es\\\/it\\\/#website\",\"url\":\"https:\\\/\\\/www.presasg8.es\\\/it\\\/\",\"name\":\"Presas de escalada G8\",\"description\":\"Tienda online de Presas de escalada para roc\u00f3dromo\",\"publisher\":{\"@id\":\"https:\\\/\\\/www.presasg8.es\\\/it\\\/#organization\"},\"alternateName\":\"Presas de escalada para roc\u00f3dromo\",\"potentialAction\":[{\"@type\":\"SearchAction\",\"target\":{\"@type\":\"EntryPoint\",\"urlTemplate\":\"https:\\\/\\\/www.presasg8.es\\\/it\\\/?s={search_term_string}\"},\"query-input\":{\"@type\":\"PropertyValueSpecification\",\"valueRequired\":true,\"valueName\":\"search_term_string\"}}],\"inLanguage\":\"it-IT\"},{\"@type\":\"Organization\",\"@id\":\"https:\\\/\\\/www.presasg8.es\\\/it\\\/#organization\",\"name\":\"Presas de escalada G8\",\"alternateName\":\"Presas de escalada para roc\u00f3dromo G8\",\"url\":\"https:\\\/\\\/www.presasg8.es\\\/it\\\/\",\"logo\":{\"@type\":\"ImageObject\",\"inLanguage\":\"it-IT\",\"@id\":\"https:\\\/\\\/www.presasg8.es\\\/it\\\/#\\\/schema\\\/logo\\\/image\\\/\",\"url\":\"https:\\\/\\\/www.presasg8.es\\\/wp-content\\\/uploads\\\/2023\\\/09\\\/logo-presas-g8.jpeg\",\"contentUrl\":\"https:\\\/\\\/www.presasg8.es\\\/wp-content\\\/uploads\\\/2023\\\/09\\\/logo-presas-g8.jpeg\",\"width\":400,\"height\":486,\"caption\":\"Presas de escalada G8\"},\"image\":{\"@id\":\"https:\\\/\\\/www.presasg8.es\\\/it\\\/#\\\/schema\\\/logo\\\/image\\\/\"},\"sameAs\":[\"https:\\\/\\\/www.facebook.com\\\/presasescaladag8\\\/\",\"https:\\\/\\\/www.instagram.com\\\/presasg8\\\/\"]}]}<\/script>\n<!-- \/ Yoast SEO plugin. -->","yoast_head_json":{"title":"Termini e condizioni - Presas G8 - Presas de escalada para roc\u00f3dromo","robots":{"index":"noindex","follow":"follow"},"og_locale":"it_IT","og_type":"article","og_title":"Termini e condizioni - Presas G8 - Presas de escalada para roc\u00f3dromo","og_description":"Presas de escalada G8, responsabile del sito web, mette a [...]","og_url":"https:\/\/www.presasg8.es\/it\/termini-e-condizioni\/","og_site_name":"Presas G8 - Presas de escalada para roc\u00f3dromo","article_publisher":"https:\/\/www.facebook.com\/presasescaladag8\/","article_modified_time":"2026-03-22T08:42:46+00:00","twitter_card":"summary_large_image","twitter_misc":{"Tempo di lettura stimato":"7 minuti"},"schema":{"@context":"https:\/\/schema.org","@graph":[{"@type":"WebPage","@id":"https:\/\/www.presasg8.es\/it\/termini-e-condizioni\/","url":"https:\/\/www.presasg8.es\/it\/termini-e-condizioni\/","name":"Termini e condizioni - Presas G8 - Presas de escalada para roc\u00f3dromo","isPartOf":{"@id":"https:\/\/www.presasg8.es\/it\/#website"},"datePublished":"2024-02-13T10:11:16+00:00","dateModified":"2026-03-22T08:42:46+00:00","breadcrumb":{"@id":"https:\/\/www.presasg8.es\/it\/termini-e-condizioni\/#breadcrumb"},"inLanguage":"it-IT","potentialAction":[{"@type":"ReadAction","target":["https:\/\/www.presasg8.es\/it\/termini-e-condizioni\/"]}]},{"@type":"BreadcrumbList","@id":"https:\/\/www.presasg8.es\/it\/termini-e-condizioni\/#breadcrumb","itemListElement":[{"@type":"ListItem","position":1,"name":"Portada","item":"https:\/\/www.presasg8.es\/it\/"},{"@type":"ListItem","position":2,"name":"Termini e condizioni"}]},{"@type":"WebSite","@id":"https:\/\/www.presasg8.es\/it\/#website","url":"https:\/\/www.presasg8.es\/it\/","name":"Presas de escalada G8","description":"Tienda online de Presas de escalada para roc\u00f3dromo","publisher":{"@id":"https:\/\/www.presasg8.es\/it\/#organization"},"alternateName":"Presas de escalada para roc\u00f3dromo","potentialAction":[{"@type":"SearchAction","target":{"@type":"EntryPoint","urlTemplate":"https:\/\/www.presasg8.es\/it\/?s={search_term_string}"},"query-input":{"@type":"PropertyValueSpecification","valueRequired":true,"valueName":"search_term_string"}}],"inLanguage":"it-IT"},{"@type":"Organization","@id":"https:\/\/www.presasg8.es\/it\/#organization","name":"Presas de escalada G8","alternateName":"Presas de escalada para roc\u00f3dromo G8","url":"https:\/\/www.presasg8.es\/it\/","logo":{"@type":"ImageObject","inLanguage":"it-IT","@id":"https:\/\/www.presasg8.es\/it\/#\/schema\/logo\/image\/","url":"https:\/\/www.presasg8.es\/wp-content\/uploads\/2023\/09\/logo-presas-g8.jpeg","contentUrl":"https:\/\/www.presasg8.es\/wp-content\/uploads\/2023\/09\/logo-presas-g8.jpeg","width":400,"height":486,"caption":"Presas de escalada G8"},"image":{"@id":"https:\/\/www.presasg8.es\/it\/#\/schema\/logo\/image\/"},"sameAs":["https:\/\/www.facebook.com\/presasescaladag8\/","https:\/\/www.instagram.com\/presasg8\/"]}]}},"_links":{"self":[{"href":"https:\/\/www.presasg8.es\/it\/wp-json\/wp\/v2\/pages\/4428","targetHints":{"allow":["GET"]}}],"collection":[{"href":"https:\/\/www.presasg8.es\/it\/wp-json\/wp\/v2\/pages"}],"about":[{"href":"https:\/\/www.presasg8.es\/it\/wp-json\/wp\/v2\/types\/page"}],"author":[{"embeddable":true,"href":"https:\/\/www.presasg8.es\/it\/wp-json\/wp\/v2\/users\/1"}],"replies":[{"embeddable":true,"href":"https:\/\/www.presasg8.es\/it\/wp-json\/wp\/v2\/comments?post=4428"}],"version-history":[{"count":0,"href":"https:\/\/www.presasg8.es\/it\/wp-json\/wp\/v2\/pages\/4428\/revisions"}],"wp:attachment":[{"href":"https:\/\/www.presasg8.es\/it\/wp-json\/wp\/v2\/media?parent=4428"}],"curies":[{"name":"wp","href":"https:\/\/api.w.org\/{rel}","templated":true}]}}