{"id":4420,"date":"2024-02-13T11:10:35","date_gmt":"2024-02-13T10:10:35","guid":{"rendered":"https:\/\/www.presasg8.es\/?page_id=4420"},"modified":"2026-03-22T09:42:52","modified_gmt":"2026-03-22T08:42:52","slug":"ritornare","status":"publish","type":"page","link":"https:\/\/www.presasg8.es\/it\/ritornare\/","title":{"rendered":"Politica di restituzione"},"content":{"rendered":"<h4 class=\"wp-block-heading\">Ordini e prezzi<\/h4>\n<p>I clienti hanno la possibilit\u00e0 di effettuare tutti gli ordini dal sito web: www.presasg8.es.<\/p>\n<p>Ogni cliente dichiara di avere la piena capacit\u00e0 di utilizzare le carte di credito e di disporre di fondi sufficienti a coprire tutti i costi derivanti dall&#8217;acquisto di prodotti tramite G8 Climbing Dams.<\/p>\n<p>Cliccando sul pulsante &#8220;Paga&#8221; durante il processo di acquisto, l&#8217;utente dichiara di accettare integralmente e senza riserve le presenti Condizioni Generali di Vendita.<\/p>\n<p>I dati registrati da G8 Climbing Dams costituiscono la prova delle transazioni effettuate tra G8 Climbing Dams e i membri della sua Comunit\u00e0 privata. G8 Climbing Dams confermer\u00e0 il vostro ordine inviandovi un&#8217;e-mail.<\/p>\n<p>Le informazioni contrattuali sono presentate in inglese e saranno confermate al pi\u00f9 tardi al momento della consegna.<\/p>\n<p>I prezzi dei nostri prodotti sono comprensivi di tutte le tasse, ma non includono le spese di trasporto.<\/p>\n<p>Presas de escalada G8 si riserva il diritto di modificare i propri prezzi in qualsiasi momento, ma i prodotti saranno fatturati sulla base delle tariffe in vigore al momento della registrazione dell&#8217;ordine (a seconda della disponibilit\u00e0 del prodotto), salvo evidenti errori tipografici.<\/p>\n<p>La merce rimane di propriet\u00e0 del fornitore fino al completo pagamento del prezzo.<\/p>\n<p>G8 Climbing Dams si riserva il diritto di rifiutare un ordine da parte di qualsiasi membro con cui abbia una controversia.<\/p>\n<h4 class=\"wp-block-heading\">Disponibilit\u00e0<\/h4>\n<p>G8 Climbing Dams far\u00e0 del suo meglio per soddisfare tutti i clienti nella richiesta dei prodotti.<\/p>\n<p>In caso di indisponibilit\u00e0 del prodotto dopo l&#8217;invio dell&#8217;ordine, il cliente sar\u00e0 informato via e-mail dell&#8217;annullamento dell&#8217;ordine.<\/p>\n<p>Come conseguenza di questa richiesta, la velocit\u00e0 del rimborso sul conto bancario del cliente dipender\u00e0 dal tipo di carta bancaria e dalle condizioni di ciascuna banca. Tali scadenze sono nuovamente specificate nella clausola &#8220;Consegna&#8221;.<\/p>\n<h4 class=\"wp-block-heading\">Sicurezza<\/h4>\n<p>Per la vostra sicurezza, Presas de escalada G8 ha affidato il sistema di pagamento con carta di credito a un gateway di pagamento.<\/p>\n<p>I dati bancari inseriti vengono criptati e trasmessi in modo sicuro ai server della banca e quindi verificati con la banca emittente per evitare frodi e abusi.<\/p>\n<p>Questa procedura di inserimento dei dati \u00e8 garantita dalla tecnologia di crittografia SSL (Secure Socket Layer) a 128 bit, uno dei sistemi di protezione pi\u00f9 avanzati ed efficaci attualmente disponibili, il che significa che nessun terzo avr\u00e0 accesso via Internet alle informazioni relative ai dati bancari inseriti dal cliente.<\/p>\n<p>Solo la Banca e PayPal hanno accesso alle coordinate bancarie collegate a questi mezzi di pagamento, per cui Presas de escalada G8 non conosce n\u00e9 registra tali coordinate durante la transazione di pagamento.<\/p>\n<h4 class=\"wp-block-heading\">Ritorno<\/h4>\n<p>Tutti i prodotti venduti possono essere restituiti entro 10 giorni dalla data di consegna, in conformit\u00e0 alle disposizioni della legge spagnola sul commercio al dettaglio.<\/p>\n<p>Il cliente deve preventivamente segnalare la propria intenzione via e-mail. Presas de escalada G8 risponder\u00e0 con un&#8217;altra e-mail specificando le istruzioni precise per la restituzione del prodotto.<\/p>\n<p>Le spese di restituzione sono a carico del cliente.<\/p>\n<p>Il rimborso sul conto del cliente in seguito a questa restituzione sar\u00e0 effettuato entro 7 giorni dal ricevimento della merce.<\/p>\n<p>La restituzione non sar\u00e0 possibile in nessun caso se i prodotti forniti sono stati chiaramente utilizzati.<\/p>\n<p>I prodotti devono tassativamente essere restituiti correttamente protetti, nella loro confezione originale, in perfetto stato (non danneggiati o sporcati dal cliente) con tutti gli accessori, le istruzioni e la documentazione. Saranno inviati al luogo indicato da Presas de escalada G8 nelle istruzioni precise per la restituzione del prodotto inviate via e-mail.<\/p>\n<p>Nel caso in cui il reso non venga accettato dal fornitore in quanto il prodotto da restituire \u00e8 stato utilizzato, questi prodotti rimarranno nel magazzino di distribuzione per essere ritirati dal cliente per un periodo non superiore a trenta giorni dalla loro restituzione.<\/p>\n<p>I pacchi privi di allegati che consentano di identificare il mittente (numero d&#8217;ordine, nome, indirizzo, ecc.) non possono essere restituiti.<\/p>\n<p>I costi e i rischi connessi alla restituzione del prodotto sono a carico del mittente, che deve spedirlo in modo sicuro e con le garanzie necessarie affinch\u00e9 la merce restituita arrivi in perfette condizioni.<\/p>\n<p>Attraverso Presas de escalada G8 \u00e8 possibile restituire i prodotti acquistati per l&#8217;importo degli stessi. Al ricevimento dei prodotti restituiti, Prese de escalada G8 verificher\u00e0 che siano in buone condizioni e proceder\u00e0 al rimborso dell&#8217;importo pagato meno le spese di spedizione (9,5\u20ac IVA inclusa), indipendentemente dall&#8217;importo del prodotto restituito.<\/p>\n<p>Chiunque restituisca il prodotto ricever\u00e0 un&#8217;e-mail che lo informer\u00e0 dell&#8217;importo del rimborso.<\/p>\n<h4 class=\"wp-block-heading\">Garanzia<\/h4>\n<p>Tutte le nostre prese per l&#8217;arrampicata sono garantite contro la rottura durante il trasporto o l&#8217;utilizzo. G8 Climbing Dams sostituir\u00e0 immediatamente la diga in questione. La garanzia \u00e8 di 10 giorni per il trasporto e di 1 anno dalla data di ricevimento per le rotture dovute all&#8217;usura.<\/p>\n<h4 class=\"wp-block-heading\">Modifica dei termini e delle condizioni generali di vendita<\/h4>\n<p>Presas de escalada G8 si riserva il diritto di modificare le condizioni generali di vendita senza preavviso, potendo cambiare, eliminare o aggiungere sia i contenuti e i servizi forniti attraverso di essa sia il modo in cui sono presentati o collocati sui suoi server.<\/p>\n<p>Tali modifiche devono essere accettate dall&#8217;Utente ogni volta che effettua un acquisto attraverso il sito web di Presas de escalada G8.<\/p>\n<p>I membri della &#8220;Comunit\u00e0 privata G8 Climbing Dams&#8221; che non accettano le modifiche alle condizioni generali di contratto devono comunicarlo e, a partire dalla data di entrata in vigore della nuova versione, devono cessare di utilizzare i servizi G8 Climbing Dams. Nel caso in cui uno qualsiasi dei termini delle condizioni generali sia illegale o inapplicabile, sar\u00e0 nullo e verranno applicati i termini concordati dalle parti, in mancanza dei quali verr\u00e0 applicato il Codice Civile spagnolo.<\/p>\n","protected":false},"excerpt":{"rendered":"<p>Ordini e prezzi I clienti hanno la possibilit\u00e0 di effettuare  [&#8230;]<\/p>\n","protected":false},"author":1,"featured_media":0,"parent":0,"menu_order":0,"comment_status":"closed","ping_status":"closed","template":"","meta":{"_joinchat":[],"footnotes":""},"class_list":["post-4420","page","type-page","status-publish","hentry"],"yoast_head":"<!-- This site is optimized with the Yoast SEO plugin v27.3 - https:\/\/yoast.com\/product\/yoast-seo-wordpress\/ -->\n<title>Politica di restituzione - Presas G8 - Presas de escalada para roc\u00f3dromo<\/title>\n<meta name=\"robots\" content=\"noindex, follow\" \/>\n<meta property=\"og:locale\" content=\"it_IT\" \/>\n<meta property=\"og:type\" content=\"article\" \/>\n<meta property=\"og:title\" content=\"Politica di restituzione - Presas G8 - Presas de escalada para roc\u00f3dromo\" \/>\n<meta property=\"og:description\" content=\"Ordini e prezzi I clienti hanno la possibilit\u00e0 di effettuare [...]\" \/>\n<meta property=\"og:url\" content=\"https:\/\/www.presasg8.es\/it\/ritornare\/\" \/>\n<meta property=\"og:site_name\" content=\"Presas G8 - Presas de escalada para roc\u00f3dromo\" \/>\n<meta property=\"article:publisher\" content=\"https:\/\/www.facebook.com\/presasescaladag8\/\" \/>\n<meta property=\"article:modified_time\" content=\"2026-03-22T08:42:52+00:00\" \/>\n<meta name=\"twitter:card\" content=\"summary_large_image\" \/>\n<meta name=\"twitter:label1\" content=\"Tempo di lettura stimato\" \/>\n\t<meta name=\"twitter:data1\" content=\"5 minuti\" \/>\n<script type=\"application\/ld+json\" class=\"yoast-schema-graph\">{\"@context\":\"https:\\\/\\\/schema.org\",\"@graph\":[{\"@type\":\"WebPage\",\"@id\":\"https:\\\/\\\/www.presasg8.es\\\/it\\\/ritornare\\\/\",\"url\":\"https:\\\/\\\/www.presasg8.es\\\/it\\\/ritornare\\\/\",\"name\":\"Politica di restituzione - Presas G8 - Presas de escalada para roc\u00f3dromo\",\"isPartOf\":{\"@id\":\"https:\\\/\\\/www.presasg8.es\\\/it\\\/#website\"},\"datePublished\":\"2024-02-13T10:10:35+00:00\",\"dateModified\":\"2026-03-22T08:42:52+00:00\",\"breadcrumb\":{\"@id\":\"https:\\\/\\\/www.presasg8.es\\\/it\\\/ritornare\\\/#breadcrumb\"},\"inLanguage\":\"it-IT\",\"potentialAction\":[{\"@type\":\"ReadAction\",\"target\":[\"https:\\\/\\\/www.presasg8.es\\\/it\\\/ritornare\\\/\"]}]},{\"@type\":\"BreadcrumbList\",\"@id\":\"https:\\\/\\\/www.presasg8.es\\\/it\\\/ritornare\\\/#breadcrumb\",\"itemListElement\":[{\"@type\":\"ListItem\",\"position\":1,\"name\":\"Portada\",\"item\":\"https:\\\/\\\/www.presasg8.es\\\/it\\\/\"},{\"@type\":\"ListItem\",\"position\":2,\"name\":\"Politica di restituzione\"}]},{\"@type\":\"WebSite\",\"@id\":\"https:\\\/\\\/www.presasg8.es\\\/it\\\/#website\",\"url\":\"https:\\\/\\\/www.presasg8.es\\\/it\\\/\",\"name\":\"Presas de escalada G8\",\"description\":\"Tienda online de Presas de escalada para roc\u00f3dromo\",\"publisher\":{\"@id\":\"https:\\\/\\\/www.presasg8.es\\\/it\\\/#organization\"},\"alternateName\":\"Presas de escalada para roc\u00f3dromo\",\"potentialAction\":[{\"@type\":\"SearchAction\",\"target\":{\"@type\":\"EntryPoint\",\"urlTemplate\":\"https:\\\/\\\/www.presasg8.es\\\/it\\\/?s={search_term_string}\"},\"query-input\":{\"@type\":\"PropertyValueSpecification\",\"valueRequired\":true,\"valueName\":\"search_term_string\"}}],\"inLanguage\":\"it-IT\"},{\"@type\":\"Organization\",\"@id\":\"https:\\\/\\\/www.presasg8.es\\\/it\\\/#organization\",\"name\":\"Presas de escalada G8\",\"alternateName\":\"Presas de escalada para roc\u00f3dromo G8\",\"url\":\"https:\\\/\\\/www.presasg8.es\\\/it\\\/\",\"logo\":{\"@type\":\"ImageObject\",\"inLanguage\":\"it-IT\",\"@id\":\"https:\\\/\\\/www.presasg8.es\\\/it\\\/#\\\/schema\\\/logo\\\/image\\\/\",\"url\":\"https:\\\/\\\/www.presasg8.es\\\/wp-content\\\/uploads\\\/2023\\\/09\\\/logo-presas-g8.jpeg\",\"contentUrl\":\"https:\\\/\\\/www.presasg8.es\\\/wp-content\\\/uploads\\\/2023\\\/09\\\/logo-presas-g8.jpeg\",\"width\":400,\"height\":486,\"caption\":\"Presas de escalada G8\"},\"image\":{\"@id\":\"https:\\\/\\\/www.presasg8.es\\\/it\\\/#\\\/schema\\\/logo\\\/image\\\/\"},\"sameAs\":[\"https:\\\/\\\/www.facebook.com\\\/presasescaladag8\\\/\",\"https:\\\/\\\/www.instagram.com\\\/presasg8\\\/\"]}]}<\/script>\n<!-- \/ Yoast SEO plugin. -->","yoast_head_json":{"title":"Politica di restituzione - Presas G8 - Presas de escalada para roc\u00f3dromo","robots":{"index":"noindex","follow":"follow"},"og_locale":"it_IT","og_type":"article","og_title":"Politica di restituzione - Presas G8 - Presas de escalada para roc\u00f3dromo","og_description":"Ordini e prezzi I clienti hanno la possibilit\u00e0 di effettuare [...]","og_url":"https:\/\/www.presasg8.es\/it\/ritornare\/","og_site_name":"Presas G8 - Presas de escalada para roc\u00f3dromo","article_publisher":"https:\/\/www.facebook.com\/presasescaladag8\/","article_modified_time":"2026-03-22T08:42:52+00:00","twitter_card":"summary_large_image","twitter_misc":{"Tempo di lettura stimato":"5 minuti"},"schema":{"@context":"https:\/\/schema.org","@graph":[{"@type":"WebPage","@id":"https:\/\/www.presasg8.es\/it\/ritornare\/","url":"https:\/\/www.presasg8.es\/it\/ritornare\/","name":"Politica di restituzione - Presas G8 - Presas de escalada para roc\u00f3dromo","isPartOf":{"@id":"https:\/\/www.presasg8.es\/it\/#website"},"datePublished":"2024-02-13T10:10:35+00:00","dateModified":"2026-03-22T08:42:52+00:00","breadcrumb":{"@id":"https:\/\/www.presasg8.es\/it\/ritornare\/#breadcrumb"},"inLanguage":"it-IT","potentialAction":[{"@type":"ReadAction","target":["https:\/\/www.presasg8.es\/it\/ritornare\/"]}]},{"@type":"BreadcrumbList","@id":"https:\/\/www.presasg8.es\/it\/ritornare\/#breadcrumb","itemListElement":[{"@type":"ListItem","position":1,"name":"Portada","item":"https:\/\/www.presasg8.es\/it\/"},{"@type":"ListItem","position":2,"name":"Politica di restituzione"}]},{"@type":"WebSite","@id":"https:\/\/www.presasg8.es\/it\/#website","url":"https:\/\/www.presasg8.es\/it\/","name":"Presas de escalada G8","description":"Tienda online de Presas de escalada para roc\u00f3dromo","publisher":{"@id":"https:\/\/www.presasg8.es\/it\/#organization"},"alternateName":"Presas de escalada para roc\u00f3dromo","potentialAction":[{"@type":"SearchAction","target":{"@type":"EntryPoint","urlTemplate":"https:\/\/www.presasg8.es\/it\/?s={search_term_string}"},"query-input":{"@type":"PropertyValueSpecification","valueRequired":true,"valueName":"search_term_string"}}],"inLanguage":"it-IT"},{"@type":"Organization","@id":"https:\/\/www.presasg8.es\/it\/#organization","name":"Presas de escalada G8","alternateName":"Presas de escalada para roc\u00f3dromo G8","url":"https:\/\/www.presasg8.es\/it\/","logo":{"@type":"ImageObject","inLanguage":"it-IT","@id":"https:\/\/www.presasg8.es\/it\/#\/schema\/logo\/image\/","url":"https:\/\/www.presasg8.es\/wp-content\/uploads\/2023\/09\/logo-presas-g8.jpeg","contentUrl":"https:\/\/www.presasg8.es\/wp-content\/uploads\/2023\/09\/logo-presas-g8.jpeg","width":400,"height":486,"caption":"Presas de escalada G8"},"image":{"@id":"https:\/\/www.presasg8.es\/it\/#\/schema\/logo\/image\/"},"sameAs":["https:\/\/www.facebook.com\/presasescaladag8\/","https:\/\/www.instagram.com\/presasg8\/"]}]}},"_links":{"self":[{"href":"https:\/\/www.presasg8.es\/it\/wp-json\/wp\/v2\/pages\/4420","targetHints":{"allow":["GET"]}}],"collection":[{"href":"https:\/\/www.presasg8.es\/it\/wp-json\/wp\/v2\/pages"}],"about":[{"href":"https:\/\/www.presasg8.es\/it\/wp-json\/wp\/v2\/types\/page"}],"author":[{"embeddable":true,"href":"https:\/\/www.presasg8.es\/it\/wp-json\/wp\/v2\/users\/1"}],"replies":[{"embeddable":true,"href":"https:\/\/www.presasg8.es\/it\/wp-json\/wp\/v2\/comments?post=4420"}],"version-history":[{"count":0,"href":"https:\/\/www.presasg8.es\/it\/wp-json\/wp\/v2\/pages\/4420\/revisions"}],"wp:attachment":[{"href":"https:\/\/www.presasg8.es\/it\/wp-json\/wp\/v2\/media?parent=4420"}],"curies":[{"name":"wp","href":"https:\/\/api.w.org\/{rel}","templated":true}]}}