{"id":1742,"date":"2024-02-08T17:59:08","date_gmt":"2024-02-08T16:59:08","guid":{"rendered":"https:\/\/www.presasg8.es\/?page_id=1742"},"modified":"2024-02-13T13:48:05","modified_gmt":"2024-02-13T12:48:05","slug":"faqs","status":"publish","type":"page","link":"https:\/\/www.presasg8.es\/it\/faqs\/","title":{"rendered":"FAQs"},"content":{"rendered":"<div class=\"fusion-fullwidth fullwidth-box fusion-builder-row-1 fusion-flex-container has-pattern-background has-mask-background nonhundred-percent-fullwidth non-hundred-percent-height-scrolling\" style=\"--awb-border-radius-top-left:0px;--awb-border-radius-top-right:0px;--awb-border-radius-bottom-right:0px;--awb-border-radius-bottom-left:0px;--awb-flex-wrap:wrap;\" ><div class=\"fusion-builder-row fusion-row fusion-flex-align-items-flex-start fusion-flex-content-wrap\" style=\"max-width:1435.2px;margin-left: calc(-4% \/ 2 );margin-right: calc(-4% \/ 2 );\"><div class=\"fusion-layout-column fusion_builder_column fusion-builder-column-0 fusion_builder_column_3_4 3_4 fusion-flex-column\" style=\"--awb-bg-size:cover;--awb-width-large:75%;--awb-margin-top-large:0px;--awb-spacing-right-large:2.56%;--awb-margin-bottom-large:20px;--awb-spacing-left-large:2.56%;--awb-width-medium:75%;--awb-order-medium:0;--awb-spacing-right-medium:2.56%;--awb-spacing-left-medium:2.56%;--awb-width-small:100%;--awb-order-small:0;--awb-spacing-right-small:1.92%;--awb-spacing-left-small:1.92%;\"><div class=\"fusion-column-wrapper fusion-column-has-shadow fusion-flex-justify-content-flex-start fusion-content-layout-column\"><div class=\"fusion-title title fusion-title-1 fusion-sep-none fusion-title-text fusion-title-size-three\" style=\"--awb-margin-top-small:10px;--awb-margin-right-small:0px;--awb-margin-bottom-small:10px;--awb-margin-left-small:0px;\"><h3 class=\"fusion-title-heading title-heading-left fusion-responsive-typography-calculated\" style=\"margin:0;--fontSize:24;line-height:1.25;\">Qui troverete le risposte alle domande pi\u00f9 comuni che ci vengono poste al momento dell\u2019acquisto di prese d\u2019arrampicata, dell\u2019installazione di prese d\u2019arrampicata, della distribuzione, della manutenzione, della costruzione della nostra parete d\u2019arrampicata\u2026<\/h3><\/div><div class=\"accordian fusion-accordian\" style=\"--awb-border-size:1px;--awb-icon-size:16px;--awb-content-font-size:var(--awb-typography4-font-size);--awb-icon-alignment:left;--awb-hover-color:var(--awb-color2);--awb-border-color:var(--awb-color3);--awb-background-color:var(--awb-color1);--awb-divider-color:var(--awb-color3);--awb-divider-hover-color:var(--awb-color3);--awb-icon-color:var(--awb-color1);--awb-title-color:var(--awb-color8);--awb-content-color:var(--awb-color8);--awb-icon-box-color:var(--awb-color8);--awb-toggle-hover-accent-color:var(--awb-color5);--awb-title-font-family:var(--awb-typography1-font-family);--awb-title-font-weight:var(--awb-typography1-font-weight);--awb-title-font-style:var(--awb-typography1-font-style);--awb-title-font-size:16px;--awb-title-letter-spacing:var(--awb-typography1-letter-spacing);--awb-title-line-height:48px;--awb-content-font-family:var(--awb-typography4-font-family);--awb-content-font-weight:var(--awb-typography4-font-weight);--awb-content-font-style:var(--awb-typography4-font-style);\"><div class=\"panel-group fusion-toggle-icon-boxed\" id=\"accordion-1742-1\"><div class=\"fusion-panel panel-default panel-5b1d059039f4ae4e5 fusion-toggle-has-divider\" style=\"--awb-title-color:var(--awb-color8);--awb-content-color:var(--awb-color8);\"><div class=\"panel-heading\"><h4 class=\"panel-title toggle\" id=\"toggle_5b1d059039f4ae4e5\"><a aria-expanded=\"false\" aria-controls=\"5b1d059039f4ae4e5\" role=\"button\" data-toggle=\"collapse\" data-parent=\"#accordion-1742-1\" data-target=\"#5b1d059039f4ae4e5\" href=\"#5b1d059039f4ae4e5\"><span class=\"fusion-toggle-icon-wrapper\" aria-hidden=\"true\"><i class=\"fa-fusion-box active-icon awb-icon-minus\" aria-hidden=\"true\"><\/i><i class=\"fa-fusion-box inactive-icon awb-icon-plus\" aria-hidden=\"true\"><\/i><\/span><span class=\"fusion-toggle-heading\">Come installo le prese per l'arrampicata?<\/span><\/a><\/h4><\/div><div id=\"5b1d059039f4ae4e5\" class=\"panel-collapse collapse \" aria-labelledby=\"toggle_5b1d059039f4ae4e5\"><div class=\"panel-body toggle-content fusion-clearfix\">\n<p>Le prese d&#8217;arrampicata, a seconda che siano destinate ad essere posizionate su legno, mattoni o cemento, avranno ferramenta specifica per la loro corretta installazione.<\/p>\n<p>Le dighe che produciamo hanno un foro principale di metrica 10 e un foro secondario di metrica 4 che \u00e8 facoltativo da utilizzare (se la diga una volta installata vediamo che ruota perch\u00e9 ha molto corpo o perch\u00e9 esercitiamo molta pressione su di esso bisogner\u00e0 fissare la diga arrampicandosi anche con quel foro secondario).<\/p>\n<p>Per posizionare gli appigli per pareti da arrampicata su legno, l&#8217;ideale sarebbe utilizzare dadi per mortasa metrica 10 (metrica opzionale 8), che \u00e8 il pi\u00f9 consigliato poich\u00e9 rispetta la stessa metrica della diga, oppure dadi per mortasa metrica 10 da avvitare. .<\/p>\n<p>I dadi a raggiera vengono installati su un pannello di legno con spessore compreso tra 1,6 cm e 3 cm, precedentemente forato con una punta da trapano della stessa dimensione del dado. Se il legno su cui installeremo gli appigli da arrampicata \u00e8 tenero, truciolare o di scarsa qualit\u00e0, \u00e8 meglio utilizzare dadi da mortasa da avvitare.<\/p>\n<p>Una volta posizionate le crociere, il passo successivo \u00e8 installare le dighe utilizzando una vite a brugola della stessa dimensione dei dadi della crociera e con una vite mordente per il foro secondario.<\/p>\n<p>Stringeremo le viti delle dighe con una chiave a brugola finch\u00e9 non vedremo che \u00e8 fissata saldamente senza forzare il corpo della diga, poich\u00e9 con un serraggio eccessivo pu\u00f2 rompersi.<\/p>\n<\/div><\/div><\/div><div class=\"fusion-panel panel-default panel-c200289264aff303e fusion-toggle-has-divider\" style=\"--awb-title-color:var(--awb-color8);--awb-content-color:var(--awb-color8);\"><div class=\"panel-heading\"><h4 class=\"panel-title toggle\" id=\"toggle_c200289264aff303e\"><a aria-expanded=\"false\" aria-controls=\"c200289264aff303e\" role=\"button\" data-toggle=\"collapse\" data-parent=\"#accordion-1742-1\" data-target=\"#c200289264aff303e\" href=\"#c200289264aff303e\"><span class=\"fusion-toggle-icon-wrapper\" aria-hidden=\"true\"><i class=\"fa-fusion-box active-icon awb-icon-minus\" aria-hidden=\"true\"><\/i><i class=\"fa-fusion-box inactive-icon awb-icon-plus\" aria-hidden=\"true\"><\/i><\/span><span class=\"fusion-toggle-heading\">\u00c8 necessario qualche sistema di sicurezza?<\/span><\/a><\/h4><\/div><div id=\"c200289264aff303e\" class=\"panel-collapse collapse \" aria-labelledby=\"toggle_c200289264aff303e\"><div class=\"panel-body toggle-content fusion-clearfix\">\n<p>Una domanda che molti clienti ci fanno \u00e8 se \u00e8 necessario un sistema di sicurezza nella palestra di arrampicata che intendono installare.<\/p>\n<p>Normalmente le pareti da arrampicata per uso domestico tendono ad essere realizzate in lunghezza piuttosto che in altezza. Effettuare una salita traversata con un po&#8217; di zig zag in salita e in discesa. Possiamo mettere sul pavimento stuoie, materassi o piastrelle di gomma per una maggiore sicurezza.<\/p>\n<p>Per pareti d&#8217;arrampicata in cui gli appigli superano l&#8217;altezza di 2,5 metri, sarebbe opportuno installare ancoraggi di sicurezza per l&#8217;arrampicata con corda, casco e imbracatura, posizionando una catena o un gancio in alto, alla fine del percorso.<\/p>\n<\/div><\/div><\/div><div class=\"fusion-panel panel-default panel-925a7d73dacdabf28 fusion-toggle-has-divider\" style=\"--awb-title-color:var(--awb-color8);--awb-content-color:var(--awb-color8);\"><div class=\"panel-heading\"><h4 class=\"panel-title toggle\" id=\"toggle_925a7d73dacdabf28\"><a aria-expanded=\"false\" aria-controls=\"925a7d73dacdabf28\" role=\"button\" data-toggle=\"collapse\" data-parent=\"#accordion-1742-1\" data-target=\"#925a7d73dacdabf28\" href=\"#925a7d73dacdabf28\"><span class=\"fusion-toggle-icon-wrapper\" aria-hidden=\"true\"><i class=\"fa-fusion-box active-icon awb-icon-minus\" aria-hidden=\"true\"><\/i><i class=\"fa-fusion-box inactive-icon awb-icon-plus\" aria-hidden=\"true\"><\/i><\/span><span class=\"fusion-toggle-heading\">Quali appigli scegliere?<\/span><\/a><\/h4><\/div><div id=\"925a7d73dacdabf28\" class=\"panel-collapse collapse \" aria-labelledby=\"toggle_925a7d73dacdabf28\"><div class=\"panel-body toggle-content fusion-clearfix\">\n<p>Gli appigli che dovremo scegliere dipenderanno dal livello dello scalatore o dalle sue esigenze. Per un livello principiante, le migliori saranno prese d&#8217;arrampicata con buona presa e dimensioni medio-grandi. Abbiamo anche molti appigli individuali speciali come corni, vasi giganti, maniglie&#8230; oltre a tanti pacchetti di diverse impugnature e difficolt\u00e0 disponibili sul nostro sito.<\/p>\n<p>Per il livello medio e avanzato abbiamo appigli pi\u00f9 tecnici e pi\u00f9 piccoli, pi\u00f9 difficili da afferrare. Per quanto riguarda gli appigli speciali, abbiamo anche appigli con forme diverse e appigli molto complicati o da esperti.<\/p>\n<p>A seconda dell&#8217;inclinazione del pannello o della parete su cui vogliamo installare gli appigli, ci saranno alcuni appigli pi\u00f9 adatti di altri. Nella nostra scheda prodotto, nelle caratteristiche sono indicate le inclinazioni consigliate, che possono variare da 0\u00ba ( pannello completamente verticale) a 90\u00ba (soffitto).<\/p>\n<p>Un&#8217;altra premessa di cui dobbiamo tener conto \u00e8 se abbiamo bisogno di impugnature per le mani o per i piedi. Abbiamo 2 misure di poggiapiedi, quella normale (S) e quella mini (XS).<\/p>\n<\/div><\/div><\/div><\/div><\/div><\/div><\/div><div class=\"fusion-layout-column fusion_builder_column fusion-builder-column-1 fusion_builder_column_1_4 1_4 fusion-flex-column\" style=\"--awb-bg-size:cover;--awb-width-large:25%;--awb-margin-top-large:0px;--awb-spacing-right-large:7.68%;--awb-margin-bottom-large:20px;--awb-spacing-left-large:7.68%;--awb-width-medium:25%;--awb-order-medium:0;--awb-spacing-right-medium:7.68%;--awb-spacing-left-medium:7.68%;--awb-width-small:100%;--awb-order-small:0;--awb-spacing-right-small:1.92%;--awb-spacing-left-small:1.92%;\"><div class=\"fusion-column-wrapper fusion-column-has-shadow fusion-flex-justify-content-flex-start fusion-content-layout-column\"><div class=\"fusion-image-element \" style=\"--awb-caption-title-font-family:var(--h2_typography-font-family);--awb-caption-title-font-weight:var(--h2_typography-font-weight);--awb-caption-title-font-style:var(--h2_typography-font-style);--awb-caption-title-size:var(--h2_typography-font-size);--awb-caption-title-transform:var(--h2_typography-text-transform);--awb-caption-title-line-height:var(--h2_typography-line-height);--awb-caption-title-letter-spacing:var(--h2_typography-letter-spacing);\"><span class=\" fusion-imageframe imageframe-none imageframe-1 hover-type-none\"><img decoding=\"async\" width=\"600\" height=\"899\" alt=\"preguntas frecuentes sobre escalada\" title=\"preguntas-escalada\" src=\"https:\/\/www.presasg8.es\/wp-content\/uploads\/2024\/02\/preguntas-escalada.webp\" data-orig-src=\"https:\/\/www.presasg8.es\/wp-content\/uploads\/2024\/02\/preguntas-escalada.webp\" class=\"lazyload img-responsive wp-image-1737\" srcset=\"data:image\/svg+xml,%3Csvg%20xmlns%3D%27http%3A%2F%2Fwww.w3.org%2F2000%2Fsvg%27%20width%3D%27600%27%20height%3D%27899%27%20viewBox%3D%270%200%20600%20899%27%3E%3Crect%20width%3D%27600%27%20height%3D%27899%27%20fill-opacity%3D%220%22%2F%3E%3C%2Fsvg%3E\" data-srcset=\"https:\/\/www.presasg8.es\/wp-content\/uploads\/2024\/02\/preguntas-escalada-200x300.webp 200w, https:\/\/www.presasg8.es\/wp-content\/uploads\/2024\/02\/preguntas-escalada-400x599.webp 400w, https:\/\/www.presasg8.es\/wp-content\/uploads\/2024\/02\/preguntas-escalada.webp 600w\" data-sizes=\"auto\" data-orig-sizes=\"(max-width: 640px) 100vw, 400px\" \/><\/span><\/div><\/div><\/div><\/div><\/div>\n","protected":false},"excerpt":{"rendered":"","protected":false},"author":1,"featured_media":0,"parent":0,"menu_order":0,"comment_status":"closed","ping_status":"closed","template":"100-width.php","meta":{"_joinchat":[],"footnotes":""},"class_list":["post-1742","page","type-page","status-publish","hentry"],"yoast_head":"<!-- This site is optimized with the Yoast SEO plugin v27.3 - https:\/\/yoast.com\/product\/yoast-seo-wordpress\/ -->\n<title>FAQs - Presas G8 - Presas de escalada para roc\u00f3dromo<\/title>\n<meta name=\"robots\" content=\"index, follow, max-snippet:-1, max-image-preview:large, max-video-preview:-1\" \/>\n<link rel=\"canonical\" href=\"https:\/\/www.presasg8.es\/it\/faqs\/\" \/>\n<meta property=\"og:locale\" content=\"it_IT\" \/>\n<meta property=\"og:type\" content=\"article\" \/>\n<meta property=\"og:title\" content=\"FAQs - Presas G8 - Presas de escalada para roc\u00f3dromo\" \/>\n<meta property=\"og:url\" content=\"https:\/\/www.presasg8.es\/it\/faqs\/\" \/>\n<meta property=\"og:site_name\" content=\"Presas G8 - Presas de escalada para roc\u00f3dromo\" \/>\n<meta property=\"article:publisher\" content=\"https:\/\/www.facebook.com\/presasescaladag8\/\" \/>\n<meta property=\"article:modified_time\" content=\"2024-02-13T12:48:05+00:00\" \/>\n<meta name=\"twitter:card\" content=\"summary_large_image\" \/>\n<meta name=\"twitter:label1\" content=\"Tempo di lettura stimato\" \/>\n\t<meta name=\"twitter:data1\" content=\"13 minuti\" \/>\n<script type=\"application\/ld+json\" class=\"yoast-schema-graph\">{\"@context\":\"https:\\\/\\\/schema.org\",\"@graph\":[{\"@type\":\"WebPage\",\"@id\":\"https:\\\/\\\/www.presasg8.es\\\/it\\\/faqs\\\/\",\"url\":\"https:\\\/\\\/www.presasg8.es\\\/it\\\/faqs\\\/\",\"name\":\"FAQs - Presas G8 - Presas de escalada para roc\u00f3dromo\",\"isPartOf\":{\"@id\":\"https:\\\/\\\/www.presasg8.es\\\/it\\\/#website\"},\"datePublished\":\"2024-02-08T16:59:08+00:00\",\"dateModified\":\"2024-02-13T12:48:05+00:00\",\"breadcrumb\":{\"@id\":\"https:\\\/\\\/www.presasg8.es\\\/it\\\/faqs\\\/#breadcrumb\"},\"inLanguage\":\"it-IT\",\"potentialAction\":[{\"@type\":\"ReadAction\",\"target\":[\"https:\\\/\\\/www.presasg8.es\\\/it\\\/faqs\\\/\"]}]},{\"@type\":\"BreadcrumbList\",\"@id\":\"https:\\\/\\\/www.presasg8.es\\\/it\\\/faqs\\\/#breadcrumb\",\"itemListElement\":[{\"@type\":\"ListItem\",\"position\":1,\"name\":\"Portada\",\"item\":\"https:\\\/\\\/www.presasg8.es\\\/it\\\/\"},{\"@type\":\"ListItem\",\"position\":2,\"name\":\"FAQs\"}]},{\"@type\":\"WebSite\",\"@id\":\"https:\\\/\\\/www.presasg8.es\\\/it\\\/#website\",\"url\":\"https:\\\/\\\/www.presasg8.es\\\/it\\\/\",\"name\":\"Presas de escalada G8\",\"description\":\"Tienda online de Presas de escalada para roc\u00f3dromo\",\"publisher\":{\"@id\":\"https:\\\/\\\/www.presasg8.es\\\/it\\\/#organization\"},\"alternateName\":\"Presas de escalada para roc\u00f3dromo\",\"potentialAction\":[{\"@type\":\"SearchAction\",\"target\":{\"@type\":\"EntryPoint\",\"urlTemplate\":\"https:\\\/\\\/www.presasg8.es\\\/it\\\/?s={search_term_string}\"},\"query-input\":{\"@type\":\"PropertyValueSpecification\",\"valueRequired\":true,\"valueName\":\"search_term_string\"}}],\"inLanguage\":\"it-IT\"},{\"@type\":\"Organization\",\"@id\":\"https:\\\/\\\/www.presasg8.es\\\/it\\\/#organization\",\"name\":\"Presas de escalada G8\",\"alternateName\":\"Presas de escalada para roc\u00f3dromo G8\",\"url\":\"https:\\\/\\\/www.presasg8.es\\\/it\\\/\",\"logo\":{\"@type\":\"ImageObject\",\"inLanguage\":\"it-IT\",\"@id\":\"https:\\\/\\\/www.presasg8.es\\\/it\\\/#\\\/schema\\\/logo\\\/image\\\/\",\"url\":\"https:\\\/\\\/www.presasg8.es\\\/wp-content\\\/uploads\\\/2023\\\/09\\\/logo-presas-g8.jpeg\",\"contentUrl\":\"https:\\\/\\\/www.presasg8.es\\\/wp-content\\\/uploads\\\/2023\\\/09\\\/logo-presas-g8.jpeg\",\"width\":400,\"height\":486,\"caption\":\"Presas de escalada G8\"},\"image\":{\"@id\":\"https:\\\/\\\/www.presasg8.es\\\/it\\\/#\\\/schema\\\/logo\\\/image\\\/\"},\"sameAs\":[\"https:\\\/\\\/www.facebook.com\\\/presasescaladag8\\\/\",\"https:\\\/\\\/www.instagram.com\\\/presasg8\\\/\"]}]}<\/script>\n<!-- \/ Yoast SEO plugin. -->","yoast_head_json":{"title":"FAQs - Presas G8 - Presas de escalada para roc\u00f3dromo","robots":{"index":"index","follow":"follow","max-snippet":"max-snippet:-1","max-image-preview":"max-image-preview:large","max-video-preview":"max-video-preview:-1"},"canonical":"https:\/\/www.presasg8.es\/it\/faqs\/","og_locale":"it_IT","og_type":"article","og_title":"FAQs - Presas G8 - Presas de escalada para roc\u00f3dromo","og_url":"https:\/\/www.presasg8.es\/it\/faqs\/","og_site_name":"Presas G8 - Presas de escalada para roc\u00f3dromo","article_publisher":"https:\/\/www.facebook.com\/presasescaladag8\/","article_modified_time":"2024-02-13T12:48:05+00:00","twitter_card":"summary_large_image","twitter_misc":{"Tempo di lettura stimato":"13 minuti"},"schema":{"@context":"https:\/\/schema.org","@graph":[{"@type":"WebPage","@id":"https:\/\/www.presasg8.es\/it\/faqs\/","url":"https:\/\/www.presasg8.es\/it\/faqs\/","name":"FAQs - Presas G8 - Presas de escalada para roc\u00f3dromo","isPartOf":{"@id":"https:\/\/www.presasg8.es\/it\/#website"},"datePublished":"2024-02-08T16:59:08+00:00","dateModified":"2024-02-13T12:48:05+00:00","breadcrumb":{"@id":"https:\/\/www.presasg8.es\/it\/faqs\/#breadcrumb"},"inLanguage":"it-IT","potentialAction":[{"@type":"ReadAction","target":["https:\/\/www.presasg8.es\/it\/faqs\/"]}]},{"@type":"BreadcrumbList","@id":"https:\/\/www.presasg8.es\/it\/faqs\/#breadcrumb","itemListElement":[{"@type":"ListItem","position":1,"name":"Portada","item":"https:\/\/www.presasg8.es\/it\/"},{"@type":"ListItem","position":2,"name":"FAQs"}]},{"@type":"WebSite","@id":"https:\/\/www.presasg8.es\/it\/#website","url":"https:\/\/www.presasg8.es\/it\/","name":"Presas de escalada G8","description":"Tienda online de Presas de escalada para roc\u00f3dromo","publisher":{"@id":"https:\/\/www.presasg8.es\/it\/#organization"},"alternateName":"Presas de escalada para roc\u00f3dromo","potentialAction":[{"@type":"SearchAction","target":{"@type":"EntryPoint","urlTemplate":"https:\/\/www.presasg8.es\/it\/?s={search_term_string}"},"query-input":{"@type":"PropertyValueSpecification","valueRequired":true,"valueName":"search_term_string"}}],"inLanguage":"it-IT"},{"@type":"Organization","@id":"https:\/\/www.presasg8.es\/it\/#organization","name":"Presas de escalada G8","alternateName":"Presas de escalada para roc\u00f3dromo G8","url":"https:\/\/www.presasg8.es\/it\/","logo":{"@type":"ImageObject","inLanguage":"it-IT","@id":"https:\/\/www.presasg8.es\/it\/#\/schema\/logo\/image\/","url":"https:\/\/www.presasg8.es\/wp-content\/uploads\/2023\/09\/logo-presas-g8.jpeg","contentUrl":"https:\/\/www.presasg8.es\/wp-content\/uploads\/2023\/09\/logo-presas-g8.jpeg","width":400,"height":486,"caption":"Presas de escalada G8"},"image":{"@id":"https:\/\/www.presasg8.es\/it\/#\/schema\/logo\/image\/"},"sameAs":["https:\/\/www.facebook.com\/presasescaladag8\/","https:\/\/www.instagram.com\/presasg8\/"]}]}},"_links":{"self":[{"href":"https:\/\/www.presasg8.es\/it\/wp-json\/wp\/v2\/pages\/1742","targetHints":{"allow":["GET"]}}],"collection":[{"href":"https:\/\/www.presasg8.es\/it\/wp-json\/wp\/v2\/pages"}],"about":[{"href":"https:\/\/www.presasg8.es\/it\/wp-json\/wp\/v2\/types\/page"}],"author":[{"embeddable":true,"href":"https:\/\/www.presasg8.es\/it\/wp-json\/wp\/v2\/users\/1"}],"replies":[{"embeddable":true,"href":"https:\/\/www.presasg8.es\/it\/wp-json\/wp\/v2\/comments?post=1742"}],"version-history":[{"count":0,"href":"https:\/\/www.presasg8.es\/it\/wp-json\/wp\/v2\/pages\/1742\/revisions"}],"wp:attachment":[{"href":"https:\/\/www.presasg8.es\/it\/wp-json\/wp\/v2\/media?parent=1742"}],"curies":[{"name":"wp","href":"https:\/\/api.w.org\/{rel}","templated":true}]}}