{"id":8568,"date":"2025-09-07T07:52:39","date_gmt":"2025-09-07T05:52:39","guid":{"rendered":"https:\/\/www.presasg8.es\/producto\/planche-en-bois-texture-200cm-x-100cm\/"},"modified":"2026-04-06T07:41:58","modified_gmt":"2026-04-06T05:41:58","slug":"planche-en-bois-texture-200cm-x-100cm","status":"publish","type":"product","link":"https:\/\/www.presasg8.es\/fr\/producto\/planche-en-bois-texture-200cm-x-100cm\/","title":{"rendered":"Planche en bois textur\u00e9 200cm x 100cm"},"content":{"rendered":"<h3 data-start=\"277\" data-end=\"360\"><strong data-start=\"281\" data-end=\"360\">Planche d&rsquo;escalade mixte &#8211; 32 trous pour prises en bois (Okume 15 mm)<\/strong><\/h3>\n<p data-start=\"362\" data-end=\"642\">Cette planche d&rsquo;escalade a \u00e9t\u00e9 con\u00e7ue selon une approche <strong data-start=\"419\" data-end=\"443\">polyvalente et fonctionnelle<\/strong>, visant \u00e0 la fois <strong data-start=\"464\" data-end=\"492\">la formation des adultes<\/strong> et le <strong data-start=\"501\" data-end=\"535\">d\u00e9veloppement psychomoteur des enfants<\/strong>, en combinant des mat\u00e9riaux de qualit\u00e9, la durabilit\u00e9 et une surface s\u00fbre et attrayante pour tous les niveaux.<\/p>\n<h4 data-start=\"644\" data-end=\"679\"><strong data-start=\"649\" data-end=\"679\">Mat\u00e9riaux de haute qualit\u00e9<\/strong><\/h4>\n<p data-start=\"681\" data-end=\"1081\">Fabriqu\u00e9e en <strong data-start=\"694\" data-end=\"722\">bois d&rsquo;okoum\u00e9 de 15 mm<\/strong>, un placage marin r\u00e9put\u00e9 pour sa <strong data-start=\"759\" data-end=\"798\">l\u00e9g\u00e8ret\u00e9, sa r\u00e9sistance et sa stabilit\u00e9<\/strong>, cette planche offre un excellent compromis entre la rigidit\u00e9 structurelle et la facilit\u00e9 d&rsquo;installation. Son \u00e9paisseur a \u00e9t\u00e9 soigneusement s\u00e9lectionn\u00e9e pour fournir une base solide qui supportera le poids et la traction sans compromettre la s\u00e9curit\u00e9 ou surcharger les structures domestiques ou \u00e9ducatives. <\/p>\n<p data-start=\"1083\" data-end=\"1432\">La planche comporte <strong data-start=\"1105\" data-end=\"1147\">32 trous r\u00e9partis de fa\u00e7on homog\u00e8ne<\/strong>, compatibles avec des prises en bois ou en r\u00e9sine \u00e0 l&rsquo;aide de vis m\u00e9triques standard (M10). Cette r\u00e9partition permet une grande <strong data-start=\"1275\" data-end=\"1306\">vari\u00e9t\u00e9 de configurations<\/strong>, adapt\u00e9es aussi bien aux circuits d&rsquo;escalade technique qu&rsquo;aux jeux moteurs et aux voies de faible difficult\u00e9 pour les d\u00e9butants. <\/p>\n<h4 data-start=\"1434\" data-end=\"1490\"><strong data-start=\"1439\" data-end=\"1490\">Peinture textur\u00e9e et surface antid\u00e9rapante<\/strong><\/h4>\n<p data-start=\"1492\" data-end=\"1908\">La surface a \u00e9t\u00e9 recouverte d&rsquo;une <strong data-start=\"1529\" data-end=\"1563\">peinture r\u00e9sistante \u00e0 l&rsquo;usure<\/strong>, sp\u00e9cialement formul\u00e9e pour un contact permanent avec les mains, les pieds et les chaussons d&rsquo;escalade. Une <strong data-start=\"1679\" data-end=\"1705\">finition en granulats fins<\/strong> a \u00e9galement \u00e9t\u00e9 appliqu\u00e9e, cr\u00e9ant une texture antid\u00e9rapante qui am\u00e9liore l&rsquo;adh\u00e9rence sans endommager la peau, ce qui en fait un outil id\u00e9al pour les adultes qui s&rsquo;entra\u00eenent aux mouvements techniques et les enfants qui apprennent \u00e0 grimper. <\/p>\n<p data-start=\"1910\" data-end=\"2110\">Cette texture procure \u00e9galement une sensation de frottement semblable \u00e0 celle d&rsquo;une pierre, favorisant un entra\u00eenement plus r\u00e9aliste et plus s\u00fbr, tout en emp\u00eachant les glissements ind\u00e9sirables, m\u00eame en cas de transpiration ou d&rsquo;humidit\u00e9.<\/p>\n<h4 data-start=\"2112\" data-end=\"2151\"><strong data-start=\"2117\" data-end=\"2151\">Con\u00e7u pour tous les \u00e2ges<\/strong><\/h4>\n<p data-start=\"2153\" data-end=\"2410\">Cette planche n&rsquo;est pas seulement un outil d&rsquo;entra\u00eenement physique, mais aussi un <strong data-start=\"2234\" data-end=\"2283\">\u00e9l\u00e9ment \u00e9ducatif et de d\u00e9veloppement psychomoteur<\/strong>, id\u00e9al pour une utilisation partag\u00e9e entre adultes et enfants, que ce soit \u00e0 la maison, dans les centres sportifs, les \u00e9coles ou les salles d&rsquo;escalade.<\/p>\n<h5 data-start=\"2412\" data-end=\"2442\"><strong data-start=\"2418\" data-end=\"2432\">Chez les adultes<\/strong>, il permet :<\/h5>\n<ul data-start=\"2443\" data-end=\"2656\">\n<li data-start=\"2443\" data-end=\"2502\">\n<p data-start=\"2445\" data-end=\"2502\">Technique, entra\u00eenement de la force des doigts et de l&rsquo;endurance.<\/p>\n<\/li>\n<li data-start=\"2503\" data-end=\"2596\">\n<p data-start=\"2505\" data-end=\"2596\">Routines de gymnastique su\u00e9doise avec l&rsquo;utilisation de prises (avec la possibilit\u00e9 de les combiner avec d&rsquo;autres accessoires).<\/p>\n<\/li>\n<li data-start=\"2597\" data-end=\"2656\">\n<p data-start=\"2599\" data-end=\"2656\">Exercices de mobilit\u00e9, de coordination et de contr\u00f4le du corps.<\/p>\n<\/li>\n<\/ul>\n<h5 data-start=\"2658\" data-end=\"2687\"><strong data-start=\"2664\" data-end=\"2676\">Chez les enfants<\/strong>, il favorise :<\/h5>\n<ul data-start=\"2688\" data-end=\"3013\">\n<li data-start=\"2688\" data-end=\"2744\">\n<p data-start=\"2690\" data-end=\"2744\">D\u00e9veloppement de la <strong data-start=\"2707\" data-end=\"2743\">motricit\u00e9 globale et de la coordination.<\/strong><\/p>\n<\/li>\n<li data-start=\"2745\" data-end=\"2798\">\n<p data-start=\"2747\" data-end=\"2798\">Am\u00e9lioration de l <strong data-start=\"2758\" data-end=\"2797\">&lsquo;\u00e9quilibre et de la conscience du corps<\/strong>.<\/p>\n<\/li>\n<li data-start=\"2799\" data-end=\"2911\">\n<p data-start=\"2801\" data-end=\"2911\">Stimulation de la <strong data-start=\"2820\" data-end=\"2868\">prise de d\u00e9cision et de la planification motrice<\/strong> par la r\u00e9solution d&rsquo;itin\u00e9raires ou de jeux de mouvement.<\/p>\n<\/li>\n<li data-start=\"2912\" data-end=\"3013\">\n<p data-start=\"2914\" data-end=\"3013\">Promouvoir l&rsquo;<strong data-start=\"2928\" data-end=\"2956\">autonomie et la confiance en soi<\/strong> en relevant des d\u00e9fis dans un environnement s\u00fbr et supervis\u00e9.<\/p>\n<\/li>\n<\/ul>\n<p data-start=\"3015\" data-end=\"3243\">Gr\u00e2ce \u00e0 sa conception modulaire, il est possible d&rsquo;ajuster le niveau de difficult\u00e9 en changeant simplement la position des prises, ce qui permet d&rsquo;adapter la planche \u00e0 <strong data-start=\"3171\" data-end=\"3201\">diff\u00e9rents niveaux et \u00e2ges<\/strong> sans avoir besoin de structures suppl\u00e9mentaires.<\/p>\n<h4 data-start=\"3245\" data-end=\"3280\"><strong data-start=\"3250\" data-end=\"3280\">Installation et applications<\/strong><\/h4>\n<p data-start=\"3282\" data-end=\"3353\">Sa taille compacte et son poids raisonnable en font un outil id\u00e9al pour l&rsquo;installation sur.. :<\/p>\n<ul data-start=\"3354\" data-end=\"3640\">\n<li data-start=\"3354\" data-end=\"3421\">\n<p data-start=\"3356\" data-end=\"3421\"><strong data-start=\"3356\" data-end=\"3378\">Murs verticaux<\/strong> (murs d&rsquo;entra\u00eenement ou terrains de jeu).<\/p>\n<\/li>\n<li data-start=\"3422\" data-end=\"3501\">\n<p data-start=\"3424\" data-end=\"3501\"><strong data-start=\"3424\" data-end=\"3460\">Murs avec inclinaison n\u00e9gative<\/strong>, pour augmenter la difficult\u00e9 pour les adultes.<\/p>\n<\/li>\n<li data-start=\"3502\" data-end=\"3640\">\n<p data-start=\"3504\" data-end=\"3640\"><strong data-start=\"3504\" data-end=\"3533\">Espaces multifonctionnels<\/strong>: il peut \u00eatre install\u00e9 dans des maisons, des salles de physioth\u00e9rapie, des centres sportifs, des \u00e9coles ou des gymnases pour enfants.<\/p>\n<\/li>\n<\/ul>\n<hr data-start=\"3642\" data-end=\"3645\">\n<h3 data-start=\"3647\" data-end=\"3680\"><strong data-start=\"3651\" data-end=\"3680\">Sp\u00e9cifications techniques<\/strong><\/h3>\n<ul data-start=\"3682\" data-end=\"4207\">\n<li data-start=\"3682\" data-end=\"3747\">\n<p data-start=\"3684\" data-end=\"3747\"><strong data-start=\"3684\" data-end=\"3696\">Mat\u00e9riau<\/strong>: Contreplaqu\u00e9 d&rsquo;okoum\u00e9, \u00e9paisseur 15 mm<\/p>\n<\/li>\n<li data-start=\"3748\" data-end=\"3799\">\n<p data-start=\"3750\" data-end=\"3799\"><strong data-start=\"3750\" data-end=\"3762\">Trous<\/strong>: 32, compatibles avec les vis M10<\/p>\n<\/li>\n<li data-start=\"3800\" data-end=\"3872\">\n<p data-start=\"3802\" data-end=\"3872\"><strong data-start=\"3802\" data-end=\"3816\">Surface<\/strong>: Peinture r\u00e9sistante avec finition agr\u00e9g\u00e9e textur\u00e9e<\/p>\n<\/li>\n<li data-start=\"3873\" data-end=\"3909\">\n<p data-start=\"3875\" data-end=\"3909\"><strong data-start=\"3875\" data-end=\"3882\">Utilisation<\/strong>: mixte &#8211; adultes et enfants<\/p>\n<\/li>\n<li data-start=\"3910\" data-end=\"4010\">\n<p data-start=\"3912\" data-end=\"4010\"><strong data-start=\"3912\" data-end=\"3928\">Applications<\/strong>: Entra\u00eenement, initiation \u00e0 l&rsquo;escalade, d\u00e9veloppement psychomoteur, jeux actifs.<\/p>\n<\/li>\n<li data-start=\"4011\" data-end=\"4063\">\n<p data-start=\"4013\" data-end=\"4063\"><strong data-start=\"4013\" data-end=\"4024\">Finition<\/strong>: antid\u00e9rapant, haute durabilit\u00e9<\/p>\n<\/li>\n<li data-start=\"4064\" data-end=\"4116\">\n<p data-start=\"4066\" data-end=\"4116\"><strong data-start=\"4066\" data-end=\"4077\">Montage<\/strong>: Convient aux murs verticaux ou inclin\u00e9s<\/p>\n<\/li>\n<li data-start=\"4117\" data-end=\"4207\">\n<p data-start=\"4119\" data-end=\"4207\"><strong data-start=\"4119\" data-end=\"4134\">Dimensions<\/strong>: <em data-start=\"4136\" data-end=\"4207\">(peuvent \u00eatre ajout\u00e9es si vous les avez ou si vous souhaitez que je vous propose des dimensions standard)<\/em><\/p>\n<\/li>\n<\/ul>\n<hr data-start=\"4209\" data-end=\"4212\">\n<h3 data-start=\"4214\" data-end=\"4291\"><strong data-start=\"4218\" data-end=\"4291\">Un produit polyvalent pour partager le mouvement, le jeu et l&rsquo;entra\u00eenement.<\/strong><\/h3>\n<p data-start=\"4293\" data-end=\"4633\">Cette planche d&rsquo;escalade mixte est id\u00e9ale pour ceux qui souhaitent encourager l&rsquo;<strong data-start=\"4365\" data-end=\"4418\">activit\u00e9 physique partag\u00e9e entre adultes et enfants<\/strong>, que ce soit \u00e0 la maison ou dans des environnements \u00e9ducatifs et sportifs. Robuste, s\u00fbre et adaptable, elle constitue un excellent outil pour d\u00e9velopper les aptitudes physiques, mentales et sociales des enfants jusqu&rsquo;\u00e0 l&rsquo;\u00e2ge adulte. <\/p>\n<p data-start=\"4293\" data-end=\"4633\">Si vous achetez 3 planches, vous disposez d&rsquo;une surface de 2m x 3m et si vous les placez en surplomb, vous disposez d&rsquo;une excellente option pour l&rsquo;entra\u00eenement avanc\u00e9. Si vous les placez en parall\u00e8le et sans surplomb, vous avez un mur d&rsquo;escalade adapt\u00e9 aux d\u00e9butants et aux enfants. <\/p>\n","protected":false},"excerpt":{"rendered":"<p>Planche d&rsquo;escalade mixte &#8211; 32 trous pour prises en bois  [&#8230;]<\/p>\n","protected":false},"featured_media":8206,"comment_status":"closed","ping_status":"closed","template":"","meta":{"_joinchat":[]},"product_brand":[],"product_cat":[242,119,115],"product_tag":[],"class_list":{"0":"post-8568","1":"product","2":"type-product","3":"status-publish","4":"has-post-thumbnail","6":"product_cat-accessoires","7":"product_cat-des-offres","8":"product_cat-entrainement","10":"first","11":"instock","12":"sale","13":"taxable","14":"shipping-taxable","15":"purchasable","16":"product-type-simple"},"yoast_head":"<!-- This site is optimized with the Yoast SEO plugin v27.5 - https:\/\/yoast.com\/product\/yoast-seo-wordpress\/ -->\n<title>Planche en bois textur\u00e9 200cm x 100cm - Presas G8 - Presas de escalada para roc\u00f3dromo<\/title>\n<meta name=\"robots\" content=\"index, follow, max-snippet:-1, max-image-preview:large, max-video-preview:-1\" \/>\n<link rel=\"canonical\" href=\"https:\/\/www.presasg8.es\/fr\/producto\/planche-en-bois-texture-200cm-x-100cm\/\" \/>\n<meta property=\"og:locale\" content=\"fr_FR\" \/>\n<meta property=\"og:type\" content=\"article\" \/>\n<meta property=\"og:title\" content=\"Planche en bois textur\u00e9 200cm x 100cm - Presas G8 - Presas de escalada para roc\u00f3dromo\" \/>\n<meta property=\"og:description\" content=\"Planche d&rsquo;escalade mixte &#8211; 32 trous pour prises en bois [...]\" \/>\n<meta property=\"og:url\" content=\"https:\/\/www.presasg8.es\/fr\/producto\/planche-en-bois-texture-200cm-x-100cm\/\" \/>\n<meta property=\"og:site_name\" content=\"Presas G8 - Presas de escalada para roc\u00f3dromo\" \/>\n<meta property=\"article:publisher\" content=\"https:\/\/www.facebook.com\/presasescaladag8\/\" \/>\n<meta property=\"article:modified_time\" content=\"2026-04-06T05:41:58+00:00\" \/>\n<meta property=\"og:image\" content=\"https:\/\/www.presasg8.es\/wp-content\/uploads\/2025\/09\/tablon-rocodromo-1-1024x1024.png\" \/>\n\t<meta property=\"og:image:width\" content=\"1024\" \/>\n\t<meta property=\"og:image:height\" content=\"1024\" \/>\n\t<meta property=\"og:image:type\" content=\"image\/png\" \/>\n<meta name=\"twitter:card\" content=\"summary_large_image\" \/>\n<meta name=\"twitter:label1\" content=\"Dur\u00e9e de lecture estim\u00e9e\" \/>\n\t<meta name=\"twitter:data1\" content=\"4 minutes\" \/>\n<script type=\"application\/ld+json\" class=\"yoast-schema-graph\">{\"@context\":\"https:\\\/\\\/schema.org\",\"@graph\":[{\"@type\":\"WebPage\",\"@id\":\"https:\\\/\\\/www.presasg8.es\\\/fr\\\/producto\\\/planche-en-bois-texture-200cm-x-100cm\\\/\",\"url\":\"https:\\\/\\\/www.presasg8.es\\\/fr\\\/producto\\\/planche-en-bois-texture-200cm-x-100cm\\\/\",\"name\":\"Planche en bois textur\u00e9 200cm x 100cm - Presas G8 - Presas de escalada para roc\u00f3dromo\",\"isPartOf\":{\"@id\":\"https:\\\/\\\/www.presasg8.es\\\/fr\\\/#website\"},\"primaryImageOfPage\":{\"@id\":\"https:\\\/\\\/www.presasg8.es\\\/fr\\\/producto\\\/planche-en-bois-texture-200cm-x-100cm\\\/#primaryimage\"},\"image\":{\"@id\":\"https:\\\/\\\/www.presasg8.es\\\/fr\\\/producto\\\/planche-en-bois-texture-200cm-x-100cm\\\/#primaryimage\"},\"thumbnailUrl\":\"https:\\\/\\\/www.presasg8.es\\\/wp-content\\\/uploads\\\/2025\\\/09\\\/tablon-rocodromo-1.png\",\"datePublished\":\"2025-09-07T05:52:39+00:00\",\"dateModified\":\"2026-04-06T05:41:58+00:00\",\"breadcrumb\":{\"@id\":\"https:\\\/\\\/www.presasg8.es\\\/fr\\\/producto\\\/planche-en-bois-texture-200cm-x-100cm\\\/#breadcrumb\"},\"inLanguage\":\"fr-FR\",\"potentialAction\":[{\"@type\":\"ReadAction\",\"target\":[\"https:\\\/\\\/www.presasg8.es\\\/fr\\\/producto\\\/planche-en-bois-texture-200cm-x-100cm\\\/\"]}]},{\"@type\":\"ImageObject\",\"inLanguage\":\"fr-FR\",\"@id\":\"https:\\\/\\\/www.presasg8.es\\\/fr\\\/producto\\\/planche-en-bois-texture-200cm-x-100cm\\\/#primaryimage\",\"url\":\"https:\\\/\\\/www.presasg8.es\\\/wp-content\\\/uploads\\\/2025\\\/09\\\/tablon-rocodromo-1.png\",\"contentUrl\":\"https:\\\/\\\/www.presasg8.es\\\/wp-content\\\/uploads\\\/2025\\\/09\\\/tablon-rocodromo-1.png\",\"width\":2000,\"height\":2000,\"caption\":\"mur d'escalade\"},{\"@type\":\"BreadcrumbList\",\"@id\":\"https:\\\/\\\/www.presasg8.es\\\/fr\\\/producto\\\/planche-en-bois-texture-200cm-x-100cm\\\/#breadcrumb\",\"itemListElement\":[{\"@type\":\"ListItem\",\"position\":1,\"name\":\"Portada\",\"item\":\"https:\\\/\\\/www.presasg8.es\\\/fr\\\/\"},{\"@type\":\"ListItem\",\"position\":2,\"name\":\"Boutique de prises d&rsquo;escalade\",\"item\":\"https:\\\/\\\/www.presasg8.es\\\/fr\\\/prises-de-escalade\\\/\"},{\"@type\":\"ListItem\",\"position\":3,\"name\":\"Planche en bois textur\u00e9 200cm x 100cm\"}]},{\"@type\":\"WebSite\",\"@id\":\"https:\\\/\\\/www.presasg8.es\\\/fr\\\/#website\",\"url\":\"https:\\\/\\\/www.presasg8.es\\\/fr\\\/\",\"name\":\"Presas de escalada G8\",\"description\":\"Tienda online de Presas de escalada para roc\u00f3dromo\",\"publisher\":{\"@id\":\"https:\\\/\\\/www.presasg8.es\\\/fr\\\/#organization\"},\"alternateName\":\"Presas de escalada para roc\u00f3dromo\",\"potentialAction\":[{\"@type\":\"SearchAction\",\"target\":{\"@type\":\"EntryPoint\",\"urlTemplate\":\"https:\\\/\\\/www.presasg8.es\\\/fr\\\/?s={search_term_string}\"},\"query-input\":{\"@type\":\"PropertyValueSpecification\",\"valueRequired\":true,\"valueName\":\"search_term_string\"}}],\"inLanguage\":\"fr-FR\"},{\"@type\":\"Organization\",\"@id\":\"https:\\\/\\\/www.presasg8.es\\\/fr\\\/#organization\",\"name\":\"Presas de escalada G8\",\"alternateName\":\"Presas de escalada para roc\u00f3dromo G8\",\"url\":\"https:\\\/\\\/www.presasg8.es\\\/fr\\\/\",\"logo\":{\"@type\":\"ImageObject\",\"inLanguage\":\"fr-FR\",\"@id\":\"https:\\\/\\\/www.presasg8.es\\\/fr\\\/#\\\/schema\\\/logo\\\/image\\\/\",\"url\":\"https:\\\/\\\/www.presasg8.es\\\/wp-content\\\/uploads\\\/2023\\\/09\\\/logo-presas-g8.jpeg\",\"contentUrl\":\"https:\\\/\\\/www.presasg8.es\\\/wp-content\\\/uploads\\\/2023\\\/09\\\/logo-presas-g8.jpeg\",\"width\":400,\"height\":486,\"caption\":\"Presas de escalada G8\"},\"image\":{\"@id\":\"https:\\\/\\\/www.presasg8.es\\\/fr\\\/#\\\/schema\\\/logo\\\/image\\\/\"},\"sameAs\":[\"https:\\\/\\\/www.facebook.com\\\/presasescaladag8\\\/\",\"https:\\\/\\\/www.instagram.com\\\/presasg8\\\/\"]}]}<\/script>\n<!-- \/ Yoast SEO plugin. -->","yoast_head_json":{"title":"Planche en bois textur\u00e9 200cm x 100cm - Presas G8 - Presas de escalada para roc\u00f3dromo","robots":{"index":"index","follow":"follow","max-snippet":"max-snippet:-1","max-image-preview":"max-image-preview:large","max-video-preview":"max-video-preview:-1"},"canonical":"https:\/\/www.presasg8.es\/fr\/producto\/planche-en-bois-texture-200cm-x-100cm\/","og_locale":"fr_FR","og_type":"article","og_title":"Planche en bois textur\u00e9 200cm x 100cm - Presas G8 - Presas de escalada para roc\u00f3dromo","og_description":"Planche d&rsquo;escalade mixte &#8211; 32 trous pour prises en bois [...]","og_url":"https:\/\/www.presasg8.es\/fr\/producto\/planche-en-bois-texture-200cm-x-100cm\/","og_site_name":"Presas G8 - Presas de escalada para roc\u00f3dromo","article_publisher":"https:\/\/www.facebook.com\/presasescaladag8\/","article_modified_time":"2026-04-06T05:41:58+00:00","og_image":[{"width":1024,"height":1024,"url":"https:\/\/www.presasg8.es\/wp-content\/uploads\/2025\/09\/tablon-rocodromo-1-1024x1024.png","type":"image\/png"}],"twitter_card":"summary_large_image","twitter_misc":{"Dur\u00e9e de lecture estim\u00e9e":"4 minutes"},"schema":{"@context":"https:\/\/schema.org","@graph":[{"@type":"WebPage","@id":"https:\/\/www.presasg8.es\/fr\/producto\/planche-en-bois-texture-200cm-x-100cm\/","url":"https:\/\/www.presasg8.es\/fr\/producto\/planche-en-bois-texture-200cm-x-100cm\/","name":"Planche en bois textur\u00e9 200cm x 100cm - Presas G8 - Presas de escalada para roc\u00f3dromo","isPartOf":{"@id":"https:\/\/www.presasg8.es\/fr\/#website"},"primaryImageOfPage":{"@id":"https:\/\/www.presasg8.es\/fr\/producto\/planche-en-bois-texture-200cm-x-100cm\/#primaryimage"},"image":{"@id":"https:\/\/www.presasg8.es\/fr\/producto\/planche-en-bois-texture-200cm-x-100cm\/#primaryimage"},"thumbnailUrl":"https:\/\/www.presasg8.es\/wp-content\/uploads\/2025\/09\/tablon-rocodromo-1.png","datePublished":"2025-09-07T05:52:39+00:00","dateModified":"2026-04-06T05:41:58+00:00","breadcrumb":{"@id":"https:\/\/www.presasg8.es\/fr\/producto\/planche-en-bois-texture-200cm-x-100cm\/#breadcrumb"},"inLanguage":"fr-FR","potentialAction":[{"@type":"ReadAction","target":["https:\/\/www.presasg8.es\/fr\/producto\/planche-en-bois-texture-200cm-x-100cm\/"]}]},{"@type":"ImageObject","inLanguage":"fr-FR","@id":"https:\/\/www.presasg8.es\/fr\/producto\/planche-en-bois-texture-200cm-x-100cm\/#primaryimage","url":"https:\/\/www.presasg8.es\/wp-content\/uploads\/2025\/09\/tablon-rocodromo-1.png","contentUrl":"https:\/\/www.presasg8.es\/wp-content\/uploads\/2025\/09\/tablon-rocodromo-1.png","width":2000,"height":2000,"caption":"mur d'escalade"},{"@type":"BreadcrumbList","@id":"https:\/\/www.presasg8.es\/fr\/producto\/planche-en-bois-texture-200cm-x-100cm\/#breadcrumb","itemListElement":[{"@type":"ListItem","position":1,"name":"Portada","item":"https:\/\/www.presasg8.es\/fr\/"},{"@type":"ListItem","position":2,"name":"Boutique de prises d&rsquo;escalade","item":"https:\/\/www.presasg8.es\/fr\/prises-de-escalade\/"},{"@type":"ListItem","position":3,"name":"Planche en bois textur\u00e9 200cm x 100cm"}]},{"@type":"WebSite","@id":"https:\/\/www.presasg8.es\/fr\/#website","url":"https:\/\/www.presasg8.es\/fr\/","name":"Presas de escalada G8","description":"Tienda online de Presas de escalada para roc\u00f3dromo","publisher":{"@id":"https:\/\/www.presasg8.es\/fr\/#organization"},"alternateName":"Presas de escalada para roc\u00f3dromo","potentialAction":[{"@type":"SearchAction","target":{"@type":"EntryPoint","urlTemplate":"https:\/\/www.presasg8.es\/fr\/?s={search_term_string}"},"query-input":{"@type":"PropertyValueSpecification","valueRequired":true,"valueName":"search_term_string"}}],"inLanguage":"fr-FR"},{"@type":"Organization","@id":"https:\/\/www.presasg8.es\/fr\/#organization","name":"Presas de escalada G8","alternateName":"Presas de escalada para roc\u00f3dromo G8","url":"https:\/\/www.presasg8.es\/fr\/","logo":{"@type":"ImageObject","inLanguage":"fr-FR","@id":"https:\/\/www.presasg8.es\/fr\/#\/schema\/logo\/image\/","url":"https:\/\/www.presasg8.es\/wp-content\/uploads\/2023\/09\/logo-presas-g8.jpeg","contentUrl":"https:\/\/www.presasg8.es\/wp-content\/uploads\/2023\/09\/logo-presas-g8.jpeg","width":400,"height":486,"caption":"Presas de escalada G8"},"image":{"@id":"https:\/\/www.presasg8.es\/fr\/#\/schema\/logo\/image\/"},"sameAs":["https:\/\/www.facebook.com\/presasescaladag8\/","https:\/\/www.instagram.com\/presasg8\/"]}]}},"_links":{"self":[{"href":"https:\/\/www.presasg8.es\/fr\/wp-json\/wp\/v2\/product\/8568","targetHints":{"allow":["GET"]}}],"collection":[{"href":"https:\/\/www.presasg8.es\/fr\/wp-json\/wp\/v2\/product"}],"about":[{"href":"https:\/\/www.presasg8.es\/fr\/wp-json\/wp\/v2\/types\/product"}],"replies":[{"embeddable":true,"href":"https:\/\/www.presasg8.es\/fr\/wp-json\/wp\/v2\/comments?post=8568"}],"wp:featuredmedia":[{"embeddable":true,"href":"https:\/\/www.presasg8.es\/fr\/wp-json\/wp\/v2\/media\/8206"}],"wp:attachment":[{"href":"https:\/\/www.presasg8.es\/fr\/wp-json\/wp\/v2\/media?parent=8568"}],"wp:term":[{"taxonomy":"product_brand","embeddable":true,"href":"https:\/\/www.presasg8.es\/fr\/wp-json\/wp\/v2\/product_brand?post=8568"},{"taxonomy":"product_cat","embeddable":true,"href":"https:\/\/www.presasg8.es\/fr\/wp-json\/wp\/v2\/product_cat?post=8568"},{"taxonomy":"product_tag","embeddable":true,"href":"https:\/\/www.presasg8.es\/fr\/wp-json\/wp\/v2\/product_tag?post=8568"}],"curies":[{"name":"wp","href":"https:\/\/api.w.org\/{rel}","templated":true}]}}