{"id":8566,"date":"2026-02-24T06:58:06","date_gmt":"2026-02-24T05:58:06","guid":{"rendered":"https:\/\/www.presasg8.es\/producto\/volume-descalade-en-bois-t3-80cm\/"},"modified":"2026-03-22T09:41:15","modified_gmt":"2026-03-22T08:41:15","slug":"volume-descalade-en-bois-t3-80cm","status":"publish","type":"product","link":"https:\/\/www.presasg8.es\/fr\/producto\/volume-descalade-en-bois-t3-80cm\/","title":{"rendered":"Volume d&rsquo;escalade en bois T3 80cm"},"content":{"rendered":"<p data-start=\"132\" data-end=\"340\">Volume d&rsquo;escalade de forme triangulaire en bois d&rsquo;okoum\u00e9 de 15 mm de haute qualit\u00e9, id\u00e9al pour cr\u00e9er des mouvements techniques, des surplombs et des transitions dynamiques sur les murs d&rsquo;escalade et les murs d&rsquo;entra\u00eenement.<\/p>\n<p data-start=\"342\" data-end=\"582\">Il est \u00e9quip\u00e9 de <strong data-start=\"353\" data-end=\"391\">4 \u00e9crous \u00e0 ins\u00e9rer m\u00e9triques 10<\/strong>, parfaitement int\u00e9gr\u00e9s pour permettre un placement s\u00fbr et polyvalent des prises d&rsquo;escalade. Sa structure solide garantit la r\u00e9sistance, la stabilit\u00e9 et la durabilit\u00e9, m\u00eame en cas d&rsquo;utilisation intensive. <\/p>\n<p data-start=\"584\" data-end=\"755\">La surface incorpore une <strong data-start=\"608\" data-end=\"636\">texture rugueuse avec des agr\u00e9gats<\/strong>, offrant une excellente adh\u00e9rence et friction, am\u00e9liorant la s\u00e9curit\u00e9 et la performance du grimpeur dans chaque mouvement.<\/p>\n<h3 data-start=\"757\" data-end=\"786\">Caract\u00e9ristiques techniques :<\/h3>\n<ul data-start=\"787\" data-end=\"996\">\n<li data-start=\"787\" data-end=\"822\">\n<p data-start=\"789\" data-end=\"822\">Dimensions : 80 x 25 x 18 cm<\/p>\n<\/li>\n<li data-start=\"823\" data-end=\"854\">\n<p data-start=\"825\" data-end=\"854\">\ud83c\udf33 15 mm de bois d&rsquo;okoum\u00e9<\/p>\n<\/li>\n<li data-start=\"855\" data-end=\"886\">\n<p data-start=\"857\" data-end=\"886\">\ud83d\udd29 4 \u00e9crous ins\u00e9r\u00e9s M10<\/p>\n<\/li>\n<li data-start=\"887\" data-end=\"945\">\n<p data-start=\"889\" data-end=\"945\">\ud83e\uddd7 Surface textur\u00e9e avec agr\u00e9gats pour une adh\u00e9rence maximale<\/p>\n<\/li>\n<li data-start=\"946\" data-end=\"996\">\n<p data-start=\"948\" data-end=\"996\">\ud83d\udee0 Mat\u00e9riau de haute qualit\u00e9 et de haute r\u00e9sistance<\/p>\n<\/li>\n<\/ul>\n<p data-start=\"998\" data-end=\"1100\">Parfait pour les murs d&rsquo;escalade professionnels, les salles d&rsquo;entra\u00eenement et les projets d&rsquo;escalade personnalis\u00e9s.<\/p>\n<p data-start=\"1102\" data-end=\"1200\" data-is-last-node=\"\" data-is-only-node=\"\">Si vous le souhaitez, je peux l&rsquo;adapter \u00e0 un ton plus commercial, plus technique ou plus orient\u00e9 vers la vente en ligne.<\/p>\n","protected":false},"excerpt":{"rendered":"<p>Volume d&rsquo;escalade de forme triangulaire en bois d&rsquo;okoum\u00e9 de 15  [&#8230;]<\/p>\n","protected":false},"featured_media":8435,"comment_status":"closed","ping_status":"closed","template":"","meta":{"_joinchat":[]},"product_brand":[],"product_cat":[290],"product_tag":[],"class_list":{"0":"post-8566","1":"product","2":"type-product","3":"status-publish","4":"has-post-thumbnail","6":"product_cat-volumes-en-bois","8":"first","9":"instock","10":"taxable","11":"shipping-taxable","12":"purchasable","13":"product-type-simple"},"yoast_head":"<!-- This site is optimized with the Yoast SEO plugin v27.5 - https:\/\/yoast.com\/product\/yoast-seo-wordpress\/ -->\n<title>Volume d&#039;escalade en bois T3 80cm - Presas G8 - Presas de escalada para roc\u00f3dromo<\/title>\n<meta name=\"robots\" content=\"index, follow, max-snippet:-1, max-image-preview:large, max-video-preview:-1\" \/>\n<link rel=\"canonical\" href=\"https:\/\/www.presasg8.es\/fr\/producto\/volume-descalade-en-bois-t3-80cm\/\" \/>\n<meta property=\"og:locale\" content=\"fr_FR\" \/>\n<meta property=\"og:type\" content=\"article\" \/>\n<meta property=\"og:title\" content=\"Volume d&#039;escalade en bois T3 80cm - Presas G8 - Presas de escalada para roc\u00f3dromo\" \/>\n<meta property=\"og:description\" content=\"Volume d&rsquo;escalade de forme triangulaire en bois d&rsquo;okoum\u00e9 de 15 [...]\" \/>\n<meta property=\"og:url\" content=\"https:\/\/www.presasg8.es\/fr\/producto\/volume-descalade-en-bois-t3-80cm\/\" \/>\n<meta property=\"og:site_name\" content=\"Presas G8 - Presas de escalada para roc\u00f3dromo\" \/>\n<meta property=\"article:publisher\" content=\"https:\/\/www.facebook.com\/presasescaladag8\/\" \/>\n<meta property=\"article:modified_time\" content=\"2026-03-22T08:41:15+00:00\" \/>\n<meta property=\"og:image\" content=\"https:\/\/www.presasg8.es\/wp-content\/uploads\/2026\/02\/Volumen-de-madera-T31.jpg\" \/>\n\t<meta property=\"og:image:width\" content=\"1920\" \/>\n\t<meta property=\"og:image:height\" content=\"2560\" \/>\n\t<meta property=\"og:image:type\" content=\"image\/jpeg\" \/>\n<meta name=\"twitter:card\" content=\"summary_large_image\" \/>\n<meta name=\"twitter:label1\" content=\"Dur\u00e9e de lecture estim\u00e9e\" \/>\n\t<meta name=\"twitter:data1\" content=\"1 minute\" \/>\n<script type=\"application\/ld+json\" class=\"yoast-schema-graph\">{\"@context\":\"https:\\\/\\\/schema.org\",\"@graph\":[{\"@type\":\"WebPage\",\"@id\":\"https:\\\/\\\/www.presasg8.es\\\/fr\\\/producto\\\/volume-descalade-en-bois-t3-80cm\\\/\",\"url\":\"https:\\\/\\\/www.presasg8.es\\\/fr\\\/producto\\\/volume-descalade-en-bois-t3-80cm\\\/\",\"name\":\"Volume d'escalade en bois T3 80cm - Presas G8 - Presas de escalada para roc\u00f3dromo\",\"isPartOf\":{\"@id\":\"https:\\\/\\\/www.presasg8.es\\\/fr\\\/#website\"},\"primaryImageOfPage\":{\"@id\":\"https:\\\/\\\/www.presasg8.es\\\/fr\\\/producto\\\/volume-descalade-en-bois-t3-80cm\\\/#primaryimage\"},\"image\":{\"@id\":\"https:\\\/\\\/www.presasg8.es\\\/fr\\\/producto\\\/volume-descalade-en-bois-t3-80cm\\\/#primaryimage\"},\"thumbnailUrl\":\"https:\\\/\\\/www.presasg8.es\\\/wp-content\\\/uploads\\\/2026\\\/02\\\/Volumen-de-madera-T31.jpg\",\"datePublished\":\"2026-02-24T05:58:06+00:00\",\"dateModified\":\"2026-03-22T08:41:15+00:00\",\"breadcrumb\":{\"@id\":\"https:\\\/\\\/www.presasg8.es\\\/fr\\\/producto\\\/volume-descalade-en-bois-t3-80cm\\\/#breadcrumb\"},\"inLanguage\":\"fr-FR\",\"potentialAction\":[{\"@type\":\"ReadAction\",\"target\":[\"https:\\\/\\\/www.presasg8.es\\\/fr\\\/producto\\\/volume-descalade-en-bois-t3-80cm\\\/\"]}]},{\"@type\":\"ImageObject\",\"inLanguage\":\"fr-FR\",\"@id\":\"https:\\\/\\\/www.presasg8.es\\\/fr\\\/producto\\\/volume-descalade-en-bois-t3-80cm\\\/#primaryimage\",\"url\":\"https:\\\/\\\/www.presasg8.es\\\/wp-content\\\/uploads\\\/2026\\\/02\\\/Volumen-de-madera-T31.jpg\",\"contentUrl\":\"https:\\\/\\\/www.presasg8.es\\\/wp-content\\\/uploads\\\/2026\\\/02\\\/Volumen-de-madera-T31.jpg\",\"width\":1920,\"height\":2560},{\"@type\":\"BreadcrumbList\",\"@id\":\"https:\\\/\\\/www.presasg8.es\\\/fr\\\/producto\\\/volume-descalade-en-bois-t3-80cm\\\/#breadcrumb\",\"itemListElement\":[{\"@type\":\"ListItem\",\"position\":1,\"name\":\"Portada\",\"item\":\"https:\\\/\\\/www.presasg8.es\\\/fr\\\/\"},{\"@type\":\"ListItem\",\"position\":2,\"name\":\"Boutique de prises d&rsquo;escalade\",\"item\":\"https:\\\/\\\/www.presasg8.es\\\/fr\\\/prises-de-escalade\\\/\"},{\"@type\":\"ListItem\",\"position\":3,\"name\":\"Volume d&#8217;escalade en bois T3 80cm\"}]},{\"@type\":\"WebSite\",\"@id\":\"https:\\\/\\\/www.presasg8.es\\\/fr\\\/#website\",\"url\":\"https:\\\/\\\/www.presasg8.es\\\/fr\\\/\",\"name\":\"Presas de escalada G8\",\"description\":\"Tienda online de Presas de escalada para roc\u00f3dromo\",\"publisher\":{\"@id\":\"https:\\\/\\\/www.presasg8.es\\\/fr\\\/#organization\"},\"alternateName\":\"Presas de escalada para roc\u00f3dromo\",\"potentialAction\":[{\"@type\":\"SearchAction\",\"target\":{\"@type\":\"EntryPoint\",\"urlTemplate\":\"https:\\\/\\\/www.presasg8.es\\\/fr\\\/?s={search_term_string}\"},\"query-input\":{\"@type\":\"PropertyValueSpecification\",\"valueRequired\":true,\"valueName\":\"search_term_string\"}}],\"inLanguage\":\"fr-FR\"},{\"@type\":\"Organization\",\"@id\":\"https:\\\/\\\/www.presasg8.es\\\/fr\\\/#organization\",\"name\":\"Presas de escalada G8\",\"alternateName\":\"Presas de escalada para roc\u00f3dromo G8\",\"url\":\"https:\\\/\\\/www.presasg8.es\\\/fr\\\/\",\"logo\":{\"@type\":\"ImageObject\",\"inLanguage\":\"fr-FR\",\"@id\":\"https:\\\/\\\/www.presasg8.es\\\/fr\\\/#\\\/schema\\\/logo\\\/image\\\/\",\"url\":\"https:\\\/\\\/www.presasg8.es\\\/wp-content\\\/uploads\\\/2023\\\/09\\\/logo-presas-g8.jpeg\",\"contentUrl\":\"https:\\\/\\\/www.presasg8.es\\\/wp-content\\\/uploads\\\/2023\\\/09\\\/logo-presas-g8.jpeg\",\"width\":400,\"height\":486,\"caption\":\"Presas de escalada G8\"},\"image\":{\"@id\":\"https:\\\/\\\/www.presasg8.es\\\/fr\\\/#\\\/schema\\\/logo\\\/image\\\/\"},\"sameAs\":[\"https:\\\/\\\/www.facebook.com\\\/presasescaladag8\\\/\",\"https:\\\/\\\/www.instagram.com\\\/presasg8\\\/\"]}]}<\/script>\n<!-- \/ Yoast SEO plugin. -->","yoast_head_json":{"title":"Volume d'escalade en bois T3 80cm - Presas G8 - Presas de escalada para roc\u00f3dromo","robots":{"index":"index","follow":"follow","max-snippet":"max-snippet:-1","max-image-preview":"max-image-preview:large","max-video-preview":"max-video-preview:-1"},"canonical":"https:\/\/www.presasg8.es\/fr\/producto\/volume-descalade-en-bois-t3-80cm\/","og_locale":"fr_FR","og_type":"article","og_title":"Volume d'escalade en bois T3 80cm - Presas G8 - Presas de escalada para roc\u00f3dromo","og_description":"Volume d&rsquo;escalade de forme triangulaire en bois d&rsquo;okoum\u00e9 de 15 [...]","og_url":"https:\/\/www.presasg8.es\/fr\/producto\/volume-descalade-en-bois-t3-80cm\/","og_site_name":"Presas G8 - Presas de escalada para roc\u00f3dromo","article_publisher":"https:\/\/www.facebook.com\/presasescaladag8\/","article_modified_time":"2026-03-22T08:41:15+00:00","og_image":[{"width":1920,"height":2560,"url":"https:\/\/www.presasg8.es\/wp-content\/uploads\/2026\/02\/Volumen-de-madera-T31.jpg","type":"image\/jpeg"}],"twitter_card":"summary_large_image","twitter_misc":{"Dur\u00e9e de lecture estim\u00e9e":"1 minute"},"schema":{"@context":"https:\/\/schema.org","@graph":[{"@type":"WebPage","@id":"https:\/\/www.presasg8.es\/fr\/producto\/volume-descalade-en-bois-t3-80cm\/","url":"https:\/\/www.presasg8.es\/fr\/producto\/volume-descalade-en-bois-t3-80cm\/","name":"Volume d'escalade en bois T3 80cm - Presas G8 - Presas de escalada para roc\u00f3dromo","isPartOf":{"@id":"https:\/\/www.presasg8.es\/fr\/#website"},"primaryImageOfPage":{"@id":"https:\/\/www.presasg8.es\/fr\/producto\/volume-descalade-en-bois-t3-80cm\/#primaryimage"},"image":{"@id":"https:\/\/www.presasg8.es\/fr\/producto\/volume-descalade-en-bois-t3-80cm\/#primaryimage"},"thumbnailUrl":"https:\/\/www.presasg8.es\/wp-content\/uploads\/2026\/02\/Volumen-de-madera-T31.jpg","datePublished":"2026-02-24T05:58:06+00:00","dateModified":"2026-03-22T08:41:15+00:00","breadcrumb":{"@id":"https:\/\/www.presasg8.es\/fr\/producto\/volume-descalade-en-bois-t3-80cm\/#breadcrumb"},"inLanguage":"fr-FR","potentialAction":[{"@type":"ReadAction","target":["https:\/\/www.presasg8.es\/fr\/producto\/volume-descalade-en-bois-t3-80cm\/"]}]},{"@type":"ImageObject","inLanguage":"fr-FR","@id":"https:\/\/www.presasg8.es\/fr\/producto\/volume-descalade-en-bois-t3-80cm\/#primaryimage","url":"https:\/\/www.presasg8.es\/wp-content\/uploads\/2026\/02\/Volumen-de-madera-T31.jpg","contentUrl":"https:\/\/www.presasg8.es\/wp-content\/uploads\/2026\/02\/Volumen-de-madera-T31.jpg","width":1920,"height":2560},{"@type":"BreadcrumbList","@id":"https:\/\/www.presasg8.es\/fr\/producto\/volume-descalade-en-bois-t3-80cm\/#breadcrumb","itemListElement":[{"@type":"ListItem","position":1,"name":"Portada","item":"https:\/\/www.presasg8.es\/fr\/"},{"@type":"ListItem","position":2,"name":"Boutique de prises d&rsquo;escalade","item":"https:\/\/www.presasg8.es\/fr\/prises-de-escalade\/"},{"@type":"ListItem","position":3,"name":"Volume d&#8217;escalade en bois T3 80cm"}]},{"@type":"WebSite","@id":"https:\/\/www.presasg8.es\/fr\/#website","url":"https:\/\/www.presasg8.es\/fr\/","name":"Presas de escalada G8","description":"Tienda online de Presas de escalada para roc\u00f3dromo","publisher":{"@id":"https:\/\/www.presasg8.es\/fr\/#organization"},"alternateName":"Presas de escalada para roc\u00f3dromo","potentialAction":[{"@type":"SearchAction","target":{"@type":"EntryPoint","urlTemplate":"https:\/\/www.presasg8.es\/fr\/?s={search_term_string}"},"query-input":{"@type":"PropertyValueSpecification","valueRequired":true,"valueName":"search_term_string"}}],"inLanguage":"fr-FR"},{"@type":"Organization","@id":"https:\/\/www.presasg8.es\/fr\/#organization","name":"Presas de escalada G8","alternateName":"Presas de escalada para roc\u00f3dromo G8","url":"https:\/\/www.presasg8.es\/fr\/","logo":{"@type":"ImageObject","inLanguage":"fr-FR","@id":"https:\/\/www.presasg8.es\/fr\/#\/schema\/logo\/image\/","url":"https:\/\/www.presasg8.es\/wp-content\/uploads\/2023\/09\/logo-presas-g8.jpeg","contentUrl":"https:\/\/www.presasg8.es\/wp-content\/uploads\/2023\/09\/logo-presas-g8.jpeg","width":400,"height":486,"caption":"Presas de escalada G8"},"image":{"@id":"https:\/\/www.presasg8.es\/fr\/#\/schema\/logo\/image\/"},"sameAs":["https:\/\/www.facebook.com\/presasescaladag8\/","https:\/\/www.instagram.com\/presasg8\/"]}]}},"_links":{"self":[{"href":"https:\/\/www.presasg8.es\/fr\/wp-json\/wp\/v2\/product\/8566","targetHints":{"allow":["GET"]}}],"collection":[{"href":"https:\/\/www.presasg8.es\/fr\/wp-json\/wp\/v2\/product"}],"about":[{"href":"https:\/\/www.presasg8.es\/fr\/wp-json\/wp\/v2\/types\/product"}],"replies":[{"embeddable":true,"href":"https:\/\/www.presasg8.es\/fr\/wp-json\/wp\/v2\/comments?post=8566"}],"wp:featuredmedia":[{"embeddable":true,"href":"https:\/\/www.presasg8.es\/fr\/wp-json\/wp\/v2\/media\/8435"}],"wp:attachment":[{"href":"https:\/\/www.presasg8.es\/fr\/wp-json\/wp\/v2\/media?parent=8566"}],"wp:term":[{"taxonomy":"product_brand","embeddable":true,"href":"https:\/\/www.presasg8.es\/fr\/wp-json\/wp\/v2\/product_brand?post=8566"},{"taxonomy":"product_cat","embeddable":true,"href":"https:\/\/www.presasg8.es\/fr\/wp-json\/wp\/v2\/product_cat?post=8566"},{"taxonomy":"product_tag","embeddable":true,"href":"https:\/\/www.presasg8.es\/fr\/wp-json\/wp\/v2\/product_tag?post=8566"}],"curies":[{"name":"wp","href":"https:\/\/api.w.org\/{rel}","templated":true}]}}