{"id":8552,"date":"2026-03-07T20:05:01","date_gmt":"2026-03-07T19:05:01","guid":{"rendered":"https:\/\/www.presasg8.es\/producto\/volume-etagere-en-bois-1\/"},"modified":"2026-03-22T09:40:55","modified_gmt":"2026-03-22T08:40:55","slug":"volume-etagere-en-bois-1","status":"publish","type":"product","link":"https:\/\/www.presasg8.es\/fr\/producto\/volume-etagere-en-bois-1\/","title":{"rendered":"Volume \u00e9tag\u00e8re en bois 1"},"content":{"rendered":"<p data-start=\"105\" data-end=\"394\">Volume d&rsquo;escalade en bois d&rsquo;okoum\u00e9 de 15 mm, l\u00e9ger et solide. Il pr\u00e9sente une surface textur\u00e9e avec des agr\u00e9gats pour une excellente adh\u00e9rence et de multiples points de fixation, plus 8 trous pour installer des prises d&rsquo;escalade avec des vis m\u00e9triques M10. <\/p>\n<p data-start=\"396\" data-end=\"716\"><strong data-start=\"396\" data-end=\"425\">Description du produit :<\/strong><br data-start=\"425\" data-end=\"428\">Ce volume d&rsquo;escalade est con\u00e7u pour ajouter de la vari\u00e9t\u00e9, de la difficult\u00e9 et de la cr\u00e9ativit\u00e9 \u00e0 tout mur d&rsquo;escalade. Fabriqu\u00e9 en bois d&rsquo;okoum\u00e9 de 15 mm, il allie l\u00e9g\u00e8ret\u00e9 et r\u00e9sistance, ce qui en fait un choix id\u00e9al pour les murs d&rsquo;escalade et les murs d&rsquo;escalade domestiques. <\/p>\n<p data-start=\"718\" data-end=\"1104\">Sa surface a \u00e9t\u00e9 <strong data-start=\"740\" data-end=\"765\">textur\u00e9e avec des agr\u00e9gats<\/strong>, offrant une <strong data-start=\"785\" data-end=\"812\">prise s\u00fbre et naturelle<\/strong>, m\u00eame pour les mouvements techniques. La conception comprend des <strong data-start=\"865\" data-end=\"889\">trous de fixation<\/strong> qui permettent une installation ferme sur le panneau du mur d&rsquo;escalade et <strong data-start=\"953\" data-end=\"980\">8 trous suppl\u00e9mentaires<\/strong> compatibles avec les prises d&rsquo;escalade <strong data-start=\"1019\" data-end=\"1034\">m\u00e9triques M10<\/strong>, ce qui permet d&rsquo;\u00e9largir la gamme de voies et de configurations. <\/p>\n<p data-start=\"1106\" data-end=\"1279\">Gr\u00e2ce \u00e0 ses dimensions de <strong data-start=\"1135\" data-end=\"1161\">100 cm x 30 cm x 17 cm<\/strong>, ce volume est parfait pour cr\u00e9er des reliefs, des surplombs ou des appuis qui dynamisent les voies d&rsquo;escalade.<\/p>\n<p data-start=\"1281\" data-end=\"1313\"><strong data-start=\"1281\" data-end=\"1313\">Caract\u00e9ristiques principales :<\/strong><\/p>\n<ul data-start=\"1314\" data-end=\"1725\">\n<li data-section-id=\"12cpu53\" data-start=\"1314\" data-end=\"1357\">\n<p data-start=\"1316\" data-end=\"1357\">Fabriqu\u00e9 en <strong data-start=\"1329\" data-end=\"1357\">bois d&rsquo;okoum\u00e9 de 15 mm<\/strong><\/p>\n<\/li>\n<li data-section-id=\"n9s6cu\" data-start=\"1358\" data-end=\"1395\">\n<p data-start=\"1360\" data-end=\"1395\"><strong data-start=\"1360\" data-end=\"1376\">Dimensions :<\/strong> 100 \u00d7 30 \u00d7 17 cm<\/p>\n<\/li>\n<li data-section-id=\"1qcy4sy\" data-start=\"1396\" data-end=\"1459\">\n<p data-start=\"1398\" data-end=\"1459\"><strong data-start=\"1398\" data-end=\"1434\">Surface textur\u00e9e avec agr\u00e9gats<\/strong> pour une meilleure adh\u00e9rence<\/p>\n<\/li>\n<li data-section-id=\"1lzaqjl\" data-start=\"1460\" data-end=\"1523\">\n<p data-start=\"1462\" data-end=\"1523\"><strong data-start=\"1462\" data-end=\"1486\">Trous de fixation<\/strong> pour une installation s\u00fbre dans le mur<\/p>\n<\/li>\n<li data-section-id=\"11b9k2y\" data-start=\"1524\" data-end=\"1603\">\n<p data-start=\"1526\" data-end=\"1603\"><strong data-start=\"1526\" data-end=\"1565\">8 trous pour prises d&rsquo;escalade<\/strong> compatibles avec le mat\u00e9riel <strong data-start=\"1594\" data-end=\"1601\">M10<\/strong><\/p>\n<\/li>\n<li data-section-id=\"1a85tk0\" data-start=\"1604\" data-end=\"1675\">\n<p data-start=\"1606\" data-end=\"1675\">Id\u00e9al pour les <strong data-start=\"1617\" data-end=\"1673\">murs d&rsquo;escalade, les salles d&rsquo;escalade et les murs d&rsquo;escalade \u00e0 domicile<\/strong><\/p>\n<\/li>\n<li data-section-id=\"1uyopyh\" data-start=\"1676\" data-end=\"1725\">\n<p data-start=\"1678\" data-end=\"1725\">Permet de <strong data-start=\"1686\" data-end=\"1725\">cr\u00e9er des itin\u00e9raires plus techniques et plus vari\u00e9s<\/strong><\/p>\n<\/li>\n<\/ul>\n<p data-start=\"1727\" data-end=\"1761\">Si vous le souhaitez, je peux \u00e9galement le pr\u00e9parer pour vous :<\/p>\n<ul data-start=\"1762\" data-end=\"1931\" data-is-last-node=\"\" data-is-only-node=\"\">\n<li data-section-id=\"1f59gd5\" data-start=\"1762\" data-end=\"1813\">\n<p data-start=\"1764\" data-end=\"1813\">une <strong data-start=\"1768\" data-end=\"1810\">version plus convaincante pour vendre davantage,<\/strong><\/p>\n<\/li>\n<li data-section-id=\"9wixys\" data-start=\"1814\" data-end=\"1856\">\n<p data-start=\"1816\" data-end=\"1856\">une <strong data-start=\"1820\" data-end=\"1851\">version optimis\u00e9e pour le r\u00e9f\u00e9rencement<\/strong>, ou<\/p>\n<\/li>\n<li data-section-id=\"qyo8jm\" data-start=\"1857\" data-end=\"1931\" data-is-last-node=\"\">\n<p data-start=\"1859\" data-end=\"1931\" data-is-last-node=\"\"><strong data-start=\"1859\" data-end=\"1909\">plusieurs descriptions pour diff\u00e9rents volumes<\/strong> de votre catalogue.<\/p>\n<\/li>\n<\/ul>\n","protected":false},"excerpt":{"rendered":"<p>Volume d&rsquo;escalade en bois d&rsquo;okoum\u00e9 de 15 mm, l\u00e9ger et  [&#8230;]<\/p>\n","protected":false},"featured_media":8510,"comment_status":"closed","ping_status":"closed","template":"","meta":{"_joinchat":[]},"product_brand":[],"product_cat":[290],"product_tag":[],"class_list":{"0":"post-8552","1":"product","2":"type-product","3":"status-publish","4":"has-post-thumbnail","6":"product_cat-volumes-en-bois","8":"first","9":"instock","10":"taxable","11":"shipping-taxable","12":"purchasable","13":"product-type-simple"},"yoast_head":"<!-- This site is optimized with the Yoast SEO plugin v27.5 - https:\/\/yoast.com\/product\/yoast-seo-wordpress\/ -->\n<title>Volume \u00e9tag\u00e8re en bois 1 - Presas G8 - Presas de escalada para roc\u00f3dromo<\/title>\n<meta name=\"robots\" content=\"index, follow, max-snippet:-1, max-image-preview:large, max-video-preview:-1\" \/>\n<link rel=\"canonical\" href=\"https:\/\/www.presasg8.es\/fr\/producto\/volume-etagere-en-bois-1\/\" \/>\n<meta property=\"og:locale\" content=\"fr_FR\" \/>\n<meta property=\"og:type\" content=\"article\" \/>\n<meta property=\"og:title\" content=\"Volume \u00e9tag\u00e8re en bois 1 - Presas G8 - Presas de escalada para roc\u00f3dromo\" \/>\n<meta property=\"og:description\" content=\"Volume d&rsquo;escalade en bois d&rsquo;okoum\u00e9 de 15 mm, l\u00e9ger et [...]\" \/>\n<meta property=\"og:url\" content=\"https:\/\/www.presasg8.es\/fr\/producto\/volume-etagere-en-bois-1\/\" \/>\n<meta property=\"og:site_name\" content=\"Presas G8 - Presas de escalada para roc\u00f3dromo\" \/>\n<meta property=\"article:publisher\" content=\"https:\/\/www.facebook.com\/presasescaladag8\/\" \/>\n<meta property=\"article:modified_time\" content=\"2026-03-22T08:40:55+00:00\" \/>\n<meta property=\"og:image\" content=\"https:\/\/www.presasg8.es\/wp-content\/uploads\/2026\/03\/volumen-mader-repisa-4.jpg\" \/>\n\t<meta property=\"og:image:width\" content=\"2560\" \/>\n\t<meta property=\"og:image:height\" content=\"2560\" \/>\n\t<meta property=\"og:image:type\" content=\"image\/jpeg\" \/>\n<meta name=\"twitter:card\" content=\"summary_large_image\" \/>\n<meta name=\"twitter:label1\" content=\"Dur\u00e9e de lecture estim\u00e9e\" \/>\n\t<meta name=\"twitter:data1\" content=\"2 minutes\" \/>\n<script type=\"application\/ld+json\" class=\"yoast-schema-graph\">{\"@context\":\"https:\\\/\\\/schema.org\",\"@graph\":[{\"@type\":\"WebPage\",\"@id\":\"https:\\\/\\\/www.presasg8.es\\\/fr\\\/producto\\\/volume-etagere-en-bois-1\\\/\",\"url\":\"https:\\\/\\\/www.presasg8.es\\\/fr\\\/producto\\\/volume-etagere-en-bois-1\\\/\",\"name\":\"Volume \u00e9tag\u00e8re en bois 1 - Presas G8 - Presas de escalada para roc\u00f3dromo\",\"isPartOf\":{\"@id\":\"https:\\\/\\\/www.presasg8.es\\\/fr\\\/#website\"},\"primaryImageOfPage\":{\"@id\":\"https:\\\/\\\/www.presasg8.es\\\/fr\\\/producto\\\/volume-etagere-en-bois-1\\\/#primaryimage\"},\"image\":{\"@id\":\"https:\\\/\\\/www.presasg8.es\\\/fr\\\/producto\\\/volume-etagere-en-bois-1\\\/#primaryimage\"},\"thumbnailUrl\":\"https:\\\/\\\/www.presasg8.es\\\/wp-content\\\/uploads\\\/2026\\\/03\\\/volumen-mader-repisa-4.jpg\",\"datePublished\":\"2026-03-07T19:05:01+00:00\",\"dateModified\":\"2026-03-22T08:40:55+00:00\",\"breadcrumb\":{\"@id\":\"https:\\\/\\\/www.presasg8.es\\\/fr\\\/producto\\\/volume-etagere-en-bois-1\\\/#breadcrumb\"},\"inLanguage\":\"fr-FR\",\"potentialAction\":[{\"@type\":\"ReadAction\",\"target\":[\"https:\\\/\\\/www.presasg8.es\\\/fr\\\/producto\\\/volume-etagere-en-bois-1\\\/\"]}]},{\"@type\":\"ImageObject\",\"inLanguage\":\"fr-FR\",\"@id\":\"https:\\\/\\\/www.presasg8.es\\\/fr\\\/producto\\\/volume-etagere-en-bois-1\\\/#primaryimage\",\"url\":\"https:\\\/\\\/www.presasg8.es\\\/wp-content\\\/uploads\\\/2026\\\/03\\\/volumen-mader-repisa-4.jpg\",\"contentUrl\":\"https:\\\/\\\/www.presasg8.es\\\/wp-content\\\/uploads\\\/2026\\\/03\\\/volumen-mader-repisa-4.jpg\",\"width\":2560,\"height\":2560,\"caption\":\"volume de bois grimpant\"},{\"@type\":\"BreadcrumbList\",\"@id\":\"https:\\\/\\\/www.presasg8.es\\\/fr\\\/producto\\\/volume-etagere-en-bois-1\\\/#breadcrumb\",\"itemListElement\":[{\"@type\":\"ListItem\",\"position\":1,\"name\":\"Portada\",\"item\":\"https:\\\/\\\/www.presasg8.es\\\/fr\\\/\"},{\"@type\":\"ListItem\",\"position\":2,\"name\":\"Boutique de prises d&rsquo;escalade\",\"item\":\"https:\\\/\\\/www.presasg8.es\\\/fr\\\/prises-de-escalade\\\/\"},{\"@type\":\"ListItem\",\"position\":3,\"name\":\"Volume \u00e9tag\u00e8re en bois 1\"}]},{\"@type\":\"WebSite\",\"@id\":\"https:\\\/\\\/www.presasg8.es\\\/fr\\\/#website\",\"url\":\"https:\\\/\\\/www.presasg8.es\\\/fr\\\/\",\"name\":\"Presas de escalada G8\",\"description\":\"Tienda online de Presas de escalada para roc\u00f3dromo\",\"publisher\":{\"@id\":\"https:\\\/\\\/www.presasg8.es\\\/fr\\\/#organization\"},\"alternateName\":\"Presas de escalada para roc\u00f3dromo\",\"potentialAction\":[{\"@type\":\"SearchAction\",\"target\":{\"@type\":\"EntryPoint\",\"urlTemplate\":\"https:\\\/\\\/www.presasg8.es\\\/fr\\\/?s={search_term_string}\"},\"query-input\":{\"@type\":\"PropertyValueSpecification\",\"valueRequired\":true,\"valueName\":\"search_term_string\"}}],\"inLanguage\":\"fr-FR\"},{\"@type\":\"Organization\",\"@id\":\"https:\\\/\\\/www.presasg8.es\\\/fr\\\/#organization\",\"name\":\"Presas de escalada G8\",\"alternateName\":\"Presas de escalada para roc\u00f3dromo G8\",\"url\":\"https:\\\/\\\/www.presasg8.es\\\/fr\\\/\",\"logo\":{\"@type\":\"ImageObject\",\"inLanguage\":\"fr-FR\",\"@id\":\"https:\\\/\\\/www.presasg8.es\\\/fr\\\/#\\\/schema\\\/logo\\\/image\\\/\",\"url\":\"https:\\\/\\\/www.presasg8.es\\\/wp-content\\\/uploads\\\/2023\\\/09\\\/logo-presas-g8.jpeg\",\"contentUrl\":\"https:\\\/\\\/www.presasg8.es\\\/wp-content\\\/uploads\\\/2023\\\/09\\\/logo-presas-g8.jpeg\",\"width\":400,\"height\":486,\"caption\":\"Presas de escalada G8\"},\"image\":{\"@id\":\"https:\\\/\\\/www.presasg8.es\\\/fr\\\/#\\\/schema\\\/logo\\\/image\\\/\"},\"sameAs\":[\"https:\\\/\\\/www.facebook.com\\\/presasescaladag8\\\/\",\"https:\\\/\\\/www.instagram.com\\\/presasg8\\\/\"]}]}<\/script>\n<!-- \/ Yoast SEO plugin. -->","yoast_head_json":{"title":"Volume \u00e9tag\u00e8re en bois 1 - Presas G8 - Presas de escalada para roc\u00f3dromo","robots":{"index":"index","follow":"follow","max-snippet":"max-snippet:-1","max-image-preview":"max-image-preview:large","max-video-preview":"max-video-preview:-1"},"canonical":"https:\/\/www.presasg8.es\/fr\/producto\/volume-etagere-en-bois-1\/","og_locale":"fr_FR","og_type":"article","og_title":"Volume \u00e9tag\u00e8re en bois 1 - Presas G8 - Presas de escalada para roc\u00f3dromo","og_description":"Volume d&rsquo;escalade en bois d&rsquo;okoum\u00e9 de 15 mm, l\u00e9ger et [...]","og_url":"https:\/\/www.presasg8.es\/fr\/producto\/volume-etagere-en-bois-1\/","og_site_name":"Presas G8 - Presas de escalada para roc\u00f3dromo","article_publisher":"https:\/\/www.facebook.com\/presasescaladag8\/","article_modified_time":"2026-03-22T08:40:55+00:00","og_image":[{"width":2560,"height":2560,"url":"https:\/\/www.presasg8.es\/wp-content\/uploads\/2026\/03\/volumen-mader-repisa-4.jpg","type":"image\/jpeg"}],"twitter_card":"summary_large_image","twitter_misc":{"Dur\u00e9e de lecture estim\u00e9e":"2 minutes"},"schema":{"@context":"https:\/\/schema.org","@graph":[{"@type":"WebPage","@id":"https:\/\/www.presasg8.es\/fr\/producto\/volume-etagere-en-bois-1\/","url":"https:\/\/www.presasg8.es\/fr\/producto\/volume-etagere-en-bois-1\/","name":"Volume \u00e9tag\u00e8re en bois 1 - Presas G8 - Presas de escalada para roc\u00f3dromo","isPartOf":{"@id":"https:\/\/www.presasg8.es\/fr\/#website"},"primaryImageOfPage":{"@id":"https:\/\/www.presasg8.es\/fr\/producto\/volume-etagere-en-bois-1\/#primaryimage"},"image":{"@id":"https:\/\/www.presasg8.es\/fr\/producto\/volume-etagere-en-bois-1\/#primaryimage"},"thumbnailUrl":"https:\/\/www.presasg8.es\/wp-content\/uploads\/2026\/03\/volumen-mader-repisa-4.jpg","datePublished":"2026-03-07T19:05:01+00:00","dateModified":"2026-03-22T08:40:55+00:00","breadcrumb":{"@id":"https:\/\/www.presasg8.es\/fr\/producto\/volume-etagere-en-bois-1\/#breadcrumb"},"inLanguage":"fr-FR","potentialAction":[{"@type":"ReadAction","target":["https:\/\/www.presasg8.es\/fr\/producto\/volume-etagere-en-bois-1\/"]}]},{"@type":"ImageObject","inLanguage":"fr-FR","@id":"https:\/\/www.presasg8.es\/fr\/producto\/volume-etagere-en-bois-1\/#primaryimage","url":"https:\/\/www.presasg8.es\/wp-content\/uploads\/2026\/03\/volumen-mader-repisa-4.jpg","contentUrl":"https:\/\/www.presasg8.es\/wp-content\/uploads\/2026\/03\/volumen-mader-repisa-4.jpg","width":2560,"height":2560,"caption":"volume de bois grimpant"},{"@type":"BreadcrumbList","@id":"https:\/\/www.presasg8.es\/fr\/producto\/volume-etagere-en-bois-1\/#breadcrumb","itemListElement":[{"@type":"ListItem","position":1,"name":"Portada","item":"https:\/\/www.presasg8.es\/fr\/"},{"@type":"ListItem","position":2,"name":"Boutique de prises d&rsquo;escalade","item":"https:\/\/www.presasg8.es\/fr\/prises-de-escalade\/"},{"@type":"ListItem","position":3,"name":"Volume \u00e9tag\u00e8re en bois 1"}]},{"@type":"WebSite","@id":"https:\/\/www.presasg8.es\/fr\/#website","url":"https:\/\/www.presasg8.es\/fr\/","name":"Presas de escalada G8","description":"Tienda online de Presas de escalada para roc\u00f3dromo","publisher":{"@id":"https:\/\/www.presasg8.es\/fr\/#organization"},"alternateName":"Presas de escalada para roc\u00f3dromo","potentialAction":[{"@type":"SearchAction","target":{"@type":"EntryPoint","urlTemplate":"https:\/\/www.presasg8.es\/fr\/?s={search_term_string}"},"query-input":{"@type":"PropertyValueSpecification","valueRequired":true,"valueName":"search_term_string"}}],"inLanguage":"fr-FR"},{"@type":"Organization","@id":"https:\/\/www.presasg8.es\/fr\/#organization","name":"Presas de escalada G8","alternateName":"Presas de escalada para roc\u00f3dromo G8","url":"https:\/\/www.presasg8.es\/fr\/","logo":{"@type":"ImageObject","inLanguage":"fr-FR","@id":"https:\/\/www.presasg8.es\/fr\/#\/schema\/logo\/image\/","url":"https:\/\/www.presasg8.es\/wp-content\/uploads\/2023\/09\/logo-presas-g8.jpeg","contentUrl":"https:\/\/www.presasg8.es\/wp-content\/uploads\/2023\/09\/logo-presas-g8.jpeg","width":400,"height":486,"caption":"Presas de escalada G8"},"image":{"@id":"https:\/\/www.presasg8.es\/fr\/#\/schema\/logo\/image\/"},"sameAs":["https:\/\/www.facebook.com\/presasescaladag8\/","https:\/\/www.instagram.com\/presasg8\/"]}]}},"_links":{"self":[{"href":"https:\/\/www.presasg8.es\/fr\/wp-json\/wp\/v2\/product\/8552","targetHints":{"allow":["GET"]}}],"collection":[{"href":"https:\/\/www.presasg8.es\/fr\/wp-json\/wp\/v2\/product"}],"about":[{"href":"https:\/\/www.presasg8.es\/fr\/wp-json\/wp\/v2\/types\/product"}],"replies":[{"embeddable":true,"href":"https:\/\/www.presasg8.es\/fr\/wp-json\/wp\/v2\/comments?post=8552"}],"wp:featuredmedia":[{"embeddable":true,"href":"https:\/\/www.presasg8.es\/fr\/wp-json\/wp\/v2\/media\/8510"}],"wp:attachment":[{"href":"https:\/\/www.presasg8.es\/fr\/wp-json\/wp\/v2\/media?parent=8552"}],"wp:term":[{"taxonomy":"product_brand","embeddable":true,"href":"https:\/\/www.presasg8.es\/fr\/wp-json\/wp\/v2\/product_brand?post=8552"},{"taxonomy":"product_cat","embeddable":true,"href":"https:\/\/www.presasg8.es\/fr\/wp-json\/wp\/v2\/product_cat?post=8552"},{"taxonomy":"product_tag","embeddable":true,"href":"https:\/\/www.presasg8.es\/fr\/wp-json\/wp\/v2\/product_tag?post=8552"}],"curies":[{"name":"wp","href":"https:\/\/api.w.org\/{rel}","templated":true}]}}