{"id":8550,"date":"2026-03-05T07:39:14","date_gmt":"2026-03-05T06:39:14","guid":{"rendered":"https:\/\/www.presasg8.es\/producto\/volumes-de-letagere-familiale\/"},"modified":"2026-04-22T18:28:03","modified_gmt":"2026-04-22T16:28:03","slug":"volumes-de-letagere-familiale","status":"publish","type":"product","link":"https:\/\/www.presasg8.es\/fr\/producto\/volumes-de-letagere-familiale\/","title":{"rendered":"Volumes de l&rsquo;\u00e9tag\u00e8re familiale"},"content":{"rendered":"<p data-start=\"0\" data-end=\"65\"><strong data-start=\"0\" data-end=\"65\">Volumes d&rsquo;escalade en bois d&rsquo;okoum\u00e9 &#8211; Lot de 3 unit\u00e9s<\/strong><\/p>\n<p data-start=\"67\" data-end=\"253\">Am\u00e9liorez votre mur d&rsquo;escalade avec ce <strong data-start=\"103\" data-end=\"165\">lot de 3 volumes en bois d&rsquo;okoum\u00e9 de 15 mm<\/strong>, con\u00e7u pour ajouter du relief, de la vari\u00e9t\u00e9 et de nouvelles lignes \u00e0 n&rsquo;importe quel panneau d&rsquo;escalade.<\/p>\n<p data-start=\"255\" data-end=\"419\">Chaque volume <strong data-start=\"279\" data-end=\"332\">mesure environ 100 cm x 30 cm x 16 cm<\/strong>, offrant une grande surface pour cr\u00e9er des mouvements plus techniques et dynamiques.<\/p>\n<p data-start=\"421\" data-end=\"453\"><strong data-start=\"421\" data-end=\"453\">Caract\u00e9ristiques principales :<\/strong><\/p>\n<ul data-start=\"455\" data-end=\"1082\">\n<li data-start=\"455\" data-end=\"522\">\n<p data-start=\"457\" data-end=\"522\">\ud83e\udeb5 <strong data-start=\"460\" data-end=\"473\">Mat\u00e9riau :<\/strong> bois d&rsquo;okoum\u00e9 de 15 mm, l\u00e9ger et solide.<\/p>\n<\/li>\n<li data-start=\"523\" data-end=\"649\">\n<p data-start=\"525\" data-end=\"541\">\ud83d\udcd0 <strong data-start=\"528\" data-end=\"539\">Design :<\/strong><\/p>\n<ul data-start=\"544\" data-end=\"649\">\n<li data-start=\"544\" data-end=\"583\">\n<p data-start=\"546\" data-end=\"583\">2 volumes <strong data-start=\"562\" data-end=\"580\">en forme de rampe<\/strong>.<\/p>\n<\/li>\n<li data-start=\"586\" data-end=\"649\">\n<p data-start=\"588\" data-end=\"649\">1 volume <strong data-start=\"598\" data-end=\"612\">\u00e9quilat\u00e9ral<\/strong> pour une plus grande vari\u00e9t\u00e9 de placements.<\/p>\n<\/li>\n<\/ul>\n<\/li>\n<li data-start=\"650\" data-end=\"831\">\n<p data-start=\"652\" data-end=\"831\"><strong data-start=\"655\" data-end=\"674\">Compatibilit\u00e9 :<\/strong> Chaque volume comprend <strong data-start=\"696\" data-end=\"751\">4 trous pour ins\u00e9rer des prises avec du mat\u00e9riel M10<\/strong>, ce qui vous permet d&rsquo;ajouter des prises suppl\u00e9mentaires et de cr\u00e9er des combinaisons de mouvements.<\/p>\n<\/li>\n<li data-start=\"832\" data-end=\"953\">\n<p data-start=\"834\" data-end=\"953\"><strong data-start=\"837\" data-end=\"862\">Facile \u00e0 installer :<\/strong> avec des <strong data-start=\"874\" data-end=\"898\">trous de fixation<\/strong> int\u00e9gr\u00e9s pour une installation s\u00fbre sur le panneau d&rsquo;escalade.<\/p>\n<\/li>\n<li data-start=\"954\" data-end=\"1082\">\n<p data-start=\"956\" data-end=\"1082\"><strong data-start=\"958\" data-end=\"985\">Surface textur\u00e9e :<\/strong> Le panneau est <strong data-start=\"1000\" data-end=\"1015\">textur\u00e9<\/strong> pour am\u00e9liorer l&rsquo;adh\u00e9rence et augmenter la friction pendant l&rsquo;escalade.<\/p>\n<\/li>\n<\/ul>\n<p data-start=\"1084\" data-end=\"1283\">Id\u00e9al pour les <strong data-start=\"1103\" data-end=\"1177\">murs d&rsquo;escalade, les murs d&rsquo;entra\u00eenement \u00e0 domicile ou les extensions de circuits<\/strong>, ces volumes vous permettent de modifier l&rsquo;inclinaison du panneau et d&rsquo;ajouter de nouvelles difficult\u00e9s \u00e0 vos blocs.<\/p>\n","protected":false},"excerpt":{"rendered":"<p>Volumes d&rsquo;escalade en bois d&rsquo;okoum\u00e9 &#8211; Lot de 3 unit\u00e9s  [&#8230;]<\/p>\n","protected":false},"featured_media":8464,"comment_status":"closed","ping_status":"closed","template":"","meta":{"_joinchat":[]},"product_brand":[],"product_cat":[119,290],"product_tag":[],"class_list":{"0":"post-8550","1":"product","2":"type-product","3":"status-publish","4":"has-post-thumbnail","6":"product_cat-des-offres","7":"product_cat-volumes-en-bois","9":"first","10":"instock","11":"sale","12":"taxable","13":"shipping-taxable","14":"purchasable","15":"product-type-simple"},"yoast_head":"<!-- This site is optimized with the Yoast SEO plugin v27.5 - https:\/\/yoast.com\/product\/yoast-seo-wordpress\/ -->\n<title>Volumes de l&#039;\u00e9tag\u00e8re familiale - Presas G8 - Presas de escalada para roc\u00f3dromo<\/title>\n<meta name=\"robots\" content=\"index, follow, max-snippet:-1, max-image-preview:large, max-video-preview:-1\" \/>\n<link rel=\"canonical\" href=\"https:\/\/www.presasg8.es\/fr\/producto\/volumes-de-letagere-familiale\/\" \/>\n<meta property=\"og:locale\" content=\"fr_FR\" \/>\n<meta property=\"og:type\" content=\"article\" \/>\n<meta property=\"og:title\" content=\"Volumes de l&#039;\u00e9tag\u00e8re familiale - Presas G8 - Presas de escalada para roc\u00f3dromo\" \/>\n<meta property=\"og:description\" content=\"Volumes d&rsquo;escalade en bois d&rsquo;okoum\u00e9 &#8211; Lot de 3 unit\u00e9s [...]\" \/>\n<meta property=\"og:url\" content=\"https:\/\/www.presasg8.es\/fr\/producto\/volumes-de-letagere-familiale\/\" \/>\n<meta property=\"og:site_name\" content=\"Presas G8 - Presas de escalada para roc\u00f3dromo\" \/>\n<meta property=\"article:publisher\" content=\"https:\/\/www.facebook.com\/presasescaladag8\/\" \/>\n<meta property=\"article:modified_time\" content=\"2026-04-22T16:28:03+00:00\" \/>\n<meta property=\"og:image\" content=\"https:\/\/www.presasg8.es\/wp-content\/uploads\/2026\/03\/familia-volumenes-escalada-repisa.jpg\" \/>\n\t<meta property=\"og:image:width\" content=\"1920\" \/>\n\t<meta property=\"og:image:height\" content=\"1701\" \/>\n\t<meta property=\"og:image:type\" content=\"image\/jpeg\" \/>\n<meta name=\"twitter:card\" content=\"summary_large_image\" \/>\n<meta name=\"twitter:label1\" content=\"Dur\u00e9e de lecture estim\u00e9e\" \/>\n\t<meta name=\"twitter:data1\" content=\"1 minute\" \/>\n<script type=\"application\/ld+json\" class=\"yoast-schema-graph\">{\"@context\":\"https:\\\/\\\/schema.org\",\"@graph\":[{\"@type\":\"WebPage\",\"@id\":\"https:\\\/\\\/www.presasg8.es\\\/fr\\\/producto\\\/volumes-de-letagere-familiale\\\/\",\"url\":\"https:\\\/\\\/www.presasg8.es\\\/fr\\\/producto\\\/volumes-de-letagere-familiale\\\/\",\"name\":\"Volumes de l'\u00e9tag\u00e8re familiale - Presas G8 - Presas de escalada para roc\u00f3dromo\",\"isPartOf\":{\"@id\":\"https:\\\/\\\/www.presasg8.es\\\/fr\\\/#website\"},\"primaryImageOfPage\":{\"@id\":\"https:\\\/\\\/www.presasg8.es\\\/fr\\\/producto\\\/volumes-de-letagere-familiale\\\/#primaryimage\"},\"image\":{\"@id\":\"https:\\\/\\\/www.presasg8.es\\\/fr\\\/producto\\\/volumes-de-letagere-familiale\\\/#primaryimage\"},\"thumbnailUrl\":\"https:\\\/\\\/www.presasg8.es\\\/wp-content\\\/uploads\\\/2026\\\/03\\\/familia-volumenes-escalada-repisa.jpg\",\"datePublished\":\"2026-03-05T06:39:14+00:00\",\"dateModified\":\"2026-04-22T16:28:03+00:00\",\"breadcrumb\":{\"@id\":\"https:\\\/\\\/www.presasg8.es\\\/fr\\\/producto\\\/volumes-de-letagere-familiale\\\/#breadcrumb\"},\"inLanguage\":\"fr-FR\",\"potentialAction\":[{\"@type\":\"ReadAction\",\"target\":[\"https:\\\/\\\/www.presasg8.es\\\/fr\\\/producto\\\/volumes-de-letagere-familiale\\\/\"]}]},{\"@type\":\"ImageObject\",\"inLanguage\":\"fr-FR\",\"@id\":\"https:\\\/\\\/www.presasg8.es\\\/fr\\\/producto\\\/volumes-de-letagere-familiale\\\/#primaryimage\",\"url\":\"https:\\\/\\\/www.presasg8.es\\\/wp-content\\\/uploads\\\/2026\\\/03\\\/familia-volumenes-escalada-repisa.jpg\",\"contentUrl\":\"https:\\\/\\\/www.presasg8.es\\\/wp-content\\\/uploads\\\/2026\\\/03\\\/familia-volumenes-escalada-repisa.jpg\",\"width\":1920,\"height\":1701,\"caption\":\"volume de la famille corniche d'escalade\"},{\"@type\":\"BreadcrumbList\",\"@id\":\"https:\\\/\\\/www.presasg8.es\\\/fr\\\/producto\\\/volumes-de-letagere-familiale\\\/#breadcrumb\",\"itemListElement\":[{\"@type\":\"ListItem\",\"position\":1,\"name\":\"Portada\",\"item\":\"https:\\\/\\\/www.presasg8.es\\\/fr\\\/\"},{\"@type\":\"ListItem\",\"position\":2,\"name\":\"Boutique de prises d&rsquo;escalade\",\"item\":\"https:\\\/\\\/www.presasg8.es\\\/fr\\\/prises-de-escalade\\\/\"},{\"@type\":\"ListItem\",\"position\":3,\"name\":\"Volumes de l&rsquo;\u00e9tag\u00e8re familiale\"}]},{\"@type\":\"WebSite\",\"@id\":\"https:\\\/\\\/www.presasg8.es\\\/fr\\\/#website\",\"url\":\"https:\\\/\\\/www.presasg8.es\\\/fr\\\/\",\"name\":\"Presas de escalada G8\",\"description\":\"Tienda online de Presas de escalada para roc\u00f3dromo\",\"publisher\":{\"@id\":\"https:\\\/\\\/www.presasg8.es\\\/fr\\\/#organization\"},\"alternateName\":\"Presas de escalada para roc\u00f3dromo\",\"potentialAction\":[{\"@type\":\"SearchAction\",\"target\":{\"@type\":\"EntryPoint\",\"urlTemplate\":\"https:\\\/\\\/www.presasg8.es\\\/fr\\\/?s={search_term_string}\"},\"query-input\":{\"@type\":\"PropertyValueSpecification\",\"valueRequired\":true,\"valueName\":\"search_term_string\"}}],\"inLanguage\":\"fr-FR\"},{\"@type\":\"Organization\",\"@id\":\"https:\\\/\\\/www.presasg8.es\\\/fr\\\/#organization\",\"name\":\"Presas de escalada G8\",\"alternateName\":\"Presas de escalada para roc\u00f3dromo G8\",\"url\":\"https:\\\/\\\/www.presasg8.es\\\/fr\\\/\",\"logo\":{\"@type\":\"ImageObject\",\"inLanguage\":\"fr-FR\",\"@id\":\"https:\\\/\\\/www.presasg8.es\\\/fr\\\/#\\\/schema\\\/logo\\\/image\\\/\",\"url\":\"https:\\\/\\\/www.presasg8.es\\\/wp-content\\\/uploads\\\/2023\\\/09\\\/logo-presas-g8.jpeg\",\"contentUrl\":\"https:\\\/\\\/www.presasg8.es\\\/wp-content\\\/uploads\\\/2023\\\/09\\\/logo-presas-g8.jpeg\",\"width\":400,\"height\":486,\"caption\":\"Presas de escalada G8\"},\"image\":{\"@id\":\"https:\\\/\\\/www.presasg8.es\\\/fr\\\/#\\\/schema\\\/logo\\\/image\\\/\"},\"sameAs\":[\"https:\\\/\\\/www.facebook.com\\\/presasescaladag8\\\/\",\"https:\\\/\\\/www.instagram.com\\\/presasg8\\\/\"]}]}<\/script>\n<!-- \/ Yoast SEO plugin. -->","yoast_head_json":{"title":"Volumes de l'\u00e9tag\u00e8re familiale - Presas G8 - Presas de escalada para roc\u00f3dromo","robots":{"index":"index","follow":"follow","max-snippet":"max-snippet:-1","max-image-preview":"max-image-preview:large","max-video-preview":"max-video-preview:-1"},"canonical":"https:\/\/www.presasg8.es\/fr\/producto\/volumes-de-letagere-familiale\/","og_locale":"fr_FR","og_type":"article","og_title":"Volumes de l'\u00e9tag\u00e8re familiale - Presas G8 - Presas de escalada para roc\u00f3dromo","og_description":"Volumes d&rsquo;escalade en bois d&rsquo;okoum\u00e9 &#8211; Lot de 3 unit\u00e9s [...]","og_url":"https:\/\/www.presasg8.es\/fr\/producto\/volumes-de-letagere-familiale\/","og_site_name":"Presas G8 - Presas de escalada para roc\u00f3dromo","article_publisher":"https:\/\/www.facebook.com\/presasescaladag8\/","article_modified_time":"2026-04-22T16:28:03+00:00","og_image":[{"width":1920,"height":1701,"url":"https:\/\/www.presasg8.es\/wp-content\/uploads\/2026\/03\/familia-volumenes-escalada-repisa.jpg","type":"image\/jpeg"}],"twitter_card":"summary_large_image","twitter_misc":{"Dur\u00e9e de lecture estim\u00e9e":"1 minute"},"schema":{"@context":"https:\/\/schema.org","@graph":[{"@type":"WebPage","@id":"https:\/\/www.presasg8.es\/fr\/producto\/volumes-de-letagere-familiale\/","url":"https:\/\/www.presasg8.es\/fr\/producto\/volumes-de-letagere-familiale\/","name":"Volumes de l'\u00e9tag\u00e8re familiale - Presas G8 - Presas de escalada para roc\u00f3dromo","isPartOf":{"@id":"https:\/\/www.presasg8.es\/fr\/#website"},"primaryImageOfPage":{"@id":"https:\/\/www.presasg8.es\/fr\/producto\/volumes-de-letagere-familiale\/#primaryimage"},"image":{"@id":"https:\/\/www.presasg8.es\/fr\/producto\/volumes-de-letagere-familiale\/#primaryimage"},"thumbnailUrl":"https:\/\/www.presasg8.es\/wp-content\/uploads\/2026\/03\/familia-volumenes-escalada-repisa.jpg","datePublished":"2026-03-05T06:39:14+00:00","dateModified":"2026-04-22T16:28:03+00:00","breadcrumb":{"@id":"https:\/\/www.presasg8.es\/fr\/producto\/volumes-de-letagere-familiale\/#breadcrumb"},"inLanguage":"fr-FR","potentialAction":[{"@type":"ReadAction","target":["https:\/\/www.presasg8.es\/fr\/producto\/volumes-de-letagere-familiale\/"]}]},{"@type":"ImageObject","inLanguage":"fr-FR","@id":"https:\/\/www.presasg8.es\/fr\/producto\/volumes-de-letagere-familiale\/#primaryimage","url":"https:\/\/www.presasg8.es\/wp-content\/uploads\/2026\/03\/familia-volumenes-escalada-repisa.jpg","contentUrl":"https:\/\/www.presasg8.es\/wp-content\/uploads\/2026\/03\/familia-volumenes-escalada-repisa.jpg","width":1920,"height":1701,"caption":"volume de la famille corniche d'escalade"},{"@type":"BreadcrumbList","@id":"https:\/\/www.presasg8.es\/fr\/producto\/volumes-de-letagere-familiale\/#breadcrumb","itemListElement":[{"@type":"ListItem","position":1,"name":"Portada","item":"https:\/\/www.presasg8.es\/fr\/"},{"@type":"ListItem","position":2,"name":"Boutique de prises d&rsquo;escalade","item":"https:\/\/www.presasg8.es\/fr\/prises-de-escalade\/"},{"@type":"ListItem","position":3,"name":"Volumes de l&rsquo;\u00e9tag\u00e8re familiale"}]},{"@type":"WebSite","@id":"https:\/\/www.presasg8.es\/fr\/#website","url":"https:\/\/www.presasg8.es\/fr\/","name":"Presas de escalada G8","description":"Tienda online de Presas de escalada para roc\u00f3dromo","publisher":{"@id":"https:\/\/www.presasg8.es\/fr\/#organization"},"alternateName":"Presas de escalada para roc\u00f3dromo","potentialAction":[{"@type":"SearchAction","target":{"@type":"EntryPoint","urlTemplate":"https:\/\/www.presasg8.es\/fr\/?s={search_term_string}"},"query-input":{"@type":"PropertyValueSpecification","valueRequired":true,"valueName":"search_term_string"}}],"inLanguage":"fr-FR"},{"@type":"Organization","@id":"https:\/\/www.presasg8.es\/fr\/#organization","name":"Presas de escalada G8","alternateName":"Presas de escalada para roc\u00f3dromo G8","url":"https:\/\/www.presasg8.es\/fr\/","logo":{"@type":"ImageObject","inLanguage":"fr-FR","@id":"https:\/\/www.presasg8.es\/fr\/#\/schema\/logo\/image\/","url":"https:\/\/www.presasg8.es\/wp-content\/uploads\/2023\/09\/logo-presas-g8.jpeg","contentUrl":"https:\/\/www.presasg8.es\/wp-content\/uploads\/2023\/09\/logo-presas-g8.jpeg","width":400,"height":486,"caption":"Presas de escalada G8"},"image":{"@id":"https:\/\/www.presasg8.es\/fr\/#\/schema\/logo\/image\/"},"sameAs":["https:\/\/www.facebook.com\/presasescaladag8\/","https:\/\/www.instagram.com\/presasg8\/"]}]}},"_links":{"self":[{"href":"https:\/\/www.presasg8.es\/fr\/wp-json\/wp\/v2\/product\/8550","targetHints":{"allow":["GET"]}}],"collection":[{"href":"https:\/\/www.presasg8.es\/fr\/wp-json\/wp\/v2\/product"}],"about":[{"href":"https:\/\/www.presasg8.es\/fr\/wp-json\/wp\/v2\/types\/product"}],"replies":[{"embeddable":true,"href":"https:\/\/www.presasg8.es\/fr\/wp-json\/wp\/v2\/comments?post=8550"}],"wp:featuredmedia":[{"embeddable":true,"href":"https:\/\/www.presasg8.es\/fr\/wp-json\/wp\/v2\/media\/8464"}],"wp:attachment":[{"href":"https:\/\/www.presasg8.es\/fr\/wp-json\/wp\/v2\/media?parent=8550"}],"wp:term":[{"taxonomy":"product_brand","embeddable":true,"href":"https:\/\/www.presasg8.es\/fr\/wp-json\/wp\/v2\/product_brand?post=8550"},{"taxonomy":"product_cat","embeddable":true,"href":"https:\/\/www.presasg8.es\/fr\/wp-json\/wp\/v2\/product_cat?post=8550"},{"taxonomy":"product_tag","embeddable":true,"href":"https:\/\/www.presasg8.es\/fr\/wp-json\/wp\/v2\/product_tag?post=8550"}],"curies":[{"name":"wp","href":"https:\/\/api.w.org\/{rel}","templated":true}]}}