{"id":8546,"date":"2026-02-13T08:40:22","date_gmt":"2026-02-13T07:40:22","guid":{"rendered":"https:\/\/www.presasg8.es\/producto\/famille-de-volumes-triangulaires\/"},"modified":"2026-02-13T08:40:22","modified_gmt":"2026-02-13T07:40:22","slug":"famille-de-volumes-triangulaires","status":"publish","type":"product","link":"https:\/\/www.presasg8.es\/fr\/producto\/famille-de-volumes-triangulaires\/","title":{"rendered":"Famille de volumes triangulaires"},"content":{"rendered":"<h3 data-start=\"76\" data-end=\"143\">Ensemble de 4 volumes d&rsquo;escalade textur\u00e9s &#8211; Design g\u00e9om\u00e9trique<\/h3>\n<p data-start=\"145\" data-end=\"453\">\u00c9levez le niveau de vos voies avec cet <strong data-start=\"182\" data-end=\"216\">ensemble de 4 volumes d&rsquo;escalade<\/strong> con\u00e7us pour apporter cr\u00e9ativit\u00e9, technique et force \u00e0 n&rsquo;importe quel mur. Leur esth\u00e9tique g\u00e9om\u00e9trique et leur finition <strong data-start=\"329\" data-end=\"394\">noire textur\u00e9e avec des agr\u00e9gats tr\u00e8s r\u00e9sistants \u00e0 l&rsquo;usure<\/strong> garantissent des performances optimales, m\u00eame en cas d&rsquo;utilisation intensive. <\/p>\n<p data-start=\"455\" data-end=\"696\">Fabriqu\u00e9s en <strong data-start=\"469\" data-end=\"495\">Okume de 15 mm<\/strong>, ils offrent une combinaison parfaite de l\u00e9g\u00e8ret\u00e9, de durabilit\u00e9 et de r\u00e9sistance structurelle. Elles sont id\u00e9ales pour les <strong data-start=\"595\" data-end=\"649\">murs d&rsquo;escalade, les centres de formation et les pourvoyeurs<\/strong> qui recherchent la polyvalence et la qualit\u00e9 professionnelle. <\/p>\n<p data-start=\"698\" data-end=\"941\">Chaque volume int\u00e8gre des <strong data-start=\"721\" data-end=\"748\">\u00e9crous M10 encastr\u00e9s<\/strong>, ce qui vous permet d&rsquo;ajouter des prises suppl\u00e9mentaires et de cr\u00e9er des configurations de blocs et d&rsquo;itin\u00e9raires \u00e0 l&rsquo;infini. Sa conception favorise les mouvements techniques et dynamiques, s&rsquo;adaptant \u00e0 tous les niveaux d&rsquo;escalade. <\/p>\n<hr data-start=\"943\" data-end=\"946\">\n<h3 data-start=\"948\" data-end=\"976\">Caract\u00e9ristiques techniques<\/h3>\n<ul data-start=\"978\" data-end=\"1236\">\n<li data-start=\"978\" data-end=\"1038\">\n<p data-start=\"980\" data-end=\"1038\">\u2705 Finition textur\u00e9e antid\u00e9rapante tr\u00e8s r\u00e9sistante<\/p>\n<\/li>\n<li data-start=\"1039\" data-end=\"1082\">\n<p data-start=\"1041\" data-end=\"1082\">\u2705 Design g\u00e9om\u00e9trique moderne et fonctionnel<\/p>\n<\/li>\n<li data-start=\"1083\" data-end=\"1125\">\n<p data-start=\"1085\" data-end=\"1125\">\u2705 Fabriqu\u00e9 en carton Okume de 15 mm<\/p>\n<\/li>\n<li data-start=\"1126\" data-end=\"1180\">\n<p data-start=\"1128\" data-end=\"1180\">\u2705 \u00c9crous M10 int\u00e9gr\u00e9s pour une polyvalence maximale<\/p>\n<\/li>\n<li data-start=\"1181\" data-end=\"1236\">\n<p data-start=\"1183\" data-end=\"1236\">\u2705 Id\u00e9al pour les murs d&rsquo;escalade et les entra\u00eenements intensifs<\/p>\n<\/li>\n<\/ul>\n<hr data-start=\"1238\" data-end=\"1241\">\n<h3 data-start=\"1243\" data-end=\"1279\">Dimensions et points de fixation<\/h3>\n<ul data-start=\"1281\" data-end=\"1513\">\n<li data-start=\"1281\" data-end=\"1338\">\n<p data-start=\"1283\" data-end=\"1338\"><strong data-start=\"1283\" data-end=\"1297\">Volume 1 :<\/strong> 40 x 25 x 18 cm (2 \u00e9crous \u00e0 mortaiser)<\/p>\n<\/li>\n<li data-start=\"1339\" data-end=\"1396\">\n<p data-start=\"1341\" data-end=\"1396\"><strong data-start=\"1341\" data-end=\"1355\">Volume 2 :<\/strong> 60 x 25 x 18 cm (2 \u00e9crous \u00e0 mortaiser)<\/p>\n<\/li>\n<li data-start=\"1397\" data-end=\"1454\">\n<p data-start=\"1399\" data-end=\"1454\"><strong data-start=\"1399\" data-end=\"1413\">Volume 3 :<\/strong> 80 x 25 x 18 cm (4 \u00e9crous \u00e0 mortaiser)<\/p>\n<\/li>\n<li data-start=\"1455\" data-end=\"1513\">\n<p data-start=\"1457\" data-end=\"1513\"><strong data-start=\"1457\" data-end=\"1471\">Volume 4 :<\/strong> 110 x 25 x 18 cm (6 \u00e9crous \u00e0 mortaiser)<\/p>\n<\/li>\n<\/ul>\n<hr data-start=\"1515\" data-end=\"1518\">\n<p data-start=\"1520\" data-end=\"1730\">Un ensemble con\u00e7u pour les pourvoyeurs exigeants qui recherchent la solidit\u00e9, la fonctionnalit\u00e9 et le design dans les moindres d\u00e9tails. Parfait pour ajouter du volume, de la continuit\u00e9 et de nouvelles lignes de mouvement \u00e0 n&rsquo;importe quel mur d&rsquo;escalade. <\/p>\n<p>&nbsp;<\/p>\n","protected":false},"excerpt":{"rendered":"<p>Ensemble de 4 volumes d&rsquo;escalade textur\u00e9s &#8211; Design g\u00e9om\u00e9trique \u00c9levez  [&#8230;]<\/p>\n","protected":false},"featured_media":8488,"comment_status":"closed","ping_status":"closed","template":"","meta":{"_joinchat":[]},"product_brand":[],"product_cat":[290],"product_tag":[],"class_list":{"0":"post-8546","1":"product","2":"type-product","3":"status-publish","4":"has-post-thumbnail","6":"product_cat-volumes-en-bois","8":"first","9":"instock","10":"sale","11":"featured","12":"taxable","13":"shipping-taxable","14":"purchasable","15":"product-type-simple"},"yoast_head":"<!-- This site is optimized with the Yoast SEO plugin v27.5 - https:\/\/yoast.com\/product\/yoast-seo-wordpress\/ -->\n<title>Famille de volumes triangulaires - Presas G8 - Presas de escalada para roc\u00f3dromo<\/title>\n<meta name=\"robots\" content=\"index, follow, max-snippet:-1, max-image-preview:large, max-video-preview:-1\" \/>\n<link rel=\"canonical\" href=\"https:\/\/www.presasg8.es\/fr\/producto\/famille-de-volumes-triangulaires\/\" \/>\n<meta property=\"og:locale\" content=\"fr_FR\" \/>\n<meta property=\"og:type\" content=\"article\" \/>\n<meta property=\"og:title\" content=\"Famille de volumes triangulaires - Presas G8 - Presas de escalada para roc\u00f3dromo\" \/>\n<meta property=\"og:description\" content=\"Ensemble de 4 volumes d&rsquo;escalade textur\u00e9s &#8211; Design g\u00e9om\u00e9trique \u00c9levez [...]\" \/>\n<meta property=\"og:url\" content=\"https:\/\/www.presasg8.es\/fr\/producto\/famille-de-volumes-triangulaires\/\" \/>\n<meta property=\"og:site_name\" content=\"Presas G8 - Presas de escalada para roc\u00f3dromo\" \/>\n<meta property=\"article:publisher\" content=\"https:\/\/www.facebook.com\/presasescaladag8\/\" \/>\n<meta property=\"og:image\" content=\"https:\/\/www.presasg8.es\/wp-content\/uploads\/2026\/02\/familia-triangulares-volumen-5-2.jpg\" \/>\n\t<meta property=\"og:image:width\" content=\"2560\" \/>\n\t<meta property=\"og:image:height\" content=\"2560\" \/>\n\t<meta property=\"og:image:type\" content=\"image\/jpeg\" \/>\n<meta name=\"twitter:card\" content=\"summary_large_image\" \/>\n<meta name=\"twitter:label1\" content=\"Dur\u00e9e de lecture estim\u00e9e\" \/>\n\t<meta name=\"twitter:data1\" content=\"1 minute\" \/>\n<script type=\"application\/ld+json\" class=\"yoast-schema-graph\">{\"@context\":\"https:\\\/\\\/schema.org\",\"@graph\":[{\"@type\":\"WebPage\",\"@id\":\"https:\\\/\\\/www.presasg8.es\\\/fr\\\/producto\\\/famille-de-volumes-triangulaires\\\/\",\"url\":\"https:\\\/\\\/www.presasg8.es\\\/fr\\\/producto\\\/famille-de-volumes-triangulaires\\\/\",\"name\":\"Famille de volumes triangulaires - Presas G8 - Presas de escalada para roc\u00f3dromo\",\"isPartOf\":{\"@id\":\"https:\\\/\\\/www.presasg8.es\\\/fr\\\/#website\"},\"primaryImageOfPage\":{\"@id\":\"https:\\\/\\\/www.presasg8.es\\\/fr\\\/producto\\\/famille-de-volumes-triangulaires\\\/#primaryimage\"},\"image\":{\"@id\":\"https:\\\/\\\/www.presasg8.es\\\/fr\\\/producto\\\/famille-de-volumes-triangulaires\\\/#primaryimage\"},\"thumbnailUrl\":\"https:\\\/\\\/www.presasg8.es\\\/wp-content\\\/uploads\\\/2026\\\/02\\\/familia-triangulares-volumen-5-2.jpg\",\"datePublished\":\"2026-02-13T07:40:22+00:00\",\"breadcrumb\":{\"@id\":\"https:\\\/\\\/www.presasg8.es\\\/fr\\\/producto\\\/famille-de-volumes-triangulaires\\\/#breadcrumb\"},\"inLanguage\":\"fr-FR\",\"potentialAction\":[{\"@type\":\"ReadAction\",\"target\":[\"https:\\\/\\\/www.presasg8.es\\\/fr\\\/producto\\\/famille-de-volumes-triangulaires\\\/\"]}]},{\"@type\":\"ImageObject\",\"inLanguage\":\"fr-FR\",\"@id\":\"https:\\\/\\\/www.presasg8.es\\\/fr\\\/producto\\\/famille-de-volumes-triangulaires\\\/#primaryimage\",\"url\":\"https:\\\/\\\/www.presasg8.es\\\/wp-content\\\/uploads\\\/2026\\\/02\\\/familia-triangulares-volumen-5-2.jpg\",\"contentUrl\":\"https:\\\/\\\/www.presasg8.es\\\/wp-content\\\/uploads\\\/2026\\\/02\\\/familia-triangulares-volumen-5-2.jpg\",\"width\":2560,\"height\":2560,\"caption\":\"famille volumes \u00e0 grimper triangulaires en bois\"},{\"@type\":\"BreadcrumbList\",\"@id\":\"https:\\\/\\\/www.presasg8.es\\\/fr\\\/producto\\\/famille-de-volumes-triangulaires\\\/#breadcrumb\",\"itemListElement\":[{\"@type\":\"ListItem\",\"position\":1,\"name\":\"Portada\",\"item\":\"https:\\\/\\\/www.presasg8.es\\\/fr\\\/\"},{\"@type\":\"ListItem\",\"position\":2,\"name\":\"Boutique de prises d&rsquo;escalade\",\"item\":\"https:\\\/\\\/www.presasg8.es\\\/fr\\\/prises-de-escalade\\\/\"},{\"@type\":\"ListItem\",\"position\":3,\"name\":\"Famille de volumes triangulaires\"}]},{\"@type\":\"WebSite\",\"@id\":\"https:\\\/\\\/www.presasg8.es\\\/fr\\\/#website\",\"url\":\"https:\\\/\\\/www.presasg8.es\\\/fr\\\/\",\"name\":\"Presas de escalada G8\",\"description\":\"Tienda online de Presas de escalada para roc\u00f3dromo\",\"publisher\":{\"@id\":\"https:\\\/\\\/www.presasg8.es\\\/fr\\\/#organization\"},\"alternateName\":\"Presas de escalada para roc\u00f3dromo\",\"potentialAction\":[{\"@type\":\"SearchAction\",\"target\":{\"@type\":\"EntryPoint\",\"urlTemplate\":\"https:\\\/\\\/www.presasg8.es\\\/fr\\\/?s={search_term_string}\"},\"query-input\":{\"@type\":\"PropertyValueSpecification\",\"valueRequired\":true,\"valueName\":\"search_term_string\"}}],\"inLanguage\":\"fr-FR\"},{\"@type\":\"Organization\",\"@id\":\"https:\\\/\\\/www.presasg8.es\\\/fr\\\/#organization\",\"name\":\"Presas de escalada G8\",\"alternateName\":\"Presas de escalada para roc\u00f3dromo G8\",\"url\":\"https:\\\/\\\/www.presasg8.es\\\/fr\\\/\",\"logo\":{\"@type\":\"ImageObject\",\"inLanguage\":\"fr-FR\",\"@id\":\"https:\\\/\\\/www.presasg8.es\\\/fr\\\/#\\\/schema\\\/logo\\\/image\\\/\",\"url\":\"https:\\\/\\\/www.presasg8.es\\\/wp-content\\\/uploads\\\/2023\\\/09\\\/logo-presas-g8.jpeg\",\"contentUrl\":\"https:\\\/\\\/www.presasg8.es\\\/wp-content\\\/uploads\\\/2023\\\/09\\\/logo-presas-g8.jpeg\",\"width\":400,\"height\":486,\"caption\":\"Presas de escalada G8\"},\"image\":{\"@id\":\"https:\\\/\\\/www.presasg8.es\\\/fr\\\/#\\\/schema\\\/logo\\\/image\\\/\"},\"sameAs\":[\"https:\\\/\\\/www.facebook.com\\\/presasescaladag8\\\/\",\"https:\\\/\\\/www.instagram.com\\\/presasg8\\\/\"]}]}<\/script>\n<!-- \/ Yoast SEO plugin. -->","yoast_head_json":{"title":"Famille de volumes triangulaires - Presas G8 - Presas de escalada para roc\u00f3dromo","robots":{"index":"index","follow":"follow","max-snippet":"max-snippet:-1","max-image-preview":"max-image-preview:large","max-video-preview":"max-video-preview:-1"},"canonical":"https:\/\/www.presasg8.es\/fr\/producto\/famille-de-volumes-triangulaires\/","og_locale":"fr_FR","og_type":"article","og_title":"Famille de volumes triangulaires - Presas G8 - Presas de escalada para roc\u00f3dromo","og_description":"Ensemble de 4 volumes d&rsquo;escalade textur\u00e9s &#8211; Design g\u00e9om\u00e9trique \u00c9levez [...]","og_url":"https:\/\/www.presasg8.es\/fr\/producto\/famille-de-volumes-triangulaires\/","og_site_name":"Presas G8 - Presas de escalada para roc\u00f3dromo","article_publisher":"https:\/\/www.facebook.com\/presasescaladag8\/","og_image":[{"width":2560,"height":2560,"url":"https:\/\/www.presasg8.es\/wp-content\/uploads\/2026\/02\/familia-triangulares-volumen-5-2.jpg","type":"image\/jpeg"}],"twitter_card":"summary_large_image","twitter_misc":{"Dur\u00e9e de lecture estim\u00e9e":"1 minute"},"schema":{"@context":"https:\/\/schema.org","@graph":[{"@type":"WebPage","@id":"https:\/\/www.presasg8.es\/fr\/producto\/famille-de-volumes-triangulaires\/","url":"https:\/\/www.presasg8.es\/fr\/producto\/famille-de-volumes-triangulaires\/","name":"Famille de volumes triangulaires - Presas G8 - Presas de escalada para roc\u00f3dromo","isPartOf":{"@id":"https:\/\/www.presasg8.es\/fr\/#website"},"primaryImageOfPage":{"@id":"https:\/\/www.presasg8.es\/fr\/producto\/famille-de-volumes-triangulaires\/#primaryimage"},"image":{"@id":"https:\/\/www.presasg8.es\/fr\/producto\/famille-de-volumes-triangulaires\/#primaryimage"},"thumbnailUrl":"https:\/\/www.presasg8.es\/wp-content\/uploads\/2026\/02\/familia-triangulares-volumen-5-2.jpg","datePublished":"2026-02-13T07:40:22+00:00","breadcrumb":{"@id":"https:\/\/www.presasg8.es\/fr\/producto\/famille-de-volumes-triangulaires\/#breadcrumb"},"inLanguage":"fr-FR","potentialAction":[{"@type":"ReadAction","target":["https:\/\/www.presasg8.es\/fr\/producto\/famille-de-volumes-triangulaires\/"]}]},{"@type":"ImageObject","inLanguage":"fr-FR","@id":"https:\/\/www.presasg8.es\/fr\/producto\/famille-de-volumes-triangulaires\/#primaryimage","url":"https:\/\/www.presasg8.es\/wp-content\/uploads\/2026\/02\/familia-triangulares-volumen-5-2.jpg","contentUrl":"https:\/\/www.presasg8.es\/wp-content\/uploads\/2026\/02\/familia-triangulares-volumen-5-2.jpg","width":2560,"height":2560,"caption":"famille volumes \u00e0 grimper triangulaires en bois"},{"@type":"BreadcrumbList","@id":"https:\/\/www.presasg8.es\/fr\/producto\/famille-de-volumes-triangulaires\/#breadcrumb","itemListElement":[{"@type":"ListItem","position":1,"name":"Portada","item":"https:\/\/www.presasg8.es\/fr\/"},{"@type":"ListItem","position":2,"name":"Boutique de prises d&rsquo;escalade","item":"https:\/\/www.presasg8.es\/fr\/prises-de-escalade\/"},{"@type":"ListItem","position":3,"name":"Famille de volumes triangulaires"}]},{"@type":"WebSite","@id":"https:\/\/www.presasg8.es\/fr\/#website","url":"https:\/\/www.presasg8.es\/fr\/","name":"Presas de escalada G8","description":"Tienda online de Presas de escalada para roc\u00f3dromo","publisher":{"@id":"https:\/\/www.presasg8.es\/fr\/#organization"},"alternateName":"Presas de escalada para roc\u00f3dromo","potentialAction":[{"@type":"SearchAction","target":{"@type":"EntryPoint","urlTemplate":"https:\/\/www.presasg8.es\/fr\/?s={search_term_string}"},"query-input":{"@type":"PropertyValueSpecification","valueRequired":true,"valueName":"search_term_string"}}],"inLanguage":"fr-FR"},{"@type":"Organization","@id":"https:\/\/www.presasg8.es\/fr\/#organization","name":"Presas de escalada G8","alternateName":"Presas de escalada para roc\u00f3dromo G8","url":"https:\/\/www.presasg8.es\/fr\/","logo":{"@type":"ImageObject","inLanguage":"fr-FR","@id":"https:\/\/www.presasg8.es\/fr\/#\/schema\/logo\/image\/","url":"https:\/\/www.presasg8.es\/wp-content\/uploads\/2023\/09\/logo-presas-g8.jpeg","contentUrl":"https:\/\/www.presasg8.es\/wp-content\/uploads\/2023\/09\/logo-presas-g8.jpeg","width":400,"height":486,"caption":"Presas de escalada G8"},"image":{"@id":"https:\/\/www.presasg8.es\/fr\/#\/schema\/logo\/image\/"},"sameAs":["https:\/\/www.facebook.com\/presasescaladag8\/","https:\/\/www.instagram.com\/presasg8\/"]}]}},"_links":{"self":[{"href":"https:\/\/www.presasg8.es\/fr\/wp-json\/wp\/v2\/product\/8546","targetHints":{"allow":["GET"]}}],"collection":[{"href":"https:\/\/www.presasg8.es\/fr\/wp-json\/wp\/v2\/product"}],"about":[{"href":"https:\/\/www.presasg8.es\/fr\/wp-json\/wp\/v2\/types\/product"}],"replies":[{"embeddable":true,"href":"https:\/\/www.presasg8.es\/fr\/wp-json\/wp\/v2\/comments?post=8546"}],"wp:featuredmedia":[{"embeddable":true,"href":"https:\/\/www.presasg8.es\/fr\/wp-json\/wp\/v2\/media\/8488"}],"wp:attachment":[{"href":"https:\/\/www.presasg8.es\/fr\/wp-json\/wp\/v2\/media?parent=8546"}],"wp:term":[{"taxonomy":"product_brand","embeddable":true,"href":"https:\/\/www.presasg8.es\/fr\/wp-json\/wp\/v2\/product_brand?post=8546"},{"taxonomy":"product_cat","embeddable":true,"href":"https:\/\/www.presasg8.es\/fr\/wp-json\/wp\/v2\/product_cat?post=8546"},{"taxonomy":"product_tag","embeddable":true,"href":"https:\/\/www.presasg8.es\/fr\/wp-json\/wp\/v2\/product_tag?post=8546"}],"curies":[{"name":"wp","href":"https:\/\/api.w.org\/{rel}","templated":true}]}}