{"id":7606,"date":"2025-01-30T09:09:27","date_gmt":"2025-01-30T08:09:27","guid":{"rendered":"https:\/\/www.presasg8.es\/producto\/descente-parfaite\/"},"modified":"2025-02-13T07:39:17","modified_gmt":"2025-02-13T06:39:17","slug":"descente-parfaite","status":"publish","type":"product","link":"https:\/\/www.presasg8.es\/fr\/producto\/descente-parfaite\/","title":{"rendered":"Descente parfaite"},"content":{"rendered":"<h2>L&rsquo;assurage Direct Drive\u2122 de Perfect Descent Climbing Systems<\/h2>\n<p>L&rsquo;<strong>auto-assurage Direct Drive\u2122<\/strong> de Perfect Descent est log\u00e9 dans un bo\u00eetier robuste, \u00e9tanche, \u00e0 la pointe de l&rsquo;industrie et conforme \u00e0 la norme EN. Ce mod\u00e8le est la solution d&rsquo;auto-assurage id\u00e9ale pour les applications telles que les murs d&rsquo;escalade priv\u00e9s, les murs d&rsquo;escalade professionnels, l&rsquo;escalade en club&#8230;. Le <strong>Direct Drive\u2122<\/strong> est parfait pour les voies d&rsquo;escalade o\u00f9 la pr\u00e9sence d&rsquo;un assureur humain n&rsquo;est pas n\u00e9cessaire, car il est enti\u00e8rement automatique. <\/p>\n<h2>Un bon investissement :<\/h2>\n<ul>\n<li><strong>Perfect Descent<\/strong> est un auto-assureur de premier plan avec un faible rapport qualit\u00e9-prix.<\/li>\n<li>La conception l\u00e9g\u00e8re et compacte permet de r\u00e9duire les frais d&rsquo;exp\u00e9dition pour le retour des unit\u00e9s lorsqu&rsquo;elles doivent \u00eatre entretenues.<\/li>\n<li>Un r\u00e9seau croissant de centres de service agr\u00e9\u00e9s par l&rsquo;usine vous permet de maintenir vos appareils en service et de les accrocher rapidement et facilement.<\/li>\n<\/ul>\n<h2>Fabrication artisanale, s\u00e9curit\u00e9 et innovation :<\/h2>\n<ul>\n<li>Les ascenseurs automatiques Perfect Descent sont fabriqu\u00e9s \u00e0 la main dans le Colorado, aux \u00c9tats-Unis, avec un bo\u00eetier en acier inoxydable et en aluminium de haute qualit\u00e9 (pas de plastique) et ne sont jamais produits en masse.<\/li>\n<li>Les composants internes sont fabriqu\u00e9s \u00e0 partir de mat\u00e9riaux de haute qualit\u00e9 qui r\u00e9sistent \u00e0 une utilisation r\u00e9p\u00e9t\u00e9e et ne n\u00e9cessitent que peu ou pas d&rsquo;entretien.<\/li>\n<li>Tous les appareils sont soumis \u00e0 des contr\u00f4les de qualit\u00e9 rigoureux avant d&rsquo;\u00eatre exp\u00e9di\u00e9s et sont conformes aux normes de s\u00e9curit\u00e9 internationales.<\/li>\n<\/ul>\n<h2>Bo\u00eetier polyvalent et durable :<\/h2>\n<ul>\n<li>Perfect Descent sont les dispositifs modulaires d&rsquo;autos\u00e9curisation les plus l\u00e9gers et les plus compacts du march\u00e9, une caract\u00e9ristique essentielle pour faciliter le transport et l&rsquo;assemblage.<\/li>\n<li>La nouvelle poign\u00e9e d&rsquo;installation multipoint offre des options de montage flexibles et des yeux de secours ind\u00e9pendants.<\/li>\n<li>Toutes les unit\u00e9s sont scell\u00e9es pour des performances exceptionnelles \u00e0 l&rsquo;int\u00e9rieur comme \u00e0 l&rsquo;ext\u00e9rieur.<\/li>\n<\/ul>\n<h2>Des rubans qui enchantent :<\/h2>\n<ul>\n<li>Les bandes, faciles \u00e0 remplacer, ne prennent que quelques minutes et peuvent \u00eatre remplac\u00e9es sur le terrain par l&rsquo;utilisateur final.<\/li>\n<li>Choisissez la longueur de bande la mieux adapt\u00e9e \u00e0 vos besoins : 28 ft, 40 ft ou 53 ft (8,5 m, 12,2 m ou 16,1 m).<\/li>\n<li>Le ruban en nylon de haute qualit\u00e9 est plus facile \u00e0 utiliser que les syst\u00e8mes \u00e0 base de c\u00e2bles et n&rsquo;endommage pas les murs.<\/li>\n<li>L&rsquo;indicateur d&rsquo;usure int\u00e9gr\u00e9 vous permet de savoir quand il est temps de remplacer votre ceinture.<\/li>\n<li>Une buse en aluminium anodis\u00e9 est int\u00e9gr\u00e9e \u00e0 la courroie pour plus de durabilit\u00e9 et de performance.<\/li>\n<li>Choisissez parmi deux options de mousquetons pivotants \u00e0 trois niveaux : aluminium pour les environnements corrosifs ou pour r\u00e9duire le poids et alliage d&rsquo;acier pour la durabilit\u00e9. Ou choisissez l&rsquo;option double connexion avec mousqueton pivotant, laisse en Y en nylon et deux mousquetons de capture en aluminium \u00e0 trois niveaux. <\/li>\n<\/ul>\n<p><strong>REMARQUE :<\/strong> L&rsquo;utilisateur peut remplacer les courroies plus longues par des courroies plus courtes pour s&rsquo;adapter \u00e0 des hauteurs de montage plus basses. Ne remplacez jamais une courroie plus courte par une courroie plus longue, car l&rsquo;appareil ne fonctionnera pas correctement. Les courroies plus longues ne peuvent \u00eatre install\u00e9es que par C3 Manufacturing ou un centre de service agr\u00e9\u00e9.  <\/p>\n<p><strong>IMPORTANT :<\/strong> Les auto-assureurs Perfect Descent sont con\u00e7us pour \u00eatre des dispositifs de descente contr\u00f4l\u00e9e utilis\u00e9s dans les activit\u00e9s d&rsquo;escalade verticale et ne conviennent pas aux activit\u00e9s de type saut qui g\u00e9n\u00e8rent des forces de choc. Des chocs r\u00e9p\u00e9t\u00e9s sur l&rsquo;appareil peuvent endommager les composants internes et, dans certains cas, provoquer une d\u00e9faillance de l&rsquo;appareil. La longueur de la sangle doit toujours \u00eatre \u00e9gale ou sup\u00e9rieure \u00e0 la hauteur de montage pr\u00e9vue. Les appareils dont le ruban est trop long risquent d&rsquo;\u00eatre mal enroul\u00e9s, ce qui peut entra\u00eener une chute brutale ou rapide. Choisissez toujours le ruban qui correspond le mieux \u00e0 la hauteur de montage et \u00e9vitez d&rsquo;utiliser des rubans longs sur des murs courts.    <\/p>\n<h2>Sp\u00e9cifications<\/h2>\n<ul>\n<li><strong>Poids :<\/strong> 29 &#8211; 31 lbs (13.1 &#8211; 14.1 kg)<\/li>\n<li><strong>Dimensions du bo\u00eetier :<\/strong> 16 x 9,5 x 7,5 in (40 x 24 x 19 x 19 cm)<\/li>\n<li><strong>Vitesse de r\u00e9traction de la bande :<\/strong> 2 ft\/s (0,6 m\/s)<\/li>\n<li><strong>Vitesse de descente maximale : 6,6 ft\/s (2 m\/s)<\/strong><\/li>\n<li><strong>Taux de descente minimum :<\/strong> 1,6 ft\/s (0,5 m\/s)<\/li>\n<li><strong>Mat\u00e9riaux du bo\u00eetier :<\/strong> acier inoxydable, aluminium, ac\u00e9tal<\/li>\n<li><strong>Mat\u00e9riaux de la buse :<\/strong> aluminium anodis\u00e9<\/li>\n<li><strong>Mat\u00e9riau du ruban :<\/strong> ruban de nylon de 2,5 cm de large<\/li>\n<li><strong>R\u00e9sistance \u00e0 la rupture de la bande :<\/strong> 15,6 kN (3 500 lbs)<\/li>\n<li><strong>Longueur de la bande :<\/strong> 28, 40 ou 53 pieds (8,5, 12,2 ou 16,1 m)<\/li>\n<li><strong>Poids de l&rsquo;utilisateur :<\/strong> 25 &#8211; 310 lbs (11.5 &#8211; 140 kg)<\/li>\n<\/ul>\n<h2>Certifications<\/h2>\n<ul>\n<li><strong>ANSI\/ASSE Z359.4 :<\/strong> Safety requirements for assisted and self-rescue systems, subsystems and components (exigences de s\u00e9curit\u00e9 pour les syst\u00e8mes, sous-syst\u00e8mes et composants d&rsquo;assistance et d&rsquo;autosauvetage)<\/li>\n<li>Conforme \u00e0 <strong>EN341 :<\/strong> 2011-1A\/RFU PPE-R\/11.128 Version 1 et <strong>EN360 :<\/strong> 2002. &#8211; N\u00e9cessite une recertification p\u00e9riodique tous les 12 mois ou plus t\u00f4t selon la d\u00e9cision d&rsquo;une personne comp\u00e9tente. <\/li>\n<li><strong>AS\/NZS 1891 :<\/strong> Syst\u00e8mes et dispositifs antichute industriels &#8211; Partie 3 : Syst\u00e8mes et dispositifs antichute<\/li>\n<li><strong>CSA Z259.2.3-99 :<\/strong> Dispositifs de contr\u00f4le de la descente<\/li>\n<\/ul>\n","protected":false},"excerpt":{"rendered":"<p>L&rsquo;assurage Direct Drive\u2122 de Perfect Descent Climbing Systems L&rsquo;auto-assurage Direct  [&#8230;]<\/p>\n","protected":false},"featured_media":7574,"comment_status":"closed","ping_status":"closed","template":"","meta":{"_joinchat":[]},"product_brand":[],"product_cat":[242,78,155],"product_tag":[],"class_list":{"0":"post-7606","1":"product","2":"type-product","3":"status-publish","4":"has-post-thumbnail","6":"product_cat-accessoires","7":"product_cat-des-vis","8":"product_cat-materiel-descalade","10":"first","11":"instock","12":"taxable","13":"shipping-taxable","14":"purchasable","15":"product-type-variable"},"yoast_head":"<!-- This site is optimized with the Yoast SEO plugin v27.5 - https:\/\/yoast.com\/product\/yoast-seo-wordpress\/ -->\n<title>Descente parfaite - Presas G8 - Presas de escalada para roc\u00f3dromo<\/title>\n<meta name=\"description\" content=\"Appareil d&#039;assurage parfait pour la descente, l&#039;un des meilleurs sur le march\u00e9. Diff\u00e9rentes longueurs. Appareil d&#039;auto-assurage pour les murs d&#039;escalade\" \/>\n<meta name=\"robots\" content=\"index, follow, max-snippet:-1, max-image-preview:large, max-video-preview:-1\" \/>\n<link rel=\"canonical\" href=\"https:\/\/www.presasg8.es\/fr\/producto\/descente-parfaite\/\" \/>\n<meta property=\"og:locale\" content=\"fr_FR\" \/>\n<meta property=\"og:type\" content=\"article\" \/>\n<meta property=\"og:title\" content=\"Descente parfaite - Presas G8 - Presas de escalada para roc\u00f3dromo\" \/>\n<meta property=\"og:description\" content=\"Appareil d&#039;assurage parfait pour la descente, l&#039;un des meilleurs sur le march\u00e9. Diff\u00e9rentes longueurs. Appareil d&#039;auto-assurage pour les murs d&#039;escalade\" \/>\n<meta property=\"og:url\" content=\"https:\/\/www.presasg8.es\/fr\/producto\/descente-parfaite\/\" \/>\n<meta property=\"og:site_name\" content=\"Presas G8 - Presas de escalada para roc\u00f3dromo\" \/>\n<meta property=\"article:publisher\" content=\"https:\/\/www.facebook.com\/presasescaladag8\/\" \/>\n<meta property=\"article:modified_time\" content=\"2025-02-13T06:39:17+00:00\" \/>\n<meta property=\"og:image\" content=\"https:\/\/www.presasg8.es\/wp-content\/uploads\/2025\/01\/auto-belay-perfect-descent-direct-drive-1.jpg\" \/>\n\t<meta property=\"og:image:width\" content=\"800\" \/>\n\t<meta property=\"og:image:height\" content=\"800\" \/>\n\t<meta property=\"og:image:type\" content=\"image\/jpeg\" \/>\n<meta name=\"twitter:card\" content=\"summary_large_image\" \/>\n<meta name=\"twitter:label1\" content=\"Dur\u00e9e de lecture estim\u00e9e\" \/>\n\t<meta name=\"twitter:data1\" content=\"4 minutes\" \/>\n<script type=\"application\/ld+json\" class=\"yoast-schema-graph\">{\"@context\":\"https:\\\/\\\/schema.org\",\"@graph\":[{\"@type\":\"WebPage\",\"@id\":\"https:\\\/\\\/www.presasg8.es\\\/fr\\\/producto\\\/descente-parfaite\\\/\",\"url\":\"https:\\\/\\\/www.presasg8.es\\\/fr\\\/producto\\\/descente-parfaite\\\/\",\"name\":\"Descente parfaite - Presas G8 - Presas de escalada para roc\u00f3dromo\",\"isPartOf\":{\"@id\":\"https:\\\/\\\/www.presasg8.es\\\/fr\\\/#website\"},\"primaryImageOfPage\":{\"@id\":\"https:\\\/\\\/www.presasg8.es\\\/fr\\\/producto\\\/descente-parfaite\\\/#primaryimage\"},\"image\":{\"@id\":\"https:\\\/\\\/www.presasg8.es\\\/fr\\\/producto\\\/descente-parfaite\\\/#primaryimage\"},\"thumbnailUrl\":\"https:\\\/\\\/www.presasg8.es\\\/wp-content\\\/uploads\\\/2025\\\/01\\\/auto-belay-perfect-descent-direct-drive-1.jpg\",\"datePublished\":\"2025-01-30T08:09:27+00:00\",\"dateModified\":\"2025-02-13T06:39:17+00:00\",\"description\":\"Appareil d'assurage parfait pour la descente, l'un des meilleurs sur le march\u00e9. Diff\u00e9rentes longueurs. Appareil d'auto-assurage pour les murs d'escalade\",\"breadcrumb\":{\"@id\":\"https:\\\/\\\/www.presasg8.es\\\/fr\\\/producto\\\/descente-parfaite\\\/#breadcrumb\"},\"inLanguage\":\"fr-FR\",\"potentialAction\":[{\"@type\":\"ReadAction\",\"target\":[\"https:\\\/\\\/www.presasg8.es\\\/fr\\\/producto\\\/descente-parfaite\\\/\"]}]},{\"@type\":\"ImageObject\",\"inLanguage\":\"fr-FR\",\"@id\":\"https:\\\/\\\/www.presasg8.es\\\/fr\\\/producto\\\/descente-parfaite\\\/#primaryimage\",\"url\":\"https:\\\/\\\/www.presasg8.es\\\/wp-content\\\/uploads\\\/2025\\\/01\\\/auto-belay-perfect-descent-direct-drive-1.jpg\",\"contentUrl\":\"https:\\\/\\\/www.presasg8.es\\\/wp-content\\\/uploads\\\/2025\\\/01\\\/auto-belay-perfect-descent-direct-drive-1.jpg\",\"width\":800,\"height\":800,\"caption\":\"descente parfaite\"},{\"@type\":\"BreadcrumbList\",\"@id\":\"https:\\\/\\\/www.presasg8.es\\\/fr\\\/producto\\\/descente-parfaite\\\/#breadcrumb\",\"itemListElement\":[{\"@type\":\"ListItem\",\"position\":1,\"name\":\"Portada\",\"item\":\"https:\\\/\\\/www.presasg8.es\\\/fr\\\/\"},{\"@type\":\"ListItem\",\"position\":2,\"name\":\"Boutique de prises d&rsquo;escalade\",\"item\":\"https:\\\/\\\/www.presasg8.es\\\/fr\\\/prises-de-escalade\\\/\"},{\"@type\":\"ListItem\",\"position\":3,\"name\":\"Descente parfaite\"}]},{\"@type\":\"WebSite\",\"@id\":\"https:\\\/\\\/www.presasg8.es\\\/fr\\\/#website\",\"url\":\"https:\\\/\\\/www.presasg8.es\\\/fr\\\/\",\"name\":\"Presas de escalada G8\",\"description\":\"Tienda online de Presas de escalada para roc\u00f3dromo\",\"publisher\":{\"@id\":\"https:\\\/\\\/www.presasg8.es\\\/fr\\\/#organization\"},\"alternateName\":\"Presas de escalada para roc\u00f3dromo\",\"potentialAction\":[{\"@type\":\"SearchAction\",\"target\":{\"@type\":\"EntryPoint\",\"urlTemplate\":\"https:\\\/\\\/www.presasg8.es\\\/fr\\\/?s={search_term_string}\"},\"query-input\":{\"@type\":\"PropertyValueSpecification\",\"valueRequired\":true,\"valueName\":\"search_term_string\"}}],\"inLanguage\":\"fr-FR\"},{\"@type\":\"Organization\",\"@id\":\"https:\\\/\\\/www.presasg8.es\\\/fr\\\/#organization\",\"name\":\"Presas de escalada G8\",\"alternateName\":\"Presas de escalada para roc\u00f3dromo G8\",\"url\":\"https:\\\/\\\/www.presasg8.es\\\/fr\\\/\",\"logo\":{\"@type\":\"ImageObject\",\"inLanguage\":\"fr-FR\",\"@id\":\"https:\\\/\\\/www.presasg8.es\\\/fr\\\/#\\\/schema\\\/logo\\\/image\\\/\",\"url\":\"https:\\\/\\\/www.presasg8.es\\\/wp-content\\\/uploads\\\/2023\\\/09\\\/logo-presas-g8.jpeg\",\"contentUrl\":\"https:\\\/\\\/www.presasg8.es\\\/wp-content\\\/uploads\\\/2023\\\/09\\\/logo-presas-g8.jpeg\",\"width\":400,\"height\":486,\"caption\":\"Presas de escalada G8\"},\"image\":{\"@id\":\"https:\\\/\\\/www.presasg8.es\\\/fr\\\/#\\\/schema\\\/logo\\\/image\\\/\"},\"sameAs\":[\"https:\\\/\\\/www.facebook.com\\\/presasescaladag8\\\/\",\"https:\\\/\\\/www.instagram.com\\\/presasg8\\\/\"]}]}<\/script>\n<!-- \/ Yoast SEO plugin. -->","yoast_head_json":{"title":"Descente parfaite - Presas G8 - Presas de escalada para roc\u00f3dromo","description":"Appareil d'assurage parfait pour la descente, l'un des meilleurs sur le march\u00e9. Diff\u00e9rentes longueurs. Appareil d'auto-assurage pour les murs d'escalade","robots":{"index":"index","follow":"follow","max-snippet":"max-snippet:-1","max-image-preview":"max-image-preview:large","max-video-preview":"max-video-preview:-1"},"canonical":"https:\/\/www.presasg8.es\/fr\/producto\/descente-parfaite\/","og_locale":"fr_FR","og_type":"article","og_title":"Descente parfaite - Presas G8 - Presas de escalada para roc\u00f3dromo","og_description":"Appareil d'assurage parfait pour la descente, l'un des meilleurs sur le march\u00e9. Diff\u00e9rentes longueurs. Appareil d'auto-assurage pour les murs d'escalade","og_url":"https:\/\/www.presasg8.es\/fr\/producto\/descente-parfaite\/","og_site_name":"Presas G8 - Presas de escalada para roc\u00f3dromo","article_publisher":"https:\/\/www.facebook.com\/presasescaladag8\/","article_modified_time":"2025-02-13T06:39:17+00:00","og_image":[{"width":800,"height":800,"url":"https:\/\/www.presasg8.es\/wp-content\/uploads\/2025\/01\/auto-belay-perfect-descent-direct-drive-1.jpg","type":"image\/jpeg"}],"twitter_card":"summary_large_image","twitter_misc":{"Dur\u00e9e de lecture estim\u00e9e":"4 minutes"},"schema":{"@context":"https:\/\/schema.org","@graph":[{"@type":"WebPage","@id":"https:\/\/www.presasg8.es\/fr\/producto\/descente-parfaite\/","url":"https:\/\/www.presasg8.es\/fr\/producto\/descente-parfaite\/","name":"Descente parfaite - Presas G8 - Presas de escalada para roc\u00f3dromo","isPartOf":{"@id":"https:\/\/www.presasg8.es\/fr\/#website"},"primaryImageOfPage":{"@id":"https:\/\/www.presasg8.es\/fr\/producto\/descente-parfaite\/#primaryimage"},"image":{"@id":"https:\/\/www.presasg8.es\/fr\/producto\/descente-parfaite\/#primaryimage"},"thumbnailUrl":"https:\/\/www.presasg8.es\/wp-content\/uploads\/2025\/01\/auto-belay-perfect-descent-direct-drive-1.jpg","datePublished":"2025-01-30T08:09:27+00:00","dateModified":"2025-02-13T06:39:17+00:00","description":"Appareil d'assurage parfait pour la descente, l'un des meilleurs sur le march\u00e9. Diff\u00e9rentes longueurs. Appareil d'auto-assurage pour les murs d'escalade","breadcrumb":{"@id":"https:\/\/www.presasg8.es\/fr\/producto\/descente-parfaite\/#breadcrumb"},"inLanguage":"fr-FR","potentialAction":[{"@type":"ReadAction","target":["https:\/\/www.presasg8.es\/fr\/producto\/descente-parfaite\/"]}]},{"@type":"ImageObject","inLanguage":"fr-FR","@id":"https:\/\/www.presasg8.es\/fr\/producto\/descente-parfaite\/#primaryimage","url":"https:\/\/www.presasg8.es\/wp-content\/uploads\/2025\/01\/auto-belay-perfect-descent-direct-drive-1.jpg","contentUrl":"https:\/\/www.presasg8.es\/wp-content\/uploads\/2025\/01\/auto-belay-perfect-descent-direct-drive-1.jpg","width":800,"height":800,"caption":"descente parfaite"},{"@type":"BreadcrumbList","@id":"https:\/\/www.presasg8.es\/fr\/producto\/descente-parfaite\/#breadcrumb","itemListElement":[{"@type":"ListItem","position":1,"name":"Portada","item":"https:\/\/www.presasg8.es\/fr\/"},{"@type":"ListItem","position":2,"name":"Boutique de prises d&rsquo;escalade","item":"https:\/\/www.presasg8.es\/fr\/prises-de-escalade\/"},{"@type":"ListItem","position":3,"name":"Descente parfaite"}]},{"@type":"WebSite","@id":"https:\/\/www.presasg8.es\/fr\/#website","url":"https:\/\/www.presasg8.es\/fr\/","name":"Presas de escalada G8","description":"Tienda online de Presas de escalada para roc\u00f3dromo","publisher":{"@id":"https:\/\/www.presasg8.es\/fr\/#organization"},"alternateName":"Presas de escalada para roc\u00f3dromo","potentialAction":[{"@type":"SearchAction","target":{"@type":"EntryPoint","urlTemplate":"https:\/\/www.presasg8.es\/fr\/?s={search_term_string}"},"query-input":{"@type":"PropertyValueSpecification","valueRequired":true,"valueName":"search_term_string"}}],"inLanguage":"fr-FR"},{"@type":"Organization","@id":"https:\/\/www.presasg8.es\/fr\/#organization","name":"Presas de escalada G8","alternateName":"Presas de escalada para roc\u00f3dromo G8","url":"https:\/\/www.presasg8.es\/fr\/","logo":{"@type":"ImageObject","inLanguage":"fr-FR","@id":"https:\/\/www.presasg8.es\/fr\/#\/schema\/logo\/image\/","url":"https:\/\/www.presasg8.es\/wp-content\/uploads\/2023\/09\/logo-presas-g8.jpeg","contentUrl":"https:\/\/www.presasg8.es\/wp-content\/uploads\/2023\/09\/logo-presas-g8.jpeg","width":400,"height":486,"caption":"Presas de escalada G8"},"image":{"@id":"https:\/\/www.presasg8.es\/fr\/#\/schema\/logo\/image\/"},"sameAs":["https:\/\/www.facebook.com\/presasescaladag8\/","https:\/\/www.instagram.com\/presasg8\/"]}]}},"_links":{"self":[{"href":"https:\/\/www.presasg8.es\/fr\/wp-json\/wp\/v2\/product\/7606","targetHints":{"allow":["GET"]}}],"collection":[{"href":"https:\/\/www.presasg8.es\/fr\/wp-json\/wp\/v2\/product"}],"about":[{"href":"https:\/\/www.presasg8.es\/fr\/wp-json\/wp\/v2\/types\/product"}],"replies":[{"embeddable":true,"href":"https:\/\/www.presasg8.es\/fr\/wp-json\/wp\/v2\/comments?post=7606"}],"wp:featuredmedia":[{"embeddable":true,"href":"https:\/\/www.presasg8.es\/fr\/wp-json\/wp\/v2\/media\/7574"}],"wp:attachment":[{"href":"https:\/\/www.presasg8.es\/fr\/wp-json\/wp\/v2\/media?parent=7606"}],"wp:term":[{"taxonomy":"product_brand","embeddable":true,"href":"https:\/\/www.presasg8.es\/fr\/wp-json\/wp\/v2\/product_brand?post=7606"},{"taxonomy":"product_cat","embeddable":true,"href":"https:\/\/www.presasg8.es\/fr\/wp-json\/wp\/v2\/product_cat?post=7606"},{"taxonomy":"product_tag","embeddable":true,"href":"https:\/\/www.presasg8.es\/fr\/wp-json\/wp\/v2\/product_tag?post=7606"}],"curies":[{"name":"wp","href":"https:\/\/api.w.org\/{rel}","templated":true}]}}