{"id":7514,"date":"2024-12-09T07:40:33","date_gmt":"2024-12-09T06:40:33","guid":{"rendered":"https:\/\/www.presasg8.es\/producto\/mousqueton-lotus-stone-hms\/"},"modified":"2025-05-11T08:33:58","modified_gmt":"2025-05-11T06:33:58","slug":"mousqueton-lotus-stone-hms","status":"publish","type":"product","link":"https:\/\/www.presasg8.es\/fr\/producto\/mousqueton-lotus-stone-hms\/","title":{"rendered":"Mousqueton Lotus Stone HMS"},"content":{"rendered":"<p>Le mousqueton \u00e0 verrouillage HMS Aluminium Stone est un ancrage d&rsquo;escalade con\u00e7u pour une grande facilit\u00e9 d&rsquo;utilisation et un haut niveau de performance et de s\u00e9curit\u00e9. Ce mousqueton est tr\u00e8s polyvalent et peut \u00eatre utilis\u00e9 dans de nombreuses situations d&rsquo;escalade, de l&rsquo;escalade de rocher \u00e0 l&rsquo;escalade de glace, en passant par le canyoning, la sp\u00e9l\u00e9ologie&#8230; <\/p>\n<p><strong>La serrure de s\u00e9curit\u00e9 HMS offre une grande capacit\u00e9 de verrouillage et emp\u00eache les accrochages gr\u00e2ce \u00e0 son syst\u00e8me de verrouillage filet\u00e9 de s\u00e9curit\u00e9 Keylock.<\/strong>  Ce syst\u00e8me \u00e9limine l&rsquo;encoche que l&rsquo;on trouve sur certains mousquetons et qui peut s&rsquo;accrocher \u00e0 la corde, aux longes et aux harnais.<\/p>\n<p>Le mousqueton HMS en aluminium p\u00e8se 88 grammes, ce qui r\u00e9duit le poids pour les grimpeurs qui recherchent un \u00e9quipement l\u00e9ger pour tirer le meilleur parti de leur mat\u00e9riel. Il poss\u00e8de une <strong>remarquable r\u00e9sistance longitudinale de 25 kN, ce<\/strong> qui signifie qu&rsquo;il peut supporter une charge de 2500 kg sans se rompre. <\/p>\n<p>La <strong>r\u00e9sistance transversale du mousqueton HMS en aluminium est de 7 kN, ce<\/strong> qui signifie qu&rsquo;il peut supporter une charge de 700 kg dans une direction perpendiculaire \u00e0 l&rsquo;axe du mousqueton.<\/p>\n<p>Le mousqueton HMS en aluminium a des dimensions de 113 x 75 mm et un diam\u00e8tre de 12 mm. Ces dimensions le rendent id\u00e9al pour les grimpeurs \u00e0 la recherche d&rsquo;un mousqueton polyvalent, de petite taille et de faible poids, tout en offrant une grande r\u00e9sistance et une grande s\u00e9curit\u00e9 pour tous les types de travaux. <\/p>\n<p>Profitez de l&rsquo;escalade en plein air ou sur les murs d&rsquo;escalade gr\u00e2ce \u00e0 ce mousqueton de s\u00e9curit\u00e9 au design et \u00e0 la r\u00e9sistance exceptionnels.<\/p>\n","protected":false},"excerpt":{"rendered":"<p>Le mousqueton \u00e0 verrouillage HMS Aluminium Stone est un ancrage  [&#8230;]<\/p>\n","protected":false},"featured_media":7508,"comment_status":"closed","ping_status":"closed","template":"","meta":{"_joinchat":[]},"product_brand":[],"product_cat":[242,78],"product_tag":[],"class_list":{"0":"post-7514","1":"product","2":"type-product","3":"status-publish","4":"has-post-thumbnail","6":"product_cat-accessoires","7":"product_cat-des-vis","9":"first","10":"instock","11":"taxable","12":"shipping-taxable","13":"purchasable","14":"product-type-simple"},"yoast_head":"<!-- This site is optimized with the Yoast SEO plugin v27.5 - https:\/\/yoast.com\/product\/yoast-seo-wordpress\/ -->\n<title>Mousqueton Lotus Stone HMS - Presas G8 - Presas de escalada para roc\u00f3dromo<\/title>\n<meta name=\"description\" content=\"Mousqueton de s\u00e9curit\u00e9 pour l&#039;escalade de marque FIXE. R\u00e9sistance de 25Kn et 7kn en diff\u00e9rentes longueurs. Mousqueton pour le travail en hauteur.\" \/>\n<meta name=\"robots\" content=\"index, follow, max-snippet:-1, max-image-preview:large, max-video-preview:-1\" \/>\n<link rel=\"canonical\" href=\"https:\/\/www.presasg8.es\/fr\/producto\/mousqueton-lotus-stone-hms\/\" \/>\n<meta property=\"og:locale\" content=\"fr_FR\" \/>\n<meta property=\"og:type\" content=\"article\" \/>\n<meta property=\"og:title\" content=\"Mousqueton Lotus Stone HMS - Presas G8 - Presas de escalada para roc\u00f3dromo\" \/>\n<meta property=\"og:description\" content=\"Mousqueton de s\u00e9curit\u00e9 pour l&#039;escalade de marque FIXE. R\u00e9sistance de 25Kn et 7kn en diff\u00e9rentes longueurs. Mousqueton pour le travail en hauteur.\" \/>\n<meta property=\"og:url\" content=\"https:\/\/www.presasg8.es\/fr\/producto\/mousqueton-lotus-stone-hms\/\" \/>\n<meta property=\"og:site_name\" content=\"Presas G8 - Presas de escalada para roc\u00f3dromo\" \/>\n<meta property=\"article:publisher\" content=\"https:\/\/www.facebook.com\/presasescaladag8\/\" \/>\n<meta property=\"article:modified_time\" content=\"2025-05-11T06:33:58+00:00\" \/>\n<meta property=\"og:image\" content=\"https:\/\/www.presasg8.es\/wp-content\/uploads\/2024\/12\/lotus-stone-hms-screw-3.jpg\" \/>\n\t<meta property=\"og:image:width\" content=\"800\" \/>\n\t<meta property=\"og:image:height\" content=\"800\" \/>\n\t<meta property=\"og:image:type\" content=\"image\/jpeg\" \/>\n<meta name=\"twitter:card\" content=\"summary_large_image\" \/>\n<meta name=\"twitter:label1\" content=\"Dur\u00e9e de lecture estim\u00e9e\" \/>\n\t<meta name=\"twitter:data1\" content=\"1 minute\" \/>\n<script type=\"application\/ld+json\" class=\"yoast-schema-graph\">{\"@context\":\"https:\\\/\\\/schema.org\",\"@graph\":[{\"@type\":\"WebPage\",\"@id\":\"https:\\\/\\\/www.presasg8.es\\\/fr\\\/producto\\\/mousqueton-lotus-stone-hms\\\/\",\"url\":\"https:\\\/\\\/www.presasg8.es\\\/fr\\\/producto\\\/mousqueton-lotus-stone-hms\\\/\",\"name\":\"Mousqueton Lotus Stone HMS - Presas G8 - Presas de escalada para roc\u00f3dromo\",\"isPartOf\":{\"@id\":\"https:\\\/\\\/www.presasg8.es\\\/fr\\\/#website\"},\"primaryImageOfPage\":{\"@id\":\"https:\\\/\\\/www.presasg8.es\\\/fr\\\/producto\\\/mousqueton-lotus-stone-hms\\\/#primaryimage\"},\"image\":{\"@id\":\"https:\\\/\\\/www.presasg8.es\\\/fr\\\/producto\\\/mousqueton-lotus-stone-hms\\\/#primaryimage\"},\"thumbnailUrl\":\"https:\\\/\\\/www.presasg8.es\\\/wp-content\\\/uploads\\\/2024\\\/12\\\/lotus-stone-hms-screw-3.jpg\",\"datePublished\":\"2024-12-09T06:40:33+00:00\",\"dateModified\":\"2025-05-11T06:33:58+00:00\",\"description\":\"Mousqueton de s\u00e9curit\u00e9 pour l'escalade de marque FIXE. R\u00e9sistance de 25Kn et 7kn en diff\u00e9rentes longueurs. Mousqueton pour le travail en hauteur.\",\"breadcrumb\":{\"@id\":\"https:\\\/\\\/www.presasg8.es\\\/fr\\\/producto\\\/mousqueton-lotus-stone-hms\\\/#breadcrumb\"},\"inLanguage\":\"fr-FR\",\"potentialAction\":[{\"@type\":\"ReadAction\",\"target\":[\"https:\\\/\\\/www.presasg8.es\\\/fr\\\/producto\\\/mousqueton-lotus-stone-hms\\\/\"]}]},{\"@type\":\"ImageObject\",\"inLanguage\":\"fr-FR\",\"@id\":\"https:\\\/\\\/www.presasg8.es\\\/fr\\\/producto\\\/mousqueton-lotus-stone-hms\\\/#primaryimage\",\"url\":\"https:\\\/\\\/www.presasg8.es\\\/wp-content\\\/uploads\\\/2024\\\/12\\\/lotus-stone-hms-screw-3.jpg\",\"contentUrl\":\"https:\\\/\\\/www.presasg8.es\\\/wp-content\\\/uploads\\\/2024\\\/12\\\/lotus-stone-hms-screw-3.jpg\",\"width\":800,\"height\":800,\"caption\":\"Mousqueton de s\u00e9curit\u00e9 HMS\"},{\"@type\":\"BreadcrumbList\",\"@id\":\"https:\\\/\\\/www.presasg8.es\\\/fr\\\/producto\\\/mousqueton-lotus-stone-hms\\\/#breadcrumb\",\"itemListElement\":[{\"@type\":\"ListItem\",\"position\":1,\"name\":\"Portada\",\"item\":\"https:\\\/\\\/www.presasg8.es\\\/fr\\\/\"},{\"@type\":\"ListItem\",\"position\":2,\"name\":\"Boutique de prises d&rsquo;escalade\",\"item\":\"https:\\\/\\\/www.presasg8.es\\\/fr\\\/prises-de-escalade\\\/\"},{\"@type\":\"ListItem\",\"position\":3,\"name\":\"Mousqueton Lotus Stone HMS\"}]},{\"@type\":\"WebSite\",\"@id\":\"https:\\\/\\\/www.presasg8.es\\\/fr\\\/#website\",\"url\":\"https:\\\/\\\/www.presasg8.es\\\/fr\\\/\",\"name\":\"Presas de escalada G8\",\"description\":\"Tienda online de Presas de escalada para roc\u00f3dromo\",\"publisher\":{\"@id\":\"https:\\\/\\\/www.presasg8.es\\\/fr\\\/#organization\"},\"alternateName\":\"Presas de escalada para roc\u00f3dromo\",\"potentialAction\":[{\"@type\":\"SearchAction\",\"target\":{\"@type\":\"EntryPoint\",\"urlTemplate\":\"https:\\\/\\\/www.presasg8.es\\\/fr\\\/?s={search_term_string}\"},\"query-input\":{\"@type\":\"PropertyValueSpecification\",\"valueRequired\":true,\"valueName\":\"search_term_string\"}}],\"inLanguage\":\"fr-FR\"},{\"@type\":\"Organization\",\"@id\":\"https:\\\/\\\/www.presasg8.es\\\/fr\\\/#organization\",\"name\":\"Presas de escalada G8\",\"alternateName\":\"Presas de escalada para roc\u00f3dromo G8\",\"url\":\"https:\\\/\\\/www.presasg8.es\\\/fr\\\/\",\"logo\":{\"@type\":\"ImageObject\",\"inLanguage\":\"fr-FR\",\"@id\":\"https:\\\/\\\/www.presasg8.es\\\/fr\\\/#\\\/schema\\\/logo\\\/image\\\/\",\"url\":\"https:\\\/\\\/www.presasg8.es\\\/wp-content\\\/uploads\\\/2023\\\/09\\\/logo-presas-g8.jpeg\",\"contentUrl\":\"https:\\\/\\\/www.presasg8.es\\\/wp-content\\\/uploads\\\/2023\\\/09\\\/logo-presas-g8.jpeg\",\"width\":400,\"height\":486,\"caption\":\"Presas de escalada G8\"},\"image\":{\"@id\":\"https:\\\/\\\/www.presasg8.es\\\/fr\\\/#\\\/schema\\\/logo\\\/image\\\/\"},\"sameAs\":[\"https:\\\/\\\/www.facebook.com\\\/presasescaladag8\\\/\",\"https:\\\/\\\/www.instagram.com\\\/presasg8\\\/\"]}]}<\/script>\n<!-- \/ Yoast SEO plugin. -->","yoast_head_json":{"title":"Mousqueton Lotus Stone HMS - Presas G8 - Presas de escalada para roc\u00f3dromo","description":"Mousqueton de s\u00e9curit\u00e9 pour l'escalade de marque FIXE. R\u00e9sistance de 25Kn et 7kn en diff\u00e9rentes longueurs. Mousqueton pour le travail en hauteur.","robots":{"index":"index","follow":"follow","max-snippet":"max-snippet:-1","max-image-preview":"max-image-preview:large","max-video-preview":"max-video-preview:-1"},"canonical":"https:\/\/www.presasg8.es\/fr\/producto\/mousqueton-lotus-stone-hms\/","og_locale":"fr_FR","og_type":"article","og_title":"Mousqueton Lotus Stone HMS - Presas G8 - Presas de escalada para roc\u00f3dromo","og_description":"Mousqueton de s\u00e9curit\u00e9 pour l'escalade de marque FIXE. R\u00e9sistance de 25Kn et 7kn en diff\u00e9rentes longueurs. Mousqueton pour le travail en hauteur.","og_url":"https:\/\/www.presasg8.es\/fr\/producto\/mousqueton-lotus-stone-hms\/","og_site_name":"Presas G8 - Presas de escalada para roc\u00f3dromo","article_publisher":"https:\/\/www.facebook.com\/presasescaladag8\/","article_modified_time":"2025-05-11T06:33:58+00:00","og_image":[{"width":800,"height":800,"url":"https:\/\/www.presasg8.es\/wp-content\/uploads\/2024\/12\/lotus-stone-hms-screw-3.jpg","type":"image\/jpeg"}],"twitter_card":"summary_large_image","twitter_misc":{"Dur\u00e9e de lecture estim\u00e9e":"1 minute"},"schema":{"@context":"https:\/\/schema.org","@graph":[{"@type":"WebPage","@id":"https:\/\/www.presasg8.es\/fr\/producto\/mousqueton-lotus-stone-hms\/","url":"https:\/\/www.presasg8.es\/fr\/producto\/mousqueton-lotus-stone-hms\/","name":"Mousqueton Lotus Stone HMS - Presas G8 - Presas de escalada para roc\u00f3dromo","isPartOf":{"@id":"https:\/\/www.presasg8.es\/fr\/#website"},"primaryImageOfPage":{"@id":"https:\/\/www.presasg8.es\/fr\/producto\/mousqueton-lotus-stone-hms\/#primaryimage"},"image":{"@id":"https:\/\/www.presasg8.es\/fr\/producto\/mousqueton-lotus-stone-hms\/#primaryimage"},"thumbnailUrl":"https:\/\/www.presasg8.es\/wp-content\/uploads\/2024\/12\/lotus-stone-hms-screw-3.jpg","datePublished":"2024-12-09T06:40:33+00:00","dateModified":"2025-05-11T06:33:58+00:00","description":"Mousqueton de s\u00e9curit\u00e9 pour l'escalade de marque FIXE. R\u00e9sistance de 25Kn et 7kn en diff\u00e9rentes longueurs. Mousqueton pour le travail en hauteur.","breadcrumb":{"@id":"https:\/\/www.presasg8.es\/fr\/producto\/mousqueton-lotus-stone-hms\/#breadcrumb"},"inLanguage":"fr-FR","potentialAction":[{"@type":"ReadAction","target":["https:\/\/www.presasg8.es\/fr\/producto\/mousqueton-lotus-stone-hms\/"]}]},{"@type":"ImageObject","inLanguage":"fr-FR","@id":"https:\/\/www.presasg8.es\/fr\/producto\/mousqueton-lotus-stone-hms\/#primaryimage","url":"https:\/\/www.presasg8.es\/wp-content\/uploads\/2024\/12\/lotus-stone-hms-screw-3.jpg","contentUrl":"https:\/\/www.presasg8.es\/wp-content\/uploads\/2024\/12\/lotus-stone-hms-screw-3.jpg","width":800,"height":800,"caption":"Mousqueton de s\u00e9curit\u00e9 HMS"},{"@type":"BreadcrumbList","@id":"https:\/\/www.presasg8.es\/fr\/producto\/mousqueton-lotus-stone-hms\/#breadcrumb","itemListElement":[{"@type":"ListItem","position":1,"name":"Portada","item":"https:\/\/www.presasg8.es\/fr\/"},{"@type":"ListItem","position":2,"name":"Boutique de prises d&rsquo;escalade","item":"https:\/\/www.presasg8.es\/fr\/prises-de-escalade\/"},{"@type":"ListItem","position":3,"name":"Mousqueton Lotus Stone HMS"}]},{"@type":"WebSite","@id":"https:\/\/www.presasg8.es\/fr\/#website","url":"https:\/\/www.presasg8.es\/fr\/","name":"Presas de escalada G8","description":"Tienda online de Presas de escalada para roc\u00f3dromo","publisher":{"@id":"https:\/\/www.presasg8.es\/fr\/#organization"},"alternateName":"Presas de escalada para roc\u00f3dromo","potentialAction":[{"@type":"SearchAction","target":{"@type":"EntryPoint","urlTemplate":"https:\/\/www.presasg8.es\/fr\/?s={search_term_string}"},"query-input":{"@type":"PropertyValueSpecification","valueRequired":true,"valueName":"search_term_string"}}],"inLanguage":"fr-FR"},{"@type":"Organization","@id":"https:\/\/www.presasg8.es\/fr\/#organization","name":"Presas de escalada G8","alternateName":"Presas de escalada para roc\u00f3dromo G8","url":"https:\/\/www.presasg8.es\/fr\/","logo":{"@type":"ImageObject","inLanguage":"fr-FR","@id":"https:\/\/www.presasg8.es\/fr\/#\/schema\/logo\/image\/","url":"https:\/\/www.presasg8.es\/wp-content\/uploads\/2023\/09\/logo-presas-g8.jpeg","contentUrl":"https:\/\/www.presasg8.es\/wp-content\/uploads\/2023\/09\/logo-presas-g8.jpeg","width":400,"height":486,"caption":"Presas de escalada G8"},"image":{"@id":"https:\/\/www.presasg8.es\/fr\/#\/schema\/logo\/image\/"},"sameAs":["https:\/\/www.facebook.com\/presasescaladag8\/","https:\/\/www.instagram.com\/presasg8\/"]}]}},"_links":{"self":[{"href":"https:\/\/www.presasg8.es\/fr\/wp-json\/wp\/v2\/product\/7514","targetHints":{"allow":["GET"]}}],"collection":[{"href":"https:\/\/www.presasg8.es\/fr\/wp-json\/wp\/v2\/product"}],"about":[{"href":"https:\/\/www.presasg8.es\/fr\/wp-json\/wp\/v2\/types\/product"}],"replies":[{"embeddable":true,"href":"https:\/\/www.presasg8.es\/fr\/wp-json\/wp\/v2\/comments?post=7514"}],"wp:featuredmedia":[{"embeddable":true,"href":"https:\/\/www.presasg8.es\/fr\/wp-json\/wp\/v2\/media\/7508"}],"wp:attachment":[{"href":"https:\/\/www.presasg8.es\/fr\/wp-json\/wp\/v2\/media?parent=7514"}],"wp:term":[{"taxonomy":"product_brand","embeddable":true,"href":"https:\/\/www.presasg8.es\/fr\/wp-json\/wp\/v2\/product_brand?post=7514"},{"taxonomy":"product_cat","embeddable":true,"href":"https:\/\/www.presasg8.es\/fr\/wp-json\/wp\/v2\/product_cat?post=7514"},{"taxonomy":"product_tag","embeddable":true,"href":"https:\/\/www.presasg8.es\/fr\/wp-json\/wp\/v2\/product_tag?post=7514"}],"curies":[{"name":"wp","href":"https:\/\/api.w.org\/{rel}","templated":true}]}}