{"id":6389,"date":"2024-02-12T14:00:15","date_gmt":"2024-02-12T13:00:15","guid":{"rendered":"https:\/\/www.presasg8.es\/producto\/poignees-descalade-pour-aracnides\/"},"modified":"2025-05-11T08:32:23","modified_gmt":"2025-05-11T06:32:23","slug":"poignees-descalade-pour-aracnides","status":"publish","type":"product","link":"https:\/\/www.presasg8.es\/fr\/producto\/poignees-descalade-pour-aracnides\/","title":{"rendered":"Poign\u00e9es d&rsquo;escalade pour Aracnides"},"content":{"rendered":"<h3><em><strong>Poign\u00e9es d&rsquo;escalade aracnides :<\/strong><\/em><\/h3>\n<p>&#8211; Jeu de <strong>2<\/strong> poign\u00e9es d&rsquo;escalade sp\u00e9ciales pour les toits ou les grands surplombs qui vous permettront de vous d\u00e9placer sur le mur d&rsquo;escalade comme si de rien n&rsquo;\u00e9tait. Con\u00e7u avec un toucher agr\u00e9able et une forme qui permet de tenir fermement la main sur le barrage. Les prises ont une forme rugueuse tout le long du corps pour que la main s&rsquo;adapte parfaitement au barrage. L&rsquo;une des prises d&rsquo;escalade est plus fine et poss\u00e8de un pont plus large, tandis que l&rsquo;autre est un peu plus aplatie et plus \u00e9paisse. Parfait pour compl\u00e9ter votre mur d&rsquo;escalade, votre toit ou votre grand surplomb.<\/p>\n<p>&#8211; Prises d&rsquo;escalade <strong>m\u00e9triques 10<\/strong> avec trous anti-rotation m\u00e9triques 4 pour vis de 3,5.<\/p>\n<p>&#8211; inclinaison recommand\u00e9e entre les panneaux verticaux et le <strong>plafond<\/strong> 0\u00ba-90\u00ba.<\/p>\n<p>&#8211; <strong>Taille :<\/strong> un moyen-large, l&rsquo;autre grand-extra-large.<\/p>\n<p>La poign\u00e9e d&rsquo;escalade est une prise tr\u00e8s importante \u00e0 prendre en compte dans notre mur d&rsquo;escalade, car elle permet des mouvements confortables, s\u00fbrs et fiables gr\u00e2ce \u00e0 la facilit\u00e9 de prise qu&rsquo;elle poss\u00e8de. C&rsquo;est un prise que les plus amateurs de ce sport verront comme un barrage s\u00fbr lors des mouvements et les transitions d&rsquo;un barrage \u00e0 l&rsquo;autre par les \u00ab\u00a0poign\u00e9es\u00a0\u00bb se font de mani\u00e8re plus simple.<\/p>\n<p>Ainsi que les athl\u00e8tes plus avanc\u00e9s qui les utiliseront pour se \u00ab\u00a0reposer\u00a0\u00bb lorsqu&rsquo;ils effectuent des s\u00e9ries de continuit\u00e9 sur le mur d&rsquo;escalade.<\/p>\n<p>Les prises d&rsquo;escalade sont des prises fondamentales lors de la construction de notre mur d&rsquo;escalade, nous devons donc les garder \u00e0 l&rsquo;esprit lors de la conception de notre mur d&rsquo;escalade.<\/p>\n<p>Ne manquez pas cette occasion !<\/p>\n","protected":false},"excerpt":{"rendered":"<p><label>Mod\u00e8le d&rsquo;<\/label> <span class=\"editable\">arachnides<\/span><\/p>\n<p>2 poign\u00e9es d&rsquo;escalade mod\u00e8le d&rsquo;arachnides.<\/p>\n","protected":false},"featured_media":6790,"comment_status":"closed","ping_status":"closed","template":"","meta":{"_joinchat":[]},"product_brand":[],"product_cat":[72,67],"product_tag":[],"class_list":{"0":"post-6389","1":"product","2":"type-product","3":"status-publish","4":"has-post-thumbnail","6":"product_cat-pack-de-prises-descalade","7":"product_cat-prises-descalade","9":"first","10":"instock","11":"taxable","12":"shipping-taxable","13":"purchasable","14":"product-type-variable"},"yoast_head":"<!-- This site is optimized with the Yoast SEO plugin v27.5 - https:\/\/yoast.com\/product\/yoast-seo-wordpress\/ -->\n<title>Poign\u00e9es d&#039;escalade pour Aracnides - Presas G8 - Presas de escalada para roc\u00f3dromo<\/title>\n<meta name=\"robots\" content=\"index, follow, max-snippet:-1, max-image-preview:large, max-video-preview:-1\" \/>\n<link rel=\"canonical\" href=\"https:\/\/www.presasg8.es\/fr\/producto\/poignees-descalade-pour-aracnides\/\" \/>\n<meta property=\"og:locale\" content=\"fr_FR\" \/>\n<meta property=\"og:type\" content=\"article\" \/>\n<meta property=\"og:title\" content=\"Poign\u00e9es d&#039;escalade pour Aracnides - Presas G8 - Presas de escalada para roc\u00f3dromo\" \/>\n<meta property=\"og:description\" content=\"Mod\u00e8le d&#039; arachnides 2 poign\u00e9es d&#039;escalade mod\u00e8le d&#039;arachnides.\" \/>\n<meta property=\"og:url\" content=\"https:\/\/www.presasg8.es\/fr\/producto\/poignees-descalade-pour-aracnides\/\" \/>\n<meta property=\"og:site_name\" content=\"Presas G8 - Presas de escalada para roc\u00f3dromo\" \/>\n<meta property=\"article:publisher\" content=\"https:\/\/www.facebook.com\/presasescaladag8\/\" \/>\n<meta property=\"article:modified_time\" content=\"2025-05-11T06:32:23+00:00\" \/>\n<meta property=\"og:image\" content=\"https:\/\/www.presasg8.es\/wp-content\/uploads\/2024\/02\/asas-aracnids-1.jpg\" \/>\n\t<meta property=\"og:image:width\" content=\"2000\" \/>\n\t<meta property=\"og:image:height\" content=\"2000\" \/>\n\t<meta property=\"og:image:type\" content=\"image\/jpeg\" \/>\n<meta name=\"twitter:card\" content=\"summary_large_image\" \/>\n<meta name=\"twitter:label1\" content=\"Dur\u00e9e de lecture estim\u00e9e\" \/>\n\t<meta name=\"twitter:data1\" content=\"1 minute\" \/>\n<script type=\"application\/ld+json\" class=\"yoast-schema-graph\">{\"@context\":\"https:\\\/\\\/schema.org\",\"@graph\":[{\"@type\":\"WebPage\",\"@id\":\"https:\\\/\\\/www.presasg8.es\\\/fr\\\/producto\\\/poignees-descalade-pour-aracnides\\\/\",\"url\":\"https:\\\/\\\/www.presasg8.es\\\/fr\\\/producto\\\/poignees-descalade-pour-aracnides\\\/\",\"name\":\"Poign\u00e9es d'escalade pour Aracnides - Presas G8 - Presas de escalada para roc\u00f3dromo\",\"isPartOf\":{\"@id\":\"https:\\\/\\\/www.presasg8.es\\\/fr\\\/#website\"},\"primaryImageOfPage\":{\"@id\":\"https:\\\/\\\/www.presasg8.es\\\/fr\\\/producto\\\/poignees-descalade-pour-aracnides\\\/#primaryimage\"},\"image\":{\"@id\":\"https:\\\/\\\/www.presasg8.es\\\/fr\\\/producto\\\/poignees-descalade-pour-aracnides\\\/#primaryimage\"},\"thumbnailUrl\":\"https:\\\/\\\/www.presasg8.es\\\/wp-content\\\/uploads\\\/2024\\\/02\\\/asas-aracnids-1.jpg\",\"datePublished\":\"2024-02-12T13:00:15+00:00\",\"dateModified\":\"2025-05-11T06:32:23+00:00\",\"breadcrumb\":{\"@id\":\"https:\\\/\\\/www.presasg8.es\\\/fr\\\/producto\\\/poignees-descalade-pour-aracnides\\\/#breadcrumb\"},\"inLanguage\":\"fr-FR\",\"potentialAction\":[{\"@type\":\"ReadAction\",\"target\":[\"https:\\\/\\\/www.presasg8.es\\\/fr\\\/producto\\\/poignees-descalade-pour-aracnides\\\/\"]}]},{\"@type\":\"ImageObject\",\"inLanguage\":\"fr-FR\",\"@id\":\"https:\\\/\\\/www.presasg8.es\\\/fr\\\/producto\\\/poignees-descalade-pour-aracnides\\\/#primaryimage\",\"url\":\"https:\\\/\\\/www.presasg8.es\\\/wp-content\\\/uploads\\\/2024\\\/02\\\/asas-aracnids-1.jpg\",\"contentUrl\":\"https:\\\/\\\/www.presasg8.es\\\/wp-content\\\/uploads\\\/2024\\\/02\\\/asas-aracnids-1.jpg\",\"width\":2000,\"height\":2000},{\"@type\":\"BreadcrumbList\",\"@id\":\"https:\\\/\\\/www.presasg8.es\\\/fr\\\/producto\\\/poignees-descalade-pour-aracnides\\\/#breadcrumb\",\"itemListElement\":[{\"@type\":\"ListItem\",\"position\":1,\"name\":\"Portada\",\"item\":\"https:\\\/\\\/www.presasg8.es\\\/fr\\\/\"},{\"@type\":\"ListItem\",\"position\":2,\"name\":\"Boutique de prises d&rsquo;escalade\",\"item\":\"https:\\\/\\\/www.presasg8.es\\\/fr\\\/prises-de-escalade\\\/\"},{\"@type\":\"ListItem\",\"position\":3,\"name\":\"Poign\u00e9es d&#8217;escalade pour Aracnides\"}]},{\"@type\":\"WebSite\",\"@id\":\"https:\\\/\\\/www.presasg8.es\\\/fr\\\/#website\",\"url\":\"https:\\\/\\\/www.presasg8.es\\\/fr\\\/\",\"name\":\"Presas de escalada G8\",\"description\":\"Tienda online de Presas de escalada para roc\u00f3dromo\",\"publisher\":{\"@id\":\"https:\\\/\\\/www.presasg8.es\\\/fr\\\/#organization\"},\"alternateName\":\"Presas de escalada para roc\u00f3dromo\",\"potentialAction\":[{\"@type\":\"SearchAction\",\"target\":{\"@type\":\"EntryPoint\",\"urlTemplate\":\"https:\\\/\\\/www.presasg8.es\\\/fr\\\/?s={search_term_string}\"},\"query-input\":{\"@type\":\"PropertyValueSpecification\",\"valueRequired\":true,\"valueName\":\"search_term_string\"}}],\"inLanguage\":\"fr-FR\"},{\"@type\":\"Organization\",\"@id\":\"https:\\\/\\\/www.presasg8.es\\\/fr\\\/#organization\",\"name\":\"Presas de escalada G8\",\"alternateName\":\"Presas de escalada para roc\u00f3dromo G8\",\"url\":\"https:\\\/\\\/www.presasg8.es\\\/fr\\\/\",\"logo\":{\"@type\":\"ImageObject\",\"inLanguage\":\"fr-FR\",\"@id\":\"https:\\\/\\\/www.presasg8.es\\\/fr\\\/#\\\/schema\\\/logo\\\/image\\\/\",\"url\":\"https:\\\/\\\/www.presasg8.es\\\/wp-content\\\/uploads\\\/2023\\\/09\\\/logo-presas-g8.jpeg\",\"contentUrl\":\"https:\\\/\\\/www.presasg8.es\\\/wp-content\\\/uploads\\\/2023\\\/09\\\/logo-presas-g8.jpeg\",\"width\":400,\"height\":486,\"caption\":\"Presas de escalada G8\"},\"image\":{\"@id\":\"https:\\\/\\\/www.presasg8.es\\\/fr\\\/#\\\/schema\\\/logo\\\/image\\\/\"},\"sameAs\":[\"https:\\\/\\\/www.facebook.com\\\/presasescaladag8\\\/\",\"https:\\\/\\\/www.instagram.com\\\/presasg8\\\/\"]}]}<\/script>\n<!-- \/ Yoast SEO plugin. -->","yoast_head_json":{"title":"Poign\u00e9es d'escalade pour Aracnides - Presas G8 - Presas de escalada para roc\u00f3dromo","robots":{"index":"index","follow":"follow","max-snippet":"max-snippet:-1","max-image-preview":"max-image-preview:large","max-video-preview":"max-video-preview:-1"},"canonical":"https:\/\/www.presasg8.es\/fr\/producto\/poignees-descalade-pour-aracnides\/","og_locale":"fr_FR","og_type":"article","og_title":"Poign\u00e9es d'escalade pour Aracnides - Presas G8 - Presas de escalada para roc\u00f3dromo","og_description":"Mod\u00e8le d' arachnides 2 poign\u00e9es d'escalade mod\u00e8le d'arachnides.","og_url":"https:\/\/www.presasg8.es\/fr\/producto\/poignees-descalade-pour-aracnides\/","og_site_name":"Presas G8 - Presas de escalada para roc\u00f3dromo","article_publisher":"https:\/\/www.facebook.com\/presasescaladag8\/","article_modified_time":"2025-05-11T06:32:23+00:00","og_image":[{"width":2000,"height":2000,"url":"https:\/\/www.presasg8.es\/wp-content\/uploads\/2024\/02\/asas-aracnids-1.jpg","type":"image\/jpeg"}],"twitter_card":"summary_large_image","twitter_misc":{"Dur\u00e9e de lecture estim\u00e9e":"1 minute"},"schema":{"@context":"https:\/\/schema.org","@graph":[{"@type":"WebPage","@id":"https:\/\/www.presasg8.es\/fr\/producto\/poignees-descalade-pour-aracnides\/","url":"https:\/\/www.presasg8.es\/fr\/producto\/poignees-descalade-pour-aracnides\/","name":"Poign\u00e9es d'escalade pour Aracnides - Presas G8 - Presas de escalada para roc\u00f3dromo","isPartOf":{"@id":"https:\/\/www.presasg8.es\/fr\/#website"},"primaryImageOfPage":{"@id":"https:\/\/www.presasg8.es\/fr\/producto\/poignees-descalade-pour-aracnides\/#primaryimage"},"image":{"@id":"https:\/\/www.presasg8.es\/fr\/producto\/poignees-descalade-pour-aracnides\/#primaryimage"},"thumbnailUrl":"https:\/\/www.presasg8.es\/wp-content\/uploads\/2024\/02\/asas-aracnids-1.jpg","datePublished":"2024-02-12T13:00:15+00:00","dateModified":"2025-05-11T06:32:23+00:00","breadcrumb":{"@id":"https:\/\/www.presasg8.es\/fr\/producto\/poignees-descalade-pour-aracnides\/#breadcrumb"},"inLanguage":"fr-FR","potentialAction":[{"@type":"ReadAction","target":["https:\/\/www.presasg8.es\/fr\/producto\/poignees-descalade-pour-aracnides\/"]}]},{"@type":"ImageObject","inLanguage":"fr-FR","@id":"https:\/\/www.presasg8.es\/fr\/producto\/poignees-descalade-pour-aracnides\/#primaryimage","url":"https:\/\/www.presasg8.es\/wp-content\/uploads\/2024\/02\/asas-aracnids-1.jpg","contentUrl":"https:\/\/www.presasg8.es\/wp-content\/uploads\/2024\/02\/asas-aracnids-1.jpg","width":2000,"height":2000},{"@type":"BreadcrumbList","@id":"https:\/\/www.presasg8.es\/fr\/producto\/poignees-descalade-pour-aracnides\/#breadcrumb","itemListElement":[{"@type":"ListItem","position":1,"name":"Portada","item":"https:\/\/www.presasg8.es\/fr\/"},{"@type":"ListItem","position":2,"name":"Boutique de prises d&rsquo;escalade","item":"https:\/\/www.presasg8.es\/fr\/prises-de-escalade\/"},{"@type":"ListItem","position":3,"name":"Poign\u00e9es d&#8217;escalade pour Aracnides"}]},{"@type":"WebSite","@id":"https:\/\/www.presasg8.es\/fr\/#website","url":"https:\/\/www.presasg8.es\/fr\/","name":"Presas de escalada G8","description":"Tienda online de Presas de escalada para roc\u00f3dromo","publisher":{"@id":"https:\/\/www.presasg8.es\/fr\/#organization"},"alternateName":"Presas de escalada para roc\u00f3dromo","potentialAction":[{"@type":"SearchAction","target":{"@type":"EntryPoint","urlTemplate":"https:\/\/www.presasg8.es\/fr\/?s={search_term_string}"},"query-input":{"@type":"PropertyValueSpecification","valueRequired":true,"valueName":"search_term_string"}}],"inLanguage":"fr-FR"},{"@type":"Organization","@id":"https:\/\/www.presasg8.es\/fr\/#organization","name":"Presas de escalada G8","alternateName":"Presas de escalada para roc\u00f3dromo G8","url":"https:\/\/www.presasg8.es\/fr\/","logo":{"@type":"ImageObject","inLanguage":"fr-FR","@id":"https:\/\/www.presasg8.es\/fr\/#\/schema\/logo\/image\/","url":"https:\/\/www.presasg8.es\/wp-content\/uploads\/2023\/09\/logo-presas-g8.jpeg","contentUrl":"https:\/\/www.presasg8.es\/wp-content\/uploads\/2023\/09\/logo-presas-g8.jpeg","width":400,"height":486,"caption":"Presas de escalada G8"},"image":{"@id":"https:\/\/www.presasg8.es\/fr\/#\/schema\/logo\/image\/"},"sameAs":["https:\/\/www.facebook.com\/presasescaladag8\/","https:\/\/www.instagram.com\/presasg8\/"]}]}},"_links":{"self":[{"href":"https:\/\/www.presasg8.es\/fr\/wp-json\/wp\/v2\/product\/6389","targetHints":{"allow":["GET"]}}],"collection":[{"href":"https:\/\/www.presasg8.es\/fr\/wp-json\/wp\/v2\/product"}],"about":[{"href":"https:\/\/www.presasg8.es\/fr\/wp-json\/wp\/v2\/types\/product"}],"replies":[{"embeddable":true,"href":"https:\/\/www.presasg8.es\/fr\/wp-json\/wp\/v2\/comments?post=6389"}],"wp:featuredmedia":[{"embeddable":true,"href":"https:\/\/www.presasg8.es\/fr\/wp-json\/wp\/v2\/media\/6790"}],"wp:attachment":[{"href":"https:\/\/www.presasg8.es\/fr\/wp-json\/wp\/v2\/media?parent=6389"}],"wp:term":[{"taxonomy":"product_brand","embeddable":true,"href":"https:\/\/www.presasg8.es\/fr\/wp-json\/wp\/v2\/product_brand?post=6389"},{"taxonomy":"product_cat","embeddable":true,"href":"https:\/\/www.presasg8.es\/fr\/wp-json\/wp\/v2\/product_cat?post=6389"},{"taxonomy":"product_tag","embeddable":true,"href":"https:\/\/www.presasg8.es\/fr\/wp-json\/wp\/v2\/product_tag?post=6389"}],"curies":[{"name":"wp","href":"https:\/\/api.w.org\/{rel}","templated":true}]}}