{"id":6239,"date":"2024-02-21T08:08:19","date_gmt":"2024-02-21T07:08:19","guid":{"rendered":"https:\/\/www.presasg8.es\/producto\/barrages-descalade-strates\/"},"modified":"2024-04-05T23:23:50","modified_gmt":"2024-04-05T21:23:50","slug":"barrages-descalade-strates","status":"publish","type":"product","link":"https:\/\/www.presasg8.es\/fr\/producto\/barrages-descalade-strates\/","title":{"rendered":"Prises d&rsquo;escalade Strates"},"content":{"rendered":"<p><strong><em>Prises d&rsquo;escalade en strates<\/em><\/strong>est un ensemble de prises pour les murs d&rsquo;escalade con\u00e7u pour travailler sur des voies de bloc ou de comp\u00e9tition. En tournant les prises, on obtient des possibilit\u00e9s infinies, ce qui fait de ce sac une tr\u00e8s bonne option pour \u00e9quiper les itin\u00e9raires difficiles. Il ne se d\u00e9modera jamais gr\u00e2ce au design unique de l&rsquo;ensemble.<\/p>\n<p>Des heures et des heures de travail de conception ont abouti \u00e0 ce superbe pack.<\/p>\n<p>&#8211; Un jeu de<strong> 8 prises d&rsquo;escalade<\/strong> con\u00e7u pour l&rsquo;escalade de bloc dans les murs d&rsquo;escalade ou pour des voies diff\u00e9rentes gr\u00e2ce au design original des prises. Cet ensemble de prises pour murs d&rsquo;escalade comprend principalement des pinces, des pinces, des poign\u00e9es lat\u00e9rales, des&#8230;<\/p>\n<p>&#8211; Tailles : <strong>2XXL<\/strong> <strong>2XL<\/strong> <strong>1L<\/strong> <strong>2M<\/strong>et <strong>1S<\/strong>.<\/p>\n<p>&#8211; Inclinaison recommand\u00e9e : <strong>0\u00ba-45\u00ba Inclinaison recommand\u00e9e : 0\u00ba-45\u00ba Inclinaison recommand\u00e9e : 0\u00ba-45\u00ba Inclinaison recommand\u00e9e : 0\u00ba-45\u00ba<\/strong> Inclinaison recommand\u00e9e : 0\u00ba-45\u00ba<\/p>\n<p>&#8211; <strong> Prises d&rsquo;escalade <\/strong>m\u00e9triques 10 (optionnelles m\u00e9triques 8). Ils sont \u00e9galement dot\u00e9s de trous anti-rotation pour mieux fixer la proie.<\/p>\n","protected":false},"excerpt":{"rendered":"<p>Prises d&rsquo;escalade en stratesest un ensemble de prises pour les  [&#8230;]<\/p>\n","protected":false},"featured_media":2171,"comment_status":"closed","ping_status":"closed","template":"","meta":{"_joinchat":[]},"product_brand":[],"product_cat":[72,67],"product_tag":[],"class_list":{"0":"post-6239","1":"product","2":"type-product","3":"status-publish","4":"has-post-thumbnail","6":"product_cat-pack-de-prises-descalade","7":"product_cat-prises-descalade","9":"first","10":"instock","11":"taxable","12":"shipping-taxable","13":"purchasable","14":"product-type-variable"},"yoast_head":"<!-- This site is optimized with the Yoast SEO plugin v27.3 - https:\/\/yoast.com\/product\/yoast-seo-wordpress\/ -->\n<title>Prises d&#039;escalade Strates - Presas G8 - Presas de escalada para roc\u00f3dromo<\/title>\n<meta name=\"robots\" content=\"index, follow, max-snippet:-1, max-image-preview:large, max-video-preview:-1\" \/>\n<link rel=\"canonical\" href=\"https:\/\/www.presasg8.es\/fr\/producto\/barrages-descalade-strates\/\" \/>\n<meta property=\"og:locale\" content=\"fr_FR\" \/>\n<meta property=\"og:type\" content=\"article\" \/>\n<meta property=\"og:title\" content=\"Prises d&#039;escalade Strates - Presas G8 - Presas de escalada para roc\u00f3dromo\" \/>\n<meta property=\"og:description\" content=\"Prises d&rsquo;escalade en stratesest un ensemble de prises pour les [...]\" \/>\n<meta property=\"og:url\" content=\"https:\/\/www.presasg8.es\/fr\/producto\/barrages-descalade-strates\/\" \/>\n<meta property=\"og:site_name\" content=\"Presas G8 - Presas de escalada para roc\u00f3dromo\" \/>\n<meta property=\"article:publisher\" content=\"https:\/\/www.facebook.com\/presasescaladag8\/\" \/>\n<meta property=\"article:modified_time\" content=\"2024-04-05T21:23:50+00:00\" \/>\n<meta property=\"og:image\" content=\"https:\/\/www.presasg8.es\/wp-content\/uploads\/2024\/02\/presas-de-escalada-estratos-1.jpg\" \/>\n\t<meta property=\"og:image:width\" content=\"2000\" \/>\n\t<meta property=\"og:image:height\" content=\"2000\" \/>\n\t<meta property=\"og:image:type\" content=\"image\/jpeg\" \/>\n<meta name=\"twitter:card\" content=\"summary_large_image\" \/>\n<meta name=\"twitter:label1\" content=\"Dur\u00e9e de lecture estim\u00e9e\" \/>\n\t<meta name=\"twitter:data1\" content=\"1 minute\" \/>\n<script type=\"application\/ld+json\" class=\"yoast-schema-graph\">{\"@context\":\"https:\\\/\\\/schema.org\",\"@graph\":[{\"@type\":\"WebPage\",\"@id\":\"https:\\\/\\\/www.presasg8.es\\\/fr\\\/producto\\\/barrages-descalade-strates\\\/\",\"url\":\"https:\\\/\\\/www.presasg8.es\\\/fr\\\/producto\\\/barrages-descalade-strates\\\/\",\"name\":\"Prises d'escalade Strates - Presas G8 - Presas de escalada para roc\u00f3dromo\",\"isPartOf\":{\"@id\":\"https:\\\/\\\/www.presasg8.es\\\/fr\\\/#website\"},\"primaryImageOfPage\":{\"@id\":\"https:\\\/\\\/www.presasg8.es\\\/fr\\\/producto\\\/barrages-descalade-strates\\\/#primaryimage\"},\"image\":{\"@id\":\"https:\\\/\\\/www.presasg8.es\\\/fr\\\/producto\\\/barrages-descalade-strates\\\/#primaryimage\"},\"thumbnailUrl\":\"https:\\\/\\\/www.presasg8.es\\\/wp-content\\\/uploads\\\/2024\\\/02\\\/presas-de-escalada-estratos-1.jpg\",\"datePublished\":\"2024-02-21T07:08:19+00:00\",\"dateModified\":\"2024-04-05T21:23:50+00:00\",\"breadcrumb\":{\"@id\":\"https:\\\/\\\/www.presasg8.es\\\/fr\\\/producto\\\/barrages-descalade-strates\\\/#breadcrumb\"},\"inLanguage\":\"fr-FR\",\"potentialAction\":[{\"@type\":\"ReadAction\",\"target\":[\"https:\\\/\\\/www.presasg8.es\\\/fr\\\/producto\\\/barrages-descalade-strates\\\/\"]}]},{\"@type\":\"ImageObject\",\"inLanguage\":\"fr-FR\",\"@id\":\"https:\\\/\\\/www.presasg8.es\\\/fr\\\/producto\\\/barrages-descalade-strates\\\/#primaryimage\",\"url\":\"https:\\\/\\\/www.presasg8.es\\\/wp-content\\\/uploads\\\/2024\\\/02\\\/presas-de-escalada-estratos-1.jpg\",\"contentUrl\":\"https:\\\/\\\/www.presasg8.es\\\/wp-content\\\/uploads\\\/2024\\\/02\\\/presas-de-escalada-estratos-1.jpg\",\"width\":2000,\"height\":2000},{\"@type\":\"BreadcrumbList\",\"@id\":\"https:\\\/\\\/www.presasg8.es\\\/fr\\\/producto\\\/barrages-descalade-strates\\\/#breadcrumb\",\"itemListElement\":[{\"@type\":\"ListItem\",\"position\":1,\"name\":\"Portada\",\"item\":\"https:\\\/\\\/www.presasg8.es\\\/fr\\\/\"},{\"@type\":\"ListItem\",\"position\":2,\"name\":\"Boutique de prises d&rsquo;escalade\",\"item\":\"https:\\\/\\\/www.presasg8.es\\\/fr\\\/prises-de-escalade\\\/\"},{\"@type\":\"ListItem\",\"position\":3,\"name\":\"Prises d&#8217;escalade Strates\"}]},{\"@type\":\"WebSite\",\"@id\":\"https:\\\/\\\/www.presasg8.es\\\/fr\\\/#website\",\"url\":\"https:\\\/\\\/www.presasg8.es\\\/fr\\\/\",\"name\":\"Presas de escalada G8\",\"description\":\"Tienda online de Presas de escalada para roc\u00f3dromo\",\"publisher\":{\"@id\":\"https:\\\/\\\/www.presasg8.es\\\/fr\\\/#organization\"},\"alternateName\":\"Presas de escalada para roc\u00f3dromo\",\"potentialAction\":[{\"@type\":\"SearchAction\",\"target\":{\"@type\":\"EntryPoint\",\"urlTemplate\":\"https:\\\/\\\/www.presasg8.es\\\/fr\\\/?s={search_term_string}\"},\"query-input\":{\"@type\":\"PropertyValueSpecification\",\"valueRequired\":true,\"valueName\":\"search_term_string\"}}],\"inLanguage\":\"fr-FR\"},{\"@type\":\"Organization\",\"@id\":\"https:\\\/\\\/www.presasg8.es\\\/fr\\\/#organization\",\"name\":\"Presas de escalada G8\",\"alternateName\":\"Presas de escalada para roc\u00f3dromo G8\",\"url\":\"https:\\\/\\\/www.presasg8.es\\\/fr\\\/\",\"logo\":{\"@type\":\"ImageObject\",\"inLanguage\":\"fr-FR\",\"@id\":\"https:\\\/\\\/www.presasg8.es\\\/fr\\\/#\\\/schema\\\/logo\\\/image\\\/\",\"url\":\"https:\\\/\\\/www.presasg8.es\\\/wp-content\\\/uploads\\\/2023\\\/09\\\/logo-presas-g8.jpeg\",\"contentUrl\":\"https:\\\/\\\/www.presasg8.es\\\/wp-content\\\/uploads\\\/2023\\\/09\\\/logo-presas-g8.jpeg\",\"width\":400,\"height\":486,\"caption\":\"Presas de escalada G8\"},\"image\":{\"@id\":\"https:\\\/\\\/www.presasg8.es\\\/fr\\\/#\\\/schema\\\/logo\\\/image\\\/\"},\"sameAs\":[\"https:\\\/\\\/www.facebook.com\\\/presasescaladag8\\\/\",\"https:\\\/\\\/www.instagram.com\\\/presasg8\\\/\"]}]}<\/script>\n<!-- \/ Yoast SEO plugin. -->","yoast_head_json":{"title":"Prises d'escalade Strates - Presas G8 - Presas de escalada para roc\u00f3dromo","robots":{"index":"index","follow":"follow","max-snippet":"max-snippet:-1","max-image-preview":"max-image-preview:large","max-video-preview":"max-video-preview:-1"},"canonical":"https:\/\/www.presasg8.es\/fr\/producto\/barrages-descalade-strates\/","og_locale":"fr_FR","og_type":"article","og_title":"Prises d'escalade Strates - Presas G8 - Presas de escalada para roc\u00f3dromo","og_description":"Prises d&rsquo;escalade en stratesest un ensemble de prises pour les [...]","og_url":"https:\/\/www.presasg8.es\/fr\/producto\/barrages-descalade-strates\/","og_site_name":"Presas G8 - Presas de escalada para roc\u00f3dromo","article_publisher":"https:\/\/www.facebook.com\/presasescaladag8\/","article_modified_time":"2024-04-05T21:23:50+00:00","og_image":[{"width":2000,"height":2000,"url":"https:\/\/www.presasg8.es\/wp-content\/uploads\/2024\/02\/presas-de-escalada-estratos-1.jpg","type":"image\/jpeg"}],"twitter_card":"summary_large_image","twitter_misc":{"Dur\u00e9e de lecture estim\u00e9e":"1 minute"},"schema":{"@context":"https:\/\/schema.org","@graph":[{"@type":"WebPage","@id":"https:\/\/www.presasg8.es\/fr\/producto\/barrages-descalade-strates\/","url":"https:\/\/www.presasg8.es\/fr\/producto\/barrages-descalade-strates\/","name":"Prises d'escalade Strates - Presas G8 - Presas de escalada para roc\u00f3dromo","isPartOf":{"@id":"https:\/\/www.presasg8.es\/fr\/#website"},"primaryImageOfPage":{"@id":"https:\/\/www.presasg8.es\/fr\/producto\/barrages-descalade-strates\/#primaryimage"},"image":{"@id":"https:\/\/www.presasg8.es\/fr\/producto\/barrages-descalade-strates\/#primaryimage"},"thumbnailUrl":"https:\/\/www.presasg8.es\/wp-content\/uploads\/2024\/02\/presas-de-escalada-estratos-1.jpg","datePublished":"2024-02-21T07:08:19+00:00","dateModified":"2024-04-05T21:23:50+00:00","breadcrumb":{"@id":"https:\/\/www.presasg8.es\/fr\/producto\/barrages-descalade-strates\/#breadcrumb"},"inLanguage":"fr-FR","potentialAction":[{"@type":"ReadAction","target":["https:\/\/www.presasg8.es\/fr\/producto\/barrages-descalade-strates\/"]}]},{"@type":"ImageObject","inLanguage":"fr-FR","@id":"https:\/\/www.presasg8.es\/fr\/producto\/barrages-descalade-strates\/#primaryimage","url":"https:\/\/www.presasg8.es\/wp-content\/uploads\/2024\/02\/presas-de-escalada-estratos-1.jpg","contentUrl":"https:\/\/www.presasg8.es\/wp-content\/uploads\/2024\/02\/presas-de-escalada-estratos-1.jpg","width":2000,"height":2000},{"@type":"BreadcrumbList","@id":"https:\/\/www.presasg8.es\/fr\/producto\/barrages-descalade-strates\/#breadcrumb","itemListElement":[{"@type":"ListItem","position":1,"name":"Portada","item":"https:\/\/www.presasg8.es\/fr\/"},{"@type":"ListItem","position":2,"name":"Boutique de prises d&rsquo;escalade","item":"https:\/\/www.presasg8.es\/fr\/prises-de-escalade\/"},{"@type":"ListItem","position":3,"name":"Prises d&#8217;escalade Strates"}]},{"@type":"WebSite","@id":"https:\/\/www.presasg8.es\/fr\/#website","url":"https:\/\/www.presasg8.es\/fr\/","name":"Presas de escalada G8","description":"Tienda online de Presas de escalada para roc\u00f3dromo","publisher":{"@id":"https:\/\/www.presasg8.es\/fr\/#organization"},"alternateName":"Presas de escalada para roc\u00f3dromo","potentialAction":[{"@type":"SearchAction","target":{"@type":"EntryPoint","urlTemplate":"https:\/\/www.presasg8.es\/fr\/?s={search_term_string}"},"query-input":{"@type":"PropertyValueSpecification","valueRequired":true,"valueName":"search_term_string"}}],"inLanguage":"fr-FR"},{"@type":"Organization","@id":"https:\/\/www.presasg8.es\/fr\/#organization","name":"Presas de escalada G8","alternateName":"Presas de escalada para roc\u00f3dromo G8","url":"https:\/\/www.presasg8.es\/fr\/","logo":{"@type":"ImageObject","inLanguage":"fr-FR","@id":"https:\/\/www.presasg8.es\/fr\/#\/schema\/logo\/image\/","url":"https:\/\/www.presasg8.es\/wp-content\/uploads\/2023\/09\/logo-presas-g8.jpeg","contentUrl":"https:\/\/www.presasg8.es\/wp-content\/uploads\/2023\/09\/logo-presas-g8.jpeg","width":400,"height":486,"caption":"Presas de escalada G8"},"image":{"@id":"https:\/\/www.presasg8.es\/fr\/#\/schema\/logo\/image\/"},"sameAs":["https:\/\/www.facebook.com\/presasescaladag8\/","https:\/\/www.instagram.com\/presasg8\/"]}]}},"_links":{"self":[{"href":"https:\/\/www.presasg8.es\/fr\/wp-json\/wp\/v2\/product\/6239","targetHints":{"allow":["GET"]}}],"collection":[{"href":"https:\/\/www.presasg8.es\/fr\/wp-json\/wp\/v2\/product"}],"about":[{"href":"https:\/\/www.presasg8.es\/fr\/wp-json\/wp\/v2\/types\/product"}],"replies":[{"embeddable":true,"href":"https:\/\/www.presasg8.es\/fr\/wp-json\/wp\/v2\/comments?post=6239"}],"wp:featuredmedia":[{"embeddable":true,"href":"https:\/\/www.presasg8.es\/fr\/wp-json\/wp\/v2\/media\/2171"}],"wp:attachment":[{"href":"https:\/\/www.presasg8.es\/fr\/wp-json\/wp\/v2\/media?parent=6239"}],"wp:term":[{"taxonomy":"product_brand","embeddable":true,"href":"https:\/\/www.presasg8.es\/fr\/wp-json\/wp\/v2\/product_brand?post=6239"},{"taxonomy":"product_cat","embeddable":true,"href":"https:\/\/www.presasg8.es\/fr\/wp-json\/wp\/v2\/product_cat?post=6239"},{"taxonomy":"product_tag","embeddable":true,"href":"https:\/\/www.presasg8.es\/fr\/wp-json\/wp\/v2\/product_tag?post=6239"}],"curies":[{"name":"wp","href":"https:\/\/api.w.org\/{rel}","templated":true}]}}