{"id":6053,"date":"2024-02-24T08:32:07","date_gmt":"2024-02-24T07:32:07","guid":{"rendered":"https:\/\/www.presasg8.es\/producto\/les-prises-descalade-daction-directe\/"},"modified":"2024-04-05T23:15:50","modified_gmt":"2024-04-05T21:15:50","slug":"les-prises-descalade-daction-directe","status":"publish","type":"product","link":"https:\/\/www.presasg8.es\/fr\/producto\/les-prises-descalade-daction-directe\/","title":{"rendered":"Les prises d&rsquo;escalade d&rsquo;Action Directe"},"content":{"rendered":"<p>-Prises d&rsquo;escalade<strong>pour<\/strong> murs d&rsquo;escalade bas\u00e9es sur la voie l\u00e9gendaire de Wolfgang Gullich. Ces prises raviront les grimpeurs les plus nostalgiques, comprenant \u00e0 la fois des bidedos et des monodedos dans leur sac. Recommand\u00e9 pour les grimpeurs interm\u00e9diaires et avanc\u00e9s.<\/p>\n<p>&#8211; <strong>6<\/strong> prises de taille S.<\/p>\n<p>&#8211; Prises recommand\u00e9s pour une <strong>inclinaison de 0\u00ba \u00e0 30\u00ba<\/strong>.<\/p>\n<p>&#8211; Prises \u00e0 trous de 3,5 x 35, mod\u00e8le \u00e0 tire-fond et un barrage m\u00e9trique \u00e0 10 trous.<\/p>\n","protected":false},"excerpt":{"rendered":"<p>-Prises d&rsquo;escaladepour murs d&rsquo;escalade bas\u00e9es sur la voie l\u00e9gendaire de  [&#8230;]<\/p>\n","protected":false},"featured_media":2350,"comment_status":"closed","ping_status":"closed","template":"","meta":{"_joinchat":[]},"product_brand":[],"product_cat":[151,67],"product_tag":[],"class_list":{"0":"post-6053","1":"product","2":"type-product","3":"status-publish","4":"has-post-thumbnail","6":"product_cat-presses-s-manuelles-bloc-special-ou-technique","7":"product_cat-prises-descalade","9":"first","10":"instock","11":"taxable","12":"shipping-taxable","13":"purchasable","14":"product-type-variable"},"yoast_head":"<!-- This site is optimized with the Yoast SEO plugin v27.3 - https:\/\/yoast.com\/product\/yoast-seo-wordpress\/ -->\n<title>Les prises d&#039;escalade d&#039;Action Directe - Presas G8 - Presas de escalada para roc\u00f3dromo<\/title>\n<meta name=\"robots\" content=\"index, follow, max-snippet:-1, max-image-preview:large, max-video-preview:-1\" \/>\n<link rel=\"canonical\" href=\"https:\/\/www.presasg8.es\/fr\/producto\/les-prises-descalade-daction-directe\/\" \/>\n<meta property=\"og:locale\" content=\"fr_FR\" \/>\n<meta property=\"og:type\" content=\"article\" \/>\n<meta property=\"og:title\" content=\"Les prises d&#039;escalade d&#039;Action Directe - Presas G8 - Presas de escalada para roc\u00f3dromo\" \/>\n<meta property=\"og:description\" content=\"-Prises d&rsquo;escaladepour murs d&rsquo;escalade bas\u00e9es sur la voie l\u00e9gendaire de [...]\" \/>\n<meta property=\"og:url\" content=\"https:\/\/www.presasg8.es\/fr\/producto\/les-prises-descalade-daction-directe\/\" \/>\n<meta property=\"og:site_name\" content=\"Presas G8 - Presas de escalada para roc\u00f3dromo\" \/>\n<meta property=\"article:publisher\" content=\"https:\/\/www.facebook.com\/presasescaladag8\/\" \/>\n<meta property=\"article:modified_time\" content=\"2024-04-05T21:15:50+00:00\" \/>\n<meta property=\"og:image\" content=\"https:\/\/www.presasg8.es\/wp-content\/uploads\/2024\/02\/presas-escalada-action-directe-1.jpg\" \/>\n\t<meta property=\"og:image:width\" content=\"2000\" \/>\n\t<meta property=\"og:image:height\" content=\"2000\" \/>\n\t<meta property=\"og:image:type\" content=\"image\/jpeg\" \/>\n<meta name=\"twitter:card\" content=\"summary_large_image\" \/>\n<script type=\"application\/ld+json\" class=\"yoast-schema-graph\">{\"@context\":\"https:\\\/\\\/schema.org\",\"@graph\":[{\"@type\":\"WebPage\",\"@id\":\"https:\\\/\\\/www.presasg8.es\\\/fr\\\/producto\\\/les-prises-descalade-daction-directe\\\/\",\"url\":\"https:\\\/\\\/www.presasg8.es\\\/fr\\\/producto\\\/les-prises-descalade-daction-directe\\\/\",\"name\":\"Les prises d'escalade d'Action Directe - Presas G8 - Presas de escalada para roc\u00f3dromo\",\"isPartOf\":{\"@id\":\"https:\\\/\\\/www.presasg8.es\\\/fr\\\/#website\"},\"primaryImageOfPage\":{\"@id\":\"https:\\\/\\\/www.presasg8.es\\\/fr\\\/producto\\\/les-prises-descalade-daction-directe\\\/#primaryimage\"},\"image\":{\"@id\":\"https:\\\/\\\/www.presasg8.es\\\/fr\\\/producto\\\/les-prises-descalade-daction-directe\\\/#primaryimage\"},\"thumbnailUrl\":\"https:\\\/\\\/www.presasg8.es\\\/wp-content\\\/uploads\\\/2024\\\/02\\\/presas-escalada-action-directe-1.jpg\",\"datePublished\":\"2024-02-24T07:32:07+00:00\",\"dateModified\":\"2024-04-05T21:15:50+00:00\",\"breadcrumb\":{\"@id\":\"https:\\\/\\\/www.presasg8.es\\\/fr\\\/producto\\\/les-prises-descalade-daction-directe\\\/#breadcrumb\"},\"inLanguage\":\"fr-FR\",\"potentialAction\":[{\"@type\":\"ReadAction\",\"target\":[\"https:\\\/\\\/www.presasg8.es\\\/fr\\\/producto\\\/les-prises-descalade-daction-directe\\\/\"]}]},{\"@type\":\"ImageObject\",\"inLanguage\":\"fr-FR\",\"@id\":\"https:\\\/\\\/www.presasg8.es\\\/fr\\\/producto\\\/les-prises-descalade-daction-directe\\\/#primaryimage\",\"url\":\"https:\\\/\\\/www.presasg8.es\\\/wp-content\\\/uploads\\\/2024\\\/02\\\/presas-escalada-action-directe-1.jpg\",\"contentUrl\":\"https:\\\/\\\/www.presasg8.es\\\/wp-content\\\/uploads\\\/2024\\\/02\\\/presas-escalada-action-directe-1.jpg\",\"width\":2000,\"height\":2000},{\"@type\":\"BreadcrumbList\",\"@id\":\"https:\\\/\\\/www.presasg8.es\\\/fr\\\/producto\\\/les-prises-descalade-daction-directe\\\/#breadcrumb\",\"itemListElement\":[{\"@type\":\"ListItem\",\"position\":1,\"name\":\"Portada\",\"item\":\"https:\\\/\\\/www.presasg8.es\\\/fr\\\/\"},{\"@type\":\"ListItem\",\"position\":2,\"name\":\"Boutique de prises d&rsquo;escalade\",\"item\":\"https:\\\/\\\/www.presasg8.es\\\/fr\\\/prises-de-escalade\\\/\"},{\"@type\":\"ListItem\",\"position\":3,\"name\":\"Les prises d&#8217;escalade d&#8217;Action Directe\"}]},{\"@type\":\"WebSite\",\"@id\":\"https:\\\/\\\/www.presasg8.es\\\/fr\\\/#website\",\"url\":\"https:\\\/\\\/www.presasg8.es\\\/fr\\\/\",\"name\":\"Presas de escalada G8\",\"description\":\"Tienda online de Presas de escalada para roc\u00f3dromo\",\"publisher\":{\"@id\":\"https:\\\/\\\/www.presasg8.es\\\/fr\\\/#organization\"},\"alternateName\":\"Presas de escalada para roc\u00f3dromo\",\"potentialAction\":[{\"@type\":\"SearchAction\",\"target\":{\"@type\":\"EntryPoint\",\"urlTemplate\":\"https:\\\/\\\/www.presasg8.es\\\/fr\\\/?s={search_term_string}\"},\"query-input\":{\"@type\":\"PropertyValueSpecification\",\"valueRequired\":true,\"valueName\":\"search_term_string\"}}],\"inLanguage\":\"fr-FR\"},{\"@type\":\"Organization\",\"@id\":\"https:\\\/\\\/www.presasg8.es\\\/fr\\\/#organization\",\"name\":\"Presas de escalada G8\",\"alternateName\":\"Presas de escalada para roc\u00f3dromo G8\",\"url\":\"https:\\\/\\\/www.presasg8.es\\\/fr\\\/\",\"logo\":{\"@type\":\"ImageObject\",\"inLanguage\":\"fr-FR\",\"@id\":\"https:\\\/\\\/www.presasg8.es\\\/fr\\\/#\\\/schema\\\/logo\\\/image\\\/\",\"url\":\"https:\\\/\\\/www.presasg8.es\\\/wp-content\\\/uploads\\\/2023\\\/09\\\/logo-presas-g8.jpeg\",\"contentUrl\":\"https:\\\/\\\/www.presasg8.es\\\/wp-content\\\/uploads\\\/2023\\\/09\\\/logo-presas-g8.jpeg\",\"width\":400,\"height\":486,\"caption\":\"Presas de escalada G8\"},\"image\":{\"@id\":\"https:\\\/\\\/www.presasg8.es\\\/fr\\\/#\\\/schema\\\/logo\\\/image\\\/\"},\"sameAs\":[\"https:\\\/\\\/www.facebook.com\\\/presasescaladag8\\\/\",\"https:\\\/\\\/www.instagram.com\\\/presasg8\\\/\"]}]}<\/script>\n<!-- \/ Yoast SEO plugin. -->","yoast_head_json":{"title":"Les prises d'escalade d'Action Directe - Presas G8 - Presas de escalada para roc\u00f3dromo","robots":{"index":"index","follow":"follow","max-snippet":"max-snippet:-1","max-image-preview":"max-image-preview:large","max-video-preview":"max-video-preview:-1"},"canonical":"https:\/\/www.presasg8.es\/fr\/producto\/les-prises-descalade-daction-directe\/","og_locale":"fr_FR","og_type":"article","og_title":"Les prises d'escalade d'Action Directe - Presas G8 - Presas de escalada para roc\u00f3dromo","og_description":"-Prises d&rsquo;escaladepour murs d&rsquo;escalade bas\u00e9es sur la voie l\u00e9gendaire de [...]","og_url":"https:\/\/www.presasg8.es\/fr\/producto\/les-prises-descalade-daction-directe\/","og_site_name":"Presas G8 - Presas de escalada para roc\u00f3dromo","article_publisher":"https:\/\/www.facebook.com\/presasescaladag8\/","article_modified_time":"2024-04-05T21:15:50+00:00","og_image":[{"width":2000,"height":2000,"url":"https:\/\/www.presasg8.es\/wp-content\/uploads\/2024\/02\/presas-escalada-action-directe-1.jpg","type":"image\/jpeg"}],"twitter_card":"summary_large_image","schema":{"@context":"https:\/\/schema.org","@graph":[{"@type":"WebPage","@id":"https:\/\/www.presasg8.es\/fr\/producto\/les-prises-descalade-daction-directe\/","url":"https:\/\/www.presasg8.es\/fr\/producto\/les-prises-descalade-daction-directe\/","name":"Les prises d'escalade d'Action Directe - Presas G8 - Presas de escalada para roc\u00f3dromo","isPartOf":{"@id":"https:\/\/www.presasg8.es\/fr\/#website"},"primaryImageOfPage":{"@id":"https:\/\/www.presasg8.es\/fr\/producto\/les-prises-descalade-daction-directe\/#primaryimage"},"image":{"@id":"https:\/\/www.presasg8.es\/fr\/producto\/les-prises-descalade-daction-directe\/#primaryimage"},"thumbnailUrl":"https:\/\/www.presasg8.es\/wp-content\/uploads\/2024\/02\/presas-escalada-action-directe-1.jpg","datePublished":"2024-02-24T07:32:07+00:00","dateModified":"2024-04-05T21:15:50+00:00","breadcrumb":{"@id":"https:\/\/www.presasg8.es\/fr\/producto\/les-prises-descalade-daction-directe\/#breadcrumb"},"inLanguage":"fr-FR","potentialAction":[{"@type":"ReadAction","target":["https:\/\/www.presasg8.es\/fr\/producto\/les-prises-descalade-daction-directe\/"]}]},{"@type":"ImageObject","inLanguage":"fr-FR","@id":"https:\/\/www.presasg8.es\/fr\/producto\/les-prises-descalade-daction-directe\/#primaryimage","url":"https:\/\/www.presasg8.es\/wp-content\/uploads\/2024\/02\/presas-escalada-action-directe-1.jpg","contentUrl":"https:\/\/www.presasg8.es\/wp-content\/uploads\/2024\/02\/presas-escalada-action-directe-1.jpg","width":2000,"height":2000},{"@type":"BreadcrumbList","@id":"https:\/\/www.presasg8.es\/fr\/producto\/les-prises-descalade-daction-directe\/#breadcrumb","itemListElement":[{"@type":"ListItem","position":1,"name":"Portada","item":"https:\/\/www.presasg8.es\/fr\/"},{"@type":"ListItem","position":2,"name":"Boutique de prises d&rsquo;escalade","item":"https:\/\/www.presasg8.es\/fr\/prises-de-escalade\/"},{"@type":"ListItem","position":3,"name":"Les prises d&#8217;escalade d&#8217;Action Directe"}]},{"@type":"WebSite","@id":"https:\/\/www.presasg8.es\/fr\/#website","url":"https:\/\/www.presasg8.es\/fr\/","name":"Presas de escalada G8","description":"Tienda online de Presas de escalada para roc\u00f3dromo","publisher":{"@id":"https:\/\/www.presasg8.es\/fr\/#organization"},"alternateName":"Presas de escalada para roc\u00f3dromo","potentialAction":[{"@type":"SearchAction","target":{"@type":"EntryPoint","urlTemplate":"https:\/\/www.presasg8.es\/fr\/?s={search_term_string}"},"query-input":{"@type":"PropertyValueSpecification","valueRequired":true,"valueName":"search_term_string"}}],"inLanguage":"fr-FR"},{"@type":"Organization","@id":"https:\/\/www.presasg8.es\/fr\/#organization","name":"Presas de escalada G8","alternateName":"Presas de escalada para roc\u00f3dromo G8","url":"https:\/\/www.presasg8.es\/fr\/","logo":{"@type":"ImageObject","inLanguage":"fr-FR","@id":"https:\/\/www.presasg8.es\/fr\/#\/schema\/logo\/image\/","url":"https:\/\/www.presasg8.es\/wp-content\/uploads\/2023\/09\/logo-presas-g8.jpeg","contentUrl":"https:\/\/www.presasg8.es\/wp-content\/uploads\/2023\/09\/logo-presas-g8.jpeg","width":400,"height":486,"caption":"Presas de escalada G8"},"image":{"@id":"https:\/\/www.presasg8.es\/fr\/#\/schema\/logo\/image\/"},"sameAs":["https:\/\/www.facebook.com\/presasescaladag8\/","https:\/\/www.instagram.com\/presasg8\/"]}]}},"_links":{"self":[{"href":"https:\/\/www.presasg8.es\/fr\/wp-json\/wp\/v2\/product\/6053","targetHints":{"allow":["GET"]}}],"collection":[{"href":"https:\/\/www.presasg8.es\/fr\/wp-json\/wp\/v2\/product"}],"about":[{"href":"https:\/\/www.presasg8.es\/fr\/wp-json\/wp\/v2\/types\/product"}],"replies":[{"embeddable":true,"href":"https:\/\/www.presasg8.es\/fr\/wp-json\/wp\/v2\/comments?post=6053"}],"wp:featuredmedia":[{"embeddable":true,"href":"https:\/\/www.presasg8.es\/fr\/wp-json\/wp\/v2\/media\/2350"}],"wp:attachment":[{"href":"https:\/\/www.presasg8.es\/fr\/wp-json\/wp\/v2\/media?parent=6053"}],"wp:term":[{"taxonomy":"product_brand","embeddable":true,"href":"https:\/\/www.presasg8.es\/fr\/wp-json\/wp\/v2\/product_brand?post=6053"},{"taxonomy":"product_cat","embeddable":true,"href":"https:\/\/www.presasg8.es\/fr\/wp-json\/wp\/v2\/product_cat?post=6053"},{"taxonomy":"product_tag","embeddable":true,"href":"https:\/\/www.presasg8.es\/fr\/wp-json\/wp\/v2\/product_tag?post=6053"}],"curies":[{"name":"wp","href":"https:\/\/api.w.org\/{rel}","templated":true}]}}