{"id":5138,"date":"2024-03-11T17:56:26","date_gmt":"2024-03-11T16:56:26","guid":{"rendered":"https:\/\/www.presasg8.es\/producto\/prises-descalade-pinces-faciles\/"},"modified":"2024-04-05T22:59:23","modified_gmt":"2024-04-05T20:59:23","slug":"prises-descalade-pinces-faciles","status":"publish","type":"product","link":"https:\/\/www.presasg8.es\/fr\/producto\/prises-descalade-pinces-faciles\/","title":{"rendered":"Prises d&rsquo;escalade Pinces faciles"},"content":{"rendered":"<p>&#8211; Pack de 4 <strong>prises d&rsquo;escalade<\/strong>, mod\u00e8le \u00e0 serrage facile. Ces poign\u00e9es sont con\u00e7ues pour une prise en main confortable, y compris de la pince et de la barre. Orient\u00e9 pour les d\u00e9butants et les enfants ou pour les avanc\u00e9s en s&rsquo;appuyant sur le mur ou le soffite.<\/p>\n<p>&#8211; Paquet de <strong>10<\/strong> colliers <strong>m\u00e9triques<\/strong>, optionnels pour \u00eatre install\u00e9s avec 8 boulons m\u00e9triques. Les barrages sont \u00e9galement \u00e9quip\u00e9s de vis anti-rotation pour emp\u00eacher la rotation du barrage.<\/p>\n<p>&#8211; 4 barrages de tailles :<strong> 2 M, 1 M-L et 1 L.<\/strong><\/p>\n<p>&#8211; Pente recommand\u00e9e :<strong> murs verticaux et l\u00e9g\u00e8rement inclin\u00e9s 0\u00ba-40\u00ba<\/strong>.<\/p>\n","protected":false},"excerpt":{"rendered":"<p>&#8211; Pack de 4 prises d&rsquo;escalade, mod\u00e8le \u00e0 serrage facile.  [&#8230;]<\/p>\n","protected":false},"featured_media":2971,"comment_status":"closed","ping_status":"closed","template":"","meta":{"_joinchat":[]},"product_brand":[],"product_cat":[72,67],"product_tag":[],"class_list":{"0":"post-5138","1":"product","2":"type-product","3":"status-publish","4":"has-post-thumbnail","6":"product_cat-pack-de-prises-descalade","7":"product_cat-prises-descalade","9":"first","10":"instock","11":"taxable","12":"shipping-taxable","13":"purchasable","14":"product-type-variable"},"yoast_head":"<!-- This site is optimized with the Yoast SEO plugin v27.5 - https:\/\/yoast.com\/product\/yoast-seo-wordpress\/ -->\n<title>Prises d&#039;escalade Pinces faciles - Presas G8 - Presas de escalada para roc\u00f3dromo<\/title>\n<meta name=\"robots\" content=\"index, follow, max-snippet:-1, max-image-preview:large, max-video-preview:-1\" \/>\n<link rel=\"canonical\" href=\"https:\/\/www.presasg8.es\/fr\/producto\/prises-descalade-pinces-faciles\/\" \/>\n<meta property=\"og:locale\" content=\"fr_FR\" \/>\n<meta property=\"og:type\" content=\"article\" \/>\n<meta property=\"og:title\" content=\"Prises d&#039;escalade Pinces faciles - Presas G8 - Presas de escalada para roc\u00f3dromo\" \/>\n<meta property=\"og:description\" content=\"&#8211; Pack de 4 prises d&rsquo;escalade, mod\u00e8le \u00e0 serrage facile. [...]\" \/>\n<meta property=\"og:url\" content=\"https:\/\/www.presasg8.es\/fr\/producto\/prises-descalade-pinces-faciles\/\" \/>\n<meta property=\"og:site_name\" content=\"Presas G8 - Presas de escalada para roc\u00f3dromo\" \/>\n<meta property=\"article:publisher\" content=\"https:\/\/www.facebook.com\/presasescaladag8\/\" \/>\n<meta property=\"article:modified_time\" content=\"2024-04-05T20:59:23+00:00\" \/>\n<meta property=\"og:image\" content=\"https:\/\/www.presasg8.es\/wp-content\/uploads\/2024\/03\/presas-de-escalada-pinzas-easy.jpg\" \/>\n\t<meta property=\"og:image:width\" content=\"2000\" \/>\n\t<meta property=\"og:image:height\" content=\"2000\" \/>\n\t<meta property=\"og:image:type\" content=\"image\/jpeg\" \/>\n<meta name=\"twitter:card\" content=\"summary_large_image\" \/>\n<meta name=\"twitter:label1\" content=\"Dur\u00e9e de lecture estim\u00e9e\" \/>\n\t<meta name=\"twitter:data1\" content=\"1 minute\" \/>\n<script type=\"application\/ld+json\" class=\"yoast-schema-graph\">{\"@context\":\"https:\\\/\\\/schema.org\",\"@graph\":[{\"@type\":\"WebPage\",\"@id\":\"https:\\\/\\\/www.presasg8.es\\\/fr\\\/producto\\\/prises-descalade-pinces-faciles\\\/\",\"url\":\"https:\\\/\\\/www.presasg8.es\\\/fr\\\/producto\\\/prises-descalade-pinces-faciles\\\/\",\"name\":\"Prises d'escalade Pinces faciles - Presas G8 - Presas de escalada para roc\u00f3dromo\",\"isPartOf\":{\"@id\":\"https:\\\/\\\/www.presasg8.es\\\/fr\\\/#website\"},\"primaryImageOfPage\":{\"@id\":\"https:\\\/\\\/www.presasg8.es\\\/fr\\\/producto\\\/prises-descalade-pinces-faciles\\\/#primaryimage\"},\"image\":{\"@id\":\"https:\\\/\\\/www.presasg8.es\\\/fr\\\/producto\\\/prises-descalade-pinces-faciles\\\/#primaryimage\"},\"thumbnailUrl\":\"https:\\\/\\\/www.presasg8.es\\\/wp-content\\\/uploads\\\/2024\\\/03\\\/presas-de-escalada-pinzas-easy.jpg\",\"datePublished\":\"2024-03-11T16:56:26+00:00\",\"dateModified\":\"2024-04-05T20:59:23+00:00\",\"breadcrumb\":{\"@id\":\"https:\\\/\\\/www.presasg8.es\\\/fr\\\/producto\\\/prises-descalade-pinces-faciles\\\/#breadcrumb\"},\"inLanguage\":\"fr-FR\",\"potentialAction\":[{\"@type\":\"ReadAction\",\"target\":[\"https:\\\/\\\/www.presasg8.es\\\/fr\\\/producto\\\/prises-descalade-pinces-faciles\\\/\"]}]},{\"@type\":\"ImageObject\",\"inLanguage\":\"fr-FR\",\"@id\":\"https:\\\/\\\/www.presasg8.es\\\/fr\\\/producto\\\/prises-descalade-pinces-faciles\\\/#primaryimage\",\"url\":\"https:\\\/\\\/www.presasg8.es\\\/wp-content\\\/uploads\\\/2024\\\/03\\\/presas-de-escalada-pinzas-easy.jpg\",\"contentUrl\":\"https:\\\/\\\/www.presasg8.es\\\/wp-content\\\/uploads\\\/2024\\\/03\\\/presas-de-escalada-pinzas-easy.jpg\",\"width\":2000,\"height\":2000},{\"@type\":\"BreadcrumbList\",\"@id\":\"https:\\\/\\\/www.presasg8.es\\\/fr\\\/producto\\\/prises-descalade-pinces-faciles\\\/#breadcrumb\",\"itemListElement\":[{\"@type\":\"ListItem\",\"position\":1,\"name\":\"Portada\",\"item\":\"https:\\\/\\\/www.presasg8.es\\\/fr\\\/\"},{\"@type\":\"ListItem\",\"position\":2,\"name\":\"Boutique de prises d&rsquo;escalade\",\"item\":\"https:\\\/\\\/www.presasg8.es\\\/fr\\\/prises-de-escalade\\\/\"},{\"@type\":\"ListItem\",\"position\":3,\"name\":\"Prises d&#8217;escalade Pinces faciles\"}]},{\"@type\":\"WebSite\",\"@id\":\"https:\\\/\\\/www.presasg8.es\\\/fr\\\/#website\",\"url\":\"https:\\\/\\\/www.presasg8.es\\\/fr\\\/\",\"name\":\"Presas de escalada G8\",\"description\":\"Tienda online de Presas de escalada para roc\u00f3dromo\",\"publisher\":{\"@id\":\"https:\\\/\\\/www.presasg8.es\\\/fr\\\/#organization\"},\"alternateName\":\"Presas de escalada para roc\u00f3dromo\",\"potentialAction\":[{\"@type\":\"SearchAction\",\"target\":{\"@type\":\"EntryPoint\",\"urlTemplate\":\"https:\\\/\\\/www.presasg8.es\\\/fr\\\/?s={search_term_string}\"},\"query-input\":{\"@type\":\"PropertyValueSpecification\",\"valueRequired\":true,\"valueName\":\"search_term_string\"}}],\"inLanguage\":\"fr-FR\"},{\"@type\":\"Organization\",\"@id\":\"https:\\\/\\\/www.presasg8.es\\\/fr\\\/#organization\",\"name\":\"Presas de escalada G8\",\"alternateName\":\"Presas de escalada para roc\u00f3dromo G8\",\"url\":\"https:\\\/\\\/www.presasg8.es\\\/fr\\\/\",\"logo\":{\"@type\":\"ImageObject\",\"inLanguage\":\"fr-FR\",\"@id\":\"https:\\\/\\\/www.presasg8.es\\\/fr\\\/#\\\/schema\\\/logo\\\/image\\\/\",\"url\":\"https:\\\/\\\/www.presasg8.es\\\/wp-content\\\/uploads\\\/2023\\\/09\\\/logo-presas-g8.jpeg\",\"contentUrl\":\"https:\\\/\\\/www.presasg8.es\\\/wp-content\\\/uploads\\\/2023\\\/09\\\/logo-presas-g8.jpeg\",\"width\":400,\"height\":486,\"caption\":\"Presas de escalada G8\"},\"image\":{\"@id\":\"https:\\\/\\\/www.presasg8.es\\\/fr\\\/#\\\/schema\\\/logo\\\/image\\\/\"},\"sameAs\":[\"https:\\\/\\\/www.facebook.com\\\/presasescaladag8\\\/\",\"https:\\\/\\\/www.instagram.com\\\/presasg8\\\/\"]}]}<\/script>\n<!-- \/ Yoast SEO plugin. -->","yoast_head_json":{"title":"Prises d'escalade Pinces faciles - Presas G8 - Presas de escalada para roc\u00f3dromo","robots":{"index":"index","follow":"follow","max-snippet":"max-snippet:-1","max-image-preview":"max-image-preview:large","max-video-preview":"max-video-preview:-1"},"canonical":"https:\/\/www.presasg8.es\/fr\/producto\/prises-descalade-pinces-faciles\/","og_locale":"fr_FR","og_type":"article","og_title":"Prises d'escalade Pinces faciles - Presas G8 - Presas de escalada para roc\u00f3dromo","og_description":"&#8211; Pack de 4 prises d&rsquo;escalade, mod\u00e8le \u00e0 serrage facile. [...]","og_url":"https:\/\/www.presasg8.es\/fr\/producto\/prises-descalade-pinces-faciles\/","og_site_name":"Presas G8 - Presas de escalada para roc\u00f3dromo","article_publisher":"https:\/\/www.facebook.com\/presasescaladag8\/","article_modified_time":"2024-04-05T20:59:23+00:00","og_image":[{"width":2000,"height":2000,"url":"https:\/\/www.presasg8.es\/wp-content\/uploads\/2024\/03\/presas-de-escalada-pinzas-easy.jpg","type":"image\/jpeg"}],"twitter_card":"summary_large_image","twitter_misc":{"Dur\u00e9e de lecture estim\u00e9e":"1 minute"},"schema":{"@context":"https:\/\/schema.org","@graph":[{"@type":"WebPage","@id":"https:\/\/www.presasg8.es\/fr\/producto\/prises-descalade-pinces-faciles\/","url":"https:\/\/www.presasg8.es\/fr\/producto\/prises-descalade-pinces-faciles\/","name":"Prises d'escalade Pinces faciles - Presas G8 - Presas de escalada para roc\u00f3dromo","isPartOf":{"@id":"https:\/\/www.presasg8.es\/fr\/#website"},"primaryImageOfPage":{"@id":"https:\/\/www.presasg8.es\/fr\/producto\/prises-descalade-pinces-faciles\/#primaryimage"},"image":{"@id":"https:\/\/www.presasg8.es\/fr\/producto\/prises-descalade-pinces-faciles\/#primaryimage"},"thumbnailUrl":"https:\/\/www.presasg8.es\/wp-content\/uploads\/2024\/03\/presas-de-escalada-pinzas-easy.jpg","datePublished":"2024-03-11T16:56:26+00:00","dateModified":"2024-04-05T20:59:23+00:00","breadcrumb":{"@id":"https:\/\/www.presasg8.es\/fr\/producto\/prises-descalade-pinces-faciles\/#breadcrumb"},"inLanguage":"fr-FR","potentialAction":[{"@type":"ReadAction","target":["https:\/\/www.presasg8.es\/fr\/producto\/prises-descalade-pinces-faciles\/"]}]},{"@type":"ImageObject","inLanguage":"fr-FR","@id":"https:\/\/www.presasg8.es\/fr\/producto\/prises-descalade-pinces-faciles\/#primaryimage","url":"https:\/\/www.presasg8.es\/wp-content\/uploads\/2024\/03\/presas-de-escalada-pinzas-easy.jpg","contentUrl":"https:\/\/www.presasg8.es\/wp-content\/uploads\/2024\/03\/presas-de-escalada-pinzas-easy.jpg","width":2000,"height":2000},{"@type":"BreadcrumbList","@id":"https:\/\/www.presasg8.es\/fr\/producto\/prises-descalade-pinces-faciles\/#breadcrumb","itemListElement":[{"@type":"ListItem","position":1,"name":"Portada","item":"https:\/\/www.presasg8.es\/fr\/"},{"@type":"ListItem","position":2,"name":"Boutique de prises d&rsquo;escalade","item":"https:\/\/www.presasg8.es\/fr\/prises-de-escalade\/"},{"@type":"ListItem","position":3,"name":"Prises d&#8217;escalade Pinces faciles"}]},{"@type":"WebSite","@id":"https:\/\/www.presasg8.es\/fr\/#website","url":"https:\/\/www.presasg8.es\/fr\/","name":"Presas de escalada G8","description":"Tienda online de Presas de escalada para roc\u00f3dromo","publisher":{"@id":"https:\/\/www.presasg8.es\/fr\/#organization"},"alternateName":"Presas de escalada para roc\u00f3dromo","potentialAction":[{"@type":"SearchAction","target":{"@type":"EntryPoint","urlTemplate":"https:\/\/www.presasg8.es\/fr\/?s={search_term_string}"},"query-input":{"@type":"PropertyValueSpecification","valueRequired":true,"valueName":"search_term_string"}}],"inLanguage":"fr-FR"},{"@type":"Organization","@id":"https:\/\/www.presasg8.es\/fr\/#organization","name":"Presas de escalada G8","alternateName":"Presas de escalada para roc\u00f3dromo G8","url":"https:\/\/www.presasg8.es\/fr\/","logo":{"@type":"ImageObject","inLanguage":"fr-FR","@id":"https:\/\/www.presasg8.es\/fr\/#\/schema\/logo\/image\/","url":"https:\/\/www.presasg8.es\/wp-content\/uploads\/2023\/09\/logo-presas-g8.jpeg","contentUrl":"https:\/\/www.presasg8.es\/wp-content\/uploads\/2023\/09\/logo-presas-g8.jpeg","width":400,"height":486,"caption":"Presas de escalada G8"},"image":{"@id":"https:\/\/www.presasg8.es\/fr\/#\/schema\/logo\/image\/"},"sameAs":["https:\/\/www.facebook.com\/presasescaladag8\/","https:\/\/www.instagram.com\/presasg8\/"]}]}},"_links":{"self":[{"href":"https:\/\/www.presasg8.es\/fr\/wp-json\/wp\/v2\/product\/5138","targetHints":{"allow":["GET"]}}],"collection":[{"href":"https:\/\/www.presasg8.es\/fr\/wp-json\/wp\/v2\/product"}],"about":[{"href":"https:\/\/www.presasg8.es\/fr\/wp-json\/wp\/v2\/types\/product"}],"replies":[{"embeddable":true,"href":"https:\/\/www.presasg8.es\/fr\/wp-json\/wp\/v2\/comments?post=5138"}],"wp:featuredmedia":[{"embeddable":true,"href":"https:\/\/www.presasg8.es\/fr\/wp-json\/wp\/v2\/media\/2971"}],"wp:attachment":[{"href":"https:\/\/www.presasg8.es\/fr\/wp-json\/wp\/v2\/media?parent=5138"}],"wp:term":[{"taxonomy":"product_brand","embeddable":true,"href":"https:\/\/www.presasg8.es\/fr\/wp-json\/wp\/v2\/product_brand?post=5138"},{"taxonomy":"product_cat","embeddable":true,"href":"https:\/\/www.presasg8.es\/fr\/wp-json\/wp\/v2\/product_cat?post=5138"},{"taxonomy":"product_tag","embeddable":true,"href":"https:\/\/www.presasg8.es\/fr\/wp-json\/wp\/v2\/product_tag?post=5138"}],"curies":[{"name":"wp","href":"https:\/\/api.w.org\/{rel}","templated":true}]}}