{"id":5097,"date":"2024-03-20T06:46:17","date_gmt":"2024-03-20T05:46:17","guid":{"rendered":"https:\/\/www.presasg8.es\/producto\/volume-diamants-droite\/"},"modified":"2024-04-05T22:25:03","modified_gmt":"2024-04-05T20:25:03","slug":"volume-diamants-droite","status":"publish","type":"product","link":"https:\/\/www.presasg8.es\/fr\/producto\/volume-diamants-droite\/","title":{"rendered":"Volume diamants droite"},"content":{"rendered":"<p>Volume en fibre de verre de la s\u00e9rie diamants. Prise compliqu\u00e9e dans la pince, rebord \u00e9mouss\u00e9, niveau de difficult\u00e9 moyen-haut<\/p>\n<p>Dimensions : 60cm x 30cm x 20cm<\/p>\n<p>Installation avec des tire-fonds 3,5&#215;50<\/p>\n","protected":false},"excerpt":{"rendered":"<p>Volume en fibre de verre de la s\u00e9rie diamants. Prise  [&#8230;]<\/p>\n","protected":false},"featured_media":4024,"comment_status":"closed","ping_status":"closed","template":"","meta":{"_joinchat":[]},"product_brand":[],"product_cat":[67,73],"product_tag":[],"class_list":{"0":"post-5097","1":"product","2":"type-product","3":"status-publish","4":"has-post-thumbnail","6":"product_cat-prises-descalade","7":"product_cat-volumes-en-fibre-de-verre","9":"first","10":"instock","11":"taxable","12":"shipping-taxable","13":"purchasable","14":"product-type-variable"},"yoast_head":"<!-- This site is optimized with the Yoast SEO plugin v27.3 - https:\/\/yoast.com\/product\/yoast-seo-wordpress\/ -->\n<title>Volume diamants droite - Presas G8 - Presas de escalada para roc\u00f3dromo<\/title>\n<meta name=\"robots\" content=\"index, follow, max-snippet:-1, max-image-preview:large, max-video-preview:-1\" \/>\n<link rel=\"canonical\" href=\"https:\/\/www.presasg8.es\/fr\/producto\/volume-diamants-droite\/\" \/>\n<meta property=\"og:locale\" content=\"fr_FR\" \/>\n<meta property=\"og:type\" content=\"article\" \/>\n<meta property=\"og:title\" content=\"Volume diamants droite - Presas G8 - Presas de escalada para roc\u00f3dromo\" \/>\n<meta property=\"og:description\" content=\"Volume en fibre de verre de la s\u00e9rie diamants. Prise [...]\" \/>\n<meta property=\"og:url\" content=\"https:\/\/www.presasg8.es\/fr\/producto\/volume-diamants-droite\/\" \/>\n<meta property=\"og:site_name\" content=\"Presas G8 - Presas de escalada para roc\u00f3dromo\" \/>\n<meta property=\"article:publisher\" content=\"https:\/\/www.facebook.com\/presasescaladag8\/\" \/>\n<meta property=\"article:modified_time\" content=\"2024-04-05T20:25:03+00:00\" \/>\n<meta property=\"og:image\" content=\"https:\/\/www.presasg8.es\/wp-content\/uploads\/2024\/03\/vlomen-derecho-diamonds-1.jpg\" \/>\n\t<meta property=\"og:image:width\" content=\"2000\" \/>\n\t<meta property=\"og:image:height\" content=\"2000\" \/>\n\t<meta property=\"og:image:type\" content=\"image\/jpeg\" \/>\n<meta name=\"twitter:card\" content=\"summary_large_image\" \/>\n<script type=\"application\/ld+json\" class=\"yoast-schema-graph\">{\"@context\":\"https:\\\/\\\/schema.org\",\"@graph\":[{\"@type\":\"WebPage\",\"@id\":\"https:\\\/\\\/www.presasg8.es\\\/fr\\\/producto\\\/volume-diamants-droite\\\/\",\"url\":\"https:\\\/\\\/www.presasg8.es\\\/fr\\\/producto\\\/volume-diamants-droite\\\/\",\"name\":\"Volume diamants droite - Presas G8 - Presas de escalada para roc\u00f3dromo\",\"isPartOf\":{\"@id\":\"https:\\\/\\\/www.presasg8.es\\\/fr\\\/#website\"},\"primaryImageOfPage\":{\"@id\":\"https:\\\/\\\/www.presasg8.es\\\/fr\\\/producto\\\/volume-diamants-droite\\\/#primaryimage\"},\"image\":{\"@id\":\"https:\\\/\\\/www.presasg8.es\\\/fr\\\/producto\\\/volume-diamants-droite\\\/#primaryimage\"},\"thumbnailUrl\":\"https:\\\/\\\/www.presasg8.es\\\/wp-content\\\/uploads\\\/2024\\\/03\\\/vlomen-derecho-diamonds-1.jpg\",\"datePublished\":\"2024-03-20T05:46:17+00:00\",\"dateModified\":\"2024-04-05T20:25:03+00:00\",\"breadcrumb\":{\"@id\":\"https:\\\/\\\/www.presasg8.es\\\/fr\\\/producto\\\/volume-diamants-droite\\\/#breadcrumb\"},\"inLanguage\":\"fr-FR\",\"potentialAction\":[{\"@type\":\"ReadAction\",\"target\":[\"https:\\\/\\\/www.presasg8.es\\\/fr\\\/producto\\\/volume-diamants-droite\\\/\"]}]},{\"@type\":\"ImageObject\",\"inLanguage\":\"fr-FR\",\"@id\":\"https:\\\/\\\/www.presasg8.es\\\/fr\\\/producto\\\/volume-diamants-droite\\\/#primaryimage\",\"url\":\"https:\\\/\\\/www.presasg8.es\\\/wp-content\\\/uploads\\\/2024\\\/03\\\/vlomen-derecho-diamonds-1.jpg\",\"contentUrl\":\"https:\\\/\\\/www.presasg8.es\\\/wp-content\\\/uploads\\\/2024\\\/03\\\/vlomen-derecho-diamonds-1.jpg\",\"width\":2000,\"height\":2000},{\"@type\":\"BreadcrumbList\",\"@id\":\"https:\\\/\\\/www.presasg8.es\\\/fr\\\/producto\\\/volume-diamants-droite\\\/#breadcrumb\",\"itemListElement\":[{\"@type\":\"ListItem\",\"position\":1,\"name\":\"Portada\",\"item\":\"https:\\\/\\\/www.presasg8.es\\\/fr\\\/\"},{\"@type\":\"ListItem\",\"position\":2,\"name\":\"Boutique de prises d&rsquo;escalade\",\"item\":\"https:\\\/\\\/www.presasg8.es\\\/fr\\\/prises-de-escalade\\\/\"},{\"@type\":\"ListItem\",\"position\":3,\"name\":\"Volume diamants droite\"}]},{\"@type\":\"WebSite\",\"@id\":\"https:\\\/\\\/www.presasg8.es\\\/fr\\\/#website\",\"url\":\"https:\\\/\\\/www.presasg8.es\\\/fr\\\/\",\"name\":\"Presas de escalada G8\",\"description\":\"Tienda online de Presas de escalada para roc\u00f3dromo\",\"publisher\":{\"@id\":\"https:\\\/\\\/www.presasg8.es\\\/fr\\\/#organization\"},\"alternateName\":\"Presas de escalada para roc\u00f3dromo\",\"potentialAction\":[{\"@type\":\"SearchAction\",\"target\":{\"@type\":\"EntryPoint\",\"urlTemplate\":\"https:\\\/\\\/www.presasg8.es\\\/fr\\\/?s={search_term_string}\"},\"query-input\":{\"@type\":\"PropertyValueSpecification\",\"valueRequired\":true,\"valueName\":\"search_term_string\"}}],\"inLanguage\":\"fr-FR\"},{\"@type\":\"Organization\",\"@id\":\"https:\\\/\\\/www.presasg8.es\\\/fr\\\/#organization\",\"name\":\"Presas de escalada G8\",\"alternateName\":\"Presas de escalada para roc\u00f3dromo G8\",\"url\":\"https:\\\/\\\/www.presasg8.es\\\/fr\\\/\",\"logo\":{\"@type\":\"ImageObject\",\"inLanguage\":\"fr-FR\",\"@id\":\"https:\\\/\\\/www.presasg8.es\\\/fr\\\/#\\\/schema\\\/logo\\\/image\\\/\",\"url\":\"https:\\\/\\\/www.presasg8.es\\\/wp-content\\\/uploads\\\/2023\\\/09\\\/logo-presas-g8.jpeg\",\"contentUrl\":\"https:\\\/\\\/www.presasg8.es\\\/wp-content\\\/uploads\\\/2023\\\/09\\\/logo-presas-g8.jpeg\",\"width\":400,\"height\":486,\"caption\":\"Presas de escalada G8\"},\"image\":{\"@id\":\"https:\\\/\\\/www.presasg8.es\\\/fr\\\/#\\\/schema\\\/logo\\\/image\\\/\"},\"sameAs\":[\"https:\\\/\\\/www.facebook.com\\\/presasescaladag8\\\/\",\"https:\\\/\\\/www.instagram.com\\\/presasg8\\\/\"]}]}<\/script>\n<!-- \/ Yoast SEO plugin. -->","yoast_head_json":{"title":"Volume diamants droite - Presas G8 - Presas de escalada para roc\u00f3dromo","robots":{"index":"index","follow":"follow","max-snippet":"max-snippet:-1","max-image-preview":"max-image-preview:large","max-video-preview":"max-video-preview:-1"},"canonical":"https:\/\/www.presasg8.es\/fr\/producto\/volume-diamants-droite\/","og_locale":"fr_FR","og_type":"article","og_title":"Volume diamants droite - Presas G8 - Presas de escalada para roc\u00f3dromo","og_description":"Volume en fibre de verre de la s\u00e9rie diamants. Prise [...]","og_url":"https:\/\/www.presasg8.es\/fr\/producto\/volume-diamants-droite\/","og_site_name":"Presas G8 - Presas de escalada para roc\u00f3dromo","article_publisher":"https:\/\/www.facebook.com\/presasescaladag8\/","article_modified_time":"2024-04-05T20:25:03+00:00","og_image":[{"width":2000,"height":2000,"url":"https:\/\/www.presasg8.es\/wp-content\/uploads\/2024\/03\/vlomen-derecho-diamonds-1.jpg","type":"image\/jpeg"}],"twitter_card":"summary_large_image","schema":{"@context":"https:\/\/schema.org","@graph":[{"@type":"WebPage","@id":"https:\/\/www.presasg8.es\/fr\/producto\/volume-diamants-droite\/","url":"https:\/\/www.presasg8.es\/fr\/producto\/volume-diamants-droite\/","name":"Volume diamants droite - Presas G8 - Presas de escalada para roc\u00f3dromo","isPartOf":{"@id":"https:\/\/www.presasg8.es\/fr\/#website"},"primaryImageOfPage":{"@id":"https:\/\/www.presasg8.es\/fr\/producto\/volume-diamants-droite\/#primaryimage"},"image":{"@id":"https:\/\/www.presasg8.es\/fr\/producto\/volume-diamants-droite\/#primaryimage"},"thumbnailUrl":"https:\/\/www.presasg8.es\/wp-content\/uploads\/2024\/03\/vlomen-derecho-diamonds-1.jpg","datePublished":"2024-03-20T05:46:17+00:00","dateModified":"2024-04-05T20:25:03+00:00","breadcrumb":{"@id":"https:\/\/www.presasg8.es\/fr\/producto\/volume-diamants-droite\/#breadcrumb"},"inLanguage":"fr-FR","potentialAction":[{"@type":"ReadAction","target":["https:\/\/www.presasg8.es\/fr\/producto\/volume-diamants-droite\/"]}]},{"@type":"ImageObject","inLanguage":"fr-FR","@id":"https:\/\/www.presasg8.es\/fr\/producto\/volume-diamants-droite\/#primaryimage","url":"https:\/\/www.presasg8.es\/wp-content\/uploads\/2024\/03\/vlomen-derecho-diamonds-1.jpg","contentUrl":"https:\/\/www.presasg8.es\/wp-content\/uploads\/2024\/03\/vlomen-derecho-diamonds-1.jpg","width":2000,"height":2000},{"@type":"BreadcrumbList","@id":"https:\/\/www.presasg8.es\/fr\/producto\/volume-diamants-droite\/#breadcrumb","itemListElement":[{"@type":"ListItem","position":1,"name":"Portada","item":"https:\/\/www.presasg8.es\/fr\/"},{"@type":"ListItem","position":2,"name":"Boutique de prises d&rsquo;escalade","item":"https:\/\/www.presasg8.es\/fr\/prises-de-escalade\/"},{"@type":"ListItem","position":3,"name":"Volume diamants droite"}]},{"@type":"WebSite","@id":"https:\/\/www.presasg8.es\/fr\/#website","url":"https:\/\/www.presasg8.es\/fr\/","name":"Presas de escalada G8","description":"Tienda online de Presas de escalada para roc\u00f3dromo","publisher":{"@id":"https:\/\/www.presasg8.es\/fr\/#organization"},"alternateName":"Presas de escalada para roc\u00f3dromo","potentialAction":[{"@type":"SearchAction","target":{"@type":"EntryPoint","urlTemplate":"https:\/\/www.presasg8.es\/fr\/?s={search_term_string}"},"query-input":{"@type":"PropertyValueSpecification","valueRequired":true,"valueName":"search_term_string"}}],"inLanguage":"fr-FR"},{"@type":"Organization","@id":"https:\/\/www.presasg8.es\/fr\/#organization","name":"Presas de escalada G8","alternateName":"Presas de escalada para roc\u00f3dromo G8","url":"https:\/\/www.presasg8.es\/fr\/","logo":{"@type":"ImageObject","inLanguage":"fr-FR","@id":"https:\/\/www.presasg8.es\/fr\/#\/schema\/logo\/image\/","url":"https:\/\/www.presasg8.es\/wp-content\/uploads\/2023\/09\/logo-presas-g8.jpeg","contentUrl":"https:\/\/www.presasg8.es\/wp-content\/uploads\/2023\/09\/logo-presas-g8.jpeg","width":400,"height":486,"caption":"Presas de escalada G8"},"image":{"@id":"https:\/\/www.presasg8.es\/fr\/#\/schema\/logo\/image\/"},"sameAs":["https:\/\/www.facebook.com\/presasescaladag8\/","https:\/\/www.instagram.com\/presasg8\/"]}]}},"_links":{"self":[{"href":"https:\/\/www.presasg8.es\/fr\/wp-json\/wp\/v2\/product\/5097","targetHints":{"allow":["GET"]}}],"collection":[{"href":"https:\/\/www.presasg8.es\/fr\/wp-json\/wp\/v2\/product"}],"about":[{"href":"https:\/\/www.presasg8.es\/fr\/wp-json\/wp\/v2\/types\/product"}],"replies":[{"embeddable":true,"href":"https:\/\/www.presasg8.es\/fr\/wp-json\/wp\/v2\/comments?post=5097"}],"wp:featuredmedia":[{"embeddable":true,"href":"https:\/\/www.presasg8.es\/fr\/wp-json\/wp\/v2\/media\/4024"}],"wp:attachment":[{"href":"https:\/\/www.presasg8.es\/fr\/wp-json\/wp\/v2\/media?parent=5097"}],"wp:term":[{"taxonomy":"product_brand","embeddable":true,"href":"https:\/\/www.presasg8.es\/fr\/wp-json\/wp\/v2\/product_brand?post=5097"},{"taxonomy":"product_cat","embeddable":true,"href":"https:\/\/www.presasg8.es\/fr\/wp-json\/wp\/v2\/product_cat?post=5097"},{"taxonomy":"product_tag","embeddable":true,"href":"https:\/\/www.presasg8.es\/fr\/wp-json\/wp\/v2\/product_tag?post=5097"}],"curies":[{"name":"wp","href":"https:\/\/api.w.org\/{rel}","templated":true}]}}