{"id":5067,"date":"2024-03-21T08:09:58","date_gmt":"2024-03-21T07:09:58","guid":{"rendered":"https:\/\/www.presasg8.es\/producto\/bloc-de-nylon-gtx\/"},"modified":"2024-03-21T08:09:58","modified_gmt":"2024-03-21T07:09:58","slug":"bloc-de-nylon-gtx","status":"publish","type":"product","link":"https:\/\/www.presasg8.es\/fr\/producto\/bloc-de-nylon-gtx\/","title":{"rendered":"Bloc de nylon GTX"},"content":{"rendered":"<p>Cheville sp\u00e9ciale pour la fixation de barrages dans le b\u00e9ton ou la ma\u00e7onnerie.<\/p>\n<p>Bloc en nylon polyamide 6 de haute qualit\u00e9 avec 4 secteurs d&rsquo;expansion, une jante, des ailes lat\u00e9rales doubles et des ailes de verrouillage coniques. Pour<br \/>\npeut \u00eatre utilis\u00e9 avec des vis \u00e0 bois, des vis \u00e0 panneaux d&rsquo;agglom\u00e9r\u00e9, des vis autotaraudeuses, des vis \u00e0 barre&#8230;<\/p>\n<p>&nbsp;<\/p>\n<p>CARACT\u00c9RISTIQUES<br \/>\n&#8211; 2 parties de rainures orthogonales termin\u00e9es par des ailettes anti-rotation<br \/>\n&#8211; L&rsquo;expansion en 4 zones assure l&rsquo;\u00e9tanch\u00e9it\u00e9.<br \/>\n&#8211; Les parties du contour de la dent de scie se plient lorsqu&rsquo;elles sont ins\u00e9r\u00e9es dans le trou, formant ainsi un maintien radial uniforme.<br \/>\nsans vis.<br \/>\n&#8211; Nylon de haute qualit\u00e9 r\u00e9sistant de -40 \u00b0C \u00e0 + 80 \u00b0C respectivement<br \/>\n&#8211; Le clapet l&#8217;emp\u00eache de tomber dans le mat\u00e9riau de support en cas de parois faibles ou creuses.<br \/>\n&#8211; Sortie conique pour une insertion facile dans le mat\u00e9riau de base.<br \/>\n&#8211; Montage mural en briques, b\u00e9ton, blocs de ciment<br \/>\n&#8211; Op\u00e9ration diff\u00e9renci\u00e9e selon le support.<br \/>\n&#8211; Augmentation de 40 % des frais applicables.<\/p>\n","protected":false},"excerpt":{"rendered":"<p>Cheville sp\u00e9ciale pour la fixation de barrages dans le b\u00e9ton  [&#8230;]<\/p>\n","protected":false},"featured_media":4126,"comment_status":"closed","ping_status":"closed","template":"","meta":{"_joinchat":[]},"product_brand":[],"product_cat":[78,157],"product_tag":[],"class_list":{"0":"post-5067","1":"product","2":"type-product","3":"status-publish","4":"has-post-thumbnail","6":"product_cat-des-vis","7":"product_cat-vis-pour-beton-ou-brique","9":"first","10":"instock","11":"taxable","12":"shipping-taxable","13":"purchasable","14":"product-type-variable"},"yoast_head":"<!-- This site is optimized with the Yoast SEO plugin v27.2 - https:\/\/yoast.com\/product\/yoast-seo-wordpress\/ -->\n<title>Bloc de nylon GTX - Presas G8 - Presas de escalada para roc\u00f3dromo<\/title>\n<meta name=\"robots\" content=\"index, follow, max-snippet:-1, max-image-preview:large, max-video-preview:-1\" \/>\n<link rel=\"canonical\" href=\"https:\/\/www.presasg8.es\/fr\/producto\/bloc-de-nylon-gtx\/\" \/>\n<meta property=\"og:locale\" content=\"fr_FR\" \/>\n<meta property=\"og:type\" content=\"article\" \/>\n<meta property=\"og:title\" content=\"Bloc de nylon GTX - Presas G8 - Presas de escalada para roc\u00f3dromo\" \/>\n<meta property=\"og:description\" content=\"Cheville sp\u00e9ciale pour la fixation de barrages dans le b\u00e9ton [...]\" \/>\n<meta property=\"og:url\" content=\"https:\/\/www.presasg8.es\/fr\/producto\/bloc-de-nylon-gtx\/\" \/>\n<meta property=\"og:site_name\" content=\"Presas G8 - Presas de escalada para roc\u00f3dromo\" \/>\n<meta property=\"article:publisher\" content=\"https:\/\/www.facebook.com\/presasescaladag8\/\" \/>\n<meta property=\"og:image\" content=\"https:\/\/www.presasg8.es\/wp-content\/uploads\/2024\/03\/taco-GTX.jpg\" \/>\n\t<meta property=\"og:image:width\" content=\"850\" \/>\n\t<meta property=\"og:image:height\" content=\"850\" \/>\n\t<meta property=\"og:image:type\" content=\"image\/jpeg\" \/>\n<meta name=\"twitter:card\" content=\"summary_large_image\" \/>\n<meta name=\"twitter:label1\" content=\"Dur\u00e9e de lecture estim\u00e9e\" \/>\n\t<meta name=\"twitter:data1\" content=\"1 minute\" \/>\n<script type=\"application\/ld+json\" class=\"yoast-schema-graph\">{\"@context\":\"https:\/\/schema.org\",\"@graph\":[{\"@type\":\"WebPage\",\"@id\":\"https:\/\/www.presasg8.es\/fr\/producto\/bloc-de-nylon-gtx\/\",\"url\":\"https:\/\/www.presasg8.es\/fr\/producto\/bloc-de-nylon-gtx\/\",\"name\":\"Bloc de nylon GTX - Presas G8 - Presas de escalada para roc\u00f3dromo\",\"isPartOf\":{\"@id\":\"https:\/\/www.presasg8.es\/fr\/#website\"},\"primaryImageOfPage\":{\"@id\":\"https:\/\/www.presasg8.es\/fr\/producto\/bloc-de-nylon-gtx\/#primaryimage\"},\"image\":{\"@id\":\"https:\/\/www.presasg8.es\/fr\/producto\/bloc-de-nylon-gtx\/#primaryimage\"},\"thumbnailUrl\":\"https:\/\/www.presasg8.es\/wp-content\/uploads\/2024\/03\/taco-GTX.jpg\",\"datePublished\":\"2024-03-21T07:09:58+00:00\",\"breadcrumb\":{\"@id\":\"https:\/\/www.presasg8.es\/fr\/producto\/bloc-de-nylon-gtx\/#breadcrumb\"},\"inLanguage\":\"fr-FR\",\"potentialAction\":[{\"@type\":\"ReadAction\",\"target\":[\"https:\/\/www.presasg8.es\/fr\/producto\/bloc-de-nylon-gtx\/\"]}]},{\"@type\":\"ImageObject\",\"inLanguage\":\"fr-FR\",\"@id\":\"https:\/\/www.presasg8.es\/fr\/producto\/bloc-de-nylon-gtx\/#primaryimage\",\"url\":\"https:\/\/www.presasg8.es\/wp-content\/uploads\/2024\/03\/taco-GTX.jpg\",\"contentUrl\":\"https:\/\/www.presasg8.es\/wp-content\/uploads\/2024\/03\/taco-GTX.jpg\",\"width\":850,\"height\":850},{\"@type\":\"BreadcrumbList\",\"@id\":\"https:\/\/www.presasg8.es\/fr\/producto\/bloc-de-nylon-gtx\/#breadcrumb\",\"itemListElement\":[{\"@type\":\"ListItem\",\"position\":1,\"name\":\"Portada\",\"item\":\"https:\/\/www.presasg8.es\/fr\/\"},{\"@type\":\"ListItem\",\"position\":2,\"name\":\"Boutique de prises d&rsquo;escalade\",\"item\":\"https:\/\/www.presasg8.es\/fr\/prises-de-escalade\/\"},{\"@type\":\"ListItem\",\"position\":3,\"name\":\"Bloc de nylon GTX\"}]},{\"@type\":\"WebSite\",\"@id\":\"https:\/\/www.presasg8.es\/fr\/#website\",\"url\":\"https:\/\/www.presasg8.es\/fr\/\",\"name\":\"Presas de escalada G8\",\"description\":\"Tienda online de Presas de escalada para roc\u00f3dromo\",\"publisher\":{\"@id\":\"https:\/\/www.presasg8.es\/fr\/#organization\"},\"alternateName\":\"Presas de escalada para roc\u00f3dromo\",\"potentialAction\":[{\"@type\":\"SearchAction\",\"target\":{\"@type\":\"EntryPoint\",\"urlTemplate\":\"https:\/\/www.presasg8.es\/fr\/?s={search_term_string}\"},\"query-input\":{\"@type\":\"PropertyValueSpecification\",\"valueRequired\":true,\"valueName\":\"search_term_string\"}}],\"inLanguage\":\"fr-FR\"},{\"@type\":\"Organization\",\"@id\":\"https:\/\/www.presasg8.es\/fr\/#organization\",\"name\":\"Presas de escalada G8\",\"alternateName\":\"Presas de escalada para roc\u00f3dromo G8\",\"url\":\"https:\/\/www.presasg8.es\/fr\/\",\"logo\":{\"@type\":\"ImageObject\",\"inLanguage\":\"fr-FR\",\"@id\":\"https:\/\/www.presasg8.es\/fr\/#\/schema\/logo\/image\/\",\"url\":\"https:\/\/www.presasg8.es\/wp-content\/uploads\/2023\/09\/logo-presas-g8.jpeg\",\"contentUrl\":\"https:\/\/www.presasg8.es\/wp-content\/uploads\/2023\/09\/logo-presas-g8.jpeg\",\"width\":400,\"height\":486,\"caption\":\"Presas de escalada G8\"},\"image\":{\"@id\":\"https:\/\/www.presasg8.es\/fr\/#\/schema\/logo\/image\/\"},\"sameAs\":[\"https:\/\/www.facebook.com\/presasescaladag8\/\",\"https:\/\/www.instagram.com\/presasg8\/\"]}]}<\/script>\n<!-- \/ Yoast SEO plugin. -->","yoast_head_json":{"title":"Bloc de nylon GTX - Presas G8 - Presas de escalada para roc\u00f3dromo","robots":{"index":"index","follow":"follow","max-snippet":"max-snippet:-1","max-image-preview":"max-image-preview:large","max-video-preview":"max-video-preview:-1"},"canonical":"https:\/\/www.presasg8.es\/fr\/producto\/bloc-de-nylon-gtx\/","og_locale":"fr_FR","og_type":"article","og_title":"Bloc de nylon GTX - Presas G8 - Presas de escalada para roc\u00f3dromo","og_description":"Cheville sp\u00e9ciale pour la fixation de barrages dans le b\u00e9ton [...]","og_url":"https:\/\/www.presasg8.es\/fr\/producto\/bloc-de-nylon-gtx\/","og_site_name":"Presas G8 - Presas de escalada para roc\u00f3dromo","article_publisher":"https:\/\/www.facebook.com\/presasescaladag8\/","og_image":[{"width":850,"height":850,"url":"https:\/\/www.presasg8.es\/wp-content\/uploads\/2024\/03\/taco-GTX.jpg","type":"image\/jpeg"}],"twitter_card":"summary_large_image","twitter_misc":{"Dur\u00e9e de lecture estim\u00e9e":"1 minute"},"schema":{"@context":"https:\/\/schema.org","@graph":[{"@type":"WebPage","@id":"https:\/\/www.presasg8.es\/fr\/producto\/bloc-de-nylon-gtx\/","url":"https:\/\/www.presasg8.es\/fr\/producto\/bloc-de-nylon-gtx\/","name":"Bloc de nylon GTX - Presas G8 - Presas de escalada para roc\u00f3dromo","isPartOf":{"@id":"https:\/\/www.presasg8.es\/fr\/#website"},"primaryImageOfPage":{"@id":"https:\/\/www.presasg8.es\/fr\/producto\/bloc-de-nylon-gtx\/#primaryimage"},"image":{"@id":"https:\/\/www.presasg8.es\/fr\/producto\/bloc-de-nylon-gtx\/#primaryimage"},"thumbnailUrl":"https:\/\/www.presasg8.es\/wp-content\/uploads\/2024\/03\/taco-GTX.jpg","datePublished":"2024-03-21T07:09:58+00:00","breadcrumb":{"@id":"https:\/\/www.presasg8.es\/fr\/producto\/bloc-de-nylon-gtx\/#breadcrumb"},"inLanguage":"fr-FR","potentialAction":[{"@type":"ReadAction","target":["https:\/\/www.presasg8.es\/fr\/producto\/bloc-de-nylon-gtx\/"]}]},{"@type":"ImageObject","inLanguage":"fr-FR","@id":"https:\/\/www.presasg8.es\/fr\/producto\/bloc-de-nylon-gtx\/#primaryimage","url":"https:\/\/www.presasg8.es\/wp-content\/uploads\/2024\/03\/taco-GTX.jpg","contentUrl":"https:\/\/www.presasg8.es\/wp-content\/uploads\/2024\/03\/taco-GTX.jpg","width":850,"height":850},{"@type":"BreadcrumbList","@id":"https:\/\/www.presasg8.es\/fr\/producto\/bloc-de-nylon-gtx\/#breadcrumb","itemListElement":[{"@type":"ListItem","position":1,"name":"Portada","item":"https:\/\/www.presasg8.es\/fr\/"},{"@type":"ListItem","position":2,"name":"Boutique de prises d&rsquo;escalade","item":"https:\/\/www.presasg8.es\/fr\/prises-de-escalade\/"},{"@type":"ListItem","position":3,"name":"Bloc de nylon GTX"}]},{"@type":"WebSite","@id":"https:\/\/www.presasg8.es\/fr\/#website","url":"https:\/\/www.presasg8.es\/fr\/","name":"Presas de escalada G8","description":"Tienda online de Presas de escalada para roc\u00f3dromo","publisher":{"@id":"https:\/\/www.presasg8.es\/fr\/#organization"},"alternateName":"Presas de escalada para roc\u00f3dromo","potentialAction":[{"@type":"SearchAction","target":{"@type":"EntryPoint","urlTemplate":"https:\/\/www.presasg8.es\/fr\/?s={search_term_string}"},"query-input":{"@type":"PropertyValueSpecification","valueRequired":true,"valueName":"search_term_string"}}],"inLanguage":"fr-FR"},{"@type":"Organization","@id":"https:\/\/www.presasg8.es\/fr\/#organization","name":"Presas de escalada G8","alternateName":"Presas de escalada para roc\u00f3dromo G8","url":"https:\/\/www.presasg8.es\/fr\/","logo":{"@type":"ImageObject","inLanguage":"fr-FR","@id":"https:\/\/www.presasg8.es\/fr\/#\/schema\/logo\/image\/","url":"https:\/\/www.presasg8.es\/wp-content\/uploads\/2023\/09\/logo-presas-g8.jpeg","contentUrl":"https:\/\/www.presasg8.es\/wp-content\/uploads\/2023\/09\/logo-presas-g8.jpeg","width":400,"height":486,"caption":"Presas de escalada G8"},"image":{"@id":"https:\/\/www.presasg8.es\/fr\/#\/schema\/logo\/image\/"},"sameAs":["https:\/\/www.facebook.com\/presasescaladag8\/","https:\/\/www.instagram.com\/presasg8\/"]}]}},"_links":{"self":[{"href":"https:\/\/www.presasg8.es\/fr\/wp-json\/wp\/v2\/product\/5067","targetHints":{"allow":["GET"]}}],"collection":[{"href":"https:\/\/www.presasg8.es\/fr\/wp-json\/wp\/v2\/product"}],"about":[{"href":"https:\/\/www.presasg8.es\/fr\/wp-json\/wp\/v2\/types\/product"}],"replies":[{"embeddable":true,"href":"https:\/\/www.presasg8.es\/fr\/wp-json\/wp\/v2\/comments?post=5067"}],"wp:featuredmedia":[{"embeddable":true,"href":"https:\/\/www.presasg8.es\/fr\/wp-json\/wp\/v2\/media\/4126"}],"wp:attachment":[{"href":"https:\/\/www.presasg8.es\/fr\/wp-json\/wp\/v2\/media?parent=5067"}],"wp:term":[{"taxonomy":"product_brand","embeddable":true,"href":"https:\/\/www.presasg8.es\/fr\/wp-json\/wp\/v2\/product_brand?post=5067"},{"taxonomy":"product_cat","embeddable":true,"href":"https:\/\/www.presasg8.es\/fr\/wp-json\/wp\/v2\/product_cat?post=5067"},{"taxonomy":"product_tag","embeddable":true,"href":"https:\/\/www.presasg8.es\/fr\/wp-json\/wp\/v2\/product_tag?post=5067"}],"curies":[{"name":"wp","href":"https:\/\/api.w.org\/{rel}","templated":true}]}}