{"id":4935,"date":"2024-03-24T07:21:15","date_gmt":"2024-03-24T06:21:15","guid":{"rendered":"https:\/\/www.presasg8.es\/producto\/dam-xxl-modele-lance\/"},"modified":"2024-04-05T19:21:21","modified_gmt":"2024-04-05T17:21:21","slug":"dam-xxl-modele-lance","status":"publish","type":"product","link":"https:\/\/www.presasg8.es\/fr\/producto\/dam-xxl-modele-lance\/","title":{"rendered":"Prise XXL mod\u00e8le Lance"},"content":{"rendered":"<p>&#8211;<strong> Taille XXL<\/strong> mod\u00e8le Lance. Cette large surface de pr\u00e9hension, gr\u00e2ce \u00e0 ses bords g\u00e9n\u00e9reusement arrondis, permet au grimpeur de se reposer confortablement et en toute s\u00e9curit\u00e9 avec une ou deux mains. Il peut \u00e9galement \u00eatre d\u00e9fini comme la fin de l&rsquo;itin\u00e9raire pour terminer la r\u00e9union. Il peut \u00e9galement \u00eatre utilis\u00e9 comme lanceur \u00e0 deux mains.<\/p>\n<p>&#8211; Le barrage est \u00e9quip\u00e9 d&rsquo;un<strong> syst\u00e8me m\u00e9trique 10<\/strong>, en option d&rsquo;un syst\u00e8me m\u00e9trique 8. Il est \u00e9galement pourvu d&rsquo;un trou pour une vis de blocage afin d&#8217;emp\u00eacher le barrage de tourner et de mieux le fixer au mur.<\/p>\n<p>&#8211; Inclinaison recommand\u00e9e : <strong>parois verticales<\/strong> et <strong>grands d\u00e9bords 0\u00ba-60\u00ba<\/strong> ou m\u00eame pour les<strong> plafonds<\/strong>.<\/p>\n","protected":false},"excerpt":{"rendered":"<p>&#8211; Taille XXL mod\u00e8le Lance. Cette large surface de pr\u00e9hension,  [&#8230;]<\/p>\n","protected":false},"featured_media":4312,"comment_status":"closed","ping_status":"closed","template":"","meta":{"_joinchat":[]},"product_brand":[],"product_cat":[67,154],"product_tag":[],"class_list":{"0":"post-4935","1":"product","2":"type-product","3":"status-publish","4":"has-post-thumbnail","6":"product_cat-prises-descalade","7":"product_cat-prises-speciaux","9":"first","10":"instock","11":"taxable","12":"shipping-taxable","13":"purchasable","14":"product-type-variable"},"yoast_head":"<!-- This site is optimized with the Yoast SEO plugin v27.2 - https:\/\/yoast.com\/product\/yoast-seo-wordpress\/ -->\n<title>Prise XXL mod\u00e8le Lance - Presas G8 - Presas de escalada para roc\u00f3dromo<\/title>\n<meta name=\"robots\" content=\"index, follow, max-snippet:-1, max-image-preview:large, max-video-preview:-1\" \/>\n<link rel=\"canonical\" href=\"https:\/\/www.presasg8.es\/fr\/producto\/dam-xxl-modele-lance\/\" \/>\n<meta property=\"og:locale\" content=\"fr_FR\" \/>\n<meta property=\"og:type\" content=\"article\" \/>\n<meta property=\"og:title\" content=\"Prise XXL mod\u00e8le Lance - Presas G8 - Presas de escalada para roc\u00f3dromo\" \/>\n<meta property=\"og:description\" content=\"&#8211; Taille XXL mod\u00e8le Lance. Cette large surface de pr\u00e9hension, [...]\" \/>\n<meta property=\"og:url\" content=\"https:\/\/www.presasg8.es\/fr\/producto\/dam-xxl-modele-lance\/\" \/>\n<meta property=\"og:site_name\" content=\"Presas G8 - Presas de escalada para roc\u00f3dromo\" \/>\n<meta property=\"article:publisher\" content=\"https:\/\/www.facebook.com\/presasescaladag8\/\" \/>\n<meta property=\"article:modified_time\" content=\"2024-04-05T17:21:21+00:00\" \/>\n<meta property=\"og:image\" content=\"https:\/\/www.presasg8.es\/wp-content\/uploads\/2024\/03\/presa-de-escalada-concha-1.jpg\" \/>\n\t<meta property=\"og:image:width\" content=\"800\" \/>\n\t<meta property=\"og:image:height\" content=\"800\" \/>\n\t<meta property=\"og:image:type\" content=\"image\/jpeg\" \/>\n<meta name=\"twitter:card\" content=\"summary_large_image\" \/>\n<meta name=\"twitter:label1\" content=\"Dur\u00e9e de lecture estim\u00e9e\" \/>\n\t<meta name=\"twitter:data1\" content=\"1 minute\" \/>\n<script type=\"application\/ld+json\" class=\"yoast-schema-graph\">{\"@context\":\"https:\/\/schema.org\",\"@graph\":[{\"@type\":\"WebPage\",\"@id\":\"https:\/\/www.presasg8.es\/fr\/producto\/dam-xxl-modele-lance\/\",\"url\":\"https:\/\/www.presasg8.es\/fr\/producto\/dam-xxl-modele-lance\/\",\"name\":\"Prise XXL mod\u00e8le Lance - Presas G8 - Presas de escalada para roc\u00f3dromo\",\"isPartOf\":{\"@id\":\"https:\/\/www.presasg8.es\/fr\/#website\"},\"primaryImageOfPage\":{\"@id\":\"https:\/\/www.presasg8.es\/fr\/producto\/dam-xxl-modele-lance\/#primaryimage\"},\"image\":{\"@id\":\"https:\/\/www.presasg8.es\/fr\/producto\/dam-xxl-modele-lance\/#primaryimage\"},\"thumbnailUrl\":\"https:\/\/www.presasg8.es\/wp-content\/uploads\/2024\/03\/presa-de-escalada-concha-1.jpg\",\"datePublished\":\"2024-03-24T06:21:15+00:00\",\"dateModified\":\"2024-04-05T17:21:21+00:00\",\"breadcrumb\":{\"@id\":\"https:\/\/www.presasg8.es\/fr\/producto\/dam-xxl-modele-lance\/#breadcrumb\"},\"inLanguage\":\"fr-FR\",\"potentialAction\":[{\"@type\":\"ReadAction\",\"target\":[\"https:\/\/www.presasg8.es\/fr\/producto\/dam-xxl-modele-lance\/\"]}]},{\"@type\":\"ImageObject\",\"inLanguage\":\"fr-FR\",\"@id\":\"https:\/\/www.presasg8.es\/fr\/producto\/dam-xxl-modele-lance\/#primaryimage\",\"url\":\"https:\/\/www.presasg8.es\/wp-content\/uploads\/2024\/03\/presa-de-escalada-concha-1.jpg\",\"contentUrl\":\"https:\/\/www.presasg8.es\/wp-content\/uploads\/2024\/03\/presa-de-escalada-concha-1.jpg\",\"width\":800,\"height\":800},{\"@type\":\"BreadcrumbList\",\"@id\":\"https:\/\/www.presasg8.es\/fr\/producto\/dam-xxl-modele-lance\/#breadcrumb\",\"itemListElement\":[{\"@type\":\"ListItem\",\"position\":1,\"name\":\"Portada\",\"item\":\"https:\/\/www.presasg8.es\/fr\/\"},{\"@type\":\"ListItem\",\"position\":2,\"name\":\"Boutique de prises d&rsquo;escalade\",\"item\":\"https:\/\/www.presasg8.es\/fr\/prises-de-escalade\/\"},{\"@type\":\"ListItem\",\"position\":3,\"name\":\"Prise XXL mod\u00e8le Lance\"}]},{\"@type\":\"WebSite\",\"@id\":\"https:\/\/www.presasg8.es\/fr\/#website\",\"url\":\"https:\/\/www.presasg8.es\/fr\/\",\"name\":\"Presas de escalada G8\",\"description\":\"Tienda online de Presas de escalada para roc\u00f3dromo\",\"publisher\":{\"@id\":\"https:\/\/www.presasg8.es\/fr\/#organization\"},\"alternateName\":\"Presas de escalada para roc\u00f3dromo\",\"potentialAction\":[{\"@type\":\"SearchAction\",\"target\":{\"@type\":\"EntryPoint\",\"urlTemplate\":\"https:\/\/www.presasg8.es\/fr\/?s={search_term_string}\"},\"query-input\":{\"@type\":\"PropertyValueSpecification\",\"valueRequired\":true,\"valueName\":\"search_term_string\"}}],\"inLanguage\":\"fr-FR\"},{\"@type\":\"Organization\",\"@id\":\"https:\/\/www.presasg8.es\/fr\/#organization\",\"name\":\"Presas de escalada G8\",\"alternateName\":\"Presas de escalada para roc\u00f3dromo G8\",\"url\":\"https:\/\/www.presasg8.es\/fr\/\",\"logo\":{\"@type\":\"ImageObject\",\"inLanguage\":\"fr-FR\",\"@id\":\"https:\/\/www.presasg8.es\/fr\/#\/schema\/logo\/image\/\",\"url\":\"https:\/\/www.presasg8.es\/wp-content\/uploads\/2023\/09\/logo-presas-g8.jpeg\",\"contentUrl\":\"https:\/\/www.presasg8.es\/wp-content\/uploads\/2023\/09\/logo-presas-g8.jpeg\",\"width\":400,\"height\":486,\"caption\":\"Presas de escalada G8\"},\"image\":{\"@id\":\"https:\/\/www.presasg8.es\/fr\/#\/schema\/logo\/image\/\"},\"sameAs\":[\"https:\/\/www.facebook.com\/presasescaladag8\/\",\"https:\/\/www.instagram.com\/presasg8\/\"]}]}<\/script>\n<!-- \/ Yoast SEO plugin. -->","yoast_head_json":{"title":"Prise XXL mod\u00e8le Lance - Presas G8 - Presas de escalada para roc\u00f3dromo","robots":{"index":"index","follow":"follow","max-snippet":"max-snippet:-1","max-image-preview":"max-image-preview:large","max-video-preview":"max-video-preview:-1"},"canonical":"https:\/\/www.presasg8.es\/fr\/producto\/dam-xxl-modele-lance\/","og_locale":"fr_FR","og_type":"article","og_title":"Prise XXL mod\u00e8le Lance - Presas G8 - Presas de escalada para roc\u00f3dromo","og_description":"&#8211; Taille XXL mod\u00e8le Lance. Cette large surface de pr\u00e9hension, [...]","og_url":"https:\/\/www.presasg8.es\/fr\/producto\/dam-xxl-modele-lance\/","og_site_name":"Presas G8 - Presas de escalada para roc\u00f3dromo","article_publisher":"https:\/\/www.facebook.com\/presasescaladag8\/","article_modified_time":"2024-04-05T17:21:21+00:00","og_image":[{"width":800,"height":800,"url":"https:\/\/www.presasg8.es\/wp-content\/uploads\/2024\/03\/presa-de-escalada-concha-1.jpg","type":"image\/jpeg"}],"twitter_card":"summary_large_image","twitter_misc":{"Dur\u00e9e de lecture estim\u00e9e":"1 minute"},"schema":{"@context":"https:\/\/schema.org","@graph":[{"@type":"WebPage","@id":"https:\/\/www.presasg8.es\/fr\/producto\/dam-xxl-modele-lance\/","url":"https:\/\/www.presasg8.es\/fr\/producto\/dam-xxl-modele-lance\/","name":"Prise XXL mod\u00e8le Lance - Presas G8 - Presas de escalada para roc\u00f3dromo","isPartOf":{"@id":"https:\/\/www.presasg8.es\/fr\/#website"},"primaryImageOfPage":{"@id":"https:\/\/www.presasg8.es\/fr\/producto\/dam-xxl-modele-lance\/#primaryimage"},"image":{"@id":"https:\/\/www.presasg8.es\/fr\/producto\/dam-xxl-modele-lance\/#primaryimage"},"thumbnailUrl":"https:\/\/www.presasg8.es\/wp-content\/uploads\/2024\/03\/presa-de-escalada-concha-1.jpg","datePublished":"2024-03-24T06:21:15+00:00","dateModified":"2024-04-05T17:21:21+00:00","breadcrumb":{"@id":"https:\/\/www.presasg8.es\/fr\/producto\/dam-xxl-modele-lance\/#breadcrumb"},"inLanguage":"fr-FR","potentialAction":[{"@type":"ReadAction","target":["https:\/\/www.presasg8.es\/fr\/producto\/dam-xxl-modele-lance\/"]}]},{"@type":"ImageObject","inLanguage":"fr-FR","@id":"https:\/\/www.presasg8.es\/fr\/producto\/dam-xxl-modele-lance\/#primaryimage","url":"https:\/\/www.presasg8.es\/wp-content\/uploads\/2024\/03\/presa-de-escalada-concha-1.jpg","contentUrl":"https:\/\/www.presasg8.es\/wp-content\/uploads\/2024\/03\/presa-de-escalada-concha-1.jpg","width":800,"height":800},{"@type":"BreadcrumbList","@id":"https:\/\/www.presasg8.es\/fr\/producto\/dam-xxl-modele-lance\/#breadcrumb","itemListElement":[{"@type":"ListItem","position":1,"name":"Portada","item":"https:\/\/www.presasg8.es\/fr\/"},{"@type":"ListItem","position":2,"name":"Boutique de prises d&rsquo;escalade","item":"https:\/\/www.presasg8.es\/fr\/prises-de-escalade\/"},{"@type":"ListItem","position":3,"name":"Prise XXL mod\u00e8le Lance"}]},{"@type":"WebSite","@id":"https:\/\/www.presasg8.es\/fr\/#website","url":"https:\/\/www.presasg8.es\/fr\/","name":"Presas de escalada G8","description":"Tienda online de Presas de escalada para roc\u00f3dromo","publisher":{"@id":"https:\/\/www.presasg8.es\/fr\/#organization"},"alternateName":"Presas de escalada para roc\u00f3dromo","potentialAction":[{"@type":"SearchAction","target":{"@type":"EntryPoint","urlTemplate":"https:\/\/www.presasg8.es\/fr\/?s={search_term_string}"},"query-input":{"@type":"PropertyValueSpecification","valueRequired":true,"valueName":"search_term_string"}}],"inLanguage":"fr-FR"},{"@type":"Organization","@id":"https:\/\/www.presasg8.es\/fr\/#organization","name":"Presas de escalada G8","alternateName":"Presas de escalada para roc\u00f3dromo G8","url":"https:\/\/www.presasg8.es\/fr\/","logo":{"@type":"ImageObject","inLanguage":"fr-FR","@id":"https:\/\/www.presasg8.es\/fr\/#\/schema\/logo\/image\/","url":"https:\/\/www.presasg8.es\/wp-content\/uploads\/2023\/09\/logo-presas-g8.jpeg","contentUrl":"https:\/\/www.presasg8.es\/wp-content\/uploads\/2023\/09\/logo-presas-g8.jpeg","width":400,"height":486,"caption":"Presas de escalada G8"},"image":{"@id":"https:\/\/www.presasg8.es\/fr\/#\/schema\/logo\/image\/"},"sameAs":["https:\/\/www.facebook.com\/presasescaladag8\/","https:\/\/www.instagram.com\/presasg8\/"]}]}},"_links":{"self":[{"href":"https:\/\/www.presasg8.es\/fr\/wp-json\/wp\/v2\/product\/4935","targetHints":{"allow":["GET"]}}],"collection":[{"href":"https:\/\/www.presasg8.es\/fr\/wp-json\/wp\/v2\/product"}],"about":[{"href":"https:\/\/www.presasg8.es\/fr\/wp-json\/wp\/v2\/types\/product"}],"replies":[{"embeddable":true,"href":"https:\/\/www.presasg8.es\/fr\/wp-json\/wp\/v2\/comments?post=4935"}],"wp:featuredmedia":[{"embeddable":true,"href":"https:\/\/www.presasg8.es\/fr\/wp-json\/wp\/v2\/media\/4312"}],"wp:attachment":[{"href":"https:\/\/www.presasg8.es\/fr\/wp-json\/wp\/v2\/media?parent=4935"}],"wp:term":[{"taxonomy":"product_brand","embeddable":true,"href":"https:\/\/www.presasg8.es\/fr\/wp-json\/wp\/v2\/product_brand?post=4935"},{"taxonomy":"product_cat","embeddable":true,"href":"https:\/\/www.presasg8.es\/fr\/wp-json\/wp\/v2\/product_cat?post=4935"},{"taxonomy":"product_tag","embeddable":true,"href":"https:\/\/www.presasg8.es\/fr\/wp-json\/wp\/v2\/product_tag?post=4935"}],"curies":[{"name":"wp","href":"https:\/\/api.w.org\/{rel}","templated":true}]}}