{"id":4925,"date":"2024-03-28T08:17:27","date_gmt":"2024-03-28T07:17:27","guid":{"rendered":"https:\/\/www.presasg8.es\/producto\/carbonate-de-magnesium-avec-colophane\/"},"modified":"2024-06-06T09:50:53","modified_gmt":"2024-06-06T07:50:53","slug":"carbonate-de-magnesium-avec-colophane","status":"publish","type":"product","link":"https:\/\/www.presasg8.es\/fr\/producto\/carbonate-de-magnesium-avec-colophane\/","title":{"rendered":"Carbonate de magn\u00e9sium avec colophane"},"content":{"rendered":"<p>Carbonate de magn\u00e9sium avec colophane de haute densit\u00e9 de 310gr.<\/p>\n<p>M\u00e9lange de poudre et de morceaux.<\/p>\n<p>Le sac doypack est parfaitement \u00e9tanche.<\/p>\n<p>Nous avons formul\u00e9 un <strong>magn\u00e9sium fin<\/strong> et de <strong>haute densit\u00e9<\/strong> avec de la <strong>r\u00e9sine naturelle<\/strong>, afin qu&rsquo;il reste dans la main le plus longtemps possible et qu&rsquo;il permette de r\u00e9aliser l&rsquo;activit\u00e9 sans interruption.<\/p>\n<p data-color=\"\"cmyk(9,4,6,0)\"\" data-size=\"{\"value\":12}\"><span data-color=\"\"cmyk(9,4,6,0)\"\" data-size=\"{\"value\":12}\">Pour \u00e9viter d&rsquo;ab\u00eemer votre peau, utilisez la juste quantit\u00e9 de magn\u00e9sium, car il peut ass\u00e9cher vos mains \u00e0 l&rsquo;exc\u00e8s et finir par les irriter. Lorsque vous avez termin\u00e9 une activit\u00e9, lavez-vous soigneusement les mains afin d&rsquo;\u00e9liminer tout r\u00e9sidu de produit qui s&rsquo;y serait infiltr\u00e9.<\/span><\/p>\n<ul>\n<li><span data-color=\"\"cmyk(9,4,6,0)\"\" data-size=\"{\"value\":11}\">Bien s&rsquo;impr\u00e9gner avant l&rsquo;apparition de la transpiration.<\/span><\/li>\n<li><span data-color=\"\"cmyk(9,4,6,0)\"\" data-size=\"{\"value\":11}\">\u00c9viter l&rsquo;exc\u00e8s de magn\u00e9sium<\/span><\/li>\n<li><span data-color=\"\"cmyk(9,4,6,0)\"\" data-size=\"{\"value\":11}\">A utiliser uniquement sur les mains.<\/span><\/li>\n<li><span data-color=\"\"cmyk(9,4,6,0)\"\" data-size=\"{\"value\":11}\">Limiter l&rsquo;utilisation dans la nature.<\/span><\/li>\n<li><span data-color=\"\"cmyk(9,4,6,0)\"\" data-size=\"{\"value\":11}\">Convient aux sports tels que : l&rsquo;escalade, la gymnastique su\u00e9doise, la gymnastique sportive, l&rsquo;halt\u00e9rophilie, la pole dance, les courses OCR&#8230;<\/span><\/li>\n<\/ul>\n<p data-color=\"\"cmyk(9,4,6,0)\"\" data-size=\"{\"value\":11}\"><span data-color=\"\"cmyk(9,4,6,0)\"\" data-size=\"{\"value\":11}\">Rappelez-vous :<\/span><span data-color=\"\"cmyk(9,4,6,0)\"\" data-size=\"{\"value\":11}\"> la peau s\u00e8che offre la meilleure adh\u00e9rence.<\/span><\/p>\n","protected":false},"excerpt":{"rendered":"<p>Carbonate de magn\u00e9sium avec colophane de haute densit\u00e9 de 310gr.  [&#8230;]<\/p>\n","protected":false},"featured_media":4523,"comment_status":"closed","ping_status":"closed","template":"","meta":{"_joinchat":[]},"product_brand":[],"product_cat":[242,115],"product_tag":[],"class_list":{"0":"post-4925","1":"product","2":"type-product","3":"status-publish","4":"has-post-thumbnail","6":"product_cat-accessoires","7":"product_cat-entrainement","9":"first","10":"instock","11":"taxable","12":"shipping-taxable","13":"purchasable","14":"product-type-simple"},"yoast_head":"<!-- This site is optimized with the Yoast SEO plugin v27.5 - https:\/\/yoast.com\/product\/yoast-seo-wordpress\/ -->\n<title>Carbonate de magn\u00e9sium avec colophane - Presas G8 - Presas de escalada para roc\u00f3dromo<\/title>\n<meta name=\"robots\" content=\"index, follow, max-snippet:-1, max-image-preview:large, max-video-preview:-1\" \/>\n<link rel=\"canonical\" href=\"https:\/\/www.presasg8.es\/fr\/producto\/carbonate-de-magnesium-avec-colophane\/\" \/>\n<meta property=\"og:locale\" content=\"fr_FR\" \/>\n<meta property=\"og:type\" content=\"article\" \/>\n<meta property=\"og:title\" content=\"Carbonate de magn\u00e9sium avec colophane - Presas G8 - Presas de escalada para roc\u00f3dromo\" \/>\n<meta property=\"og:description\" content=\"Carbonate de magn\u00e9sium avec colophane de haute densit\u00e9 de 310gr. [...]\" \/>\n<meta property=\"og:url\" content=\"https:\/\/www.presasg8.es\/fr\/producto\/carbonate-de-magnesium-avec-colophane\/\" \/>\n<meta property=\"og:site_name\" content=\"Presas G8 - Presas de escalada para roc\u00f3dromo\" \/>\n<meta property=\"article:publisher\" content=\"https:\/\/www.facebook.com\/presasescaladag8\/\" \/>\n<meta property=\"article:modified_time\" content=\"2024-06-06T07:50:53+00:00\" \/>\n<meta property=\"og:image\" content=\"https:\/\/www.presasg8.es\/wp-content\/uploads\/2024\/03\/carbonato-de-Magnesio.jpg\" \/>\n\t<meta property=\"og:image:width\" content=\"1999\" \/>\n\t<meta property=\"og:image:height\" content=\"2000\" \/>\n\t<meta property=\"og:image:type\" content=\"image\/jpeg\" \/>\n<meta name=\"twitter:card\" content=\"summary_large_image\" \/>\n<meta name=\"twitter:label1\" content=\"Dur\u00e9e de lecture estim\u00e9e\" \/>\n\t<meta name=\"twitter:data1\" content=\"1 minute\" \/>\n<script type=\"application\/ld+json\" class=\"yoast-schema-graph\">{\"@context\":\"https:\\\/\\\/schema.org\",\"@graph\":[{\"@type\":\"WebPage\",\"@id\":\"https:\\\/\\\/www.presasg8.es\\\/fr\\\/producto\\\/carbonate-de-magnesium-avec-colophane\\\/\",\"url\":\"https:\\\/\\\/www.presasg8.es\\\/fr\\\/producto\\\/carbonate-de-magnesium-avec-colophane\\\/\",\"name\":\"Carbonate de magn\u00e9sium avec colophane - Presas G8 - Presas de escalada para roc\u00f3dromo\",\"isPartOf\":{\"@id\":\"https:\\\/\\\/www.presasg8.es\\\/fr\\\/#website\"},\"primaryImageOfPage\":{\"@id\":\"https:\\\/\\\/www.presasg8.es\\\/fr\\\/producto\\\/carbonate-de-magnesium-avec-colophane\\\/#primaryimage\"},\"image\":{\"@id\":\"https:\\\/\\\/www.presasg8.es\\\/fr\\\/producto\\\/carbonate-de-magnesium-avec-colophane\\\/#primaryimage\"},\"thumbnailUrl\":\"https:\\\/\\\/www.presasg8.es\\\/wp-content\\\/uploads\\\/2024\\\/03\\\/carbonato-de-Magnesio.jpg\",\"datePublished\":\"2024-03-28T07:17:27+00:00\",\"dateModified\":\"2024-06-06T07:50:53+00:00\",\"breadcrumb\":{\"@id\":\"https:\\\/\\\/www.presasg8.es\\\/fr\\\/producto\\\/carbonate-de-magnesium-avec-colophane\\\/#breadcrumb\"},\"inLanguage\":\"fr-FR\",\"potentialAction\":[{\"@type\":\"ReadAction\",\"target\":[\"https:\\\/\\\/www.presasg8.es\\\/fr\\\/producto\\\/carbonate-de-magnesium-avec-colophane\\\/\"]}]},{\"@type\":\"ImageObject\",\"inLanguage\":\"fr-FR\",\"@id\":\"https:\\\/\\\/www.presasg8.es\\\/fr\\\/producto\\\/carbonate-de-magnesium-avec-colophane\\\/#primaryimage\",\"url\":\"https:\\\/\\\/www.presasg8.es\\\/wp-content\\\/uploads\\\/2024\\\/03\\\/carbonato-de-Magnesio.jpg\",\"contentUrl\":\"https:\\\/\\\/www.presasg8.es\\\/wp-content\\\/uploads\\\/2024\\\/03\\\/carbonato-de-Magnesio.jpg\",\"width\":1999,\"height\":2000},{\"@type\":\"BreadcrumbList\",\"@id\":\"https:\\\/\\\/www.presasg8.es\\\/fr\\\/producto\\\/carbonate-de-magnesium-avec-colophane\\\/#breadcrumb\",\"itemListElement\":[{\"@type\":\"ListItem\",\"position\":1,\"name\":\"Portada\",\"item\":\"https:\\\/\\\/www.presasg8.es\\\/fr\\\/\"},{\"@type\":\"ListItem\",\"position\":2,\"name\":\"Boutique de prises d&rsquo;escalade\",\"item\":\"https:\\\/\\\/www.presasg8.es\\\/fr\\\/prises-de-escalade\\\/\"},{\"@type\":\"ListItem\",\"position\":3,\"name\":\"Carbonate de magn\u00e9sium avec colophane\"}]},{\"@type\":\"WebSite\",\"@id\":\"https:\\\/\\\/www.presasg8.es\\\/fr\\\/#website\",\"url\":\"https:\\\/\\\/www.presasg8.es\\\/fr\\\/\",\"name\":\"Presas de escalada G8\",\"description\":\"Tienda online de Presas de escalada para roc\u00f3dromo\",\"publisher\":{\"@id\":\"https:\\\/\\\/www.presasg8.es\\\/fr\\\/#organization\"},\"alternateName\":\"Presas de escalada para roc\u00f3dromo\",\"potentialAction\":[{\"@type\":\"SearchAction\",\"target\":{\"@type\":\"EntryPoint\",\"urlTemplate\":\"https:\\\/\\\/www.presasg8.es\\\/fr\\\/?s={search_term_string}\"},\"query-input\":{\"@type\":\"PropertyValueSpecification\",\"valueRequired\":true,\"valueName\":\"search_term_string\"}}],\"inLanguage\":\"fr-FR\"},{\"@type\":\"Organization\",\"@id\":\"https:\\\/\\\/www.presasg8.es\\\/fr\\\/#organization\",\"name\":\"Presas de escalada G8\",\"alternateName\":\"Presas de escalada para roc\u00f3dromo G8\",\"url\":\"https:\\\/\\\/www.presasg8.es\\\/fr\\\/\",\"logo\":{\"@type\":\"ImageObject\",\"inLanguage\":\"fr-FR\",\"@id\":\"https:\\\/\\\/www.presasg8.es\\\/fr\\\/#\\\/schema\\\/logo\\\/image\\\/\",\"url\":\"https:\\\/\\\/www.presasg8.es\\\/wp-content\\\/uploads\\\/2023\\\/09\\\/logo-presas-g8.jpeg\",\"contentUrl\":\"https:\\\/\\\/www.presasg8.es\\\/wp-content\\\/uploads\\\/2023\\\/09\\\/logo-presas-g8.jpeg\",\"width\":400,\"height\":486,\"caption\":\"Presas de escalada G8\"},\"image\":{\"@id\":\"https:\\\/\\\/www.presasg8.es\\\/fr\\\/#\\\/schema\\\/logo\\\/image\\\/\"},\"sameAs\":[\"https:\\\/\\\/www.facebook.com\\\/presasescaladag8\\\/\",\"https:\\\/\\\/www.instagram.com\\\/presasg8\\\/\"]}]}<\/script>\n<!-- \/ Yoast SEO plugin. -->","yoast_head_json":{"title":"Carbonate de magn\u00e9sium avec colophane - Presas G8 - Presas de escalada para roc\u00f3dromo","robots":{"index":"index","follow":"follow","max-snippet":"max-snippet:-1","max-image-preview":"max-image-preview:large","max-video-preview":"max-video-preview:-1"},"canonical":"https:\/\/www.presasg8.es\/fr\/producto\/carbonate-de-magnesium-avec-colophane\/","og_locale":"fr_FR","og_type":"article","og_title":"Carbonate de magn\u00e9sium avec colophane - Presas G8 - Presas de escalada para roc\u00f3dromo","og_description":"Carbonate de magn\u00e9sium avec colophane de haute densit\u00e9 de 310gr. [...]","og_url":"https:\/\/www.presasg8.es\/fr\/producto\/carbonate-de-magnesium-avec-colophane\/","og_site_name":"Presas G8 - Presas de escalada para roc\u00f3dromo","article_publisher":"https:\/\/www.facebook.com\/presasescaladag8\/","article_modified_time":"2024-06-06T07:50:53+00:00","og_image":[{"width":1999,"height":2000,"url":"https:\/\/www.presasg8.es\/wp-content\/uploads\/2024\/03\/carbonato-de-Magnesio.jpg","type":"image\/jpeg"}],"twitter_card":"summary_large_image","twitter_misc":{"Dur\u00e9e de lecture estim\u00e9e":"1 minute"},"schema":{"@context":"https:\/\/schema.org","@graph":[{"@type":"WebPage","@id":"https:\/\/www.presasg8.es\/fr\/producto\/carbonate-de-magnesium-avec-colophane\/","url":"https:\/\/www.presasg8.es\/fr\/producto\/carbonate-de-magnesium-avec-colophane\/","name":"Carbonate de magn\u00e9sium avec colophane - Presas G8 - Presas de escalada para roc\u00f3dromo","isPartOf":{"@id":"https:\/\/www.presasg8.es\/fr\/#website"},"primaryImageOfPage":{"@id":"https:\/\/www.presasg8.es\/fr\/producto\/carbonate-de-magnesium-avec-colophane\/#primaryimage"},"image":{"@id":"https:\/\/www.presasg8.es\/fr\/producto\/carbonate-de-magnesium-avec-colophane\/#primaryimage"},"thumbnailUrl":"https:\/\/www.presasg8.es\/wp-content\/uploads\/2024\/03\/carbonato-de-Magnesio.jpg","datePublished":"2024-03-28T07:17:27+00:00","dateModified":"2024-06-06T07:50:53+00:00","breadcrumb":{"@id":"https:\/\/www.presasg8.es\/fr\/producto\/carbonate-de-magnesium-avec-colophane\/#breadcrumb"},"inLanguage":"fr-FR","potentialAction":[{"@type":"ReadAction","target":["https:\/\/www.presasg8.es\/fr\/producto\/carbonate-de-magnesium-avec-colophane\/"]}]},{"@type":"ImageObject","inLanguage":"fr-FR","@id":"https:\/\/www.presasg8.es\/fr\/producto\/carbonate-de-magnesium-avec-colophane\/#primaryimage","url":"https:\/\/www.presasg8.es\/wp-content\/uploads\/2024\/03\/carbonato-de-Magnesio.jpg","contentUrl":"https:\/\/www.presasg8.es\/wp-content\/uploads\/2024\/03\/carbonato-de-Magnesio.jpg","width":1999,"height":2000},{"@type":"BreadcrumbList","@id":"https:\/\/www.presasg8.es\/fr\/producto\/carbonate-de-magnesium-avec-colophane\/#breadcrumb","itemListElement":[{"@type":"ListItem","position":1,"name":"Portada","item":"https:\/\/www.presasg8.es\/fr\/"},{"@type":"ListItem","position":2,"name":"Boutique de prises d&rsquo;escalade","item":"https:\/\/www.presasg8.es\/fr\/prises-de-escalade\/"},{"@type":"ListItem","position":3,"name":"Carbonate de magn\u00e9sium avec colophane"}]},{"@type":"WebSite","@id":"https:\/\/www.presasg8.es\/fr\/#website","url":"https:\/\/www.presasg8.es\/fr\/","name":"Presas de escalada G8","description":"Tienda online de Presas de escalada para roc\u00f3dromo","publisher":{"@id":"https:\/\/www.presasg8.es\/fr\/#organization"},"alternateName":"Presas de escalada para roc\u00f3dromo","potentialAction":[{"@type":"SearchAction","target":{"@type":"EntryPoint","urlTemplate":"https:\/\/www.presasg8.es\/fr\/?s={search_term_string}"},"query-input":{"@type":"PropertyValueSpecification","valueRequired":true,"valueName":"search_term_string"}}],"inLanguage":"fr-FR"},{"@type":"Organization","@id":"https:\/\/www.presasg8.es\/fr\/#organization","name":"Presas de escalada G8","alternateName":"Presas de escalada para roc\u00f3dromo G8","url":"https:\/\/www.presasg8.es\/fr\/","logo":{"@type":"ImageObject","inLanguage":"fr-FR","@id":"https:\/\/www.presasg8.es\/fr\/#\/schema\/logo\/image\/","url":"https:\/\/www.presasg8.es\/wp-content\/uploads\/2023\/09\/logo-presas-g8.jpeg","contentUrl":"https:\/\/www.presasg8.es\/wp-content\/uploads\/2023\/09\/logo-presas-g8.jpeg","width":400,"height":486,"caption":"Presas de escalada G8"},"image":{"@id":"https:\/\/www.presasg8.es\/fr\/#\/schema\/logo\/image\/"},"sameAs":["https:\/\/www.facebook.com\/presasescaladag8\/","https:\/\/www.instagram.com\/presasg8\/"]}]}},"_links":{"self":[{"href":"https:\/\/www.presasg8.es\/fr\/wp-json\/wp\/v2\/product\/4925","targetHints":{"allow":["GET"]}}],"collection":[{"href":"https:\/\/www.presasg8.es\/fr\/wp-json\/wp\/v2\/product"}],"about":[{"href":"https:\/\/www.presasg8.es\/fr\/wp-json\/wp\/v2\/types\/product"}],"replies":[{"embeddable":true,"href":"https:\/\/www.presasg8.es\/fr\/wp-json\/wp\/v2\/comments?post=4925"}],"wp:featuredmedia":[{"embeddable":true,"href":"https:\/\/www.presasg8.es\/fr\/wp-json\/wp\/v2\/media\/4523"}],"wp:attachment":[{"href":"https:\/\/www.presasg8.es\/fr\/wp-json\/wp\/v2\/media?parent=4925"}],"wp:term":[{"taxonomy":"product_brand","embeddable":true,"href":"https:\/\/www.presasg8.es\/fr\/wp-json\/wp\/v2\/product_brand?post=4925"},{"taxonomy":"product_cat","embeddable":true,"href":"https:\/\/www.presasg8.es\/fr\/wp-json\/wp\/v2\/product_cat?post=4925"},{"taxonomy":"product_tag","embeddable":true,"href":"https:\/\/www.presasg8.es\/fr\/wp-json\/wp\/v2\/product_tag?post=4925"}],"curies":[{"name":"wp","href":"https:\/\/api.w.org\/{rel}","templated":true}]}}