{"id":8578,"date":"2026-02-06T11:01:11","date_gmt":"2026-02-06T10:01:11","guid":{"rendered":"https:\/\/www.presasg8.es\/avis-juridique\/"},"modified":"2026-02-06T11:01:11","modified_gmt":"2026-02-06T10:01:11","slug":"avis-juridique","status":"publish","type":"page","link":"https:\/\/www.presasg8.es\/fr\/avis-juridique\/","title":{"rendered":"Avis juridique"},"content":{"rendered":"<p>Les pr\u00e9sentes conditions g\u00e9n\u00e9rales ont pour objet d&rsquo;\u00e9tablir et de r\u00e9glementer les r\u00e8gles d&rsquo;utilisation du site web <strong><a href=\"https:\/\/www.presasg8.es\/fr\/\">https:\/\/www.presasg8.es\/<\/a><\/strong> (ci-apr\u00e8s, le \u00ab\u00a0site web\u00a0\u00bb).<\/p>\n<p>En acc\u00e9dant et en naviguant sur le site web, ou en utilisant ses services, vous acceptez express\u00e9ment et pleinement toutes les conditions g\u00e9n\u00e9rales d&rsquo;utilisation contenues dans le pr\u00e9sent avis juridique, y compris les conditions g\u00e9n\u00e9rales et sp\u00e9cifiques du contrat ainsi que la politique en mati\u00e8re de confidentialit\u00e9 et de cookies, relatives aux finalit\u00e9s du traitement des donn\u00e9es que vous nous fournissez. Nous vous recommandons de les lire attentivement. <\/p>\n<h3>1. LE SUPPORT<\/h3>\n<p>Conform\u00e9ment \u00e0 la loi 34\/2002, du 11 juillet, sur les services de la soci\u00e9t\u00e9 de l&rsquo;information et le commerce \u00e9lectronique, les donn\u00e9es d&rsquo;identification du propri\u00e9taire du portail Web sur lequel vous naviguez sont les suivantes :<\/p>\n<p><strong>Nicolas Garcia Garcia-Puente  <\/strong><\/p>\n<p><strong>Num\u00e9ro de TVA : 47068091v<br \/>\n<\/strong><\/p>\n<p><strong>Calle Pablo Medina 32, 02005 Albacete<\/strong><\/p>\n<p><strong>662017648<\/strong><\/p>\n<h3>2. LA PROPRI\u00c9T\u00c9 INTELLECTUELLE<\/h3>\n<p><strong>Nicolas Garcia Garcia-Puente <\/strong>est propri\u00e9taire, et dispose de la licence correspondante, des droits d&rsquo;exploitation de la propri\u00e9t\u00e9 intellectuelle et industrielle du Web.<\/p>\n<p>Tous les contenus du site Web, y compris la conception graphique, le code source, les logos, les textes, les graphiques, les illustrations, les photographies et les autres \u00e9l\u00e9ments qui apparaissent sur le site Web, sauf indication contraire, sont la propri\u00e9t\u00e9 exclusive de <strong>Nicolas Garcia Garcia-Puente<\/strong><strong>.<\/strong><\/p>\n<p>En aucun cas il ne sera entendu que l&rsquo;acc\u00e8s et la navigation de l&rsquo;Utilisateur implique une renonciation, transmission, licence ou cession totale ou partielle de ces droits de la part de <strong>Nicolas Garcia Garcia-Puente<\/strong>, sur tout autre droit li\u00e9 \u00e0 son site Web et les services offerts dans le m\u00eame.<\/p>\n<p>De m\u00eame, il est interdit de modifier, copier, r\u00e9utiliser, exploiter, reproduire, communiquer publiquement, faire des publications secondaires ou ult\u00e9rieures, t\u00e9l\u00e9charger des fichiers, envoyer par courrier, transmettre, utiliser, traiter ou distribuer de quelque mani\u00e8re que ce soit tout ou partie des contenus inclus dans le site Web \u00e0 des fins publiques ou commerciales, sans l&rsquo;autorisation expresse et \u00e9crite de <strong>Nicolas Garcia Garcia-Puente<\/strong> ou, le cas \u00e9ch\u00e9ant, du titulaire des droits correspondants. <\/p>\n<p>Par cons\u00e9quent, l&rsquo;Utilisateur reconna\u00eet que la reproduction, la distribution, la commercialisation, la transformation et, en g\u00e9n\u00e9ral, toute autre forme d&rsquo;exploitation, par quelque moyen que ce soit, de tout ou partie des contenus de ce site Web constitue une infraction aux droits de propri\u00e9t\u00e9 intellectuelle et\/ou industrielle du titulaire du site Web ou du propri\u00e9taire de celui-ci.<\/p>\n<h3>3. UTILISATION DU SITE<\/h3>\n<p>L&rsquo;utilisateur s&rsquo;engage \u00e0 utiliser le site web, son contenu et ses services conform\u00e9ment \u00e0 la l\u00e9gislation en vigueur et aux pr\u00e9sentes mentions l\u00e9gales.<\/p>\n<p>De m\u00eame, l&rsquo;utilisateur s&rsquo;engage \u00e0 ne pas utiliser le site web ou les services fournis par son interm\u00e9diaire \u00e0 des fins ou effets illicites ou contraires au contenu du pr\u00e9sent avis juridique, pr\u00e9judiciables aux int\u00e9r\u00eats ou aux droits de tiers, ou susceptibles d&rsquo;endommager, de rendre inutilisable ou de d\u00e9t\u00e9riorer de quelque mani\u00e8re que ce soit le site web ou ses services, ou d&#8217;emp\u00eacher la jouissance normale du site web par d&rsquo;autres utilisateurs.<\/p>\n<p>De m\u00eame, l&rsquo;utilisateur s&rsquo;engage express\u00e9ment \u00e0 ne pas d\u00e9truire, alt\u00e9rer, rendre inutilisable ou endommager de toute autre mani\u00e8re les donn\u00e9es, programmes ou documents \u00e9lectroniques et autres qui se trouvent sur ce site web.<\/p>\n<p>L&rsquo;utilisateur s&rsquo;engage \u00e0 ne pas entraver l&rsquo;acc\u00e8s des autres utilisateurs au service d&rsquo;acc\u00e8s par le biais d&rsquo;une consommation massive des ressources informatiques \u00e0 travers lesquelles le titulaire du site Web fournit le service, et \u00e0 ne pas r\u00e9aliser d&rsquo;actions qui endommagent, interrompent ou g\u00e9n\u00e8rent des erreurs dans les syst\u00e8mes en question.<\/p>\n<p>L&rsquo;utilisateur s&rsquo;engage \u00e0 ne pas introduire de programmes, de virus, de macros, d&rsquo;applets, de contr\u00f4les ActiveX ou tout autre dispositif logique ou s\u00e9quence de caract\u00e8res qui causent ou sont susceptibles de causer tout type d&rsquo;alt\u00e9ration dans les syst\u00e8mes informatiques du propri\u00e9taire du site web ou de tiers.<\/p>\n<p>L&rsquo;utilisateur est responsable de la garde et de la confidentialit\u00e9 des identifiants et\/ou mots de passe fournis par le site web, et s&rsquo;engage \u00e0 ne pas en c\u00e9der l&rsquo;usage \u00e0 des tiers, de mani\u00e8re temporaire ou permanente, ni \u00e0 en permettre l&rsquo;acc\u00e8s \u00e0 des tiers.<\/p>\n<p>L&rsquo;utilisateur est responsable de l&rsquo;utilisation ill\u00e9gale des services par tout tiers ill\u00e9gitime qui utilise un mot de passe \u00e0 cette fin, \u00e0 la suite d&rsquo;une utilisation non diligente ou de la perte du mot de passe par l&rsquo;utilisateur.<\/p>\n<p>En vertu de ce qui pr\u00e9c\u00e8de, l&rsquo;utilisateur est tenu de notifier imm\u00e9diatement aux gestionnaires du site Web tout \u00e9v\u00e9nement permettant une utilisation abusive des identifiants et\/ou des mots de passe, comme le vol, la perte ou l&rsquo;acc\u00e8s non autoris\u00e9 \u00e0 ces derniers, afin de proc\u00e9der \u00e0 leur annulation imm\u00e9diate.<\/p>\n<p>Jusqu&rsquo;\u00e0 ce que ces \u00e9v\u00e9nements soient communiqu\u00e9s, <strong>Nicolas Garcia Garcia-Puente<\/strong> sera exon\u00e9r\u00e9 de toute responsabilit\u00e9 pouvant d\u00e9couler de l&rsquo;utilisation abusive d&rsquo;identifiants ou de mots de passe par des tiers non autoris\u00e9s.<\/p>\n<h3>4. FONCTIONNEMENT DU SITE WEB<\/h3>\n<p><strong>Nicolas Garcia Garcia-Puente <\/strong>exclut toute responsabilit\u00e9 pouvant d\u00e9couler d&rsquo;interf\u00e9rences, d&rsquo;omissions, d&rsquo;interruptions, de virus informatiques, de pannes t\u00e9l\u00e9phoniques ou de d\u00e9connexions dans le fonctionnement du syst\u00e8me \u00e9lectronique, dues \u00e0 des causes ind\u00e9pendantes de la volont\u00e9 du propri\u00e9taire du site Web.<\/p>\n<p>De m\u00eame, <strong>Nicolas Garcia Garcia-Puente<\/strong> exclut toute responsabilit\u00e9 pouvant d\u00e9couler de retards ou de blocages dans le fonctionnement de ce syst\u00e8me \u00e9lectronique caus\u00e9s par des d\u00e9ficiences ou des surcharges des lignes t\u00e9l\u00e9phoniques ou d&rsquo;Internet, ainsi que des dommages caus\u00e9s par des tiers \u00e0 la suite d&rsquo;interf\u00e9rences illicites \u00e9chappant au contr\u00f4le de <strong>Nicolas Garcia Garcia-Puente<\/strong><strong>.<\/strong><\/p>\n<p><strong>Nicolas Garcia Garcia-Puente <\/strong>a le droit de suspendre temporairement et sans pr\u00e9avis l&rsquo;acc\u00e8s au site pour des op\u00e9rations de maintenance, de r\u00e9paration, de mise \u00e0 jour ou d&rsquo;am\u00e9lioration.<\/p>\n<h3>5. R\u00c9GIME DE RESPONSABILIT\u00c9<\/h3>\n<p><strong>Nicolas Garcia Garcia-Puente<\/strong> ne garantit pas la l\u00e9galit\u00e9, la fiabilit\u00e9, l&rsquo;utilit\u00e9, la v\u00e9racit\u00e9 ou l&rsquo;exactitude des services ou des informations fournis par des tiers sur le Web.<\/p>\n<p>L&rsquo;utilisateur est le seul responsable des infractions qu&rsquo;il pourrait commettre ou des dommages qu&rsquo;il pourrait causer par une mauvaise utilisation du site Web, <strong>Nicolas Garcia Garcia-Puente<\/strong>, ses associ\u00e9s, les soci\u00e9t\u00e9s de son groupe, ses collaborateurs, ses employ\u00e9s et ses repr\u00e9sentants \u00e9tant exon\u00e9r\u00e9s de tout type de responsabilit\u00e9 pouvant d\u00e9couler des actions de l&rsquo;utilisateur.<\/p>\n<p><strong>Nicolas Garcia Garcia-Puente <\/strong>mettra en \u0153uvre tous les efforts et moyens raisonnables pour fournir des informations actualis\u00e9es et fiables sur le Web, cependant, le propri\u00e9taire du Web ne garantit pas l&rsquo;absence d&rsquo;erreurs ou d&rsquo;\u00e9ventuelles inexactitudes et\/ou omissions dans le contenu publi\u00e9 par des tiers accessibles par le biais de ce site Web.<\/p>\n<p>L&rsquo;utilisateur est seul responsable de toute r\u00e9clamation ou action en justice, judiciaire ou extrajudiciaire, initi\u00e9e par des tiers \u00e0 l&rsquo;encontre du propri\u00e9taire du site Web en raison d&rsquo;une mauvaise utilisation du site Web par l&rsquo;utilisateur. Le cas \u00e9ch\u00e9ant, l&rsquo;utilisateur assumera tous les frais, co\u00fbts et indemnit\u00e9s demand\u00e9s \u00e0 <strong>Nicolas Garcia Garcia-Puente<\/strong> \u00e0 la suite de ces r\u00e9clamations ou actions en justice. <\/p>\n<h3>6. JURIDICTION ET DROIT APPLICABLE<\/h3>\n<p>Le pr\u00e9sent avis juridique est r\u00e9gi et interpr\u00e9t\u00e9 conform\u00e9ment au droit espagnol.<\/p>\n<p><strong>Nicolas Garcia Garcia-Puente <\/strong>et l&rsquo;Utilisateur, renon\u00e7ant express\u00e9ment \u00e0 toute autre juridiction qui pourrait leur correspondre, se soumettent aux Cours et Tribunaux de la ville d&rsquo;ALBACETE (Espagne), \u00e0 moins que la r\u00e9glementation applicable n&#8217;emp\u00eache les parties de se soumettre \u00e0 une juridiction sp\u00e9cifique.<\/p>\n","protected":false},"excerpt":{"rendered":"<p>Les pr\u00e9sentes conditions g\u00e9n\u00e9rales ont pour objet d&rsquo;\u00e9tablir et de  [&#8230;]<\/p>\n","protected":false},"author":1,"featured_media":0,"parent":0,"menu_order":0,"comment_status":"closed","ping_status":"closed","template":"100-width.php","meta":{"_joinchat":[],"footnotes":""},"class_list":["post-8578","page","type-page","status-publish","hentry"],"yoast_head":"<!-- This site is optimized with the Yoast SEO plugin v27.5 - https:\/\/yoast.com\/product\/yoast-seo-wordpress\/ -->\n<title>Avis juridique - Presas G8 - Presas de escalada para roc\u00f3dromo<\/title>\n<meta name=\"robots\" content=\"index, follow, max-snippet:-1, max-image-preview:large, max-video-preview:-1\" \/>\n<link rel=\"canonical\" href=\"https:\/\/www.presasg8.es\/fr\/avis-juridique\/\" \/>\n<meta property=\"og:locale\" content=\"fr_FR\" \/>\n<meta property=\"og:type\" content=\"article\" \/>\n<meta property=\"og:title\" content=\"Avis juridique - Presas G8 - Presas de escalada para roc\u00f3dromo\" \/>\n<meta property=\"og:description\" content=\"Les pr\u00e9sentes conditions g\u00e9n\u00e9rales ont pour objet d&rsquo;\u00e9tablir et de [...]\" \/>\n<meta property=\"og:url\" content=\"https:\/\/www.presasg8.es\/fr\/avis-juridique\/\" \/>\n<meta property=\"og:site_name\" content=\"Presas G8 - Presas de escalada para roc\u00f3dromo\" \/>\n<meta property=\"article:publisher\" content=\"https:\/\/www.facebook.com\/presasescaladag8\/\" \/>\n<meta name=\"twitter:card\" content=\"summary_large_image\" \/>\n<meta name=\"twitter:label1\" content=\"Dur\u00e9e de lecture estim\u00e9e\" \/>\n\t<meta name=\"twitter:data1\" content=\"6 minutes\" \/>\n<script type=\"application\/ld+json\" class=\"yoast-schema-graph\">{\"@context\":\"https:\\\/\\\/schema.org\",\"@graph\":[{\"@type\":\"WebPage\",\"@id\":\"https:\\\/\\\/www.presasg8.es\\\/fr\\\/avis-juridique\\\/\",\"url\":\"https:\\\/\\\/www.presasg8.es\\\/fr\\\/avis-juridique\\\/\",\"name\":\"Avis juridique - Presas G8 - Presas de escalada para roc\u00f3dromo\",\"isPartOf\":{\"@id\":\"https:\\\/\\\/www.presasg8.es\\\/fr\\\/#website\"},\"datePublished\":\"2026-02-06T10:01:11+00:00\",\"breadcrumb\":{\"@id\":\"https:\\\/\\\/www.presasg8.es\\\/fr\\\/avis-juridique\\\/#breadcrumb\"},\"inLanguage\":\"fr-FR\",\"potentialAction\":[{\"@type\":\"ReadAction\",\"target\":[\"https:\\\/\\\/www.presasg8.es\\\/fr\\\/avis-juridique\\\/\"]}]},{\"@type\":\"BreadcrumbList\",\"@id\":\"https:\\\/\\\/www.presasg8.es\\\/fr\\\/avis-juridique\\\/#breadcrumb\",\"itemListElement\":[{\"@type\":\"ListItem\",\"position\":1,\"name\":\"Portada\",\"item\":\"https:\\\/\\\/www.presasg8.es\\\/fr\\\/\"},{\"@type\":\"ListItem\",\"position\":2,\"name\":\"Avis juridique\"}]},{\"@type\":\"WebSite\",\"@id\":\"https:\\\/\\\/www.presasg8.es\\\/fr\\\/#website\",\"url\":\"https:\\\/\\\/www.presasg8.es\\\/fr\\\/\",\"name\":\"Presas de escalada G8\",\"description\":\"Tienda online de Presas de escalada para roc\u00f3dromo\",\"publisher\":{\"@id\":\"https:\\\/\\\/www.presasg8.es\\\/fr\\\/#organization\"},\"alternateName\":\"Presas de escalada para roc\u00f3dromo\",\"potentialAction\":[{\"@type\":\"SearchAction\",\"target\":{\"@type\":\"EntryPoint\",\"urlTemplate\":\"https:\\\/\\\/www.presasg8.es\\\/fr\\\/?s={search_term_string}\"},\"query-input\":{\"@type\":\"PropertyValueSpecification\",\"valueRequired\":true,\"valueName\":\"search_term_string\"}}],\"inLanguage\":\"fr-FR\"},{\"@type\":\"Organization\",\"@id\":\"https:\\\/\\\/www.presasg8.es\\\/fr\\\/#organization\",\"name\":\"Presas de escalada G8\",\"alternateName\":\"Presas de escalada para roc\u00f3dromo G8\",\"url\":\"https:\\\/\\\/www.presasg8.es\\\/fr\\\/\",\"logo\":{\"@type\":\"ImageObject\",\"inLanguage\":\"fr-FR\",\"@id\":\"https:\\\/\\\/www.presasg8.es\\\/fr\\\/#\\\/schema\\\/logo\\\/image\\\/\",\"url\":\"https:\\\/\\\/www.presasg8.es\\\/wp-content\\\/uploads\\\/2023\\\/09\\\/logo-presas-g8.jpeg\",\"contentUrl\":\"https:\\\/\\\/www.presasg8.es\\\/wp-content\\\/uploads\\\/2023\\\/09\\\/logo-presas-g8.jpeg\",\"width\":400,\"height\":486,\"caption\":\"Presas de escalada G8\"},\"image\":{\"@id\":\"https:\\\/\\\/www.presasg8.es\\\/fr\\\/#\\\/schema\\\/logo\\\/image\\\/\"},\"sameAs\":[\"https:\\\/\\\/www.facebook.com\\\/presasescaladag8\\\/\",\"https:\\\/\\\/www.instagram.com\\\/presasg8\\\/\"]}]}<\/script>\n<!-- \/ Yoast SEO plugin. -->","yoast_head_json":{"title":"Avis juridique - Presas G8 - Presas de escalada para roc\u00f3dromo","robots":{"index":"index","follow":"follow","max-snippet":"max-snippet:-1","max-image-preview":"max-image-preview:large","max-video-preview":"max-video-preview:-1"},"canonical":"https:\/\/www.presasg8.es\/fr\/avis-juridique\/","og_locale":"fr_FR","og_type":"article","og_title":"Avis juridique - Presas G8 - Presas de escalada para roc\u00f3dromo","og_description":"Les pr\u00e9sentes conditions g\u00e9n\u00e9rales ont pour objet d&rsquo;\u00e9tablir et de [...]","og_url":"https:\/\/www.presasg8.es\/fr\/avis-juridique\/","og_site_name":"Presas G8 - Presas de escalada para roc\u00f3dromo","article_publisher":"https:\/\/www.facebook.com\/presasescaladag8\/","twitter_card":"summary_large_image","twitter_misc":{"Dur\u00e9e de lecture estim\u00e9e":"6 minutes"},"schema":{"@context":"https:\/\/schema.org","@graph":[{"@type":"WebPage","@id":"https:\/\/www.presasg8.es\/fr\/avis-juridique\/","url":"https:\/\/www.presasg8.es\/fr\/avis-juridique\/","name":"Avis juridique - Presas G8 - Presas de escalada para roc\u00f3dromo","isPartOf":{"@id":"https:\/\/www.presasg8.es\/fr\/#website"},"datePublished":"2026-02-06T10:01:11+00:00","breadcrumb":{"@id":"https:\/\/www.presasg8.es\/fr\/avis-juridique\/#breadcrumb"},"inLanguage":"fr-FR","potentialAction":[{"@type":"ReadAction","target":["https:\/\/www.presasg8.es\/fr\/avis-juridique\/"]}]},{"@type":"BreadcrumbList","@id":"https:\/\/www.presasg8.es\/fr\/avis-juridique\/#breadcrumb","itemListElement":[{"@type":"ListItem","position":1,"name":"Portada","item":"https:\/\/www.presasg8.es\/fr\/"},{"@type":"ListItem","position":2,"name":"Avis juridique"}]},{"@type":"WebSite","@id":"https:\/\/www.presasg8.es\/fr\/#website","url":"https:\/\/www.presasg8.es\/fr\/","name":"Presas de escalada G8","description":"Tienda online de Presas de escalada para roc\u00f3dromo","publisher":{"@id":"https:\/\/www.presasg8.es\/fr\/#organization"},"alternateName":"Presas de escalada para roc\u00f3dromo","potentialAction":[{"@type":"SearchAction","target":{"@type":"EntryPoint","urlTemplate":"https:\/\/www.presasg8.es\/fr\/?s={search_term_string}"},"query-input":{"@type":"PropertyValueSpecification","valueRequired":true,"valueName":"search_term_string"}}],"inLanguage":"fr-FR"},{"@type":"Organization","@id":"https:\/\/www.presasg8.es\/fr\/#organization","name":"Presas de escalada G8","alternateName":"Presas de escalada para roc\u00f3dromo G8","url":"https:\/\/www.presasg8.es\/fr\/","logo":{"@type":"ImageObject","inLanguage":"fr-FR","@id":"https:\/\/www.presasg8.es\/fr\/#\/schema\/logo\/image\/","url":"https:\/\/www.presasg8.es\/wp-content\/uploads\/2023\/09\/logo-presas-g8.jpeg","contentUrl":"https:\/\/www.presasg8.es\/wp-content\/uploads\/2023\/09\/logo-presas-g8.jpeg","width":400,"height":486,"caption":"Presas de escalada G8"},"image":{"@id":"https:\/\/www.presasg8.es\/fr\/#\/schema\/logo\/image\/"},"sameAs":["https:\/\/www.facebook.com\/presasescaladag8\/","https:\/\/www.instagram.com\/presasg8\/"]}]}},"_links":{"self":[{"href":"https:\/\/www.presasg8.es\/fr\/wp-json\/wp\/v2\/pages\/8578","targetHints":{"allow":["GET"]}}],"collection":[{"href":"https:\/\/www.presasg8.es\/fr\/wp-json\/wp\/v2\/pages"}],"about":[{"href":"https:\/\/www.presasg8.es\/fr\/wp-json\/wp\/v2\/types\/page"}],"author":[{"embeddable":true,"href":"https:\/\/www.presasg8.es\/fr\/wp-json\/wp\/v2\/users\/1"}],"replies":[{"embeddable":true,"href":"https:\/\/www.presasg8.es\/fr\/wp-json\/wp\/v2\/comments?post=8578"}],"version-history":[{"count":0,"href":"https:\/\/www.presasg8.es\/fr\/wp-json\/wp\/v2\/pages\/8578\/revisions"}],"wp:attachment":[{"href":"https:\/\/www.presasg8.es\/fr\/wp-json\/wp\/v2\/media?parent=8578"}],"curies":[{"name":"wp","href":"https:\/\/api.w.org\/{rel}","templated":true}]}}