{"id":4449,"date":"2024-03-25T10:37:16","date_gmt":"2024-03-25T09:37:16","guid":{"rendered":"https:\/\/www.presasg8.es\/?page_id=4449"},"modified":"2026-03-22T09:42:44","modified_gmt":"2026-03-22T08:42:44","slug":"modes-de-paiement","status":"publish","type":"page","link":"https:\/\/www.presasg8.es\/fr\/modes-de-paiement\/","title":{"rendered":"Modes de paiement"},"content":{"rendered":"<ul>\n<li><strong>Paiement par carte de cr\u00e9dit :<\/strong><br \/>\nLes achats sont pay\u00e9s par carte de cr\u00e9dit. Les cartes bancaires accept\u00e9es sont : Visa et MasterCard. Le prix d&rsquo;achat sera d\u00e9bit\u00e9 du compte bancaire du client dans un d\u00e9lai de 4 jours \u00e0 compter du jour de la commande et la commande sera consid\u00e9r\u00e9e comme effective apr\u00e8s confirmation de l&rsquo;accord des centres de paiement bancaire.<br \/>\nDans le cas o\u00f9 le TPV (Terminal Point de Vente) informe du refus de la carte, la commande sera automatiquement annul\u00e9e, en informant le client de l&rsquo;annulation en ligne.<\/li>\n<li><strong>Virement bancaire.<\/strong><br \/>\nCe mode de paiement n&rsquo;aura aucun co\u00fbt pour le client<br \/>\nLe montant des retours sera d\u00e9bit\u00e9 du compte indiqu\u00e9 par le client<br \/>\nPour effectuer le paiement d&rsquo;une facture il faut indiquer :<br \/>\nNum\u00e9ro de la facture.<br \/>\nNom de la personne qui la paie.<br \/>\nElle doit \u00eatre adress\u00e9e \u00e0 Prises de escalada G8 dans le num\u00e9ro de compte fourni par l&rsquo;entreprise.<br \/>\nEnvoyez le re\u00e7u de paiement \u00e0 l&rsquo;e-mail suivant : nicolas_ggp@hotmail.com en envoyant dans l&rsquo;objet re\u00e7u de paiement.<\/li>\n<li><strong>Paypal<\/strong><br \/>\nDans cette modalit\u00e9, le paiement sera factur\u00e9 en fonction de ce que le client a contract\u00e9 avec Paypal, de m\u00eame que les retours pour lesquels l&rsquo;entreprise doit payer un montant seront effectu\u00e9s de la m\u00eame mani\u00e8re.<br \/>\nCette modalit\u00e9 n&rsquo;entra\u00eene aucun co\u00fbt pour le client.<\/li>\n<li>Par <strong>Bizum <\/strong>au num\u00e9ro de t\u00e9l\u00e9phone fourni une fois l&rsquo;achat des prises d&rsquo;escalade effectu\u00e9.<\/li>\n<\/ul>\n<p>&nbsp;<\/p>\n","protected":false},"excerpt":{"rendered":"<p>Paiement par carte de cr\u00e9dit : Les achats sont pay\u00e9s  [&#8230;]<\/p>\n","protected":false},"author":1,"featured_media":0,"parent":0,"menu_order":0,"comment_status":"closed","ping_status":"closed","template":"100-width.php","meta":{"_joinchat":[],"footnotes":""},"class_list":["post-4449","page","type-page","status-publish","hentry"],"yoast_head":"<!-- This site is optimized with the Yoast SEO plugin v27.3 - https:\/\/yoast.com\/product\/yoast-seo-wordpress\/ -->\n<title>Modes de paiement - Presas G8 - Presas de escalada para roc\u00f3dromo<\/title>\n<meta name=\"robots\" content=\"noindex, follow\" \/>\n<meta property=\"og:locale\" content=\"fr_FR\" \/>\n<meta property=\"og:type\" content=\"article\" \/>\n<meta property=\"og:title\" content=\"Modes de paiement - Presas G8 - Presas de escalada para roc\u00f3dromo\" \/>\n<meta property=\"og:description\" content=\"Paiement par carte de cr\u00e9dit : Les achats sont pay\u00e9s [...]\" \/>\n<meta property=\"og:url\" content=\"https:\/\/www.presasg8.es\/fr\/modes-de-paiement\/\" \/>\n<meta property=\"og:site_name\" content=\"Presas G8 - Presas de escalada para roc\u00f3dromo\" \/>\n<meta property=\"article:publisher\" content=\"https:\/\/www.facebook.com\/presasescaladag8\/\" \/>\n<meta property=\"article:modified_time\" content=\"2026-03-22T08:42:44+00:00\" \/>\n<meta name=\"twitter:card\" content=\"summary_large_image\" \/>\n<meta name=\"twitter:label1\" content=\"Dur\u00e9e de lecture estim\u00e9e\" \/>\n\t<meta name=\"twitter:data1\" content=\"1 minute\" \/>\n<script type=\"application\/ld+json\" class=\"yoast-schema-graph\">{\"@context\":\"https:\\\/\\\/schema.org\",\"@graph\":[{\"@type\":\"WebPage\",\"@id\":\"https:\\\/\\\/www.presasg8.es\\\/fr\\\/modes-de-paiement\\\/\",\"url\":\"https:\\\/\\\/www.presasg8.es\\\/fr\\\/modes-de-paiement\\\/\",\"name\":\"Modes de paiement - Presas G8 - Presas de escalada para roc\u00f3dromo\",\"isPartOf\":{\"@id\":\"https:\\\/\\\/www.presasg8.es\\\/fr\\\/#website\"},\"datePublished\":\"2024-03-25T09:37:16+00:00\",\"dateModified\":\"2026-03-22T08:42:44+00:00\",\"breadcrumb\":{\"@id\":\"https:\\\/\\\/www.presasg8.es\\\/fr\\\/modes-de-paiement\\\/#breadcrumb\"},\"inLanguage\":\"fr-FR\",\"potentialAction\":[{\"@type\":\"ReadAction\",\"target\":[\"https:\\\/\\\/www.presasg8.es\\\/fr\\\/modes-de-paiement\\\/\"]}]},{\"@type\":\"BreadcrumbList\",\"@id\":\"https:\\\/\\\/www.presasg8.es\\\/fr\\\/modes-de-paiement\\\/#breadcrumb\",\"itemListElement\":[{\"@type\":\"ListItem\",\"position\":1,\"name\":\"Portada\",\"item\":\"https:\\\/\\\/www.presasg8.es\\\/fr\\\/\"},{\"@type\":\"ListItem\",\"position\":2,\"name\":\"Modes de paiement\"}]},{\"@type\":\"WebSite\",\"@id\":\"https:\\\/\\\/www.presasg8.es\\\/fr\\\/#website\",\"url\":\"https:\\\/\\\/www.presasg8.es\\\/fr\\\/\",\"name\":\"Presas de escalada G8\",\"description\":\"Tienda online de Presas de escalada para roc\u00f3dromo\",\"publisher\":{\"@id\":\"https:\\\/\\\/www.presasg8.es\\\/fr\\\/#organization\"},\"alternateName\":\"Presas de escalada para roc\u00f3dromo\",\"potentialAction\":[{\"@type\":\"SearchAction\",\"target\":{\"@type\":\"EntryPoint\",\"urlTemplate\":\"https:\\\/\\\/www.presasg8.es\\\/fr\\\/?s={search_term_string}\"},\"query-input\":{\"@type\":\"PropertyValueSpecification\",\"valueRequired\":true,\"valueName\":\"search_term_string\"}}],\"inLanguage\":\"fr-FR\"},{\"@type\":\"Organization\",\"@id\":\"https:\\\/\\\/www.presasg8.es\\\/fr\\\/#organization\",\"name\":\"Presas de escalada G8\",\"alternateName\":\"Presas de escalada para roc\u00f3dromo G8\",\"url\":\"https:\\\/\\\/www.presasg8.es\\\/fr\\\/\",\"logo\":{\"@type\":\"ImageObject\",\"inLanguage\":\"fr-FR\",\"@id\":\"https:\\\/\\\/www.presasg8.es\\\/fr\\\/#\\\/schema\\\/logo\\\/image\\\/\",\"url\":\"https:\\\/\\\/www.presasg8.es\\\/wp-content\\\/uploads\\\/2023\\\/09\\\/logo-presas-g8.jpeg\",\"contentUrl\":\"https:\\\/\\\/www.presasg8.es\\\/wp-content\\\/uploads\\\/2023\\\/09\\\/logo-presas-g8.jpeg\",\"width\":400,\"height\":486,\"caption\":\"Presas de escalada G8\"},\"image\":{\"@id\":\"https:\\\/\\\/www.presasg8.es\\\/fr\\\/#\\\/schema\\\/logo\\\/image\\\/\"},\"sameAs\":[\"https:\\\/\\\/www.facebook.com\\\/presasescaladag8\\\/\",\"https:\\\/\\\/www.instagram.com\\\/presasg8\\\/\"]}]}<\/script>\n<!-- \/ Yoast SEO plugin. -->","yoast_head_json":{"title":"Modes de paiement - Presas G8 - Presas de escalada para roc\u00f3dromo","robots":{"index":"noindex","follow":"follow"},"og_locale":"fr_FR","og_type":"article","og_title":"Modes de paiement - Presas G8 - Presas de escalada para roc\u00f3dromo","og_description":"Paiement par carte de cr\u00e9dit : Les achats sont pay\u00e9s [...]","og_url":"https:\/\/www.presasg8.es\/fr\/modes-de-paiement\/","og_site_name":"Presas G8 - Presas de escalada para roc\u00f3dromo","article_publisher":"https:\/\/www.facebook.com\/presasescaladag8\/","article_modified_time":"2026-03-22T08:42:44+00:00","twitter_card":"summary_large_image","twitter_misc":{"Dur\u00e9e de lecture estim\u00e9e":"1 minute"},"schema":{"@context":"https:\/\/schema.org","@graph":[{"@type":"WebPage","@id":"https:\/\/www.presasg8.es\/fr\/modes-de-paiement\/","url":"https:\/\/www.presasg8.es\/fr\/modes-de-paiement\/","name":"Modes de paiement - Presas G8 - Presas de escalada para roc\u00f3dromo","isPartOf":{"@id":"https:\/\/www.presasg8.es\/fr\/#website"},"datePublished":"2024-03-25T09:37:16+00:00","dateModified":"2026-03-22T08:42:44+00:00","breadcrumb":{"@id":"https:\/\/www.presasg8.es\/fr\/modes-de-paiement\/#breadcrumb"},"inLanguage":"fr-FR","potentialAction":[{"@type":"ReadAction","target":["https:\/\/www.presasg8.es\/fr\/modes-de-paiement\/"]}]},{"@type":"BreadcrumbList","@id":"https:\/\/www.presasg8.es\/fr\/modes-de-paiement\/#breadcrumb","itemListElement":[{"@type":"ListItem","position":1,"name":"Portada","item":"https:\/\/www.presasg8.es\/fr\/"},{"@type":"ListItem","position":2,"name":"Modes de paiement"}]},{"@type":"WebSite","@id":"https:\/\/www.presasg8.es\/fr\/#website","url":"https:\/\/www.presasg8.es\/fr\/","name":"Presas de escalada G8","description":"Tienda online de Presas de escalada para roc\u00f3dromo","publisher":{"@id":"https:\/\/www.presasg8.es\/fr\/#organization"},"alternateName":"Presas de escalada para roc\u00f3dromo","potentialAction":[{"@type":"SearchAction","target":{"@type":"EntryPoint","urlTemplate":"https:\/\/www.presasg8.es\/fr\/?s={search_term_string}"},"query-input":{"@type":"PropertyValueSpecification","valueRequired":true,"valueName":"search_term_string"}}],"inLanguage":"fr-FR"},{"@type":"Organization","@id":"https:\/\/www.presasg8.es\/fr\/#organization","name":"Presas de escalada G8","alternateName":"Presas de escalada para roc\u00f3dromo G8","url":"https:\/\/www.presasg8.es\/fr\/","logo":{"@type":"ImageObject","inLanguage":"fr-FR","@id":"https:\/\/www.presasg8.es\/fr\/#\/schema\/logo\/image\/","url":"https:\/\/www.presasg8.es\/wp-content\/uploads\/2023\/09\/logo-presas-g8.jpeg","contentUrl":"https:\/\/www.presasg8.es\/wp-content\/uploads\/2023\/09\/logo-presas-g8.jpeg","width":400,"height":486,"caption":"Presas de escalada G8"},"image":{"@id":"https:\/\/www.presasg8.es\/fr\/#\/schema\/logo\/image\/"},"sameAs":["https:\/\/www.facebook.com\/presasescaladag8\/","https:\/\/www.instagram.com\/presasg8\/"]}]}},"_links":{"self":[{"href":"https:\/\/www.presasg8.es\/fr\/wp-json\/wp\/v2\/pages\/4449","targetHints":{"allow":["GET"]}}],"collection":[{"href":"https:\/\/www.presasg8.es\/fr\/wp-json\/wp\/v2\/pages"}],"about":[{"href":"https:\/\/www.presasg8.es\/fr\/wp-json\/wp\/v2\/types\/page"}],"author":[{"embeddable":true,"href":"https:\/\/www.presasg8.es\/fr\/wp-json\/wp\/v2\/users\/1"}],"replies":[{"embeddable":true,"href":"https:\/\/www.presasg8.es\/fr\/wp-json\/wp\/v2\/comments?post=4449"}],"version-history":[{"count":0,"href":"https:\/\/www.presasg8.es\/fr\/wp-json\/wp\/v2\/pages\/4449\/revisions"}],"wp:attachment":[{"href":"https:\/\/www.presasg8.es\/fr\/wp-json\/wp\/v2\/media?parent=4449"}],"curies":[{"name":"wp","href":"https:\/\/api.w.org\/{rel}","templated":true}]}}