{"id":4441,"date":"2024-03-25T10:33:40","date_gmt":"2024-03-25T09:33:40","guid":{"rendered":"https:\/\/www.presasg8.es\/?page_id=4441"},"modified":"2026-03-22T09:42:46","modified_gmt":"2026-03-22T08:42:46","slug":"livraison","status":"publish","type":"page","link":"https:\/\/www.presasg8.es\/fr\/livraison\/","title":{"rendered":"Livraison"},"content":{"rendered":"<p><em>Prises de<\/em> <strong>escalade<\/strong> G8 enverra la commande \u00e0 l&rsquo;entrep\u00f4t de distribution, d&rsquo;o\u00f9 les <em>prises d&rsquo;escalade<\/em> ou les accessoires seront exp\u00e9di\u00e9s \u00e0 l&rsquo;adresse fournie par l&rsquo;acheteur. Chaque fois qu&rsquo;un achat ou une commande doit \u00eatre exp\u00e9di\u00e9, l&rsquo;acheteur en est inform\u00e9 par e-mail. <\/p>\n<p>Les frais de transport sont \u00e0 la charge de l&rsquo;acheteur<\/p>\n<p>Le bon de commande correspondant \u00e0 la commande sera disponible sur<strong> G8 Prises<\/strong>, une fois le paiement confirm\u00e9, consultable sur le lien : \u00a0\u00bb Mes commandes \u00ab\u00a0, d\u00e8s l&rsquo;envoi d&rsquo;un email. Ce bon de commande inclut les frais de livraison et la TVA. <\/p>\n<p>Prises <strong>de escalada G8<\/strong> demandera \u00e0 ses clients de choisir l&rsquo;adresse de livraison, en sp\u00e9cifiant leur adresse, code postal, bureau ou centre o\u00f9 ils souhaitent que le colis soit livr\u00e9. Le d\u00e9lai de livraison varie entre 48 et 72 heures des jours ouvrables, et peut \u00eatre retard\u00e9 en fonction de la quantit\u00e9 de stock dont nous disposons \u00e0 ce moment-l\u00e0, en communiquant au client l&rsquo;\u00e9ventuel retard du produit. <\/p>\n<p><strong>Les prises d&rsquo;escalade G8<\/strong> informeront le client lorsque le paquet de prises aura quitt\u00e9 l&rsquo;entrep\u00f4t par l&rsquo;envoi d&rsquo;un e-mail.<\/p>\n<p>Chaque livraison est consid\u00e9r\u00e9e comme effectu\u00e9e d\u00e8s que le client re\u00e7oit le colis de la part du transporteur, en utilisant le syst\u00e8me de contr\u00f4le utilis\u00e9 par le transporteur, qu&rsquo;il s&rsquo;agisse d&rsquo;une signature \u00e9lectronique ou physique. Il appartient au client de v\u00e9rifier sa commande au moment de la livraison et de formuler toute r\u00e9clamation justifi\u00e9e. <\/p>\n<p>Les plaintes doivent \u00eatre adress\u00e9es aux Prises G8 par courrier \u00e9lectronique \u00e0 l&rsquo;adresse figurant sur la page des Prises G8.<\/p>\n","protected":false},"excerpt":{"rendered":"<p>Prises de escalade G8 enverra la commande \u00e0 l&rsquo;entrep\u00f4t de  [&#8230;]<\/p>\n","protected":false},"author":1,"featured_media":0,"parent":0,"menu_order":0,"comment_status":"closed","ping_status":"closed","template":"100-width.php","meta":{"_joinchat":[],"footnotes":""},"class_list":["post-4441","page","type-page","status-publish","hentry"],"yoast_head":"<!-- This site is optimized with the Yoast SEO plugin v27.3 - https:\/\/yoast.com\/product\/yoast-seo-wordpress\/ -->\n<title>Livraison - Presas G8 - Presas de escalada para roc\u00f3dromo<\/title>\n<meta name=\"description\" content=\"Prises d&#039;escalade de tous types et formes, \u00e0 des prix abordables.Prises d&#039;escalade pour murs d&#039;escalade. Prix \u200b\u200bde bonne qualit\u00e9\" \/>\n<meta name=\"robots\" content=\"noindex, follow\" \/>\n<meta property=\"og:locale\" content=\"fr_FR\" \/>\n<meta property=\"og:type\" content=\"article\" \/>\n<meta property=\"og:title\" content=\"Livraison - Presas G8 - Presas de escalada para roc\u00f3dromo\" \/>\n<meta property=\"og:description\" content=\"Prises d&#039;escalade de tous types et formes, \u00e0 des prix abordables.Prises d&#039;escalade pour murs d&#039;escalade. Prix \u200b\u200bde bonne qualit\u00e9\" \/>\n<meta property=\"og:url\" content=\"https:\/\/www.presasg8.es\/fr\/livraison\/\" \/>\n<meta property=\"og:site_name\" content=\"Presas G8 - Presas de escalada para roc\u00f3dromo\" \/>\n<meta property=\"article:publisher\" content=\"https:\/\/www.facebook.com\/presasescaladag8\/\" \/>\n<meta property=\"article:modified_time\" content=\"2026-03-22T08:42:46+00:00\" \/>\n<meta name=\"twitter:card\" content=\"summary_large_image\" \/>\n<meta name=\"twitter:label1\" content=\"Dur\u00e9e de lecture estim\u00e9e\" \/>\n\t<meta name=\"twitter:data1\" content=\"2 minutes\" \/>\n<script type=\"application\/ld+json\" class=\"yoast-schema-graph\">{\"@context\":\"https:\\\/\\\/schema.org\",\"@graph\":[{\"@type\":\"WebPage\",\"@id\":\"https:\\\/\\\/www.presasg8.es\\\/fr\\\/livraison\\\/\",\"url\":\"https:\\\/\\\/www.presasg8.es\\\/fr\\\/livraison\\\/\",\"name\":\"Livraison - Presas G8 - Presas de escalada para roc\u00f3dromo\",\"isPartOf\":{\"@id\":\"https:\\\/\\\/www.presasg8.es\\\/fr\\\/#website\"},\"datePublished\":\"2024-03-25T09:33:40+00:00\",\"dateModified\":\"2026-03-22T08:42:46+00:00\",\"description\":\"Prises d'escalade de tous types et formes, \u00e0 des prix abordables.Prises d'escalade pour murs d'escalade. Prix \u200b\u200bde bonne qualit\u00e9\",\"breadcrumb\":{\"@id\":\"https:\\\/\\\/www.presasg8.es\\\/fr\\\/livraison\\\/#breadcrumb\"},\"inLanguage\":\"fr-FR\",\"potentialAction\":[{\"@type\":\"ReadAction\",\"target\":[\"https:\\\/\\\/www.presasg8.es\\\/fr\\\/livraison\\\/\"]}]},{\"@type\":\"BreadcrumbList\",\"@id\":\"https:\\\/\\\/www.presasg8.es\\\/fr\\\/livraison\\\/#breadcrumb\",\"itemListElement\":[{\"@type\":\"ListItem\",\"position\":1,\"name\":\"Portada\",\"item\":\"https:\\\/\\\/www.presasg8.es\\\/fr\\\/\"},{\"@type\":\"ListItem\",\"position\":2,\"name\":\"Livraison\"}]},{\"@type\":\"WebSite\",\"@id\":\"https:\\\/\\\/www.presasg8.es\\\/fr\\\/#website\",\"url\":\"https:\\\/\\\/www.presasg8.es\\\/fr\\\/\",\"name\":\"Presas de escalada G8\",\"description\":\"Tienda online de Presas de escalada para roc\u00f3dromo\",\"publisher\":{\"@id\":\"https:\\\/\\\/www.presasg8.es\\\/fr\\\/#organization\"},\"alternateName\":\"Presas de escalada para roc\u00f3dromo\",\"potentialAction\":[{\"@type\":\"SearchAction\",\"target\":{\"@type\":\"EntryPoint\",\"urlTemplate\":\"https:\\\/\\\/www.presasg8.es\\\/fr\\\/?s={search_term_string}\"},\"query-input\":{\"@type\":\"PropertyValueSpecification\",\"valueRequired\":true,\"valueName\":\"search_term_string\"}}],\"inLanguage\":\"fr-FR\"},{\"@type\":\"Organization\",\"@id\":\"https:\\\/\\\/www.presasg8.es\\\/fr\\\/#organization\",\"name\":\"Presas de escalada G8\",\"alternateName\":\"Presas de escalada para roc\u00f3dromo G8\",\"url\":\"https:\\\/\\\/www.presasg8.es\\\/fr\\\/\",\"logo\":{\"@type\":\"ImageObject\",\"inLanguage\":\"fr-FR\",\"@id\":\"https:\\\/\\\/www.presasg8.es\\\/fr\\\/#\\\/schema\\\/logo\\\/image\\\/\",\"url\":\"https:\\\/\\\/www.presasg8.es\\\/wp-content\\\/uploads\\\/2023\\\/09\\\/logo-presas-g8.jpeg\",\"contentUrl\":\"https:\\\/\\\/www.presasg8.es\\\/wp-content\\\/uploads\\\/2023\\\/09\\\/logo-presas-g8.jpeg\",\"width\":400,\"height\":486,\"caption\":\"Presas de escalada G8\"},\"image\":{\"@id\":\"https:\\\/\\\/www.presasg8.es\\\/fr\\\/#\\\/schema\\\/logo\\\/image\\\/\"},\"sameAs\":[\"https:\\\/\\\/www.facebook.com\\\/presasescaladag8\\\/\",\"https:\\\/\\\/www.instagram.com\\\/presasg8\\\/\"]}]}<\/script>\n<!-- \/ Yoast SEO plugin. -->","yoast_head_json":{"title":"Livraison - Presas G8 - Presas de escalada para roc\u00f3dromo","description":"Prises d'escalade de tous types et formes, \u00e0 des prix abordables.Prises d'escalade pour murs d'escalade. Prix \u200b\u200bde bonne qualit\u00e9","robots":{"index":"noindex","follow":"follow"},"og_locale":"fr_FR","og_type":"article","og_title":"Livraison - Presas G8 - Presas de escalada para roc\u00f3dromo","og_description":"Prises d'escalade de tous types et formes, \u00e0 des prix abordables.Prises d'escalade pour murs d'escalade. Prix \u200b\u200bde bonne qualit\u00e9","og_url":"https:\/\/www.presasg8.es\/fr\/livraison\/","og_site_name":"Presas G8 - Presas de escalada para roc\u00f3dromo","article_publisher":"https:\/\/www.facebook.com\/presasescaladag8\/","article_modified_time":"2026-03-22T08:42:46+00:00","twitter_card":"summary_large_image","twitter_misc":{"Dur\u00e9e de lecture estim\u00e9e":"2 minutes"},"schema":{"@context":"https:\/\/schema.org","@graph":[{"@type":"WebPage","@id":"https:\/\/www.presasg8.es\/fr\/livraison\/","url":"https:\/\/www.presasg8.es\/fr\/livraison\/","name":"Livraison - Presas G8 - Presas de escalada para roc\u00f3dromo","isPartOf":{"@id":"https:\/\/www.presasg8.es\/fr\/#website"},"datePublished":"2024-03-25T09:33:40+00:00","dateModified":"2026-03-22T08:42:46+00:00","description":"Prises d'escalade de tous types et formes, \u00e0 des prix abordables.Prises d'escalade pour murs d'escalade. Prix \u200b\u200bde bonne qualit\u00e9","breadcrumb":{"@id":"https:\/\/www.presasg8.es\/fr\/livraison\/#breadcrumb"},"inLanguage":"fr-FR","potentialAction":[{"@type":"ReadAction","target":["https:\/\/www.presasg8.es\/fr\/livraison\/"]}]},{"@type":"BreadcrumbList","@id":"https:\/\/www.presasg8.es\/fr\/livraison\/#breadcrumb","itemListElement":[{"@type":"ListItem","position":1,"name":"Portada","item":"https:\/\/www.presasg8.es\/fr\/"},{"@type":"ListItem","position":2,"name":"Livraison"}]},{"@type":"WebSite","@id":"https:\/\/www.presasg8.es\/fr\/#website","url":"https:\/\/www.presasg8.es\/fr\/","name":"Presas de escalada G8","description":"Tienda online de Presas de escalada para roc\u00f3dromo","publisher":{"@id":"https:\/\/www.presasg8.es\/fr\/#organization"},"alternateName":"Presas de escalada para roc\u00f3dromo","potentialAction":[{"@type":"SearchAction","target":{"@type":"EntryPoint","urlTemplate":"https:\/\/www.presasg8.es\/fr\/?s={search_term_string}"},"query-input":{"@type":"PropertyValueSpecification","valueRequired":true,"valueName":"search_term_string"}}],"inLanguage":"fr-FR"},{"@type":"Organization","@id":"https:\/\/www.presasg8.es\/fr\/#organization","name":"Presas de escalada G8","alternateName":"Presas de escalada para roc\u00f3dromo G8","url":"https:\/\/www.presasg8.es\/fr\/","logo":{"@type":"ImageObject","inLanguage":"fr-FR","@id":"https:\/\/www.presasg8.es\/fr\/#\/schema\/logo\/image\/","url":"https:\/\/www.presasg8.es\/wp-content\/uploads\/2023\/09\/logo-presas-g8.jpeg","contentUrl":"https:\/\/www.presasg8.es\/wp-content\/uploads\/2023\/09\/logo-presas-g8.jpeg","width":400,"height":486,"caption":"Presas de escalada G8"},"image":{"@id":"https:\/\/www.presasg8.es\/fr\/#\/schema\/logo\/image\/"},"sameAs":["https:\/\/www.facebook.com\/presasescaladag8\/","https:\/\/www.instagram.com\/presasg8\/"]}]}},"_links":{"self":[{"href":"https:\/\/www.presasg8.es\/fr\/wp-json\/wp\/v2\/pages\/4441","targetHints":{"allow":["GET"]}}],"collection":[{"href":"https:\/\/www.presasg8.es\/fr\/wp-json\/wp\/v2\/pages"}],"about":[{"href":"https:\/\/www.presasg8.es\/fr\/wp-json\/wp\/v2\/types\/page"}],"author":[{"embeddable":true,"href":"https:\/\/www.presasg8.es\/fr\/wp-json\/wp\/v2\/users\/1"}],"replies":[{"embeddable":true,"href":"https:\/\/www.presasg8.es\/fr\/wp-json\/wp\/v2\/comments?post=4441"}],"version-history":[{"count":0,"href":"https:\/\/www.presasg8.es\/fr\/wp-json\/wp\/v2\/pages\/4441\/revisions"}],"wp:attachment":[{"href":"https:\/\/www.presasg8.es\/fr\/wp-json\/wp\/v2\/media?parent=4441"}],"curies":[{"name":"wp","href":"https:\/\/api.w.org\/{rel}","templated":true}]}}