{"id":4426,"date":"2024-02-13T11:11:16","date_gmt":"2024-02-13T10:11:16","guid":{"rendered":"https:\/\/www.presasg8.es\/?page_id=4426"},"modified":"2026-03-22T09:42:49","modified_gmt":"2026-03-22T08:42:49","slug":"termes-et-conditions","status":"publish","type":"page","link":"https:\/\/www.presasg8.es\/fr\/termes-et-conditions\/","title":{"rendered":"Conditions g\u00e9n\u00e9rales d&rsquo;utilisation"},"content":{"rendered":"<p>Presas de escalada G8, responsable du site web, met \u00e0 la disposition des utilisateurs ce document par lequel elle entend respecter les obligations pr\u00e9vues par la loi 34\/2002, du 11 juillet, sur les services de la soci\u00e9t\u00e9 de l&rsquo;information et le commerce \u00e9lectronique (LSSICE), ainsi qu&rsquo;informer tous les utilisateurs du site web des conditions d&rsquo;utilisation.<\/p>\n<p>Presas de escalada G8 fournit, \u00e0 travers le contenu de ce site web, une information claire et gratuite aux utilisateurs sur l&rsquo;entreprise elle-m\u00eame, son histoire et ses produits, s&rsquo;engageant \u00e0 l&rsquo;observation et au strict respect des dispositions \u00e9nonc\u00e9es ici, ainsi que de toute autre disposition l\u00e9gale applicable.<\/p>\n<p>Presas de escalada G8 se r\u00e9serve le droit de modifier tout type d&rsquo;information pouvant figurer sur le site web, sans obligation de pr\u00e9avis ni d&rsquo;informer les utilisateurs de ces obligations, la publication sur ce site web \u00e9tant consid\u00e9r\u00e9e comme suffisante.<\/p>\n<p><strong>DONN\u00c9ES D&rsquo;IDENTIFICATION<\/strong><\/p>\n<p>Nom de domaine : www.presasg8.es<\/p>\n<p>Nom commercial : G8 Climbing holds<\/p>\n<p>Nom de l&rsquo;entreprise : Presas de escalada G8<\/p>\n<p>NUM\u00c9RO DE TVA : 47068091V<\/p>\n<p>Si\u00e8ge social : Pablo Medina 32, 02005, Albacete<\/p>\n<p>&nbsp;<\/p>\n<p><strong>DROITS DE PROPRI\u00c9T\u00c9 INTELLECTUELLE ET INDUSTRIELLE<\/strong><\/p>\n<p>Le site Web, y compris, mais sans s&rsquo;y limiter, sa programmation, son \u00e9dition, sa compilation et les autres \u00e9l\u00e9ments n\u00e9cessaires \u00e0 son fonctionnement, les conceptions, les logos, les textes et\/ou les graphiques, sont la propri\u00e9t\u00e9 des Prises de escalada G8 ou, le cas \u00e9ch\u00e9ant, dispose d&rsquo;une licence ou d&rsquo;une autorisation expresse de la part des auteurs. Tous les contenus du site Web sont d\u00fbment prot\u00e9g\u00e9s par la r\u00e9glementation en mati\u00e8re de propri\u00e9t\u00e9 intellectuelle et industrielle, et sont inscrits dans les registres publics correspondants.<\/p>\n<p>Quelle que soit la finalit\u00e9 poursuivie, la reproduction, l&rsquo;utilisation, l&rsquo;exploitation, la distribution et la commercialisation, totales ou partielles, requi\u00e8rent dans tous les cas l&rsquo;autorisation \u00e9crite pr\u00e9alable de Presas de escalada G8. Toute utilisation non autoris\u00e9e est consid\u00e9r\u00e9e comme une violation grave des droits de propri\u00e9t\u00e9 intellectuelle ou industrielle de l&rsquo;auteur.<\/p>\n<p>Les dessins, logos, textes et\/ou graphiques qui n&rsquo;appartiennent pas \u00e0 Presas de escalada G8 et qui peuvent appara\u00eetre sur le site web appartiennent \u00e0 leurs propri\u00e9taires respectifs, qui sont eux-m\u00eames responsables de toute \u00e9ventuelle controverse pouvant survenir \u00e0 ce sujet. Les prises de escalade G8 autorisent express\u00e9ment les tiers \u00e0 rediriger directement vers les contenus sp\u00e9cifiques du site web, et dans tous les cas \u00e0 rediriger vers le site web principal.<\/p>\n<p>Presas de escalada G8, reconna\u00eet en faveur de ses propri\u00e9taires les droits de propri\u00e9t\u00e9 intellectuelle et industrielle correspondants, et leur simple mention ou apparition sur le site Web n&rsquo;implique pas l&rsquo;existence d&rsquo;un droit ou d&rsquo;une responsabilit\u00e9 quelconque sur ceux-ci, ni d&rsquo;une approbation, d&rsquo;un parrainage ou d&rsquo;une recommandation de leur part.<\/p>\n<p>Pour faire des commentaires sur d&rsquo;\u00e9ventuelles violations des droits de propri\u00e9t\u00e9 intellectuelle ou industrielle, ainsi que sur les contenus du site Web, vous pouvez envoyer un courrier \u00e9lectronique \u00e0 l&rsquo;adresse suivante : <a href=\"mailto:nicolas_ggp@hotmail.com\">nicolas_ggp@hotmail.com<\/a>.<\/p>\n<p>&nbsp;<\/p>\n<p><strong>OBLIGATIONS ET RESPONSABILIT\u00c9S DE L&rsquo;UTILISATEUR<\/strong><\/p>\n<p>L&rsquo;utilisateur s&rsquo;engage \u00e0 :<\/p>\n<ol>\n<li>Faire un usage correct et licite du site web, de son contenu et de ses services, conform\u00e9ment \u00e0 la loi : (i) la loi applicable \u00e0 ce moment-l\u00e0 ; (ii) les conditions g\u00e9n\u00e9rales d&rsquo;utilisation du site web ; (iii) la moralit\u00e9 et la d\u00e9cence g\u00e9n\u00e9ralement accept\u00e9es, et (iv) les principes de moralit\u00e9 et de d\u00e9cence g\u00e9n\u00e9ralement accept\u00e9s. (iv) l&rsquo;ordre public.<\/li>\n<li>Fournir tous les moyens et exigences techniques n\u00e9cessaires pour acc\u00e9der au site Web.<\/li>\n<li>Fournir des informations v\u00e9ridiques lorsqu&rsquo;ils remplissent les formulaires contenus sur le site Web avec leurs donn\u00e9es personnelles et les maintenir \u00e0 jour \u00e0 tout moment afin qu&rsquo;ils r\u00e9pondent, \u00e0 tout moment, \u00e0 la situation r\u00e9elle de l&rsquo;utilisateur. L&rsquo;utilisateur est seul responsable des d\u00e9clarations fausses ou inexactes faites et des dommages caus\u00e9s \u00e0 Presas de escalada G8 ou \u00e0 des tiers du fait des informations fournies.<\/li>\n<\/ol>\n<p>L&rsquo;utilisateur s&rsquo;abstient \u00e9galement de :<\/p>\n<ol>\n<li>Faire un usage non autoris\u00e9 ou frauduleux du site web et\/ou de ses contenus \u00e0 des fins ou effets illicites, interdits dans les pr\u00e9sentes conditions g\u00e9n\u00e9rales d&rsquo;utilisation, pr\u00e9judiciables aux droits et int\u00e9r\u00eats de tiers, ou qui, de quelque mani\u00e8re que ce soit, pourraient endommager, rendre inutilisable, surcharger, d\u00e9t\u00e9riorer ou emp\u00eacher l&rsquo;utilisation normale des services ou des documents, fichiers et tous types de contenus stock\u00e9s dans n&rsquo;importe quel \u00e9quipement informatique.<\/li>\n<li>Acc\u00e9der ou tenter d&rsquo;acc\u00e9der \u00e0 des ressources ou \u00e0 des zones restreintes du site web, sans respecter les conditions requises pour un tel acc\u00e8s.<\/li>\n<li>causer des dommages aux syst\u00e8mes physiques ou logiques du site web, de ses fournisseurs ou de tiers.<\/li>\n<li>Introduire ou diffuser des virus informatiques ou tout autre syst\u00e8me physique ou logique susceptible de causer des dommages aux syst\u00e8mes physiques ou logiques de Presas de escalada G8, de ses fournisseurs ou de tiers.<\/li>\n<li>Tenter d&rsquo;acc\u00e9der, d&rsquo;utiliser et\/ou de manipuler les donn\u00e9es de Presas de escalada G8, de fournisseurs tiers et d&rsquo;autres utilisateurs.<\/li>\n<li>Reproduire ou copier, distribuer, permettre l&rsquo;acc\u00e8s public \u00e0 travers toute forme de communication publique, transformer ou modifier les contenus, \u00e0 moins d&rsquo;y \u00eatre autoris\u00e9 par le titulaire des droits correspondants ou d&rsquo;y \u00eatre l\u00e9galement autoris\u00e9.<\/li>\n<li>Supprimer, cacher ou manipuler les notes sur les droits de propri\u00e9t\u00e9 intellectuelle ou industrielle et autres donn\u00e9es identifiant les droits de Presas de escalada G8, ou de tiers, incorpor\u00e9es dans les contenus, ainsi que les dispositifs techniques de protection ou tout m\u00e9canisme d&rsquo;information pouvant \u00eatre ins\u00e9r\u00e9 dans les contenus.<\/li>\n<li>Obtenir et tenter d&rsquo;obtenir les contenus en utilisant des moyens ou des proc\u00e9dures autres que ceux qui, le cas \u00e9ch\u00e9ant, ont \u00e9t\u00e9 mis \u00e0 disposition \u00e0 cette fin ou qui ont \u00e9t\u00e9 express\u00e9ment indiqu\u00e9s sur les pages Web o\u00f9 se trouvent les contenus ou, en g\u00e9n\u00e9ral, ceux qui sont normalement utilis\u00e9s sur Internet parce qu&rsquo;ils n&rsquo;entra\u00eenent pas de risque de dommage ou de d\u00e9sactivation du site Web et\/ou des contenus.<\/li>\n<li>En particulier, \u00e0 titre d&rsquo;exemple et sans limitation, l&rsquo;utilisateur s&rsquo;engage \u00e0 ne pas transmettre, diffuser ou mettre \u00e0 la disposition de tiers des informations, donn\u00e9es, contenus, messages, graphiques, dessins, fichiers son et\/ou image, photographies, enregistrements, logiciels et, en g\u00e9n\u00e9ral, tout type de mat\u00e9riel qui :\n<ul>\n<li>(De quelque mani\u00e8re que ce soit qui soit contraire aux droits fondamentaux et aux libert\u00e9s publiques reconnus dans la Constitution, dans les trait\u00e9s internationaux et dans le reste de la l\u00e9gislation en vigueur, ou qui les compromette ou les enfreigne).<\/li>\n<li>Induit, incite ou promeut des actions criminelles, d\u00e9nigrantes, diffamatoires ou violentes ou, en g\u00e9n\u00e9ral, des actions contraires \u00e0 la loi, \u00e0 la morale, aux bonnes coutumes g\u00e9n\u00e9ralement accept\u00e9es ou \u00e0 l&rsquo;ordre public.<\/li>\n<li>Induit, incite ou promeut des actions, attitudes ou pens\u00e9es discriminatoires en raison du sexe, de la race, de la religion, des croyances, de l&rsquo;\u00e2ge ou du statut.<\/li>\n<\/ul>\n<\/li>\n<\/ol>\n<p>Incorporer, mettre \u00e0 disposition ou permettre l&rsquo;acc\u00e8s \u00e0 des produits, des articles, des messages et\/ou des services<\/p>\n<p>&nbsp;<\/p>\n<p><strong>LES RESPONSABILIT\u00c9S<\/strong><\/p>\n<p>Presas de escalada G8 ne garantit pas l&rsquo;acc\u00e8s continu, ni la visualisation, le t\u00e9l\u00e9chargement ou l&rsquo;utilisation corrects des \u00e9l\u00e9ments et des informations contenus dans les pages, qui peuvent \u00eatre entrav\u00e9s, g\u00ean\u00e9s ou interrompus par des facteurs ou des circonstances \u00e9chappant \u00e0 son contr\u00f4le.<\/p>\n<p>Presas de escalada G8 peut interrompre le service ou mettre fin imm\u00e9diatement \u00e0 la relation avec l&rsquo;utilisateur si elle constate que l&rsquo;utilisation de son site Web est contraire aux pr\u00e9sentes conditions g\u00e9n\u00e9rales d&rsquo;utilisation. Presas de escalada G8 n&rsquo;est pas responsable des dommages, pertes, r\u00e9clamations ou d\u00e9penses r\u00e9sultant de l&rsquo;utilisation du site web. Il n&rsquo;est responsable que du retrait, dans les meilleurs d\u00e9lais, des contenus susceptibles de causer de tels dommages, \u00e0 condition que cela lui soit notifi\u00e9. En particulier, elle n&rsquo;est pas responsable des dommages qui pourraient r\u00e9sulter, entre autres, de ce qui suit :<\/p>\n<p>(i) les interf\u00e9rences, interruptions, d\u00e9faillances, omissions, pannes t\u00e9l\u00e9phoniques, retards, blocages ou d\u00e9connexions dans le fonctionnement du syst\u00e8me \u00e9lectronique, caus\u00e9s par des d\u00e9ficiences, des surcharges et des erreurs dans les lignes et r\u00e9seaux de t\u00e9l\u00e9communications, ou toute autre cause ind\u00e9pendante de la volont\u00e9 de Presas de escalada G8.<\/p>\n<p>(ii) les interf\u00e9rences ill\u00e9gales par l&rsquo;utilisation de logiciels malveillants de toute nature et par tout moyen de communication, tels que les virus informatiques ou tout autre moyen.<\/p>\n<p>(iii) l&rsquo;utilisation abusive ou inappropri\u00e9e du site web.<\/p>\n<p>(iv) des erreurs de s\u00e9curit\u00e9 ou de navigation caus\u00e9es par un mauvais fonctionnement du navigateur ou par l&rsquo;utilisation de versions non mises \u00e0 jour du navigateur. Les administrateurs se r\u00e9servent le droit de retirer, en tout ou en partie, tout contenu ou information pr\u00e9sent sur le site web.<\/p>\n<p>Presas de escalada G8, exclut toute responsabilit\u00e9 pour les dommages de toute nature qui pourraient \u00eatre dus \u00e0 une mauvaise utilisation par les utilisateurs du site Web.<\/p>\n<p>De m\u00eame, Presas de escalada G8 d\u00e9cline toute responsabilit\u00e9 quant au contenu et aux informations qui peuvent \u00eatre re\u00e7ues par le biais des formulaires de collecte de donn\u00e9es, ceux-ci \u00e9tant utilis\u00e9s uniquement pour la prestation de services en cas de questions ou de doutes. Par ailleurs, en cas de dommages caus\u00e9s par une utilisation illicite ou incorrecte desdits services, l&rsquo;utilisateur pourra se voir r\u00e9clamer par Presas de escalada G8 les dommages caus\u00e9s.<\/p>\n<p>Vous d\u00e9fendrez, indemniserez et pr\u00e9serverez Presas de escalada G8 de tout dommage r\u00e9sultant de r\u00e9clamations, actions ou demandes de tiers cons\u00e9cutives \u00e0 votre acc\u00e8s au site web ou \u00e0 votre utilisation de celui-ci. Vous vous engagez \u00e9galement \u00e0 indemniser Presas de escalada G8 de tout dommage r\u00e9sultant de l&rsquo;utilisation de \u00ab\u00a0robots\u00a0\u00bb, \u00ab\u00a0spiders\u00a0\u00bb, \u00ab\u00a0crawlers\u00a0\u00bb ou d&rsquo;outils similaires utilis\u00e9s dans le but de collecter ou d&rsquo;extraire des donn\u00e9es ou de toute autre action de votre part imposant un fardeau d\u00e9raisonnable au fonctionnement du site web.<\/p>\n","protected":false},"excerpt":{"rendered":"<p>Presas de escalada G8, responsable du site web, met \u00e0  [&#8230;]<\/p>\n","protected":false},"author":1,"featured_media":0,"parent":0,"menu_order":0,"comment_status":"closed","ping_status":"closed","template":"100-width.php","meta":{"_joinchat":[],"footnotes":""},"class_list":["post-4426","page","type-page","status-publish","hentry"],"yoast_head":"<!-- This site is optimized with the Yoast SEO plugin v27.3 - https:\/\/yoast.com\/product\/yoast-seo-wordpress\/ -->\n<title>Conditions g\u00e9n\u00e9rales d&#039;utilisation - Presas G8 - Presas de escalada para roc\u00f3dromo<\/title>\n<meta name=\"robots\" content=\"noindex, follow\" \/>\n<meta property=\"og:locale\" content=\"fr_FR\" \/>\n<meta property=\"og:type\" content=\"article\" \/>\n<meta property=\"og:title\" content=\"Conditions g\u00e9n\u00e9rales d&#039;utilisation - Presas G8 - Presas de escalada para roc\u00f3dromo\" \/>\n<meta property=\"og:description\" content=\"Presas de escalada G8, responsable du site web, met \u00e0 [...]\" \/>\n<meta property=\"og:url\" content=\"https:\/\/www.presasg8.es\/fr\/termes-et-conditions\/\" \/>\n<meta property=\"og:site_name\" content=\"Presas G8 - Presas de escalada para roc\u00f3dromo\" \/>\n<meta property=\"article:publisher\" content=\"https:\/\/www.facebook.com\/presasescaladag8\/\" \/>\n<meta property=\"article:modified_time\" content=\"2026-03-22T08:42:49+00:00\" \/>\n<meta name=\"twitter:card\" content=\"summary_large_image\" \/>\n<meta name=\"twitter:label1\" content=\"Dur\u00e9e de lecture estim\u00e9e\" \/>\n\t<meta name=\"twitter:data1\" content=\"8 minutes\" \/>\n<script type=\"application\/ld+json\" class=\"yoast-schema-graph\">{\"@context\":\"https:\\\/\\\/schema.org\",\"@graph\":[{\"@type\":\"WebPage\",\"@id\":\"https:\\\/\\\/www.presasg8.es\\\/fr\\\/termes-et-conditions\\\/\",\"url\":\"https:\\\/\\\/www.presasg8.es\\\/fr\\\/termes-et-conditions\\\/\",\"name\":\"Conditions g\u00e9n\u00e9rales d'utilisation - Presas G8 - Presas de escalada para roc\u00f3dromo\",\"isPartOf\":{\"@id\":\"https:\\\/\\\/www.presasg8.es\\\/fr\\\/#website\"},\"datePublished\":\"2024-02-13T10:11:16+00:00\",\"dateModified\":\"2026-03-22T08:42:49+00:00\",\"breadcrumb\":{\"@id\":\"https:\\\/\\\/www.presasg8.es\\\/fr\\\/termes-et-conditions\\\/#breadcrumb\"},\"inLanguage\":\"fr-FR\",\"potentialAction\":[{\"@type\":\"ReadAction\",\"target\":[\"https:\\\/\\\/www.presasg8.es\\\/fr\\\/termes-et-conditions\\\/\"]}]},{\"@type\":\"BreadcrumbList\",\"@id\":\"https:\\\/\\\/www.presasg8.es\\\/fr\\\/termes-et-conditions\\\/#breadcrumb\",\"itemListElement\":[{\"@type\":\"ListItem\",\"position\":1,\"name\":\"Portada\",\"item\":\"https:\\\/\\\/www.presasg8.es\\\/fr\\\/\"},{\"@type\":\"ListItem\",\"position\":2,\"name\":\"Conditions g\u00e9n\u00e9rales d&#8217;utilisation\"}]},{\"@type\":\"WebSite\",\"@id\":\"https:\\\/\\\/www.presasg8.es\\\/fr\\\/#website\",\"url\":\"https:\\\/\\\/www.presasg8.es\\\/fr\\\/\",\"name\":\"Presas de escalada G8\",\"description\":\"Tienda online de Presas de escalada para roc\u00f3dromo\",\"publisher\":{\"@id\":\"https:\\\/\\\/www.presasg8.es\\\/fr\\\/#organization\"},\"alternateName\":\"Presas de escalada para roc\u00f3dromo\",\"potentialAction\":[{\"@type\":\"SearchAction\",\"target\":{\"@type\":\"EntryPoint\",\"urlTemplate\":\"https:\\\/\\\/www.presasg8.es\\\/fr\\\/?s={search_term_string}\"},\"query-input\":{\"@type\":\"PropertyValueSpecification\",\"valueRequired\":true,\"valueName\":\"search_term_string\"}}],\"inLanguage\":\"fr-FR\"},{\"@type\":\"Organization\",\"@id\":\"https:\\\/\\\/www.presasg8.es\\\/fr\\\/#organization\",\"name\":\"Presas de escalada G8\",\"alternateName\":\"Presas de escalada para roc\u00f3dromo G8\",\"url\":\"https:\\\/\\\/www.presasg8.es\\\/fr\\\/\",\"logo\":{\"@type\":\"ImageObject\",\"inLanguage\":\"fr-FR\",\"@id\":\"https:\\\/\\\/www.presasg8.es\\\/fr\\\/#\\\/schema\\\/logo\\\/image\\\/\",\"url\":\"https:\\\/\\\/www.presasg8.es\\\/wp-content\\\/uploads\\\/2023\\\/09\\\/logo-presas-g8.jpeg\",\"contentUrl\":\"https:\\\/\\\/www.presasg8.es\\\/wp-content\\\/uploads\\\/2023\\\/09\\\/logo-presas-g8.jpeg\",\"width\":400,\"height\":486,\"caption\":\"Presas de escalada G8\"},\"image\":{\"@id\":\"https:\\\/\\\/www.presasg8.es\\\/fr\\\/#\\\/schema\\\/logo\\\/image\\\/\"},\"sameAs\":[\"https:\\\/\\\/www.facebook.com\\\/presasescaladag8\\\/\",\"https:\\\/\\\/www.instagram.com\\\/presasg8\\\/\"]}]}<\/script>\n<!-- \/ Yoast SEO plugin. -->","yoast_head_json":{"title":"Conditions g\u00e9n\u00e9rales d'utilisation - Presas G8 - Presas de escalada para roc\u00f3dromo","robots":{"index":"noindex","follow":"follow"},"og_locale":"fr_FR","og_type":"article","og_title":"Conditions g\u00e9n\u00e9rales d'utilisation - Presas G8 - Presas de escalada para roc\u00f3dromo","og_description":"Presas de escalada G8, responsable du site web, met \u00e0 [...]","og_url":"https:\/\/www.presasg8.es\/fr\/termes-et-conditions\/","og_site_name":"Presas G8 - Presas de escalada para roc\u00f3dromo","article_publisher":"https:\/\/www.facebook.com\/presasescaladag8\/","article_modified_time":"2026-03-22T08:42:49+00:00","twitter_card":"summary_large_image","twitter_misc":{"Dur\u00e9e de lecture estim\u00e9e":"8 minutes"},"schema":{"@context":"https:\/\/schema.org","@graph":[{"@type":"WebPage","@id":"https:\/\/www.presasg8.es\/fr\/termes-et-conditions\/","url":"https:\/\/www.presasg8.es\/fr\/termes-et-conditions\/","name":"Conditions g\u00e9n\u00e9rales d'utilisation - Presas G8 - Presas de escalada para roc\u00f3dromo","isPartOf":{"@id":"https:\/\/www.presasg8.es\/fr\/#website"},"datePublished":"2024-02-13T10:11:16+00:00","dateModified":"2026-03-22T08:42:49+00:00","breadcrumb":{"@id":"https:\/\/www.presasg8.es\/fr\/termes-et-conditions\/#breadcrumb"},"inLanguage":"fr-FR","potentialAction":[{"@type":"ReadAction","target":["https:\/\/www.presasg8.es\/fr\/termes-et-conditions\/"]}]},{"@type":"BreadcrumbList","@id":"https:\/\/www.presasg8.es\/fr\/termes-et-conditions\/#breadcrumb","itemListElement":[{"@type":"ListItem","position":1,"name":"Portada","item":"https:\/\/www.presasg8.es\/fr\/"},{"@type":"ListItem","position":2,"name":"Conditions g\u00e9n\u00e9rales d&#8217;utilisation"}]},{"@type":"WebSite","@id":"https:\/\/www.presasg8.es\/fr\/#website","url":"https:\/\/www.presasg8.es\/fr\/","name":"Presas de escalada G8","description":"Tienda online de Presas de escalada para roc\u00f3dromo","publisher":{"@id":"https:\/\/www.presasg8.es\/fr\/#organization"},"alternateName":"Presas de escalada para roc\u00f3dromo","potentialAction":[{"@type":"SearchAction","target":{"@type":"EntryPoint","urlTemplate":"https:\/\/www.presasg8.es\/fr\/?s={search_term_string}"},"query-input":{"@type":"PropertyValueSpecification","valueRequired":true,"valueName":"search_term_string"}}],"inLanguage":"fr-FR"},{"@type":"Organization","@id":"https:\/\/www.presasg8.es\/fr\/#organization","name":"Presas de escalada G8","alternateName":"Presas de escalada para roc\u00f3dromo G8","url":"https:\/\/www.presasg8.es\/fr\/","logo":{"@type":"ImageObject","inLanguage":"fr-FR","@id":"https:\/\/www.presasg8.es\/fr\/#\/schema\/logo\/image\/","url":"https:\/\/www.presasg8.es\/wp-content\/uploads\/2023\/09\/logo-presas-g8.jpeg","contentUrl":"https:\/\/www.presasg8.es\/wp-content\/uploads\/2023\/09\/logo-presas-g8.jpeg","width":400,"height":486,"caption":"Presas de escalada G8"},"image":{"@id":"https:\/\/www.presasg8.es\/fr\/#\/schema\/logo\/image\/"},"sameAs":["https:\/\/www.facebook.com\/presasescaladag8\/","https:\/\/www.instagram.com\/presasg8\/"]}]}},"_links":{"self":[{"href":"https:\/\/www.presasg8.es\/fr\/wp-json\/wp\/v2\/pages\/4426","targetHints":{"allow":["GET"]}}],"collection":[{"href":"https:\/\/www.presasg8.es\/fr\/wp-json\/wp\/v2\/pages"}],"about":[{"href":"https:\/\/www.presasg8.es\/fr\/wp-json\/wp\/v2\/types\/page"}],"author":[{"embeddable":true,"href":"https:\/\/www.presasg8.es\/fr\/wp-json\/wp\/v2\/users\/1"}],"replies":[{"embeddable":true,"href":"https:\/\/www.presasg8.es\/fr\/wp-json\/wp\/v2\/comments?post=4426"}],"version-history":[{"count":0,"href":"https:\/\/www.presasg8.es\/fr\/wp-json\/wp\/v2\/pages\/4426\/revisions"}],"wp:attachment":[{"href":"https:\/\/www.presasg8.es\/fr\/wp-json\/wp\/v2\/media?parent=4426"}],"curies":[{"name":"wp","href":"https:\/\/api.w.org\/{rel}","templated":true}]}}