{"id":4418,"date":"2024-02-13T11:10:35","date_gmt":"2024-02-13T10:10:35","guid":{"rendered":"https:\/\/www.presasg8.es\/?page_id=4418"},"modified":"2026-03-22T09:42:52","modified_gmt":"2026-03-22T08:42:52","slug":"politique-de-retour","status":"publish","type":"page","link":"https:\/\/www.presasg8.es\/fr\/politique-de-retour\/","title":{"rendered":"Politique de retour"},"content":{"rendered":"<h4 class=\"wp-block-heading\">Commande et prix<\/h4>\n<p>Les clients ont la possibilit\u00e9 de passer toutes leurs commandes \u00e0 partir du site web : www.presasg8.es.<\/p>\n<p>Chaque client d\u00e9clare qu&rsquo;il a la pleine capacit\u00e9 d&rsquo;utiliser des cartes de cr\u00e9dit et qu&rsquo;il dispose de fonds suffisants pour couvrir tous les co\u00fbts r\u00e9sultant de l&rsquo;achat de produits par l&rsquo;interm\u00e9diaire de G8 Climbing Dams.<\/p>\n<p>En cliquant sur le bouton \u00ab\u00a0Payer\u00a0\u00bb lors du processus d&rsquo;achat, le membre d\u00e9clare accepter pleinement et sans r\u00e9serve l&rsquo;int\u00e9gralit\u00e9 des pr\u00e9sentes conditions g\u00e9n\u00e9rales de vente.<\/p>\n<p>Les donn\u00e9es enregistr\u00e9es par Barrages d&rsquo;Escalade G8 constituent la preuve des transactions pass\u00e9es entre Barrages d&rsquo;Escalade G8 et les membres de sa Communaut\u00e9 Priv\u00e9e. G8 Climbing Dams confirmera votre commande en vous envoyant un e-mail.<\/p>\n<p>Les informations contractuelles sont pr\u00e9sent\u00e9es en langue anglaise et feront l&rsquo;objet d&rsquo;une confirmation au plus tard au moment de la livraison.<\/p>\n<p>Les prix de nos produits s&rsquo;entendent toutes taxes comprises, mais ne comprennent pas les frais de transport.<\/p>\n<p>Presas de escalada G8 se r\u00e9serve le droit de modifier ses prix \u00e0 tout moment, mais les produits seront factur\u00e9s sur la base des tarifs en vigueur au moment de l&rsquo;enregistrement de la commande (sous r\u00e9serve de disponibilit\u00e9 du produit), sauf erreur typographique manifeste.<\/p>\n<p>Les marchandises restent la propri\u00e9t\u00e9 du fournisseur jusqu&rsquo;au paiement int\u00e9gral du prix.<\/p>\n<p>G8 Climbing Dams se r\u00e9serve le droit de refuser toute commande d&rsquo;un membre avec lequel il existerait un litige.<\/p>\n<h4 class=\"wp-block-heading\">Disponibilit\u00e9<\/h4>\n<p>G8 Climbing Dams fera de son mieux pour satisfaire tous ses clients en ce qui concerne la demande de produits.<\/p>\n<p>En cas d&rsquo;indisponibilit\u00e9 du produit apr\u00e8s passation de la commande, le client sera inform\u00e9 par e-mail de l&rsquo;annulation de sa commande.<\/p>\n<p>En raison de cette demande, la rapidit\u00e9 du remboursement sur le compte bancaire du client d\u00e9pendra du type de carte bancaire et des conditions de chaque banque. Ces d\u00e9lais sont \u00e0 nouveau pr\u00e9cis\u00e9s dans la clause \u00ab\u00a0Livraison\u00a0\u00bb.<\/p>\n<h4 class=\"wp-block-heading\">S\u00e9curit\u00e9<\/h4>\n<p>Pour votre s\u00e9curit\u00e9, Presas de escalada G8 a confi\u00e9 le syst\u00e8me de paiement par carte de cr\u00e9dit \u00e0 une passerelle de paiement.<\/p>\n<p>Les coordonn\u00e9es bancaires saisies sont crypt\u00e9es et transmises en toute s\u00e9curit\u00e9 aux serveurs de la banque, puis v\u00e9rifi\u00e9es aupr\u00e8s de la banque \u00e9mettrice afin d&rsquo;\u00e9viter les fraudes et les abus.<\/p>\n<p>Cette proc\u00e9dure de saisie est garantie par la technologie de cryptage SSL (Secure Socket Layer) \u00e0 128 bits, l&rsquo;un des syst\u00e8mes de protection les plus avanc\u00e9s et les plus efficaces actuellement disponibles, ce qui signifie qu&rsquo;aucun tiers n&rsquo;aura acc\u00e8s via Internet \u00e0 ces informations relatives aux donn\u00e9es bancaires saisies par le client.<\/p>\n<p>Seule la Banque et PayPal ont acc\u00e8s aux coordonn\u00e9es bancaires li\u00e9es \u00e0 ces moyens de paiement, de sorte que Presas de escalada G8 ne conna\u00eet ni n&rsquo;enregistre ces coordonn\u00e9es lors de la transaction de paiement.<\/p>\n<h4 class=\"wp-block-heading\">Retour<\/h4>\n<p>Tous les produits vendus peuvent \u00eatre retourn\u00e9s dans un d\u00e9lai de 10 jours \u00e0 compter de la date de livraison, conform\u00e9ment aux dispositions de la loi espagnole sur le commerce de d\u00e9tail.<\/p>\n<p>Au pr\u00e9alable, le client doit indiquer son intention par e-mail. Presas de escalada G8 r\u00e9pondra par le biais d&rsquo;un autre email pr\u00e9cisant les instructions pr\u00e9cises pour le retour du produit.<\/p>\n<p>Les frais de retour sont \u00e0 la charge du client.<\/p>\n<p>Le remboursement sur le compte du client \u00e0 la suite de ce retour sera effectu\u00e9 dans les 7 jours suivant la r\u00e9ception des marchandises.<\/p>\n<p>Le retour n&rsquo;est en aucun cas possible si les produits fournis ont manifestement \u00e9t\u00e9 utilis\u00e9s.<\/p>\n<p>Les produits doivent imp\u00e9rativement \u00eatre retourn\u00e9s correctement prot\u00e9g\u00e9s, dans leur emballage d&rsquo;origine, en parfait \u00e9tat (non endommag\u00e9s ou salis par le client) avec tous les accessoires, notices et documentations. Ils seront envoy\u00e9s au lieu indiqu\u00e9 par Presas de escalada G8 dans les instructions pr\u00e9cises pour le retour du produit envoy\u00e9es par e-mail.<\/p>\n<p>Dans le cas o\u00f9 le retour n&rsquo;est pas accept\u00e9 par le fournisseur au motif que le produit \u00e0 retourner a \u00e9t\u00e9 utilis\u00e9, ces produits resteront dans l&rsquo;entrep\u00f4t de distribution pour \u00eatre r\u00e9cup\u00e9r\u00e9s par le client pendant une p\u00e9riode n&rsquo;exc\u00e9dant pas trente jours \u00e0 compter de leur retour.<\/p>\n<p>Les colis qui ne contiennent pas d&rsquo;annexes permettant d&rsquo;identifier l&rsquo;exp\u00e9diteur (num\u00e9ro de commande, nom, adresse, etc.) ne peuvent pas \u00eatre renvoy\u00e9s.<\/p>\n<p>Les frais et les risques li\u00e9s au retour du produit sont \u00e0 la charge de l&rsquo;exp\u00e9diteur, qui doit les envoyer en toute s\u00e9curit\u00e9 et avec les garanties n\u00e9cessaires pour que la marchandise retourn\u00e9e arrive en parfait \u00e9tat.<\/p>\n<p>Par l&rsquo;interm\u00e9diaire de Presas de escalada G8, vous pouvez retourner les produits achet\u00e9s pour le montant de ceux-ci. A r\u00e9ception du ou des produits retourn\u00e9s, les Prises d&rsquo;escalade G8 v\u00e9rifieront leur bon \u00e9tat et proc\u00e9deront au remboursement du montant pay\u00e9 moins les frais d&rsquo;envoi (9,5 \u20ac TTC), quel que soit le montant du produit retourn\u00e9.<\/p>\n<p>Toute personne qui renvoie son produit recevra un courrier \u00e9lectronique l&rsquo;informant du montant de son remboursement.<\/p>\n<h4 class=\"wp-block-heading\">Garantie<\/h4>\n<p>Toutes nos prises d&rsquo;escalade sont garanties contre la casse, lors du transport ou de l&rsquo;utilisation. Les prises d&rsquo;escalade G8 remplaceront imm\u00e9diatement la prise en question. La garantie est de 10 jours pour le transport et de 1 an \u00e0 compter de la date de r\u00e9ception pour la casse due \u00e0 l&rsquo;usure.<\/p>\n<h4 class=\"wp-block-heading\">Modification des conditions g\u00e9n\u00e9rales de vente<\/h4>\n<p>Presas de escalada G8 se r\u00e9serve le droit de modifier les conditions g\u00e9n\u00e9rales de vente sans pr\u00e9avis, pouvant changer, supprimer ou ajouter aussi bien les contenus et les services fournis \u00e0 travers elle que la fa\u00e7on dont ils sont pr\u00e9sent\u00e9s ou situ\u00e9s sur ses serveurs.<\/p>\n<p>Ces modifications doivent \u00eatre accept\u00e9es par l&rsquo;utilisateur chaque fois qu&rsquo;il effectue un achat sur le site web de Presas de escalada G8.<\/p>\n<p>Les membres de la \u00ab\u00a0Communaut\u00e9 priv\u00e9e des Barrages d&rsquo;Escalade G8\u00a0\u00bb qui ne sont pas d&rsquo;accord avec les modifications des conditions g\u00e9n\u00e9rales doivent le notifier et, \u00e0 partir de la date d&rsquo;entr\u00e9e en vigueur de la nouvelle version, cesser d&rsquo;utiliser les services des Barrages d&rsquo;Escalade G8. Si l&rsquo;un des termes des conditions g\u00e9n\u00e9rales est ill\u00e9gal ou inapplicable, il sera nul et non avenu et les termes convenus par les parties seront appliqu\u00e9s, \u00e0 d\u00e9faut de quoi le Code civil espagnol sera appliqu\u00e9.<\/p>\n","protected":false},"excerpt":{"rendered":"<p>Commande et prix Les clients ont la possibilit\u00e9 de passer  [&#8230;]<\/p>\n","protected":false},"author":1,"featured_media":0,"parent":0,"menu_order":0,"comment_status":"closed","ping_status":"closed","template":"","meta":{"_joinchat":[],"footnotes":""},"class_list":["post-4418","page","type-page","status-publish","hentry"],"yoast_head":"<!-- This site is optimized with the Yoast SEO plugin v27.5 - https:\/\/yoast.com\/product\/yoast-seo-wordpress\/ -->\n<title>Politique de retour - Presas G8 - Presas de escalada para roc\u00f3dromo<\/title>\n<meta name=\"robots\" content=\"noindex, follow\" \/>\n<meta property=\"og:locale\" content=\"fr_FR\" \/>\n<meta property=\"og:type\" content=\"article\" \/>\n<meta property=\"og:title\" content=\"Politique de retour - Presas G8 - Presas de escalada para roc\u00f3dromo\" \/>\n<meta property=\"og:description\" content=\"Commande et prix Les clients ont la possibilit\u00e9 de passer [...]\" \/>\n<meta property=\"og:url\" content=\"https:\/\/www.presasg8.es\/fr\/politique-de-retour\/\" \/>\n<meta property=\"og:site_name\" content=\"Presas G8 - Presas de escalada para roc\u00f3dromo\" \/>\n<meta property=\"article:publisher\" content=\"https:\/\/www.facebook.com\/presasescaladag8\/\" \/>\n<meta property=\"article:modified_time\" content=\"2026-03-22T08:42:52+00:00\" \/>\n<meta name=\"twitter:card\" content=\"summary_large_image\" \/>\n<meta name=\"twitter:label1\" content=\"Dur\u00e9e de lecture estim\u00e9e\" \/>\n\t<meta name=\"twitter:data1\" content=\"5 minutes\" \/>\n<script type=\"application\/ld+json\" class=\"yoast-schema-graph\">{\"@context\":\"https:\\\/\\\/schema.org\",\"@graph\":[{\"@type\":\"WebPage\",\"@id\":\"https:\\\/\\\/www.presasg8.es\\\/fr\\\/politique-de-retour\\\/\",\"url\":\"https:\\\/\\\/www.presasg8.es\\\/fr\\\/politique-de-retour\\\/\",\"name\":\"Politique de retour - Presas G8 - Presas de escalada para roc\u00f3dromo\",\"isPartOf\":{\"@id\":\"https:\\\/\\\/www.presasg8.es\\\/fr\\\/#website\"},\"datePublished\":\"2024-02-13T10:10:35+00:00\",\"dateModified\":\"2026-03-22T08:42:52+00:00\",\"breadcrumb\":{\"@id\":\"https:\\\/\\\/www.presasg8.es\\\/fr\\\/politique-de-retour\\\/#breadcrumb\"},\"inLanguage\":\"fr-FR\",\"potentialAction\":[{\"@type\":\"ReadAction\",\"target\":[\"https:\\\/\\\/www.presasg8.es\\\/fr\\\/politique-de-retour\\\/\"]}]},{\"@type\":\"BreadcrumbList\",\"@id\":\"https:\\\/\\\/www.presasg8.es\\\/fr\\\/politique-de-retour\\\/#breadcrumb\",\"itemListElement\":[{\"@type\":\"ListItem\",\"position\":1,\"name\":\"Portada\",\"item\":\"https:\\\/\\\/www.presasg8.es\\\/fr\\\/\"},{\"@type\":\"ListItem\",\"position\":2,\"name\":\"Politique de retour\"}]},{\"@type\":\"WebSite\",\"@id\":\"https:\\\/\\\/www.presasg8.es\\\/fr\\\/#website\",\"url\":\"https:\\\/\\\/www.presasg8.es\\\/fr\\\/\",\"name\":\"Presas de escalada G8\",\"description\":\"Tienda online de Presas de escalada para roc\u00f3dromo\",\"publisher\":{\"@id\":\"https:\\\/\\\/www.presasg8.es\\\/fr\\\/#organization\"},\"alternateName\":\"Presas de escalada para roc\u00f3dromo\",\"potentialAction\":[{\"@type\":\"SearchAction\",\"target\":{\"@type\":\"EntryPoint\",\"urlTemplate\":\"https:\\\/\\\/www.presasg8.es\\\/fr\\\/?s={search_term_string}\"},\"query-input\":{\"@type\":\"PropertyValueSpecification\",\"valueRequired\":true,\"valueName\":\"search_term_string\"}}],\"inLanguage\":\"fr-FR\"},{\"@type\":\"Organization\",\"@id\":\"https:\\\/\\\/www.presasg8.es\\\/fr\\\/#organization\",\"name\":\"Presas de escalada G8\",\"alternateName\":\"Presas de escalada para roc\u00f3dromo G8\",\"url\":\"https:\\\/\\\/www.presasg8.es\\\/fr\\\/\",\"logo\":{\"@type\":\"ImageObject\",\"inLanguage\":\"fr-FR\",\"@id\":\"https:\\\/\\\/www.presasg8.es\\\/fr\\\/#\\\/schema\\\/logo\\\/image\\\/\",\"url\":\"https:\\\/\\\/www.presasg8.es\\\/wp-content\\\/uploads\\\/2023\\\/09\\\/logo-presas-g8.jpeg\",\"contentUrl\":\"https:\\\/\\\/www.presasg8.es\\\/wp-content\\\/uploads\\\/2023\\\/09\\\/logo-presas-g8.jpeg\",\"width\":400,\"height\":486,\"caption\":\"Presas de escalada G8\"},\"image\":{\"@id\":\"https:\\\/\\\/www.presasg8.es\\\/fr\\\/#\\\/schema\\\/logo\\\/image\\\/\"},\"sameAs\":[\"https:\\\/\\\/www.facebook.com\\\/presasescaladag8\\\/\",\"https:\\\/\\\/www.instagram.com\\\/presasg8\\\/\"]}]}<\/script>\n<!-- \/ Yoast SEO plugin. -->","yoast_head_json":{"title":"Politique de retour - Presas G8 - Presas de escalada para roc\u00f3dromo","robots":{"index":"noindex","follow":"follow"},"og_locale":"fr_FR","og_type":"article","og_title":"Politique de retour - Presas G8 - Presas de escalada para roc\u00f3dromo","og_description":"Commande et prix Les clients ont la possibilit\u00e9 de passer [...]","og_url":"https:\/\/www.presasg8.es\/fr\/politique-de-retour\/","og_site_name":"Presas G8 - Presas de escalada para roc\u00f3dromo","article_publisher":"https:\/\/www.facebook.com\/presasescaladag8\/","article_modified_time":"2026-03-22T08:42:52+00:00","twitter_card":"summary_large_image","twitter_misc":{"Dur\u00e9e de lecture estim\u00e9e":"5 minutes"},"schema":{"@context":"https:\/\/schema.org","@graph":[{"@type":"WebPage","@id":"https:\/\/www.presasg8.es\/fr\/politique-de-retour\/","url":"https:\/\/www.presasg8.es\/fr\/politique-de-retour\/","name":"Politique de retour - Presas G8 - Presas de escalada para roc\u00f3dromo","isPartOf":{"@id":"https:\/\/www.presasg8.es\/fr\/#website"},"datePublished":"2024-02-13T10:10:35+00:00","dateModified":"2026-03-22T08:42:52+00:00","breadcrumb":{"@id":"https:\/\/www.presasg8.es\/fr\/politique-de-retour\/#breadcrumb"},"inLanguage":"fr-FR","potentialAction":[{"@type":"ReadAction","target":["https:\/\/www.presasg8.es\/fr\/politique-de-retour\/"]}]},{"@type":"BreadcrumbList","@id":"https:\/\/www.presasg8.es\/fr\/politique-de-retour\/#breadcrumb","itemListElement":[{"@type":"ListItem","position":1,"name":"Portada","item":"https:\/\/www.presasg8.es\/fr\/"},{"@type":"ListItem","position":2,"name":"Politique de retour"}]},{"@type":"WebSite","@id":"https:\/\/www.presasg8.es\/fr\/#website","url":"https:\/\/www.presasg8.es\/fr\/","name":"Presas de escalada G8","description":"Tienda online de Presas de escalada para roc\u00f3dromo","publisher":{"@id":"https:\/\/www.presasg8.es\/fr\/#organization"},"alternateName":"Presas de escalada para roc\u00f3dromo","potentialAction":[{"@type":"SearchAction","target":{"@type":"EntryPoint","urlTemplate":"https:\/\/www.presasg8.es\/fr\/?s={search_term_string}"},"query-input":{"@type":"PropertyValueSpecification","valueRequired":true,"valueName":"search_term_string"}}],"inLanguage":"fr-FR"},{"@type":"Organization","@id":"https:\/\/www.presasg8.es\/fr\/#organization","name":"Presas de escalada G8","alternateName":"Presas de escalada para roc\u00f3dromo G8","url":"https:\/\/www.presasg8.es\/fr\/","logo":{"@type":"ImageObject","inLanguage":"fr-FR","@id":"https:\/\/www.presasg8.es\/fr\/#\/schema\/logo\/image\/","url":"https:\/\/www.presasg8.es\/wp-content\/uploads\/2023\/09\/logo-presas-g8.jpeg","contentUrl":"https:\/\/www.presasg8.es\/wp-content\/uploads\/2023\/09\/logo-presas-g8.jpeg","width":400,"height":486,"caption":"Presas de escalada G8"},"image":{"@id":"https:\/\/www.presasg8.es\/fr\/#\/schema\/logo\/image\/"},"sameAs":["https:\/\/www.facebook.com\/presasescaladag8\/","https:\/\/www.instagram.com\/presasg8\/"]}]}},"_links":{"self":[{"href":"https:\/\/www.presasg8.es\/fr\/wp-json\/wp\/v2\/pages\/4418","targetHints":{"allow":["GET"]}}],"collection":[{"href":"https:\/\/www.presasg8.es\/fr\/wp-json\/wp\/v2\/pages"}],"about":[{"href":"https:\/\/www.presasg8.es\/fr\/wp-json\/wp\/v2\/types\/page"}],"author":[{"embeddable":true,"href":"https:\/\/www.presasg8.es\/fr\/wp-json\/wp\/v2\/users\/1"}],"replies":[{"embeddable":true,"href":"https:\/\/www.presasg8.es\/fr\/wp-json\/wp\/v2\/comments?post=4418"}],"version-history":[{"count":0,"href":"https:\/\/www.presasg8.es\/fr\/wp-json\/wp\/v2\/pages\/4418\/revisions"}],"wp:attachment":[{"href":"https:\/\/www.presasg8.es\/fr\/wp-json\/wp\/v2\/media?parent=4418"}],"curies":[{"name":"wp","href":"https:\/\/api.w.org\/{rel}","templated":true}]}}