{"id":1732,"date":"2024-02-08T17:59:08","date_gmt":"2024-02-08T16:59:08","guid":{"rendered":"https:\/\/www.presasg8.es\/?page_id=1732"},"modified":"2024-02-13T13:27:08","modified_gmt":"2024-02-13T12:27:08","slug":"faqs","status":"publish","type":"page","link":"https:\/\/www.presasg8.es\/fr\/faqs\/","title":{"rendered":"FAQs"},"content":{"rendered":"<div class=\"fusion-fullwidth fullwidth-box fusion-builder-row-1 fusion-flex-container has-pattern-background has-mask-background nonhundred-percent-fullwidth non-hundred-percent-height-scrolling\" style=\"--awb-border-radius-top-left:0px;--awb-border-radius-top-right:0px;--awb-border-radius-bottom-right:0px;--awb-border-radius-bottom-left:0px;--awb-flex-wrap:wrap;\" ><div class=\"fusion-builder-row fusion-row fusion-flex-align-items-flex-start fusion-flex-content-wrap\" style=\"max-width:1435.2px;margin-left: calc(-4% \/ 2 );margin-right: calc(-4% \/ 2 );\"><div class=\"fusion-layout-column fusion_builder_column fusion-builder-column-0 fusion_builder_column_3_4 3_4 fusion-flex-column\" style=\"--awb-bg-size:cover;--awb-width-large:75%;--awb-margin-top-large:0px;--awb-spacing-right-large:2.56%;--awb-margin-bottom-large:20px;--awb-spacing-left-large:2.56%;--awb-width-medium:75%;--awb-order-medium:0;--awb-spacing-right-medium:2.56%;--awb-spacing-left-medium:2.56%;--awb-width-small:100%;--awb-order-small:0;--awb-spacing-right-small:1.92%;--awb-spacing-left-small:1.92%;\"><div class=\"fusion-column-wrapper fusion-column-has-shadow fusion-flex-justify-content-flex-start fusion-content-layout-column\"><div class=\"fusion-title title fusion-title-1 fusion-sep-none fusion-title-text fusion-title-size-three\" style=\"--awb-margin-top-small:10px;--awb-margin-right-small:0px;--awb-margin-bottom-small:10px;--awb-margin-left-small:0px;\"><h3 class=\"fusion-title-heading title-heading-left fusion-responsive-typography-calculated\" style=\"margin:0;--fontSize:24;line-height:1.25;\">Vous trouverez ici les r\u00e9ponses aux questions les plus courantes que l\u2019on peut se poser lors de l\u2019achat de prises d\u2019escalade, de leur installation, de leur distribution, de leur entretien, de la construction de notre mur d\u2019escalade\u2026<\/h3><\/div><div class=\"accordian fusion-accordian\" style=\"--awb-border-size:1px;--awb-icon-size:16px;--awb-content-font-size:var(--awb-typography4-font-size);--awb-icon-alignment:left;--awb-hover-color:var(--awb-color2);--awb-border-color:var(--awb-color3);--awb-background-color:var(--awb-color1);--awb-divider-color:var(--awb-color3);--awb-divider-hover-color:var(--awb-color3);--awb-icon-color:var(--awb-color1);--awb-title-color:var(--awb-color8);--awb-content-color:var(--awb-color8);--awb-icon-box-color:var(--awb-color8);--awb-toggle-hover-accent-color:var(--awb-color5);--awb-title-font-family:var(--awb-typography1-font-family);--awb-title-font-weight:var(--awb-typography1-font-weight);--awb-title-font-style:var(--awb-typography1-font-style);--awb-title-font-size:16px;--awb-title-letter-spacing:var(--awb-typography1-letter-spacing);--awb-title-line-height:48px;--awb-content-font-family:var(--awb-typography4-font-family);--awb-content-font-weight:var(--awb-typography4-font-weight);--awb-content-font-style:var(--awb-typography4-font-style);\"><div class=\"panel-group fusion-toggle-icon-boxed\" id=\"accordion-1732-1\"><div class=\"fusion-panel panel-default panel-42a9235e456ad0cd8 fusion-toggle-has-divider\" style=\"--awb-title-color:var(--awb-color8);--awb-content-color:var(--awb-color8);\"><div class=\"panel-heading\"><h4 class=\"panel-title toggle\" id=\"toggle_42a9235e456ad0cd8\"><a aria-expanded=\"false\" aria-controls=\"42a9235e456ad0cd8\" role=\"button\" data-toggle=\"collapse\" data-parent=\"#accordion-1732-1\" data-target=\"#42a9235e456ad0cd8\" href=\"#42a9235e456ad0cd8\"><span class=\"fusion-toggle-icon-wrapper\" aria-hidden=\"true\"><i class=\"fa-fusion-box active-icon awb-icon-minus\" aria-hidden=\"true\"><\/i><i class=\"fa-fusion-box inactive-icon awb-icon-plus\" aria-hidden=\"true\"><\/i><\/span><span class=\"fusion-toggle-heading\">COMMENT INSTALLER DES PRISES D'ESCALADE ?<\/span><\/a><\/h4><\/div><div id=\"42a9235e456ad0cd8\" class=\"panel-collapse collapse \" aria-labelledby=\"toggle_42a9235e456ad0cd8\"><div class=\"panel-body toggle-content fusion-clearfix\">\n<p>Les prises d&rsquo;escalade, selon qu&rsquo;elles sont destin\u00e9es \u00e0 \u00eatre pos\u00e9es sur du bois, de la brique ou du b\u00e9ton, disposeront d&rsquo;une quincaillerie sp\u00e9cifique pour leur bonne installation.<\/p>\n<p>Les barrages que nous fabriquons ont un trou principal de m\u00e9trique 10 et un trou secondaire de m\u00e9trique 4 dont l&rsquo;utilisation est facultative (si le barrage une fois install\u00e9 on voit qu&rsquo;il tourne parce qu&rsquo;il a beaucoup de corps ou parce qu&rsquo;on met beaucoup de pression dessus, il faut fixer le barrage grimpant \u00e9galement avec ce trou secondaire).<\/p>\n<p>Pour placer les prises pour murs d&rsquo;escalade sur bois, l&rsquo;id\u00e9al serait d&rsquo;utiliser des \u00e9crous araign\u00e9es \u00e0 mortaise m\u00e9triques 10 (m\u00e9trique 8 en option), qui sont les plus recommand\u00e9s car ils respectent la m\u00eame m\u00e9trique que le barrage, ou des \u00e9crous \u00e0 mortaises m\u00e9triques 10 pour le vissage. .<\/p>\n<p>Les \u00e9crous araign\u00e9es sont install\u00e9s sur un panneau de bois d&rsquo;\u00e9paisseurs comprises entre 1,6 cm et 3 cm, pr\u00e9alablement perc\u00e9s avec un foret de la m\u00eame taille que l&rsquo;\u00e9crou. Si le bois sur lequel nous installerons les prises d&rsquo;escalade est du bois tendre, des panneaux de particules ou de mauvaise qualit\u00e9, il est pr\u00e9f\u00e9rable d&rsquo;utiliser des \u00e9crous \u00e0 mortaise pour le vissage.<\/p>\n<p>Une fois les araign\u00e9es en place, l&rsquo;\u00e9tape suivante consiste \u00e0 installer les barrages \u00e0 l&rsquo;aide d&rsquo;une vis Allen de la m\u00eame taille que les \u00e9crous araign\u00e9es et d&rsquo;un tire-fond pour le trou secondaire.<\/p>\n<p>Nous serrerons les vis des barrages avec une cl\u00e9 Allen jusqu&rsquo;\u00e0 ce que nous voyions qu&rsquo;elle est fermement fix\u00e9e sans forcer le corps du barrage, car avec un serrage excessif, il peut se casser.<\/p>\n<\/div><\/div><\/div><div class=\"fusion-panel panel-default panel-179dbf62ca5aafd8f fusion-toggle-has-divider\" style=\"--awb-title-color:var(--awb-color8);--awb-content-color:var(--awb-color8);\"><div class=\"panel-heading\"><h4 class=\"panel-title toggle\" id=\"toggle_179dbf62ca5aafd8f\"><a aria-expanded=\"false\" aria-controls=\"179dbf62ca5aafd8f\" role=\"button\" data-toggle=\"collapse\" data-parent=\"#accordion-1732-1\" data-target=\"#179dbf62ca5aafd8f\" href=\"#179dbf62ca5aafd8f\"><span class=\"fusion-toggle-icon-wrapper\" aria-hidden=\"true\"><i class=\"fa-fusion-box active-icon awb-icon-minus\" aria-hidden=\"true\"><\/i><i class=\"fa-fusion-box inactive-icon awb-icon-plus\" aria-hidden=\"true\"><\/i><\/span><span class=\"fusion-toggle-heading\">UN SYST\u00c8ME DE S\u00c9CURIT\u00c9 EST-IL N\u00c9CESSAIRE ?<\/span><\/a><\/h4><\/div><div id=\"179dbf62ca5aafd8f\" class=\"panel-collapse collapse \" aria-labelledby=\"toggle_179dbf62ca5aafd8f\"><div class=\"panel-body toggle-content fusion-clearfix\">\n<p>Une question que de nombreux clients nous posent est de savoir si un syst\u00e8me de s\u00e9curit\u00e9 est n\u00e9cessaire dans la salle d&rsquo;escalade qu&rsquo;ils vont installer.<\/p>\n<p>Normalement, les murs d\u2019escalade \u00e0 usage domestique ont tendance \u00e0 \u00eatre r\u00e9alis\u00e9s en longueur plut\u00f4t qu\u2019en hauteur. R\u00e9aliser une mont\u00e9e traversante avec quelques zigzags de haut en bas. Nous pouvons poser des tapis, des matelas ou des dalles de caoutchouc au sol pour plus de s\u00e9curit\u00e9.<\/p>\n<p>Pour les murs d&rsquo;escalade dans lesquels les prises d&rsquo;escalade d\u00e9passent une hauteur de 2,5 m\u00e8tres, il est conseill\u00e9 d&rsquo;installer des ancrages de s\u00e9curit\u00e9 pour grimper avec une corde, un casque et un harnais, en pla\u00e7ant une cha\u00eene ou un crochet au sommet \u00e0 la fin du parcours.<\/p>\n<\/div><\/div><\/div><div class=\"fusion-panel panel-default panel-b9cf4ede63dd2e192 fusion-toggle-has-divider\" style=\"--awb-title-color:var(--awb-color8);--awb-content-color:var(--awb-color8);\"><div class=\"panel-heading\"><h4 class=\"panel-title toggle\" id=\"toggle_b9cf4ede63dd2e192\"><a aria-expanded=\"false\" aria-controls=\"b9cf4ede63dd2e192\" role=\"button\" data-toggle=\"collapse\" data-parent=\"#accordion-1732-1\" data-target=\"#b9cf4ede63dd2e192\" href=\"#b9cf4ede63dd2e192\"><span class=\"fusion-toggle-icon-wrapper\" aria-hidden=\"true\"><i class=\"fa-fusion-box active-icon awb-icon-minus\" aria-hidden=\"true\"><\/i><i class=\"fa-fusion-box inactive-icon awb-icon-plus\" aria-hidden=\"true\"><\/i><\/span><span class=\"fusion-toggle-heading\">QUELLES PRISES D'ESCALADE CHOISIR ?<\/span><\/a><\/h4><\/div><div id=\"b9cf4ede63dd2e192\" class=\"panel-collapse collapse \" aria-labelledby=\"toggle_b9cf4ede63dd2e192\"><div class=\"panel-body toggle-content fusion-clearfix\">\n<p>Les prises que nous devrons choisir d\u00e9pendront du niveau ou des besoins du grimpeur. Pour un niveau d\u00e9butant, le mieux sera des prises d&rsquo;escalade avec une bonne accroche et de taille moyenne-grande. Nous disposons \u00e9galement de nombreuses prises individuelles sp\u00e9ciales telles que des cornes, des pots g\u00e9ants, des poign\u00e9es&#8230; ainsi que de nombreux packs de prises et difficult\u00e9s diff\u00e9rentes disponibles sur notre site.<\/p>\n<p>Pour un niveau moyen et plus avanc\u00e9 nous avons des prises plus techniques et plus petites, plus difficiles \u00e0 saisir. Quant aux prises sp\u00e9ciales, nous disposons \u00e9galement de prises de formes diff\u00e9rentes et de prises tr\u00e8s compliqu\u00e9es ou expertes.<\/p>\n<p>En fonction de l&rsquo;inclinaison du panneau ou du mur o\u00f9 l&rsquo;on souhaite installer les prises d&rsquo;escalade, certaines prises seront plus adapt\u00e9es que d&rsquo;autres. Dans notre fiche produit, les inclinaisons recommand\u00e9es sont indiqu\u00e9es dans les caract\u00e9ristiques, qui peuvent aller de 0\u00ba ( panneau compl\u00e8tement vertical) \u00e0 90\u00ba (plafond).<\/p>\n<p>Une autre pr\u00e9misse dont nous devons tenir compte est de savoir si nous avons besoin de poign\u00e9es ou de pieds. Nous avons 2 tailles de cales, la normale (S) et la mini (XS).<\/p>\n<\/div><\/div><\/div><\/div><\/div><\/div><\/div><div class=\"fusion-layout-column fusion_builder_column fusion-builder-column-1 fusion_builder_column_1_4 1_4 fusion-flex-column\" style=\"--awb-bg-size:cover;--awb-width-large:25%;--awb-margin-top-large:0px;--awb-spacing-right-large:7.68%;--awb-margin-bottom-large:20px;--awb-spacing-left-large:7.68%;--awb-width-medium:25%;--awb-order-medium:0;--awb-spacing-right-medium:7.68%;--awb-spacing-left-medium:7.68%;--awb-width-small:100%;--awb-order-small:0;--awb-spacing-right-small:1.92%;--awb-spacing-left-small:1.92%;\"><div class=\"fusion-column-wrapper fusion-column-has-shadow fusion-flex-justify-content-flex-start fusion-content-layout-column\"><div class=\"fusion-image-element \" style=\"--awb-caption-title-font-family:var(--h2_typography-font-family);--awb-caption-title-font-weight:var(--h2_typography-font-weight);--awb-caption-title-font-style:var(--h2_typography-font-style);--awb-caption-title-size:var(--h2_typography-font-size);--awb-caption-title-transform:var(--h2_typography-text-transform);--awb-caption-title-line-height:var(--h2_typography-line-height);--awb-caption-title-letter-spacing:var(--h2_typography-letter-spacing);\"><span class=\" fusion-imageframe imageframe-none imageframe-1 hover-type-none\"><img decoding=\"async\" width=\"600\" height=\"899\" alt=\"preguntas frecuentes sobre escalada\" title=\"preguntas-escalada\" src=\"https:\/\/www.presasg8.es\/wp-content\/uploads\/2024\/02\/preguntas-escalada.webp\" data-orig-src=\"https:\/\/www.presasg8.es\/wp-content\/uploads\/2024\/02\/preguntas-escalada.webp\" class=\"lazyload img-responsive wp-image-1736\" srcset=\"data:image\/svg+xml,%3Csvg%20xmlns%3D%27http%3A%2F%2Fwww.w3.org%2F2000%2Fsvg%27%20width%3D%27600%27%20height%3D%27899%27%20viewBox%3D%270%200%20600%20899%27%3E%3Crect%20width%3D%27600%27%20height%3D%27899%27%20fill-opacity%3D%220%22%2F%3E%3C%2Fsvg%3E\" data-srcset=\"https:\/\/www.presasg8.es\/wp-content\/uploads\/2024\/02\/preguntas-escalada-200x300.webp 200w, https:\/\/www.presasg8.es\/wp-content\/uploads\/2024\/02\/preguntas-escalada-400x599.webp 400w, https:\/\/www.presasg8.es\/wp-content\/uploads\/2024\/02\/preguntas-escalada.webp 600w\" data-sizes=\"auto\" data-orig-sizes=\"(max-width: 640px) 100vw, 400px\" \/><\/span><\/div><\/div><\/div><\/div><\/div>\n","protected":false},"excerpt":{"rendered":"","protected":false},"author":1,"featured_media":0,"parent":0,"menu_order":0,"comment_status":"closed","ping_status":"closed","template":"100-width.php","meta":{"_joinchat":[],"footnotes":""},"class_list":["post-1732","page","type-page","status-publish","hentry"],"yoast_head":"<!-- This site is optimized with the Yoast SEO plugin v27.5 - https:\/\/yoast.com\/product\/yoast-seo-wordpress\/ -->\n<title>FAQs - Presas G8 - Presas de escalada para roc\u00f3dromo<\/title>\n<meta name=\"robots\" content=\"index, follow, max-snippet:-1, max-image-preview:large, max-video-preview:-1\" \/>\n<link rel=\"canonical\" href=\"https:\/\/www.presasg8.es\/fr\/faqs\/\" \/>\n<meta property=\"og:locale\" content=\"fr_FR\" \/>\n<meta property=\"og:type\" content=\"article\" \/>\n<meta property=\"og:title\" content=\"FAQs - Presas G8 - Presas de escalada para roc\u00f3dromo\" \/>\n<meta property=\"og:url\" content=\"https:\/\/www.presasg8.es\/fr\/faqs\/\" \/>\n<meta property=\"og:site_name\" content=\"Presas G8 - Presas de escalada para roc\u00f3dromo\" \/>\n<meta property=\"article:publisher\" content=\"https:\/\/www.facebook.com\/presasescaladag8\/\" \/>\n<meta property=\"article:modified_time\" content=\"2024-02-13T12:27:08+00:00\" \/>\n<meta name=\"twitter:card\" content=\"summary_large_image\" \/>\n<meta name=\"twitter:label1\" content=\"Dur\u00e9e de lecture estim\u00e9e\" \/>\n\t<meta name=\"twitter:data1\" content=\"14 minutes\" \/>\n<script type=\"application\/ld+json\" class=\"yoast-schema-graph\">{\"@context\":\"https:\\\/\\\/schema.org\",\"@graph\":[{\"@type\":\"WebPage\",\"@id\":\"https:\\\/\\\/www.presasg8.es\\\/fr\\\/faqs\\\/\",\"url\":\"https:\\\/\\\/www.presasg8.es\\\/fr\\\/faqs\\\/\",\"name\":\"FAQs - Presas G8 - Presas de escalada para roc\u00f3dromo\",\"isPartOf\":{\"@id\":\"https:\\\/\\\/www.presasg8.es\\\/fr\\\/#website\"},\"datePublished\":\"2024-02-08T16:59:08+00:00\",\"dateModified\":\"2024-02-13T12:27:08+00:00\",\"breadcrumb\":{\"@id\":\"https:\\\/\\\/www.presasg8.es\\\/fr\\\/faqs\\\/#breadcrumb\"},\"inLanguage\":\"fr-FR\",\"potentialAction\":[{\"@type\":\"ReadAction\",\"target\":[\"https:\\\/\\\/www.presasg8.es\\\/fr\\\/faqs\\\/\"]}]},{\"@type\":\"BreadcrumbList\",\"@id\":\"https:\\\/\\\/www.presasg8.es\\\/fr\\\/faqs\\\/#breadcrumb\",\"itemListElement\":[{\"@type\":\"ListItem\",\"position\":1,\"name\":\"Portada\",\"item\":\"https:\\\/\\\/www.presasg8.es\\\/fr\\\/\"},{\"@type\":\"ListItem\",\"position\":2,\"name\":\"FAQs\"}]},{\"@type\":\"WebSite\",\"@id\":\"https:\\\/\\\/www.presasg8.es\\\/fr\\\/#website\",\"url\":\"https:\\\/\\\/www.presasg8.es\\\/fr\\\/\",\"name\":\"Presas de escalada G8\",\"description\":\"Tienda online de Presas de escalada para roc\u00f3dromo\",\"publisher\":{\"@id\":\"https:\\\/\\\/www.presasg8.es\\\/fr\\\/#organization\"},\"alternateName\":\"Presas de escalada para roc\u00f3dromo\",\"potentialAction\":[{\"@type\":\"SearchAction\",\"target\":{\"@type\":\"EntryPoint\",\"urlTemplate\":\"https:\\\/\\\/www.presasg8.es\\\/fr\\\/?s={search_term_string}\"},\"query-input\":{\"@type\":\"PropertyValueSpecification\",\"valueRequired\":true,\"valueName\":\"search_term_string\"}}],\"inLanguage\":\"fr-FR\"},{\"@type\":\"Organization\",\"@id\":\"https:\\\/\\\/www.presasg8.es\\\/fr\\\/#organization\",\"name\":\"Presas de escalada G8\",\"alternateName\":\"Presas de escalada para roc\u00f3dromo G8\",\"url\":\"https:\\\/\\\/www.presasg8.es\\\/fr\\\/\",\"logo\":{\"@type\":\"ImageObject\",\"inLanguage\":\"fr-FR\",\"@id\":\"https:\\\/\\\/www.presasg8.es\\\/fr\\\/#\\\/schema\\\/logo\\\/image\\\/\",\"url\":\"https:\\\/\\\/www.presasg8.es\\\/wp-content\\\/uploads\\\/2023\\\/09\\\/logo-presas-g8.jpeg\",\"contentUrl\":\"https:\\\/\\\/www.presasg8.es\\\/wp-content\\\/uploads\\\/2023\\\/09\\\/logo-presas-g8.jpeg\",\"width\":400,\"height\":486,\"caption\":\"Presas de escalada G8\"},\"image\":{\"@id\":\"https:\\\/\\\/www.presasg8.es\\\/fr\\\/#\\\/schema\\\/logo\\\/image\\\/\"},\"sameAs\":[\"https:\\\/\\\/www.facebook.com\\\/presasescaladag8\\\/\",\"https:\\\/\\\/www.instagram.com\\\/presasg8\\\/\"]}]}<\/script>\n<!-- \/ Yoast SEO plugin. -->","yoast_head_json":{"title":"FAQs - Presas G8 - Presas de escalada para roc\u00f3dromo","robots":{"index":"index","follow":"follow","max-snippet":"max-snippet:-1","max-image-preview":"max-image-preview:large","max-video-preview":"max-video-preview:-1"},"canonical":"https:\/\/www.presasg8.es\/fr\/faqs\/","og_locale":"fr_FR","og_type":"article","og_title":"FAQs - Presas G8 - Presas de escalada para roc\u00f3dromo","og_url":"https:\/\/www.presasg8.es\/fr\/faqs\/","og_site_name":"Presas G8 - Presas de escalada para roc\u00f3dromo","article_publisher":"https:\/\/www.facebook.com\/presasescaladag8\/","article_modified_time":"2024-02-13T12:27:08+00:00","twitter_card":"summary_large_image","twitter_misc":{"Dur\u00e9e de lecture estim\u00e9e":"14 minutes"},"schema":{"@context":"https:\/\/schema.org","@graph":[{"@type":"WebPage","@id":"https:\/\/www.presasg8.es\/fr\/faqs\/","url":"https:\/\/www.presasg8.es\/fr\/faqs\/","name":"FAQs - Presas G8 - Presas de escalada para roc\u00f3dromo","isPartOf":{"@id":"https:\/\/www.presasg8.es\/fr\/#website"},"datePublished":"2024-02-08T16:59:08+00:00","dateModified":"2024-02-13T12:27:08+00:00","breadcrumb":{"@id":"https:\/\/www.presasg8.es\/fr\/faqs\/#breadcrumb"},"inLanguage":"fr-FR","potentialAction":[{"@type":"ReadAction","target":["https:\/\/www.presasg8.es\/fr\/faqs\/"]}]},{"@type":"BreadcrumbList","@id":"https:\/\/www.presasg8.es\/fr\/faqs\/#breadcrumb","itemListElement":[{"@type":"ListItem","position":1,"name":"Portada","item":"https:\/\/www.presasg8.es\/fr\/"},{"@type":"ListItem","position":2,"name":"FAQs"}]},{"@type":"WebSite","@id":"https:\/\/www.presasg8.es\/fr\/#website","url":"https:\/\/www.presasg8.es\/fr\/","name":"Presas de escalada G8","description":"Tienda online de Presas de escalada para roc\u00f3dromo","publisher":{"@id":"https:\/\/www.presasg8.es\/fr\/#organization"},"alternateName":"Presas de escalada para roc\u00f3dromo","potentialAction":[{"@type":"SearchAction","target":{"@type":"EntryPoint","urlTemplate":"https:\/\/www.presasg8.es\/fr\/?s={search_term_string}"},"query-input":{"@type":"PropertyValueSpecification","valueRequired":true,"valueName":"search_term_string"}}],"inLanguage":"fr-FR"},{"@type":"Organization","@id":"https:\/\/www.presasg8.es\/fr\/#organization","name":"Presas de escalada G8","alternateName":"Presas de escalada para roc\u00f3dromo G8","url":"https:\/\/www.presasg8.es\/fr\/","logo":{"@type":"ImageObject","inLanguage":"fr-FR","@id":"https:\/\/www.presasg8.es\/fr\/#\/schema\/logo\/image\/","url":"https:\/\/www.presasg8.es\/wp-content\/uploads\/2023\/09\/logo-presas-g8.jpeg","contentUrl":"https:\/\/www.presasg8.es\/wp-content\/uploads\/2023\/09\/logo-presas-g8.jpeg","width":400,"height":486,"caption":"Presas de escalada G8"},"image":{"@id":"https:\/\/www.presasg8.es\/fr\/#\/schema\/logo\/image\/"},"sameAs":["https:\/\/www.facebook.com\/presasescaladag8\/","https:\/\/www.instagram.com\/presasg8\/"]}]}},"_links":{"self":[{"href":"https:\/\/www.presasg8.es\/fr\/wp-json\/wp\/v2\/pages\/1732","targetHints":{"allow":["GET"]}}],"collection":[{"href":"https:\/\/www.presasg8.es\/fr\/wp-json\/wp\/v2\/pages"}],"about":[{"href":"https:\/\/www.presasg8.es\/fr\/wp-json\/wp\/v2\/types\/page"}],"author":[{"embeddable":true,"href":"https:\/\/www.presasg8.es\/fr\/wp-json\/wp\/v2\/users\/1"}],"replies":[{"embeddable":true,"href":"https:\/\/www.presasg8.es\/fr\/wp-json\/wp\/v2\/comments?post=1732"}],"version-history":[{"count":0,"href":"https:\/\/www.presasg8.es\/fr\/wp-json\/wp\/v2\/pages\/1732\/revisions"}],"wp:attachment":[{"href":"https:\/\/www.presasg8.es\/fr\/wp-json\/wp\/v2\/media?parent=1732"}],"curies":[{"name":"wp","href":"https:\/\/api.w.org\/{rel}","templated":true}]}}